{"id":122203,"date":"2026-03-31T11:50:53","date_gmt":"2026-03-31T09:50:53","guid":{"rendered":"https:\/\/yasminfood.ch\/product\/feiner-weisser-bulgur-900g-khairat-afrin\/"},"modified":"2026-03-31T11:53:16","modified_gmt":"2026-03-31T09:53:16","slug":"feiner-weisser-bulgur-900g-khairat-afrin","status":"publish","type":"product","link":"https:\/\/yasminfood.ch\/de\/product\/feiner-weisser-bulgur-900g-khairat-afrin\/","title":{"rendered":"Feiner wei\u00dfer Bulgur 900g \u2013 Khairat Afrin"},"content":{"rendered":"<p><strong>Feiner wei\u00dfer Bulgur 900g \u2013 Khairat Afrin<\/strong><\/p>\n<div class=\"relative basis-auto flex-col -mb-(--composer-overlap-px) pb-(--composer-overlap-px) [--composer-overlap-px:28px] grow flex\">\n<div class=\"flex flex-col text-sm pb-25\">\n<section class=\"text-token-text-primary w-full focus:outline-none [--shadow-height:45px] has-data-writing-block:pointer-events-none has-data-writing-block:-mt-(--shadow-height) has-data-writing-block:pt-(--shadow-height) [&amp;:has([data-writing-block])&gt;*]:pointer-events-auto scroll-mt-[calc(var(--header-height)+min(200px,max(70px,20svh)))]\" dir=\"auto\" data-turn-id=\"request-WEB:591df59a-d6b5-4a38-83b5-31018fed51d2-4\" data-testid=\"conversation-turn-10\" data-scroll-anchor=\"true\" data-turn=\"assistant\">\n<div class=\"text-base my-auto mx-auto pb-10 [--thread-content-margin:var(--thread-content-margin-xs,calc(var(--spacing)*4))] @w-sm\/main:[--thread-content-margin:var(--thread-content-margin-sm,calc(var(--spacing)*6))] @w-lg\/main:[--thread-content-margin:var(--thread-content-margin-lg,calc(var(--spacing)*16))] px-(--thread-content-margin)\">\n<div class=\"[--thread-content-max-width:40rem] @w-lg\/main:[--thread-content-max-width:48rem] mx-auto max-w-(--thread-content-max-width) flex-1 group\/turn-messages focus-visible:outline-hidden relative flex w-full min-w-0 flex-col agent-turn\">\n<div class=\"flex max-w-full flex-col gap-4 grow\">\n<div class=\"min-h-8 text-message relative flex w-full flex-col items-end gap-2 text-start break-words whitespace-normal outline-none keyboard-focused:focus-ring [.text-message+&amp;]:mt-1\" dir=\"auto\" tabindex=\"0\" data-message-author-role=\"assistant\" data-message-id=\"48891d97-a4f0-4160-bfee-9c5a70938073\" data-message-model-slug=\"gpt-5-3\" data-turn-start-message=\"true\">\n<div class=\"flex w-full flex-col gap-1 empty:hidden\">\n<div class=\"markdown prose dark:prose-invert w-full wrap-break-word light markdown-new-styling\">\n<ul>\n<li data-start=\"50\" data-end=\"166\">Hochwertiges, weiches wei\u00dfes <strong data-start=\"86\" data-end=\"101\">Bulgur von der Marke Khairat Afrin<\/strong>,<\/li>\n<li data-start=\"50\" data-end=\"166\">Sie hat eine feine Maserung und Textur, die ideal f\u00fcr leichte und weiche Gerichte ist.<\/li>\n<\/ul>\n<p data-start=\"168\" data-end=\"181\"><strong data-start=\"168\" data-end=\"181\">Funktionen:<\/strong><\/p>\n<ul data-start=\"182\" data-end=\"299\">\n<li data-section-id=\"1azorra\" data-start=\"182\" data-end=\"207\">Weiche und homogene K\u00f6rner<\/li>\n<li data-section-id=\"1h3284i\" data-start=\"208\" data-end=\"242\">Reich an Ballaststoffen und N\u00e4hrstoffen<\/li>\n<li data-section-id=\"miqw3a\" data-start=\"243\" data-end=\"274\">Schnell zuzubereiten und einfach zu bedienen<\/li>\n<li data-section-id=\"hh4548\" data-start=\"275\" data-end=\"299\">Hohe Qualit\u00e4t und authentischer Geschmack<\/li>\n<\/ul>\n<p data-start=\"301\" data-end=\"396\"><strong data-start=\"301\" data-end=\"317\">Verwendungen:<\/strong><br \/>\nPerfekt f\u00fcr die Zubereitung von Tabbouleh, weichem Kibbeh, Bulgur Fattoush und leichten orientalischen Gerichten.   <\/p>\n<p data-start=\"398\" data-end=\"419\"><strong data-start=\"398\" data-end=\"408\">Gewicht:<\/strong><br \/>\n900 g<\/p>\n<p data-start=\"421\" data-end=\"475\"><strong data-start=\"421\" data-end=\"433\">Lagerung:<\/strong><br \/>\nLagern Sie an einem k\u00fchlen, trockenen Ort, fernab von Feuchtigkeit.<\/p>\n<p data-start=\"477\" data-end=\"518\" data-is-last-node=\"\" data-is-only-node=\"\">Eine ideale Wahl f\u00fcr weiche Gerichte mit einem unverwechselbaren traditionellen Geschmack.<\/p>\n<\/div>\n<\/div>\n<\/div>\n<\/div>\n<div class=\"z-0 flex min-h-[46px] justify-start\"><\/div>\n<\/div>\n<\/div>\n<\/section>\n<\/div>\n<div class=\"pointer-events-none h-px w-px absolute bottom-0\" aria-hidden=\"true\" data-edge=\"true\"><\/div>\n<\/div>\n<div id=\"thread-bottom-container\" class=\"sticky bottom-0 z-10 group\/thread-bottom-container relative isolate w-full basis-auto has-data-has-thread-error:pt-2 has-data-has-thread-error:[box-shadow:var(--sharp-edge-bottom-shadow)] md:border-transparent md:pt-0 dark:border-white\/20 md:dark:border-transparent print:hidden content-fade single-line flex flex-col\">\n<div class=\"relative mx-auto h-0\"><\/div>\n<div id=\"thread-bottom\">\n<div>\n<div class=\"text-base mx-auto [--thread-content-margin:var(--thread-content-margin-xs,calc(var(--spacing)*4))] @w-sm\/main:[--thread-content-margin:var(--thread-content-margin-sm,calc(var(--spacing)*6))] @w-lg\/main:[--thread-content-margin:var(--thread-content-margin-lg,calc(var(--spacing)*16))] px-(--thread-content-margin)\">\n<div class=\"[--thread-content-max-width:40rem] @w-lg\/main:[--thread-content-max-width:48rem] mx-auto max-w-(--thread-content-max-width) flex-1 mb-[var(--thread-component-gap,1rem)]\">\n<div class=\"flex justify-center empty:hidden\"><\/div>\n<div class=\"pointer-events-auto relative z-1 flex h-(--composer-container-height,100%) max-w-full flex-(--composer-container-flex,1) flex-col\">\n<div class=\"absolute start-0 end-0 bottom-full z-20\"><\/div>\n<form class=\"group\/composer w-full\" data-type=\"unified-composer\">\n<div class=\"hidden\"><input id=\"upload-files\" tabindex=\"-1\" multiple type=\"file\"><\/div>\n<div class=\"\">\n<div class=\"bg-token-bg-primary corner-superellipse\/1.1 cursor-text overflow-clip bg-clip-padding p-2.5 contain-inline-size motion-safe:transition-colors motion-safe:duration-200 motion-safe:ease-in-out dark:bg-[#303030] grid grid-cols-[auto_1fr_auto] [grid-template-areas:'header_header_header'_'leading_primary_trailing'_'._footer_.'] group-data-expanded\/composer:[grid-template-areas:'header_header_header'_'primary_primary_primary'_'leading_footer_trailing'] dark shadow-short-composer\" data-composer-surface=\"true\">\n<div class=\"[grid-area:leading]\"><\/div>\n<div class=\"-my-2.5 flex min-h-14 items-center overflow-x-hidden px-1.5 [grid-area:primary] group-data-expanded\/composer:mb-0 group-data-expanded\/composer:px-2.5\">\n<div class=\"wcDTda_prosemirror-parent text-token-text-primary max-h-[max(30svh,5rem)] max-h-52 min-h-[var(--deep-research-composer-extra-height,unset)] flex-1 overflow-auto [scrollbar-width:thin] default-browser vertical-scroll-fade-mask\"><textarea class=\"wcDTda_fallbackTextarea\" name=\"prompt-textarea\" autofocus=\"\" placeholder=\"Frag nach irgendetwas\" aria-label=\"\u0627\u0644\u062f\u0631\u062f\u0634\u0629 \u0645\u0639 ChatGPT\" data-virtualkeyboard=\"true\"><\/textarea><\/p>\n<div id=\"prompt-textarea\" class=\"ProseMirror\" role=\"textbox\" contenteditable=\"true\" translate=\"no\" data-virtualkeyboard=\"true\" aria-multiline=\"true\" aria-label=\"\u0627\u0644\u062f\u0631\u062f\u0634\u0629 \u0645\u0639 ChatGPT\"><\/div>\n<\/div>\n<\/div>\n<\/div>\n<\/div>\n<\/form>\n<\/div>\n<\/div>\n<\/div>\n<\/div>\n<\/div>\n<\/div>\n","protected":false},"excerpt":{"rendered":"<p><strong>Feiner wei\u00dfer Bulgur 900g \u2013 Khairat Afrin<\/strong><\/p>\n<div class=\"relative basis-auto flex-col -mb-(--composer-overlap-px) pb-(--composer-overlap-px) [--composer-overlap-px:28px] grow flex\">\n<div class=\"flex flex-col text-sm pb-25\">\n<section class=\"text-token-text-primary w-full focus:outline-none [--shadow-height:45px] has-data-writing-block:pointer-events-none has-data-writing-block:-mt-(--shadow-height) has-data-writing-block:pt-(--shadow-height) [&amp;:has([data-writing-block])&gt;*]:pointer-events-auto scroll-mt-[calc(var(--header-height)+min(200px,max(70px,20svh)))]\" dir=\"auto\" data-turn-id=\"request-WEB:591df59a-d6b5-4a38-83b5-31018fed51d2-4\" data-testid=\"conversation-turn-10\" data-scroll-anchor=\"true\" data-turn=\"assistant\">\n<div class=\"text-base my-auto mx-auto pb-10 [--thread-content-margin:var(--thread-content-margin-xs,calc(var(--spacing)*4))] @w-sm\/main:[--thread-content-margin:var(--thread-content-margin-sm,calc(var(--spacing)*6))] @w-lg\/main:[--thread-content-margin:var(--thread-content-margin-lg,calc(var(--spacing)*16))] px-(--thread-content-margin)\">\n<div class=\"[--thread-content-max-width:40rem] @w-lg\/main:[--thread-content-max-width:48rem] mx-auto max-w-(--thread-content-max-width) flex-1 group\/turn-messages focus-visible:outline-hidden relative flex w-full min-w-0 flex-col agent-turn\">\n<div class=\"flex max-w-full flex-col gap-4 grow\">\n<div class=\"min-h-8 text-message relative flex w-full flex-col items-end gap-2 text-start break-words whitespace-normal outline-none keyboard-focused:focus-ring [.text-message+&amp;]:mt-1\" dir=\"auto\" tabindex=\"0\" data-message-author-role=\"assistant\" data-message-id=\"48891d97-a4f0-4160-bfee-9c5a70938073\" data-message-model-slug=\"gpt-5-3\" data-turn-start-message=\"true\">\n<div class=\"flex w-full flex-col gap-1 empty:hidden\">\n<div class=\"markdown prose dark:prose-invert w-full wrap-break-word light markdown-new-styling\">\n<ul>\n<li data-start=\"50\" data-end=\"166\">Hochwertiges, weiches wei\u00dfes <strong data-start=\"86\" data-end=\"101\">Bulgur von der Marke Khairat Afrin<\/strong>,<\/li>\n<li data-start=\"50\" data-end=\"166\">Sie hat eine feine Maserung und Textur, die ideal f\u00fcr leichte und weiche Gerichte ist.<\/li>\n<\/ul>\n<p data-start=\"168\" data-end=\"181\">\n<\/div>\n<\/div>\n<\/div>\n<\/div>\n<\/div>\n<\/div>\n<\/section>\n<\/div>\n<\/div>\n","protected":false},"featured_media":122193,"comment_status":"open","ping_status":"closed","template":"","meta":[],"product_brand":[],"product_cat":[323,320],"product_tag":[],"class_list":{"0":"post-122203","1":"product","2":"type-product","3":"status-publish","4":"has-post-thumbnail","6":"product_cat-bulgur-de","7":"product_cat-reis-getreide","9":"first","10":"instock","11":"taxable","12":"shipping-taxable","13":"purchasable","14":"product-type-simple"},"yoast_head":"<!-- This site is optimized with the Yoast SEO Premium plugin v26.5 (Yoast SEO v27.6) - https:\/\/yoast.com\/product\/yoast-seo-premium-wordpress\/ -->\n<title>Feiner wei\u00dfer Bulgur 900g \u2013 Khairat Afrin - Yasmin Food<\/title>\n<meta name=\"description\" content=\"Hochwertiges weiches wei\u00dfes Bulgur von Khairat Afrin, gekennzeichnet durch feine K\u00f6rner und die perfekte Textur f\u00fcr leichte und weiche Gerichte.\" \/>\n<meta name=\"robots\" content=\"index, follow, max-snippet:-1, max-image-preview:large, max-video-preview:-1\" \/>\n<link rel=\"canonical\" href=\"https:\/\/yasminfood.ch\/de\/product\/feiner-weisser-bulgur-900g-khairat-afrin\/\" \/>\n<meta property=\"og:locale\" content=\"de_DE\" \/>\n<meta property=\"og:type\" content=\"article\" \/>\n<meta property=\"og:title\" content=\"Feiner wei\u00dfer Bulgur 900g \u2013 Khairat Afrin\" \/>\n<meta property=\"og:description\" content=\"Feiner wei\u00dfer Bulgur 900g \u2013 Khairat Afrin      Hochwertiges, weiches wei\u00dfes Bulgur von der Marke Khairat Afrin,  Sie hat eine feine Maserung und Textur, die ideal f\u00fcr leichte und weiche Gerichte ist.\" \/>\n<meta property=\"og:url\" content=\"https:\/\/yasminfood.ch\/de\/product\/feiner-weisser-bulgur-900g-khairat-afrin\/\" \/>\n<meta property=\"og:site_name\" content=\"Yasmin Food\" \/>\n<meta property=\"article:publisher\" content=\"https:\/\/www.facebook.com\/yasminmarkt1\" \/>\n<meta property=\"article:modified_time\" content=\"2026-03-31T09:53:16+00:00\" \/>\n<meta property=\"og:image\" content=\"https:\/\/yasminfood.ch\/wp-content\/uploads\/2026\/03\/\u0628\u0631\u063a\u0644-\u0627\u0628\u064a\u0636-\u0646\u0627\u0639\u0645-900\u063a-\u062e\u064a\u0631\u0627\u062a-\u0639\u0641\u0631\u064a\u0646.png\" \/>\n\t<meta property=\"og:image:width\" content=\"1080\" \/>\n\t<meta property=\"og:image:height\" content=\"1080\" \/>\n\t<meta property=\"og:image:type\" content=\"image\/png\" \/>\n<meta name=\"twitter:card\" content=\"summary_large_image\" \/>\n<meta name=\"twitter:label1\" content=\"Preis\" \/>\n\t<meta name=\"twitter:data1\" content=\"3.95&nbsp;&#067;&#072;&#070;\" \/>\n\t<meta name=\"twitter:label2\" content=\"Verf\u00fcgbarkeit\" \/>\n\t<meta name=\"twitter:data2\" content=\"Auf Lager\" \/>\n<script type=\"application\/ld+json\" class=\"yoast-schema-graph\">{\"@context\":\"https:\\\/\\\/schema.org\",\"@graph\":[{\"@type\":\"WebPage\",\"@id\":\"https:\\\/\\\/yasminfood.ch\\\/de\\\/product\\\/feiner-weisser-bulgur-900g-khairat-afrin\\\/\",\"url\":\"https:\\\/\\\/yasminfood.ch\\\/de\\\/product\\\/feiner-weisser-bulgur-900g-khairat-afrin\\\/\",\"name\":\"Feiner wei\u00dfer Bulgur 900g \u2013 Khairat Afrin - Yasmin Food\",\"isPartOf\":{\"@id\":\"https:\\\/\\\/yasminfood.ch\\\/de\\\/#website\"},\"primaryImageOfPage\":{\"@id\":\"https:\\\/\\\/yasminfood.ch\\\/de\\\/product\\\/feiner-weisser-bulgur-900g-khairat-afrin\\\/#primaryimage\"},\"image\":{\"@id\":\"https:\\\/\\\/yasminfood.ch\\\/de\\\/product\\\/feiner-weisser-bulgur-900g-khairat-afrin\\\/#primaryimage\"},\"thumbnailUrl\":\"https:\\\/\\\/yasminfood.ch\\\/wp-content\\\/uploads\\\/2026\\\/03\\\/\u0628\u0631\u063a\u0644-\u0627\u0628\u064a\u0636-\u0646\u0627\u0639\u0645-900\u063a-\u062e\u064a\u0631\u0627\u062a-\u0639\u0641\u0631\u064a\u0646.png\",\"datePublished\":\"2026-03-31T09:50:53+00:00\",\"dateModified\":\"2026-03-31T09:53:16+00:00\",\"description\":\"Hochwertiges weiches wei\u00dfes Bulgur von Khairat Afrin, gekennzeichnet durch feine K\u00f6rner und die perfekte Textur f\u00fcr leichte und weiche Gerichte.\",\"breadcrumb\":{\"@id\":\"https:\\\/\\\/yasminfood.ch\\\/de\\\/product\\\/feiner-weisser-bulgur-900g-khairat-afrin\\\/#breadcrumb\"},\"inLanguage\":\"de\",\"potentialAction\":[{\"@type\":\"ReadAction\",\"target\":[\"https:\\\/\\\/yasminfood.ch\\\/de\\\/product\\\/feiner-weisser-bulgur-900g-khairat-afrin\\\/\"]}]},{\"@type\":\"ImageObject\",\"inLanguage\":\"de\",\"@id\":\"https:\\\/\\\/yasminfood.ch\\\/de\\\/product\\\/feiner-weisser-bulgur-900g-khairat-afrin\\\/#primaryimage\",\"url\":\"https:\\\/\\\/yasminfood.ch\\\/wp-content\\\/uploads\\\/2026\\\/03\\\/\u0628\u0631\u063a\u0644-\u0627\u0628\u064a\u0636-\u0646\u0627\u0639\u0645-900\u063a-\u062e\u064a\u0631\u0627\u062a-\u0639\u0641\u0631\u064a\u0646.png\",\"contentUrl\":\"https:\\\/\\\/yasminfood.ch\\\/wp-content\\\/uploads\\\/2026\\\/03\\\/\u0628\u0631\u063a\u0644-\u0627\u0628\u064a\u0636-\u0646\u0627\u0639\u0645-900\u063a-\u062e\u064a\u0631\u0627\u062a-\u0639\u0641\u0631\u064a\u0646.png\",\"width\":1080,\"height\":1080,\"caption\":\"Feiner wei\u00dfer Bulgur 900g \u2013 Khairat Afrin\"},{\"@type\":\"BreadcrumbList\",\"@id\":\"https:\\\/\\\/yasminfood.ch\\\/de\\\/product\\\/feiner-weisser-bulgur-900g-khairat-afrin\\\/#breadcrumb\",\"itemListElement\":[{\"@type\":\"ListItem\",\"position\":1,\"name\":\"\u0627\u0644\u0631\u0626\u064a\u0633\u064a\u0629\",\"item\":\"https:\\\/\\\/yasminfood.ch\\\/de\\\/zuhause\\\/\"},{\"@type\":\"ListItem\",\"position\":2,\"name\":\"Shop\",\"item\":\"https:\\\/\\\/yasminfood.ch\\\/de\\\/shop\\\/\"},{\"@type\":\"ListItem\",\"position\":3,\"name\":\"Feiner wei\u00dfer Bulgur 900g \u2013 Khairat Afrin\"}]},{\"@type\":\"WebSite\",\"@id\":\"https:\\\/\\\/yasminfood.ch\\\/de\\\/#website\",\"url\":\"https:\\\/\\\/yasminfood.ch\\\/de\\\/\",\"name\":\"\u064a\u0627\u0633\u0645\u064a\u0646 \u0645\u0627\u0631\u0643\u062a\",\"description\":\"Alles, was Sie brauchen, an einem Ort\",\"publisher\":{\"@id\":\"https:\\\/\\\/yasminfood.ch\\\/de\\\/#organization\"},\"alternateName\":\"Yasmin Food\",\"potentialAction\":[{\"@type\":\"SearchAction\",\"target\":{\"@type\":\"EntryPoint\",\"urlTemplate\":\"https:\\\/\\\/yasminfood.ch\\\/de\\\/?s={search_term_string}\"},\"query-input\":{\"@type\":\"PropertyValueSpecification\",\"valueRequired\":true,\"valueName\":\"search_term_string\"}}],\"inLanguage\":\"de\"},{\"@type\":\"Organization\",\"@id\":\"https:\\\/\\\/yasminfood.ch\\\/de\\\/#organization\",\"name\":\"\u064a\u0627\u0633\u0645\u064a\u0646 \u0645\u0627\u0631\u0643\u062a\",\"alternateName\":\"Yasmin Food\",\"url\":\"https:\\\/\\\/yasminfood.ch\\\/de\\\/\",\"logo\":{\"@type\":\"ImageObject\",\"inLanguage\":\"de\",\"@id\":\"https:\\\/\\\/yasminfood.ch\\\/de\\\/#\\\/schema\\\/logo\\\/image\\\/\",\"url\":\"https:\\\/\\\/yasminfood.ch\\\/wp-content\\\/uploads\\\/2025\\\/05\\\/yasmin-food-header-logo.png\",\"contentUrl\":\"https:\\\/\\\/yasminfood.ch\\\/wp-content\\\/uploads\\\/2025\\\/05\\\/yasmin-food-header-logo.png\",\"width\":330,\"height\":120,\"caption\":\"\u064a\u0627\u0633\u0645\u064a\u0646 \u0645\u0627\u0631\u0643\u062a\"},\"image\":{\"@id\":\"https:\\\/\\\/yasminfood.ch\\\/de\\\/#\\\/schema\\\/logo\\\/image\\\/\"},\"sameAs\":[\"https:\\\/\\\/www.facebook.com\\\/yasminmarkt1\",\"https:\\\/\\\/www.tiktok.com\\\/@yasminmarkt\",\"https:\\\/\\\/www.instagram.com\\\/yasmin.markt1\\\/\",\"https:\\\/\\\/api.whatsapp.com\\\/send\\\/?phone=41799000104\"],\"publishingPrinciples\":\"https:\\\/\\\/yasminfood.ch\\\/de\\\/shop\\\/\",\"ownershipFundingInfo\":\"https:\\\/\\\/yasminfood.ch\\\/de\\\/shop\\\/\"}]}<\/script>\n<meta property=\"product:price:amount\" content=\"3.95\" \/>\n<meta property=\"product:price:currency\" content=\"CHF\" \/>\n<meta property=\"og:availability\" content=\"instock\" \/>\n<meta property=\"product:availability\" content=\"instock\" \/>\n<meta property=\"product:condition\" content=\"new\" \/>\n<!-- \/ Yoast SEO Premium plugin. -->","yoast_head_json":{"title":"Feiner wei\u00dfer Bulgur 900g \u2013 Khairat Afrin - Yasmin Food","description":"Hochwertiges weiches wei\u00dfes Bulgur von Khairat Afrin, gekennzeichnet durch feine K\u00f6rner und die perfekte Textur f\u00fcr leichte und weiche Gerichte.","robots":{"index":"index","follow":"follow","max-snippet":"max-snippet:-1","max-image-preview":"max-image-preview:large","max-video-preview":"max-video-preview:-1"},"canonical":"https:\/\/yasminfood.ch\/de\/product\/feiner-weisser-bulgur-900g-khairat-afrin\/","og_locale":"de_DE","og_type":"article","og_title":"Feiner wei\u00dfer Bulgur 900g \u2013 Khairat Afrin","og_description":"Feiner wei\u00dfer Bulgur 900g \u2013 Khairat Afrin      Hochwertiges, weiches wei\u00dfes Bulgur von der Marke Khairat Afrin,  Sie hat eine feine Maserung und Textur, die ideal f\u00fcr leichte und weiche Gerichte ist.","og_url":"https:\/\/yasminfood.ch\/de\/product\/feiner-weisser-bulgur-900g-khairat-afrin\/","og_site_name":"Yasmin Food","article_publisher":"https:\/\/www.facebook.com\/yasminmarkt1","article_modified_time":"2026-03-31T09:53:16+00:00","og_image":[{"width":1080,"height":1080,"url":"https:\/\/yasminfood.ch\/wp-content\/uploads\/2026\/03\/\u0628\u0631\u063a\u0644-\u0627\u0628\u064a\u0636-\u0646\u0627\u0639\u0645-900\u063a-\u062e\u064a\u0631\u0627\u062a-\u0639\u0641\u0631\u064a\u0646.png","type":"image\/png"}],"twitter_card":"summary_large_image","twitter_misc":{"Preis":"3.95&nbsp;&#67;&#72;&#70;","Verf\u00fcgbarkeit":"Auf Lager"},"schema":{"@context":"https:\/\/schema.org","@graph":[{"@type":"WebPage","@id":"https:\/\/yasminfood.ch\/de\/product\/feiner-weisser-bulgur-900g-khairat-afrin\/","url":"https:\/\/yasminfood.ch\/de\/product\/feiner-weisser-bulgur-900g-khairat-afrin\/","name":"Feiner wei\u00dfer Bulgur 900g \u2013 Khairat Afrin - Yasmin Food","isPartOf":{"@id":"https:\/\/yasminfood.ch\/de\/#website"},"primaryImageOfPage":{"@id":"https:\/\/yasminfood.ch\/de\/product\/feiner-weisser-bulgur-900g-khairat-afrin\/#primaryimage"},"image":{"@id":"https:\/\/yasminfood.ch\/de\/product\/feiner-weisser-bulgur-900g-khairat-afrin\/#primaryimage"},"thumbnailUrl":"https:\/\/yasminfood.ch\/wp-content\/uploads\/2026\/03\/\u0628\u0631\u063a\u0644-\u0627\u0628\u064a\u0636-\u0646\u0627\u0639\u0645-900\u063a-\u062e\u064a\u0631\u0627\u062a-\u0639\u0641\u0631\u064a\u0646.png","datePublished":"2026-03-31T09:50:53+00:00","dateModified":"2026-03-31T09:53:16+00:00","description":"Hochwertiges weiches wei\u00dfes Bulgur von Khairat Afrin, gekennzeichnet durch feine K\u00f6rner und die perfekte Textur f\u00fcr leichte und weiche Gerichte.","breadcrumb":{"@id":"https:\/\/yasminfood.ch\/de\/product\/feiner-weisser-bulgur-900g-khairat-afrin\/#breadcrumb"},"inLanguage":"de","potentialAction":[{"@type":"ReadAction","target":["https:\/\/yasminfood.ch\/de\/product\/feiner-weisser-bulgur-900g-khairat-afrin\/"]}]},{"@type":"ImageObject","inLanguage":"de","@id":"https:\/\/yasminfood.ch\/de\/product\/feiner-weisser-bulgur-900g-khairat-afrin\/#primaryimage","url":"https:\/\/yasminfood.ch\/wp-content\/uploads\/2026\/03\/\u0628\u0631\u063a\u0644-\u0627\u0628\u064a\u0636-\u0646\u0627\u0639\u0645-900\u063a-\u062e\u064a\u0631\u0627\u062a-\u0639\u0641\u0631\u064a\u0646.png","contentUrl":"https:\/\/yasminfood.ch\/wp-content\/uploads\/2026\/03\/\u0628\u0631\u063a\u0644-\u0627\u0628\u064a\u0636-\u0646\u0627\u0639\u0645-900\u063a-\u062e\u064a\u0631\u0627\u062a-\u0639\u0641\u0631\u064a\u0646.png","width":1080,"height":1080,"caption":"Feiner wei\u00dfer Bulgur 900g \u2013 Khairat Afrin"},{"@type":"BreadcrumbList","@id":"https:\/\/yasminfood.ch\/de\/product\/feiner-weisser-bulgur-900g-khairat-afrin\/#breadcrumb","itemListElement":[{"@type":"ListItem","position":1,"name":"\u0627\u0644\u0631\u0626\u064a\u0633\u064a\u0629","item":"https:\/\/yasminfood.ch\/de\/zuhause\/"},{"@type":"ListItem","position":2,"name":"Shop","item":"https:\/\/yasminfood.ch\/de\/shop\/"},{"@type":"ListItem","position":3,"name":"Feiner wei\u00dfer Bulgur 900g \u2013 Khairat Afrin"}]},{"@type":"WebSite","@id":"https:\/\/yasminfood.ch\/de\/#website","url":"https:\/\/yasminfood.ch\/de\/","name":"\u064a\u0627\u0633\u0645\u064a\u0646 \u0645\u0627\u0631\u0643\u062a","description":"Alles, was Sie brauchen, an einem Ort","publisher":{"@id":"https:\/\/yasminfood.ch\/de\/#organization"},"alternateName":"Yasmin Food","potentialAction":[{"@type":"SearchAction","target":{"@type":"EntryPoint","urlTemplate":"https:\/\/yasminfood.ch\/de\/?s={search_term_string}"},"query-input":{"@type":"PropertyValueSpecification","valueRequired":true,"valueName":"search_term_string"}}],"inLanguage":"de"},{"@type":"Organization","@id":"https:\/\/yasminfood.ch\/de\/#organization","name":"\u064a\u0627\u0633\u0645\u064a\u0646 \u0645\u0627\u0631\u0643\u062a","alternateName":"Yasmin Food","url":"https:\/\/yasminfood.ch\/de\/","logo":{"@type":"ImageObject","inLanguage":"de","@id":"https:\/\/yasminfood.ch\/de\/#\/schema\/logo\/image\/","url":"https:\/\/yasminfood.ch\/wp-content\/uploads\/2025\/05\/yasmin-food-header-logo.png","contentUrl":"https:\/\/yasminfood.ch\/wp-content\/uploads\/2025\/05\/yasmin-food-header-logo.png","width":330,"height":120,"caption":"\u064a\u0627\u0633\u0645\u064a\u0646 \u0645\u0627\u0631\u0643\u062a"},"image":{"@id":"https:\/\/yasminfood.ch\/de\/#\/schema\/logo\/image\/"},"sameAs":["https:\/\/www.facebook.com\/yasminmarkt1","https:\/\/www.tiktok.com\/@yasminmarkt","https:\/\/www.instagram.com\/yasmin.markt1\/","https:\/\/api.whatsapp.com\/send\/?phone=41799000104"],"publishingPrinciples":"https:\/\/yasminfood.ch\/de\/shop\/","ownershipFundingInfo":"https:\/\/yasminfood.ch\/de\/shop\/"}]},"product_price_amount":"3.95","product_price_currency":"CHF","og_availability":"instock","product_availability":"instock","product_condition":"new"},"jetpack_sharing_enabled":true,"_links":{"self":[{"href":"https:\/\/yasminfood.ch\/de\/wp-json\/wp\/v2\/product\/122203","targetHints":{"allow":["GET"]}}],"collection":[{"href":"https:\/\/yasminfood.ch\/de\/wp-json\/wp\/v2\/product"}],"about":[{"href":"https:\/\/yasminfood.ch\/de\/wp-json\/wp\/v2\/types\/product"}],"replies":[{"embeddable":true,"href":"https:\/\/yasminfood.ch\/de\/wp-json\/wp\/v2\/comments?post=122203"}],"version-history":[{"count":0,"href":"https:\/\/yasminfood.ch\/de\/wp-json\/wp\/v2\/product\/122203\/revisions"}],"wp:featuredmedia":[{"embeddable":true,"href":"https:\/\/yasminfood.ch\/de\/wp-json\/wp\/v2\/media\/122193"}],"wp:attachment":[{"href":"https:\/\/yasminfood.ch\/de\/wp-json\/wp\/v2\/media?parent=122203"}],"wp:term":[{"taxonomy":"product_brand","embeddable":true,"href":"https:\/\/yasminfood.ch\/de\/wp-json\/wp\/v2\/product_brand?post=122203"},{"taxonomy":"product_cat","embeddable":true,"href":"https:\/\/yasminfood.ch\/de\/wp-json\/wp\/v2\/product_cat?post=122203"},{"taxonomy":"product_tag","embeddable":true,"href":"https:\/\/yasminfood.ch\/de\/wp-json\/wp\/v2\/product_tag?post=122203"}],"curies":[{"name":"wp","href":"https:\/\/api.w.org\/{rel}","templated":true}]}}