{"id":122205,"date":"2026-03-31T11:42:29","date_gmt":"2026-03-31T09:42:29","guid":{"rendered":"https:\/\/yasminfood.ch\/product\/rote-linsen-900g-khairat-afrin\/"},"modified":"2026-03-31T11:54:09","modified_gmt":"2026-03-31T09:54:09","slug":"rote-linsen-900g-khairat-afrin","status":"publish","type":"product","link":"https:\/\/yasminfood.ch\/de\/product\/rote-linsen-900g-khairat-afrin\/","title":{"rendered":"Rote Linsen 900g \u2013 Khairat Afrin"},"content":{"rendered":"<p><strong>Rote Linsen 900g \u2013 Khairat Afrin<\/strong><\/p>\n<div class=\"flex flex-col text-sm pb-25\">\n<section class=\"text-token-text-primary w-full focus:outline-none [--shadow-height:45px] has-data-writing-block:pointer-events-none has-data-writing-block:-mt-(--shadow-height) has-data-writing-block:pt-(--shadow-height) [&amp;:has([data-writing-block])&gt;*]:pointer-events-auto scroll-mt-[calc(var(--header-height)+min(200px,max(70px,20svh)))]\" dir=\"auto\" data-turn-id=\"request-WEB:591df59a-d6b5-4a38-83b5-31018fed51d2-1\" data-testid=\"conversation-turn-4\" data-scroll-anchor=\"true\" data-turn=\"assistant\">\n<div class=\"text-base my-auto mx-auto pb-10 [--thread-content-margin:var(--thread-content-margin-xs,calc(var(--spacing)*4))] @w-sm\/main:[--thread-content-margin:var(--thread-content-margin-sm,calc(var(--spacing)*6))] @w-lg\/main:[--thread-content-margin:var(--thread-content-margin-lg,calc(var(--spacing)*16))] px-(--thread-content-margin)\">\n<div class=\"[--thread-content-max-width:40rem] @w-lg\/main:[--thread-content-max-width:48rem] mx-auto max-w-(--thread-content-max-width) flex-1 group\/turn-messages focus-visible:outline-hidden relative flex w-full min-w-0 flex-col agent-turn\">\n<div class=\"flex max-w-full flex-col gap-4 grow\">\n<div class=\"min-h-8 text-message relative flex w-full flex-col items-end gap-2 text-start break-words whitespace-normal outline-none keyboard-focused:focus-ring [.text-message+&amp;]:mt-1\" dir=\"auto\" tabindex=\"0\" data-message-author-role=\"assistant\" data-message-id=\"edcccd9d-9782-45c8-bfee-bd1146241507\" data-message-model-slug=\"gpt-5-3\" data-turn-start-message=\"true\">\n<div class=\"flex w-full flex-col gap-1 empty:hidden\">\n<div class=\"markdown prose dark:prose-invert w-full wrap-break-word light markdown-new-styling\">\n<ul>\n<li data-start=\"44\" data-end=\"174\">Luxuri\u00f6se rote Linsen von <strong data-start=\"67\" data-end=\"82\">der Marke Khairat Afrin<\/strong>,<\/li>\n<li data-start=\"44\" data-end=\"174\">Seine hohe Qualit\u00e4t und das schnelle Kochen machen es zur idealen Wahl f\u00fcr gesunde und k\u00f6stliche t\u00e4gliche Mahlzeiten. <\/li>\n<\/ul>\n<p data-start=\"176\" data-end=\"189\"><strong data-start=\"176\" data-end=\"189\">Funktionen:<\/strong><\/p>\n<ul data-start=\"190\" data-end=\"321\">\n<li data-section-id=\"19e43sk\" data-start=\"190\" data-end=\"219\">Saubere, sorgf\u00e4ltig ausgew\u00e4hlte K\u00f6rner<\/li>\n<li data-section-id=\"1rlamv2\" data-start=\"220\" data-end=\"264\">Reich an Eiwei\u00df, Ballaststoffen und N\u00e4hrstoffen<\/li>\n<li data-section-id=\"17u5oym\" data-start=\"265\" data-end=\"297\">Schnell reifend und muss nicht einweichen<\/li>\n<li data-section-id=\"13behba\" data-start=\"298\" data-end=\"321\">Glatte Textur und unverwechselbarer Geschmack<\/li>\n<\/ul>\n<p data-start=\"323\" data-end=\"411\"><strong data-start=\"323\" data-end=\"339\">Verwendungen:<\/strong><br \/>\nPerfekt f\u00fcr die Zubereitung von Linsensuppe, Mujadara, Eint\u00f6pfen und verschiedenen vegetarischen Gerichten. <\/p>\n<p data-start=\"413\" data-end=\"434\"><strong data-start=\"413\" data-end=\"423\">Gewicht:<\/strong><br \/>\n900 g<\/p>\n<p data-start=\"436\" data-end=\"490\"><strong data-start=\"436\" data-end=\"448\">Lagerung:<\/strong><br \/>\nLagern Sie an einem k\u00fchlen, trockenen Ort, fernab von Feuchtigkeit.<\/p>\n<p data-start=\"492\" data-end=\"522\" data-is-last-node=\"\" data-is-only-node=\"\">Ein praktisches und nahrhaftes Produkt f\u00fcr jede t\u00e4gliche K\u00fcche.<\/p>\n<\/div>\n<\/div>\n<\/div>\n<\/div>\n<div class=\"z-0 flex min-h-[46px] justify-start\"><\/div>\n<\/div>\n<\/div>\n<\/section>\n<\/div>\n<div class=\"pointer-events-none h-px w-px absolute bottom-0\" aria-hidden=\"true\" data-edge=\"true\"><\/div>\n","protected":false},"excerpt":{"rendered":"<p><strong>Rote Linsen 900g \u2013 Khairat Afrin<\/strong><\/p>\n<div class=\"flex flex-col text-sm pb-25\">\n<section class=\"text-token-text-primary w-full focus:outline-none [--shadow-height:45px] has-data-writing-block:pointer-events-none has-data-writing-block:-mt-(--shadow-height) has-data-writing-block:pt-(--shadow-height) [&amp;:has([data-writing-block])&gt;*]:pointer-events-auto scroll-mt-[calc(var(--header-height)+min(200px,max(70px,20svh)))]\" dir=\"auto\" data-turn-id=\"request-WEB:591df59a-d6b5-4a38-83b5-31018fed51d2-1\" data-testid=\"conversation-turn-4\" data-scroll-anchor=\"true\" data-turn=\"assistant\">\n<div class=\"text-base my-auto mx-auto pb-10 [--thread-content-margin:var(--thread-content-margin-xs,calc(var(--spacing)*4))] @w-sm\/main:[--thread-content-margin:var(--thread-content-margin-sm,calc(var(--spacing)*6))] @w-lg\/main:[--thread-content-margin:var(--thread-content-margin-lg,calc(var(--spacing)*16))] px-(--thread-content-margin)\">\n<div class=\"[--thread-content-max-width:40rem] @w-lg\/main:[--thread-content-max-width:48rem] mx-auto max-w-(--thread-content-max-width) flex-1 group\/turn-messages focus-visible:outline-hidden relative flex w-full min-w-0 flex-col agent-turn\">\n<div class=\"flex max-w-full flex-col gap-4 grow\">\n<div class=\"min-h-8 text-message relative flex w-full flex-col items-end gap-2 text-start break-words whitespace-normal outline-none keyboard-focused:focus-ring [.text-message+&amp;]:mt-1\" dir=\"auto\" tabindex=\"0\" data-message-author-role=\"assistant\" data-message-id=\"edcccd9d-9782-45c8-bfee-bd1146241507\" data-message-model-slug=\"gpt-5-3\" data-turn-start-message=\"true\">\n<div class=\"flex w-full flex-col gap-1 empty:hidden\">\n<div class=\"markdown prose dark:prose-invert w-full wrap-break-word light markdown-new-styling\">\n<ul>\n<li data-start=\"44\" data-end=\"174\">Luxuri\u00f6se rote Linsen von <strong data-start=\"67\" data-end=\"82\">der Marke Khairat Afrin<\/strong>,<\/li>\n<li data-start=\"44\" data-end=\"174\">Seine hohe Qualit\u00e4t und das schnelle Kochen machen es zur idealen Wahl f\u00fcr gesunde und k\u00f6stliche t\u00e4gliche Mahlzeiten. <\/li>\n<\/ul>\n<p data-start=\"176\" data-end=\"189\">\n<\/div>\n<\/div>\n<\/div>\n<\/div>\n<\/div>\n<\/div>\n<\/section>\n<\/div>\n","protected":false},"featured_media":122196,"comment_status":"open","ping_status":"closed","template":"","meta":[],"product_brand":[],"product_cat":[333,320],"product_tag":[],"class_list":{"0":"post-122205","1":"product","2":"type-product","3":"status-publish","4":"has-post-thumbnail","6":"product_cat-linsen","7":"product_cat-reis-getreide","9":"first","10":"instock","11":"taxable","12":"shipping-taxable","13":"purchasable","14":"product-type-simple"},"yoast_head":"<!-- This site is optimized with the Yoast SEO Premium plugin v26.5 (Yoast SEO v27.6) - https:\/\/yoast.com\/product\/yoast-seo-premium-wordpress\/ -->\n<title>Rote Linsen 900g \u2013 Khairat Afrin - Yasmin Food<\/title>\n<meta name=\"description\" content=\"Rote Linsen 900g \u2013 Khairat Afrin Premium-Linsen der Marke Khairat Afrin, die sich durch ihre hohe Qualit\u00e4t und schnelle Garung auszeichnen, was sie zur idealen Wahl f\u00fcr gesunde und k\u00f6stliche Alltagsmahlzeiten macht.\" \/>\n<meta name=\"robots\" content=\"index, follow, max-snippet:-1, max-image-preview:large, max-video-preview:-1\" \/>\n<link rel=\"canonical\" href=\"https:\/\/yasminfood.ch\/de\/product\/rote-linsen-900g-khairat-afrin\/\" \/>\n<meta property=\"og:locale\" content=\"de_DE\" \/>\n<meta property=\"og:type\" content=\"article\" \/>\n<meta property=\"og:title\" content=\"Rote Linsen 900g \u2013 Khairat Afrin\" \/>\n<meta property=\"og:description\" content=\"Rote Linsen 900g \u2013 Khairat Afrin      Luxuri\u00f6se rote Linsen von der Marke Khairat Afrin,  Seine hohe Qualit\u00e4t und das schnelle Kochen machen es zur idealen Wahl f\u00fcr gesunde und k\u00f6stliche t\u00e4gliche Mahlzeiten.\" \/>\n<meta property=\"og:url\" content=\"https:\/\/yasminfood.ch\/de\/product\/rote-linsen-900g-khairat-afrin\/\" \/>\n<meta property=\"og:site_name\" content=\"Yasmin Food\" \/>\n<meta property=\"article:publisher\" content=\"https:\/\/www.facebook.com\/yasminmarkt1\" \/>\n<meta property=\"article:modified_time\" content=\"2026-03-31T09:54:09+00:00\" \/>\n<meta property=\"og:image\" content=\"https:\/\/yasminfood.ch\/wp-content\/uploads\/2026\/03\/\u0639\u062f\u0633-\u0627\u062d\u0645\u0631-900\u063a-\u062e\u064a\u0631\u0627\u062a-\u0639\u0641\u0631\u064a\u0646-1.png\" \/>\n\t<meta property=\"og:image:width\" content=\"1080\" \/>\n\t<meta property=\"og:image:height\" content=\"1080\" \/>\n\t<meta property=\"og:image:type\" content=\"image\/png\" \/>\n<meta name=\"twitter:card\" content=\"summary_large_image\" \/>\n<meta name=\"twitter:label1\" content=\"Preis\" \/>\n\t<meta name=\"twitter:data1\" content=\"5.50&nbsp;&#067;&#072;&#070;\" \/>\n\t<meta name=\"twitter:label2\" content=\"Verf\u00fcgbarkeit\" \/>\n\t<meta name=\"twitter:data2\" content=\"Auf Lager\" \/>\n<script type=\"application\/ld+json\" class=\"yoast-schema-graph\">{\"@context\":\"https:\\\/\\\/schema.org\",\"@graph\":[{\"@type\":\"WebPage\",\"@id\":\"https:\\\/\\\/yasminfood.ch\\\/de\\\/product\\\/rote-linsen-900g-khairat-afrin\\\/\",\"url\":\"https:\\\/\\\/yasminfood.ch\\\/de\\\/product\\\/rote-linsen-900g-khairat-afrin\\\/\",\"name\":\"Rote Linsen 900g \u2013 Khairat Afrin - Yasmin Food\",\"isPartOf\":{\"@id\":\"https:\\\/\\\/yasminfood.ch\\\/de\\\/#website\"},\"primaryImageOfPage\":{\"@id\":\"https:\\\/\\\/yasminfood.ch\\\/de\\\/product\\\/rote-linsen-900g-khairat-afrin\\\/#primaryimage\"},\"image\":{\"@id\":\"https:\\\/\\\/yasminfood.ch\\\/de\\\/product\\\/rote-linsen-900g-khairat-afrin\\\/#primaryimage\"},\"thumbnailUrl\":\"https:\\\/\\\/yasminfood.ch\\\/wp-content\\\/uploads\\\/2026\\\/03\\\/\u0639\u062f\u0633-\u0627\u062d\u0645\u0631-900\u063a-\u062e\u064a\u0631\u0627\u062a-\u0639\u0641\u0631\u064a\u0646-1.png\",\"datePublished\":\"2026-03-31T09:42:29+00:00\",\"dateModified\":\"2026-03-31T09:54:09+00:00\",\"description\":\"Rote Linsen 900g \u2013 Khairat Afrin Premium-Linsen der Marke Khairat Afrin, die sich durch ihre hohe Qualit\u00e4t und schnelle Garung auszeichnen, was sie zur idealen Wahl f\u00fcr gesunde und k\u00f6stliche Alltagsmahlzeiten macht.\",\"breadcrumb\":{\"@id\":\"https:\\\/\\\/yasminfood.ch\\\/de\\\/product\\\/rote-linsen-900g-khairat-afrin\\\/#breadcrumb\"},\"inLanguage\":\"de\",\"potentialAction\":[{\"@type\":\"ReadAction\",\"target\":[\"https:\\\/\\\/yasminfood.ch\\\/de\\\/product\\\/rote-linsen-900g-khairat-afrin\\\/\"]}]},{\"@type\":\"ImageObject\",\"inLanguage\":\"de\",\"@id\":\"https:\\\/\\\/yasminfood.ch\\\/de\\\/product\\\/rote-linsen-900g-khairat-afrin\\\/#primaryimage\",\"url\":\"https:\\\/\\\/yasminfood.ch\\\/wp-content\\\/uploads\\\/2026\\\/03\\\/\u0639\u062f\u0633-\u0627\u062d\u0645\u0631-900\u063a-\u062e\u064a\u0631\u0627\u062a-\u0639\u0641\u0631\u064a\u0646-1.png\",\"contentUrl\":\"https:\\\/\\\/yasminfood.ch\\\/wp-content\\\/uploads\\\/2026\\\/03\\\/\u0639\u062f\u0633-\u0627\u062d\u0645\u0631-900\u063a-\u062e\u064a\u0631\u0627\u062a-\u0639\u0641\u0631\u064a\u0646-1.png\",\"width\":1080,\"height\":1080,\"caption\":\"Rote Linsen 900g \u2013 Khairat Afrin\"},{\"@type\":\"BreadcrumbList\",\"@id\":\"https:\\\/\\\/yasminfood.ch\\\/de\\\/product\\\/rote-linsen-900g-khairat-afrin\\\/#breadcrumb\",\"itemListElement\":[{\"@type\":\"ListItem\",\"position\":1,\"name\":\"\u0627\u0644\u0631\u0626\u064a\u0633\u064a\u0629\",\"item\":\"https:\\\/\\\/yasminfood.ch\\\/de\\\/zuhause\\\/\"},{\"@type\":\"ListItem\",\"position\":2,\"name\":\"Shop\",\"item\":\"https:\\\/\\\/yasminfood.ch\\\/de\\\/shop\\\/\"},{\"@type\":\"ListItem\",\"position\":3,\"name\":\"Rote Linsen 900g \u2013 Khairat Afrin\"}]},{\"@type\":\"WebSite\",\"@id\":\"https:\\\/\\\/yasminfood.ch\\\/de\\\/#website\",\"url\":\"https:\\\/\\\/yasminfood.ch\\\/de\\\/\",\"name\":\"\u064a\u0627\u0633\u0645\u064a\u0646 \u0645\u0627\u0631\u0643\u062a\",\"description\":\"Alles, was Sie brauchen, an einem Ort\",\"publisher\":{\"@id\":\"https:\\\/\\\/yasminfood.ch\\\/de\\\/#organization\"},\"alternateName\":\"Yasmin Food\",\"potentialAction\":[{\"@type\":\"SearchAction\",\"target\":{\"@type\":\"EntryPoint\",\"urlTemplate\":\"https:\\\/\\\/yasminfood.ch\\\/de\\\/?s={search_term_string}\"},\"query-input\":{\"@type\":\"PropertyValueSpecification\",\"valueRequired\":true,\"valueName\":\"search_term_string\"}}],\"inLanguage\":\"de\"},{\"@type\":\"Organization\",\"@id\":\"https:\\\/\\\/yasminfood.ch\\\/de\\\/#organization\",\"name\":\"\u064a\u0627\u0633\u0645\u064a\u0646 \u0645\u0627\u0631\u0643\u062a\",\"alternateName\":\"Yasmin Food\",\"url\":\"https:\\\/\\\/yasminfood.ch\\\/de\\\/\",\"logo\":{\"@type\":\"ImageObject\",\"inLanguage\":\"de\",\"@id\":\"https:\\\/\\\/yasminfood.ch\\\/de\\\/#\\\/schema\\\/logo\\\/image\\\/\",\"url\":\"https:\\\/\\\/yasminfood.ch\\\/wp-content\\\/uploads\\\/2025\\\/05\\\/yasmin-food-header-logo.png\",\"contentUrl\":\"https:\\\/\\\/yasminfood.ch\\\/wp-content\\\/uploads\\\/2025\\\/05\\\/yasmin-food-header-logo.png\",\"width\":330,\"height\":120,\"caption\":\"\u064a\u0627\u0633\u0645\u064a\u0646 \u0645\u0627\u0631\u0643\u062a\"},\"image\":{\"@id\":\"https:\\\/\\\/yasminfood.ch\\\/de\\\/#\\\/schema\\\/logo\\\/image\\\/\"},\"sameAs\":[\"https:\\\/\\\/www.facebook.com\\\/yasminmarkt1\",\"https:\\\/\\\/www.tiktok.com\\\/@yasminmarkt\",\"https:\\\/\\\/www.instagram.com\\\/yasmin.markt1\\\/\",\"https:\\\/\\\/api.whatsapp.com\\\/send\\\/?phone=41799000104\"],\"publishingPrinciples\":\"https:\\\/\\\/yasminfood.ch\\\/de\\\/shop\\\/\",\"ownershipFundingInfo\":\"https:\\\/\\\/yasminfood.ch\\\/de\\\/shop\\\/\"}]}<\/script>\n<meta property=\"product:price:amount\" content=\"5.50\" \/>\n<meta property=\"product:price:currency\" content=\"CHF\" \/>\n<meta property=\"og:availability\" content=\"instock\" \/>\n<meta property=\"product:availability\" content=\"instock\" \/>\n<meta property=\"product:condition\" content=\"new\" \/>\n<!-- \/ Yoast SEO Premium plugin. -->","yoast_head_json":{"title":"Rote Linsen 900g \u2013 Khairat Afrin - Yasmin Food","description":"Rote Linsen 900g \u2013 Khairat Afrin Premium-Linsen der Marke Khairat Afrin, die sich durch ihre hohe Qualit\u00e4t und schnelle Garung auszeichnen, was sie zur idealen Wahl f\u00fcr gesunde und k\u00f6stliche Alltagsmahlzeiten macht.","robots":{"index":"index","follow":"follow","max-snippet":"max-snippet:-1","max-image-preview":"max-image-preview:large","max-video-preview":"max-video-preview:-1"},"canonical":"https:\/\/yasminfood.ch\/de\/product\/rote-linsen-900g-khairat-afrin\/","og_locale":"de_DE","og_type":"article","og_title":"Rote Linsen 900g \u2013 Khairat Afrin","og_description":"Rote Linsen 900g \u2013 Khairat Afrin      Luxuri\u00f6se rote Linsen von der Marke Khairat Afrin,  Seine hohe Qualit\u00e4t und das schnelle Kochen machen es zur idealen Wahl f\u00fcr gesunde und k\u00f6stliche t\u00e4gliche Mahlzeiten.","og_url":"https:\/\/yasminfood.ch\/de\/product\/rote-linsen-900g-khairat-afrin\/","og_site_name":"Yasmin Food","article_publisher":"https:\/\/www.facebook.com\/yasminmarkt1","article_modified_time":"2026-03-31T09:54:09+00:00","og_image":[{"width":1080,"height":1080,"url":"https:\/\/yasminfood.ch\/wp-content\/uploads\/2026\/03\/\u0639\u062f\u0633-\u0627\u062d\u0645\u0631-900\u063a-\u062e\u064a\u0631\u0627\u062a-\u0639\u0641\u0631\u064a\u0646-1.png","type":"image\/png"}],"twitter_card":"summary_large_image","twitter_misc":{"Preis":"5.50&nbsp;&#67;&#72;&#70;","Verf\u00fcgbarkeit":"Auf Lager"},"schema":{"@context":"https:\/\/schema.org","@graph":[{"@type":"WebPage","@id":"https:\/\/yasminfood.ch\/de\/product\/rote-linsen-900g-khairat-afrin\/","url":"https:\/\/yasminfood.ch\/de\/product\/rote-linsen-900g-khairat-afrin\/","name":"Rote Linsen 900g \u2013 Khairat Afrin - Yasmin Food","isPartOf":{"@id":"https:\/\/yasminfood.ch\/de\/#website"},"primaryImageOfPage":{"@id":"https:\/\/yasminfood.ch\/de\/product\/rote-linsen-900g-khairat-afrin\/#primaryimage"},"image":{"@id":"https:\/\/yasminfood.ch\/de\/product\/rote-linsen-900g-khairat-afrin\/#primaryimage"},"thumbnailUrl":"https:\/\/yasminfood.ch\/wp-content\/uploads\/2026\/03\/\u0639\u062f\u0633-\u0627\u062d\u0645\u0631-900\u063a-\u062e\u064a\u0631\u0627\u062a-\u0639\u0641\u0631\u064a\u0646-1.png","datePublished":"2026-03-31T09:42:29+00:00","dateModified":"2026-03-31T09:54:09+00:00","description":"Rote Linsen 900g \u2013 Khairat Afrin Premium-Linsen der Marke Khairat Afrin, die sich durch ihre hohe Qualit\u00e4t und schnelle Garung auszeichnen, was sie zur idealen Wahl f\u00fcr gesunde und k\u00f6stliche Alltagsmahlzeiten macht.","breadcrumb":{"@id":"https:\/\/yasminfood.ch\/de\/product\/rote-linsen-900g-khairat-afrin\/#breadcrumb"},"inLanguage":"de","potentialAction":[{"@type":"ReadAction","target":["https:\/\/yasminfood.ch\/de\/product\/rote-linsen-900g-khairat-afrin\/"]}]},{"@type":"ImageObject","inLanguage":"de","@id":"https:\/\/yasminfood.ch\/de\/product\/rote-linsen-900g-khairat-afrin\/#primaryimage","url":"https:\/\/yasminfood.ch\/wp-content\/uploads\/2026\/03\/\u0639\u062f\u0633-\u0627\u062d\u0645\u0631-900\u063a-\u062e\u064a\u0631\u0627\u062a-\u0639\u0641\u0631\u064a\u0646-1.png","contentUrl":"https:\/\/yasminfood.ch\/wp-content\/uploads\/2026\/03\/\u0639\u062f\u0633-\u0627\u062d\u0645\u0631-900\u063a-\u062e\u064a\u0631\u0627\u062a-\u0639\u0641\u0631\u064a\u0646-1.png","width":1080,"height":1080,"caption":"Rote Linsen 900g \u2013 Khairat Afrin"},{"@type":"BreadcrumbList","@id":"https:\/\/yasminfood.ch\/de\/product\/rote-linsen-900g-khairat-afrin\/#breadcrumb","itemListElement":[{"@type":"ListItem","position":1,"name":"\u0627\u0644\u0631\u0626\u064a\u0633\u064a\u0629","item":"https:\/\/yasminfood.ch\/de\/zuhause\/"},{"@type":"ListItem","position":2,"name":"Shop","item":"https:\/\/yasminfood.ch\/de\/shop\/"},{"@type":"ListItem","position":3,"name":"Rote Linsen 900g \u2013 Khairat Afrin"}]},{"@type":"WebSite","@id":"https:\/\/yasminfood.ch\/de\/#website","url":"https:\/\/yasminfood.ch\/de\/","name":"\u064a\u0627\u0633\u0645\u064a\u0646 \u0645\u0627\u0631\u0643\u062a","description":"Alles, was Sie brauchen, an einem Ort","publisher":{"@id":"https:\/\/yasminfood.ch\/de\/#organization"},"alternateName":"Yasmin Food","potentialAction":[{"@type":"SearchAction","target":{"@type":"EntryPoint","urlTemplate":"https:\/\/yasminfood.ch\/de\/?s={search_term_string}"},"query-input":{"@type":"PropertyValueSpecification","valueRequired":true,"valueName":"search_term_string"}}],"inLanguage":"de"},{"@type":"Organization","@id":"https:\/\/yasminfood.ch\/de\/#organization","name":"\u064a\u0627\u0633\u0645\u064a\u0646 \u0645\u0627\u0631\u0643\u062a","alternateName":"Yasmin Food","url":"https:\/\/yasminfood.ch\/de\/","logo":{"@type":"ImageObject","inLanguage":"de","@id":"https:\/\/yasminfood.ch\/de\/#\/schema\/logo\/image\/","url":"https:\/\/yasminfood.ch\/wp-content\/uploads\/2025\/05\/yasmin-food-header-logo.png","contentUrl":"https:\/\/yasminfood.ch\/wp-content\/uploads\/2025\/05\/yasmin-food-header-logo.png","width":330,"height":120,"caption":"\u064a\u0627\u0633\u0645\u064a\u0646 \u0645\u0627\u0631\u0643\u062a"},"image":{"@id":"https:\/\/yasminfood.ch\/de\/#\/schema\/logo\/image\/"},"sameAs":["https:\/\/www.facebook.com\/yasminmarkt1","https:\/\/www.tiktok.com\/@yasminmarkt","https:\/\/www.instagram.com\/yasmin.markt1\/","https:\/\/api.whatsapp.com\/send\/?phone=41799000104"],"publishingPrinciples":"https:\/\/yasminfood.ch\/de\/shop\/","ownershipFundingInfo":"https:\/\/yasminfood.ch\/de\/shop\/"}]},"product_price_amount":"5.50","product_price_currency":"CHF","og_availability":"instock","product_availability":"instock","product_condition":"new"},"jetpack_sharing_enabled":true,"_links":{"self":[{"href":"https:\/\/yasminfood.ch\/de\/wp-json\/wp\/v2\/product\/122205","targetHints":{"allow":["GET"]}}],"collection":[{"href":"https:\/\/yasminfood.ch\/de\/wp-json\/wp\/v2\/product"}],"about":[{"href":"https:\/\/yasminfood.ch\/de\/wp-json\/wp\/v2\/types\/product"}],"replies":[{"embeddable":true,"href":"https:\/\/yasminfood.ch\/de\/wp-json\/wp\/v2\/comments?post=122205"}],"version-history":[{"count":0,"href":"https:\/\/yasminfood.ch\/de\/wp-json\/wp\/v2\/product\/122205\/revisions"}],"wp:featuredmedia":[{"embeddable":true,"href":"https:\/\/yasminfood.ch\/de\/wp-json\/wp\/v2\/media\/122196"}],"wp:attachment":[{"href":"https:\/\/yasminfood.ch\/de\/wp-json\/wp\/v2\/media?parent=122205"}],"wp:term":[{"taxonomy":"product_brand","embeddable":true,"href":"https:\/\/yasminfood.ch\/de\/wp-json\/wp\/v2\/product_brand?post=122205"},{"taxonomy":"product_cat","embeddable":true,"href":"https:\/\/yasminfood.ch\/de\/wp-json\/wp\/v2\/product_cat?post=122205"},{"taxonomy":"product_tag","embeddable":true,"href":"https:\/\/yasminfood.ch\/de\/wp-json\/wp\/v2\/product_tag?post=122205"}],"curies":[{"name":"wp","href":"https:\/\/api.w.org\/{rel}","templated":true}]}}