{"id":122235,"date":"2026-04-03T14:56:59","date_gmt":"2026-04-03T12:56:59","guid":{"rendered":"https:\/\/yasminfood.ch\/product\/hala-arabische-kaffeepackung-20g-geschenkpaeckchen\/"},"modified":"2026-04-03T14:57:48","modified_gmt":"2026-04-03T12:57:48","slug":"hala-arabische-kaffeepackung-20g-geschenkpaeckchen","status":"publish","type":"product","link":"https:\/\/yasminfood.ch\/de\/product\/hala-arabische-kaffeepackung-20g-geschenkpaeckchen\/","title":{"rendered":"Hala Arabische Kaffeepackung 20g + Geschenkp\u00e4ckchen"},"content":{"rendered":"<div class=\"text-base my-auto mx-auto pt-12 [--thread-content-margin:var(--thread-content-margin-xs,calc(var(--spacing)*4))] @w-sm\/main:[--thread-content-margin:var(--thread-content-margin-sm,calc(var(--spacing)*6))] @w-lg\/main:[--thread-content-margin:var(--thread-content-margin-lg,calc(var(--spacing)*16))] px-(--thread-content-margin)\">\n<div class=\"[--thread-content-max-width:40rem] @w-lg\/main:[--thread-content-max-width:48rem] mx-auto max-w-(--thread-content-max-width) flex-1 group\/turn-messages focus-visible:outline-hidden relative flex w-full min-w-0 flex-col\">\n<div class=\"flex max-w-full flex-col gap-4 grow\">\n<div class=\"min-h-8 text-message relative flex w-full flex-col items-end gap-2 text-start break-words whitespace-normal outline-none keyboard-focused:focus-ring [.text-message+&amp;]:mt-1\" dir=\"auto\" data-message-author-role=\"user\" data-message-id=\"ab5e229a-0a65-4400-8c73-e2c135af8323\">\n<div class=\"flex w-full flex-col gap-1 empty:hidden items-end rtl:items-start\">\n<div class=\"user-message-bubble-color corner-superellipse\/0.98 relative rounded-[22px] px-4 py-2.5 leading-6 rounded-se-lg max-w-(--user-chat-width,70%)\">\n<div class=\"whitespace-pre-wrap\"><strong>Hala Arabische Kaffeepackung 20g + Geschenkp\u00e4ckchen<\/strong><\/div>\n<\/div>\n<\/div>\n<\/div>\n<ul>\n<li class=\"text-token-text-secondary my-2 me-4 flex flex-row justify-end gap-1 text-xs\">Genie\u00dfen Sie die Authentizit\u00e4t arabischer Gastfreundschaft mit Hala Cardamom Coffee, sorgf\u00e4ltig gemixt, um in jeder Tasse einen reichen Geschmack und einen unverwechselbaren Duft zu verleihen. <\/li>\n<\/ul>\n<\/div>\n<div class=\"z-0 flex justify-end\">\n<div class=\"flex flex-col text-sm pb-25\">\n<section class=\"text-token-text-primary w-full focus:outline-none [--shadow-height:45px] has-data-writing-block:pointer-events-none has-data-writing-block:-mt-(--shadow-height) has-data-writing-block:pt-(--shadow-height) [&amp;:has([data-writing-block])&gt;*]:pointer-events-auto scroll-mt-[calc(var(--header-height)+min(200px,max(70px,20svh)))]\" dir=\"auto\" data-turn-id=\"request-WEB:6054ca55-a28d-4658-a847-60207b18624f-3\" data-testid=\"conversation-turn-8\" data-scroll-anchor=\"true\" data-turn=\"assistant\">\n<div class=\"text-base my-auto mx-auto pb-10 [--thread-content-margin:var(--thread-content-margin-xs,calc(var(--spacing)*4))] @w-sm\/main:[--thread-content-margin:var(--thread-content-margin-sm,calc(var(--spacing)*6))] @w-lg\/main:[--thread-content-margin:var(--thread-content-margin-lg,calc(var(--spacing)*16))] px-(--thread-content-margin)\">\n<div class=\"[--thread-content-max-width:40rem] @w-lg\/main:[--thread-content-max-width:48rem] mx-auto max-w-(--thread-content-max-width) flex-1 group\/turn-messages focus-visible:outline-hidden relative flex w-full min-w-0 flex-col agent-turn\">\n<div class=\"flex max-w-full flex-col gap-4 grow\">\n<div class=\"min-h-8 text-message relative flex w-full flex-col items-end gap-2 text-start break-words whitespace-normal outline-none keyboard-focused:focus-ring [.text-message+&amp;]:mt-1\" dir=\"auto\" tabindex=\"0\" data-message-author-role=\"assistant\" data-message-id=\"c3689680-c4d6-42fe-8060-52cabc422849\" data-message-model-slug=\"gpt-5-3\" data-turn-start-message=\"true\">\n<div class=\"flex w-full flex-col gap-1 empty:hidden\">\n<div class=\"markdown prose dark:prose-invert w-full wrap-break-word light markdown-new-styling\">\n<ul>\n<li data-start=\"91\" data-end=\"233\">Mit einem Sonderangebot, das einen zus\u00e4tzlichen Geschenkumschlag beinhaltet.<\/li>\n<\/ul>\n<p data-start=\"235\" data-end=\"248\"><strong data-start=\"235\" data-end=\"248\">Funktionen:<\/strong><\/p>\n<ul data-start=\"249\" data-end=\"421\">\n<li data-section-id=\"ezmu3z\" data-start=\"249\" data-end=\"289\">Instant-arabischer Kaffee mit authentischem Kardamomgeschmack<\/li>\n<li data-section-id=\"196567d\" data-start=\"290\" data-end=\"319\">Schnelle und einfache Zubereitung jederzeit<\/li>\n<li data-section-id=\"vb4zwf\" data-start=\"320\" data-end=\"353\">Eine perfekte Balance aus Kaffee und Kardamom<\/li>\n<li data-section-id=\"q49ryr\" data-start=\"354\" data-end=\"391\">Geeignet f\u00fcr t\u00e4gliche Gastfreundschaft und Veranstaltungen<\/li>\n<li data-section-id=\"pdre2r\" data-start=\"392\" data-end=\"421\">Sonderangebot: Kostenloser Zusatzumschlag <\/li>\n<\/ul>\n<p data-start=\"423\" data-end=\"478\" data-is-last-node=\"\" data-is-only-node=\"\">Eine praktische und k\u00f6stliche Option f\u00fcr Liebhaber arabischen Kaffees mit seinem traditionellen Geschmack.<\/p>\n<\/div>\n<\/div>\n<\/div>\n<\/div>\n<div class=\"z-0 flex min-h-[46px] justify-start\"><\/div>\n<\/div>\n<\/div>\n<\/section>\n<\/div>\n<div class=\"pointer-events-none h-px w-px absolute bottom-0\" aria-hidden=\"true\" data-edge=\"true\"><\/div>\n<\/div>\n<\/div>\n<\/div>\n","protected":false},"excerpt":{"rendered":"<div class=\"flex max-w-full flex-col gap-4 grow\">\n<div class=\"min-h-8 text-message relative flex w-full flex-col items-end gap-2 text-start break-words whitespace-normal outline-none keyboard-focused:focus-ring [.text-message+&amp;]:mt-1\" dir=\"auto\" data-message-author-role=\"user\" data-message-id=\"ab5e229a-0a65-4400-8c73-e2c135af8323\">\n<div class=\"flex w-full flex-col gap-1 empty:hidden items-end rtl:items-start\">\n<div class=\"user-message-bubble-color corner-superellipse\/0.98 relative rounded-[22px] px-4 py-2.5 leading-6 rounded-se-lg max-w-(--user-chat-width,70%)\">\n<div class=\"whitespace-pre-wrap\"><strong>Hala Arabische Kaffeepackung 20g + Geschenkp\u00e4ckchen<\/strong><\/div>\n<\/div>\n<\/div>\n<\/div>\n<ul>\n<li class=\"text-token-text-secondary my-2 me-4 flex flex-row justify-end gap-1 text-xs\">Genie\u00dfen Sie die Authentizit\u00e4t arabischer Gastfreundschaft mit Hala Cardamom Coffee, sorgf\u00e4ltig gemixt, um in jeder Tasse einen reichen Geschmack und einen unverwechselbaren Duft zu verleihen. <\/li>\n<\/ul>\n<\/div>\n<div class=\"z-0 flex justify-end\">\n<div class=\"flex flex-col text-sm pb-25\">\n<section class=\"text-token-text-primary w-full focus:outline-none [--shadow-height:45px] has-data-writing-block:pointer-events-none has-data-writing-block:-mt-(--shadow-height) has-data-writing-block:pt-(--shadow-height) [&amp;:has([data-writing-block])&gt;*]:pointer-events-auto scroll-mt-[calc(var(--header-height)+min(200px,max(70px,20svh)))]\" dir=\"auto\" data-turn-id=\"request-WEB:6054ca55-a28d-4658-a847-60207b18624f-3\" data-testid=\"conversation-turn-8\" data-scroll-anchor=\"true\" data-turn=\"assistant\">\n<div class=\"text-base my-auto mx-auto pb-10 [--thread-content-margin:var(--thread-content-margin-xs,calc(var(--spacing)*4))] @w-sm\/main:[--thread-content-margin:var(--thread-content-margin-sm,calc(var(--spacing)*6))] @w-lg\/main:[--thread-content-margin:var(--thread-content-margin-lg,calc(var(--spacing)*16))] px-(--thread-content-margin)\">\n<div class=\"[--thread-content-max-width:40rem] @w-lg\/main:[--thread-content-max-width:48rem] mx-auto max-w-(--thread-content-max-width) flex-1 group\/turn-messages focus-visible:outline-hidden relative flex w-full min-w-0 flex-col agent-turn\">\n<div class=\"flex max-w-full flex-col gap-4 grow\">\n<div class=\"min-h-8 text-message relative flex w-full flex-col items-end gap-2 text-start break-words whitespace-normal outline-none keyboard-focused:focus-ring [.text-message+&amp;]:mt-1\" dir=\"auto\" tabindex=\"0\" data-message-author-role=\"assistant\" data-message-id=\"c3689680-c4d6-42fe-8060-52cabc422849\" data-message-model-slug=\"gpt-5-3\" data-turn-start-message=\"true\">\n<div class=\"flex w-full flex-col gap-1 empty:hidden\">\n<div class=\"markdown prose dark:prose-invert w-full wrap-break-word light markdown-new-styling\">\n<ul>\n<li data-start=\"91\" data-end=\"233\">Mit einem Sonderangebot, das einen zus\u00e4tzlichen Geschenkumschlag beinhaltet.<\/li>\n<\/ul>\n<p data-start=\"235\" data-end=\"248\">\n<\/div>\n<\/div>\n<\/div>\n<\/div>\n<\/div>\n<\/div>\n<\/section>\n<\/div>\n<\/div>\n","protected":false},"featured_media":122236,"comment_status":"open","ping_status":"closed","template":"","meta":[],"product_brand":[],"product_cat":[368,367],"product_tag":[],"class_list":{"0":"post-122235","1":"product","2":"type-product","3":"status-publish","4":"has-post-thumbnail","6":"product_cat-arabischer-kaffee","7":"product_cat-getraenke-fluessigkeiten","9":"first","10":"instock","11":"taxable","12":"shipping-taxable","13":"purchasable","14":"product-type-simple"},"yoast_head":"<!-- This site is optimized with the Yoast SEO Premium plugin v26.5 (Yoast SEO v27.3) - https:\/\/yoast.com\/product\/yoast-seo-premium-wordpress\/ -->\n<title>Hala Arabische Kaffeepackung 20g + Geschenkp\u00e4ckchen - Yasmin Food<\/title>\n<meta name=\"description\" content=\"Hala Arabische Kaffeepackung 20g + Geschenkp\u00e4ckchen Genie\u00dfen Sie die Authentizit\u00e4t arabischer Gastfreundschaft mit Hala Cardamom Coffee, um in jeder Tasse einen reichen Geschmack zu bekommen, mit einem Sonderangebot, das einen zus\u00e4tzlichen Geschenkumschlag beinhaltet.\" \/>\n<meta name=\"robots\" content=\"index, follow, max-snippet:-1, max-image-preview:large, max-video-preview:-1\" \/>\n<link rel=\"canonical\" href=\"https:\/\/yasminfood.ch\/de\/product\/hala-arabische-kaffeepackung-20g-geschenkpaeckchen\/\" \/>\n<meta property=\"og:locale\" content=\"de_DE\" \/>\n<meta property=\"og:type\" content=\"article\" \/>\n<meta property=\"og:title\" content=\"Hala Arabische Kaffeepackung 20g + Geschenkp\u00e4ckchen\" \/>\n<meta property=\"og:description\" content=\"Hala Arabische Kaffeepackung 20g + Geschenkp\u00e4ckchen    Genie\u00dfen Sie die Authentizit\u00e4t arabischer Gastfreundschaft mit Hala Cardamom Coffee, sorgf\u00e4ltig gemixt, um in jeder Tasse einen reichen Geschmack und einen unverwechselbaren Duft zu verleihen.        Mit einem Sonderangebot, das einen zus\u00e4tzlichen Geschenkumschlag beinhaltet.\" \/>\n<meta property=\"og:url\" content=\"https:\/\/yasminfood.ch\/de\/product\/hala-arabische-kaffeepackung-20g-geschenkpaeckchen\/\" \/>\n<meta property=\"og:site_name\" content=\"Yasmin Food\" \/>\n<meta property=\"article:publisher\" content=\"https:\/\/www.facebook.com\/yasminmarkt1\" \/>\n<meta property=\"article:modified_time\" content=\"2026-04-03T12:57:48+00:00\" \/>\n<meta property=\"og:image\" content=\"https:\/\/yasminfood.ch\/wp-content\/uploads\/2026\/04\/\u0642.png\" \/>\n\t<meta property=\"og:image:width\" content=\"1080\" \/>\n\t<meta property=\"og:image:height\" content=\"1080\" \/>\n\t<meta property=\"og:image:type\" content=\"image\/png\" \/>\n<meta name=\"twitter:card\" content=\"summary_large_image\" \/>\n<meta name=\"twitter:label1\" content=\"Preis\" \/>\n\t<meta name=\"twitter:data1\" content=\"2.50&nbsp;&#067;&#072;&#070;\" \/>\n\t<meta name=\"twitter:label2\" content=\"Verf\u00fcgbarkeit\" \/>\n\t<meta name=\"twitter:data2\" content=\"Auf Lager\" \/>\n<script type=\"application\/ld+json\" class=\"yoast-schema-graph\">{\"@context\":\"https:\\\/\\\/schema.org\",\"@graph\":[{\"@type\":\"WebPage\",\"@id\":\"https:\\\/\\\/yasminfood.ch\\\/de\\\/product\\\/hala-arabische-kaffeepackung-20g-geschenkpaeckchen\\\/\",\"url\":\"https:\\\/\\\/yasminfood.ch\\\/de\\\/product\\\/hala-arabische-kaffeepackung-20g-geschenkpaeckchen\\\/\",\"name\":\"Hala Arabische Kaffeepackung 20g + Geschenkp\u00e4ckchen - Yasmin Food\",\"isPartOf\":{\"@id\":\"https:\\\/\\\/yasminfood.ch\\\/de\\\/#website\"},\"primaryImageOfPage\":{\"@id\":\"https:\\\/\\\/yasminfood.ch\\\/de\\\/product\\\/hala-arabische-kaffeepackung-20g-geschenkpaeckchen\\\/#primaryimage\"},\"image\":{\"@id\":\"https:\\\/\\\/yasminfood.ch\\\/de\\\/product\\\/hala-arabische-kaffeepackung-20g-geschenkpaeckchen\\\/#primaryimage\"},\"thumbnailUrl\":\"https:\\\/\\\/yasminfood.ch\\\/wp-content\\\/uploads\\\/2026\\\/04\\\/\u0642.png\",\"datePublished\":\"2026-04-03T12:56:59+00:00\",\"dateModified\":\"2026-04-03T12:57:48+00:00\",\"description\":\"Hala Arabische Kaffeepackung 20g + Geschenkp\u00e4ckchen Genie\u00dfen Sie die Authentizit\u00e4t arabischer Gastfreundschaft mit Hala Cardamom Coffee, um in jeder Tasse einen reichen Geschmack zu bekommen, mit einem Sonderangebot, das einen zus\u00e4tzlichen Geschenkumschlag beinhaltet.\",\"breadcrumb\":{\"@id\":\"https:\\\/\\\/yasminfood.ch\\\/de\\\/product\\\/hala-arabische-kaffeepackung-20g-geschenkpaeckchen\\\/#breadcrumb\"},\"inLanguage\":\"de\",\"potentialAction\":[{\"@type\":\"ReadAction\",\"target\":[\"https:\\\/\\\/yasminfood.ch\\\/de\\\/product\\\/hala-arabische-kaffeepackung-20g-geschenkpaeckchen\\\/\"]}]},{\"@type\":\"ImageObject\",\"inLanguage\":\"de\",\"@id\":\"https:\\\/\\\/yasminfood.ch\\\/de\\\/product\\\/hala-arabische-kaffeepackung-20g-geschenkpaeckchen\\\/#primaryimage\",\"url\":\"https:\\\/\\\/yasminfood.ch\\\/wp-content\\\/uploads\\\/2026\\\/04\\\/\u0642.png\",\"contentUrl\":\"https:\\\/\\\/yasminfood.ch\\\/wp-content\\\/uploads\\\/2026\\\/04\\\/\u0642.png\",\"width\":1080,\"height\":1080,\"caption\":\"Hala Arabische Kaffeepackung 20g + Geschenkp\u00e4ckchen\"},{\"@type\":\"BreadcrumbList\",\"@id\":\"https:\\\/\\\/yasminfood.ch\\\/de\\\/product\\\/hala-arabische-kaffeepackung-20g-geschenkpaeckchen\\\/#breadcrumb\",\"itemListElement\":[{\"@type\":\"ListItem\",\"position\":1,\"name\":\"\u0627\u0644\u0631\u0626\u064a\u0633\u064a\u0629\",\"item\":\"https:\\\/\\\/yasminfood.ch\\\/de\\\/zuhause\\\/\"},{\"@type\":\"ListItem\",\"position\":2,\"name\":\"Shop\",\"item\":\"https:\\\/\\\/yasminfood.ch\\\/de\\\/shop\\\/\"},{\"@type\":\"ListItem\",\"position\":3,\"name\":\"Hala Arabische Kaffeepackung 20g + Geschenkp\u00e4ckchen\"}]},{\"@type\":\"WebSite\",\"@id\":\"https:\\\/\\\/yasminfood.ch\\\/de\\\/#website\",\"url\":\"https:\\\/\\\/yasminfood.ch\\\/de\\\/\",\"name\":\"\u064a\u0627\u0633\u0645\u064a\u0646 \u0645\u0627\u0631\u0643\u062a\",\"description\":\"Alles, was Sie brauchen, an einem Ort\",\"publisher\":{\"@id\":\"https:\\\/\\\/yasminfood.ch\\\/de\\\/#organization\"},\"alternateName\":\"Yasmin Food\",\"potentialAction\":[{\"@type\":\"SearchAction\",\"target\":{\"@type\":\"EntryPoint\",\"urlTemplate\":\"https:\\\/\\\/yasminfood.ch\\\/de\\\/?s={search_term_string}\"},\"query-input\":{\"@type\":\"PropertyValueSpecification\",\"valueRequired\":true,\"valueName\":\"search_term_string\"}}],\"inLanguage\":\"de\"},{\"@type\":\"Organization\",\"@id\":\"https:\\\/\\\/yasminfood.ch\\\/de\\\/#organization\",\"name\":\"\u064a\u0627\u0633\u0645\u064a\u0646 \u0645\u0627\u0631\u0643\u062a\",\"alternateName\":\"Yasmin Food\",\"url\":\"https:\\\/\\\/yasminfood.ch\\\/de\\\/\",\"logo\":{\"@type\":\"ImageObject\",\"inLanguage\":\"de\",\"@id\":\"https:\\\/\\\/yasminfood.ch\\\/de\\\/#\\\/schema\\\/logo\\\/image\\\/\",\"url\":\"https:\\\/\\\/yasminfood.ch\\\/wp-content\\\/uploads\\\/2025\\\/05\\\/yasmin-food-header-logo.png\",\"contentUrl\":\"https:\\\/\\\/yasminfood.ch\\\/wp-content\\\/uploads\\\/2025\\\/05\\\/yasmin-food-header-logo.png\",\"width\":330,\"height\":120,\"caption\":\"\u064a\u0627\u0633\u0645\u064a\u0646 \u0645\u0627\u0631\u0643\u062a\"},\"image\":{\"@id\":\"https:\\\/\\\/yasminfood.ch\\\/de\\\/#\\\/schema\\\/logo\\\/image\\\/\"},\"sameAs\":[\"https:\\\/\\\/www.facebook.com\\\/yasminmarkt1\",\"https:\\\/\\\/www.tiktok.com\\\/@yasminmarkt\",\"https:\\\/\\\/www.instagram.com\\\/yasmin.markt1\\\/\",\"https:\\\/\\\/api.whatsapp.com\\\/send\\\/?phone=41799000104\"],\"publishingPrinciples\":\"https:\\\/\\\/yasminfood.ch\\\/de\\\/shop\\\/\",\"ownershipFundingInfo\":\"https:\\\/\\\/yasminfood.ch\\\/de\\\/shop\\\/\"}]}<\/script>\n<meta property=\"product:price:amount\" content=\"2.50\" \/>\n<meta property=\"product:price:currency\" content=\"CHF\" \/>\n<meta property=\"og:availability\" content=\"instock\" \/>\n<meta property=\"product:availability\" content=\"instock\" \/>\n<meta property=\"product:condition\" content=\"new\" \/>\n<!-- \/ Yoast SEO Premium plugin. -->","yoast_head_json":{"title":"Hala Arabische Kaffeepackung 20g + Geschenkp\u00e4ckchen - Yasmin Food","description":"Hala Arabische Kaffeepackung 20g + Geschenkp\u00e4ckchen Genie\u00dfen Sie die Authentizit\u00e4t arabischer Gastfreundschaft mit Hala Cardamom Coffee, um in jeder Tasse einen reichen Geschmack zu bekommen, mit einem Sonderangebot, das einen zus\u00e4tzlichen Geschenkumschlag beinhaltet.","robots":{"index":"index","follow":"follow","max-snippet":"max-snippet:-1","max-image-preview":"max-image-preview:large","max-video-preview":"max-video-preview:-1"},"canonical":"https:\/\/yasminfood.ch\/de\/product\/hala-arabische-kaffeepackung-20g-geschenkpaeckchen\/","og_locale":"de_DE","og_type":"article","og_title":"Hala Arabische Kaffeepackung 20g + Geschenkp\u00e4ckchen","og_description":"Hala Arabische Kaffeepackung 20g + Geschenkp\u00e4ckchen    Genie\u00dfen Sie die Authentizit\u00e4t arabischer Gastfreundschaft mit Hala Cardamom Coffee, sorgf\u00e4ltig gemixt, um in jeder Tasse einen reichen Geschmack und einen unverwechselbaren Duft zu verleihen.        Mit einem Sonderangebot, das einen zus\u00e4tzlichen Geschenkumschlag beinhaltet.","og_url":"https:\/\/yasminfood.ch\/de\/product\/hala-arabische-kaffeepackung-20g-geschenkpaeckchen\/","og_site_name":"Yasmin Food","article_publisher":"https:\/\/www.facebook.com\/yasminmarkt1","article_modified_time":"2026-04-03T12:57:48+00:00","og_image":[{"width":1080,"height":1080,"url":"https:\/\/yasminfood.ch\/wp-content\/uploads\/2026\/04\/\u0642.png","type":"image\/png"}],"twitter_card":"summary_large_image","twitter_misc":{"Preis":"2.50&nbsp;&#67;&#72;&#70;","Verf\u00fcgbarkeit":"Auf Lager"},"schema":{"@context":"https:\/\/schema.org","@graph":[{"@type":"WebPage","@id":"https:\/\/yasminfood.ch\/de\/product\/hala-arabische-kaffeepackung-20g-geschenkpaeckchen\/","url":"https:\/\/yasminfood.ch\/de\/product\/hala-arabische-kaffeepackung-20g-geschenkpaeckchen\/","name":"Hala Arabische Kaffeepackung 20g + Geschenkp\u00e4ckchen - Yasmin Food","isPartOf":{"@id":"https:\/\/yasminfood.ch\/de\/#website"},"primaryImageOfPage":{"@id":"https:\/\/yasminfood.ch\/de\/product\/hala-arabische-kaffeepackung-20g-geschenkpaeckchen\/#primaryimage"},"image":{"@id":"https:\/\/yasminfood.ch\/de\/product\/hala-arabische-kaffeepackung-20g-geschenkpaeckchen\/#primaryimage"},"thumbnailUrl":"https:\/\/yasminfood.ch\/wp-content\/uploads\/2026\/04\/\u0642.png","datePublished":"2026-04-03T12:56:59+00:00","dateModified":"2026-04-03T12:57:48+00:00","description":"Hala Arabische Kaffeepackung 20g + Geschenkp\u00e4ckchen Genie\u00dfen Sie die Authentizit\u00e4t arabischer Gastfreundschaft mit Hala Cardamom Coffee, um in jeder Tasse einen reichen Geschmack zu bekommen, mit einem Sonderangebot, das einen zus\u00e4tzlichen Geschenkumschlag beinhaltet.","breadcrumb":{"@id":"https:\/\/yasminfood.ch\/de\/product\/hala-arabische-kaffeepackung-20g-geschenkpaeckchen\/#breadcrumb"},"inLanguage":"de","potentialAction":[{"@type":"ReadAction","target":["https:\/\/yasminfood.ch\/de\/product\/hala-arabische-kaffeepackung-20g-geschenkpaeckchen\/"]}]},{"@type":"ImageObject","inLanguage":"de","@id":"https:\/\/yasminfood.ch\/de\/product\/hala-arabische-kaffeepackung-20g-geschenkpaeckchen\/#primaryimage","url":"https:\/\/yasminfood.ch\/wp-content\/uploads\/2026\/04\/\u0642.png","contentUrl":"https:\/\/yasminfood.ch\/wp-content\/uploads\/2026\/04\/\u0642.png","width":1080,"height":1080,"caption":"Hala Arabische Kaffeepackung 20g + Geschenkp\u00e4ckchen"},{"@type":"BreadcrumbList","@id":"https:\/\/yasminfood.ch\/de\/product\/hala-arabische-kaffeepackung-20g-geschenkpaeckchen\/#breadcrumb","itemListElement":[{"@type":"ListItem","position":1,"name":"\u0627\u0644\u0631\u0626\u064a\u0633\u064a\u0629","item":"https:\/\/yasminfood.ch\/de\/zuhause\/"},{"@type":"ListItem","position":2,"name":"Shop","item":"https:\/\/yasminfood.ch\/de\/shop\/"},{"@type":"ListItem","position":3,"name":"Hala Arabische Kaffeepackung 20g + Geschenkp\u00e4ckchen"}]},{"@type":"WebSite","@id":"https:\/\/yasminfood.ch\/de\/#website","url":"https:\/\/yasminfood.ch\/de\/","name":"\u064a\u0627\u0633\u0645\u064a\u0646 \u0645\u0627\u0631\u0643\u062a","description":"Alles, was Sie brauchen, an einem Ort","publisher":{"@id":"https:\/\/yasminfood.ch\/de\/#organization"},"alternateName":"Yasmin Food","potentialAction":[{"@type":"SearchAction","target":{"@type":"EntryPoint","urlTemplate":"https:\/\/yasminfood.ch\/de\/?s={search_term_string}"},"query-input":{"@type":"PropertyValueSpecification","valueRequired":true,"valueName":"search_term_string"}}],"inLanguage":"de"},{"@type":"Organization","@id":"https:\/\/yasminfood.ch\/de\/#organization","name":"\u064a\u0627\u0633\u0645\u064a\u0646 \u0645\u0627\u0631\u0643\u062a","alternateName":"Yasmin Food","url":"https:\/\/yasminfood.ch\/de\/","logo":{"@type":"ImageObject","inLanguage":"de","@id":"https:\/\/yasminfood.ch\/de\/#\/schema\/logo\/image\/","url":"https:\/\/yasminfood.ch\/wp-content\/uploads\/2025\/05\/yasmin-food-header-logo.png","contentUrl":"https:\/\/yasminfood.ch\/wp-content\/uploads\/2025\/05\/yasmin-food-header-logo.png","width":330,"height":120,"caption":"\u064a\u0627\u0633\u0645\u064a\u0646 \u0645\u0627\u0631\u0643\u062a"},"image":{"@id":"https:\/\/yasminfood.ch\/de\/#\/schema\/logo\/image\/"},"sameAs":["https:\/\/www.facebook.com\/yasminmarkt1","https:\/\/www.tiktok.com\/@yasminmarkt","https:\/\/www.instagram.com\/yasmin.markt1\/","https:\/\/api.whatsapp.com\/send\/?phone=41799000104"],"publishingPrinciples":"https:\/\/yasminfood.ch\/de\/shop\/","ownershipFundingInfo":"https:\/\/yasminfood.ch\/de\/shop\/"}]},"product_price_amount":"2.50","product_price_currency":"CHF","og_availability":"instock","product_availability":"instock","product_condition":"new"},"jetpack_sharing_enabled":true,"_links":{"self":[{"href":"https:\/\/yasminfood.ch\/de\/wp-json\/wp\/v2\/product\/122235","targetHints":{"allow":["GET"]}}],"collection":[{"href":"https:\/\/yasminfood.ch\/de\/wp-json\/wp\/v2\/product"}],"about":[{"href":"https:\/\/yasminfood.ch\/de\/wp-json\/wp\/v2\/types\/product"}],"replies":[{"embeddable":true,"href":"https:\/\/yasminfood.ch\/de\/wp-json\/wp\/v2\/comments?post=122235"}],"version-history":[{"count":0,"href":"https:\/\/yasminfood.ch\/de\/wp-json\/wp\/v2\/product\/122235\/revisions"}],"wp:featuredmedia":[{"embeddable":true,"href":"https:\/\/yasminfood.ch\/de\/wp-json\/wp\/v2\/media\/122236"}],"wp:attachment":[{"href":"https:\/\/yasminfood.ch\/de\/wp-json\/wp\/v2\/media?parent=122235"}],"wp:term":[{"taxonomy":"product_brand","embeddable":true,"href":"https:\/\/yasminfood.ch\/de\/wp-json\/wp\/v2\/product_brand?post=122235"},{"taxonomy":"product_cat","embeddable":true,"href":"https:\/\/yasminfood.ch\/de\/wp-json\/wp\/v2\/product_cat?post=122235"},{"taxonomy":"product_tag","embeddable":true,"href":"https:\/\/yasminfood.ch\/de\/wp-json\/wp\/v2\/product_tag?post=122235"}],"curies":[{"name":"wp","href":"https:\/\/api.w.org\/{rel}","templated":true}]}}