{"id":122237,"date":"2026-04-03T14:40:07","date_gmt":"2026-04-03T12:40:07","guid":{"rendered":"https:\/\/yasminfood.ch\/product\/luxury-smoked-nuts-500g\/"},"modified":"2026-04-03T14:58:01","modified_gmt":"2026-04-03T12:58:01","slug":"luxury-smoked-nuts-500g","status":"publish","type":"product","link":"https:\/\/yasminfood.ch\/de\/product\/luxury-smoked-nuts-500g\/","title":{"rendered":"Luxury Smoked Nuts 500g"},"content":{"rendered":"<p><strong>Luxury Smoked Nuts 500g<\/strong><\/p>\n<div class=\"flex flex-col text-sm pb-25\">\n<section class=\"text-token-text-primary w-full focus:outline-none [--shadow-height:45px] has-data-writing-block:pointer-events-none has-data-writing-block:-mt-(--shadow-height) has-data-writing-block:pt-(--shadow-height) [&amp;:has([data-writing-block])&gt;*]:pointer-events-auto scroll-mt-[calc(var(--header-height)+min(200px,max(70px,20svh)))]\" dir=\"auto\" data-turn-id=\"request-WEB:6054ca55-a28d-4658-a847-60207b18624f-0\" data-testid=\"conversation-turn-2\" data-scroll-anchor=\"true\" data-turn=\"assistant\">\n<div class=\"text-base my-auto mx-auto pb-10 [--thread-content-margin:var(--thread-content-margin-xs,calc(var(--spacing)*4))] @w-sm\/main:[--thread-content-margin:var(--thread-content-margin-sm,calc(var(--spacing)*6))] @w-lg\/main:[--thread-content-margin:var(--thread-content-margin-lg,calc(var(--spacing)*16))] px-(--thread-content-margin)\">\n<div class=\"[--thread-content-max-width:40rem] @w-lg\/main:[--thread-content-max-width:48rem] mx-auto max-w-(--thread-content-max-width) flex-1 group\/turn-messages focus-visible:outline-hidden relative flex w-full min-w-0 flex-col agent-turn\">\n<div class=\"flex max-w-full flex-col gap-4 grow\">\n<div class=\"min-h-8 text-message relative flex w-full flex-col items-end gap-2 text-start break-words whitespace-normal outline-none keyboard-focused:focus-ring [.text-message+&amp;]:mt-1\" dir=\"auto\" tabindex=\"0\" data-message-author-role=\"assistant\" data-message-id=\"18e8cce9-2ec1-4b46-8450-f69521146063\" data-message-model-slug=\"gpt-5-3\" data-turn-start-message=\"true\">\n<div class=\"flex w-full flex-col gap-1 empty:hidden\">\n<div class=\"markdown prose dark:prose-invert w-full wrap-break-word light markdown-new-styling\">\n<ul>\n<li data-start=\"76\" data-end=\"248\">Genie\u00dfen Sie ein einzigartiges Geschmackserlebnis mit hochwertigen N\u00fcssen, gemischt mit ihrem reichen, rauchigen Geschmack.<\/li>\n<li data-start=\"76\" data-end=\"248\">Die feinsten N\u00fcsse wurden sorgf\u00e4ltig ausgew\u00e4hlt, um in jedem Bissen eine ausgewogene Kombination aus Knusprigkeit und k\u00f6stlichem Geschmack zu bieten.<\/li>\n<\/ul>\n<p data-start=\"250\" data-end=\"263\"><strong data-start=\"250\" data-end=\"263\">Funktionen:<\/strong><\/p>\n<ul data-start=\"264\" data-end=\"435\">\n<li data-section-id=\"1o7u7jm\" data-start=\"264\" data-end=\"306\">Eine Vielzahl hochwertiger N\u00fcsse \u2013 Cashewn\u00fcsse \u2013 Pistazien \u2013 Mandeln<\/li>\n<li data-section-id=\"66px3\" data-start=\"307\" data-end=\"348\">Rauchiger Geschmack, der einen unverwechselbaren und einzigartigen Charakter verleiht<\/li>\n<li data-section-id=\"cezx5t\" data-start=\"349\" data-end=\"400\">Ideal f\u00fcr Gastgewerbe, Snacks oder bei der Arbeit  <\/li>\n<li data-section-id=\"1ua1pzs\" data-start=\"401\" data-end=\"435\">Enge F\u00fcllung, um die Frische zu erhalten<\/li>\n<\/ul>\n<p data-start=\"437\" data-end=\"498\" data-is-last-node=\"\" data-is-only-node=\"\">Eine ideale Wahl f\u00fcr Nussliebhaber, die einen anderen Geschmack und ein einzigartiges Erlebnis suchen.<\/p>\n<\/div>\n<\/div>\n<\/div>\n<\/div>\n<div class=\"z-0 flex min-h-[46px] justify-start\"><\/div>\n<\/div>\n<\/div>\n<\/section>\n<\/div>\n<div class=\"pointer-events-none h-px w-px absolute bottom-0\" aria-hidden=\"true\" data-edge=\"true\"><\/div>\n","protected":false},"excerpt":{"rendered":"<p><strong>Luxury Smoked Nuts 500g<\/strong><\/p>\n<div class=\"flex flex-col text-sm pb-25\">\n<section class=\"text-token-text-primary w-full focus:outline-none [--shadow-height:45px] has-data-writing-block:pointer-events-none has-data-writing-block:-mt-(--shadow-height) has-data-writing-block:pt-(--shadow-height) [&amp;:has([data-writing-block])&gt;*]:pointer-events-auto scroll-mt-[calc(var(--header-height)+min(200px,max(70px,20svh)))]\" dir=\"auto\" data-turn-id=\"request-WEB:6054ca55-a28d-4658-a847-60207b18624f-0\" data-testid=\"conversation-turn-2\" data-scroll-anchor=\"true\" data-turn=\"assistant\">\n<div class=\"text-base my-auto mx-auto pb-10 [--thread-content-margin:var(--thread-content-margin-xs,calc(var(--spacing)*4))] @w-sm\/main:[--thread-content-margin:var(--thread-content-margin-sm,calc(var(--spacing)*6))] @w-lg\/main:[--thread-content-margin:var(--thread-content-margin-lg,calc(var(--spacing)*16))] px-(--thread-content-margin)\">\n<div class=\"[--thread-content-max-width:40rem] @w-lg\/main:[--thread-content-max-width:48rem] mx-auto max-w-(--thread-content-max-width) flex-1 group\/turn-messages focus-visible:outline-hidden relative flex w-full min-w-0 flex-col agent-turn\">\n<div class=\"flex max-w-full flex-col gap-4 grow\">\n<div class=\"min-h-8 text-message relative flex w-full flex-col items-end gap-2 text-start break-words whitespace-normal outline-none keyboard-focused:focus-ring [.text-message+&amp;]:mt-1\" dir=\"auto\" tabindex=\"0\" data-message-author-role=\"assistant\" data-message-id=\"18e8cce9-2ec1-4b46-8450-f69521146063\" data-message-model-slug=\"gpt-5-3\" data-turn-start-message=\"true\">\n<div class=\"flex w-full flex-col gap-1 empty:hidden\">\n<div class=\"markdown prose dark:prose-invert w-full wrap-break-word light markdown-new-styling\">\n<ul>\n<li data-start=\"76\" data-end=\"248\">Genie\u00dfen Sie ein einzigartiges Geschmackserlebnis mit hochwertigen N\u00fcssen, gemischt mit ihrem reichen, rauchigen Geschmack.<\/li>\n<li>Die feinsten N\u00fcsse wurden sorgf\u00e4ltig ausgew\u00e4hlt, um in jedem Bissen eine ausgewogene Kombination aus Knusprigkeit und k\u00f6stlichem Geschmack zu bieten.<\/li>\n<\/ul>\n<\/div>\n<\/div>\n<\/div>\n<\/div>\n<\/div>\n<\/div>\n<\/section>\n<\/div>\n","protected":false},"featured_media":122241,"comment_status":"open","ping_status":"closed","template":"","meta":[],"product_brand":[],"product_cat":[356,359],"product_tag":[],"class_list":{"0":"post-122237","1":"product","2":"type-product","3":"status-publish","4":"has-post-thumbnail","6":"product_cat-gewuerze-nuesse","7":"product_cat-nusse","9":"first","10":"instock","11":"taxable","12":"shipping-taxable","13":"purchasable","14":"product-type-simple"},"yoast_head":"<!-- This site is optimized with the Yoast SEO Premium plugin v26.5 (Yoast SEO v27.3) - https:\/\/yoast.com\/product\/yoast-seo-premium-wordpress\/ -->\n<title>Luxury Smoked Nuts 500g - Yasmin Food<\/title>\n<meta name=\"description\" content=\"Luxury Smoked Nuts 500g Luxury Smoked Nuts 500gGenie\u00dfen Sie ein einzigartiges Geschmackserlebnis mit luxuri\u00f6sen N\u00fcssen, gemischt mit ihrem reichen, rauchigen Geschmack. Hochwertige Cashews \u2013 Pistazien \u2013 Mandeln\" \/>\n<meta name=\"robots\" content=\"index, follow, max-snippet:-1, max-image-preview:large, max-video-preview:-1\" \/>\n<link rel=\"canonical\" href=\"https:\/\/yasminfood.ch\/de\/product\/luxury-smoked-nuts-500g\/\" \/>\n<meta property=\"og:locale\" content=\"de_DE\" \/>\n<meta property=\"og:type\" content=\"article\" \/>\n<meta property=\"og:title\" content=\"Luxury Smoked Nuts 500g\" \/>\n<meta property=\"og:description\" content=\"Luxury Smoked Nuts 500g      Genie\u00dfen Sie ein einzigartiges Geschmackserlebnis mit hochwertigen N\u00fcssen, gemischt mit ihrem reichen, rauchigen Geschmack.  Die feinsten N\u00fcsse wurden sorgf\u00e4ltig ausgew\u00e4hlt, um in jedem Bissen eine ausgewogene Kombination aus Knusprigkeit und k\u00f6stlichem Geschmack zu bieten.\" \/>\n<meta property=\"og:url\" content=\"https:\/\/yasminfood.ch\/de\/product\/luxury-smoked-nuts-500g\/\" \/>\n<meta property=\"og:site_name\" content=\"Yasmin Food\" \/>\n<meta property=\"article:publisher\" content=\"https:\/\/www.facebook.com\/yasminmarkt1\" \/>\n<meta property=\"article:modified_time\" content=\"2026-04-03T12:58:01+00:00\" \/>\n<meta property=\"og:image\" content=\"https:\/\/yasminfood.ch\/wp-content\/uploads\/2026\/04\/\u0645\u0643\u0633\u0631\u0627\u062a-\u0627\u0644\u0641\u0627\u062e\u0631-\u0645\u062f\u062e\u0646-500\u063a-1.png\" \/>\n\t<meta property=\"og:image:width\" content=\"1080\" \/>\n\t<meta property=\"og:image:height\" content=\"1080\" \/>\n\t<meta property=\"og:image:type\" content=\"image\/png\" \/>\n<meta name=\"twitter:card\" content=\"summary_large_image\" \/>\n<meta name=\"twitter:label1\" content=\"Preis\" \/>\n\t<meta name=\"twitter:data1\" content=\"15.00&nbsp;&#067;&#072;&#070;\" \/>\n\t<meta name=\"twitter:label2\" content=\"Verf\u00fcgbarkeit\" \/>\n\t<meta name=\"twitter:data2\" content=\"Auf Lager\" \/>\n<script type=\"application\/ld+json\" class=\"yoast-schema-graph\">{\"@context\":\"https:\\\/\\\/schema.org\",\"@graph\":[{\"@type\":\"WebPage\",\"@id\":\"https:\\\/\\\/yasminfood.ch\\\/de\\\/product\\\/luxury-smoked-nuts-500g\\\/\",\"url\":\"https:\\\/\\\/yasminfood.ch\\\/de\\\/product\\\/luxury-smoked-nuts-500g\\\/\",\"name\":\"Luxury Smoked Nuts 500g - Yasmin Food\",\"isPartOf\":{\"@id\":\"https:\\\/\\\/yasminfood.ch\\\/de\\\/#website\"},\"primaryImageOfPage\":{\"@id\":\"https:\\\/\\\/yasminfood.ch\\\/de\\\/product\\\/luxury-smoked-nuts-500g\\\/#primaryimage\"},\"image\":{\"@id\":\"https:\\\/\\\/yasminfood.ch\\\/de\\\/product\\\/luxury-smoked-nuts-500g\\\/#primaryimage\"},\"thumbnailUrl\":\"https:\\\/\\\/yasminfood.ch\\\/wp-content\\\/uploads\\\/2026\\\/04\\\/\u0645\u0643\u0633\u0631\u0627\u062a-\u0627\u0644\u0641\u0627\u062e\u0631-\u0645\u062f\u062e\u0646-500\u063a-1.png\",\"datePublished\":\"2026-04-03T12:40:07+00:00\",\"dateModified\":\"2026-04-03T12:58:01+00:00\",\"description\":\"Luxury Smoked Nuts 500g Luxury Smoked Nuts 500gGenie\u00dfen Sie ein einzigartiges Geschmackserlebnis mit luxuri\u00f6sen N\u00fcssen, gemischt mit ihrem reichen, rauchigen Geschmack. Hochwertige Cashews \u2013 Pistazien \u2013 Mandeln\",\"breadcrumb\":{\"@id\":\"https:\\\/\\\/yasminfood.ch\\\/de\\\/product\\\/luxury-smoked-nuts-500g\\\/#breadcrumb\"},\"inLanguage\":\"de\",\"potentialAction\":[{\"@type\":\"ReadAction\",\"target\":[\"https:\\\/\\\/yasminfood.ch\\\/de\\\/product\\\/luxury-smoked-nuts-500g\\\/\"]}]},{\"@type\":\"ImageObject\",\"inLanguage\":\"de\",\"@id\":\"https:\\\/\\\/yasminfood.ch\\\/de\\\/product\\\/luxury-smoked-nuts-500g\\\/#primaryimage\",\"url\":\"https:\\\/\\\/yasminfood.ch\\\/wp-content\\\/uploads\\\/2026\\\/04\\\/\u0645\u0643\u0633\u0631\u0627\u062a-\u0627\u0644\u0641\u0627\u062e\u0631-\u0645\u062f\u062e\u0646-500\u063a-1.png\",\"contentUrl\":\"https:\\\/\\\/yasminfood.ch\\\/wp-content\\\/uploads\\\/2026\\\/04\\\/\u0645\u0643\u0633\u0631\u0627\u062a-\u0627\u0644\u0641\u0627\u062e\u0631-\u0645\u062f\u062e\u0646-500\u063a-1.png\",\"width\":1080,\"height\":1080,\"caption\":\"Luxury Smoked Nuts 500g\"},{\"@type\":\"BreadcrumbList\",\"@id\":\"https:\\\/\\\/yasminfood.ch\\\/de\\\/product\\\/luxury-smoked-nuts-500g\\\/#breadcrumb\",\"itemListElement\":[{\"@type\":\"ListItem\",\"position\":1,\"name\":\"\u0627\u0644\u0631\u0626\u064a\u0633\u064a\u0629\",\"item\":\"https:\\\/\\\/yasminfood.ch\\\/de\\\/zuhause\\\/\"},{\"@type\":\"ListItem\",\"position\":2,\"name\":\"Shop\",\"item\":\"https:\\\/\\\/yasminfood.ch\\\/de\\\/shop\\\/\"},{\"@type\":\"ListItem\",\"position\":3,\"name\":\"Luxury Smoked Nuts 500g\"}]},{\"@type\":\"WebSite\",\"@id\":\"https:\\\/\\\/yasminfood.ch\\\/de\\\/#website\",\"url\":\"https:\\\/\\\/yasminfood.ch\\\/de\\\/\",\"name\":\"\u064a\u0627\u0633\u0645\u064a\u0646 \u0645\u0627\u0631\u0643\u062a\",\"description\":\"Alles, was Sie brauchen, an einem Ort\",\"publisher\":{\"@id\":\"https:\\\/\\\/yasminfood.ch\\\/de\\\/#organization\"},\"alternateName\":\"Yasmin Food\",\"potentialAction\":[{\"@type\":\"SearchAction\",\"target\":{\"@type\":\"EntryPoint\",\"urlTemplate\":\"https:\\\/\\\/yasminfood.ch\\\/de\\\/?s={search_term_string}\"},\"query-input\":{\"@type\":\"PropertyValueSpecification\",\"valueRequired\":true,\"valueName\":\"search_term_string\"}}],\"inLanguage\":\"de\"},{\"@type\":\"Organization\",\"@id\":\"https:\\\/\\\/yasminfood.ch\\\/de\\\/#organization\",\"name\":\"\u064a\u0627\u0633\u0645\u064a\u0646 \u0645\u0627\u0631\u0643\u062a\",\"alternateName\":\"Yasmin Food\",\"url\":\"https:\\\/\\\/yasminfood.ch\\\/de\\\/\",\"logo\":{\"@type\":\"ImageObject\",\"inLanguage\":\"de\",\"@id\":\"https:\\\/\\\/yasminfood.ch\\\/de\\\/#\\\/schema\\\/logo\\\/image\\\/\",\"url\":\"https:\\\/\\\/yasminfood.ch\\\/wp-content\\\/uploads\\\/2025\\\/05\\\/yasmin-food-header-logo.png\",\"contentUrl\":\"https:\\\/\\\/yasminfood.ch\\\/wp-content\\\/uploads\\\/2025\\\/05\\\/yasmin-food-header-logo.png\",\"width\":330,\"height\":120,\"caption\":\"\u064a\u0627\u0633\u0645\u064a\u0646 \u0645\u0627\u0631\u0643\u062a\"},\"image\":{\"@id\":\"https:\\\/\\\/yasminfood.ch\\\/de\\\/#\\\/schema\\\/logo\\\/image\\\/\"},\"sameAs\":[\"https:\\\/\\\/www.facebook.com\\\/yasminmarkt1\",\"https:\\\/\\\/www.tiktok.com\\\/@yasminmarkt\",\"https:\\\/\\\/www.instagram.com\\\/yasmin.markt1\\\/\",\"https:\\\/\\\/api.whatsapp.com\\\/send\\\/?phone=41799000104\"],\"publishingPrinciples\":\"https:\\\/\\\/yasminfood.ch\\\/de\\\/shop\\\/\",\"ownershipFundingInfo\":\"https:\\\/\\\/yasminfood.ch\\\/de\\\/shop\\\/\"}]}<\/script>\n<meta property=\"product:price:amount\" content=\"15.00\" \/>\n<meta property=\"product:price:currency\" content=\"CHF\" \/>\n<meta property=\"og:availability\" content=\"instock\" \/>\n<meta property=\"product:availability\" content=\"instock\" \/>\n<meta property=\"product:condition\" content=\"new\" \/>\n<!-- \/ Yoast SEO Premium plugin. -->","yoast_head_json":{"title":"Luxury Smoked Nuts 500g - Yasmin Food","description":"Luxury Smoked Nuts 500g Luxury Smoked Nuts 500gGenie\u00dfen Sie ein einzigartiges Geschmackserlebnis mit luxuri\u00f6sen N\u00fcssen, gemischt mit ihrem reichen, rauchigen Geschmack. Hochwertige Cashews \u2013 Pistazien \u2013 Mandeln","robots":{"index":"index","follow":"follow","max-snippet":"max-snippet:-1","max-image-preview":"max-image-preview:large","max-video-preview":"max-video-preview:-1"},"canonical":"https:\/\/yasminfood.ch\/de\/product\/luxury-smoked-nuts-500g\/","og_locale":"de_DE","og_type":"article","og_title":"Luxury Smoked Nuts 500g","og_description":"Luxury Smoked Nuts 500g      Genie\u00dfen Sie ein einzigartiges Geschmackserlebnis mit hochwertigen N\u00fcssen, gemischt mit ihrem reichen, rauchigen Geschmack.  Die feinsten N\u00fcsse wurden sorgf\u00e4ltig ausgew\u00e4hlt, um in jedem Bissen eine ausgewogene Kombination aus Knusprigkeit und k\u00f6stlichem Geschmack zu bieten.","og_url":"https:\/\/yasminfood.ch\/de\/product\/luxury-smoked-nuts-500g\/","og_site_name":"Yasmin Food","article_publisher":"https:\/\/www.facebook.com\/yasminmarkt1","article_modified_time":"2026-04-03T12:58:01+00:00","og_image":[{"width":1080,"height":1080,"url":"https:\/\/yasminfood.ch\/wp-content\/uploads\/2026\/04\/\u0645\u0643\u0633\u0631\u0627\u062a-\u0627\u0644\u0641\u0627\u062e\u0631-\u0645\u062f\u062e\u0646-500\u063a-1.png","type":"image\/png"}],"twitter_card":"summary_large_image","twitter_misc":{"Preis":"15.00&nbsp;&#67;&#72;&#70;","Verf\u00fcgbarkeit":"Auf Lager"},"schema":{"@context":"https:\/\/schema.org","@graph":[{"@type":"WebPage","@id":"https:\/\/yasminfood.ch\/de\/product\/luxury-smoked-nuts-500g\/","url":"https:\/\/yasminfood.ch\/de\/product\/luxury-smoked-nuts-500g\/","name":"Luxury Smoked Nuts 500g - Yasmin Food","isPartOf":{"@id":"https:\/\/yasminfood.ch\/de\/#website"},"primaryImageOfPage":{"@id":"https:\/\/yasminfood.ch\/de\/product\/luxury-smoked-nuts-500g\/#primaryimage"},"image":{"@id":"https:\/\/yasminfood.ch\/de\/product\/luxury-smoked-nuts-500g\/#primaryimage"},"thumbnailUrl":"https:\/\/yasminfood.ch\/wp-content\/uploads\/2026\/04\/\u0645\u0643\u0633\u0631\u0627\u062a-\u0627\u0644\u0641\u0627\u062e\u0631-\u0645\u062f\u062e\u0646-500\u063a-1.png","datePublished":"2026-04-03T12:40:07+00:00","dateModified":"2026-04-03T12:58:01+00:00","description":"Luxury Smoked Nuts 500g Luxury Smoked Nuts 500gGenie\u00dfen Sie ein einzigartiges Geschmackserlebnis mit luxuri\u00f6sen N\u00fcssen, gemischt mit ihrem reichen, rauchigen Geschmack. Hochwertige Cashews \u2013 Pistazien \u2013 Mandeln","breadcrumb":{"@id":"https:\/\/yasminfood.ch\/de\/product\/luxury-smoked-nuts-500g\/#breadcrumb"},"inLanguage":"de","potentialAction":[{"@type":"ReadAction","target":["https:\/\/yasminfood.ch\/de\/product\/luxury-smoked-nuts-500g\/"]}]},{"@type":"ImageObject","inLanguage":"de","@id":"https:\/\/yasminfood.ch\/de\/product\/luxury-smoked-nuts-500g\/#primaryimage","url":"https:\/\/yasminfood.ch\/wp-content\/uploads\/2026\/04\/\u0645\u0643\u0633\u0631\u0627\u062a-\u0627\u0644\u0641\u0627\u062e\u0631-\u0645\u062f\u062e\u0646-500\u063a-1.png","contentUrl":"https:\/\/yasminfood.ch\/wp-content\/uploads\/2026\/04\/\u0645\u0643\u0633\u0631\u0627\u062a-\u0627\u0644\u0641\u0627\u062e\u0631-\u0645\u062f\u062e\u0646-500\u063a-1.png","width":1080,"height":1080,"caption":"Luxury Smoked Nuts 500g"},{"@type":"BreadcrumbList","@id":"https:\/\/yasminfood.ch\/de\/product\/luxury-smoked-nuts-500g\/#breadcrumb","itemListElement":[{"@type":"ListItem","position":1,"name":"\u0627\u0644\u0631\u0626\u064a\u0633\u064a\u0629","item":"https:\/\/yasminfood.ch\/de\/zuhause\/"},{"@type":"ListItem","position":2,"name":"Shop","item":"https:\/\/yasminfood.ch\/de\/shop\/"},{"@type":"ListItem","position":3,"name":"Luxury Smoked Nuts 500g"}]},{"@type":"WebSite","@id":"https:\/\/yasminfood.ch\/de\/#website","url":"https:\/\/yasminfood.ch\/de\/","name":"\u064a\u0627\u0633\u0645\u064a\u0646 \u0645\u0627\u0631\u0643\u062a","description":"Alles, was Sie brauchen, an einem Ort","publisher":{"@id":"https:\/\/yasminfood.ch\/de\/#organization"},"alternateName":"Yasmin Food","potentialAction":[{"@type":"SearchAction","target":{"@type":"EntryPoint","urlTemplate":"https:\/\/yasminfood.ch\/de\/?s={search_term_string}"},"query-input":{"@type":"PropertyValueSpecification","valueRequired":true,"valueName":"search_term_string"}}],"inLanguage":"de"},{"@type":"Organization","@id":"https:\/\/yasminfood.ch\/de\/#organization","name":"\u064a\u0627\u0633\u0645\u064a\u0646 \u0645\u0627\u0631\u0643\u062a","alternateName":"Yasmin Food","url":"https:\/\/yasminfood.ch\/de\/","logo":{"@type":"ImageObject","inLanguage":"de","@id":"https:\/\/yasminfood.ch\/de\/#\/schema\/logo\/image\/","url":"https:\/\/yasminfood.ch\/wp-content\/uploads\/2025\/05\/yasmin-food-header-logo.png","contentUrl":"https:\/\/yasminfood.ch\/wp-content\/uploads\/2025\/05\/yasmin-food-header-logo.png","width":330,"height":120,"caption":"\u064a\u0627\u0633\u0645\u064a\u0646 \u0645\u0627\u0631\u0643\u062a"},"image":{"@id":"https:\/\/yasminfood.ch\/de\/#\/schema\/logo\/image\/"},"sameAs":["https:\/\/www.facebook.com\/yasminmarkt1","https:\/\/www.tiktok.com\/@yasminmarkt","https:\/\/www.instagram.com\/yasmin.markt1\/","https:\/\/api.whatsapp.com\/send\/?phone=41799000104"],"publishingPrinciples":"https:\/\/yasminfood.ch\/de\/shop\/","ownershipFundingInfo":"https:\/\/yasminfood.ch\/de\/shop\/"}]},"product_price_amount":"15.00","product_price_currency":"CHF","og_availability":"instock","product_availability":"instock","product_condition":"new"},"jetpack_sharing_enabled":true,"_links":{"self":[{"href":"https:\/\/yasminfood.ch\/de\/wp-json\/wp\/v2\/product\/122237","targetHints":{"allow":["GET"]}}],"collection":[{"href":"https:\/\/yasminfood.ch\/de\/wp-json\/wp\/v2\/product"}],"about":[{"href":"https:\/\/yasminfood.ch\/de\/wp-json\/wp\/v2\/types\/product"}],"replies":[{"embeddable":true,"href":"https:\/\/yasminfood.ch\/de\/wp-json\/wp\/v2\/comments?post=122237"}],"version-history":[{"count":0,"href":"https:\/\/yasminfood.ch\/de\/wp-json\/wp\/v2\/product\/122237\/revisions"}],"wp:featuredmedia":[{"embeddable":true,"href":"https:\/\/yasminfood.ch\/de\/wp-json\/wp\/v2\/media\/122241"}],"wp:attachment":[{"href":"https:\/\/yasminfood.ch\/de\/wp-json\/wp\/v2\/media?parent=122237"}],"wp:term":[{"taxonomy":"product_brand","embeddable":true,"href":"https:\/\/yasminfood.ch\/de\/wp-json\/wp\/v2\/product_brand?post=122237"},{"taxonomy":"product_cat","embeddable":true,"href":"https:\/\/yasminfood.ch\/de\/wp-json\/wp\/v2\/product_cat?post=122237"},{"taxonomy":"product_tag","embeddable":true,"href":"https:\/\/yasminfood.ch\/de\/wp-json\/wp\/v2\/product_tag?post=122237"}],"curies":[{"name":"wp","href":"https:\/\/api.w.org\/{rel}","templated":true}]}}