{"id":122249,"date":"2026-04-03T14:43:16","date_gmt":"2026-04-03T12:43:16","guid":{"rendered":"https:\/\/yasminfood.ch\/product\/premium-gesalzene-nuesse-500g\/"},"modified":"2026-04-03T14:58:03","modified_gmt":"2026-04-03T12:58:03","slug":"premium-gesalzene-nuesse-500g","status":"publish","type":"product","link":"https:\/\/yasminfood.ch\/de\/product\/premium-gesalzene-nuesse-500g\/","title":{"rendered":"Premium gesalzene N\u00fcsse 500g"},"content":{"rendered":"<p><strong>Premium gesalzene N\u00fcsse 500g<\/strong><\/p>\n<div class=\"flex flex-col text-sm pb-25\">\n<section class=\"text-token-text-primary w-full focus:outline-none [--shadow-height:45px] has-data-writing-block:pointer-events-none has-data-writing-block:-mt-(--shadow-height) has-data-writing-block:pt-(--shadow-height) [&amp;:has([data-writing-block])&gt;*]:pointer-events-auto scroll-mt-[calc(var(--header-height)+min(200px,max(70px,20svh)))]\" dir=\"auto\" data-turn-id=\"request-WEB:6054ca55-a28d-4658-a847-60207b18624f-1\" data-testid=\"conversation-turn-4\" data-scroll-anchor=\"true\" data-turn=\"assistant\">\n<div class=\"text-base my-auto mx-auto pb-10 [--thread-content-margin:var(--thread-content-margin-xs,calc(var(--spacing)*4))] @w-sm\/main:[--thread-content-margin:var(--thread-content-margin-sm,calc(var(--spacing)*6))] @w-lg\/main:[--thread-content-margin:var(--thread-content-margin-lg,calc(var(--spacing)*16))] px-(--thread-content-margin)\">\n<div class=\"[--thread-content-max-width:40rem] @w-lg\/main:[--thread-content-max-width:48rem] mx-auto max-w-(--thread-content-max-width) flex-1 group\/turn-messages focus-visible:outline-hidden relative flex w-full min-w-0 flex-col agent-turn\">\n<div class=\"flex max-w-full flex-col gap-4 grow\">\n<div class=\"min-h-8 text-message relative flex w-full flex-col items-end gap-2 text-start break-words whitespace-normal outline-none keyboard-focused:focus-ring [.text-message+&amp;]:mt-1\" dir=\"auto\" tabindex=\"0\" data-message-author-role=\"assistant\" data-message-id=\"f6f5dbfd-3b8f-4f64-8ab7-51b8d97c105f\" data-message-model-slug=\"gpt-5-3\" data-turn-start-message=\"true\">\n<div class=\"flex w-full flex-col gap-1 empty:hidden\">\n<div class=\"markdown prose dark:prose-invert w-full wrap-break-word light markdown-new-styling\">\n<ul>\n<li data-start=\"78\" data-end=\"246\">Genie\u00dfen Sie den klassischen Geschmack mit luxuri\u00f6sen N\u00fcssen, gemischt mit ihrem k\u00f6stlichen salzigen Geschmack,<\/li>\n<li data-start=\"78\" data-end=\"246\">Die feinsten N\u00fcsse wurden sorgf\u00e4ltig ger\u00f6stet, um den perfekten Crunch und einen ausgewogenen Geschmack f\u00fcr jeden Geschmack zu erhalten.<\/li>\n<\/ul>\n<p data-start=\"248\" data-end=\"261\"><strong data-start=\"248\" data-end=\"261\">Funktionen:<\/strong><\/p>\n<ul data-start=\"262\" data-end=\"458\">\n<li data-section-id=\"1ij52ld\" data-start=\"262\" data-end=\"314\">Eine luxuri\u00f6se Mischung aus Mandeln, Cashewn\u00fcssen und Pistazien <\/li>\n<li data-section-id=\"2ey1nk\" data-start=\"315\" data-end=\"364\">Der milde salzige Geschmack verst\u00e4rkt den nat\u00fcrlichen Geschmack von N\u00fcssen<\/li>\n<li data-section-id=\"zywmqw\" data-start=\"365\" data-end=\"417\">Geeignet zum Servieren bei Veranstaltungen oder als t\u00e4glichen Snack<\/li>\n<li data-section-id=\"71yvq7\" data-start=\"418\" data-end=\"458\">Versiegelte Verpackung, die Qualit\u00e4t und Frische bewahrt<\/li>\n<\/ul>\n<p data-start=\"460\" data-end=\"519\" data-is-last-node=\"\" data-is-only-node=\"\">Eine perfekte Wahl f\u00fcr Liebhaber reicher traditioneller Aromen und k\u00f6stlicher Knuspigkeit.<\/p>\n<\/div>\n<\/div>\n<\/div>\n<\/div>\n<div class=\"z-0 flex min-h-[46px] justify-start\"><\/div>\n<\/div>\n<\/div>\n<\/section>\n<\/div>\n<div class=\"pointer-events-none h-px w-px absolute bottom-0\" aria-hidden=\"true\" data-edge=\"true\"><\/div>\n","protected":false},"excerpt":{"rendered":"<p><strong>Premium gesalzene N\u00fcsse 500g<\/strong><\/p>\n<div class=\"flex flex-col text-sm pb-25\">\n<section class=\"text-token-text-primary w-full focus:outline-none [--shadow-height:45px] has-data-writing-block:pointer-events-none has-data-writing-block:-mt-(--shadow-height) has-data-writing-block:pt-(--shadow-height) [&amp;:has([data-writing-block])&gt;*]:pointer-events-auto scroll-mt-[calc(var(--header-height)+min(200px,max(70px,20svh)))]\" dir=\"auto\" data-turn-id=\"request-WEB:6054ca55-a28d-4658-a847-60207b18624f-1\" data-testid=\"conversation-turn-4\" data-scroll-anchor=\"true\" data-turn=\"assistant\">\n<div class=\"text-base my-auto mx-auto pb-10 [--thread-content-margin:var(--thread-content-margin-xs,calc(var(--spacing)*4))] @w-sm\/main:[--thread-content-margin:var(--thread-content-margin-sm,calc(var(--spacing)*6))] @w-lg\/main:[--thread-content-margin:var(--thread-content-margin-lg,calc(var(--spacing)*16))] px-(--thread-content-margin)\">\n<div class=\"[--thread-content-max-width:40rem] @w-lg\/main:[--thread-content-max-width:48rem] mx-auto max-w-(--thread-content-max-width) flex-1 group\/turn-messages focus-visible:outline-hidden relative flex w-full min-w-0 flex-col agent-turn\">\n<div class=\"flex max-w-full flex-col gap-4 grow\">\n<div class=\"min-h-8 text-message relative flex w-full flex-col items-end gap-2 text-start break-words whitespace-normal outline-none keyboard-focused:focus-ring [.text-message+&amp;]:mt-1\" dir=\"auto\" tabindex=\"0\" data-message-author-role=\"assistant\" data-message-id=\"f6f5dbfd-3b8f-4f64-8ab7-51b8d97c105f\" data-message-model-slug=\"gpt-5-3\" data-turn-start-message=\"true\">\n<div class=\"flex w-full flex-col gap-1 empty:hidden\">\n<div class=\"markdown prose dark:prose-invert w-full wrap-break-word light markdown-new-styling\">\n<ul>\n<li data-start=\"78\" data-end=\"246\">Genie\u00dfen Sie den klassischen Geschmack mit luxuri\u00f6sen N\u00fcssen, gemischt mit ihrem k\u00f6stlichen salzigen Geschmack,<\/li>\n<li data-start=\"78\" data-end=\"246\">Die feinsten N\u00fcsse wurden sorgf\u00e4ltig ger\u00f6stet, um den perfekten Crunch und einen ausgewogenen Geschmack f\u00fcr jeden Geschmack zu erhalten.<\/li>\n<\/ul>\n<p data-start=\"248\" data-end=\"261\">\n<\/div>\n<\/div>\n<\/div>\n<\/div>\n<\/div>\n<\/div>\n<\/section>\n<\/div>\n","protected":false},"featured_media":122239,"comment_status":"open","ping_status":"closed","template":"","meta":[],"product_brand":[],"product_cat":[356,359],"product_tag":[],"class_list":{"0":"post-122249","1":"product","2":"type-product","3":"status-publish","4":"has-post-thumbnail","6":"product_cat-gewuerze-nuesse","7":"product_cat-nusse","9":"first","10":"instock","11":"taxable","12":"shipping-taxable","13":"purchasable","14":"product-type-simple"},"yoast_head":"<!-- This site is optimized with the Yoast SEO Premium plugin v26.5 (Yoast SEO v27.3) - https:\/\/yoast.com\/product\/yoast-seo-premium-wordpress\/ -->\n<title>Premium gesalzene N\u00fcsse 500g - Yasmin Food<\/title>\n<meta name=\"description\" content=\"Premium gesalzene N\u00fcsse 500g Eine luxuri\u00f6se Mischung aus Mandeln, Cashewn\u00fcssen, Pistazien. Ein milder, salziger Geschmack, der den nat\u00fcrlichen Geschmack von N\u00fcssen verst\u00e4rkt. Geeignet f\u00fcr Anl\u00e4sse oder als t\u00e4glichen Snack.\" \/>\n<meta name=\"robots\" content=\"index, follow, max-snippet:-1, max-image-preview:large, max-video-preview:-1\" \/>\n<link rel=\"canonical\" href=\"https:\/\/yasminfood.ch\/de\/product\/premium-gesalzene-nuesse-500g\/\" \/>\n<meta property=\"og:locale\" content=\"de_DE\" \/>\n<meta property=\"og:type\" content=\"article\" \/>\n<meta property=\"og:title\" content=\"Premium gesalzene N\u00fcsse 500g\" \/>\n<meta property=\"og:description\" content=\"Premium gesalzene N\u00fcsse 500g      Genie\u00dfen Sie den klassischen Geschmack mit luxuri\u00f6sen N\u00fcssen, gemischt mit ihrem k\u00f6stlichen salzigen Geschmack,  Die feinsten N\u00fcsse wurden sorgf\u00e4ltig ger\u00f6stet, um den perfekten Crunch und einen ausgewogenen Geschmack f\u00fcr jeden Geschmack zu erhalten.\" \/>\n<meta property=\"og:url\" content=\"https:\/\/yasminfood.ch\/de\/product\/premium-gesalzene-nuesse-500g\/\" \/>\n<meta property=\"og:site_name\" content=\"Yasmin Food\" \/>\n<meta property=\"article:publisher\" content=\"https:\/\/www.facebook.com\/yasminmarkt1\" \/>\n<meta property=\"article:modified_time\" content=\"2026-04-03T12:58:03+00:00\" \/>\n<meta property=\"og:image\" content=\"https:\/\/yasminfood.ch\/wp-content\/uploads\/2026\/04\/\u0645\u0643\u0633\u0631\u0627\u062a-\u0627\u0644\u0641\u0627\u062e\u0631-\u0645\u0645\u0644\u062d500\u063a.png\" \/>\n\t<meta property=\"og:image:width\" content=\"1080\" \/>\n\t<meta property=\"og:image:height\" content=\"1080\" \/>\n\t<meta property=\"og:image:type\" content=\"image\/png\" \/>\n<meta name=\"twitter:card\" content=\"summary_large_image\" \/>\n<meta name=\"twitter:label1\" content=\"Preis\" \/>\n\t<meta name=\"twitter:data1\" content=\"15.00&nbsp;&#067;&#072;&#070;\" \/>\n\t<meta name=\"twitter:label2\" content=\"Verf\u00fcgbarkeit\" \/>\n\t<meta name=\"twitter:data2\" content=\"Auf Lager\" \/>\n<script type=\"application\/ld+json\" class=\"yoast-schema-graph\">{\"@context\":\"https:\\\/\\\/schema.org\",\"@graph\":[{\"@type\":\"WebPage\",\"@id\":\"https:\\\/\\\/yasminfood.ch\\\/de\\\/product\\\/premium-gesalzene-nuesse-500g\\\/\",\"url\":\"https:\\\/\\\/yasminfood.ch\\\/de\\\/product\\\/premium-gesalzene-nuesse-500g\\\/\",\"name\":\"Premium gesalzene N\u00fcsse 500g - Yasmin Food\",\"isPartOf\":{\"@id\":\"https:\\\/\\\/yasminfood.ch\\\/de\\\/#website\"},\"primaryImageOfPage\":{\"@id\":\"https:\\\/\\\/yasminfood.ch\\\/de\\\/product\\\/premium-gesalzene-nuesse-500g\\\/#primaryimage\"},\"image\":{\"@id\":\"https:\\\/\\\/yasminfood.ch\\\/de\\\/product\\\/premium-gesalzene-nuesse-500g\\\/#primaryimage\"},\"thumbnailUrl\":\"https:\\\/\\\/yasminfood.ch\\\/wp-content\\\/uploads\\\/2026\\\/04\\\/\u0645\u0643\u0633\u0631\u0627\u062a-\u0627\u0644\u0641\u0627\u062e\u0631-\u0645\u0645\u0644\u062d500\u063a.png\",\"datePublished\":\"2026-04-03T12:43:16+00:00\",\"dateModified\":\"2026-04-03T12:58:03+00:00\",\"description\":\"Premium gesalzene N\u00fcsse 500g Eine luxuri\u00f6se Mischung aus Mandeln, Cashewn\u00fcssen, Pistazien. Ein milder, salziger Geschmack, der den nat\u00fcrlichen Geschmack von N\u00fcssen verst\u00e4rkt. Geeignet f\u00fcr Anl\u00e4sse oder als t\u00e4glichen Snack.\",\"breadcrumb\":{\"@id\":\"https:\\\/\\\/yasminfood.ch\\\/de\\\/product\\\/premium-gesalzene-nuesse-500g\\\/#breadcrumb\"},\"inLanguage\":\"de\",\"potentialAction\":[{\"@type\":\"ReadAction\",\"target\":[\"https:\\\/\\\/yasminfood.ch\\\/de\\\/product\\\/premium-gesalzene-nuesse-500g\\\/\"]}]},{\"@type\":\"ImageObject\",\"inLanguage\":\"de\",\"@id\":\"https:\\\/\\\/yasminfood.ch\\\/de\\\/product\\\/premium-gesalzene-nuesse-500g\\\/#primaryimage\",\"url\":\"https:\\\/\\\/yasminfood.ch\\\/wp-content\\\/uploads\\\/2026\\\/04\\\/\u0645\u0643\u0633\u0631\u0627\u062a-\u0627\u0644\u0641\u0627\u062e\u0631-\u0645\u0645\u0644\u062d500\u063a.png\",\"contentUrl\":\"https:\\\/\\\/yasminfood.ch\\\/wp-content\\\/uploads\\\/2026\\\/04\\\/\u0645\u0643\u0633\u0631\u0627\u062a-\u0627\u0644\u0641\u0627\u062e\u0631-\u0645\u0645\u0644\u062d500\u063a.png\",\"width\":1080,\"height\":1080,\"caption\":\"Premium gesalzene N\u00fcsse 500g\"},{\"@type\":\"BreadcrumbList\",\"@id\":\"https:\\\/\\\/yasminfood.ch\\\/de\\\/product\\\/premium-gesalzene-nuesse-500g\\\/#breadcrumb\",\"itemListElement\":[{\"@type\":\"ListItem\",\"position\":1,\"name\":\"\u0627\u0644\u0631\u0626\u064a\u0633\u064a\u0629\",\"item\":\"https:\\\/\\\/yasminfood.ch\\\/de\\\/zuhause\\\/\"},{\"@type\":\"ListItem\",\"position\":2,\"name\":\"Shop\",\"item\":\"https:\\\/\\\/yasminfood.ch\\\/de\\\/shop\\\/\"},{\"@type\":\"ListItem\",\"position\":3,\"name\":\"Premium gesalzene N\u00fcsse 500g\"}]},{\"@type\":\"WebSite\",\"@id\":\"https:\\\/\\\/yasminfood.ch\\\/de\\\/#website\",\"url\":\"https:\\\/\\\/yasminfood.ch\\\/de\\\/\",\"name\":\"\u064a\u0627\u0633\u0645\u064a\u0646 \u0645\u0627\u0631\u0643\u062a\",\"description\":\"Alles, was Sie brauchen, an einem Ort\",\"publisher\":{\"@id\":\"https:\\\/\\\/yasminfood.ch\\\/de\\\/#organization\"},\"alternateName\":\"Yasmin Food\",\"potentialAction\":[{\"@type\":\"SearchAction\",\"target\":{\"@type\":\"EntryPoint\",\"urlTemplate\":\"https:\\\/\\\/yasminfood.ch\\\/de\\\/?s={search_term_string}\"},\"query-input\":{\"@type\":\"PropertyValueSpecification\",\"valueRequired\":true,\"valueName\":\"search_term_string\"}}],\"inLanguage\":\"de\"},{\"@type\":\"Organization\",\"@id\":\"https:\\\/\\\/yasminfood.ch\\\/de\\\/#organization\",\"name\":\"\u064a\u0627\u0633\u0645\u064a\u0646 \u0645\u0627\u0631\u0643\u062a\",\"alternateName\":\"Yasmin Food\",\"url\":\"https:\\\/\\\/yasminfood.ch\\\/de\\\/\",\"logo\":{\"@type\":\"ImageObject\",\"inLanguage\":\"de\",\"@id\":\"https:\\\/\\\/yasminfood.ch\\\/de\\\/#\\\/schema\\\/logo\\\/image\\\/\",\"url\":\"https:\\\/\\\/yasminfood.ch\\\/wp-content\\\/uploads\\\/2025\\\/05\\\/yasmin-food-header-logo.png\",\"contentUrl\":\"https:\\\/\\\/yasminfood.ch\\\/wp-content\\\/uploads\\\/2025\\\/05\\\/yasmin-food-header-logo.png\",\"width\":330,\"height\":120,\"caption\":\"\u064a\u0627\u0633\u0645\u064a\u0646 \u0645\u0627\u0631\u0643\u062a\"},\"image\":{\"@id\":\"https:\\\/\\\/yasminfood.ch\\\/de\\\/#\\\/schema\\\/logo\\\/image\\\/\"},\"sameAs\":[\"https:\\\/\\\/www.facebook.com\\\/yasminmarkt1\",\"https:\\\/\\\/www.tiktok.com\\\/@yasminmarkt\",\"https:\\\/\\\/www.instagram.com\\\/yasmin.markt1\\\/\",\"https:\\\/\\\/api.whatsapp.com\\\/send\\\/?phone=41799000104\"],\"publishingPrinciples\":\"https:\\\/\\\/yasminfood.ch\\\/de\\\/shop\\\/\",\"ownershipFundingInfo\":\"https:\\\/\\\/yasminfood.ch\\\/de\\\/shop\\\/\"}]}<\/script>\n<meta property=\"product:price:amount\" content=\"15.00\" \/>\n<meta property=\"product:price:currency\" content=\"CHF\" \/>\n<meta property=\"og:availability\" content=\"instock\" \/>\n<meta property=\"product:availability\" content=\"instock\" \/>\n<meta property=\"product:condition\" content=\"new\" \/>\n<!-- \/ Yoast SEO Premium plugin. -->","yoast_head_json":{"title":"Premium gesalzene N\u00fcsse 500g - Yasmin Food","description":"Premium gesalzene N\u00fcsse 500g Eine luxuri\u00f6se Mischung aus Mandeln, Cashewn\u00fcssen, Pistazien. Ein milder, salziger Geschmack, der den nat\u00fcrlichen Geschmack von N\u00fcssen verst\u00e4rkt. Geeignet f\u00fcr Anl\u00e4sse oder als t\u00e4glichen Snack.","robots":{"index":"index","follow":"follow","max-snippet":"max-snippet:-1","max-image-preview":"max-image-preview:large","max-video-preview":"max-video-preview:-1"},"canonical":"https:\/\/yasminfood.ch\/de\/product\/premium-gesalzene-nuesse-500g\/","og_locale":"de_DE","og_type":"article","og_title":"Premium gesalzene N\u00fcsse 500g","og_description":"Premium gesalzene N\u00fcsse 500g      Genie\u00dfen Sie den klassischen Geschmack mit luxuri\u00f6sen N\u00fcssen, gemischt mit ihrem k\u00f6stlichen salzigen Geschmack,  Die feinsten N\u00fcsse wurden sorgf\u00e4ltig ger\u00f6stet, um den perfekten Crunch und einen ausgewogenen Geschmack f\u00fcr jeden Geschmack zu erhalten.","og_url":"https:\/\/yasminfood.ch\/de\/product\/premium-gesalzene-nuesse-500g\/","og_site_name":"Yasmin Food","article_publisher":"https:\/\/www.facebook.com\/yasminmarkt1","article_modified_time":"2026-04-03T12:58:03+00:00","og_image":[{"width":1080,"height":1080,"url":"https:\/\/yasminfood.ch\/wp-content\/uploads\/2026\/04\/\u0645\u0643\u0633\u0631\u0627\u062a-\u0627\u0644\u0641\u0627\u062e\u0631-\u0645\u0645\u0644\u062d500\u063a.png","type":"image\/png"}],"twitter_card":"summary_large_image","twitter_misc":{"Preis":"15.00&nbsp;&#67;&#72;&#70;","Verf\u00fcgbarkeit":"Auf Lager"},"schema":{"@context":"https:\/\/schema.org","@graph":[{"@type":"WebPage","@id":"https:\/\/yasminfood.ch\/de\/product\/premium-gesalzene-nuesse-500g\/","url":"https:\/\/yasminfood.ch\/de\/product\/premium-gesalzene-nuesse-500g\/","name":"Premium gesalzene N\u00fcsse 500g - Yasmin Food","isPartOf":{"@id":"https:\/\/yasminfood.ch\/de\/#website"},"primaryImageOfPage":{"@id":"https:\/\/yasminfood.ch\/de\/product\/premium-gesalzene-nuesse-500g\/#primaryimage"},"image":{"@id":"https:\/\/yasminfood.ch\/de\/product\/premium-gesalzene-nuesse-500g\/#primaryimage"},"thumbnailUrl":"https:\/\/yasminfood.ch\/wp-content\/uploads\/2026\/04\/\u0645\u0643\u0633\u0631\u0627\u062a-\u0627\u0644\u0641\u0627\u062e\u0631-\u0645\u0645\u0644\u062d500\u063a.png","datePublished":"2026-04-03T12:43:16+00:00","dateModified":"2026-04-03T12:58:03+00:00","description":"Premium gesalzene N\u00fcsse 500g Eine luxuri\u00f6se Mischung aus Mandeln, Cashewn\u00fcssen, Pistazien. Ein milder, salziger Geschmack, der den nat\u00fcrlichen Geschmack von N\u00fcssen verst\u00e4rkt. Geeignet f\u00fcr Anl\u00e4sse oder als t\u00e4glichen Snack.","breadcrumb":{"@id":"https:\/\/yasminfood.ch\/de\/product\/premium-gesalzene-nuesse-500g\/#breadcrumb"},"inLanguage":"de","potentialAction":[{"@type":"ReadAction","target":["https:\/\/yasminfood.ch\/de\/product\/premium-gesalzene-nuesse-500g\/"]}]},{"@type":"ImageObject","inLanguage":"de","@id":"https:\/\/yasminfood.ch\/de\/product\/premium-gesalzene-nuesse-500g\/#primaryimage","url":"https:\/\/yasminfood.ch\/wp-content\/uploads\/2026\/04\/\u0645\u0643\u0633\u0631\u0627\u062a-\u0627\u0644\u0641\u0627\u062e\u0631-\u0645\u0645\u0644\u062d500\u063a.png","contentUrl":"https:\/\/yasminfood.ch\/wp-content\/uploads\/2026\/04\/\u0645\u0643\u0633\u0631\u0627\u062a-\u0627\u0644\u0641\u0627\u062e\u0631-\u0645\u0645\u0644\u062d500\u063a.png","width":1080,"height":1080,"caption":"Premium gesalzene N\u00fcsse 500g"},{"@type":"BreadcrumbList","@id":"https:\/\/yasminfood.ch\/de\/product\/premium-gesalzene-nuesse-500g\/#breadcrumb","itemListElement":[{"@type":"ListItem","position":1,"name":"\u0627\u0644\u0631\u0626\u064a\u0633\u064a\u0629","item":"https:\/\/yasminfood.ch\/de\/zuhause\/"},{"@type":"ListItem","position":2,"name":"Shop","item":"https:\/\/yasminfood.ch\/de\/shop\/"},{"@type":"ListItem","position":3,"name":"Premium gesalzene N\u00fcsse 500g"}]},{"@type":"WebSite","@id":"https:\/\/yasminfood.ch\/de\/#website","url":"https:\/\/yasminfood.ch\/de\/","name":"\u064a\u0627\u0633\u0645\u064a\u0646 \u0645\u0627\u0631\u0643\u062a","description":"Alles, was Sie brauchen, an einem Ort","publisher":{"@id":"https:\/\/yasminfood.ch\/de\/#organization"},"alternateName":"Yasmin Food","potentialAction":[{"@type":"SearchAction","target":{"@type":"EntryPoint","urlTemplate":"https:\/\/yasminfood.ch\/de\/?s={search_term_string}"},"query-input":{"@type":"PropertyValueSpecification","valueRequired":true,"valueName":"search_term_string"}}],"inLanguage":"de"},{"@type":"Organization","@id":"https:\/\/yasminfood.ch\/de\/#organization","name":"\u064a\u0627\u0633\u0645\u064a\u0646 \u0645\u0627\u0631\u0643\u062a","alternateName":"Yasmin Food","url":"https:\/\/yasminfood.ch\/de\/","logo":{"@type":"ImageObject","inLanguage":"de","@id":"https:\/\/yasminfood.ch\/de\/#\/schema\/logo\/image\/","url":"https:\/\/yasminfood.ch\/wp-content\/uploads\/2025\/05\/yasmin-food-header-logo.png","contentUrl":"https:\/\/yasminfood.ch\/wp-content\/uploads\/2025\/05\/yasmin-food-header-logo.png","width":330,"height":120,"caption":"\u064a\u0627\u0633\u0645\u064a\u0646 \u0645\u0627\u0631\u0643\u062a"},"image":{"@id":"https:\/\/yasminfood.ch\/de\/#\/schema\/logo\/image\/"},"sameAs":["https:\/\/www.facebook.com\/yasminmarkt1","https:\/\/www.tiktok.com\/@yasminmarkt","https:\/\/www.instagram.com\/yasmin.markt1\/","https:\/\/api.whatsapp.com\/send\/?phone=41799000104"],"publishingPrinciples":"https:\/\/yasminfood.ch\/de\/shop\/","ownershipFundingInfo":"https:\/\/yasminfood.ch\/de\/shop\/"}]},"product_price_amount":"15.00","product_price_currency":"CHF","og_availability":"instock","product_availability":"instock","product_condition":"new"},"jetpack_sharing_enabled":true,"_links":{"self":[{"href":"https:\/\/yasminfood.ch\/de\/wp-json\/wp\/v2\/product\/122249","targetHints":{"allow":["GET"]}}],"collection":[{"href":"https:\/\/yasminfood.ch\/de\/wp-json\/wp\/v2\/product"}],"about":[{"href":"https:\/\/yasminfood.ch\/de\/wp-json\/wp\/v2\/types\/product"}],"replies":[{"embeddable":true,"href":"https:\/\/yasminfood.ch\/de\/wp-json\/wp\/v2\/comments?post=122249"}],"version-history":[{"count":0,"href":"https:\/\/yasminfood.ch\/de\/wp-json\/wp\/v2\/product\/122249\/revisions"}],"wp:featuredmedia":[{"embeddable":true,"href":"https:\/\/yasminfood.ch\/de\/wp-json\/wp\/v2\/media\/122239"}],"wp:attachment":[{"href":"https:\/\/yasminfood.ch\/de\/wp-json\/wp\/v2\/media?parent=122249"}],"wp:term":[{"taxonomy":"product_brand","embeddable":true,"href":"https:\/\/yasminfood.ch\/de\/wp-json\/wp\/v2\/product_brand?post=122249"},{"taxonomy":"product_cat","embeddable":true,"href":"https:\/\/yasminfood.ch\/de\/wp-json\/wp\/v2\/product_cat?post=122249"},{"taxonomy":"product_tag","embeddable":true,"href":"https:\/\/yasminfood.ch\/de\/wp-json\/wp\/v2\/product_tag?post=122249"}],"curies":[{"name":"wp","href":"https:\/\/api.w.org\/{rel}","templated":true}]}}