{"id":122269,"date":"2026-04-08T14:29:42","date_gmt":"2026-04-08T12:29:42","guid":{"rendered":"https:\/\/yasminfood.ch\/product\/schwarze-wassermelonensamen-500g\/"},"modified":"2026-04-08T14:37:39","modified_gmt":"2026-04-08T12:37:39","slug":"schwarze-wassermelonensamen-500g","status":"publish","type":"product","link":"https:\/\/yasminfood.ch\/de\/product\/schwarze-wassermelonensamen-500g\/","title":{"rendered":"Schwarze Wassermelonensamen 500g"},"content":{"rendered":"<p><strong>Schwarze Wassermelonensamen 500g<\/strong><\/p>\n<ul>\n<li>Genie\u00dfe den Geschmack sorgf\u00e4ltig ger\u00f6steter Samen, um dir einen unverwechselbaren Crunch und einen reichen Geschmack zu geben.<\/li>\n<li data-start=\"49\" data-end=\"200\">Es ist eine ideale Wahl f\u00fcr t\u00e4gliche Unterhaltung oder f\u00fcr Familiensitzungen und Gastfreundschaft.<\/li>\n<\/ul>\n<p data-start=\"202\" data-end=\"215\"><strong data-start=\"202\" data-end=\"215\">Funktionen:<\/strong><\/p>\n<ul data-start=\"216\" data-end=\"403\">\n<li data-section-id=\"6tjlbk\" data-start=\"216\" data-end=\"244\">Hochwertige, ausgew\u00e4hlte Getreide<\/li>\n<li data-section-id=\"i8sshh\" data-start=\"245\" data-end=\"295\">Perfekt getoastet f\u00fcr einen k\u00f6stlichen Geschmack und perfekte Knusprigkeit<\/li>\n<li data-section-id=\"1blxqe5\" data-start=\"296\" data-end=\"348\">Reich an Proteinen und Mineralstoffen wie Eisen und Magnesium<\/li>\n<li data-section-id=\"mbeeus\" data-start=\"349\" data-end=\"377\">Frei von sch\u00e4dlichen Zusatzstoffen<\/li>\n<li data-section-id=\"1jf2sum\" data-start=\"378\" data-end=\"403\">Geeignet als gesunder Snack<\/li>\n<\/ul>\n<p data-start=\"405\" data-end=\"519\"><strong data-start=\"405\" data-end=\"415\">Gewicht:<\/strong> 500 g<\/p>\n","protected":false},"excerpt":{"rendered":"<p><strong>Schwarze Wassermelonensamen 500g<\/strong><\/p>\n<ul>\n<li data-start=\"49\" data-end=\"200\">Genie\u00dfe den Geschmack sorgf\u00e4ltig ger\u00f6steter Samen, um dir einen unverwechselbaren Crunch und einen reichen Geschmack zu geben.<\/li>\n<\/ul>\n<p data-start=\"202\" data-end=\"215\">\n","protected":false},"featured_media":122273,"comment_status":"open","ping_status":"closed","template":"","meta":[],"product_brand":[],"product_cat":[356,359],"product_tag":[],"class_list":{"0":"post-122269","1":"product","2":"type-product","3":"status-publish","4":"has-post-thumbnail","6":"product_cat-gewuerze-nuesse","7":"product_cat-nusse","9":"first","10":"instock","11":"taxable","12":"shipping-taxable","13":"purchasable","14":"product-type-simple"},"yoast_head":"<!-- This site is optimized with the Yoast SEO Premium plugin v26.5 (Yoast SEO v27.3) - https:\/\/yoast.com\/product\/yoast-seo-premium-wordpress\/ -->\n<title>Schwarze Wassermelonensamen 500g - Yasmin Food<\/title>\n<meta name=\"description\" content=\"Genie\u00dfen Sie den Geschmack des Bratens sorgf\u00e4ltig, um Ihnen einen unverwechselbaren Crunch und einen reichen Geschmack zu geben. Er ist eine ideale Wahl f\u00fcr allt\u00e4gliche Unterhaltung oder f\u00fcr Familientreffen und Gastfreundschaft.\" \/>\n<meta name=\"robots\" content=\"index, follow, max-snippet:-1, max-image-preview:large, max-video-preview:-1\" \/>\n<link rel=\"canonical\" href=\"https:\/\/yasminfood.ch\/de\/product\/schwarze-wassermelonensamen-500g\/\" \/>\n<meta property=\"og:locale\" content=\"de_DE\" \/>\n<meta property=\"og:type\" content=\"article\" \/>\n<meta property=\"og:title\" content=\"Schwarze Wassermelonensamen 500g\" \/>\n<meta property=\"og:description\" content=\"Schwarze Wassermelonensamen 500g  Genie\u00dfe den Geschmack sorgf\u00e4ltig ger\u00f6steter Samen, um dir einen unverwechselbaren Crunch und einen reichen Geschmack zu geben.\" \/>\n<meta property=\"og:url\" content=\"https:\/\/yasminfood.ch\/de\/product\/schwarze-wassermelonensamen-500g\/\" \/>\n<meta property=\"og:site_name\" content=\"Yasmin Food\" \/>\n<meta property=\"article:publisher\" content=\"https:\/\/www.facebook.com\/yasminmarkt1\" \/>\n<meta property=\"article:modified_time\" content=\"2026-04-08T12:37:39+00:00\" \/>\n<meta property=\"og:image\" content=\"https:\/\/yasminfood.ch\/wp-content\/uploads\/2026\/04\/\u0628\u0632\u0631-\u0628\u0637\u064a\u062e-\u0627\u0633\u0648\u062f.png\" \/>\n\t<meta property=\"og:image:width\" content=\"1080\" \/>\n\t<meta property=\"og:image:height\" content=\"1080\" \/>\n\t<meta property=\"og:image:type\" content=\"image\/png\" \/>\n<meta name=\"twitter:card\" content=\"summary_large_image\" \/>\n<meta name=\"twitter:label1\" content=\"Preis\" \/>\n\t<meta name=\"twitter:data1\" content=\"7.50&nbsp;&#067;&#072;&#070;\" \/>\n\t<meta name=\"twitter:label2\" content=\"Verf\u00fcgbarkeit\" \/>\n\t<meta name=\"twitter:data2\" content=\"Auf Lager\" \/>\n<script type=\"application\/ld+json\" class=\"yoast-schema-graph\">{\"@context\":\"https:\\\/\\\/schema.org\",\"@graph\":[{\"@type\":\"WebPage\",\"@id\":\"https:\\\/\\\/yasminfood.ch\\\/de\\\/product\\\/schwarze-wassermelonensamen-500g\\\/\",\"url\":\"https:\\\/\\\/yasminfood.ch\\\/de\\\/product\\\/schwarze-wassermelonensamen-500g\\\/\",\"name\":\"Schwarze Wassermelonensamen 500g - Yasmin Food\",\"isPartOf\":{\"@id\":\"https:\\\/\\\/yasminfood.ch\\\/de\\\/#website\"},\"primaryImageOfPage\":{\"@id\":\"https:\\\/\\\/yasminfood.ch\\\/de\\\/product\\\/schwarze-wassermelonensamen-500g\\\/#primaryimage\"},\"image\":{\"@id\":\"https:\\\/\\\/yasminfood.ch\\\/de\\\/product\\\/schwarze-wassermelonensamen-500g\\\/#primaryimage\"},\"thumbnailUrl\":\"https:\\\/\\\/yasminfood.ch\\\/wp-content\\\/uploads\\\/2026\\\/04\\\/\u0628\u0632\u0631-\u0628\u0637\u064a\u062e-\u0627\u0633\u0648\u062f.png\",\"datePublished\":\"2026-04-08T12:29:42+00:00\",\"dateModified\":\"2026-04-08T12:37:39+00:00\",\"description\":\"Genie\u00dfen Sie den Geschmack des Bratens sorgf\u00e4ltig, um Ihnen einen unverwechselbaren Crunch und einen reichen Geschmack zu geben. Er ist eine ideale Wahl f\u00fcr allt\u00e4gliche Unterhaltung oder f\u00fcr Familientreffen und Gastfreundschaft.\",\"breadcrumb\":{\"@id\":\"https:\\\/\\\/yasminfood.ch\\\/de\\\/product\\\/schwarze-wassermelonensamen-500g\\\/#breadcrumb\"},\"inLanguage\":\"de\",\"potentialAction\":[{\"@type\":\"ReadAction\",\"target\":[\"https:\\\/\\\/yasminfood.ch\\\/de\\\/product\\\/schwarze-wassermelonensamen-500g\\\/\"]}]},{\"@type\":\"ImageObject\",\"inLanguage\":\"de\",\"@id\":\"https:\\\/\\\/yasminfood.ch\\\/de\\\/product\\\/schwarze-wassermelonensamen-500g\\\/#primaryimage\",\"url\":\"https:\\\/\\\/yasminfood.ch\\\/wp-content\\\/uploads\\\/2026\\\/04\\\/\u0628\u0632\u0631-\u0628\u0637\u064a\u062e-\u0627\u0633\u0648\u062f.png\",\"contentUrl\":\"https:\\\/\\\/yasminfood.ch\\\/wp-content\\\/uploads\\\/2026\\\/04\\\/\u0628\u0632\u0631-\u0628\u0637\u064a\u062e-\u0627\u0633\u0648\u062f.png\",\"width\":1080,\"height\":1080,\"caption\":\"Schwarze Wassermelonensamen 500g\"},{\"@type\":\"BreadcrumbList\",\"@id\":\"https:\\\/\\\/yasminfood.ch\\\/de\\\/product\\\/schwarze-wassermelonensamen-500g\\\/#breadcrumb\",\"itemListElement\":[{\"@type\":\"ListItem\",\"position\":1,\"name\":\"\u0627\u0644\u0631\u0626\u064a\u0633\u064a\u0629\",\"item\":\"https:\\\/\\\/yasminfood.ch\\\/de\\\/zuhause\\\/\"},{\"@type\":\"ListItem\",\"position\":2,\"name\":\"Shop\",\"item\":\"https:\\\/\\\/yasminfood.ch\\\/de\\\/shop\\\/\"},{\"@type\":\"ListItem\",\"position\":3,\"name\":\"Schwarze Wassermelonensamen 500g\"}]},{\"@type\":\"WebSite\",\"@id\":\"https:\\\/\\\/yasminfood.ch\\\/de\\\/#website\",\"url\":\"https:\\\/\\\/yasminfood.ch\\\/de\\\/\",\"name\":\"\u064a\u0627\u0633\u0645\u064a\u0646 \u0645\u0627\u0631\u0643\u062a\",\"description\":\"Alles, was Sie brauchen, an einem Ort\",\"publisher\":{\"@id\":\"https:\\\/\\\/yasminfood.ch\\\/de\\\/#organization\"},\"alternateName\":\"Yasmin Food\",\"potentialAction\":[{\"@type\":\"SearchAction\",\"target\":{\"@type\":\"EntryPoint\",\"urlTemplate\":\"https:\\\/\\\/yasminfood.ch\\\/de\\\/?s={search_term_string}\"},\"query-input\":{\"@type\":\"PropertyValueSpecification\",\"valueRequired\":true,\"valueName\":\"search_term_string\"}}],\"inLanguage\":\"de\"},{\"@type\":\"Organization\",\"@id\":\"https:\\\/\\\/yasminfood.ch\\\/de\\\/#organization\",\"name\":\"\u064a\u0627\u0633\u0645\u064a\u0646 \u0645\u0627\u0631\u0643\u062a\",\"alternateName\":\"Yasmin Food\",\"url\":\"https:\\\/\\\/yasminfood.ch\\\/de\\\/\",\"logo\":{\"@type\":\"ImageObject\",\"inLanguage\":\"de\",\"@id\":\"https:\\\/\\\/yasminfood.ch\\\/de\\\/#\\\/schema\\\/logo\\\/image\\\/\",\"url\":\"https:\\\/\\\/yasminfood.ch\\\/wp-content\\\/uploads\\\/2025\\\/05\\\/yasmin-food-header-logo.png\",\"contentUrl\":\"https:\\\/\\\/yasminfood.ch\\\/wp-content\\\/uploads\\\/2025\\\/05\\\/yasmin-food-header-logo.png\",\"width\":330,\"height\":120,\"caption\":\"\u064a\u0627\u0633\u0645\u064a\u0646 \u0645\u0627\u0631\u0643\u062a\"},\"image\":{\"@id\":\"https:\\\/\\\/yasminfood.ch\\\/de\\\/#\\\/schema\\\/logo\\\/image\\\/\"},\"sameAs\":[\"https:\\\/\\\/www.facebook.com\\\/yasminmarkt1\",\"https:\\\/\\\/www.tiktok.com\\\/@yasminmarkt\",\"https:\\\/\\\/www.instagram.com\\\/yasmin.markt1\\\/\",\"https:\\\/\\\/api.whatsapp.com\\\/send\\\/?phone=41799000104\"],\"publishingPrinciples\":\"https:\\\/\\\/yasminfood.ch\\\/de\\\/shop\\\/\",\"ownershipFundingInfo\":\"https:\\\/\\\/yasminfood.ch\\\/de\\\/shop\\\/\"}]}<\/script>\n<meta property=\"product:price:amount\" content=\"7.50\" \/>\n<meta property=\"product:price:currency\" content=\"CHF\" \/>\n<meta property=\"og:availability\" content=\"instock\" \/>\n<meta property=\"product:availability\" content=\"instock\" \/>\n<meta property=\"product:condition\" content=\"new\" \/>\n<!-- \/ Yoast SEO Premium plugin. -->","yoast_head_json":{"title":"Schwarze Wassermelonensamen 500g - Yasmin Food","description":"Genie\u00dfen Sie den Geschmack des Bratens sorgf\u00e4ltig, um Ihnen einen unverwechselbaren Crunch und einen reichen Geschmack zu geben. Er ist eine ideale Wahl f\u00fcr allt\u00e4gliche Unterhaltung oder f\u00fcr Familientreffen und Gastfreundschaft.","robots":{"index":"index","follow":"follow","max-snippet":"max-snippet:-1","max-image-preview":"max-image-preview:large","max-video-preview":"max-video-preview:-1"},"canonical":"https:\/\/yasminfood.ch\/de\/product\/schwarze-wassermelonensamen-500g\/","og_locale":"de_DE","og_type":"article","og_title":"Schwarze Wassermelonensamen 500g","og_description":"Schwarze Wassermelonensamen 500g  Genie\u00dfe den Geschmack sorgf\u00e4ltig ger\u00f6steter Samen, um dir einen unverwechselbaren Crunch und einen reichen Geschmack zu geben.","og_url":"https:\/\/yasminfood.ch\/de\/product\/schwarze-wassermelonensamen-500g\/","og_site_name":"Yasmin Food","article_publisher":"https:\/\/www.facebook.com\/yasminmarkt1","article_modified_time":"2026-04-08T12:37:39+00:00","og_image":[{"width":1080,"height":1080,"url":"https:\/\/yasminfood.ch\/wp-content\/uploads\/2026\/04\/\u0628\u0632\u0631-\u0628\u0637\u064a\u062e-\u0627\u0633\u0648\u062f.png","type":"image\/png"}],"twitter_card":"summary_large_image","twitter_misc":{"Preis":"7.50&nbsp;&#67;&#72;&#70;","Verf\u00fcgbarkeit":"Auf Lager"},"schema":{"@context":"https:\/\/schema.org","@graph":[{"@type":"WebPage","@id":"https:\/\/yasminfood.ch\/de\/product\/schwarze-wassermelonensamen-500g\/","url":"https:\/\/yasminfood.ch\/de\/product\/schwarze-wassermelonensamen-500g\/","name":"Schwarze Wassermelonensamen 500g - Yasmin Food","isPartOf":{"@id":"https:\/\/yasminfood.ch\/de\/#website"},"primaryImageOfPage":{"@id":"https:\/\/yasminfood.ch\/de\/product\/schwarze-wassermelonensamen-500g\/#primaryimage"},"image":{"@id":"https:\/\/yasminfood.ch\/de\/product\/schwarze-wassermelonensamen-500g\/#primaryimage"},"thumbnailUrl":"https:\/\/yasminfood.ch\/wp-content\/uploads\/2026\/04\/\u0628\u0632\u0631-\u0628\u0637\u064a\u062e-\u0627\u0633\u0648\u062f.png","datePublished":"2026-04-08T12:29:42+00:00","dateModified":"2026-04-08T12:37:39+00:00","description":"Genie\u00dfen Sie den Geschmack des Bratens sorgf\u00e4ltig, um Ihnen einen unverwechselbaren Crunch und einen reichen Geschmack zu geben. Er ist eine ideale Wahl f\u00fcr allt\u00e4gliche Unterhaltung oder f\u00fcr Familientreffen und Gastfreundschaft.","breadcrumb":{"@id":"https:\/\/yasminfood.ch\/de\/product\/schwarze-wassermelonensamen-500g\/#breadcrumb"},"inLanguage":"de","potentialAction":[{"@type":"ReadAction","target":["https:\/\/yasminfood.ch\/de\/product\/schwarze-wassermelonensamen-500g\/"]}]},{"@type":"ImageObject","inLanguage":"de","@id":"https:\/\/yasminfood.ch\/de\/product\/schwarze-wassermelonensamen-500g\/#primaryimage","url":"https:\/\/yasminfood.ch\/wp-content\/uploads\/2026\/04\/\u0628\u0632\u0631-\u0628\u0637\u064a\u062e-\u0627\u0633\u0648\u062f.png","contentUrl":"https:\/\/yasminfood.ch\/wp-content\/uploads\/2026\/04\/\u0628\u0632\u0631-\u0628\u0637\u064a\u062e-\u0627\u0633\u0648\u062f.png","width":1080,"height":1080,"caption":"Schwarze Wassermelonensamen 500g"},{"@type":"BreadcrumbList","@id":"https:\/\/yasminfood.ch\/de\/product\/schwarze-wassermelonensamen-500g\/#breadcrumb","itemListElement":[{"@type":"ListItem","position":1,"name":"\u0627\u0644\u0631\u0626\u064a\u0633\u064a\u0629","item":"https:\/\/yasminfood.ch\/de\/zuhause\/"},{"@type":"ListItem","position":2,"name":"Shop","item":"https:\/\/yasminfood.ch\/de\/shop\/"},{"@type":"ListItem","position":3,"name":"Schwarze Wassermelonensamen 500g"}]},{"@type":"WebSite","@id":"https:\/\/yasminfood.ch\/de\/#website","url":"https:\/\/yasminfood.ch\/de\/","name":"\u064a\u0627\u0633\u0645\u064a\u0646 \u0645\u0627\u0631\u0643\u062a","description":"Alles, was Sie brauchen, an einem Ort","publisher":{"@id":"https:\/\/yasminfood.ch\/de\/#organization"},"alternateName":"Yasmin Food","potentialAction":[{"@type":"SearchAction","target":{"@type":"EntryPoint","urlTemplate":"https:\/\/yasminfood.ch\/de\/?s={search_term_string}"},"query-input":{"@type":"PropertyValueSpecification","valueRequired":true,"valueName":"search_term_string"}}],"inLanguage":"de"},{"@type":"Organization","@id":"https:\/\/yasminfood.ch\/de\/#organization","name":"\u064a\u0627\u0633\u0645\u064a\u0646 \u0645\u0627\u0631\u0643\u062a","alternateName":"Yasmin Food","url":"https:\/\/yasminfood.ch\/de\/","logo":{"@type":"ImageObject","inLanguage":"de","@id":"https:\/\/yasminfood.ch\/de\/#\/schema\/logo\/image\/","url":"https:\/\/yasminfood.ch\/wp-content\/uploads\/2025\/05\/yasmin-food-header-logo.png","contentUrl":"https:\/\/yasminfood.ch\/wp-content\/uploads\/2025\/05\/yasmin-food-header-logo.png","width":330,"height":120,"caption":"\u064a\u0627\u0633\u0645\u064a\u0646 \u0645\u0627\u0631\u0643\u062a"},"image":{"@id":"https:\/\/yasminfood.ch\/de\/#\/schema\/logo\/image\/"},"sameAs":["https:\/\/www.facebook.com\/yasminmarkt1","https:\/\/www.tiktok.com\/@yasminmarkt","https:\/\/www.instagram.com\/yasmin.markt1\/","https:\/\/api.whatsapp.com\/send\/?phone=41799000104"],"publishingPrinciples":"https:\/\/yasminfood.ch\/de\/shop\/","ownershipFundingInfo":"https:\/\/yasminfood.ch\/de\/shop\/"}]},"product_price_amount":"7.50","product_price_currency":"CHF","og_availability":"instock","product_availability":"instock","product_condition":"new"},"jetpack_sharing_enabled":true,"_links":{"self":[{"href":"https:\/\/yasminfood.ch\/de\/wp-json\/wp\/v2\/product\/122269","targetHints":{"allow":["GET"]}}],"collection":[{"href":"https:\/\/yasminfood.ch\/de\/wp-json\/wp\/v2\/product"}],"about":[{"href":"https:\/\/yasminfood.ch\/de\/wp-json\/wp\/v2\/types\/product"}],"replies":[{"embeddable":true,"href":"https:\/\/yasminfood.ch\/de\/wp-json\/wp\/v2\/comments?post=122269"}],"version-history":[{"count":0,"href":"https:\/\/yasminfood.ch\/de\/wp-json\/wp\/v2\/product\/122269\/revisions"}],"wp:featuredmedia":[{"embeddable":true,"href":"https:\/\/yasminfood.ch\/de\/wp-json\/wp\/v2\/media\/122273"}],"wp:attachment":[{"href":"https:\/\/yasminfood.ch\/de\/wp-json\/wp\/v2\/media?parent=122269"}],"wp:term":[{"taxonomy":"product_brand","embeddable":true,"href":"https:\/\/yasminfood.ch\/de\/wp-json\/wp\/v2\/product_brand?post=122269"},{"taxonomy":"product_cat","embeddable":true,"href":"https:\/\/yasminfood.ch\/de\/wp-json\/wp\/v2\/product_cat?post=122269"},{"taxonomy":"product_tag","embeddable":true,"href":"https:\/\/yasminfood.ch\/de\/wp-json\/wp\/v2\/product_tag?post=122269"}],"curies":[{"name":"wp","href":"https:\/\/api.w.org\/{rel}","templated":true}]}}