{"id":122310,"date":"2026-04-13T17:12:08","date_gmt":"2026-04-13T15:12:08","guid":{"rendered":"https:\/\/yasminfood.ch\/product\/kristallrest-mit-granatapfel-und-erdnusspistazie-500g\/"},"modified":"2026-04-13T17:23:18","modified_gmt":"2026-04-13T15:23:18","slug":"kristallrest-mit-granatapfel-und-erdnusspistazie-500g","status":"publish","type":"product","link":"https:\/\/yasminfood.ch\/de\/product\/kristallrest-mit-granatapfel-und-erdnusspistazie-500g\/","title":{"rendered":"Kristallrest mit Granatapfel und Erdnusspistazie 500g"},"content":{"rendered":"<p><strong>Kristallrest mit Granatapfel und Erdnusspistazie 500g<\/strong><\/p>\n<ul>\n<li data-start=\"125\" data-end=\"436\">Der s\u00e4uerliche, nat\u00fcrliche Geschmack von Granatapfel mischt sich mit knusprigen Erdnussst\u00fccken und bietet Ihnen ein reichhaltiges und ausgewogenes Erlebnis zwischen S\u00fc\u00dfe und Knuspigkeit.<\/li>\n<li data-start=\"125\" data-end=\"436\">Dieses Dessert hat eine weiche, auf der Zunge schmelzende kristalline Textur und ist damit eine ideale Wahl f\u00fcr Liebhaber feiner orientalischer Desserts. <\/li>\n<li data-start=\"125\" data-end=\"436\">Dieser Komfort wird mit hochwertigen Zutaten und individueller Verpackung zubereitet, die Zartheit und Geschmack bewahren.<\/li>\n<li data-start=\"125\" data-end=\"436\">Dadurch eignet es sich f\u00fcr Veranstaltungen und Gastgewerbe oder als Snack zu Kaffee oder Tee. <\/li>\n<\/ul>\n<hr data-start=\"625\" data-end=\"628\">\n<p data-start=\"630\" data-end=\"648\"><strong data-start=\"630\" data-end=\"648\">Produktmerkmale:<\/strong><\/p>\n<ul data-start=\"649\" data-end=\"802\">\n<li data-section-id=\"exw1na\" data-start=\"649\" data-end=\"676\">Nat\u00fcrlicher und erfrischender Granatapfelgeschmack<\/li>\n<li data-section-id=\"139alli\" data-start=\"677\" data-end=\"709\">Erdn\u00fcsse sorgen f\u00fcr einen k\u00f6stlichen Crunch<\/li>\n<li data-section-id=\"1o3looz\" data-start=\"710\" data-end=\"734\">Weiche und charakteristische kristalline Textur<\/li>\n<li data-section-id=\"12gdnmb\" data-start=\"735\" data-end=\"772\">Einzeln laminiert, um die Qualit\u00e4t zu erhalten<\/li>\n<li data-section-id=\"xr3v1o\" data-start=\"773\" data-end=\"802\">Ideal f\u00fcr Gastfreundschaft und Veranstaltungen<\/li>\n<\/ul>\n","protected":false},"excerpt":{"rendered":"<p><strong>Kristallrest mit Granatapfel und Erdnusspistazie 500g<\/strong><\/p>\n<ul>\n<li data-start=\"125\" data-end=\"436\">Der s\u00e4uerliche, nat\u00fcrliche Geschmack von Granatapfel mischt sich mit knusprigen Erdnussst\u00fccken und bietet Ihnen ein reichhaltiges und ausgewogenes Erlebnis zwischen S\u00fc\u00dfe und Knuspigkeit.<\/li>\n<li data-start=\"125\" data-end=\"436\">Dieses Dessert hat eine weiche, auf der Zunge schmelzende kristalline Textur und ist damit eine ideale Wahl f\u00fcr Liebhaber feiner orientalischer Desserts. <\/li>\n<\/ul>\n","protected":false},"featured_media":122311,"comment_status":"open","ping_status":"closed","template":"","meta":[],"product_brand":[],"product_cat":[301,297],"product_tag":[2360],"class_list":{"0":"post-122310","1":"product","2":"type-product","3":"status-publish","4":"has-post-thumbnail","6":"product_cat-arabische-suessigkeiten","7":"product_cat-dessert-chips-2","8":"product_tag-trost-mit-granatapfel","10":"first","11":"instock","12":"taxable","13":"shipping-taxable","14":"purchasable","15":"product-type-simple"},"yoast_head":"<!-- This site is optimized with the Yoast SEO Premium plugin v26.5 (Yoast SEO v27.4) - https:\/\/yoast.com\/product\/yoast-seo-premium-wordpress\/ -->\n<title>Kristallrest mit Granatapfel und Erdnusspistazie 500g - Yasmin Food<\/title>\n<meta name=\"description\" content=\"Der erfrischende nat\u00fcrliche Geschmack von Granatapfel mischt sich mit knusprigen Erdnussst\u00fccken und sorgt f\u00fcr ein reichhaltiges und ausgewogenes Erlebnis\" \/>\n<meta name=\"robots\" content=\"index, follow, max-snippet:-1, max-image-preview:large, max-video-preview:-1\" \/>\n<link rel=\"canonical\" href=\"https:\/\/yasminfood.ch\/de\/product\/kristallrest-mit-granatapfel-und-erdnusspistazie-500g\/\" \/>\n<meta property=\"og:locale\" content=\"de_DE\" \/>\n<meta property=\"og:type\" content=\"article\" \/>\n<meta property=\"og:title\" content=\"Kristallrest mit Granatapfel und Erdnusspistazie 500g\" \/>\n<meta property=\"og:description\" content=\"Kristallrest mit Granatapfel und Erdnusspistazie 500g  Der s\u00e4uerliche, nat\u00fcrliche Geschmack von Granatapfel mischt sich mit knusprigen Erdnussst\u00fccken und bietet Ihnen ein reichhaltiges und ausgewogenes Erlebnis zwischen S\u00fc\u00dfe und Knuspigkeit.  Dieses Dessert hat eine weiche, auf der Zunge schmelzende kristalline Textur und ist damit eine ideale Wahl f\u00fcr Liebhaber feiner orientalischer Desserts.\" \/>\n<meta property=\"og:url\" content=\"https:\/\/yasminfood.ch\/de\/product\/kristallrest-mit-granatapfel-und-erdnusspistazie-500g\/\" \/>\n<meta property=\"og:site_name\" content=\"Yasmin Food\" \/>\n<meta property=\"article:publisher\" content=\"https:\/\/www.facebook.com\/yasminmarkt1\" \/>\n<meta property=\"article:modified_time\" content=\"2026-04-13T15:23:18+00:00\" \/>\n<meta property=\"og:image\" content=\"https:\/\/yasminfood.ch\/wp-content\/uploads\/2026\/04\/\u0631\u0627\u062d\u0629-\u0628\u0644\u0648\u0631\u064a\u0629-\u0628\u0627\u0644\u0631\u0645\u0627\u0646-\u0648\u0627\u0644\u0641\u0633\u062a\u0642-\u0627\u0644\u0633\u0648\u062f\u0627\u0646\u064a.png\" \/>\n\t<meta property=\"og:image:width\" content=\"1080\" \/>\n\t<meta property=\"og:image:height\" content=\"1080\" \/>\n\t<meta property=\"og:image:type\" content=\"image\/png\" \/>\n<meta name=\"twitter:card\" content=\"summary_large_image\" \/>\n<meta name=\"twitter:label1\" content=\"Preis\" \/>\n\t<meta name=\"twitter:data1\" content=\"11.95&nbsp;&#067;&#072;&#070;\" \/>\n\t<meta name=\"twitter:label2\" content=\"Verf\u00fcgbarkeit\" \/>\n\t<meta name=\"twitter:data2\" content=\"Auf Lager\" \/>\n<script type=\"application\/ld+json\" class=\"yoast-schema-graph\">{\"@context\":\"https:\\\/\\\/schema.org\",\"@graph\":[{\"@type\":\"WebPage\",\"@id\":\"https:\\\/\\\/yasminfood.ch\\\/de\\\/product\\\/kristallrest-mit-granatapfel-und-erdnusspistazie-500g\\\/\",\"url\":\"https:\\\/\\\/yasminfood.ch\\\/de\\\/product\\\/kristallrest-mit-granatapfel-und-erdnusspistazie-500g\\\/\",\"name\":\"Kristallrest mit Granatapfel und Erdnusspistazie 500g - Yasmin Food\",\"isPartOf\":{\"@id\":\"https:\\\/\\\/yasminfood.ch\\\/de\\\/#website\"},\"primaryImageOfPage\":{\"@id\":\"https:\\\/\\\/yasminfood.ch\\\/de\\\/product\\\/kristallrest-mit-granatapfel-und-erdnusspistazie-500g\\\/#primaryimage\"},\"image\":{\"@id\":\"https:\\\/\\\/yasminfood.ch\\\/de\\\/product\\\/kristallrest-mit-granatapfel-und-erdnusspistazie-500g\\\/#primaryimage\"},\"thumbnailUrl\":\"https:\\\/\\\/yasminfood.ch\\\/wp-content\\\/uploads\\\/2026\\\/04\\\/\u0631\u0627\u062d\u0629-\u0628\u0644\u0648\u0631\u064a\u0629-\u0628\u0627\u0644\u0631\u0645\u0627\u0646-\u0648\u0627\u0644\u0641\u0633\u062a\u0642-\u0627\u0644\u0633\u0648\u062f\u0627\u0646\u064a.png\",\"datePublished\":\"2026-04-13T15:12:08+00:00\",\"dateModified\":\"2026-04-13T15:23:18+00:00\",\"description\":\"Der erfrischende nat\u00fcrliche Geschmack von Granatapfel mischt sich mit knusprigen Erdnussst\u00fccken und sorgt f\u00fcr ein reichhaltiges und ausgewogenes Erlebnis\",\"breadcrumb\":{\"@id\":\"https:\\\/\\\/yasminfood.ch\\\/de\\\/product\\\/kristallrest-mit-granatapfel-und-erdnusspistazie-500g\\\/#breadcrumb\"},\"inLanguage\":\"de\",\"potentialAction\":[{\"@type\":\"ReadAction\",\"target\":[\"https:\\\/\\\/yasminfood.ch\\\/de\\\/product\\\/kristallrest-mit-granatapfel-und-erdnusspistazie-500g\\\/\"]}]},{\"@type\":\"ImageObject\",\"inLanguage\":\"de\",\"@id\":\"https:\\\/\\\/yasminfood.ch\\\/de\\\/product\\\/kristallrest-mit-granatapfel-und-erdnusspistazie-500g\\\/#primaryimage\",\"url\":\"https:\\\/\\\/yasminfood.ch\\\/wp-content\\\/uploads\\\/2026\\\/04\\\/\u0631\u0627\u062d\u0629-\u0628\u0644\u0648\u0631\u064a\u0629-\u0628\u0627\u0644\u0631\u0645\u0627\u0646-\u0648\u0627\u0644\u0641\u0633\u062a\u0642-\u0627\u0644\u0633\u0648\u062f\u0627\u0646\u064a.png\",\"contentUrl\":\"https:\\\/\\\/yasminfood.ch\\\/wp-content\\\/uploads\\\/2026\\\/04\\\/\u0631\u0627\u062d\u0629-\u0628\u0644\u0648\u0631\u064a\u0629-\u0628\u0627\u0644\u0631\u0645\u0627\u0646-\u0648\u0627\u0644\u0641\u0633\u062a\u0642-\u0627\u0644\u0633\u0648\u062f\u0627\u0646\u064a.png\",\"width\":1080,\"height\":1080,\"caption\":\"Kristallrest mit Granatapfel und Erdnusspistazie 500g\"},{\"@type\":\"BreadcrumbList\",\"@id\":\"https:\\\/\\\/yasminfood.ch\\\/de\\\/product\\\/kristallrest-mit-granatapfel-und-erdnusspistazie-500g\\\/#breadcrumb\",\"itemListElement\":[{\"@type\":\"ListItem\",\"position\":1,\"name\":\"\u0627\u0644\u0631\u0626\u064a\u0633\u064a\u0629\",\"item\":\"https:\\\/\\\/yasminfood.ch\\\/de\\\/zuhause\\\/\"},{\"@type\":\"ListItem\",\"position\":2,\"name\":\"Shop\",\"item\":\"https:\\\/\\\/yasminfood.ch\\\/de\\\/shop\\\/\"},{\"@type\":\"ListItem\",\"position\":3,\"name\":\"Kristallrest mit Granatapfel und Erdnusspistazie 500g\"}]},{\"@type\":\"WebSite\",\"@id\":\"https:\\\/\\\/yasminfood.ch\\\/de\\\/#website\",\"url\":\"https:\\\/\\\/yasminfood.ch\\\/de\\\/\",\"name\":\"\u064a\u0627\u0633\u0645\u064a\u0646 \u0645\u0627\u0631\u0643\u062a\",\"description\":\"Alles, was Sie brauchen, an einem Ort\",\"publisher\":{\"@id\":\"https:\\\/\\\/yasminfood.ch\\\/de\\\/#organization\"},\"alternateName\":\"Yasmin Food\",\"potentialAction\":[{\"@type\":\"SearchAction\",\"target\":{\"@type\":\"EntryPoint\",\"urlTemplate\":\"https:\\\/\\\/yasminfood.ch\\\/de\\\/?s={search_term_string}\"},\"query-input\":{\"@type\":\"PropertyValueSpecification\",\"valueRequired\":true,\"valueName\":\"search_term_string\"}}],\"inLanguage\":\"de\"},{\"@type\":\"Organization\",\"@id\":\"https:\\\/\\\/yasminfood.ch\\\/de\\\/#organization\",\"name\":\"\u064a\u0627\u0633\u0645\u064a\u0646 \u0645\u0627\u0631\u0643\u062a\",\"alternateName\":\"Yasmin Food\",\"url\":\"https:\\\/\\\/yasminfood.ch\\\/de\\\/\",\"logo\":{\"@type\":\"ImageObject\",\"inLanguage\":\"de\",\"@id\":\"https:\\\/\\\/yasminfood.ch\\\/de\\\/#\\\/schema\\\/logo\\\/image\\\/\",\"url\":\"https:\\\/\\\/yasminfood.ch\\\/wp-content\\\/uploads\\\/2025\\\/05\\\/yasmin-food-header-logo.png\",\"contentUrl\":\"https:\\\/\\\/yasminfood.ch\\\/wp-content\\\/uploads\\\/2025\\\/05\\\/yasmin-food-header-logo.png\",\"width\":330,\"height\":120,\"caption\":\"\u064a\u0627\u0633\u0645\u064a\u0646 \u0645\u0627\u0631\u0643\u062a\"},\"image\":{\"@id\":\"https:\\\/\\\/yasminfood.ch\\\/de\\\/#\\\/schema\\\/logo\\\/image\\\/\"},\"sameAs\":[\"https:\\\/\\\/www.facebook.com\\\/yasminmarkt1\",\"https:\\\/\\\/www.tiktok.com\\\/@yasminmarkt\",\"https:\\\/\\\/www.instagram.com\\\/yasmin.markt1\\\/\",\"https:\\\/\\\/api.whatsapp.com\\\/send\\\/?phone=41799000104\"],\"publishingPrinciples\":\"https:\\\/\\\/yasminfood.ch\\\/de\\\/shop\\\/\",\"ownershipFundingInfo\":\"https:\\\/\\\/yasminfood.ch\\\/de\\\/shop\\\/\"}]}<\/script>\n<meta property=\"product:price:amount\" content=\"11.95\" \/>\n<meta property=\"product:price:currency\" content=\"CHF\" \/>\n<meta property=\"og:availability\" content=\"instock\" \/>\n<meta property=\"product:availability\" content=\"instock\" \/>\n<meta property=\"product:condition\" content=\"new\" \/>\n<!-- \/ Yoast SEO Premium plugin. -->","yoast_head_json":{"title":"Kristallrest mit Granatapfel und Erdnusspistazie 500g - Yasmin Food","description":"Der erfrischende nat\u00fcrliche Geschmack von Granatapfel mischt sich mit knusprigen Erdnussst\u00fccken und sorgt f\u00fcr ein reichhaltiges und ausgewogenes Erlebnis","robots":{"index":"index","follow":"follow","max-snippet":"max-snippet:-1","max-image-preview":"max-image-preview:large","max-video-preview":"max-video-preview:-1"},"canonical":"https:\/\/yasminfood.ch\/de\/product\/kristallrest-mit-granatapfel-und-erdnusspistazie-500g\/","og_locale":"de_DE","og_type":"article","og_title":"Kristallrest mit Granatapfel und Erdnusspistazie 500g","og_description":"Kristallrest mit Granatapfel und Erdnusspistazie 500g  Der s\u00e4uerliche, nat\u00fcrliche Geschmack von Granatapfel mischt sich mit knusprigen Erdnussst\u00fccken und bietet Ihnen ein reichhaltiges und ausgewogenes Erlebnis zwischen S\u00fc\u00dfe und Knuspigkeit.  Dieses Dessert hat eine weiche, auf der Zunge schmelzende kristalline Textur und ist damit eine ideale Wahl f\u00fcr Liebhaber feiner orientalischer Desserts.","og_url":"https:\/\/yasminfood.ch\/de\/product\/kristallrest-mit-granatapfel-und-erdnusspistazie-500g\/","og_site_name":"Yasmin Food","article_publisher":"https:\/\/www.facebook.com\/yasminmarkt1","article_modified_time":"2026-04-13T15:23:18+00:00","og_image":[{"width":1080,"height":1080,"url":"https:\/\/yasminfood.ch\/wp-content\/uploads\/2026\/04\/\u0631\u0627\u062d\u0629-\u0628\u0644\u0648\u0631\u064a\u0629-\u0628\u0627\u0644\u0631\u0645\u0627\u0646-\u0648\u0627\u0644\u0641\u0633\u062a\u0642-\u0627\u0644\u0633\u0648\u062f\u0627\u0646\u064a.png","type":"image\/png"}],"twitter_card":"summary_large_image","twitter_misc":{"Preis":"11.95&nbsp;&#67;&#72;&#70;","Verf\u00fcgbarkeit":"Auf Lager"},"schema":{"@context":"https:\/\/schema.org","@graph":[{"@type":"WebPage","@id":"https:\/\/yasminfood.ch\/de\/product\/kristallrest-mit-granatapfel-und-erdnusspistazie-500g\/","url":"https:\/\/yasminfood.ch\/de\/product\/kristallrest-mit-granatapfel-und-erdnusspistazie-500g\/","name":"Kristallrest mit Granatapfel und Erdnusspistazie 500g - Yasmin Food","isPartOf":{"@id":"https:\/\/yasminfood.ch\/de\/#website"},"primaryImageOfPage":{"@id":"https:\/\/yasminfood.ch\/de\/product\/kristallrest-mit-granatapfel-und-erdnusspistazie-500g\/#primaryimage"},"image":{"@id":"https:\/\/yasminfood.ch\/de\/product\/kristallrest-mit-granatapfel-und-erdnusspistazie-500g\/#primaryimage"},"thumbnailUrl":"https:\/\/yasminfood.ch\/wp-content\/uploads\/2026\/04\/\u0631\u0627\u062d\u0629-\u0628\u0644\u0648\u0631\u064a\u0629-\u0628\u0627\u0644\u0631\u0645\u0627\u0646-\u0648\u0627\u0644\u0641\u0633\u062a\u0642-\u0627\u0644\u0633\u0648\u062f\u0627\u0646\u064a.png","datePublished":"2026-04-13T15:12:08+00:00","dateModified":"2026-04-13T15:23:18+00:00","description":"Der erfrischende nat\u00fcrliche Geschmack von Granatapfel mischt sich mit knusprigen Erdnussst\u00fccken und sorgt f\u00fcr ein reichhaltiges und ausgewogenes Erlebnis","breadcrumb":{"@id":"https:\/\/yasminfood.ch\/de\/product\/kristallrest-mit-granatapfel-und-erdnusspistazie-500g\/#breadcrumb"},"inLanguage":"de","potentialAction":[{"@type":"ReadAction","target":["https:\/\/yasminfood.ch\/de\/product\/kristallrest-mit-granatapfel-und-erdnusspistazie-500g\/"]}]},{"@type":"ImageObject","inLanguage":"de","@id":"https:\/\/yasminfood.ch\/de\/product\/kristallrest-mit-granatapfel-und-erdnusspistazie-500g\/#primaryimage","url":"https:\/\/yasminfood.ch\/wp-content\/uploads\/2026\/04\/\u0631\u0627\u062d\u0629-\u0628\u0644\u0648\u0631\u064a\u0629-\u0628\u0627\u0644\u0631\u0645\u0627\u0646-\u0648\u0627\u0644\u0641\u0633\u062a\u0642-\u0627\u0644\u0633\u0648\u062f\u0627\u0646\u064a.png","contentUrl":"https:\/\/yasminfood.ch\/wp-content\/uploads\/2026\/04\/\u0631\u0627\u062d\u0629-\u0628\u0644\u0648\u0631\u064a\u0629-\u0628\u0627\u0644\u0631\u0645\u0627\u0646-\u0648\u0627\u0644\u0641\u0633\u062a\u0642-\u0627\u0644\u0633\u0648\u062f\u0627\u0646\u064a.png","width":1080,"height":1080,"caption":"Kristallrest mit Granatapfel und Erdnusspistazie 500g"},{"@type":"BreadcrumbList","@id":"https:\/\/yasminfood.ch\/de\/product\/kristallrest-mit-granatapfel-und-erdnusspistazie-500g\/#breadcrumb","itemListElement":[{"@type":"ListItem","position":1,"name":"\u0627\u0644\u0631\u0626\u064a\u0633\u064a\u0629","item":"https:\/\/yasminfood.ch\/de\/zuhause\/"},{"@type":"ListItem","position":2,"name":"Shop","item":"https:\/\/yasminfood.ch\/de\/shop\/"},{"@type":"ListItem","position":3,"name":"Kristallrest mit Granatapfel und Erdnusspistazie 500g"}]},{"@type":"WebSite","@id":"https:\/\/yasminfood.ch\/de\/#website","url":"https:\/\/yasminfood.ch\/de\/","name":"\u064a\u0627\u0633\u0645\u064a\u0646 \u0645\u0627\u0631\u0643\u062a","description":"Alles, was Sie brauchen, an einem Ort","publisher":{"@id":"https:\/\/yasminfood.ch\/de\/#organization"},"alternateName":"Yasmin Food","potentialAction":[{"@type":"SearchAction","target":{"@type":"EntryPoint","urlTemplate":"https:\/\/yasminfood.ch\/de\/?s={search_term_string}"},"query-input":{"@type":"PropertyValueSpecification","valueRequired":true,"valueName":"search_term_string"}}],"inLanguage":"de"},{"@type":"Organization","@id":"https:\/\/yasminfood.ch\/de\/#organization","name":"\u064a\u0627\u0633\u0645\u064a\u0646 \u0645\u0627\u0631\u0643\u062a","alternateName":"Yasmin Food","url":"https:\/\/yasminfood.ch\/de\/","logo":{"@type":"ImageObject","inLanguage":"de","@id":"https:\/\/yasminfood.ch\/de\/#\/schema\/logo\/image\/","url":"https:\/\/yasminfood.ch\/wp-content\/uploads\/2025\/05\/yasmin-food-header-logo.png","contentUrl":"https:\/\/yasminfood.ch\/wp-content\/uploads\/2025\/05\/yasmin-food-header-logo.png","width":330,"height":120,"caption":"\u064a\u0627\u0633\u0645\u064a\u0646 \u0645\u0627\u0631\u0643\u062a"},"image":{"@id":"https:\/\/yasminfood.ch\/de\/#\/schema\/logo\/image\/"},"sameAs":["https:\/\/www.facebook.com\/yasminmarkt1","https:\/\/www.tiktok.com\/@yasminmarkt","https:\/\/www.instagram.com\/yasmin.markt1\/","https:\/\/api.whatsapp.com\/send\/?phone=41799000104"],"publishingPrinciples":"https:\/\/yasminfood.ch\/de\/shop\/","ownershipFundingInfo":"https:\/\/yasminfood.ch\/de\/shop\/"}]},"product_price_amount":"11.95","product_price_currency":"CHF","og_availability":"instock","product_availability":"instock","product_condition":"new"},"jetpack_sharing_enabled":true,"_links":{"self":[{"href":"https:\/\/yasminfood.ch\/de\/wp-json\/wp\/v2\/product\/122310","targetHints":{"allow":["GET"]}}],"collection":[{"href":"https:\/\/yasminfood.ch\/de\/wp-json\/wp\/v2\/product"}],"about":[{"href":"https:\/\/yasminfood.ch\/de\/wp-json\/wp\/v2\/types\/product"}],"replies":[{"embeddable":true,"href":"https:\/\/yasminfood.ch\/de\/wp-json\/wp\/v2\/comments?post=122310"}],"version-history":[{"count":0,"href":"https:\/\/yasminfood.ch\/de\/wp-json\/wp\/v2\/product\/122310\/revisions"}],"wp:featuredmedia":[{"embeddable":true,"href":"https:\/\/yasminfood.ch\/de\/wp-json\/wp\/v2\/media\/122311"}],"wp:attachment":[{"href":"https:\/\/yasminfood.ch\/de\/wp-json\/wp\/v2\/media?parent=122310"}],"wp:term":[{"taxonomy":"product_brand","embeddable":true,"href":"https:\/\/yasminfood.ch\/de\/wp-json\/wp\/v2\/product_brand?post=122310"},{"taxonomy":"product_cat","embeddable":true,"href":"https:\/\/yasminfood.ch\/de\/wp-json\/wp\/v2\/product_cat?post=122310"},{"taxonomy":"product_tag","embeddable":true,"href":"https:\/\/yasminfood.ch\/de\/wp-json\/wp\/v2\/product_tag?post=122310"}],"curies":[{"name":"wp","href":"https:\/\/api.w.org\/{rel}","templated":true}]}}