{"id":122313,"date":"2026-04-13T17:00:01","date_gmt":"2026-04-13T15:00:01","guid":{"rendered":"https:\/\/yasminfood.ch\/product\/kokosnuss-suessigkeiten-500g\/"},"modified":"2026-04-13T17:23:34","modified_gmt":"2026-04-13T15:23:34","slug":"kokosnuss-suessigkeiten-500g","status":"publish","type":"product","link":"https:\/\/yasminfood.ch\/de\/product\/kokosnuss-suessigkeiten-500g\/","title":{"rendered":"Kokosnuss-S\u00fc\u00dfigkeiten 500g"},"content":{"rendered":"<p><strong>Kokosnuss-S\u00fc\u00dfigkeiten 500g<\/strong><\/p>\n<ul>\n<li data-start=\"106\" data-end=\"385\">Genie\u00dfe den k\u00f6stlichen Geschmack des reichen Kokosnussgeschmacks,<\/li>\n<li data-start=\"106\" data-end=\"385\">Sorgf\u00e4ltig zubereitet mit hochwertigen Zutaten, um Ihnen ein einzigartiges Erlebnis zu bieten, das authentischen Geschmack und k\u00f6stliche Textur verbindet.<\/li>\n<li data-start=\"106\" data-end=\"385\">Der echte Schatzzwerg ist eine ideale Wahl f\u00fcr Liebhaber orientalischer S\u00fc\u00dfigkeiten und leichter Snacks.<\/li>\n<\/ul>\n<ul data-start=\"635\" data-end=\"767\">\n<li data-section-id=\"1ai9f2g\" data-start=\"635\" data-end=\"669\">Reichhaltiger nat\u00fcrlicher Kokosgeschmack<\/li>\n<li data-section-id=\"8if3gq\" data-start=\"670\" data-end=\"688\">Weiche und k\u00f6stliche Textur<\/li>\n<li data-section-id=\"1pbnmyl\" data-start=\"689\" data-end=\"717\">Geeignet f\u00fcr Gastfreundschaft und Veranstaltungen<\/li>\n<li data-section-id=\"11grcud\" data-start=\"718\" data-end=\"748\">Verpackt auf eine Weise, die die Qualit\u00e4t bewahrt<\/li>\n<li data-section-id=\"1hmuvbk\" data-start=\"749\" data-end=\"767\">Perfekt als t\u00e4glicher Snack<\/li>\n<\/ul>\n","protected":false},"excerpt":{"rendered":"<p><strong>Kokosnuss-S\u00fc\u00dfigkeiten 500g<\/strong><\/p>\n<ul>\n<li data-start=\"106\" data-end=\"385\">\n<p data-start=\"929\" data-end=\"1059\">Kokosnussaromatisierter Kazmouz \u2013 Ein k\u00f6stliches orientalisches Dessert mit weicher Textur und reichem Geschmack, perfekt f\u00fcr Gastfreundschaft oder als t\u00e4glichen Snack. <\/p>\n<\/li>\n<\/ul>\n","protected":false},"featured_media":122327,"comment_status":"open","ping_status":"closed","template":"","meta":[],"product_brand":[],"product_cat":[297,310],"product_tag":[2364,2362,2363,2361],"class_list":{"0":"post-122313","1":"product","2":"type-product","3":"status-publish","4":"has-post-thumbnail","6":"product_cat-dessert-chips-2","7":"product_cat-suessigkeiten-schokolade","8":"product_tag-gastfreundschaft","9":"product_tag-kokosnuss","10":"product_tag-susigkeiten","11":"product_tag-zwerg","13":"first","14":"instock","15":"taxable","16":"shipping-taxable","17":"purchasable","18":"product-type-simple"},"yoast_head":"<!-- This site is optimized with the Yoast SEO Premium plugin v26.5 (Yoast SEO v27.4) - https:\/\/yoast.com\/product\/yoast-seo-premium-wordpress\/ -->\n<title>Kokosnuss-S\u00fc\u00dfigkeiten 500g - Yasmin Food<\/title>\n<meta name=\"description\" content=\"schmilzt auf der Zunge und hinterl\u00e4sst einen unverwechselbaren und unvergesslichen Geschmack. Genie\u00dfen Sie den k\u00f6stlichen Geschmack von Kazmouz-S\u00fc\u00dfigkeiten mit einem reichen Kokosaroma,\" \/>\n<meta name=\"robots\" content=\"index, follow, max-snippet:-1, max-image-preview:large, max-video-preview:-1\" \/>\n<link rel=\"canonical\" href=\"https:\/\/yasminfood.ch\/de\/product\/kokosnuss-suessigkeiten-500g\/\" \/>\n<meta property=\"og:locale\" content=\"de_DE\" \/>\n<meta property=\"og:type\" content=\"article\" \/>\n<meta property=\"og:title\" content=\"Kokosnuss-S\u00fc\u00dfigkeiten 500g\" \/>\n<meta property=\"og:description\" content=\"Kokosnuss-S\u00fc\u00dfigkeiten 500g   Kokosnussaromatisierter Kazmouz \u2013 Ein k\u00f6stliches orientalisches Dessert mit weicher Textur und reichem Geschmack, perfekt f\u00fcr Gastfreundschaft oder als t\u00e4glichen Snack.\" \/>\n<meta property=\"og:url\" content=\"https:\/\/yasminfood.ch\/de\/product\/kokosnuss-suessigkeiten-500g\/\" \/>\n<meta property=\"og:site_name\" content=\"Yasmin Food\" \/>\n<meta property=\"article:publisher\" content=\"https:\/\/www.facebook.com\/yasminmarkt1\" \/>\n<meta property=\"article:modified_time\" content=\"2026-04-13T15:23:34+00:00\" \/>\n<meta property=\"og:image\" content=\"https:\/\/yasminfood.ch\/wp-content\/uploads\/2026\/04\/\u0642\u0632\u0645\u0648\u0632-2.png\" \/>\n\t<meta property=\"og:image:width\" content=\"1080\" \/>\n\t<meta property=\"og:image:height\" content=\"1080\" \/>\n\t<meta property=\"og:image:type\" content=\"image\/png\" \/>\n<meta name=\"twitter:card\" content=\"summary_large_image\" \/>\n<meta name=\"twitter:label1\" content=\"Preis\" \/>\n\t<meta name=\"twitter:data1\" content=\"9.95&nbsp;&#067;&#072;&#070;\" \/>\n\t<meta name=\"twitter:label2\" content=\"Verf\u00fcgbarkeit\" \/>\n\t<meta name=\"twitter:data2\" content=\"Auf Lager\" \/>\n<script type=\"application\/ld+json\" class=\"yoast-schema-graph\">{\"@context\":\"https:\\\/\\\/schema.org\",\"@graph\":[{\"@type\":\"WebPage\",\"@id\":\"https:\\\/\\\/yasminfood.ch\\\/de\\\/product\\\/kokosnuss-suessigkeiten-500g\\\/\",\"url\":\"https:\\\/\\\/yasminfood.ch\\\/de\\\/product\\\/kokosnuss-suessigkeiten-500g\\\/\",\"name\":\"Kokosnuss-S\u00fc\u00dfigkeiten 500g - Yasmin Food\",\"isPartOf\":{\"@id\":\"https:\\\/\\\/yasminfood.ch\\\/de\\\/#website\"},\"primaryImageOfPage\":{\"@id\":\"https:\\\/\\\/yasminfood.ch\\\/de\\\/product\\\/kokosnuss-suessigkeiten-500g\\\/#primaryimage\"},\"image\":{\"@id\":\"https:\\\/\\\/yasminfood.ch\\\/de\\\/product\\\/kokosnuss-suessigkeiten-500g\\\/#primaryimage\"},\"thumbnailUrl\":\"https:\\\/\\\/yasminfood.ch\\\/wp-content\\\/uploads\\\/2026\\\/04\\\/\u0642\u0632\u0645\u0629\u0648.png\",\"datePublished\":\"2026-04-13T15:00:01+00:00\",\"dateModified\":\"2026-04-13T15:23:34+00:00\",\"description\":\"schmilzt auf der Zunge und hinterl\u00e4sst einen unverwechselbaren und unvergesslichen Geschmack. Genie\u00dfen Sie den k\u00f6stlichen Geschmack von Kazmouz-S\u00fc\u00dfigkeiten mit einem reichen Kokosaroma,\",\"breadcrumb\":{\"@id\":\"https:\\\/\\\/yasminfood.ch\\\/de\\\/product\\\/kokosnuss-suessigkeiten-500g\\\/#breadcrumb\"},\"inLanguage\":\"de\",\"potentialAction\":[{\"@type\":\"ReadAction\",\"target\":[\"https:\\\/\\\/yasminfood.ch\\\/de\\\/product\\\/kokosnuss-suessigkeiten-500g\\\/\"]}]},{\"@type\":\"ImageObject\",\"inLanguage\":\"de\",\"@id\":\"https:\\\/\\\/yasminfood.ch\\\/de\\\/product\\\/kokosnuss-suessigkeiten-500g\\\/#primaryimage\",\"url\":\"https:\\\/\\\/yasminfood.ch\\\/wp-content\\\/uploads\\\/2026\\\/04\\\/\u0642\u0632\u0645\u0629\u0648.png\",\"contentUrl\":\"https:\\\/\\\/yasminfood.ch\\\/wp-content\\\/uploads\\\/2026\\\/04\\\/\u0642\u0632\u0645\u0629\u0648.png\",\"width\":1080,\"height\":1080,\"caption\":\"\u0633\u0643\u0627\u0643\u0631 \u0642\u0632\u0645\u0648\u0632 \u0628\u062c\u0648\u0632 \u0627\u0644\u0647\u0646\u062f 500\u063a\"},{\"@type\":\"BreadcrumbList\",\"@id\":\"https:\\\/\\\/yasminfood.ch\\\/de\\\/product\\\/kokosnuss-suessigkeiten-500g\\\/#breadcrumb\",\"itemListElement\":[{\"@type\":\"ListItem\",\"position\":1,\"name\":\"\u0627\u0644\u0631\u0626\u064a\u0633\u064a\u0629\",\"item\":\"https:\\\/\\\/yasminfood.ch\\\/de\\\/zuhause\\\/\"},{\"@type\":\"ListItem\",\"position\":2,\"name\":\"Shop\",\"item\":\"https:\\\/\\\/yasminfood.ch\\\/de\\\/shop\\\/\"},{\"@type\":\"ListItem\",\"position\":3,\"name\":\"Kokosnuss-S\u00fc\u00dfigkeiten 500g\"}]},{\"@type\":\"WebSite\",\"@id\":\"https:\\\/\\\/yasminfood.ch\\\/de\\\/#website\",\"url\":\"https:\\\/\\\/yasminfood.ch\\\/de\\\/\",\"name\":\"\u064a\u0627\u0633\u0645\u064a\u0646 \u0645\u0627\u0631\u0643\u062a\",\"description\":\"Alles, was Sie brauchen, an einem Ort\",\"publisher\":{\"@id\":\"https:\\\/\\\/yasminfood.ch\\\/de\\\/#organization\"},\"alternateName\":\"Yasmin Food\",\"potentialAction\":[{\"@type\":\"SearchAction\",\"target\":{\"@type\":\"EntryPoint\",\"urlTemplate\":\"https:\\\/\\\/yasminfood.ch\\\/de\\\/?s={search_term_string}\"},\"query-input\":{\"@type\":\"PropertyValueSpecification\",\"valueRequired\":true,\"valueName\":\"search_term_string\"}}],\"inLanguage\":\"de\"},{\"@type\":\"Organization\",\"@id\":\"https:\\\/\\\/yasminfood.ch\\\/de\\\/#organization\",\"name\":\"\u064a\u0627\u0633\u0645\u064a\u0646 \u0645\u0627\u0631\u0643\u062a\",\"alternateName\":\"Yasmin Food\",\"url\":\"https:\\\/\\\/yasminfood.ch\\\/de\\\/\",\"logo\":{\"@type\":\"ImageObject\",\"inLanguage\":\"de\",\"@id\":\"https:\\\/\\\/yasminfood.ch\\\/de\\\/#\\\/schema\\\/logo\\\/image\\\/\",\"url\":\"https:\\\/\\\/yasminfood.ch\\\/wp-content\\\/uploads\\\/2025\\\/05\\\/yasmin-food-header-logo.png\",\"contentUrl\":\"https:\\\/\\\/yasminfood.ch\\\/wp-content\\\/uploads\\\/2025\\\/05\\\/yasmin-food-header-logo.png\",\"width\":330,\"height\":120,\"caption\":\"\u064a\u0627\u0633\u0645\u064a\u0646 \u0645\u0627\u0631\u0643\u062a\"},\"image\":{\"@id\":\"https:\\\/\\\/yasminfood.ch\\\/de\\\/#\\\/schema\\\/logo\\\/image\\\/\"},\"sameAs\":[\"https:\\\/\\\/www.facebook.com\\\/yasminmarkt1\",\"https:\\\/\\\/www.tiktok.com\\\/@yasminmarkt\",\"https:\\\/\\\/www.instagram.com\\\/yasmin.markt1\\\/\",\"https:\\\/\\\/api.whatsapp.com\\\/send\\\/?phone=41799000104\"],\"publishingPrinciples\":\"https:\\\/\\\/yasminfood.ch\\\/de\\\/shop\\\/\",\"ownershipFundingInfo\":\"https:\\\/\\\/yasminfood.ch\\\/de\\\/shop\\\/\"}]}<\/script>\n<meta property=\"product:price:amount\" content=\"9.95\" \/>\n<meta property=\"product:price:currency\" content=\"CHF\" \/>\n<meta property=\"og:availability\" content=\"instock\" \/>\n<meta property=\"product:availability\" content=\"instock\" \/>\n<meta property=\"product:condition\" content=\"new\" \/>\n<!-- \/ Yoast SEO Premium plugin. -->","yoast_head_json":{"title":"Kokosnuss-S\u00fc\u00dfigkeiten 500g - Yasmin Food","description":"schmilzt auf der Zunge und hinterl\u00e4sst einen unverwechselbaren und unvergesslichen Geschmack. Genie\u00dfen Sie den k\u00f6stlichen Geschmack von Kazmouz-S\u00fc\u00dfigkeiten mit einem reichen Kokosaroma,","robots":{"index":"index","follow":"follow","max-snippet":"max-snippet:-1","max-image-preview":"max-image-preview:large","max-video-preview":"max-video-preview:-1"},"canonical":"https:\/\/yasminfood.ch\/de\/product\/kokosnuss-suessigkeiten-500g\/","og_locale":"de_DE","og_type":"article","og_title":"Kokosnuss-S\u00fc\u00dfigkeiten 500g","og_description":"Kokosnuss-S\u00fc\u00dfigkeiten 500g   Kokosnussaromatisierter Kazmouz \u2013 Ein k\u00f6stliches orientalisches Dessert mit weicher Textur und reichem Geschmack, perfekt f\u00fcr Gastfreundschaft oder als t\u00e4glichen Snack.","og_url":"https:\/\/yasminfood.ch\/de\/product\/kokosnuss-suessigkeiten-500g\/","og_site_name":"Yasmin Food","article_publisher":"https:\/\/www.facebook.com\/yasminmarkt1","article_modified_time":"2026-04-13T15:23:34+00:00","og_image":[{"width":1080,"height":1080,"url":"https:\/\/yasminfood.ch\/wp-content\/uploads\/2026\/04\/\u0642\u0632\u0645\u0648\u0632-2.png","type":"image\/png"}],"twitter_card":"summary_large_image","twitter_misc":{"Preis":"9.95&nbsp;&#67;&#72;&#70;","Verf\u00fcgbarkeit":"Auf Lager"},"schema":{"@context":"https:\/\/schema.org","@graph":[{"@type":"WebPage","@id":"https:\/\/yasminfood.ch\/de\/product\/kokosnuss-suessigkeiten-500g\/","url":"https:\/\/yasminfood.ch\/de\/product\/kokosnuss-suessigkeiten-500g\/","name":"Kokosnuss-S\u00fc\u00dfigkeiten 500g - Yasmin Food","isPartOf":{"@id":"https:\/\/yasminfood.ch\/de\/#website"},"primaryImageOfPage":{"@id":"https:\/\/yasminfood.ch\/de\/product\/kokosnuss-suessigkeiten-500g\/#primaryimage"},"image":{"@id":"https:\/\/yasminfood.ch\/de\/product\/kokosnuss-suessigkeiten-500g\/#primaryimage"},"thumbnailUrl":"https:\/\/yasminfood.ch\/wp-content\/uploads\/2026\/04\/\u0642\u0632\u0645\u0629\u0648.png","datePublished":"2026-04-13T15:00:01+00:00","dateModified":"2026-04-13T15:23:34+00:00","description":"schmilzt auf der Zunge und hinterl\u00e4sst einen unverwechselbaren und unvergesslichen Geschmack. Genie\u00dfen Sie den k\u00f6stlichen Geschmack von Kazmouz-S\u00fc\u00dfigkeiten mit einem reichen Kokosaroma,","breadcrumb":{"@id":"https:\/\/yasminfood.ch\/de\/product\/kokosnuss-suessigkeiten-500g\/#breadcrumb"},"inLanguage":"de","potentialAction":[{"@type":"ReadAction","target":["https:\/\/yasminfood.ch\/de\/product\/kokosnuss-suessigkeiten-500g\/"]}]},{"@type":"ImageObject","inLanguage":"de","@id":"https:\/\/yasminfood.ch\/de\/product\/kokosnuss-suessigkeiten-500g\/#primaryimage","url":"https:\/\/yasminfood.ch\/wp-content\/uploads\/2026\/04\/\u0642\u0632\u0645\u0629\u0648.png","contentUrl":"https:\/\/yasminfood.ch\/wp-content\/uploads\/2026\/04\/\u0642\u0632\u0645\u0629\u0648.png","width":1080,"height":1080,"caption":"\u0633\u0643\u0627\u0643\u0631 \u0642\u0632\u0645\u0648\u0632 \u0628\u062c\u0648\u0632 \u0627\u0644\u0647\u0646\u062f 500\u063a"},{"@type":"BreadcrumbList","@id":"https:\/\/yasminfood.ch\/de\/product\/kokosnuss-suessigkeiten-500g\/#breadcrumb","itemListElement":[{"@type":"ListItem","position":1,"name":"\u0627\u0644\u0631\u0626\u064a\u0633\u064a\u0629","item":"https:\/\/yasminfood.ch\/de\/zuhause\/"},{"@type":"ListItem","position":2,"name":"Shop","item":"https:\/\/yasminfood.ch\/de\/shop\/"},{"@type":"ListItem","position":3,"name":"Kokosnuss-S\u00fc\u00dfigkeiten 500g"}]},{"@type":"WebSite","@id":"https:\/\/yasminfood.ch\/de\/#website","url":"https:\/\/yasminfood.ch\/de\/","name":"\u064a\u0627\u0633\u0645\u064a\u0646 \u0645\u0627\u0631\u0643\u062a","description":"Alles, was Sie brauchen, an einem Ort","publisher":{"@id":"https:\/\/yasminfood.ch\/de\/#organization"},"alternateName":"Yasmin Food","potentialAction":[{"@type":"SearchAction","target":{"@type":"EntryPoint","urlTemplate":"https:\/\/yasminfood.ch\/de\/?s={search_term_string}"},"query-input":{"@type":"PropertyValueSpecification","valueRequired":true,"valueName":"search_term_string"}}],"inLanguage":"de"},{"@type":"Organization","@id":"https:\/\/yasminfood.ch\/de\/#organization","name":"\u064a\u0627\u0633\u0645\u064a\u0646 \u0645\u0627\u0631\u0643\u062a","alternateName":"Yasmin Food","url":"https:\/\/yasminfood.ch\/de\/","logo":{"@type":"ImageObject","inLanguage":"de","@id":"https:\/\/yasminfood.ch\/de\/#\/schema\/logo\/image\/","url":"https:\/\/yasminfood.ch\/wp-content\/uploads\/2025\/05\/yasmin-food-header-logo.png","contentUrl":"https:\/\/yasminfood.ch\/wp-content\/uploads\/2025\/05\/yasmin-food-header-logo.png","width":330,"height":120,"caption":"\u064a\u0627\u0633\u0645\u064a\u0646 \u0645\u0627\u0631\u0643\u062a"},"image":{"@id":"https:\/\/yasminfood.ch\/de\/#\/schema\/logo\/image\/"},"sameAs":["https:\/\/www.facebook.com\/yasminmarkt1","https:\/\/www.tiktok.com\/@yasminmarkt","https:\/\/www.instagram.com\/yasmin.markt1\/","https:\/\/api.whatsapp.com\/send\/?phone=41799000104"],"publishingPrinciples":"https:\/\/yasminfood.ch\/de\/shop\/","ownershipFundingInfo":"https:\/\/yasminfood.ch\/de\/shop\/"}]},"product_price_amount":"9.95","product_price_currency":"CHF","og_availability":"instock","product_availability":"instock","product_condition":"new"},"jetpack_sharing_enabled":true,"_links":{"self":[{"href":"https:\/\/yasminfood.ch\/de\/wp-json\/wp\/v2\/product\/122313","targetHints":{"allow":["GET"]}}],"collection":[{"href":"https:\/\/yasminfood.ch\/de\/wp-json\/wp\/v2\/product"}],"about":[{"href":"https:\/\/yasminfood.ch\/de\/wp-json\/wp\/v2\/types\/product"}],"replies":[{"embeddable":true,"href":"https:\/\/yasminfood.ch\/de\/wp-json\/wp\/v2\/comments?post=122313"}],"version-history":[{"count":0,"href":"https:\/\/yasminfood.ch\/de\/wp-json\/wp\/v2\/product\/122313\/revisions"}],"wp:featuredmedia":[{"embeddable":true,"href":"https:\/\/yasminfood.ch\/de\/wp-json\/wp\/v2\/media\/122327"}],"wp:attachment":[{"href":"https:\/\/yasminfood.ch\/de\/wp-json\/wp\/v2\/media?parent=122313"}],"wp:term":[{"taxonomy":"product_brand","embeddable":true,"href":"https:\/\/yasminfood.ch\/de\/wp-json\/wp\/v2\/product_brand?post=122313"},{"taxonomy":"product_cat","embeddable":true,"href":"https:\/\/yasminfood.ch\/de\/wp-json\/wp\/v2\/product_cat?post=122313"},{"taxonomy":"product_tag","embeddable":true,"href":"https:\/\/yasminfood.ch\/de\/wp-json\/wp\/v2\/product_tag?post=122313"}],"curies":[{"name":"wp","href":"https:\/\/api.w.org\/{rel}","templated":true}]}}