{"id":122315,"date":"2026-04-13T17:21:55","date_gmt":"2026-04-13T15:21:55","guid":{"rendered":"https:\/\/yasminfood.ch\/product\/sesam-comfort-500g-al-mamoun\/"},"modified":"2026-04-13T17:23:35","modified_gmt":"2026-04-13T15:23:35","slug":"sesam-comfort-500g-al-mamoun","status":"publish","type":"product","link":"https:\/\/yasminfood.ch\/de\/product\/sesam-comfort-500g-al-mamoun\/","title":{"rendered":"Sesam Comfort 500g \u2013 Al Mamoun"},"content":{"rendered":"<p><strong>Sesam Comfort 500g \u2013 Al Mamoun<\/strong><\/p>\n<ul>\n<li data-start=\"116\" data-end=\"357\">Ein traditionelles orientalisches Dessert, das den satten, s\u00fc\u00dfen Geschmack mit dem Knusprigen nat\u00fcrlicher Sesambohnen verbindet.<\/li>\n<li data-start=\"116\" data-end=\"357\">Dieses Dessert hat au\u00dfen eine feste Textur und innen weich, was Ihnen in jedem St\u00fcck ein k\u00f6stliches und s\u00e4ttigendes Erlebnis bietet. <\/li>\n<li data-start=\"116\" data-end=\"357\">Die Araisiya wird mit den hochwertigsten Zutaten hergestellt, mit individueller Verpackung, die die Zartheit und den Geschmack bewahrt. <\/li>\n<li data-start=\"116\" data-end=\"357\">Eine ideale Wahl f\u00fcr Veranstaltungsgastfreundschaft oder als Snack mit Kaffee oder Tee zu genie\u00dfen. Das 500-G-Paket eignet sich f\u00fcr den t\u00e4glichen Gebrauch oder das Teilen mit der Familie. <\/li>\n<\/ul>\n<hr data-start=\"603\" data-end=\"606\">\n<p data-start=\"608\" data-end=\"626\"><strong data-start=\"608\" data-end=\"626\">Produktmerkmale:<\/strong><\/p>\n<ul data-start=\"627\" data-end=\"790\">\n<li data-section-id=\"rjs9aw\" data-start=\"627\" data-end=\"653\">Nat\u00fcrlicher Sesam, geschmacksreich<\/li>\n<li data-section-id=\"1wkau2d\" data-start=\"654\" data-end=\"693\">Knusprige Textur au\u00dfen und innen weich<\/li>\n<li data-section-id=\"kyalo4\" data-start=\"694\" data-end=\"722\">500g-Packung geeignet f\u00fcr die Familie<\/li>\n<li data-section-id=\"12gdnmb\" data-start=\"723\" data-end=\"760\">Einzeln laminiert, um die Qualit\u00e4t zu erhalten<\/li>\n<li data-section-id=\"xr3v1o\" data-start=\"761\" data-end=\"790\">Ideal f\u00fcr Gastfreundschaft und Veranstaltungen<\/li>\n<\/ul>\n","protected":false},"excerpt":{"rendered":"<p><strong>Sesam Comfort 500g \u2013 Al Mamoun<\/strong><\/p>\n<ul>\n<li data-start=\"116\" data-end=\"357\">Ein traditionelles orientalisches Dessert, das den satten, s\u00fc\u00dfen Geschmack mit dem Knusprigen nat\u00fcrlicher Sesambohnen verbindet.<\/li>\n<li data-start=\"116\" data-end=\"357\">Dieses Dessert hat au\u00dfen eine feste Textur und innen weich, was Ihnen in jedem St\u00fcck ein k\u00f6stliches und s\u00e4ttigendes Erlebnis bietet. <\/li>\n<\/ul>\n","protected":false},"featured_media":122317,"comment_status":"open","ping_status":"closed","template":"","meta":[],"product_brand":[],"product_cat":[301,297],"product_tag":[],"class_list":{"0":"post-122315","1":"product","2":"type-product","3":"status-publish","4":"has-post-thumbnail","6":"product_cat-arabische-suessigkeiten","7":"product_cat-dessert-chips-2","9":"first","10":"instock","11":"taxable","12":"shipping-taxable","13":"purchasable","14":"product-type-simple"},"yoast_head":"<!-- This site is optimized with the Yoast SEO Premium plugin v26.5 (Yoast SEO v27.4) - https:\/\/yoast.com\/product\/yoast-seo-premium-wordpress\/ -->\n<title>Sesam Comfort 500g \u2013 Al Mamoun - Yasmin Food<\/title>\n<meta name=\"description\" content=\"Ein traditionelles orientalisches Dessert, das den satten s\u00fc\u00dfen Geschmack mit dem Knusprigen nat\u00fcrlicher Sesambohnen verbindet.\" \/>\n<meta name=\"robots\" content=\"index, follow, max-snippet:-1, max-image-preview:large, max-video-preview:-1\" \/>\n<link rel=\"canonical\" href=\"https:\/\/yasminfood.ch\/de\/product\/sesam-comfort-500g-al-mamoun\/\" \/>\n<meta property=\"og:locale\" content=\"de_DE\" \/>\n<meta property=\"og:type\" content=\"article\" \/>\n<meta property=\"og:title\" content=\"Sesam Comfort 500g \u2013 Al Mamoun\" \/>\n<meta property=\"og:description\" content=\"Sesam Comfort 500g \u2013 Al Mamoun  Ein traditionelles orientalisches Dessert, das den satten, s\u00fc\u00dfen Geschmack mit dem Knusprigen nat\u00fcrlicher Sesambohnen verbindet.  Dieses Dessert hat au\u00dfen eine feste Textur und innen weich, was Ihnen in jedem St\u00fcck ein k\u00f6stliches und s\u00e4ttigendes Erlebnis bietet.\" \/>\n<meta property=\"og:url\" content=\"https:\/\/yasminfood.ch\/de\/product\/sesam-comfort-500g-al-mamoun\/\" \/>\n<meta property=\"og:site_name\" content=\"Yasmin Food\" \/>\n<meta property=\"article:publisher\" content=\"https:\/\/www.facebook.com\/yasminmarkt1\" \/>\n<meta property=\"article:modified_time\" content=\"2026-04-13T15:23:35+00:00\" \/>\n<meta property=\"og:image\" content=\"https:\/\/yasminfood.ch\/wp-content\/uploads\/2026\/04\/\u0639\u0631\u0627\u064a\u0633\u064a\u0629-\u0628\u0627\u0644\u0633\u0645\u0633\u0645-1-\u0643\u063a-\u0627\u0644\u0645\u0623\u0645\u0648\u0646.png\" \/>\n\t<meta property=\"og:image:width\" content=\"1080\" \/>\n\t<meta property=\"og:image:height\" content=\"1080\" \/>\n\t<meta property=\"og:image:type\" content=\"image\/png\" \/>\n<meta name=\"twitter:card\" content=\"summary_large_image\" \/>\n<meta name=\"twitter:label1\" content=\"Preis\" \/>\n\t<meta name=\"twitter:data1\" content=\"11.95&nbsp;&#067;&#072;&#070;\" \/>\n\t<meta name=\"twitter:label2\" content=\"Verf\u00fcgbarkeit\" \/>\n\t<meta name=\"twitter:data2\" content=\"Auf Lager\" \/>\n<script type=\"application\/ld+json\" class=\"yoast-schema-graph\">{\"@context\":\"https:\\\/\\\/schema.org\",\"@graph\":[{\"@type\":\"WebPage\",\"@id\":\"https:\\\/\\\/yasminfood.ch\\\/de\\\/product\\\/sesam-comfort-500g-al-mamoun\\\/\",\"url\":\"https:\\\/\\\/yasminfood.ch\\\/de\\\/product\\\/sesam-comfort-500g-al-mamoun\\\/\",\"name\":\"Sesam Comfort 500g \u2013 Al Mamoun - Yasmin Food\",\"isPartOf\":{\"@id\":\"https:\\\/\\\/yasminfood.ch\\\/de\\\/#website\"},\"primaryImageOfPage\":{\"@id\":\"https:\\\/\\\/yasminfood.ch\\\/de\\\/product\\\/sesam-comfort-500g-al-mamoun\\\/#primaryimage\"},\"image\":{\"@id\":\"https:\\\/\\\/yasminfood.ch\\\/de\\\/product\\\/sesam-comfort-500g-al-mamoun\\\/#primaryimage\"},\"thumbnailUrl\":\"https:\\\/\\\/yasminfood.ch\\\/wp-content\\\/uploads\\\/2026\\\/04\\\/\u0639\u0631\u0627\u064a\u0633\u064a\u0629-\u0628\u0627\u0644\u0633\u0645\u0633\u0645-1-\u0643\u063a-\u0627\u0644\u0645\u0623\u0645\u0648\u0646.png\",\"datePublished\":\"2026-04-13T15:21:55+00:00\",\"dateModified\":\"2026-04-13T15:23:35+00:00\",\"description\":\"Ein traditionelles orientalisches Dessert, das den satten s\u00fc\u00dfen Geschmack mit dem Knusprigen nat\u00fcrlicher Sesambohnen verbindet.\",\"breadcrumb\":{\"@id\":\"https:\\\/\\\/yasminfood.ch\\\/de\\\/product\\\/sesam-comfort-500g-al-mamoun\\\/#breadcrumb\"},\"inLanguage\":\"de\",\"potentialAction\":[{\"@type\":\"ReadAction\",\"target\":[\"https:\\\/\\\/yasminfood.ch\\\/de\\\/product\\\/sesam-comfort-500g-al-mamoun\\\/\"]}]},{\"@type\":\"ImageObject\",\"inLanguage\":\"de\",\"@id\":\"https:\\\/\\\/yasminfood.ch\\\/de\\\/product\\\/sesam-comfort-500g-al-mamoun\\\/#primaryimage\",\"url\":\"https:\\\/\\\/yasminfood.ch\\\/wp-content\\\/uploads\\\/2026\\\/04\\\/\u0639\u0631\u0627\u064a\u0633\u064a\u0629-\u0628\u0627\u0644\u0633\u0645\u0633\u0645-1-\u0643\u063a-\u0627\u0644\u0645\u0623\u0645\u0648\u0646.png\",\"contentUrl\":\"https:\\\/\\\/yasminfood.ch\\\/wp-content\\\/uploads\\\/2026\\\/04\\\/\u0639\u0631\u0627\u064a\u0633\u064a\u0629-\u0628\u0627\u0644\u0633\u0645\u0633\u0645-1-\u0643\u063a-\u0627\u0644\u0645\u0623\u0645\u0648\u0646.png\",\"width\":1080,\"height\":1080,\"caption\":\"Sesam Comfort 500g \u2013 Al Mamoun\"},{\"@type\":\"BreadcrumbList\",\"@id\":\"https:\\\/\\\/yasminfood.ch\\\/de\\\/product\\\/sesam-comfort-500g-al-mamoun\\\/#breadcrumb\",\"itemListElement\":[{\"@type\":\"ListItem\",\"position\":1,\"name\":\"\u0627\u0644\u0631\u0626\u064a\u0633\u064a\u0629\",\"item\":\"https:\\\/\\\/yasminfood.ch\\\/de\\\/zuhause\\\/\"},{\"@type\":\"ListItem\",\"position\":2,\"name\":\"Shop\",\"item\":\"https:\\\/\\\/yasminfood.ch\\\/de\\\/shop\\\/\"},{\"@type\":\"ListItem\",\"position\":3,\"name\":\"Sesam Comfort 500g \u2013 Al Mamoun\"}]},{\"@type\":\"WebSite\",\"@id\":\"https:\\\/\\\/yasminfood.ch\\\/de\\\/#website\",\"url\":\"https:\\\/\\\/yasminfood.ch\\\/de\\\/\",\"name\":\"\u064a\u0627\u0633\u0645\u064a\u0646 \u0645\u0627\u0631\u0643\u062a\",\"description\":\"Alles, was Sie brauchen, an einem Ort\",\"publisher\":{\"@id\":\"https:\\\/\\\/yasminfood.ch\\\/de\\\/#organization\"},\"alternateName\":\"Yasmin Food\",\"potentialAction\":[{\"@type\":\"SearchAction\",\"target\":{\"@type\":\"EntryPoint\",\"urlTemplate\":\"https:\\\/\\\/yasminfood.ch\\\/de\\\/?s={search_term_string}\"},\"query-input\":{\"@type\":\"PropertyValueSpecification\",\"valueRequired\":true,\"valueName\":\"search_term_string\"}}],\"inLanguage\":\"de\"},{\"@type\":\"Organization\",\"@id\":\"https:\\\/\\\/yasminfood.ch\\\/de\\\/#organization\",\"name\":\"\u064a\u0627\u0633\u0645\u064a\u0646 \u0645\u0627\u0631\u0643\u062a\",\"alternateName\":\"Yasmin Food\",\"url\":\"https:\\\/\\\/yasminfood.ch\\\/de\\\/\",\"logo\":{\"@type\":\"ImageObject\",\"inLanguage\":\"de\",\"@id\":\"https:\\\/\\\/yasminfood.ch\\\/de\\\/#\\\/schema\\\/logo\\\/image\\\/\",\"url\":\"https:\\\/\\\/yasminfood.ch\\\/wp-content\\\/uploads\\\/2025\\\/05\\\/yasmin-food-header-logo.png\",\"contentUrl\":\"https:\\\/\\\/yasminfood.ch\\\/wp-content\\\/uploads\\\/2025\\\/05\\\/yasmin-food-header-logo.png\",\"width\":330,\"height\":120,\"caption\":\"\u064a\u0627\u0633\u0645\u064a\u0646 \u0645\u0627\u0631\u0643\u062a\"},\"image\":{\"@id\":\"https:\\\/\\\/yasminfood.ch\\\/de\\\/#\\\/schema\\\/logo\\\/image\\\/\"},\"sameAs\":[\"https:\\\/\\\/www.facebook.com\\\/yasminmarkt1\",\"https:\\\/\\\/www.tiktok.com\\\/@yasminmarkt\",\"https:\\\/\\\/www.instagram.com\\\/yasmin.markt1\\\/\",\"https:\\\/\\\/api.whatsapp.com\\\/send\\\/?phone=41799000104\"],\"publishingPrinciples\":\"https:\\\/\\\/yasminfood.ch\\\/de\\\/shop\\\/\",\"ownershipFundingInfo\":\"https:\\\/\\\/yasminfood.ch\\\/de\\\/shop\\\/\"}]}<\/script>\n<meta property=\"product:price:amount\" content=\"11.95\" \/>\n<meta property=\"product:price:currency\" content=\"CHF\" \/>\n<meta property=\"og:availability\" content=\"instock\" \/>\n<meta property=\"product:availability\" content=\"instock\" \/>\n<meta property=\"product:condition\" content=\"new\" \/>\n<!-- \/ Yoast SEO Premium plugin. -->","yoast_head_json":{"title":"Sesam Comfort 500g \u2013 Al Mamoun - Yasmin Food","description":"Ein traditionelles orientalisches Dessert, das den satten s\u00fc\u00dfen Geschmack mit dem Knusprigen nat\u00fcrlicher Sesambohnen verbindet.","robots":{"index":"index","follow":"follow","max-snippet":"max-snippet:-1","max-image-preview":"max-image-preview:large","max-video-preview":"max-video-preview:-1"},"canonical":"https:\/\/yasminfood.ch\/de\/product\/sesam-comfort-500g-al-mamoun\/","og_locale":"de_DE","og_type":"article","og_title":"Sesam Comfort 500g \u2013 Al Mamoun","og_description":"Sesam Comfort 500g \u2013 Al Mamoun  Ein traditionelles orientalisches Dessert, das den satten, s\u00fc\u00dfen Geschmack mit dem Knusprigen nat\u00fcrlicher Sesambohnen verbindet.  Dieses Dessert hat au\u00dfen eine feste Textur und innen weich, was Ihnen in jedem St\u00fcck ein k\u00f6stliches und s\u00e4ttigendes Erlebnis bietet.","og_url":"https:\/\/yasminfood.ch\/de\/product\/sesam-comfort-500g-al-mamoun\/","og_site_name":"Yasmin Food","article_publisher":"https:\/\/www.facebook.com\/yasminmarkt1","article_modified_time":"2026-04-13T15:23:35+00:00","og_image":[{"width":1080,"height":1080,"url":"https:\/\/yasminfood.ch\/wp-content\/uploads\/2026\/04\/\u0639\u0631\u0627\u064a\u0633\u064a\u0629-\u0628\u0627\u0644\u0633\u0645\u0633\u0645-1-\u0643\u063a-\u0627\u0644\u0645\u0623\u0645\u0648\u0646.png","type":"image\/png"}],"twitter_card":"summary_large_image","twitter_misc":{"Preis":"11.95&nbsp;&#67;&#72;&#70;","Verf\u00fcgbarkeit":"Auf Lager"},"schema":{"@context":"https:\/\/schema.org","@graph":[{"@type":"WebPage","@id":"https:\/\/yasminfood.ch\/de\/product\/sesam-comfort-500g-al-mamoun\/","url":"https:\/\/yasminfood.ch\/de\/product\/sesam-comfort-500g-al-mamoun\/","name":"Sesam Comfort 500g \u2013 Al Mamoun - Yasmin Food","isPartOf":{"@id":"https:\/\/yasminfood.ch\/de\/#website"},"primaryImageOfPage":{"@id":"https:\/\/yasminfood.ch\/de\/product\/sesam-comfort-500g-al-mamoun\/#primaryimage"},"image":{"@id":"https:\/\/yasminfood.ch\/de\/product\/sesam-comfort-500g-al-mamoun\/#primaryimage"},"thumbnailUrl":"https:\/\/yasminfood.ch\/wp-content\/uploads\/2026\/04\/\u0639\u0631\u0627\u064a\u0633\u064a\u0629-\u0628\u0627\u0644\u0633\u0645\u0633\u0645-1-\u0643\u063a-\u0627\u0644\u0645\u0623\u0645\u0648\u0646.png","datePublished":"2026-04-13T15:21:55+00:00","dateModified":"2026-04-13T15:23:35+00:00","description":"Ein traditionelles orientalisches Dessert, das den satten s\u00fc\u00dfen Geschmack mit dem Knusprigen nat\u00fcrlicher Sesambohnen verbindet.","breadcrumb":{"@id":"https:\/\/yasminfood.ch\/de\/product\/sesam-comfort-500g-al-mamoun\/#breadcrumb"},"inLanguage":"de","potentialAction":[{"@type":"ReadAction","target":["https:\/\/yasminfood.ch\/de\/product\/sesam-comfort-500g-al-mamoun\/"]}]},{"@type":"ImageObject","inLanguage":"de","@id":"https:\/\/yasminfood.ch\/de\/product\/sesam-comfort-500g-al-mamoun\/#primaryimage","url":"https:\/\/yasminfood.ch\/wp-content\/uploads\/2026\/04\/\u0639\u0631\u0627\u064a\u0633\u064a\u0629-\u0628\u0627\u0644\u0633\u0645\u0633\u0645-1-\u0643\u063a-\u0627\u0644\u0645\u0623\u0645\u0648\u0646.png","contentUrl":"https:\/\/yasminfood.ch\/wp-content\/uploads\/2026\/04\/\u0639\u0631\u0627\u064a\u0633\u064a\u0629-\u0628\u0627\u0644\u0633\u0645\u0633\u0645-1-\u0643\u063a-\u0627\u0644\u0645\u0623\u0645\u0648\u0646.png","width":1080,"height":1080,"caption":"Sesam Comfort 500g \u2013 Al Mamoun"},{"@type":"BreadcrumbList","@id":"https:\/\/yasminfood.ch\/de\/product\/sesam-comfort-500g-al-mamoun\/#breadcrumb","itemListElement":[{"@type":"ListItem","position":1,"name":"\u0627\u0644\u0631\u0626\u064a\u0633\u064a\u0629","item":"https:\/\/yasminfood.ch\/de\/zuhause\/"},{"@type":"ListItem","position":2,"name":"Shop","item":"https:\/\/yasminfood.ch\/de\/shop\/"},{"@type":"ListItem","position":3,"name":"Sesam Comfort 500g \u2013 Al Mamoun"}]},{"@type":"WebSite","@id":"https:\/\/yasminfood.ch\/de\/#website","url":"https:\/\/yasminfood.ch\/de\/","name":"\u064a\u0627\u0633\u0645\u064a\u0646 \u0645\u0627\u0631\u0643\u062a","description":"Alles, was Sie brauchen, an einem Ort","publisher":{"@id":"https:\/\/yasminfood.ch\/de\/#organization"},"alternateName":"Yasmin Food","potentialAction":[{"@type":"SearchAction","target":{"@type":"EntryPoint","urlTemplate":"https:\/\/yasminfood.ch\/de\/?s={search_term_string}"},"query-input":{"@type":"PropertyValueSpecification","valueRequired":true,"valueName":"search_term_string"}}],"inLanguage":"de"},{"@type":"Organization","@id":"https:\/\/yasminfood.ch\/de\/#organization","name":"\u064a\u0627\u0633\u0645\u064a\u0646 \u0645\u0627\u0631\u0643\u062a","alternateName":"Yasmin Food","url":"https:\/\/yasminfood.ch\/de\/","logo":{"@type":"ImageObject","inLanguage":"de","@id":"https:\/\/yasminfood.ch\/de\/#\/schema\/logo\/image\/","url":"https:\/\/yasminfood.ch\/wp-content\/uploads\/2025\/05\/yasmin-food-header-logo.png","contentUrl":"https:\/\/yasminfood.ch\/wp-content\/uploads\/2025\/05\/yasmin-food-header-logo.png","width":330,"height":120,"caption":"\u064a\u0627\u0633\u0645\u064a\u0646 \u0645\u0627\u0631\u0643\u062a"},"image":{"@id":"https:\/\/yasminfood.ch\/de\/#\/schema\/logo\/image\/"},"sameAs":["https:\/\/www.facebook.com\/yasminmarkt1","https:\/\/www.tiktok.com\/@yasminmarkt","https:\/\/www.instagram.com\/yasmin.markt1\/","https:\/\/api.whatsapp.com\/send\/?phone=41799000104"],"publishingPrinciples":"https:\/\/yasminfood.ch\/de\/shop\/","ownershipFundingInfo":"https:\/\/yasminfood.ch\/de\/shop\/"}]},"product_price_amount":"11.95","product_price_currency":"CHF","og_availability":"instock","product_availability":"instock","product_condition":"new"},"jetpack_sharing_enabled":true,"_links":{"self":[{"href":"https:\/\/yasminfood.ch\/de\/wp-json\/wp\/v2\/product\/122315","targetHints":{"allow":["GET"]}}],"collection":[{"href":"https:\/\/yasminfood.ch\/de\/wp-json\/wp\/v2\/product"}],"about":[{"href":"https:\/\/yasminfood.ch\/de\/wp-json\/wp\/v2\/types\/product"}],"replies":[{"embeddable":true,"href":"https:\/\/yasminfood.ch\/de\/wp-json\/wp\/v2\/comments?post=122315"}],"version-history":[{"count":0,"href":"https:\/\/yasminfood.ch\/de\/wp-json\/wp\/v2\/product\/122315\/revisions"}],"wp:featuredmedia":[{"embeddable":true,"href":"https:\/\/yasminfood.ch\/de\/wp-json\/wp\/v2\/media\/122317"}],"wp:attachment":[{"href":"https:\/\/yasminfood.ch\/de\/wp-json\/wp\/v2\/media?parent=122315"}],"wp:term":[{"taxonomy":"product_brand","embeddable":true,"href":"https:\/\/yasminfood.ch\/de\/wp-json\/wp\/v2\/product_brand?post=122315"},{"taxonomy":"product_cat","embeddable":true,"href":"https:\/\/yasminfood.ch\/de\/wp-json\/wp\/v2\/product_cat?post=122315"},{"taxonomy":"product_tag","embeddable":true,"href":"https:\/\/yasminfood.ch\/de\/wp-json\/wp\/v2\/product_tag?post=122315"}],"curies":[{"name":"wp","href":"https:\/\/api.w.org\/{rel}","templated":true}]}}