{"id":122320,"date":"2026-04-13T17:06:59","date_gmt":"2026-04-13T15:06:59","guid":{"rendered":"https:\/\/yasminfood.ch\/product\/coconut-comfort-500g-sicher\/"},"modified":"2026-04-13T17:23:37","modified_gmt":"2026-04-13T15:23:37","slug":"coconut-comfort-500g-sicher","status":"publish","type":"product","link":"https:\/\/yasminfood.ch\/de\/product\/coconut-comfort-500g-sicher\/","title":{"rendered":"Coconut Comfort 500g \u2013 Sicher"},"content":{"rendered":"<p><strong>Coconut Comfort 500g \u2013 Sicher<\/strong><\/p>\n<ul>\n<li data-start=\"88\" data-end=\"371\">Sorgf\u00e4ltig zubereitet mit hochwertigen Zutaten, um Ihnen ein reichhaltiges Erlebnis mit nat\u00fcrlichem Kokosgeschmack zu bieten.<\/li>\n<li data-start=\"88\" data-end=\"371\">Und eine weiche Textur, die auf der Zunge schmilzt. Dieses Dessert ist eines der bekanntesten traditionellen orientalischen Desserts <\/li>\n<li data-start=\"88\" data-end=\"371\">Geeignet zu jeder Zeit, sei es f\u00fcr Gastfreundschaft oder als Snack zu Kaffee und Tee. <\/li>\n<li data-start=\"88\" data-end=\"371\">Der Kokos-Comfort ist elegant umwickelt, um Zartheit und Geschmack zu bewahren<\/li>\n<li data-start=\"88\" data-end=\"371\">was sie zu einer idealen Wahl f\u00fcr das Servieren bei Anl\u00e4ssen oder zum t\u00e4glichen Vergn\u00fcgen macht. Das 500-g-Pack eignet sich f\u00fcr die Familie oder zum Teilen mit Freunden.<\/li>\n<\/ul>\n<hr data-start=\"560\" data-end=\"563\">\n<p data-start=\"565\" data-end=\"583\"><strong data-start=\"565\" data-end=\"583\">Produktmerkmale:<\/strong><\/p>\n<ul data-start=\"584\" data-end=\"755\">\n<li data-section-id=\"1ai9f2g\" data-start=\"584\" data-end=\"618\">Reichhaltiger nat\u00fcrlicher Kokosgeschmack<\/li>\n<li data-section-id=\"flvowa\" data-start=\"619\" data-end=\"650\">Weiche und markante Textur, die im Mund schmilzt<\/li>\n<li data-section-id=\"ltsqmq\" data-start=\"651\" data-end=\"688\">500-g-Pack, geeignet f\u00fcr den t\u00e4glichen Gebrauch<\/li>\n<li data-section-id=\"16njixi\" data-start=\"689\" data-end=\"725\">Laminiert, um Qualit\u00e4t und Frische zu erhalten<\/li>\n<li data-section-id=\"xr3v1o\" data-start=\"726\" data-end=\"755\">Ideal f\u00fcr Gastfreundschaft und Veranstaltungen<\/li>\n<\/ul>\n","protected":false},"excerpt":{"rendered":"<p><strong>Coconut Comfort 500g \u2013 Sicher<\/strong><\/p>\n<ul>\n<li data-start=\"88\" data-end=\"371\">Sorgf\u00e4ltig zubereitet mit hochwertigen Zutaten, um Ihnen ein reichhaltiges Erlebnis mit nat\u00fcrlichem Kokosgeschmack zu bieten.<\/li>\n<li data-start=\"88\" data-end=\"371\">Und eine weiche Textur, die auf der Zunge schmilzt. Dieses Dessert ist eines der bekanntesten traditionellen orientalischen Desserts <\/li>\n<\/ul>\n","protected":false},"featured_media":122321,"comment_status":"open","ping_status":"closed","template":"","meta":[],"product_brand":[],"product_cat":[301,297],"product_tag":[],"class_list":{"0":"post-122320","1":"product","2":"type-product","3":"status-publish","4":"has-post-thumbnail","6":"product_cat-arabische-suessigkeiten","7":"product_cat-dessert-chips-2","9":"first","10":"instock","11":"taxable","12":"shipping-taxable","13":"purchasable","14":"product-type-simple"},"yoast_head":"<!-- This site is optimized with the Yoast SEO Premium plugin v26.5 (Yoast SEO v27.4) - https:\/\/yoast.com\/product\/yoast-seo-premium-wordpress\/ -->\n<title>Coconut Comfort 500g \u2013 Sicher - Yasmin Food<\/title>\n<meta name=\"description\" content=\"Coconut Comfort 500g \u2013 Sicher wird sorgf\u00e4ltig mit hochwertigen Zutaten hergestellt, um Ihnen ein reichhaltiges Erlebnis mit nat\u00fcrlichem Kokosgeschmack und einer weichen, auf der Zunge schmelzenden Textur zu bieten.\" \/>\n<meta name=\"robots\" content=\"index, follow, max-snippet:-1, max-image-preview:large, max-video-preview:-1\" \/>\n<link rel=\"canonical\" href=\"https:\/\/yasminfood.ch\/de\/product\/coconut-comfort-500g-sicher\/\" \/>\n<meta property=\"og:locale\" content=\"de_DE\" \/>\n<meta property=\"og:type\" content=\"article\" \/>\n<meta property=\"og:title\" content=\"Coconut Comfort 500g \u2013 Sicher\" \/>\n<meta property=\"og:description\" content=\"Coconut Comfort 500g \u2013 Sicher  Sorgf\u00e4ltig zubereitet mit hochwertigen Zutaten, um Ihnen ein reichhaltiges Erlebnis mit nat\u00fcrlichem Kokosgeschmack zu bieten.  Und eine weiche Textur, die auf der Zunge schmilzt. Dieses Dessert ist eines der bekanntesten traditionellen orientalischen Desserts\" \/>\n<meta property=\"og:url\" content=\"https:\/\/yasminfood.ch\/de\/product\/coconut-comfort-500g-sicher\/\" \/>\n<meta property=\"og:site_name\" content=\"Yasmin Food\" \/>\n<meta property=\"article:publisher\" content=\"https:\/\/www.facebook.com\/yasminmarkt1\" \/>\n<meta property=\"article:modified_time\" content=\"2026-04-13T15:23:37+00:00\" \/>\n<meta property=\"og:image\" content=\"https:\/\/yasminfood.ch\/wp-content\/uploads\/2026\/04\/\u0631\u0627\u062d\u0629-\u0628\u062c\u0648\u0632-\u0627\u0644\u0647\u0646\u062f-\u0627\u0644\u0645\u0623\u0645\u0648\u0646-1-\u0643\u063a.png\" \/>\n\t<meta property=\"og:image:width\" content=\"1080\" \/>\n\t<meta property=\"og:image:height\" content=\"1080\" \/>\n\t<meta property=\"og:image:type\" content=\"image\/png\" \/>\n<meta name=\"twitter:card\" content=\"summary_large_image\" \/>\n<meta name=\"twitter:label1\" content=\"Preis\" \/>\n\t<meta name=\"twitter:data1\" content=\"11.95&nbsp;&#067;&#072;&#070;\" \/>\n\t<meta name=\"twitter:label2\" content=\"Verf\u00fcgbarkeit\" \/>\n\t<meta name=\"twitter:data2\" content=\"Auf Lager\" \/>\n<script type=\"application\/ld+json\" class=\"yoast-schema-graph\">{\"@context\":\"https:\\\/\\\/schema.org\",\"@graph\":[{\"@type\":\"WebPage\",\"@id\":\"https:\\\/\\\/yasminfood.ch\\\/de\\\/product\\\/coconut-comfort-500g-sicher\\\/\",\"url\":\"https:\\\/\\\/yasminfood.ch\\\/de\\\/product\\\/coconut-comfort-500g-sicher\\\/\",\"name\":\"Coconut Comfort 500g \u2013 Sicher - Yasmin Food\",\"isPartOf\":{\"@id\":\"https:\\\/\\\/yasminfood.ch\\\/de\\\/#website\"},\"primaryImageOfPage\":{\"@id\":\"https:\\\/\\\/yasminfood.ch\\\/de\\\/product\\\/coconut-comfort-500g-sicher\\\/#primaryimage\"},\"image\":{\"@id\":\"https:\\\/\\\/yasminfood.ch\\\/de\\\/product\\\/coconut-comfort-500g-sicher\\\/#primaryimage\"},\"thumbnailUrl\":\"https:\\\/\\\/yasminfood.ch\\\/wp-content\\\/uploads\\\/2026\\\/04\\\/\u0631\u0627\u062d\u0629-\u0628\u062c\u0648\u0632-\u0627\u0644\u0647\u0646\u062f-\u0627\u0644\u0645\u0623\u0645\u0648\u0646-1-\u0643\u063a.png\",\"datePublished\":\"2026-04-13T15:06:59+00:00\",\"dateModified\":\"2026-04-13T15:23:37+00:00\",\"description\":\"Coconut Comfort 500g \u2013 Sicher wird sorgf\u00e4ltig mit hochwertigen Zutaten hergestellt, um Ihnen ein reichhaltiges Erlebnis mit nat\u00fcrlichem Kokosgeschmack und einer weichen, auf der Zunge schmelzenden Textur zu bieten.\",\"breadcrumb\":{\"@id\":\"https:\\\/\\\/yasminfood.ch\\\/de\\\/product\\\/coconut-comfort-500g-sicher\\\/#breadcrumb\"},\"inLanguage\":\"de\",\"potentialAction\":[{\"@type\":\"ReadAction\",\"target\":[\"https:\\\/\\\/yasminfood.ch\\\/de\\\/product\\\/coconut-comfort-500g-sicher\\\/\"]}]},{\"@type\":\"ImageObject\",\"inLanguage\":\"de\",\"@id\":\"https:\\\/\\\/yasminfood.ch\\\/de\\\/product\\\/coconut-comfort-500g-sicher\\\/#primaryimage\",\"url\":\"https:\\\/\\\/yasminfood.ch\\\/wp-content\\\/uploads\\\/2026\\\/04\\\/\u0631\u0627\u062d\u0629-\u0628\u062c\u0648\u0632-\u0627\u0644\u0647\u0646\u062f-\u0627\u0644\u0645\u0623\u0645\u0648\u0646-1-\u0643\u063a.png\",\"contentUrl\":\"https:\\\/\\\/yasminfood.ch\\\/wp-content\\\/uploads\\\/2026\\\/04\\\/\u0631\u0627\u062d\u0629-\u0628\u062c\u0648\u0632-\u0627\u0644\u0647\u0646\u062f-\u0627\u0644\u0645\u0623\u0645\u0648\u0646-1-\u0643\u063a.png\",\"width\":1080,\"height\":1080,\"caption\":\"Coconut Comfort 500g \u2013 Sicher\"},{\"@type\":\"BreadcrumbList\",\"@id\":\"https:\\\/\\\/yasminfood.ch\\\/de\\\/product\\\/coconut-comfort-500g-sicher\\\/#breadcrumb\",\"itemListElement\":[{\"@type\":\"ListItem\",\"position\":1,\"name\":\"\u0627\u0644\u0631\u0626\u064a\u0633\u064a\u0629\",\"item\":\"https:\\\/\\\/yasminfood.ch\\\/de\\\/zuhause\\\/\"},{\"@type\":\"ListItem\",\"position\":2,\"name\":\"Shop\",\"item\":\"https:\\\/\\\/yasminfood.ch\\\/de\\\/shop\\\/\"},{\"@type\":\"ListItem\",\"position\":3,\"name\":\"Coconut Comfort 500g \u2013 Sicher\"}]},{\"@type\":\"WebSite\",\"@id\":\"https:\\\/\\\/yasminfood.ch\\\/de\\\/#website\",\"url\":\"https:\\\/\\\/yasminfood.ch\\\/de\\\/\",\"name\":\"\u064a\u0627\u0633\u0645\u064a\u0646 \u0645\u0627\u0631\u0643\u062a\",\"description\":\"Alles, was Sie brauchen, an einem Ort\",\"publisher\":{\"@id\":\"https:\\\/\\\/yasminfood.ch\\\/de\\\/#organization\"},\"alternateName\":\"Yasmin Food\",\"potentialAction\":[{\"@type\":\"SearchAction\",\"target\":{\"@type\":\"EntryPoint\",\"urlTemplate\":\"https:\\\/\\\/yasminfood.ch\\\/de\\\/?s={search_term_string}\"},\"query-input\":{\"@type\":\"PropertyValueSpecification\",\"valueRequired\":true,\"valueName\":\"search_term_string\"}}],\"inLanguage\":\"de\"},{\"@type\":\"Organization\",\"@id\":\"https:\\\/\\\/yasminfood.ch\\\/de\\\/#organization\",\"name\":\"\u064a\u0627\u0633\u0645\u064a\u0646 \u0645\u0627\u0631\u0643\u062a\",\"alternateName\":\"Yasmin Food\",\"url\":\"https:\\\/\\\/yasminfood.ch\\\/de\\\/\",\"logo\":{\"@type\":\"ImageObject\",\"inLanguage\":\"de\",\"@id\":\"https:\\\/\\\/yasminfood.ch\\\/de\\\/#\\\/schema\\\/logo\\\/image\\\/\",\"url\":\"https:\\\/\\\/yasminfood.ch\\\/wp-content\\\/uploads\\\/2025\\\/05\\\/yasmin-food-header-logo.png\",\"contentUrl\":\"https:\\\/\\\/yasminfood.ch\\\/wp-content\\\/uploads\\\/2025\\\/05\\\/yasmin-food-header-logo.png\",\"width\":330,\"height\":120,\"caption\":\"\u064a\u0627\u0633\u0645\u064a\u0646 \u0645\u0627\u0631\u0643\u062a\"},\"image\":{\"@id\":\"https:\\\/\\\/yasminfood.ch\\\/de\\\/#\\\/schema\\\/logo\\\/image\\\/\"},\"sameAs\":[\"https:\\\/\\\/www.facebook.com\\\/yasminmarkt1\",\"https:\\\/\\\/www.tiktok.com\\\/@yasminmarkt\",\"https:\\\/\\\/www.instagram.com\\\/yasmin.markt1\\\/\",\"https:\\\/\\\/api.whatsapp.com\\\/send\\\/?phone=41799000104\"],\"publishingPrinciples\":\"https:\\\/\\\/yasminfood.ch\\\/de\\\/shop\\\/\",\"ownershipFundingInfo\":\"https:\\\/\\\/yasminfood.ch\\\/de\\\/shop\\\/\"}]}<\/script>\n<meta property=\"product:price:amount\" content=\"11.95\" \/>\n<meta property=\"product:price:currency\" content=\"CHF\" \/>\n<meta property=\"og:availability\" content=\"instock\" \/>\n<meta property=\"product:availability\" content=\"instock\" \/>\n<meta property=\"product:condition\" content=\"new\" \/>\n<!-- \/ Yoast SEO Premium plugin. -->","yoast_head_json":{"title":"Coconut Comfort 500g \u2013 Sicher - Yasmin Food","description":"Coconut Comfort 500g \u2013 Sicher wird sorgf\u00e4ltig mit hochwertigen Zutaten hergestellt, um Ihnen ein reichhaltiges Erlebnis mit nat\u00fcrlichem Kokosgeschmack und einer weichen, auf der Zunge schmelzenden Textur zu bieten.","robots":{"index":"index","follow":"follow","max-snippet":"max-snippet:-1","max-image-preview":"max-image-preview:large","max-video-preview":"max-video-preview:-1"},"canonical":"https:\/\/yasminfood.ch\/de\/product\/coconut-comfort-500g-sicher\/","og_locale":"de_DE","og_type":"article","og_title":"Coconut Comfort 500g \u2013 Sicher","og_description":"Coconut Comfort 500g \u2013 Sicher  Sorgf\u00e4ltig zubereitet mit hochwertigen Zutaten, um Ihnen ein reichhaltiges Erlebnis mit nat\u00fcrlichem Kokosgeschmack zu bieten.  Und eine weiche Textur, die auf der Zunge schmilzt. Dieses Dessert ist eines der bekanntesten traditionellen orientalischen Desserts","og_url":"https:\/\/yasminfood.ch\/de\/product\/coconut-comfort-500g-sicher\/","og_site_name":"Yasmin Food","article_publisher":"https:\/\/www.facebook.com\/yasminmarkt1","article_modified_time":"2026-04-13T15:23:37+00:00","og_image":[{"width":1080,"height":1080,"url":"https:\/\/yasminfood.ch\/wp-content\/uploads\/2026\/04\/\u0631\u0627\u062d\u0629-\u0628\u062c\u0648\u0632-\u0627\u0644\u0647\u0646\u062f-\u0627\u0644\u0645\u0623\u0645\u0648\u0646-1-\u0643\u063a.png","type":"image\/png"}],"twitter_card":"summary_large_image","twitter_misc":{"Preis":"11.95&nbsp;&#67;&#72;&#70;","Verf\u00fcgbarkeit":"Auf Lager"},"schema":{"@context":"https:\/\/schema.org","@graph":[{"@type":"WebPage","@id":"https:\/\/yasminfood.ch\/de\/product\/coconut-comfort-500g-sicher\/","url":"https:\/\/yasminfood.ch\/de\/product\/coconut-comfort-500g-sicher\/","name":"Coconut Comfort 500g \u2013 Sicher - Yasmin Food","isPartOf":{"@id":"https:\/\/yasminfood.ch\/de\/#website"},"primaryImageOfPage":{"@id":"https:\/\/yasminfood.ch\/de\/product\/coconut-comfort-500g-sicher\/#primaryimage"},"image":{"@id":"https:\/\/yasminfood.ch\/de\/product\/coconut-comfort-500g-sicher\/#primaryimage"},"thumbnailUrl":"https:\/\/yasminfood.ch\/wp-content\/uploads\/2026\/04\/\u0631\u0627\u062d\u0629-\u0628\u062c\u0648\u0632-\u0627\u0644\u0647\u0646\u062f-\u0627\u0644\u0645\u0623\u0645\u0648\u0646-1-\u0643\u063a.png","datePublished":"2026-04-13T15:06:59+00:00","dateModified":"2026-04-13T15:23:37+00:00","description":"Coconut Comfort 500g \u2013 Sicher wird sorgf\u00e4ltig mit hochwertigen Zutaten hergestellt, um Ihnen ein reichhaltiges Erlebnis mit nat\u00fcrlichem Kokosgeschmack und einer weichen, auf der Zunge schmelzenden Textur zu bieten.","breadcrumb":{"@id":"https:\/\/yasminfood.ch\/de\/product\/coconut-comfort-500g-sicher\/#breadcrumb"},"inLanguage":"de","potentialAction":[{"@type":"ReadAction","target":["https:\/\/yasminfood.ch\/de\/product\/coconut-comfort-500g-sicher\/"]}]},{"@type":"ImageObject","inLanguage":"de","@id":"https:\/\/yasminfood.ch\/de\/product\/coconut-comfort-500g-sicher\/#primaryimage","url":"https:\/\/yasminfood.ch\/wp-content\/uploads\/2026\/04\/\u0631\u0627\u062d\u0629-\u0628\u062c\u0648\u0632-\u0627\u0644\u0647\u0646\u062f-\u0627\u0644\u0645\u0623\u0645\u0648\u0646-1-\u0643\u063a.png","contentUrl":"https:\/\/yasminfood.ch\/wp-content\/uploads\/2026\/04\/\u0631\u0627\u062d\u0629-\u0628\u062c\u0648\u0632-\u0627\u0644\u0647\u0646\u062f-\u0627\u0644\u0645\u0623\u0645\u0648\u0646-1-\u0643\u063a.png","width":1080,"height":1080,"caption":"Coconut Comfort 500g \u2013 Sicher"},{"@type":"BreadcrumbList","@id":"https:\/\/yasminfood.ch\/de\/product\/coconut-comfort-500g-sicher\/#breadcrumb","itemListElement":[{"@type":"ListItem","position":1,"name":"\u0627\u0644\u0631\u0626\u064a\u0633\u064a\u0629","item":"https:\/\/yasminfood.ch\/de\/zuhause\/"},{"@type":"ListItem","position":2,"name":"Shop","item":"https:\/\/yasminfood.ch\/de\/shop\/"},{"@type":"ListItem","position":3,"name":"Coconut Comfort 500g \u2013 Sicher"}]},{"@type":"WebSite","@id":"https:\/\/yasminfood.ch\/de\/#website","url":"https:\/\/yasminfood.ch\/de\/","name":"\u064a\u0627\u0633\u0645\u064a\u0646 \u0645\u0627\u0631\u0643\u062a","description":"Alles, was Sie brauchen, an einem Ort","publisher":{"@id":"https:\/\/yasminfood.ch\/de\/#organization"},"alternateName":"Yasmin Food","potentialAction":[{"@type":"SearchAction","target":{"@type":"EntryPoint","urlTemplate":"https:\/\/yasminfood.ch\/de\/?s={search_term_string}"},"query-input":{"@type":"PropertyValueSpecification","valueRequired":true,"valueName":"search_term_string"}}],"inLanguage":"de"},{"@type":"Organization","@id":"https:\/\/yasminfood.ch\/de\/#organization","name":"\u064a\u0627\u0633\u0645\u064a\u0646 \u0645\u0627\u0631\u0643\u062a","alternateName":"Yasmin Food","url":"https:\/\/yasminfood.ch\/de\/","logo":{"@type":"ImageObject","inLanguage":"de","@id":"https:\/\/yasminfood.ch\/de\/#\/schema\/logo\/image\/","url":"https:\/\/yasminfood.ch\/wp-content\/uploads\/2025\/05\/yasmin-food-header-logo.png","contentUrl":"https:\/\/yasminfood.ch\/wp-content\/uploads\/2025\/05\/yasmin-food-header-logo.png","width":330,"height":120,"caption":"\u064a\u0627\u0633\u0645\u064a\u0646 \u0645\u0627\u0631\u0643\u062a"},"image":{"@id":"https:\/\/yasminfood.ch\/de\/#\/schema\/logo\/image\/"},"sameAs":["https:\/\/www.facebook.com\/yasminmarkt1","https:\/\/www.tiktok.com\/@yasminmarkt","https:\/\/www.instagram.com\/yasmin.markt1\/","https:\/\/api.whatsapp.com\/send\/?phone=41799000104"],"publishingPrinciples":"https:\/\/yasminfood.ch\/de\/shop\/","ownershipFundingInfo":"https:\/\/yasminfood.ch\/de\/shop\/"}]},"product_price_amount":"11.95","product_price_currency":"CHF","og_availability":"instock","product_availability":"instock","product_condition":"new"},"jetpack_sharing_enabled":true,"_links":{"self":[{"href":"https:\/\/yasminfood.ch\/de\/wp-json\/wp\/v2\/product\/122320","targetHints":{"allow":["GET"]}}],"collection":[{"href":"https:\/\/yasminfood.ch\/de\/wp-json\/wp\/v2\/product"}],"about":[{"href":"https:\/\/yasminfood.ch\/de\/wp-json\/wp\/v2\/types\/product"}],"replies":[{"embeddable":true,"href":"https:\/\/yasminfood.ch\/de\/wp-json\/wp\/v2\/comments?post=122320"}],"version-history":[{"count":0,"href":"https:\/\/yasminfood.ch\/de\/wp-json\/wp\/v2\/product\/122320\/revisions"}],"wp:featuredmedia":[{"embeddable":true,"href":"https:\/\/yasminfood.ch\/de\/wp-json\/wp\/v2\/media\/122321"}],"wp:attachment":[{"href":"https:\/\/yasminfood.ch\/de\/wp-json\/wp\/v2\/media?parent=122320"}],"wp:term":[{"taxonomy":"product_brand","embeddable":true,"href":"https:\/\/yasminfood.ch\/de\/wp-json\/wp\/v2\/product_brand?post=122320"},{"taxonomy":"product_cat","embeddable":true,"href":"https:\/\/yasminfood.ch\/de\/wp-json\/wp\/v2\/product_cat?post=122320"},{"taxonomy":"product_tag","embeddable":true,"href":"https:\/\/yasminfood.ch\/de\/wp-json\/wp\/v2\/product_tag?post=122320"}],"curies":[{"name":"wp","href":"https:\/\/api.w.org\/{rel}","templated":true}]}}