{"id":122324,"date":"2026-04-13T17:16:51","date_gmt":"2026-04-13T15:16:51","guid":{"rendered":"https:\/\/yasminfood.ch\/product\/crystal-comfort-peanut-500g-sicher\/"},"modified":"2026-04-13T17:23:39","modified_gmt":"2026-04-13T15:23:39","slug":"crystal-comfort-peanut-500g-sicher","status":"publish","type":"product","link":"https:\/\/yasminfood.ch\/de\/product\/crystal-comfort-peanut-500g-sicher\/","title":{"rendered":"Crystal Comfort Peanut 500g \u2013 Sicher"},"content":{"rendered":"<p><strong>Crystal Comfort Peanut 500g \u2013 Sicher<\/strong><\/p>\n<ul>\n<li data-start=\"130\" data-end=\"419\">Der reichhaltige, s\u00fc\u00dfe Geschmack vermischt sich mit den knusprigen Erdnussst\u00fccken und schafft ein einzigartiges Erlebnis, das weiche Texturen mit k\u00f6stlichem Knusprigkeit verbindet.<\/li>\n<li data-start=\"130\" data-end=\"419\">Dieses orientalische Dessert hat eine luxuri\u00f6se kristalline Textur, die auf der Zunge schmilzt und in jedem St\u00fcck ein wunderbares Gef\u00fchl vermittelt.<\/li>\n<li data-start=\"130\" data-end=\"419\">Dieser Komfort wird mit hochwertigen Zutaten hergestellt, mit individueller Verpackung, die die Zartheit und den Geschmack bewahrt. <\/li>\n<li data-start=\"130\" data-end=\"419\">Perfekt zum Servieren bei Veranstaltungen und Gastgewerbe oder zum t\u00e4glichen Genie\u00dfen mit Kaffee oder Tee.<\/li>\n<\/ul>\n<hr data-start=\"653\" data-end=\"656\">\n<p data-start=\"658\" data-end=\"676\"><strong data-start=\"658\" data-end=\"676\">Produktmerkmale:<\/strong><\/p>\n<ul data-start=\"677\" data-end=\"845\">\n<li data-section-id=\"1p2ybj5\" data-start=\"677\" data-end=\"712\">Reichhaltige Erdn\u00fcsse sorgen f\u00fcr einen charakteristischen Crunch<\/li>\n<li data-section-id=\"ctpxj9\" data-start=\"713\" data-end=\"744\">Weiche kristalline Textur schmilzt im Mund<\/li>\n<li data-section-id=\"1qxw5zn\" data-start=\"745\" data-end=\"781\">Hochwertige und sorgf\u00e4ltig ausgew\u00e4hlte Zutaten<\/li>\n<li data-section-id=\"nrnhty\" data-start=\"782\" data-end=\"815\">Einzelverpackung zur Erhaltung der Frische<\/li>\n<li data-section-id=\"1fw6d1w\" data-start=\"816\" data-end=\"845\">Geeignet f\u00fcr Gastfreundschaft und Veranstaltungen<\/li>\n<\/ul>\n","protected":false},"excerpt":{"rendered":"<p><strong>Crystal Comfort Peanut 500g \u2013 Sicher<\/strong><\/p>\n<ul>\n<li data-start=\"130\" data-end=\"419\">Der reichhaltige, s\u00fc\u00dfe Geschmack vermischt sich mit den knusprigen Erdnussst\u00fccken und schafft ein einzigartiges Erlebnis, das weiche Texturen mit k\u00f6stlichem Knusprigkeit verbindet.<\/li>\n<li data-start=\"130\" data-end=\"419\">Dieses orientalische Dessert hat eine luxuri\u00f6se kristalline Textur, die auf der Zunge schmilzt und in jedem St\u00fcck ein wunderbares Gef\u00fchl vermittelt.<\/li>\n<\/ul>\n","protected":false},"featured_media":122322,"comment_status":"open","ping_status":"closed","template":"","meta":[],"product_brand":[],"product_cat":[301,297],"product_tag":[],"class_list":{"0":"post-122324","1":"product","2":"type-product","3":"status-publish","4":"has-post-thumbnail","6":"product_cat-arabische-suessigkeiten","7":"product_cat-dessert-chips-2","9":"first","10":"instock","11":"taxable","12":"shipping-taxable","13":"purchasable","14":"product-type-simple"},"yoast_head":"<!-- This site is optimized with the Yoast SEO Premium plugin v26.5 (Yoast SEO v27.4) - https:\/\/yoast.com\/product\/yoast-seo-premium-wordpress\/ -->\n<title>Crystal Comfort Peanut 500g \u2013 Sicher - Yasmin Food<\/title>\n<meta name=\"description\" content=\"wo der reichhaltige s\u00fc\u00dfe Geschmack sich mit den knusprigen Erdnussst\u00fccken vermischt und ein einzigartiges Erlebnis bietet, das weiche Texturen und Knusprigkeit verbindet\" \/>\n<meta name=\"robots\" content=\"index, follow, max-snippet:-1, max-image-preview:large, max-video-preview:-1\" \/>\n<link rel=\"canonical\" href=\"https:\/\/yasminfood.ch\/de\/product\/crystal-comfort-peanut-500g-sicher\/\" \/>\n<meta property=\"og:locale\" content=\"de_DE\" \/>\n<meta property=\"og:type\" content=\"article\" \/>\n<meta property=\"og:title\" content=\"Crystal Comfort Peanut 500g \u2013 Sicher\" \/>\n<meta property=\"og:description\" content=\"Crystal Comfort Peanut 500g \u2013 Sicher  Der reichhaltige, s\u00fc\u00dfe Geschmack vermischt sich mit den knusprigen Erdnussst\u00fccken und schafft ein einzigartiges Erlebnis, das weiche Texturen mit k\u00f6stlichem Knusprigkeit verbindet.  Dieses orientalische Dessert hat eine luxuri\u00f6se kristalline Textur, die auf der Zunge schmilzt und in jedem St\u00fcck ein wunderbares Gef\u00fchl vermittelt.\" \/>\n<meta property=\"og:url\" content=\"https:\/\/yasminfood.ch\/de\/product\/crystal-comfort-peanut-500g-sicher\/\" \/>\n<meta property=\"og:site_name\" content=\"Yasmin Food\" \/>\n<meta property=\"article:publisher\" content=\"https:\/\/www.facebook.com\/yasminmarkt1\" \/>\n<meta property=\"article:modified_time\" content=\"2026-04-13T15:23:39+00:00\" \/>\n<meta property=\"og:image\" content=\"https:\/\/yasminfood.ch\/wp-content\/uploads\/2026\/04\/\u0631\u0627\u062d\u0629-\u0628\u0644\u0648\u0631\u064a\u0629-\u0628\u0627\u0644\u0641\u0648\u0644-\u0627\u0644\u0633\u0648\u062f\u0627\u0646\u064a-1-\u0643\u063a.png\" \/>\n\t<meta property=\"og:image:width\" content=\"1080\" \/>\n\t<meta property=\"og:image:height\" content=\"1080\" \/>\n\t<meta property=\"og:image:type\" content=\"image\/png\" \/>\n<meta name=\"twitter:card\" content=\"summary_large_image\" \/>\n<meta name=\"twitter:label1\" content=\"Preis\" \/>\n\t<meta name=\"twitter:data1\" content=\"11.95&nbsp;&#067;&#072;&#070;\" \/>\n\t<meta name=\"twitter:label2\" content=\"Verf\u00fcgbarkeit\" \/>\n\t<meta name=\"twitter:data2\" content=\"Auf Lager\" \/>\n<script type=\"application\/ld+json\" class=\"yoast-schema-graph\">{\"@context\":\"https:\\\/\\\/schema.org\",\"@graph\":[{\"@type\":\"WebPage\",\"@id\":\"https:\\\/\\\/yasminfood.ch\\\/de\\\/product\\\/crystal-comfort-peanut-500g-sicher\\\/\",\"url\":\"https:\\\/\\\/yasminfood.ch\\\/de\\\/product\\\/crystal-comfort-peanut-500g-sicher\\\/\",\"name\":\"Crystal Comfort Peanut 500g \u2013 Sicher - Yasmin Food\",\"isPartOf\":{\"@id\":\"https:\\\/\\\/yasminfood.ch\\\/de\\\/#website\"},\"primaryImageOfPage\":{\"@id\":\"https:\\\/\\\/yasminfood.ch\\\/de\\\/product\\\/crystal-comfort-peanut-500g-sicher\\\/#primaryimage\"},\"image\":{\"@id\":\"https:\\\/\\\/yasminfood.ch\\\/de\\\/product\\\/crystal-comfort-peanut-500g-sicher\\\/#primaryimage\"},\"thumbnailUrl\":\"https:\\\/\\\/yasminfood.ch\\\/wp-content\\\/uploads\\\/2026\\\/04\\\/\u0631\u0627\u062d\u0629-\u0628\u0644\u0648\u0631\u064a\u0629-\u0628\u0627\u0644\u0641\u0648\u0644-\u0627\u0644\u0633\u0648\u062f\u0627\u0646\u064a-1-\u0643\u063a.png\",\"datePublished\":\"2026-04-13T15:16:51+00:00\",\"dateModified\":\"2026-04-13T15:23:39+00:00\",\"description\":\"wo der reichhaltige s\u00fc\u00dfe Geschmack sich mit den knusprigen Erdnussst\u00fccken vermischt und ein einzigartiges Erlebnis bietet, das weiche Texturen und Knusprigkeit verbindet\",\"breadcrumb\":{\"@id\":\"https:\\\/\\\/yasminfood.ch\\\/de\\\/product\\\/crystal-comfort-peanut-500g-sicher\\\/#breadcrumb\"},\"inLanguage\":\"de\",\"potentialAction\":[{\"@type\":\"ReadAction\",\"target\":[\"https:\\\/\\\/yasminfood.ch\\\/de\\\/product\\\/crystal-comfort-peanut-500g-sicher\\\/\"]}]},{\"@type\":\"ImageObject\",\"inLanguage\":\"de\",\"@id\":\"https:\\\/\\\/yasminfood.ch\\\/de\\\/product\\\/crystal-comfort-peanut-500g-sicher\\\/#primaryimage\",\"url\":\"https:\\\/\\\/yasminfood.ch\\\/wp-content\\\/uploads\\\/2026\\\/04\\\/\u0631\u0627\u062d\u0629-\u0628\u0644\u0648\u0631\u064a\u0629-\u0628\u0627\u0644\u0641\u0648\u0644-\u0627\u0644\u0633\u0648\u062f\u0627\u0646\u064a-1-\u0643\u063a.png\",\"contentUrl\":\"https:\\\/\\\/yasminfood.ch\\\/wp-content\\\/uploads\\\/2026\\\/04\\\/\u0631\u0627\u062d\u0629-\u0628\u0644\u0648\u0631\u064a\u0629-\u0628\u0627\u0644\u0641\u0648\u0644-\u0627\u0644\u0633\u0648\u062f\u0627\u0646\u064a-1-\u0643\u063a.png\",\"width\":1080,\"height\":1080,\"caption\":\"Crystal Comfort Peanut 500g \u2013 Sicher\"},{\"@type\":\"BreadcrumbList\",\"@id\":\"https:\\\/\\\/yasminfood.ch\\\/de\\\/product\\\/crystal-comfort-peanut-500g-sicher\\\/#breadcrumb\",\"itemListElement\":[{\"@type\":\"ListItem\",\"position\":1,\"name\":\"\u0627\u0644\u0631\u0626\u064a\u0633\u064a\u0629\",\"item\":\"https:\\\/\\\/yasminfood.ch\\\/de\\\/zuhause\\\/\"},{\"@type\":\"ListItem\",\"position\":2,\"name\":\"Shop\",\"item\":\"https:\\\/\\\/yasminfood.ch\\\/de\\\/shop\\\/\"},{\"@type\":\"ListItem\",\"position\":3,\"name\":\"Crystal Comfort Peanut 500g \u2013 Sicher\"}]},{\"@type\":\"WebSite\",\"@id\":\"https:\\\/\\\/yasminfood.ch\\\/de\\\/#website\",\"url\":\"https:\\\/\\\/yasminfood.ch\\\/de\\\/\",\"name\":\"\u064a\u0627\u0633\u0645\u064a\u0646 \u0645\u0627\u0631\u0643\u062a\",\"description\":\"Alles, was Sie brauchen, an einem Ort\",\"publisher\":{\"@id\":\"https:\\\/\\\/yasminfood.ch\\\/de\\\/#organization\"},\"alternateName\":\"Yasmin Food\",\"potentialAction\":[{\"@type\":\"SearchAction\",\"target\":{\"@type\":\"EntryPoint\",\"urlTemplate\":\"https:\\\/\\\/yasminfood.ch\\\/de\\\/?s={search_term_string}\"},\"query-input\":{\"@type\":\"PropertyValueSpecification\",\"valueRequired\":true,\"valueName\":\"search_term_string\"}}],\"inLanguage\":\"de\"},{\"@type\":\"Organization\",\"@id\":\"https:\\\/\\\/yasminfood.ch\\\/de\\\/#organization\",\"name\":\"\u064a\u0627\u0633\u0645\u064a\u0646 \u0645\u0627\u0631\u0643\u062a\",\"alternateName\":\"Yasmin Food\",\"url\":\"https:\\\/\\\/yasminfood.ch\\\/de\\\/\",\"logo\":{\"@type\":\"ImageObject\",\"inLanguage\":\"de\",\"@id\":\"https:\\\/\\\/yasminfood.ch\\\/de\\\/#\\\/schema\\\/logo\\\/image\\\/\",\"url\":\"https:\\\/\\\/yasminfood.ch\\\/wp-content\\\/uploads\\\/2025\\\/05\\\/yasmin-food-header-logo.png\",\"contentUrl\":\"https:\\\/\\\/yasminfood.ch\\\/wp-content\\\/uploads\\\/2025\\\/05\\\/yasmin-food-header-logo.png\",\"width\":330,\"height\":120,\"caption\":\"\u064a\u0627\u0633\u0645\u064a\u0646 \u0645\u0627\u0631\u0643\u062a\"},\"image\":{\"@id\":\"https:\\\/\\\/yasminfood.ch\\\/de\\\/#\\\/schema\\\/logo\\\/image\\\/\"},\"sameAs\":[\"https:\\\/\\\/www.facebook.com\\\/yasminmarkt1\",\"https:\\\/\\\/www.tiktok.com\\\/@yasminmarkt\",\"https:\\\/\\\/www.instagram.com\\\/yasmin.markt1\\\/\",\"https:\\\/\\\/api.whatsapp.com\\\/send\\\/?phone=41799000104\"],\"publishingPrinciples\":\"https:\\\/\\\/yasminfood.ch\\\/de\\\/shop\\\/\",\"ownershipFundingInfo\":\"https:\\\/\\\/yasminfood.ch\\\/de\\\/shop\\\/\"}]}<\/script>\n<meta property=\"product:price:amount\" content=\"11.95\" \/>\n<meta property=\"product:price:currency\" content=\"CHF\" \/>\n<meta property=\"og:availability\" content=\"instock\" \/>\n<meta property=\"product:availability\" content=\"instock\" \/>\n<meta property=\"product:condition\" content=\"new\" \/>\n<!-- \/ Yoast SEO Premium plugin. -->","yoast_head_json":{"title":"Crystal Comfort Peanut 500g \u2013 Sicher - Yasmin Food","description":"wo der reichhaltige s\u00fc\u00dfe Geschmack sich mit den knusprigen Erdnussst\u00fccken vermischt und ein einzigartiges Erlebnis bietet, das weiche Texturen und Knusprigkeit verbindet","robots":{"index":"index","follow":"follow","max-snippet":"max-snippet:-1","max-image-preview":"max-image-preview:large","max-video-preview":"max-video-preview:-1"},"canonical":"https:\/\/yasminfood.ch\/de\/product\/crystal-comfort-peanut-500g-sicher\/","og_locale":"de_DE","og_type":"article","og_title":"Crystal Comfort Peanut 500g \u2013 Sicher","og_description":"Crystal Comfort Peanut 500g \u2013 Sicher  Der reichhaltige, s\u00fc\u00dfe Geschmack vermischt sich mit den knusprigen Erdnussst\u00fccken und schafft ein einzigartiges Erlebnis, das weiche Texturen mit k\u00f6stlichem Knusprigkeit verbindet.  Dieses orientalische Dessert hat eine luxuri\u00f6se kristalline Textur, die auf der Zunge schmilzt und in jedem St\u00fcck ein wunderbares Gef\u00fchl vermittelt.","og_url":"https:\/\/yasminfood.ch\/de\/product\/crystal-comfort-peanut-500g-sicher\/","og_site_name":"Yasmin Food","article_publisher":"https:\/\/www.facebook.com\/yasminmarkt1","article_modified_time":"2026-04-13T15:23:39+00:00","og_image":[{"width":1080,"height":1080,"url":"https:\/\/yasminfood.ch\/wp-content\/uploads\/2026\/04\/\u0631\u0627\u062d\u0629-\u0628\u0644\u0648\u0631\u064a\u0629-\u0628\u0627\u0644\u0641\u0648\u0644-\u0627\u0644\u0633\u0648\u062f\u0627\u0646\u064a-1-\u0643\u063a.png","type":"image\/png"}],"twitter_card":"summary_large_image","twitter_misc":{"Preis":"11.95&nbsp;&#67;&#72;&#70;","Verf\u00fcgbarkeit":"Auf Lager"},"schema":{"@context":"https:\/\/schema.org","@graph":[{"@type":"WebPage","@id":"https:\/\/yasminfood.ch\/de\/product\/crystal-comfort-peanut-500g-sicher\/","url":"https:\/\/yasminfood.ch\/de\/product\/crystal-comfort-peanut-500g-sicher\/","name":"Crystal Comfort Peanut 500g \u2013 Sicher - Yasmin Food","isPartOf":{"@id":"https:\/\/yasminfood.ch\/de\/#website"},"primaryImageOfPage":{"@id":"https:\/\/yasminfood.ch\/de\/product\/crystal-comfort-peanut-500g-sicher\/#primaryimage"},"image":{"@id":"https:\/\/yasminfood.ch\/de\/product\/crystal-comfort-peanut-500g-sicher\/#primaryimage"},"thumbnailUrl":"https:\/\/yasminfood.ch\/wp-content\/uploads\/2026\/04\/\u0631\u0627\u062d\u0629-\u0628\u0644\u0648\u0631\u064a\u0629-\u0628\u0627\u0644\u0641\u0648\u0644-\u0627\u0644\u0633\u0648\u062f\u0627\u0646\u064a-1-\u0643\u063a.png","datePublished":"2026-04-13T15:16:51+00:00","dateModified":"2026-04-13T15:23:39+00:00","description":"wo der reichhaltige s\u00fc\u00dfe Geschmack sich mit den knusprigen Erdnussst\u00fccken vermischt und ein einzigartiges Erlebnis bietet, das weiche Texturen und Knusprigkeit verbindet","breadcrumb":{"@id":"https:\/\/yasminfood.ch\/de\/product\/crystal-comfort-peanut-500g-sicher\/#breadcrumb"},"inLanguage":"de","potentialAction":[{"@type":"ReadAction","target":["https:\/\/yasminfood.ch\/de\/product\/crystal-comfort-peanut-500g-sicher\/"]}]},{"@type":"ImageObject","inLanguage":"de","@id":"https:\/\/yasminfood.ch\/de\/product\/crystal-comfort-peanut-500g-sicher\/#primaryimage","url":"https:\/\/yasminfood.ch\/wp-content\/uploads\/2026\/04\/\u0631\u0627\u062d\u0629-\u0628\u0644\u0648\u0631\u064a\u0629-\u0628\u0627\u0644\u0641\u0648\u0644-\u0627\u0644\u0633\u0648\u062f\u0627\u0646\u064a-1-\u0643\u063a.png","contentUrl":"https:\/\/yasminfood.ch\/wp-content\/uploads\/2026\/04\/\u0631\u0627\u062d\u0629-\u0628\u0644\u0648\u0631\u064a\u0629-\u0628\u0627\u0644\u0641\u0648\u0644-\u0627\u0644\u0633\u0648\u062f\u0627\u0646\u064a-1-\u0643\u063a.png","width":1080,"height":1080,"caption":"Crystal Comfort Peanut 500g \u2013 Sicher"},{"@type":"BreadcrumbList","@id":"https:\/\/yasminfood.ch\/de\/product\/crystal-comfort-peanut-500g-sicher\/#breadcrumb","itemListElement":[{"@type":"ListItem","position":1,"name":"\u0627\u0644\u0631\u0626\u064a\u0633\u064a\u0629","item":"https:\/\/yasminfood.ch\/de\/zuhause\/"},{"@type":"ListItem","position":2,"name":"Shop","item":"https:\/\/yasminfood.ch\/de\/shop\/"},{"@type":"ListItem","position":3,"name":"Crystal Comfort Peanut 500g \u2013 Sicher"}]},{"@type":"WebSite","@id":"https:\/\/yasminfood.ch\/de\/#website","url":"https:\/\/yasminfood.ch\/de\/","name":"\u064a\u0627\u0633\u0645\u064a\u0646 \u0645\u0627\u0631\u0643\u062a","description":"Alles, was Sie brauchen, an einem Ort","publisher":{"@id":"https:\/\/yasminfood.ch\/de\/#organization"},"alternateName":"Yasmin Food","potentialAction":[{"@type":"SearchAction","target":{"@type":"EntryPoint","urlTemplate":"https:\/\/yasminfood.ch\/de\/?s={search_term_string}"},"query-input":{"@type":"PropertyValueSpecification","valueRequired":true,"valueName":"search_term_string"}}],"inLanguage":"de"},{"@type":"Organization","@id":"https:\/\/yasminfood.ch\/de\/#organization","name":"\u064a\u0627\u0633\u0645\u064a\u0646 \u0645\u0627\u0631\u0643\u062a","alternateName":"Yasmin Food","url":"https:\/\/yasminfood.ch\/de\/","logo":{"@type":"ImageObject","inLanguage":"de","@id":"https:\/\/yasminfood.ch\/de\/#\/schema\/logo\/image\/","url":"https:\/\/yasminfood.ch\/wp-content\/uploads\/2025\/05\/yasmin-food-header-logo.png","contentUrl":"https:\/\/yasminfood.ch\/wp-content\/uploads\/2025\/05\/yasmin-food-header-logo.png","width":330,"height":120,"caption":"\u064a\u0627\u0633\u0645\u064a\u0646 \u0645\u0627\u0631\u0643\u062a"},"image":{"@id":"https:\/\/yasminfood.ch\/de\/#\/schema\/logo\/image\/"},"sameAs":["https:\/\/www.facebook.com\/yasminmarkt1","https:\/\/www.tiktok.com\/@yasminmarkt","https:\/\/www.instagram.com\/yasmin.markt1\/","https:\/\/api.whatsapp.com\/send\/?phone=41799000104"],"publishingPrinciples":"https:\/\/yasminfood.ch\/de\/shop\/","ownershipFundingInfo":"https:\/\/yasminfood.ch\/de\/shop\/"}]},"product_price_amount":"11.95","product_price_currency":"CHF","og_availability":"instock","product_availability":"instock","product_condition":"new"},"jetpack_sharing_enabled":true,"_links":{"self":[{"href":"https:\/\/yasminfood.ch\/de\/wp-json\/wp\/v2\/product\/122324","targetHints":{"allow":["GET"]}}],"collection":[{"href":"https:\/\/yasminfood.ch\/de\/wp-json\/wp\/v2\/product"}],"about":[{"href":"https:\/\/yasminfood.ch\/de\/wp-json\/wp\/v2\/types\/product"}],"replies":[{"embeddable":true,"href":"https:\/\/yasminfood.ch\/de\/wp-json\/wp\/v2\/comments?post=122324"}],"version-history":[{"count":0,"href":"https:\/\/yasminfood.ch\/de\/wp-json\/wp\/v2\/product\/122324\/revisions"}],"wp:featuredmedia":[{"embeddable":true,"href":"https:\/\/yasminfood.ch\/de\/wp-json\/wp\/v2\/media\/122322"}],"wp:attachment":[{"href":"https:\/\/yasminfood.ch\/de\/wp-json\/wp\/v2\/media?parent=122324"}],"wp:term":[{"taxonomy":"product_brand","embeddable":true,"href":"https:\/\/yasminfood.ch\/de\/wp-json\/wp\/v2\/product_brand?post=122324"},{"taxonomy":"product_cat","embeddable":true,"href":"https:\/\/yasminfood.ch\/de\/wp-json\/wp\/v2\/product_cat?post=122324"},{"taxonomy":"product_tag","embeddable":true,"href":"https:\/\/yasminfood.ch\/de\/wp-json\/wp\/v2\/product_tag?post=122324"}],"curies":[{"name":"wp","href":"https:\/\/api.w.org\/{rel}","templated":true}]}}