{"id":122340,"date":"2026-04-16T12:09:05","date_gmt":"2026-04-16T10:09:05","guid":{"rendered":"https:\/\/yasminfood.ch\/product\/feiner-bulgur-null-1-kg-bashan\/"},"modified":"2026-04-16T12:16:39","modified_gmt":"2026-04-16T10:16:39","slug":"feiner-bulgur-null-1-kg-bashan","status":"publish","type":"product","link":"https:\/\/yasminfood.ch\/de\/product\/feiner-bulgur-null-1-kg-bashan\/","title":{"rendered":"Feiner Bulgur Null 1 kg \u2013 Bashan"},"content":{"rendered":"<p data-pm-slice=\"1 1 []\"><strong>Feiner Bulgur Null 1 kg \u2013 Bashan<\/strong><\/p>\n<div class=\"flex flex-col text-sm pb-25\">\n<section class=\"text-token-text-primary w-full focus:outline-none [--shadow-height:45px] has-data-writing-block:pointer-events-none has-data-writing-block:-mt-(--shadow-height) has-data-writing-block:pt-(--shadow-height) [&amp;:has([data-writing-block])&gt;*]:pointer-events-auto scroll-mt-[calc(var(--header-height)+min(200px,max(70px,20svh)))]\" dir=\"auto\" data-turn-id=\"request-WEB:e6b9f703-c8af-462d-9bef-a3d054b7e68c-1\" data-testid=\"conversation-turn-4\" data-scroll-anchor=\"true\" data-turn=\"assistant\">\n<div class=\"text-base my-auto mx-auto pb-10 [--thread-content-margin:var(--thread-content-margin-xs,calc(var(--spacing)*4))] @w-sm\/main:[--thread-content-margin:var(--thread-content-margin-sm,calc(var(--spacing)*6))] @w-lg\/main:[--thread-content-margin:var(--thread-content-margin-lg,calc(var(--spacing)*16))] px-(--thread-content-margin)\">\n<div class=\"[--thread-content-max-width:40rem] @w-lg\/main:[--thread-content-max-width:48rem] mx-auto max-w-(--thread-content-max-width) flex-1 group\/turn-messages focus-visible:outline-hidden relative flex w-full min-w-0 flex-col agent-turn\">\n<div class=\"flex max-w-full flex-col gap-4 grow\">\n<div class=\"min-h-8 text-message relative flex w-full flex-col items-end gap-2 text-start break-words whitespace-normal outline-none keyboard-focused:focus-ring [.text-message+&amp;]:mt-1\" dir=\"auto\" tabindex=\"0\" data-message-author-role=\"assistant\" data-message-id=\"7017ce7b-2bdf-4381-846a-51c6911afd59\" data-message-model-slug=\"gpt-5-3\" data-turn-start-message=\"true\">\n<div class=\"flex w-full flex-col gap-1 empty:hidden\">\n<div class=\"markdown prose dark:prose-invert w-full wrap-break-word light markdown-new-styling\">\n<ul>\n<li data-start=\"39\" data-end=\"188\">Soft Zero Bulgur ist der Herstellung von Kibbeh aus der Marke Bashan gewidmet,<\/li>\n<li data-start=\"39\" data-end=\"188\">Es wird aus hochwertigem Weizen hergestellt und mit perfekter Feinheit gemahlen, was f\u00fcr eine stimmige Textur und jedes Mal ein erfolgreiches Ergebnis sorgt.<\/li>\n<li data-start=\"39\" data-end=\"188\">Sie zeichnet sich durch ihre weichen und homogenen K\u00f6rner aus, die Fl\u00fcssigkeiten leicht aufnehmen, was sie zur perfekten Wahl f\u00fcr die Zubereitung von Kibbeh aller Art (frittiert, gegrillt und Tabletts) macht. <\/li>\n<li data-start=\"39\" data-end=\"188\">Au\u00dferdem kann es auch in anderen Rezepten wie Tabbouleh und feinem Bulgur verwendet werden.<\/li>\n<\/ul>\n<p data-start=\"396\" data-end=\"409\"><strong data-start=\"396\" data-end=\"409\">Funktionen:<\/strong><\/p>\n<ul data-start=\"410\" data-end=\"559\">\n<li data-section-id=\"14gtgzw\" data-start=\"410\" data-end=\"439\">Perfekt f\u00fcr Kibbeh aller Art<\/li>\n<li data-section-id=\"ao6g6z\" data-start=\"440\" data-end=\"468\">Hohe Weichheit und homogene Textur<\/li>\n<li data-section-id=\"miqw3a\" data-start=\"469\" data-end=\"500\">Schnell zuzubereiten und einfach zu bedienen<\/li>\n<li data-section-id=\"s3uhe4\" data-start=\"501\" data-end=\"532\">Eine reiche Quelle an Ballaststoffen und Proteinen<\/li>\n<li data-section-id=\"142jrdo\" data-start=\"533\" data-end=\"559\">Nat\u00fcrlich und f\u00fcr Vegetarier geeignet<\/li>\n<\/ul>\n<p data-start=\"561\" data-end=\"629\"><strong data-start=\"561\" data-end=\"577\">Verwendungen:<\/strong><br \/>\nBereiten Sie Kibbeh, Tabbouleh, feines Bulgur und verschiedene F\u00fcllungen zu.  <\/p>\n<p data-start=\"631\" data-end=\"678\"><strong data-start=\"631\" data-end=\"641\">Gewicht:<\/strong> 1 kg<br data-start=\"646\" data-end=\"649\"><strong data-start=\"649\" data-end=\"670\">Marke:<\/strong> Bashan<\/p>\n<p data-start=\"680\" data-end=\"749\" data-is-last-node=\"\" data-is-only-node=\"\">Eine perfekte Wahl f\u00fcr Liebhaber orientalischer K\u00fcche f\u00fcr professionelle Ergebnisse mit authentischem Geschmack.<\/p>\n<\/div>\n<\/div>\n<\/div>\n<\/div>\n<div class=\"z-0 flex min-h-[46px] justify-start\"><\/div>\n<\/div>\n<\/div>\n<\/section>\n<\/div>\n<div class=\"pointer-events-none h-px w-px absolute bottom-0\" aria-hidden=\"true\" data-edge=\"true\"><\/div>\n","protected":false},"excerpt":{"rendered":"<p data-pm-slice=\"1 1 []\"><strong>Feiner Bulgur Null 1 kg \u2013 Bashan<\/strong><\/p>\n<div class=\"flex flex-col text-sm pb-25\">\n<section class=\"text-token-text-primary w-full focus:outline-none [--shadow-height:45px] has-data-writing-block:pointer-events-none has-data-writing-block:-mt-(--shadow-height) has-data-writing-block:pt-(--shadow-height) [&amp;:has([data-writing-block])&gt;*]:pointer-events-auto scroll-mt-[calc(var(--header-height)+min(200px,max(70px,20svh)))]\" dir=\"auto\" data-turn-id=\"request-WEB:e6b9f703-c8af-462d-9bef-a3d054b7e68c-1\" data-testid=\"conversation-turn-4\" data-scroll-anchor=\"true\" data-turn=\"assistant\">\n<div class=\"text-base my-auto mx-auto pb-10 [--thread-content-margin:var(--thread-content-margin-xs,calc(var(--spacing)*4))] @w-sm\/main:[--thread-content-margin:var(--thread-content-margin-sm,calc(var(--spacing)*6))] @w-lg\/main:[--thread-content-margin:var(--thread-content-margin-lg,calc(var(--spacing)*16))] px-(--thread-content-margin)\">\n<div class=\"[--thread-content-max-width:40rem] @w-lg\/main:[--thread-content-max-width:48rem] mx-auto max-w-(--thread-content-max-width) flex-1 group\/turn-messages focus-visible:outline-hidden relative flex w-full min-w-0 flex-col agent-turn\">\n<div class=\"flex max-w-full flex-col gap-4 grow\">\n<div class=\"min-h-8 text-message relative flex w-full flex-col items-end gap-2 text-start break-words whitespace-normal outline-none keyboard-focused:focus-ring [.text-message+&amp;]:mt-1\" dir=\"auto\" tabindex=\"0\" data-message-author-role=\"assistant\" data-message-id=\"7017ce7b-2bdf-4381-846a-51c6911afd59\" data-message-model-slug=\"gpt-5-3\" data-turn-start-message=\"true\">\n<div class=\"flex w-full flex-col gap-1 empty:hidden\">\n<div class=\"markdown prose dark:prose-invert w-full wrap-break-word light markdown-new-styling\">\n<ul>\n<li data-start=\"39\" data-end=\"188\">Soft Zero Bulgur ist der Herstellung von Kibbeh aus der Marke Bashan gewidmet,<\/li>\n<li data-start=\"39\" data-end=\"188\">Es wird aus hochwertigem Weizen hergestellt und mit perfekter Feinheit gemahlen, was f\u00fcr eine stimmige Textur und jedes Mal ein erfolgreiches Ergebnis sorgt.<\/li>\n<\/ul>\n<\/div>\n<\/div>\n<\/div>\n<\/div>\n<\/div>\n<\/div>\n<\/section>\n<\/div>\n","protected":false},"featured_media":122341,"comment_status":"open","ping_status":"closed","template":"","meta":[],"product_brand":[],"product_cat":[323,320],"product_tag":[],"class_list":{"0":"post-122340","1":"product","2":"type-product","3":"status-publish","4":"has-post-thumbnail","6":"product_cat-bulgur-de","7":"product_cat-reis-getreide","9":"first","10":"instock","11":"taxable","12":"shipping-taxable","13":"purchasable","14":"product-type-simple"},"yoast_head":"<!-- This site is optimized with the Yoast SEO Premium plugin v26.5 (Yoast SEO v27.4) - https:\/\/yoast.com\/product\/yoast-seo-premium-wordpress\/ -->\n<title>Feiner Bulgur Null 1 kg \u2013 Bashan - Yasmin Food<\/title>\n<meta name=\"description\" content=\"Feiner Bulgur Null 1 kg \u2013 Bashan Soft Zero Bulgur Ma\u00dfgeschneidert f\u00fcr Kibbeh-Zubereitung von der Marke Bachan, es wird aus hochwertigem Weizen hergestellt und auf ein perfektes Feinheitsniveau gemahlen, was eine stimmige Textur verleiht\" \/>\n<meta name=\"robots\" content=\"index, follow, max-snippet:-1, max-image-preview:large, max-video-preview:-1\" \/>\n<link rel=\"canonical\" href=\"https:\/\/yasminfood.ch\/de\/product\/feiner-bulgur-null-1-kg-bashan\/\" \/>\n<meta property=\"og:locale\" content=\"de_DE\" \/>\n<meta property=\"og:type\" content=\"article\" \/>\n<meta property=\"og:title\" content=\"Feiner Bulgur Null 1 kg \u2013 Bashan\" \/>\n<meta property=\"og:description\" content=\"Feiner Bulgur Null 1 kg \u2013 Bashan      Soft Zero Bulgur ist der Herstellung von Kibbeh aus der Marke Bashan gewidmet,  Es wird aus hochwertigem Weizen hergestellt und mit perfekter Feinheit gemahlen, was f\u00fcr eine stimmige Textur und jedes Mal ein erfolgreiches Ergebnis sorgt.\" \/>\n<meta property=\"og:url\" content=\"https:\/\/yasminfood.ch\/de\/product\/feiner-bulgur-null-1-kg-bashan\/\" \/>\n<meta property=\"og:site_name\" content=\"Yasmin Food\" \/>\n<meta property=\"article:publisher\" content=\"https:\/\/www.facebook.com\/yasminmarkt1\" \/>\n<meta property=\"article:modified_time\" content=\"2026-04-16T10:16:39+00:00\" \/>\n<meta property=\"og:image\" content=\"https:\/\/yasminfood.ch\/wp-content\/uploads\/2026\/04\/\u0628\u0631\u063a\u0644-\u0646\u0627\u0639\u0645-\u0628\u0627\u0634\u0627\u0646.png\" \/>\n\t<meta property=\"og:image:width\" content=\"1080\" \/>\n\t<meta property=\"og:image:height\" content=\"1080\" \/>\n\t<meta property=\"og:image:type\" content=\"image\/png\" \/>\n<meta name=\"twitter:card\" content=\"summary_large_image\" \/>\n<meta name=\"twitter:label1\" content=\"Preis\" \/>\n\t<meta name=\"twitter:data1\" content=\"3.95&nbsp;&#067;&#072;&#070;\" \/>\n\t<meta name=\"twitter:label2\" content=\"Verf\u00fcgbarkeit\" \/>\n\t<meta name=\"twitter:data2\" content=\"Auf Lager\" \/>\n<script type=\"application\/ld+json\" class=\"yoast-schema-graph\">{\"@context\":\"https:\\\/\\\/schema.org\",\"@graph\":[{\"@type\":\"WebPage\",\"@id\":\"https:\\\/\\\/yasminfood.ch\\\/de\\\/product\\\/feiner-bulgur-null-1-kg-bashan\\\/\",\"url\":\"https:\\\/\\\/yasminfood.ch\\\/de\\\/product\\\/feiner-bulgur-null-1-kg-bashan\\\/\",\"name\":\"Feiner Bulgur Null 1 kg \u2013 Bashan - Yasmin Food\",\"isPartOf\":{\"@id\":\"https:\\\/\\\/yasminfood.ch\\\/de\\\/#website\"},\"primaryImageOfPage\":{\"@id\":\"https:\\\/\\\/yasminfood.ch\\\/de\\\/product\\\/feiner-bulgur-null-1-kg-bashan\\\/#primaryimage\"},\"image\":{\"@id\":\"https:\\\/\\\/yasminfood.ch\\\/de\\\/product\\\/feiner-bulgur-null-1-kg-bashan\\\/#primaryimage\"},\"thumbnailUrl\":\"https:\\\/\\\/yasminfood.ch\\\/wp-content\\\/uploads\\\/2026\\\/04\\\/\u0628\u0631\u063a\u0644-\u0646\u0627\u0639\u0645-\u0628\u0627\u0634\u0627\u0646.png\",\"datePublished\":\"2026-04-16T10:09:05+00:00\",\"dateModified\":\"2026-04-16T10:16:39+00:00\",\"description\":\"Feiner Bulgur Null 1 kg \u2013 Bashan Soft Zero Bulgur Ma\u00dfgeschneidert f\u00fcr Kibbeh-Zubereitung von der Marke Bachan, es wird aus hochwertigem Weizen hergestellt und auf ein perfektes Feinheitsniveau gemahlen, was eine stimmige Textur verleiht\",\"breadcrumb\":{\"@id\":\"https:\\\/\\\/yasminfood.ch\\\/de\\\/product\\\/feiner-bulgur-null-1-kg-bashan\\\/#breadcrumb\"},\"inLanguage\":\"de\",\"potentialAction\":[{\"@type\":\"ReadAction\",\"target\":[\"https:\\\/\\\/yasminfood.ch\\\/de\\\/product\\\/feiner-bulgur-null-1-kg-bashan\\\/\"]}]},{\"@type\":\"ImageObject\",\"inLanguage\":\"de\",\"@id\":\"https:\\\/\\\/yasminfood.ch\\\/de\\\/product\\\/feiner-bulgur-null-1-kg-bashan\\\/#primaryimage\",\"url\":\"https:\\\/\\\/yasminfood.ch\\\/wp-content\\\/uploads\\\/2026\\\/04\\\/\u0628\u0631\u063a\u0644-\u0646\u0627\u0639\u0645-\u0628\u0627\u0634\u0627\u0646.png\",\"contentUrl\":\"https:\\\/\\\/yasminfood.ch\\\/wp-content\\\/uploads\\\/2026\\\/04\\\/\u0628\u0631\u063a\u0644-\u0646\u0627\u0639\u0645-\u0628\u0627\u0634\u0627\u0646.png\",\"width\":1080,\"height\":1080,\"caption\":\"Feiner Bulgur Null 1 kg \u2013 Bashan\"},{\"@type\":\"BreadcrumbList\",\"@id\":\"https:\\\/\\\/yasminfood.ch\\\/de\\\/product\\\/feiner-bulgur-null-1-kg-bashan\\\/#breadcrumb\",\"itemListElement\":[{\"@type\":\"ListItem\",\"position\":1,\"name\":\"\u0627\u0644\u0631\u0626\u064a\u0633\u064a\u0629\",\"item\":\"https:\\\/\\\/yasminfood.ch\\\/de\\\/zuhause\\\/\"},{\"@type\":\"ListItem\",\"position\":2,\"name\":\"Shop\",\"item\":\"https:\\\/\\\/yasminfood.ch\\\/de\\\/shop\\\/\"},{\"@type\":\"ListItem\",\"position\":3,\"name\":\"Feiner Bulgur Null 1 kg \u2013 Bashan\"}]},{\"@type\":\"WebSite\",\"@id\":\"https:\\\/\\\/yasminfood.ch\\\/de\\\/#website\",\"url\":\"https:\\\/\\\/yasminfood.ch\\\/de\\\/\",\"name\":\"\u064a\u0627\u0633\u0645\u064a\u0646 \u0645\u0627\u0631\u0643\u062a\",\"description\":\"Alles, was Sie brauchen, an einem Ort\",\"publisher\":{\"@id\":\"https:\\\/\\\/yasminfood.ch\\\/de\\\/#organization\"},\"alternateName\":\"Yasmin Food\",\"potentialAction\":[{\"@type\":\"SearchAction\",\"target\":{\"@type\":\"EntryPoint\",\"urlTemplate\":\"https:\\\/\\\/yasminfood.ch\\\/de\\\/?s={search_term_string}\"},\"query-input\":{\"@type\":\"PropertyValueSpecification\",\"valueRequired\":true,\"valueName\":\"search_term_string\"}}],\"inLanguage\":\"de\"},{\"@type\":\"Organization\",\"@id\":\"https:\\\/\\\/yasminfood.ch\\\/de\\\/#organization\",\"name\":\"\u064a\u0627\u0633\u0645\u064a\u0646 \u0645\u0627\u0631\u0643\u062a\",\"alternateName\":\"Yasmin Food\",\"url\":\"https:\\\/\\\/yasminfood.ch\\\/de\\\/\",\"logo\":{\"@type\":\"ImageObject\",\"inLanguage\":\"de\",\"@id\":\"https:\\\/\\\/yasminfood.ch\\\/de\\\/#\\\/schema\\\/logo\\\/image\\\/\",\"url\":\"https:\\\/\\\/yasminfood.ch\\\/wp-content\\\/uploads\\\/2025\\\/05\\\/yasmin-food-header-logo.png\",\"contentUrl\":\"https:\\\/\\\/yasminfood.ch\\\/wp-content\\\/uploads\\\/2025\\\/05\\\/yasmin-food-header-logo.png\",\"width\":330,\"height\":120,\"caption\":\"\u064a\u0627\u0633\u0645\u064a\u0646 \u0645\u0627\u0631\u0643\u062a\"},\"image\":{\"@id\":\"https:\\\/\\\/yasminfood.ch\\\/de\\\/#\\\/schema\\\/logo\\\/image\\\/\"},\"sameAs\":[\"https:\\\/\\\/www.facebook.com\\\/yasminmarkt1\",\"https:\\\/\\\/www.tiktok.com\\\/@yasminmarkt\",\"https:\\\/\\\/www.instagram.com\\\/yasmin.markt1\\\/\",\"https:\\\/\\\/api.whatsapp.com\\\/send\\\/?phone=41799000104\"],\"publishingPrinciples\":\"https:\\\/\\\/yasminfood.ch\\\/de\\\/shop\\\/\",\"ownershipFundingInfo\":\"https:\\\/\\\/yasminfood.ch\\\/de\\\/shop\\\/\"}]}<\/script>\n<meta property=\"product:price:amount\" content=\"3.95\" \/>\n<meta property=\"product:price:currency\" content=\"CHF\" \/>\n<meta property=\"og:availability\" content=\"instock\" \/>\n<meta property=\"product:availability\" content=\"instock\" \/>\n<meta property=\"product:condition\" content=\"new\" \/>\n<!-- \/ Yoast SEO Premium plugin. -->","yoast_head_json":{"title":"Feiner Bulgur Null 1 kg \u2013 Bashan - Yasmin Food","description":"Feiner Bulgur Null 1 kg \u2013 Bashan Soft Zero Bulgur Ma\u00dfgeschneidert f\u00fcr Kibbeh-Zubereitung von der Marke Bachan, es wird aus hochwertigem Weizen hergestellt und auf ein perfektes Feinheitsniveau gemahlen, was eine stimmige Textur verleiht","robots":{"index":"index","follow":"follow","max-snippet":"max-snippet:-1","max-image-preview":"max-image-preview:large","max-video-preview":"max-video-preview:-1"},"canonical":"https:\/\/yasminfood.ch\/de\/product\/feiner-bulgur-null-1-kg-bashan\/","og_locale":"de_DE","og_type":"article","og_title":"Feiner Bulgur Null 1 kg \u2013 Bashan","og_description":"Feiner Bulgur Null 1 kg \u2013 Bashan      Soft Zero Bulgur ist der Herstellung von Kibbeh aus der Marke Bashan gewidmet,  Es wird aus hochwertigem Weizen hergestellt und mit perfekter Feinheit gemahlen, was f\u00fcr eine stimmige Textur und jedes Mal ein erfolgreiches Ergebnis sorgt.","og_url":"https:\/\/yasminfood.ch\/de\/product\/feiner-bulgur-null-1-kg-bashan\/","og_site_name":"Yasmin Food","article_publisher":"https:\/\/www.facebook.com\/yasminmarkt1","article_modified_time":"2026-04-16T10:16:39+00:00","og_image":[{"width":1080,"height":1080,"url":"https:\/\/yasminfood.ch\/wp-content\/uploads\/2026\/04\/\u0628\u0631\u063a\u0644-\u0646\u0627\u0639\u0645-\u0628\u0627\u0634\u0627\u0646.png","type":"image\/png"}],"twitter_card":"summary_large_image","twitter_misc":{"Preis":"3.95&nbsp;&#67;&#72;&#70;","Verf\u00fcgbarkeit":"Auf Lager"},"schema":{"@context":"https:\/\/schema.org","@graph":[{"@type":"WebPage","@id":"https:\/\/yasminfood.ch\/de\/product\/feiner-bulgur-null-1-kg-bashan\/","url":"https:\/\/yasminfood.ch\/de\/product\/feiner-bulgur-null-1-kg-bashan\/","name":"Feiner Bulgur Null 1 kg \u2013 Bashan - Yasmin Food","isPartOf":{"@id":"https:\/\/yasminfood.ch\/de\/#website"},"primaryImageOfPage":{"@id":"https:\/\/yasminfood.ch\/de\/product\/feiner-bulgur-null-1-kg-bashan\/#primaryimage"},"image":{"@id":"https:\/\/yasminfood.ch\/de\/product\/feiner-bulgur-null-1-kg-bashan\/#primaryimage"},"thumbnailUrl":"https:\/\/yasminfood.ch\/wp-content\/uploads\/2026\/04\/\u0628\u0631\u063a\u0644-\u0646\u0627\u0639\u0645-\u0628\u0627\u0634\u0627\u0646.png","datePublished":"2026-04-16T10:09:05+00:00","dateModified":"2026-04-16T10:16:39+00:00","description":"Feiner Bulgur Null 1 kg \u2013 Bashan Soft Zero Bulgur Ma\u00dfgeschneidert f\u00fcr Kibbeh-Zubereitung von der Marke Bachan, es wird aus hochwertigem Weizen hergestellt und auf ein perfektes Feinheitsniveau gemahlen, was eine stimmige Textur verleiht","breadcrumb":{"@id":"https:\/\/yasminfood.ch\/de\/product\/feiner-bulgur-null-1-kg-bashan\/#breadcrumb"},"inLanguage":"de","potentialAction":[{"@type":"ReadAction","target":["https:\/\/yasminfood.ch\/de\/product\/feiner-bulgur-null-1-kg-bashan\/"]}]},{"@type":"ImageObject","inLanguage":"de","@id":"https:\/\/yasminfood.ch\/de\/product\/feiner-bulgur-null-1-kg-bashan\/#primaryimage","url":"https:\/\/yasminfood.ch\/wp-content\/uploads\/2026\/04\/\u0628\u0631\u063a\u0644-\u0646\u0627\u0639\u0645-\u0628\u0627\u0634\u0627\u0646.png","contentUrl":"https:\/\/yasminfood.ch\/wp-content\/uploads\/2026\/04\/\u0628\u0631\u063a\u0644-\u0646\u0627\u0639\u0645-\u0628\u0627\u0634\u0627\u0646.png","width":1080,"height":1080,"caption":"Feiner Bulgur Null 1 kg \u2013 Bashan"},{"@type":"BreadcrumbList","@id":"https:\/\/yasminfood.ch\/de\/product\/feiner-bulgur-null-1-kg-bashan\/#breadcrumb","itemListElement":[{"@type":"ListItem","position":1,"name":"\u0627\u0644\u0631\u0626\u064a\u0633\u064a\u0629","item":"https:\/\/yasminfood.ch\/de\/zuhause\/"},{"@type":"ListItem","position":2,"name":"Shop","item":"https:\/\/yasminfood.ch\/de\/shop\/"},{"@type":"ListItem","position":3,"name":"Feiner Bulgur Null 1 kg \u2013 Bashan"}]},{"@type":"WebSite","@id":"https:\/\/yasminfood.ch\/de\/#website","url":"https:\/\/yasminfood.ch\/de\/","name":"\u064a\u0627\u0633\u0645\u064a\u0646 \u0645\u0627\u0631\u0643\u062a","description":"Alles, was Sie brauchen, an einem Ort","publisher":{"@id":"https:\/\/yasminfood.ch\/de\/#organization"},"alternateName":"Yasmin Food","potentialAction":[{"@type":"SearchAction","target":{"@type":"EntryPoint","urlTemplate":"https:\/\/yasminfood.ch\/de\/?s={search_term_string}"},"query-input":{"@type":"PropertyValueSpecification","valueRequired":true,"valueName":"search_term_string"}}],"inLanguage":"de"},{"@type":"Organization","@id":"https:\/\/yasminfood.ch\/de\/#organization","name":"\u064a\u0627\u0633\u0645\u064a\u0646 \u0645\u0627\u0631\u0643\u062a","alternateName":"Yasmin Food","url":"https:\/\/yasminfood.ch\/de\/","logo":{"@type":"ImageObject","inLanguage":"de","@id":"https:\/\/yasminfood.ch\/de\/#\/schema\/logo\/image\/","url":"https:\/\/yasminfood.ch\/wp-content\/uploads\/2025\/05\/yasmin-food-header-logo.png","contentUrl":"https:\/\/yasminfood.ch\/wp-content\/uploads\/2025\/05\/yasmin-food-header-logo.png","width":330,"height":120,"caption":"\u064a\u0627\u0633\u0645\u064a\u0646 \u0645\u0627\u0631\u0643\u062a"},"image":{"@id":"https:\/\/yasminfood.ch\/de\/#\/schema\/logo\/image\/"},"sameAs":["https:\/\/www.facebook.com\/yasminmarkt1","https:\/\/www.tiktok.com\/@yasminmarkt","https:\/\/www.instagram.com\/yasmin.markt1\/","https:\/\/api.whatsapp.com\/send\/?phone=41799000104"],"publishingPrinciples":"https:\/\/yasminfood.ch\/de\/shop\/","ownershipFundingInfo":"https:\/\/yasminfood.ch\/de\/shop\/"}]},"product_price_amount":"3.95","product_price_currency":"CHF","og_availability":"instock","product_availability":"instock","product_condition":"new"},"jetpack_sharing_enabled":true,"_links":{"self":[{"href":"https:\/\/yasminfood.ch\/de\/wp-json\/wp\/v2\/product\/122340","targetHints":{"allow":["GET"]}}],"collection":[{"href":"https:\/\/yasminfood.ch\/de\/wp-json\/wp\/v2\/product"}],"about":[{"href":"https:\/\/yasminfood.ch\/de\/wp-json\/wp\/v2\/types\/product"}],"replies":[{"embeddable":true,"href":"https:\/\/yasminfood.ch\/de\/wp-json\/wp\/v2\/comments?post=122340"}],"version-history":[{"count":0,"href":"https:\/\/yasminfood.ch\/de\/wp-json\/wp\/v2\/product\/122340\/revisions"}],"wp:featuredmedia":[{"embeddable":true,"href":"https:\/\/yasminfood.ch\/de\/wp-json\/wp\/v2\/media\/122341"}],"wp:attachment":[{"href":"https:\/\/yasminfood.ch\/de\/wp-json\/wp\/v2\/media?parent=122340"}],"wp:term":[{"taxonomy":"product_brand","embeddable":true,"href":"https:\/\/yasminfood.ch\/de\/wp-json\/wp\/v2\/product_brand?post=122340"},{"taxonomy":"product_cat","embeddable":true,"href":"https:\/\/yasminfood.ch\/de\/wp-json\/wp\/v2\/product_cat?post=122340"},{"taxonomy":"product_tag","embeddable":true,"href":"https:\/\/yasminfood.ch\/de\/wp-json\/wp\/v2\/product_tag?post=122340"}],"curies":[{"name":"wp","href":"https:\/\/api.w.org\/{rel}","templated":true}]}}