{"id":122344,"date":"2026-04-16T12:15:24","date_gmt":"2026-04-16T10:15:24","guid":{"rendered":"https:\/\/yasminfood.ch\/product\/baba-ghanoush-370-g-chtoura-gaerten\/"},"modified":"2026-04-16T12:16:42","modified_gmt":"2026-04-16T10:16:42","slug":"baba-ghanoush-370-g-chtoura-gaerten","status":"publish","type":"product","link":"https:\/\/yasminfood.ch\/de\/product\/baba-ghanoush-370-g-chtoura-gaerten\/","title":{"rendered":"Baba Ghanoush 370 g \u2013 Chtoura-G\u00e4rten"},"content":{"rendered":"<p data-start=\"0\" data-end=\"33\"><strong data-start=\"0\" data-end=\"33\">Baba Ghanoush 370 g \u2013 Chtoura-G\u00e4rten<\/strong><\/p>\n<div class=\"flex flex-col text-sm pb-25\">\n<section class=\"text-token-text-primary w-full focus:outline-none [--shadow-height:45px] has-data-writing-block:pointer-events-none has-data-writing-block:-mt-(--shadow-height) has-data-writing-block:pt-(--shadow-height) [&amp;:has([data-writing-block])&gt;*]:pointer-events-auto scroll-mt-[calc(var(--header-height)+min(200px,max(70px,20svh)))]\" dir=\"auto\" data-turn-id=\"request-WEB:e6b9f703-c8af-462d-9bef-a3d054b7e68c-2\" data-testid=\"conversation-turn-6\" data-scroll-anchor=\"true\" data-turn=\"assistant\">\n<div class=\"text-base my-auto mx-auto pb-10 [--thread-content-margin:var(--thread-content-margin-xs,calc(var(--spacing)*4))] @w-sm\/main:[--thread-content-margin:var(--thread-content-margin-sm,calc(var(--spacing)*6))] @w-lg\/main:[--thread-content-margin:var(--thread-content-margin-lg,calc(var(--spacing)*16))] px-(--thread-content-margin)\">\n<div class=\"[--thread-content-max-width:40rem] @w-lg\/main:[--thread-content-max-width:48rem] mx-auto max-w-(--thread-content-max-width) flex-1 group\/turn-messages focus-visible:outline-hidden relative flex w-full min-w-0 flex-col agent-turn\">\n<div class=\"flex max-w-full flex-col gap-4 grow\">\n<div class=\"min-h-8 text-message relative flex w-full flex-col items-end gap-2 text-start break-words whitespace-normal outline-none keyboard-focused:focus-ring [.text-message+&amp;]:mt-1\" dir=\"auto\" tabindex=\"0\" data-message-author-role=\"assistant\" data-message-id=\"65db37df-e7ad-4202-b278-22709ed5803c\" data-message-model-slug=\"gpt-5-3\" data-turn-start-message=\"true\">\n<div class=\"flex w-full flex-col gap-1 empty:hidden\">\n<div class=\"markdown prose dark:prose-invert w-full wrap-break-word light markdown-new-styling\">\n<ul>\n<li data-start=\"35\" data-end=\"254\">Zubereitet mit gegrillter Aubergine mit Tahini, um einen authentisch orientalischen Geschmack und eine reiche, cremige Textur zu erhalten.<\/li>\n<li data-start=\"35\" data-end=\"254\">Mit seinem k\u00f6stlichen, rauchigen Geschmack und hoher Qualit\u00e4t ist er ideal f\u00fcr schnelle Portionen ohne Vorbereitung. <\/li>\n<li data-start=\"35\" data-end=\"254\">Sie wird nach einem traditionellen Rezept zubereitet, das frische Auberginen und Sesam kombiniert und so die perfekte Balance zwischen Geschmack und N\u00e4hrwert bietet. <\/li>\n<\/ul>\n<p data-start=\"370\" data-end=\"383\"><strong data-start=\"370\" data-end=\"383\">Funktionen:<\/strong><\/p>\n<ul data-start=\"384\" data-end=\"485\">\n<li data-section-id=\"1rcyvw8\" data-start=\"384\" data-end=\"407\">Sofort bereit zum Servieren<\/li>\n<li data-section-id=\"lqglcp\" data-start=\"408\" data-end=\"425\">Authentischer ger\u00e4ucherter Geschmack<\/li>\n<li data-section-id=\"1va2k22\" data-start=\"426\" data-end=\"445\">Weiche, cremige Textur<\/li>\n<li data-section-id=\"1wwonq6\" data-start=\"446\" data-end=\"485\">Hergestellt mit hochwertigen, nat\u00fcrlichen Zutaten<\/li>\n<\/ul>\n<p data-start=\"487\" data-end=\"594\"><strong data-start=\"487\" data-end=\"503\">Verwendungen:<\/strong><br \/>\nAls Vorspeise mit arabischem Brot oder als Beilage mit Grills serviert, kann er als F\u00fcllung f\u00fcr Sandwiches verwendet werden.  <\/p>\n<p data-start=\"596\" data-end=\"650\"><strong data-start=\"596\" data-end=\"606\">Gewicht:<\/strong> 370 g<br data-start=\"612\" data-end=\"615\"><strong data-start=\"615\" data-end=\"636\">Marke:<\/strong> Chtoura Gardens<\/p>\n<p data-start=\"652\" data-end=\"702\" data-is-last-node=\"\" data-is-only-node=\"\">Eine praktische und k\u00f6stliche Wahl f\u00fcr Liebhaber traditioneller orientalischer K\u00fcche.<\/p>\n<\/div>\n<\/div>\n<\/div>\n<\/div>\n<div class=\"z-0 flex min-h-[46px] justify-start\"><\/div>\n<\/div>\n<\/div>\n<\/section>\n<\/div>\n<div class=\"pointer-events-none h-px w-px absolute bottom-0\" aria-hidden=\"true\" data-edge=\"true\"><\/div>\n","protected":false},"excerpt":{"rendered":"<p data-start=\"0\" data-end=\"33\"><strong data-start=\"0\" data-end=\"33\">Baba Ghanoush 370 g \u2013 Chtoura-G\u00e4rten<\/strong><\/p>\n<div class=\"flex flex-col text-sm pb-25\">\n<section class=\"text-token-text-primary w-full focus:outline-none [--shadow-height:45px] has-data-writing-block:pointer-events-none has-data-writing-block:-mt-(--shadow-height) has-data-writing-block:pt-(--shadow-height) [&amp;:has([data-writing-block])&gt;*]:pointer-events-auto scroll-mt-[calc(var(--header-height)+min(200px,max(70px,20svh)))]\" dir=\"auto\" data-turn-id=\"request-WEB:e6b9f703-c8af-462d-9bef-a3d054b7e68c-2\" data-testid=\"conversation-turn-6\" data-scroll-anchor=\"true\" data-turn=\"assistant\">\n<div class=\"text-base my-auto mx-auto pb-10 [--thread-content-margin:var(--thread-content-margin-xs,calc(var(--spacing)*4))] @w-sm\/main:[--thread-content-margin:var(--thread-content-margin-sm,calc(var(--spacing)*6))] @w-lg\/main:[--thread-content-margin:var(--thread-content-margin-lg,calc(var(--spacing)*16))] px-(--thread-content-margin)\">\n<div class=\"[--thread-content-max-width:40rem] @w-lg\/main:[--thread-content-max-width:48rem] mx-auto max-w-(--thread-content-max-width) flex-1 group\/turn-messages focus-visible:outline-hidden relative flex w-full min-w-0 flex-col agent-turn\">\n<div class=\"flex max-w-full flex-col gap-4 grow\">\n<div class=\"min-h-8 text-message relative flex w-full flex-col items-end gap-2 text-start break-words whitespace-normal outline-none keyboard-focused:focus-ring [.text-message+&amp;]:mt-1\" dir=\"auto\" tabindex=\"0\" data-message-author-role=\"assistant\" data-message-id=\"65db37df-e7ad-4202-b278-22709ed5803c\" data-message-model-slug=\"gpt-5-3\" data-turn-start-message=\"true\">\n<div class=\"flex w-full flex-col gap-1 empty:hidden\">\n<div class=\"markdown prose dark:prose-invert w-full wrap-break-word light markdown-new-styling\">\n<ul>\n<li data-start=\"35\" data-end=\"254\">Zubereitet mit gegrillter Aubergine mit Tahini, um einen authentisch orientalischen Geschmack und eine reiche, cremige Textur zu erhalten.<\/li>\n<li data-start=\"35\" data-end=\"254\">Mit seinem k\u00f6stlichen, rauchigen Geschmack und hoher Qualit\u00e4t ist er ideal f\u00fcr schnelle Portionen ohne Vorbereitung. <\/li>\n<\/ul>\n<\/div>\n<\/div>\n<\/div>\n<\/div>\n<\/div>\n<\/div>\n<\/section>\n<\/div>\n","protected":false},"featured_media":122345,"comment_status":"open","ping_status":"closed","template":"","meta":[],"product_brand":[],"product_cat":[285,245],"product_tag":[],"class_list":{"0":"post-122344","1":"product","2":"type-product","3":"status-publish","4":"has-post-thumbnail","6":"product_cat-aubergine-dip","7":"product_cat-konserven-lebensmittel","9":"first","10":"instock","11":"taxable","12":"shipping-taxable","13":"purchasable","14":"product-type-simple"},"yoast_head":"<!-- This site is optimized with the Yoast SEO Premium plugin v26.5 (Yoast SEO v27.4) - https:\/\/yoast.com\/product\/yoast-seo-premium-wordpress\/ -->\n<title>Baba Ghanoush 370 g \u2013 Chtoura-G\u00e4rten - Yasmin Food<\/title>\n<meta name=\"description\" content=\"Gegrillte Aubergine mit Tahini, um einen authentisch orientalischen Geschmack und eine reiche cremige Textur zu erhalten.\" \/>\n<meta name=\"robots\" content=\"index, follow, max-snippet:-1, max-image-preview:large, max-video-preview:-1\" \/>\n<link rel=\"canonical\" href=\"https:\/\/yasminfood.ch\/de\/product\/baba-ghanoush-370-g-chtoura-gaerten\/\" \/>\n<meta property=\"og:locale\" content=\"de_DE\" \/>\n<meta property=\"og:type\" content=\"article\" \/>\n<meta property=\"og:title\" content=\"Baba Ghanoush 370 g \u2013 Chtoura-G\u00e4rten\" \/>\n<meta property=\"og:description\" content=\"Baba Ghanoush 370 g \u2013 Chtoura-G\u00e4rten      Zubereitet mit gegrillter Aubergine mit Tahini, um einen authentisch orientalischen Geschmack und eine reiche, cremige Textur zu erhalten.  Mit seinem k\u00f6stlichen, rauchigen Geschmack und hoher Qualit\u00e4t ist er ideal f\u00fcr schnelle Portionen ohne Vorbereitung.\" \/>\n<meta property=\"og:url\" content=\"https:\/\/yasminfood.ch\/de\/product\/baba-ghanoush-370-g-chtoura-gaerten\/\" \/>\n<meta property=\"og:site_name\" content=\"Yasmin Food\" \/>\n<meta property=\"article:publisher\" content=\"https:\/\/www.facebook.com\/yasminmarkt1\" \/>\n<meta property=\"article:modified_time\" content=\"2026-04-16T10:16:42+00:00\" \/>\n<meta property=\"og:image\" content=\"https:\/\/yasminfood.ch\/wp-content\/uploads\/2026\/04\/\u0628\u0627\u0628\u0627-\u063a\u0646\u0648\u062c-370\u063a-\u062d\u062f\u0627\u0626\u0642-\u0634\u062a\u0648\u0631\u0629.png\" \/>\n\t<meta property=\"og:image:width\" content=\"1080\" \/>\n\t<meta property=\"og:image:height\" content=\"1080\" \/>\n\t<meta property=\"og:image:type\" content=\"image\/png\" \/>\n<meta name=\"twitter:card\" content=\"summary_large_image\" \/>\n<meta name=\"twitter:label1\" content=\"Preis\" \/>\n\t<meta name=\"twitter:data1\" content=\"2.95&nbsp;&#067;&#072;&#070;\" \/>\n\t<meta name=\"twitter:label2\" content=\"Verf\u00fcgbarkeit\" \/>\n\t<meta name=\"twitter:data2\" content=\"Auf Lager\" \/>\n<script type=\"application\/ld+json\" class=\"yoast-schema-graph\">{\"@context\":\"https:\\\/\\\/schema.org\",\"@graph\":[{\"@type\":\"WebPage\",\"@id\":\"https:\\\/\\\/yasminfood.ch\\\/de\\\/product\\\/baba-ghanoush-370-g-chtoura-gaerten\\\/\",\"url\":\"https:\\\/\\\/yasminfood.ch\\\/de\\\/product\\\/baba-ghanoush-370-g-chtoura-gaerten\\\/\",\"name\":\"Baba Ghanoush 370 g \u2013 Chtoura-G\u00e4rten - Yasmin Food\",\"isPartOf\":{\"@id\":\"https:\\\/\\\/yasminfood.ch\\\/de\\\/#website\"},\"primaryImageOfPage\":{\"@id\":\"https:\\\/\\\/yasminfood.ch\\\/de\\\/product\\\/baba-ghanoush-370-g-chtoura-gaerten\\\/#primaryimage\"},\"image\":{\"@id\":\"https:\\\/\\\/yasminfood.ch\\\/de\\\/product\\\/baba-ghanoush-370-g-chtoura-gaerten\\\/#primaryimage\"},\"thumbnailUrl\":\"https:\\\/\\\/yasminfood.ch\\\/wp-content\\\/uploads\\\/2026\\\/04\\\/\u0628\u0627\u0628\u0627-\u063a\u0646\u0648\u062c-370\u063a-\u062d\u062f\u0627\u0626\u0642-\u0634\u062a\u0648\u0631\u0629.png\",\"datePublished\":\"2026-04-16T10:15:24+00:00\",\"dateModified\":\"2026-04-16T10:16:42+00:00\",\"description\":\"Gegrillte Aubergine mit Tahini, um einen authentisch orientalischen Geschmack und eine reiche cremige Textur zu erhalten.\",\"breadcrumb\":{\"@id\":\"https:\\\/\\\/yasminfood.ch\\\/de\\\/product\\\/baba-ghanoush-370-g-chtoura-gaerten\\\/#breadcrumb\"},\"inLanguage\":\"de\",\"potentialAction\":[{\"@type\":\"ReadAction\",\"target\":[\"https:\\\/\\\/yasminfood.ch\\\/de\\\/product\\\/baba-ghanoush-370-g-chtoura-gaerten\\\/\"]}]},{\"@type\":\"ImageObject\",\"inLanguage\":\"de\",\"@id\":\"https:\\\/\\\/yasminfood.ch\\\/de\\\/product\\\/baba-ghanoush-370-g-chtoura-gaerten\\\/#primaryimage\",\"url\":\"https:\\\/\\\/yasminfood.ch\\\/wp-content\\\/uploads\\\/2026\\\/04\\\/\u0628\u0627\u0628\u0627-\u063a\u0646\u0648\u062c-370\u063a-\u062d\u062f\u0627\u0626\u0642-\u0634\u062a\u0648\u0631\u0629.png\",\"contentUrl\":\"https:\\\/\\\/yasminfood.ch\\\/wp-content\\\/uploads\\\/2026\\\/04\\\/\u0628\u0627\u0628\u0627-\u063a\u0646\u0648\u062c-370\u063a-\u062d\u062f\u0627\u0626\u0642-\u0634\u062a\u0648\u0631\u0629.png\",\"width\":1080,\"height\":1080,\"caption\":\"Baba Ghanoush 370 g \u2013 Chtoura-G\u00e4rten\"},{\"@type\":\"BreadcrumbList\",\"@id\":\"https:\\\/\\\/yasminfood.ch\\\/de\\\/product\\\/baba-ghanoush-370-g-chtoura-gaerten\\\/#breadcrumb\",\"itemListElement\":[{\"@type\":\"ListItem\",\"position\":1,\"name\":\"\u0627\u0644\u0631\u0626\u064a\u0633\u064a\u0629\",\"item\":\"https:\\\/\\\/yasminfood.ch\\\/de\\\/zuhause\\\/\"},{\"@type\":\"ListItem\",\"position\":2,\"name\":\"Shop\",\"item\":\"https:\\\/\\\/yasminfood.ch\\\/de\\\/shop\\\/\"},{\"@type\":\"ListItem\",\"position\":3,\"name\":\"Baba Ghanoush 370 g \u2013 Chtoura-G\u00e4rten\"}]},{\"@type\":\"WebSite\",\"@id\":\"https:\\\/\\\/yasminfood.ch\\\/de\\\/#website\",\"url\":\"https:\\\/\\\/yasminfood.ch\\\/de\\\/\",\"name\":\"\u064a\u0627\u0633\u0645\u064a\u0646 \u0645\u0627\u0631\u0643\u062a\",\"description\":\"Alles, was Sie brauchen, an einem Ort\",\"publisher\":{\"@id\":\"https:\\\/\\\/yasminfood.ch\\\/de\\\/#organization\"},\"alternateName\":\"Yasmin Food\",\"potentialAction\":[{\"@type\":\"SearchAction\",\"target\":{\"@type\":\"EntryPoint\",\"urlTemplate\":\"https:\\\/\\\/yasminfood.ch\\\/de\\\/?s={search_term_string}\"},\"query-input\":{\"@type\":\"PropertyValueSpecification\",\"valueRequired\":true,\"valueName\":\"search_term_string\"}}],\"inLanguage\":\"de\"},{\"@type\":\"Organization\",\"@id\":\"https:\\\/\\\/yasminfood.ch\\\/de\\\/#organization\",\"name\":\"\u064a\u0627\u0633\u0645\u064a\u0646 \u0645\u0627\u0631\u0643\u062a\",\"alternateName\":\"Yasmin Food\",\"url\":\"https:\\\/\\\/yasminfood.ch\\\/de\\\/\",\"logo\":{\"@type\":\"ImageObject\",\"inLanguage\":\"de\",\"@id\":\"https:\\\/\\\/yasminfood.ch\\\/de\\\/#\\\/schema\\\/logo\\\/image\\\/\",\"url\":\"https:\\\/\\\/yasminfood.ch\\\/wp-content\\\/uploads\\\/2025\\\/05\\\/yasmin-food-header-logo.png\",\"contentUrl\":\"https:\\\/\\\/yasminfood.ch\\\/wp-content\\\/uploads\\\/2025\\\/05\\\/yasmin-food-header-logo.png\",\"width\":330,\"height\":120,\"caption\":\"\u064a\u0627\u0633\u0645\u064a\u0646 \u0645\u0627\u0631\u0643\u062a\"},\"image\":{\"@id\":\"https:\\\/\\\/yasminfood.ch\\\/de\\\/#\\\/schema\\\/logo\\\/image\\\/\"},\"sameAs\":[\"https:\\\/\\\/www.facebook.com\\\/yasminmarkt1\",\"https:\\\/\\\/www.tiktok.com\\\/@yasminmarkt\",\"https:\\\/\\\/www.instagram.com\\\/yasmin.markt1\\\/\",\"https:\\\/\\\/api.whatsapp.com\\\/send\\\/?phone=41799000104\"],\"publishingPrinciples\":\"https:\\\/\\\/yasminfood.ch\\\/de\\\/shop\\\/\",\"ownershipFundingInfo\":\"https:\\\/\\\/yasminfood.ch\\\/de\\\/shop\\\/\"}]}<\/script>\n<meta property=\"product:price:amount\" content=\"2.95\" \/>\n<meta property=\"product:price:currency\" content=\"CHF\" \/>\n<meta property=\"og:availability\" content=\"instock\" \/>\n<meta property=\"product:availability\" content=\"instock\" \/>\n<meta property=\"product:condition\" content=\"new\" \/>\n<!-- \/ Yoast SEO Premium plugin. -->","yoast_head_json":{"title":"Baba Ghanoush 370 g \u2013 Chtoura-G\u00e4rten - Yasmin Food","description":"Gegrillte Aubergine mit Tahini, um einen authentisch orientalischen Geschmack und eine reiche cremige Textur zu erhalten.","robots":{"index":"index","follow":"follow","max-snippet":"max-snippet:-1","max-image-preview":"max-image-preview:large","max-video-preview":"max-video-preview:-1"},"canonical":"https:\/\/yasminfood.ch\/de\/product\/baba-ghanoush-370-g-chtoura-gaerten\/","og_locale":"de_DE","og_type":"article","og_title":"Baba Ghanoush 370 g \u2013 Chtoura-G\u00e4rten","og_description":"Baba Ghanoush 370 g \u2013 Chtoura-G\u00e4rten      Zubereitet mit gegrillter Aubergine mit Tahini, um einen authentisch orientalischen Geschmack und eine reiche, cremige Textur zu erhalten.  Mit seinem k\u00f6stlichen, rauchigen Geschmack und hoher Qualit\u00e4t ist er ideal f\u00fcr schnelle Portionen ohne Vorbereitung.","og_url":"https:\/\/yasminfood.ch\/de\/product\/baba-ghanoush-370-g-chtoura-gaerten\/","og_site_name":"Yasmin Food","article_publisher":"https:\/\/www.facebook.com\/yasminmarkt1","article_modified_time":"2026-04-16T10:16:42+00:00","og_image":[{"width":1080,"height":1080,"url":"https:\/\/yasminfood.ch\/wp-content\/uploads\/2026\/04\/\u0628\u0627\u0628\u0627-\u063a\u0646\u0648\u062c-370\u063a-\u062d\u062f\u0627\u0626\u0642-\u0634\u062a\u0648\u0631\u0629.png","type":"image\/png"}],"twitter_card":"summary_large_image","twitter_misc":{"Preis":"2.95&nbsp;&#67;&#72;&#70;","Verf\u00fcgbarkeit":"Auf Lager"},"schema":{"@context":"https:\/\/schema.org","@graph":[{"@type":"WebPage","@id":"https:\/\/yasminfood.ch\/de\/product\/baba-ghanoush-370-g-chtoura-gaerten\/","url":"https:\/\/yasminfood.ch\/de\/product\/baba-ghanoush-370-g-chtoura-gaerten\/","name":"Baba Ghanoush 370 g \u2013 Chtoura-G\u00e4rten - Yasmin Food","isPartOf":{"@id":"https:\/\/yasminfood.ch\/de\/#website"},"primaryImageOfPage":{"@id":"https:\/\/yasminfood.ch\/de\/product\/baba-ghanoush-370-g-chtoura-gaerten\/#primaryimage"},"image":{"@id":"https:\/\/yasminfood.ch\/de\/product\/baba-ghanoush-370-g-chtoura-gaerten\/#primaryimage"},"thumbnailUrl":"https:\/\/yasminfood.ch\/wp-content\/uploads\/2026\/04\/\u0628\u0627\u0628\u0627-\u063a\u0646\u0648\u062c-370\u063a-\u062d\u062f\u0627\u0626\u0642-\u0634\u062a\u0648\u0631\u0629.png","datePublished":"2026-04-16T10:15:24+00:00","dateModified":"2026-04-16T10:16:42+00:00","description":"Gegrillte Aubergine mit Tahini, um einen authentisch orientalischen Geschmack und eine reiche cremige Textur zu erhalten.","breadcrumb":{"@id":"https:\/\/yasminfood.ch\/de\/product\/baba-ghanoush-370-g-chtoura-gaerten\/#breadcrumb"},"inLanguage":"de","potentialAction":[{"@type":"ReadAction","target":["https:\/\/yasminfood.ch\/de\/product\/baba-ghanoush-370-g-chtoura-gaerten\/"]}]},{"@type":"ImageObject","inLanguage":"de","@id":"https:\/\/yasminfood.ch\/de\/product\/baba-ghanoush-370-g-chtoura-gaerten\/#primaryimage","url":"https:\/\/yasminfood.ch\/wp-content\/uploads\/2026\/04\/\u0628\u0627\u0628\u0627-\u063a\u0646\u0648\u062c-370\u063a-\u062d\u062f\u0627\u0626\u0642-\u0634\u062a\u0648\u0631\u0629.png","contentUrl":"https:\/\/yasminfood.ch\/wp-content\/uploads\/2026\/04\/\u0628\u0627\u0628\u0627-\u063a\u0646\u0648\u062c-370\u063a-\u062d\u062f\u0627\u0626\u0642-\u0634\u062a\u0648\u0631\u0629.png","width":1080,"height":1080,"caption":"Baba Ghanoush 370 g \u2013 Chtoura-G\u00e4rten"},{"@type":"BreadcrumbList","@id":"https:\/\/yasminfood.ch\/de\/product\/baba-ghanoush-370-g-chtoura-gaerten\/#breadcrumb","itemListElement":[{"@type":"ListItem","position":1,"name":"\u0627\u0644\u0631\u0626\u064a\u0633\u064a\u0629","item":"https:\/\/yasminfood.ch\/de\/zuhause\/"},{"@type":"ListItem","position":2,"name":"Shop","item":"https:\/\/yasminfood.ch\/de\/shop\/"},{"@type":"ListItem","position":3,"name":"Baba Ghanoush 370 g \u2013 Chtoura-G\u00e4rten"}]},{"@type":"WebSite","@id":"https:\/\/yasminfood.ch\/de\/#website","url":"https:\/\/yasminfood.ch\/de\/","name":"\u064a\u0627\u0633\u0645\u064a\u0646 \u0645\u0627\u0631\u0643\u062a","description":"Alles, was Sie brauchen, an einem Ort","publisher":{"@id":"https:\/\/yasminfood.ch\/de\/#organization"},"alternateName":"Yasmin Food","potentialAction":[{"@type":"SearchAction","target":{"@type":"EntryPoint","urlTemplate":"https:\/\/yasminfood.ch\/de\/?s={search_term_string}"},"query-input":{"@type":"PropertyValueSpecification","valueRequired":true,"valueName":"search_term_string"}}],"inLanguage":"de"},{"@type":"Organization","@id":"https:\/\/yasminfood.ch\/de\/#organization","name":"\u064a\u0627\u0633\u0645\u064a\u0646 \u0645\u0627\u0631\u0643\u062a","alternateName":"Yasmin Food","url":"https:\/\/yasminfood.ch\/de\/","logo":{"@type":"ImageObject","inLanguage":"de","@id":"https:\/\/yasminfood.ch\/de\/#\/schema\/logo\/image\/","url":"https:\/\/yasminfood.ch\/wp-content\/uploads\/2025\/05\/yasmin-food-header-logo.png","contentUrl":"https:\/\/yasminfood.ch\/wp-content\/uploads\/2025\/05\/yasmin-food-header-logo.png","width":330,"height":120,"caption":"\u064a\u0627\u0633\u0645\u064a\u0646 \u0645\u0627\u0631\u0643\u062a"},"image":{"@id":"https:\/\/yasminfood.ch\/de\/#\/schema\/logo\/image\/"},"sameAs":["https:\/\/www.facebook.com\/yasminmarkt1","https:\/\/www.tiktok.com\/@yasminmarkt","https:\/\/www.instagram.com\/yasmin.markt1\/","https:\/\/api.whatsapp.com\/send\/?phone=41799000104"],"publishingPrinciples":"https:\/\/yasminfood.ch\/de\/shop\/","ownershipFundingInfo":"https:\/\/yasminfood.ch\/de\/shop\/"}]},"product_price_amount":"2.95","product_price_currency":"CHF","og_availability":"instock","product_availability":"instock","product_condition":"new"},"jetpack_sharing_enabled":true,"_links":{"self":[{"href":"https:\/\/yasminfood.ch\/de\/wp-json\/wp\/v2\/product\/122344","targetHints":{"allow":["GET"]}}],"collection":[{"href":"https:\/\/yasminfood.ch\/de\/wp-json\/wp\/v2\/product"}],"about":[{"href":"https:\/\/yasminfood.ch\/de\/wp-json\/wp\/v2\/types\/product"}],"replies":[{"embeddable":true,"href":"https:\/\/yasminfood.ch\/de\/wp-json\/wp\/v2\/comments?post=122344"}],"version-history":[{"count":0,"href":"https:\/\/yasminfood.ch\/de\/wp-json\/wp\/v2\/product\/122344\/revisions"}],"wp:featuredmedia":[{"embeddable":true,"href":"https:\/\/yasminfood.ch\/de\/wp-json\/wp\/v2\/media\/122345"}],"wp:attachment":[{"href":"https:\/\/yasminfood.ch\/de\/wp-json\/wp\/v2\/media?parent=122344"}],"wp:term":[{"taxonomy":"product_brand","embeddable":true,"href":"https:\/\/yasminfood.ch\/de\/wp-json\/wp\/v2\/product_brand?post=122344"},{"taxonomy":"product_cat","embeddable":true,"href":"https:\/\/yasminfood.ch\/de\/wp-json\/wp\/v2\/product_cat?post=122344"},{"taxonomy":"product_tag","embeddable":true,"href":"https:\/\/yasminfood.ch\/de\/wp-json\/wp\/v2\/product_tag?post=122344"}],"curies":[{"name":"wp","href":"https:\/\/api.w.org\/{rel}","templated":true}]}}