{"id":122355,"date":"2026-04-19T13:17:25","date_gmt":"2026-04-19T11:17:25","guid":{"rendered":"https:\/\/yasminfood.ch\/product\/eingelegte-gurke-1-kg-osman-futter\/"},"modified":"2026-04-19T13:18:08","modified_gmt":"2026-04-19T11:18:08","slug":"eingelegte-gurke-1-kg-osman-futter","status":"publish","type":"product","link":"https:\/\/yasminfood.ch\/de\/product\/eingelegte-gurke-1-kg-osman-futter\/","title":{"rendered":"Eingelegte Gurke 1 kg Osman-Futter"},"content":{"rendered":"<p><strong>Eingelegte Gurke 1 kg Osman-Futter<\/strong><\/p>\n<ul>\n<li data-start=\"53\" data-end=\"321\">Es ist eine Option, die traditionellen Geschmack mit der perfekten Textur verbindet.<\/li>\n<li data-start=\"53\" data-end=\"321\">Gurken werden sorgf\u00e4ltig ausgew\u00e4hlt und sorgf\u00e4ltig eingelegt, um den nat\u00fcrlichen Geschmack und die Knusperigkeit zu bewahren, die die besten <strong data-start=\"300\" data-end=\"320\">orientalischen Gurken<\/strong> auszeichnen.<\/li>\n<li data-start=\"53\" data-end=\"321\">Dieses Produkt bietet Ihnen ein reichhaltiges Erlebnis f\u00fcr Liebhaber nat\u00fcrlicher <strong data-start=\"359\" data-end=\"382\">Gurkengurken<\/strong>.<\/li>\n<li data-start=\"53\" data-end=\"321\">Er hat einen ausgewogenen Geschmack zwischen S\u00e4ure und Salzigkeit und ist damit perfekt f\u00fcr Sandwiches, Shawarma, Burger und Vorspeisen oder sogar als erfrischende Erg\u00e4nzung zu Hauptgerichten.  <\/li>\n<\/ul>\n<p data-start=\"536\" data-end=\"569\"><strong data-start=\"536\" data-end=\"567\">Eigenschaften von Ousmans Gurkengurken:<\/strong><\/p>\n<ul data-start=\"570\" data-end=\"725\">\n<li data-section-id=\"1fnnr7q\" data-start=\"570\" data-end=\"601\">Hochwertige, nat\u00fcrliche eingelegte Gurken<\/li>\n<li data-section-id=\"149lea\" data-start=\"602\" data-end=\"625\">Knusprige Textur und reichhaltiger Geschmack<\/li>\n<li data-section-id=\"8aw21g\" data-start=\"626\" data-end=\"662\">Geeignet f\u00fcr Restaurants und den h\u00e4uslichen Gebrauch<\/li>\n<li data-section-id=\"1rcyvw8\" data-start=\"663\" data-end=\"686\">Sofort bereit zum Servieren<\/li>\n<li data-section-id=\"iby91f\" data-start=\"687\" data-end=\"725\">Eine der besten eingelegten Gurken auf dem Markt<\/li>\n<\/ul>\n<p data-start=\"727\" data-end=\"876\">Egal, ob Sie <strong data-start=\"744\" data-end=\"762\">eingelegte Gurken<\/strong> f\u00fcr den t\u00e4glichen Gebrauch kaufen oder sie in Ihrem Restaurant servieren m\u00f6chten \u2013 dieses Produkt bietet Ihnen die perfekte Balance zwischen Qualit\u00e4t und Geschmack, die alle Geschm\u00e4cker zufriedenstellt. <\/p>\n","protected":false},"excerpt":{"rendered":"<p><strong>Eingelegte Gurke 1 kg Osman-Futter<\/strong><\/p>\n<ul>\n<li data-start=\"53\" data-end=\"321\">Es ist eine Option, die traditionellen Geschmack mit der perfekten Textur verbindet.<\/li>\n<li data-start=\"53\" data-end=\"321\">Gurken werden sorgf\u00e4ltig ausgew\u00e4hlt und sorgf\u00e4ltig eingelegt, um den nat\u00fcrlichen Geschmack und die Knusperigkeit zu bewahren, die die besten <strong data-start=\"300\" data-end=\"320\">orientalischen Gurken<\/strong> auszeichnen.<\/li>\n<\/ul>\n","protected":false},"featured_media":122358,"comment_status":"open","ping_status":"closed","template":"","meta":[],"product_brand":[],"product_cat":[257,245],"product_tag":[],"class_list":{"0":"post-122355","1":"product","2":"type-product","3":"status-publish","4":"has-post-thumbnail","6":"product_cat-eingelegtes-gemuse","7":"product_cat-konserven-lebensmittel","9":"first","10":"instock","11":"taxable","12":"shipping-taxable","13":"purchasable","14":"product-type-simple"},"yoast_head":"<!-- This site is optimized with the Yoast SEO Premium plugin v26.5 (Yoast SEO v27.4) - https:\/\/yoast.com\/product\/yoast-seo-premium-wordpress\/ -->\n<title>Eingelegte Gurke 1 kg Osman-Futter - Yasmin Food<\/title>\n<meta name=\"description\" content=\"Gurken werden sorgf\u00e4ltig ausgew\u00e4hlt und eingelegt, um den nat\u00fcrlichen Geschmack und die Knusprigkeit zu bewahren, die die besten orientalischen Gurken auszeichnen.\" \/>\n<meta name=\"robots\" content=\"index, follow, max-snippet:-1, max-image-preview:large, max-video-preview:-1\" \/>\n<link rel=\"canonical\" href=\"https:\/\/yasminfood.ch\/de\/product\/eingelegte-gurke-1-kg-osman-futter\/\" \/>\n<meta property=\"og:locale\" content=\"de_DE\" \/>\n<meta property=\"og:type\" content=\"article\" \/>\n<meta property=\"og:title\" content=\"Eingelegte Gurke 1 kg Osman-Futter\" \/>\n<meta property=\"og:description\" content=\"Eingelegte Gurke 1 kg Osman-Futter  Es ist eine Option, die traditionellen Geschmack mit der perfekten Textur verbindet.  Gurken werden sorgf\u00e4ltig ausgew\u00e4hlt und sorgf\u00e4ltig eingelegt, um den nat\u00fcrlichen Geschmack und die Knusperigkeit zu bewahren, die die besten orientalischen Gurken auszeichnen.\" \/>\n<meta property=\"og:url\" content=\"https:\/\/yasminfood.ch\/de\/product\/eingelegte-gurke-1-kg-osman-futter\/\" \/>\n<meta property=\"og:site_name\" content=\"Yasmin Food\" \/>\n<meta property=\"article:publisher\" content=\"https:\/\/www.facebook.com\/yasminmarkt1\" \/>\n<meta property=\"article:modified_time\" content=\"2026-04-19T11:18:08+00:00\" \/>\n<meta property=\"og:image\" content=\"https:\/\/yasminfood.ch\/wp-content\/uploads\/2026\/04\/\u0645\u062e\u0644\u0644-\u062e\u064a\u0627\u0631-1\u0643\u063a-\u0639\u062b\u0645\u0627\u0646-\u0641\u0648\u062f.png\" \/>\n\t<meta property=\"og:image:width\" content=\"1080\" \/>\n\t<meta property=\"og:image:height\" content=\"1080\" \/>\n\t<meta property=\"og:image:type\" content=\"image\/png\" \/>\n<meta name=\"twitter:card\" content=\"summary_large_image\" \/>\n<meta name=\"twitter:label1\" content=\"Preis\" \/>\n\t<meta name=\"twitter:data1\" content=\"7.95&nbsp;&#067;&#072;&#070;\" \/>\n\t<meta name=\"twitter:label2\" content=\"Verf\u00fcgbarkeit\" \/>\n\t<meta name=\"twitter:data2\" content=\"Auf Lager\" \/>\n<script type=\"application\/ld+json\" class=\"yoast-schema-graph\">{\"@context\":\"https:\\\/\\\/schema.org\",\"@graph\":[{\"@type\":\"WebPage\",\"@id\":\"https:\\\/\\\/yasminfood.ch\\\/de\\\/product\\\/eingelegte-gurke-1-kg-osman-futter\\\/\",\"url\":\"https:\\\/\\\/yasminfood.ch\\\/de\\\/product\\\/eingelegte-gurke-1-kg-osman-futter\\\/\",\"name\":\"Eingelegte Gurke 1 kg Osman-Futter - Yasmin Food\",\"isPartOf\":{\"@id\":\"https:\\\/\\\/yasminfood.ch\\\/de\\\/#website\"},\"primaryImageOfPage\":{\"@id\":\"https:\\\/\\\/yasminfood.ch\\\/de\\\/product\\\/eingelegte-gurke-1-kg-osman-futter\\\/#primaryimage\"},\"image\":{\"@id\":\"https:\\\/\\\/yasminfood.ch\\\/de\\\/product\\\/eingelegte-gurke-1-kg-osman-futter\\\/#primaryimage\"},\"thumbnailUrl\":\"https:\\\/\\\/yasminfood.ch\\\/wp-content\\\/uploads\\\/2026\\\/04\\\/\u0645\u062e\u0644\u0644-\u062e\u064a\u0627\u0631-1\u0643\u063a-\u0639\u062b\u0645\u0627\u0646-\u0641\u0648\u062f.png\",\"datePublished\":\"2026-04-19T11:17:25+00:00\",\"dateModified\":\"2026-04-19T11:18:08+00:00\",\"description\":\"Gurken werden sorgf\u00e4ltig ausgew\u00e4hlt und eingelegt, um den nat\u00fcrlichen Geschmack und die Knusprigkeit zu bewahren, die die besten orientalischen Gurken auszeichnen.\",\"breadcrumb\":{\"@id\":\"https:\\\/\\\/yasminfood.ch\\\/de\\\/product\\\/eingelegte-gurke-1-kg-osman-futter\\\/#breadcrumb\"},\"inLanguage\":\"de\",\"potentialAction\":[{\"@type\":\"ReadAction\",\"target\":[\"https:\\\/\\\/yasminfood.ch\\\/de\\\/product\\\/eingelegte-gurke-1-kg-osman-futter\\\/\"]}]},{\"@type\":\"ImageObject\",\"inLanguage\":\"de\",\"@id\":\"https:\\\/\\\/yasminfood.ch\\\/de\\\/product\\\/eingelegte-gurke-1-kg-osman-futter\\\/#primaryimage\",\"url\":\"https:\\\/\\\/yasminfood.ch\\\/wp-content\\\/uploads\\\/2026\\\/04\\\/\u0645\u062e\u0644\u0644-\u062e\u064a\u0627\u0631-1\u0643\u063a-\u0639\u062b\u0645\u0627\u0646-\u0641\u0648\u062f.png\",\"contentUrl\":\"https:\\\/\\\/yasminfood.ch\\\/wp-content\\\/uploads\\\/2026\\\/04\\\/\u0645\u062e\u0644\u0644-\u062e\u064a\u0627\u0631-1\u0643\u063a-\u0639\u062b\u0645\u0627\u0646-\u0641\u0648\u062f.png\",\"width\":1080,\"height\":1080,\"caption\":\"Eingelegte Gurke 1 kg Osman-Futter\"},{\"@type\":\"BreadcrumbList\",\"@id\":\"https:\\\/\\\/yasminfood.ch\\\/de\\\/product\\\/eingelegte-gurke-1-kg-osman-futter\\\/#breadcrumb\",\"itemListElement\":[{\"@type\":\"ListItem\",\"position\":1,\"name\":\"\u0627\u0644\u0631\u0626\u064a\u0633\u064a\u0629\",\"item\":\"https:\\\/\\\/yasminfood.ch\\\/de\\\/zuhause\\\/\"},{\"@type\":\"ListItem\",\"position\":2,\"name\":\"Shop\",\"item\":\"https:\\\/\\\/yasminfood.ch\\\/de\\\/shop\\\/\"},{\"@type\":\"ListItem\",\"position\":3,\"name\":\"Eingelegte Gurke 1 kg Osman-Futter\"}]},{\"@type\":\"WebSite\",\"@id\":\"https:\\\/\\\/yasminfood.ch\\\/de\\\/#website\",\"url\":\"https:\\\/\\\/yasminfood.ch\\\/de\\\/\",\"name\":\"\u064a\u0627\u0633\u0645\u064a\u0646 \u0645\u0627\u0631\u0643\u062a\",\"description\":\"Alles, was Sie brauchen, an einem Ort\",\"publisher\":{\"@id\":\"https:\\\/\\\/yasminfood.ch\\\/de\\\/#organization\"},\"alternateName\":\"Yasmin Food\",\"potentialAction\":[{\"@type\":\"SearchAction\",\"target\":{\"@type\":\"EntryPoint\",\"urlTemplate\":\"https:\\\/\\\/yasminfood.ch\\\/de\\\/?s={search_term_string}\"},\"query-input\":{\"@type\":\"PropertyValueSpecification\",\"valueRequired\":true,\"valueName\":\"search_term_string\"}}],\"inLanguage\":\"de\"},{\"@type\":\"Organization\",\"@id\":\"https:\\\/\\\/yasminfood.ch\\\/de\\\/#organization\",\"name\":\"\u064a\u0627\u0633\u0645\u064a\u0646 \u0645\u0627\u0631\u0643\u062a\",\"alternateName\":\"Yasmin Food\",\"url\":\"https:\\\/\\\/yasminfood.ch\\\/de\\\/\",\"logo\":{\"@type\":\"ImageObject\",\"inLanguage\":\"de\",\"@id\":\"https:\\\/\\\/yasminfood.ch\\\/de\\\/#\\\/schema\\\/logo\\\/image\\\/\",\"url\":\"https:\\\/\\\/yasminfood.ch\\\/wp-content\\\/uploads\\\/2025\\\/05\\\/yasmin-food-header-logo.png\",\"contentUrl\":\"https:\\\/\\\/yasminfood.ch\\\/wp-content\\\/uploads\\\/2025\\\/05\\\/yasmin-food-header-logo.png\",\"width\":330,\"height\":120,\"caption\":\"\u064a\u0627\u0633\u0645\u064a\u0646 \u0645\u0627\u0631\u0643\u062a\"},\"image\":{\"@id\":\"https:\\\/\\\/yasminfood.ch\\\/de\\\/#\\\/schema\\\/logo\\\/image\\\/\"},\"sameAs\":[\"https:\\\/\\\/www.facebook.com\\\/yasminmarkt1\",\"https:\\\/\\\/www.tiktok.com\\\/@yasminmarkt\",\"https:\\\/\\\/www.instagram.com\\\/yasmin.markt1\\\/\",\"https:\\\/\\\/api.whatsapp.com\\\/send\\\/?phone=41799000104\"],\"publishingPrinciples\":\"https:\\\/\\\/yasminfood.ch\\\/de\\\/shop\\\/\",\"ownershipFundingInfo\":\"https:\\\/\\\/yasminfood.ch\\\/de\\\/shop\\\/\"}]}<\/script>\n<meta property=\"product:price:amount\" content=\"7.95\" \/>\n<meta property=\"product:price:currency\" content=\"CHF\" \/>\n<meta property=\"og:availability\" content=\"instock\" \/>\n<meta property=\"product:availability\" content=\"instock\" \/>\n<meta property=\"product:condition\" content=\"new\" \/>\n<!-- \/ Yoast SEO Premium plugin. -->","yoast_head_json":{"title":"Eingelegte Gurke 1 kg Osman-Futter - Yasmin Food","description":"Gurken werden sorgf\u00e4ltig ausgew\u00e4hlt und eingelegt, um den nat\u00fcrlichen Geschmack und die Knusprigkeit zu bewahren, die die besten orientalischen Gurken auszeichnen.","robots":{"index":"index","follow":"follow","max-snippet":"max-snippet:-1","max-image-preview":"max-image-preview:large","max-video-preview":"max-video-preview:-1"},"canonical":"https:\/\/yasminfood.ch\/de\/product\/eingelegte-gurke-1-kg-osman-futter\/","og_locale":"de_DE","og_type":"article","og_title":"Eingelegte Gurke 1 kg Osman-Futter","og_description":"Eingelegte Gurke 1 kg Osman-Futter  Es ist eine Option, die traditionellen Geschmack mit der perfekten Textur verbindet.  Gurken werden sorgf\u00e4ltig ausgew\u00e4hlt und sorgf\u00e4ltig eingelegt, um den nat\u00fcrlichen Geschmack und die Knusperigkeit zu bewahren, die die besten orientalischen Gurken auszeichnen.","og_url":"https:\/\/yasminfood.ch\/de\/product\/eingelegte-gurke-1-kg-osman-futter\/","og_site_name":"Yasmin Food","article_publisher":"https:\/\/www.facebook.com\/yasminmarkt1","article_modified_time":"2026-04-19T11:18:08+00:00","og_image":[{"width":1080,"height":1080,"url":"https:\/\/yasminfood.ch\/wp-content\/uploads\/2026\/04\/\u0645\u062e\u0644\u0644-\u062e\u064a\u0627\u0631-1\u0643\u063a-\u0639\u062b\u0645\u0627\u0646-\u0641\u0648\u062f.png","type":"image\/png"}],"twitter_card":"summary_large_image","twitter_misc":{"Preis":"7.95&nbsp;&#67;&#72;&#70;","Verf\u00fcgbarkeit":"Auf Lager"},"schema":{"@context":"https:\/\/schema.org","@graph":[{"@type":"WebPage","@id":"https:\/\/yasminfood.ch\/de\/product\/eingelegte-gurke-1-kg-osman-futter\/","url":"https:\/\/yasminfood.ch\/de\/product\/eingelegte-gurke-1-kg-osman-futter\/","name":"Eingelegte Gurke 1 kg Osman-Futter - Yasmin Food","isPartOf":{"@id":"https:\/\/yasminfood.ch\/de\/#website"},"primaryImageOfPage":{"@id":"https:\/\/yasminfood.ch\/de\/product\/eingelegte-gurke-1-kg-osman-futter\/#primaryimage"},"image":{"@id":"https:\/\/yasminfood.ch\/de\/product\/eingelegte-gurke-1-kg-osman-futter\/#primaryimage"},"thumbnailUrl":"https:\/\/yasminfood.ch\/wp-content\/uploads\/2026\/04\/\u0645\u062e\u0644\u0644-\u062e\u064a\u0627\u0631-1\u0643\u063a-\u0639\u062b\u0645\u0627\u0646-\u0641\u0648\u062f.png","datePublished":"2026-04-19T11:17:25+00:00","dateModified":"2026-04-19T11:18:08+00:00","description":"Gurken werden sorgf\u00e4ltig ausgew\u00e4hlt und eingelegt, um den nat\u00fcrlichen Geschmack und die Knusprigkeit zu bewahren, die die besten orientalischen Gurken auszeichnen.","breadcrumb":{"@id":"https:\/\/yasminfood.ch\/de\/product\/eingelegte-gurke-1-kg-osman-futter\/#breadcrumb"},"inLanguage":"de","potentialAction":[{"@type":"ReadAction","target":["https:\/\/yasminfood.ch\/de\/product\/eingelegte-gurke-1-kg-osman-futter\/"]}]},{"@type":"ImageObject","inLanguage":"de","@id":"https:\/\/yasminfood.ch\/de\/product\/eingelegte-gurke-1-kg-osman-futter\/#primaryimage","url":"https:\/\/yasminfood.ch\/wp-content\/uploads\/2026\/04\/\u0645\u062e\u0644\u0644-\u062e\u064a\u0627\u0631-1\u0643\u063a-\u0639\u062b\u0645\u0627\u0646-\u0641\u0648\u062f.png","contentUrl":"https:\/\/yasminfood.ch\/wp-content\/uploads\/2026\/04\/\u0645\u062e\u0644\u0644-\u062e\u064a\u0627\u0631-1\u0643\u063a-\u0639\u062b\u0645\u0627\u0646-\u0641\u0648\u062f.png","width":1080,"height":1080,"caption":"Eingelegte Gurke 1 kg Osman-Futter"},{"@type":"BreadcrumbList","@id":"https:\/\/yasminfood.ch\/de\/product\/eingelegte-gurke-1-kg-osman-futter\/#breadcrumb","itemListElement":[{"@type":"ListItem","position":1,"name":"\u0627\u0644\u0631\u0626\u064a\u0633\u064a\u0629","item":"https:\/\/yasminfood.ch\/de\/zuhause\/"},{"@type":"ListItem","position":2,"name":"Shop","item":"https:\/\/yasminfood.ch\/de\/shop\/"},{"@type":"ListItem","position":3,"name":"Eingelegte Gurke 1 kg Osman-Futter"}]},{"@type":"WebSite","@id":"https:\/\/yasminfood.ch\/de\/#website","url":"https:\/\/yasminfood.ch\/de\/","name":"\u064a\u0627\u0633\u0645\u064a\u0646 \u0645\u0627\u0631\u0643\u062a","description":"Alles, was Sie brauchen, an einem Ort","publisher":{"@id":"https:\/\/yasminfood.ch\/de\/#organization"},"alternateName":"Yasmin Food","potentialAction":[{"@type":"SearchAction","target":{"@type":"EntryPoint","urlTemplate":"https:\/\/yasminfood.ch\/de\/?s={search_term_string}"},"query-input":{"@type":"PropertyValueSpecification","valueRequired":true,"valueName":"search_term_string"}}],"inLanguage":"de"},{"@type":"Organization","@id":"https:\/\/yasminfood.ch\/de\/#organization","name":"\u064a\u0627\u0633\u0645\u064a\u0646 \u0645\u0627\u0631\u0643\u062a","alternateName":"Yasmin Food","url":"https:\/\/yasminfood.ch\/de\/","logo":{"@type":"ImageObject","inLanguage":"de","@id":"https:\/\/yasminfood.ch\/de\/#\/schema\/logo\/image\/","url":"https:\/\/yasminfood.ch\/wp-content\/uploads\/2025\/05\/yasmin-food-header-logo.png","contentUrl":"https:\/\/yasminfood.ch\/wp-content\/uploads\/2025\/05\/yasmin-food-header-logo.png","width":330,"height":120,"caption":"\u064a\u0627\u0633\u0645\u064a\u0646 \u0645\u0627\u0631\u0643\u062a"},"image":{"@id":"https:\/\/yasminfood.ch\/de\/#\/schema\/logo\/image\/"},"sameAs":["https:\/\/www.facebook.com\/yasminmarkt1","https:\/\/www.tiktok.com\/@yasminmarkt","https:\/\/www.instagram.com\/yasmin.markt1\/","https:\/\/api.whatsapp.com\/send\/?phone=41799000104"],"publishingPrinciples":"https:\/\/yasminfood.ch\/de\/shop\/","ownershipFundingInfo":"https:\/\/yasminfood.ch\/de\/shop\/"}]},"product_price_amount":"7.95","product_price_currency":"CHF","og_availability":"instock","product_availability":"instock","product_condition":"new"},"jetpack_sharing_enabled":true,"_links":{"self":[{"href":"https:\/\/yasminfood.ch\/de\/wp-json\/wp\/v2\/product\/122355","targetHints":{"allow":["GET"]}}],"collection":[{"href":"https:\/\/yasminfood.ch\/de\/wp-json\/wp\/v2\/product"}],"about":[{"href":"https:\/\/yasminfood.ch\/de\/wp-json\/wp\/v2\/types\/product"}],"replies":[{"embeddable":true,"href":"https:\/\/yasminfood.ch\/de\/wp-json\/wp\/v2\/comments?post=122355"}],"version-history":[{"count":0,"href":"https:\/\/yasminfood.ch\/de\/wp-json\/wp\/v2\/product\/122355\/revisions"}],"wp:featuredmedia":[{"embeddable":true,"href":"https:\/\/yasminfood.ch\/de\/wp-json\/wp\/v2\/media\/122358"}],"wp:attachment":[{"href":"https:\/\/yasminfood.ch\/de\/wp-json\/wp\/v2\/media?parent=122355"}],"wp:term":[{"taxonomy":"product_brand","embeddable":true,"href":"https:\/\/yasminfood.ch\/de\/wp-json\/wp\/v2\/product_brand?post=122355"},{"taxonomy":"product_cat","embeddable":true,"href":"https:\/\/yasminfood.ch\/de\/wp-json\/wp\/v2\/product_cat?post=122355"},{"taxonomy":"product_tag","embeddable":true,"href":"https:\/\/yasminfood.ch\/de\/wp-json\/wp\/v2\/product_tag?post=122355"}],"curies":[{"name":"wp","href":"https:\/\/api.w.org\/{rel}","templated":true}]}}