{"id":122356,"date":"2026-04-19T13:14:35","date_gmt":"2026-04-19T11:14:35","guid":{"rendered":"https:\/\/yasminfood.ch\/product\/eingelegtes-ghtha-1-kg-osman-futter\/"},"modified":"2026-04-19T13:18:08","modified_gmt":"2026-04-19T11:18:08","slug":"eingelegtes-ghtha-1-kg-osman-futter","status":"publish","type":"product","link":"https:\/\/yasminfood.ch\/de\/product\/eingelegtes-ghtha-1-kg-osman-futter\/","title":{"rendered":"Eingelegtes Ghtha 1 kg Osman-Futter"},"content":{"rendered":"<p><strong>Eingelegtes Ghtha 1 kg Osman-Futter<\/strong><\/p>\n<ul>\n<li data-start=\"59\" data-end=\"323\">Hergestellt aus frisch ausgew\u00e4hltem Ton, um eine knusprige Textur und einen Geschmack zu geben, der zwischen S\u00e4ure und Salzigkeit ausgewogen ist.<\/li>\n<li data-start=\"59\" data-end=\"323\">Wenn Sie eine <strong data-start=\"243\" data-end=\"262\">knusprige<\/strong> Gurke mit garantierter Qualit\u00e4t suchen, ist dieses Produkt die perfekte Wahl f\u00fcr Ihren Alltagstisch. <\/li>\n<li data-start=\"59\" data-end=\"323\">Dieses Produkt ist eines der besten <strong data-start=\"355\" data-end=\"375\">orientalischen Gurken<\/strong>,<\/li>\n<li data-start=\"59\" data-end=\"323\">Es wird nach traditionellen Methoden eingelegt, die den urspr\u00fcnglichen Geschmack bewahren, ohne die Konservierungsstoffe zu \u00fcbertreiben.<\/li>\n<li data-start=\"59\" data-end=\"323\">Geeignet f\u00fcr Sandwiches, Shawarma, Vorspeisen oder als k\u00f6stliche Erg\u00e4nzung zu Hauptgerichten. <\/li>\n<\/ul>\n<p data-start=\"551\" data-end=\"589\"><strong data-start=\"551\" data-end=\"587\">Warum Ousman&#8217;s Food w\u00e4hlen?<\/strong><\/p>\n<ul data-start=\"590\" data-end=\"728\">\n<li data-section-id=\"188oony\" data-start=\"590\" data-end=\"614\">100 % nat\u00fcrliche Gurken<\/li>\n<li data-section-id=\"13s5y7k\" data-start=\"615\" data-end=\"641\">Knusprige Textur und ausgewogener Geschmack<\/li>\n<li data-section-id=\"8aw21g\" data-start=\"642\" data-end=\"678\">Geeignet f\u00fcr Restaurants und den h\u00e4uslichen Gebrauch<\/li>\n<li data-section-id=\"1rcyvw8\" data-start=\"679\" data-end=\"702\">Sofort bereit zum Servieren<\/li>\n<li data-section-id=\"1bv4inz\" data-start=\"703\" data-end=\"728\">Hohe Qualit\u00e4t und g\u00fcnstiger Preis<\/li>\n<\/ul>\n<p data-start=\"730\" data-end=\"868\">Egal, ob Sie ein Restaurant betreiben oder <strong data-start=\"762\" data-end=\"780\">die beste Gurke<\/strong> f\u00fcr Ihr Zuhause suchen \u2013 dieses Produkt bietet Ihnen den authentischen Geschmack, den Sie suchen, mit einer Qualit\u00e4t, auf die Sie sich verlassen k\u00f6nnen <\/p>\n","protected":false},"excerpt":{"rendered":"<p><strong>Eingelegtes Ghtha 1 kg Osman-Futter<\/strong><\/p>\n<ul>\n<li data-start=\"59\" data-end=\"323\">Hergestellt aus frisch ausgew\u00e4hltem Ton, um eine knusprige Textur und einen Geschmack zu geben, der zwischen S\u00e4ure und Salzigkeit ausgewogen ist.<\/li>\n<li data-start=\"59\" data-end=\"323\">Wenn Sie eine <strong data-start=\"243\" data-end=\"262\">knusprige<\/strong> Gurke mit garantierter Qualit\u00e4t suchen, ist dieses Produkt die perfekte Wahl f\u00fcr Ihren Alltagstisch. <\/li>\n<\/ul>\n","protected":false},"featured_media":122359,"comment_status":"open","ping_status":"closed","template":"","meta":[],"product_brand":[],"product_cat":[257,245],"product_tag":[],"class_list":{"0":"post-122356","1":"product","2":"type-product","3":"status-publish","4":"has-post-thumbnail","6":"product_cat-eingelegtes-gemuse","7":"product_cat-konserven-lebensmittel","9":"first","10":"instock","11":"taxable","12":"shipping-taxable","13":"purchasable","14":"product-type-simple"},"yoast_head":"<!-- This site is optimized with the Yoast SEO Premium plugin v26.5 (Yoast SEO v27.4) - https:\/\/yoast.com\/product\/yoast-seo-premium-wordpress\/ -->\n<title>Eingelegtes Ghtha 1 kg Osman-Futter - Yasmin Food<\/title>\n<meta name=\"description\" content=\"Wenn Sie eine knusprige Gurke mit garantierter Qualit\u00e4t suchen, ist dieses Produkt die perfekte Wahl f\u00fcr Ihren Alltagstisch. Yasmin Food\" \/>\n<meta name=\"robots\" content=\"index, follow, max-snippet:-1, max-image-preview:large, max-video-preview:-1\" \/>\n<link rel=\"canonical\" href=\"https:\/\/yasminfood.ch\/de\/product\/eingelegtes-ghtha-1-kg-osman-futter\/\" \/>\n<meta property=\"og:locale\" content=\"de_DE\" \/>\n<meta property=\"og:type\" content=\"article\" \/>\n<meta property=\"og:title\" content=\"Eingelegtes Ghtha 1 kg Osman-Futter\" \/>\n<meta property=\"og:description\" content=\"Eingelegtes Ghtha 1 kg Osman-Futter  Hergestellt aus frisch ausgew\u00e4hltem Ton, um eine knusprige Textur und einen Geschmack zu geben, der zwischen S\u00e4ure und Salzigkeit ausgewogen ist.  Wenn Sie eine knusprige Gurke mit garantierter Qualit\u00e4t suchen, ist dieses Produkt die perfekte Wahl f\u00fcr Ihren Alltagstisch.\" \/>\n<meta property=\"og:url\" content=\"https:\/\/yasminfood.ch\/de\/product\/eingelegtes-ghtha-1-kg-osman-futter\/\" \/>\n<meta property=\"og:site_name\" content=\"Yasmin Food\" \/>\n<meta property=\"article:publisher\" content=\"https:\/\/www.facebook.com\/yasminmarkt1\" \/>\n<meta property=\"article:modified_time\" content=\"2026-04-19T11:18:08+00:00\" \/>\n<meta property=\"og:image\" content=\"https:\/\/yasminfood.ch\/wp-content\/uploads\/2026\/04\/\u0645\u062e\u0644\u0644-\u0642\u062b\u0627\u0621-1-\u0643\u063a-\u0639\u062b\u0645\u0627\u0646-\u0641\u0648\u062f.png\" \/>\n\t<meta property=\"og:image:width\" content=\"1080\" \/>\n\t<meta property=\"og:image:height\" content=\"1080\" \/>\n\t<meta property=\"og:image:type\" content=\"image\/png\" \/>\n<meta name=\"twitter:card\" content=\"summary_large_image\" \/>\n<meta name=\"twitter:label1\" content=\"Preis\" \/>\n\t<meta name=\"twitter:data1\" content=\"7.95&nbsp;&#067;&#072;&#070;\" \/>\n\t<meta name=\"twitter:label2\" content=\"Verf\u00fcgbarkeit\" \/>\n\t<meta name=\"twitter:data2\" content=\"Auf Lager\" \/>\n<script type=\"application\/ld+json\" class=\"yoast-schema-graph\">{\"@context\":\"https:\\\/\\\/schema.org\",\"@graph\":[{\"@type\":\"WebPage\",\"@id\":\"https:\\\/\\\/yasminfood.ch\\\/de\\\/product\\\/eingelegtes-ghtha-1-kg-osman-futter\\\/\",\"url\":\"https:\\\/\\\/yasminfood.ch\\\/de\\\/product\\\/eingelegtes-ghtha-1-kg-osman-futter\\\/\",\"name\":\"Eingelegtes Ghtha 1 kg Osman-Futter - Yasmin Food\",\"isPartOf\":{\"@id\":\"https:\\\/\\\/yasminfood.ch\\\/de\\\/#website\"},\"primaryImageOfPage\":{\"@id\":\"https:\\\/\\\/yasminfood.ch\\\/de\\\/product\\\/eingelegtes-ghtha-1-kg-osman-futter\\\/#primaryimage\"},\"image\":{\"@id\":\"https:\\\/\\\/yasminfood.ch\\\/de\\\/product\\\/eingelegtes-ghtha-1-kg-osman-futter\\\/#primaryimage\"},\"thumbnailUrl\":\"https:\\\/\\\/yasminfood.ch\\\/wp-content\\\/uploads\\\/2026\\\/04\\\/\u0645\u062e\u0644\u0644-\u0642\u062b\u0627\u0621-1-\u0643\u063a-\u0639\u062b\u0645\u0627\u0646-\u0641\u0648\u062f.png\",\"datePublished\":\"2026-04-19T11:14:35+00:00\",\"dateModified\":\"2026-04-19T11:18:08+00:00\",\"description\":\"Wenn Sie eine knusprige Gurke mit garantierter Qualit\u00e4t suchen, ist dieses Produkt die perfekte Wahl f\u00fcr Ihren Alltagstisch. Yasmin Food\",\"breadcrumb\":{\"@id\":\"https:\\\/\\\/yasminfood.ch\\\/de\\\/product\\\/eingelegtes-ghtha-1-kg-osman-futter\\\/#breadcrumb\"},\"inLanguage\":\"de\",\"potentialAction\":[{\"@type\":\"ReadAction\",\"target\":[\"https:\\\/\\\/yasminfood.ch\\\/de\\\/product\\\/eingelegtes-ghtha-1-kg-osman-futter\\\/\"]}]},{\"@type\":\"ImageObject\",\"inLanguage\":\"de\",\"@id\":\"https:\\\/\\\/yasminfood.ch\\\/de\\\/product\\\/eingelegtes-ghtha-1-kg-osman-futter\\\/#primaryimage\",\"url\":\"https:\\\/\\\/yasminfood.ch\\\/wp-content\\\/uploads\\\/2026\\\/04\\\/\u0645\u062e\u0644\u0644-\u0642\u062b\u0627\u0621-1-\u0643\u063a-\u0639\u062b\u0645\u0627\u0646-\u0641\u0648\u062f.png\",\"contentUrl\":\"https:\\\/\\\/yasminfood.ch\\\/wp-content\\\/uploads\\\/2026\\\/04\\\/\u0645\u062e\u0644\u0644-\u0642\u062b\u0627\u0621-1-\u0643\u063a-\u0639\u062b\u0645\u0627\u0646-\u0641\u0648\u062f.png\",\"width\":1080,\"height\":1080,\"caption\":\"Eingelegtes Ghtha 1 kg Osman-Futter\"},{\"@type\":\"BreadcrumbList\",\"@id\":\"https:\\\/\\\/yasminfood.ch\\\/de\\\/product\\\/eingelegtes-ghtha-1-kg-osman-futter\\\/#breadcrumb\",\"itemListElement\":[{\"@type\":\"ListItem\",\"position\":1,\"name\":\"\u0627\u0644\u0631\u0626\u064a\u0633\u064a\u0629\",\"item\":\"https:\\\/\\\/yasminfood.ch\\\/de\\\/zuhause\\\/\"},{\"@type\":\"ListItem\",\"position\":2,\"name\":\"Shop\",\"item\":\"https:\\\/\\\/yasminfood.ch\\\/de\\\/shop\\\/\"},{\"@type\":\"ListItem\",\"position\":3,\"name\":\"Eingelegtes Ghtha 1 kg Osman-Futter\"}]},{\"@type\":\"WebSite\",\"@id\":\"https:\\\/\\\/yasminfood.ch\\\/de\\\/#website\",\"url\":\"https:\\\/\\\/yasminfood.ch\\\/de\\\/\",\"name\":\"\u064a\u0627\u0633\u0645\u064a\u0646 \u0645\u0627\u0631\u0643\u062a\",\"description\":\"Alles, was Sie brauchen, an einem Ort\",\"publisher\":{\"@id\":\"https:\\\/\\\/yasminfood.ch\\\/de\\\/#organization\"},\"alternateName\":\"Yasmin Food\",\"potentialAction\":[{\"@type\":\"SearchAction\",\"target\":{\"@type\":\"EntryPoint\",\"urlTemplate\":\"https:\\\/\\\/yasminfood.ch\\\/de\\\/?s={search_term_string}\"},\"query-input\":{\"@type\":\"PropertyValueSpecification\",\"valueRequired\":true,\"valueName\":\"search_term_string\"}}],\"inLanguage\":\"de\"},{\"@type\":\"Organization\",\"@id\":\"https:\\\/\\\/yasminfood.ch\\\/de\\\/#organization\",\"name\":\"\u064a\u0627\u0633\u0645\u064a\u0646 \u0645\u0627\u0631\u0643\u062a\",\"alternateName\":\"Yasmin Food\",\"url\":\"https:\\\/\\\/yasminfood.ch\\\/de\\\/\",\"logo\":{\"@type\":\"ImageObject\",\"inLanguage\":\"de\",\"@id\":\"https:\\\/\\\/yasminfood.ch\\\/de\\\/#\\\/schema\\\/logo\\\/image\\\/\",\"url\":\"https:\\\/\\\/yasminfood.ch\\\/wp-content\\\/uploads\\\/2025\\\/05\\\/yasmin-food-header-logo.png\",\"contentUrl\":\"https:\\\/\\\/yasminfood.ch\\\/wp-content\\\/uploads\\\/2025\\\/05\\\/yasmin-food-header-logo.png\",\"width\":330,\"height\":120,\"caption\":\"\u064a\u0627\u0633\u0645\u064a\u0646 \u0645\u0627\u0631\u0643\u062a\"},\"image\":{\"@id\":\"https:\\\/\\\/yasminfood.ch\\\/de\\\/#\\\/schema\\\/logo\\\/image\\\/\"},\"sameAs\":[\"https:\\\/\\\/www.facebook.com\\\/yasminmarkt1\",\"https:\\\/\\\/www.tiktok.com\\\/@yasminmarkt\",\"https:\\\/\\\/www.instagram.com\\\/yasmin.markt1\\\/\",\"https:\\\/\\\/api.whatsapp.com\\\/send\\\/?phone=41799000104\"],\"publishingPrinciples\":\"https:\\\/\\\/yasminfood.ch\\\/de\\\/shop\\\/\",\"ownershipFundingInfo\":\"https:\\\/\\\/yasminfood.ch\\\/de\\\/shop\\\/\"}]}<\/script>\n<meta property=\"product:price:amount\" content=\"7.95\" \/>\n<meta property=\"product:price:currency\" content=\"CHF\" \/>\n<meta property=\"og:availability\" content=\"instock\" \/>\n<meta property=\"product:availability\" content=\"instock\" \/>\n<meta property=\"product:condition\" content=\"new\" \/>\n<!-- \/ Yoast SEO Premium plugin. -->","yoast_head_json":{"title":"Eingelegtes Ghtha 1 kg Osman-Futter - Yasmin Food","description":"Wenn Sie eine knusprige Gurke mit garantierter Qualit\u00e4t suchen, ist dieses Produkt die perfekte Wahl f\u00fcr Ihren Alltagstisch. Yasmin Food","robots":{"index":"index","follow":"follow","max-snippet":"max-snippet:-1","max-image-preview":"max-image-preview:large","max-video-preview":"max-video-preview:-1"},"canonical":"https:\/\/yasminfood.ch\/de\/product\/eingelegtes-ghtha-1-kg-osman-futter\/","og_locale":"de_DE","og_type":"article","og_title":"Eingelegtes Ghtha 1 kg Osman-Futter","og_description":"Eingelegtes Ghtha 1 kg Osman-Futter  Hergestellt aus frisch ausgew\u00e4hltem Ton, um eine knusprige Textur und einen Geschmack zu geben, der zwischen S\u00e4ure und Salzigkeit ausgewogen ist.  Wenn Sie eine knusprige Gurke mit garantierter Qualit\u00e4t suchen, ist dieses Produkt die perfekte Wahl f\u00fcr Ihren Alltagstisch.","og_url":"https:\/\/yasminfood.ch\/de\/product\/eingelegtes-ghtha-1-kg-osman-futter\/","og_site_name":"Yasmin Food","article_publisher":"https:\/\/www.facebook.com\/yasminmarkt1","article_modified_time":"2026-04-19T11:18:08+00:00","og_image":[{"width":1080,"height":1080,"url":"https:\/\/yasminfood.ch\/wp-content\/uploads\/2026\/04\/\u0645\u062e\u0644\u0644-\u0642\u062b\u0627\u0621-1-\u0643\u063a-\u0639\u062b\u0645\u0627\u0646-\u0641\u0648\u062f.png","type":"image\/png"}],"twitter_card":"summary_large_image","twitter_misc":{"Preis":"7.95&nbsp;&#67;&#72;&#70;","Verf\u00fcgbarkeit":"Auf Lager"},"schema":{"@context":"https:\/\/schema.org","@graph":[{"@type":"WebPage","@id":"https:\/\/yasminfood.ch\/de\/product\/eingelegtes-ghtha-1-kg-osman-futter\/","url":"https:\/\/yasminfood.ch\/de\/product\/eingelegtes-ghtha-1-kg-osman-futter\/","name":"Eingelegtes Ghtha 1 kg Osman-Futter - Yasmin Food","isPartOf":{"@id":"https:\/\/yasminfood.ch\/de\/#website"},"primaryImageOfPage":{"@id":"https:\/\/yasminfood.ch\/de\/product\/eingelegtes-ghtha-1-kg-osman-futter\/#primaryimage"},"image":{"@id":"https:\/\/yasminfood.ch\/de\/product\/eingelegtes-ghtha-1-kg-osman-futter\/#primaryimage"},"thumbnailUrl":"https:\/\/yasminfood.ch\/wp-content\/uploads\/2026\/04\/\u0645\u062e\u0644\u0644-\u0642\u062b\u0627\u0621-1-\u0643\u063a-\u0639\u062b\u0645\u0627\u0646-\u0641\u0648\u062f.png","datePublished":"2026-04-19T11:14:35+00:00","dateModified":"2026-04-19T11:18:08+00:00","description":"Wenn Sie eine knusprige Gurke mit garantierter Qualit\u00e4t suchen, ist dieses Produkt die perfekte Wahl f\u00fcr Ihren Alltagstisch. Yasmin Food","breadcrumb":{"@id":"https:\/\/yasminfood.ch\/de\/product\/eingelegtes-ghtha-1-kg-osman-futter\/#breadcrumb"},"inLanguage":"de","potentialAction":[{"@type":"ReadAction","target":["https:\/\/yasminfood.ch\/de\/product\/eingelegtes-ghtha-1-kg-osman-futter\/"]}]},{"@type":"ImageObject","inLanguage":"de","@id":"https:\/\/yasminfood.ch\/de\/product\/eingelegtes-ghtha-1-kg-osman-futter\/#primaryimage","url":"https:\/\/yasminfood.ch\/wp-content\/uploads\/2026\/04\/\u0645\u062e\u0644\u0644-\u0642\u062b\u0627\u0621-1-\u0643\u063a-\u0639\u062b\u0645\u0627\u0646-\u0641\u0648\u062f.png","contentUrl":"https:\/\/yasminfood.ch\/wp-content\/uploads\/2026\/04\/\u0645\u062e\u0644\u0644-\u0642\u062b\u0627\u0621-1-\u0643\u063a-\u0639\u062b\u0645\u0627\u0646-\u0641\u0648\u062f.png","width":1080,"height":1080,"caption":"Eingelegtes Ghtha 1 kg Osman-Futter"},{"@type":"BreadcrumbList","@id":"https:\/\/yasminfood.ch\/de\/product\/eingelegtes-ghtha-1-kg-osman-futter\/#breadcrumb","itemListElement":[{"@type":"ListItem","position":1,"name":"\u0627\u0644\u0631\u0626\u064a\u0633\u064a\u0629","item":"https:\/\/yasminfood.ch\/de\/zuhause\/"},{"@type":"ListItem","position":2,"name":"Shop","item":"https:\/\/yasminfood.ch\/de\/shop\/"},{"@type":"ListItem","position":3,"name":"Eingelegtes Ghtha 1 kg Osman-Futter"}]},{"@type":"WebSite","@id":"https:\/\/yasminfood.ch\/de\/#website","url":"https:\/\/yasminfood.ch\/de\/","name":"\u064a\u0627\u0633\u0645\u064a\u0646 \u0645\u0627\u0631\u0643\u062a","description":"Alles, was Sie brauchen, an einem Ort","publisher":{"@id":"https:\/\/yasminfood.ch\/de\/#organization"},"alternateName":"Yasmin Food","potentialAction":[{"@type":"SearchAction","target":{"@type":"EntryPoint","urlTemplate":"https:\/\/yasminfood.ch\/de\/?s={search_term_string}"},"query-input":{"@type":"PropertyValueSpecification","valueRequired":true,"valueName":"search_term_string"}}],"inLanguage":"de"},{"@type":"Organization","@id":"https:\/\/yasminfood.ch\/de\/#organization","name":"\u064a\u0627\u0633\u0645\u064a\u0646 \u0645\u0627\u0631\u0643\u062a","alternateName":"Yasmin Food","url":"https:\/\/yasminfood.ch\/de\/","logo":{"@type":"ImageObject","inLanguage":"de","@id":"https:\/\/yasminfood.ch\/de\/#\/schema\/logo\/image\/","url":"https:\/\/yasminfood.ch\/wp-content\/uploads\/2025\/05\/yasmin-food-header-logo.png","contentUrl":"https:\/\/yasminfood.ch\/wp-content\/uploads\/2025\/05\/yasmin-food-header-logo.png","width":330,"height":120,"caption":"\u064a\u0627\u0633\u0645\u064a\u0646 \u0645\u0627\u0631\u0643\u062a"},"image":{"@id":"https:\/\/yasminfood.ch\/de\/#\/schema\/logo\/image\/"},"sameAs":["https:\/\/www.facebook.com\/yasminmarkt1","https:\/\/www.tiktok.com\/@yasminmarkt","https:\/\/www.instagram.com\/yasmin.markt1\/","https:\/\/api.whatsapp.com\/send\/?phone=41799000104"],"publishingPrinciples":"https:\/\/yasminfood.ch\/de\/shop\/","ownershipFundingInfo":"https:\/\/yasminfood.ch\/de\/shop\/"}]},"product_price_amount":"7.95","product_price_currency":"CHF","og_availability":"instock","product_availability":"instock","product_condition":"new"},"jetpack_sharing_enabled":true,"_links":{"self":[{"href":"https:\/\/yasminfood.ch\/de\/wp-json\/wp\/v2\/product\/122356","targetHints":{"allow":["GET"]}}],"collection":[{"href":"https:\/\/yasminfood.ch\/de\/wp-json\/wp\/v2\/product"}],"about":[{"href":"https:\/\/yasminfood.ch\/de\/wp-json\/wp\/v2\/types\/product"}],"replies":[{"embeddable":true,"href":"https:\/\/yasminfood.ch\/de\/wp-json\/wp\/v2\/comments?post=122356"}],"version-history":[{"count":0,"href":"https:\/\/yasminfood.ch\/de\/wp-json\/wp\/v2\/product\/122356\/revisions"}],"wp:featuredmedia":[{"embeddable":true,"href":"https:\/\/yasminfood.ch\/de\/wp-json\/wp\/v2\/media\/122359"}],"wp:attachment":[{"href":"https:\/\/yasminfood.ch\/de\/wp-json\/wp\/v2\/media?parent=122356"}],"wp:term":[{"taxonomy":"product_brand","embeddable":true,"href":"https:\/\/yasminfood.ch\/de\/wp-json\/wp\/v2\/product_brand?post=122356"},{"taxonomy":"product_cat","embeddable":true,"href":"https:\/\/yasminfood.ch\/de\/wp-json\/wp\/v2\/product_cat?post=122356"},{"taxonomy":"product_tag","embeddable":true,"href":"https:\/\/yasminfood.ch\/de\/wp-json\/wp\/v2\/product_tag?post=122356"}],"curies":[{"name":"wp","href":"https:\/\/api.w.org\/{rel}","templated":true}]}}