{"id":122369,"date":"2026-04-20T15:20:13","date_gmt":"2026-04-20T13:20:13","guid":{"rendered":"https:\/\/yasminfood.ch\/product\/hamol-babycreme\/"},"modified":"2026-04-20T15:21:50","modified_gmt":"2026-04-20T13:21:50","slug":"hamol-babycreme","status":"publish","type":"product","link":"https:\/\/yasminfood.ch\/de\/product\/hamol-babycreme\/","title":{"rendered":"Hamol Babycreme"},"content":{"rendered":"<p><strong>Hamol Babycreme<\/strong><\/p>\n<ul>\n<li data-start=\"0\" data-end=\"253\">Es ist ein Produkt, das sich der Pflege der empfindlichen Haut von Kindern widmet,<\/li>\n<li data-start=\"0\" data-end=\"253\">Vor allem im Windelbereich. Sie zeichnet sich durch ihre sanfte Formel aus, die hilft, Windelausschlag zu verhindern und Reizungen sowie R\u00f6tungen zu lindern. <\/li>\n<li data-start=\"0\" data-end=\"253\">Gleichzeitig bietet sie eine sch\u00fctzende Schicht, die die Haut hydratisiert und Reibung verhindert.<\/li>\n<\/ul>\n<p data-start=\"255\" data-end=\"277\"><strong data-start=\"255\" data-end=\"277\">Hauptmerkmale:<\/strong><\/p>\n<ul data-start=\"278\" data-end=\"431\">\n<li data-section-id=\"3oxulj\" data-start=\"278\" data-end=\"312\">Lindert Hautentz\u00fcndungen und R\u00f6tungen<\/li>\n<li data-section-id=\"1quq64m\" data-start=\"313\" data-end=\"347\">Bildet eine sch\u00fctzende Barriere gegen Feuchtigkeit<\/li>\n<li data-section-id=\"mnz8ir\" data-start=\"348\" data-end=\"391\">Geeignet f\u00fcr den t\u00e4glichen Gebrauch bei jedem Windelwechsel<\/li>\n<li data-section-id=\"9vazu7\" data-start=\"392\" data-end=\"431\">Sanfte und sichere Formel f\u00fcr die Haut von Babys<\/li>\n<\/ul>\n<p data-start=\"433\" data-end=\"552\"><strong data-start=\"433\" data-end=\"453\">Wie man verwendet:<\/strong><br \/>\nTragen Sie eine d\u00fcnne Schicht auf die saubere, trockene Haut im Windelbereich auf und verwenden Sie sie regelm\u00e4\u00dfig f\u00fcr dauerhaften Schutz und Pflege. <\/p>\n<p data-start=\"554\" data-end=\"640\" data-is-last-node=\"\" data-is-only-node=\"\">F\u00fcr Babys ab den ersten Tagen geeignet, ist es eine praktische Option f\u00fcr M\u00fctter, um die Haut des Babys angenehm zu halten. <\/p>\n","protected":false},"excerpt":{"rendered":"<p><strong>Hamol Babycreme<\/strong><\/p>\n<ul>\n<li data-start=\"0\" data-end=\"253\">Es ist ein Produkt, das sich der Pflege der empfindlichen Haut von Kindern widmet,<\/li>\n<li data-start=\"0\" data-end=\"253\">Vor allem im Windelbereich. Sie zeichnet sich durch ihre sanfte Formel aus, die hilft, Windelausschlag zu verhindern und Reizungen sowie R\u00f6tungen zu lindern. <\/li>\n<\/ul>\n","protected":false},"featured_media":122370,"comment_status":"open","ping_status":"closed","template":"","meta":[],"product_brand":[],"product_cat":[916,388],"product_tag":[2371],"class_list":{"0":"post-122369","1":"product","2":"type-product","3":"status-publish","4":"has-post-thumbnail","6":"product_cat-gesundheit-schoenheit","7":"product_cat-nonfood","8":"product_tag-ich-werde-hoffen","10":"first","11":"instock","12":"taxable","13":"shipping-taxable","14":"purchasable","15":"product-type-simple"},"yoast_head":"<!-- This site is optimized with the Yoast SEO Premium plugin v26.5 (Yoast SEO v27.4) - https:\/\/yoast.com\/product\/yoast-seo-premium-wordpress\/ -->\n<title>Hamol Babycreme - Yasmin Food<\/title>\n<meta name=\"description\" content=\"besonders im Windelbereich. Sie zeichnet sich durch ihre sanfte Formel aus, die hilft, Windelausschlag zu verhindern und Reizungen sowie R\u00f6tungen zu lindern.\" \/>\n<meta name=\"robots\" content=\"index, follow, max-snippet:-1, max-image-preview:large, max-video-preview:-1\" \/>\n<link rel=\"canonical\" href=\"https:\/\/yasminfood.ch\/de\/product\/hamol-babycreme\/\" \/>\n<meta property=\"og:locale\" content=\"de_DE\" \/>\n<meta property=\"og:type\" content=\"article\" \/>\n<meta property=\"og:title\" content=\"Hamol Babycreme\" \/>\n<meta property=\"og:description\" content=\"Hamol Babycreme  Es ist ein Produkt, das sich der Pflege der empfindlichen Haut von Kindern widmet,  Vor allem im Windelbereich. Sie zeichnet sich durch ihre sanfte Formel aus, die hilft, Windelausschlag zu verhindern und Reizungen sowie R\u00f6tungen zu lindern.\" \/>\n<meta property=\"og:url\" content=\"https:\/\/yasminfood.ch\/de\/product\/hamol-babycreme\/\" \/>\n<meta property=\"og:site_name\" content=\"Yasmin Food\" \/>\n<meta property=\"article:publisher\" content=\"https:\/\/www.facebook.com\/yasminmarkt1\" \/>\n<meta property=\"article:modified_time\" content=\"2026-04-20T13:21:50+00:00\" \/>\n<meta property=\"og:image\" content=\"https:\/\/yasminfood.ch\/wp-content\/uploads\/2026\/04\/\u0643\u0631\u064a\u0645-\u0647\u0627\u0645\u0648\u0644-\u0644\u0644\u0627\u0637\u0641\u0627\u0644.png\" \/>\n\t<meta property=\"og:image:width\" content=\"1080\" \/>\n\t<meta property=\"og:image:height\" content=\"1080\" \/>\n\t<meta property=\"og:image:type\" content=\"image\/png\" \/>\n<meta name=\"twitter:card\" content=\"summary_large_image\" \/>\n<meta name=\"twitter:label1\" content=\"Preis\" \/>\n\t<meta name=\"twitter:data1\" content=\"7.95&nbsp;&#067;&#072;&#070;\" \/>\n\t<meta name=\"twitter:label2\" content=\"Verf\u00fcgbarkeit\" \/>\n\t<meta name=\"twitter:data2\" content=\"Auf Lager\" \/>\n<script type=\"application\/ld+json\" class=\"yoast-schema-graph\">{\"@context\":\"https:\\\/\\\/schema.org\",\"@graph\":[{\"@type\":\"WebPage\",\"@id\":\"https:\\\/\\\/yasminfood.ch\\\/de\\\/product\\\/hamol-babycreme\\\/\",\"url\":\"https:\\\/\\\/yasminfood.ch\\\/de\\\/product\\\/hamol-babycreme\\\/\",\"name\":\"Hamol Babycreme - Yasmin Food\",\"isPartOf\":{\"@id\":\"https:\\\/\\\/yasminfood.ch\\\/de\\\/#website\"},\"primaryImageOfPage\":{\"@id\":\"https:\\\/\\\/yasminfood.ch\\\/de\\\/product\\\/hamol-babycreme\\\/#primaryimage\"},\"image\":{\"@id\":\"https:\\\/\\\/yasminfood.ch\\\/de\\\/product\\\/hamol-babycreme\\\/#primaryimage\"},\"thumbnailUrl\":\"https:\\\/\\\/yasminfood.ch\\\/wp-content\\\/uploads\\\/2026\\\/04\\\/\u0643\u0631\u064a\u0645-\u0647\u0627\u0645\u0648\u0644-\u0644\u0644\u0627\u0637\u0641\u0627\u0644.png\",\"datePublished\":\"2026-04-20T13:20:13+00:00\",\"dateModified\":\"2026-04-20T13:21:50+00:00\",\"description\":\"besonders im Windelbereich. Sie zeichnet sich durch ihre sanfte Formel aus, die hilft, Windelausschlag zu verhindern und Reizungen sowie R\u00f6tungen zu lindern.\",\"breadcrumb\":{\"@id\":\"https:\\\/\\\/yasminfood.ch\\\/de\\\/product\\\/hamol-babycreme\\\/#breadcrumb\"},\"inLanguage\":\"de\",\"potentialAction\":[{\"@type\":\"ReadAction\",\"target\":[\"https:\\\/\\\/yasminfood.ch\\\/de\\\/product\\\/hamol-babycreme\\\/\"]}]},{\"@type\":\"ImageObject\",\"inLanguage\":\"de\",\"@id\":\"https:\\\/\\\/yasminfood.ch\\\/de\\\/product\\\/hamol-babycreme\\\/#primaryimage\",\"url\":\"https:\\\/\\\/yasminfood.ch\\\/wp-content\\\/uploads\\\/2026\\\/04\\\/\u0643\u0631\u064a\u0645-\u0647\u0627\u0645\u0648\u0644-\u0644\u0644\u0627\u0637\u0641\u0627\u0644.png\",\"contentUrl\":\"https:\\\/\\\/yasminfood.ch\\\/wp-content\\\/uploads\\\/2026\\\/04\\\/\u0643\u0631\u064a\u0645-\u0647\u0627\u0645\u0648\u0644-\u0644\u0644\u0627\u0637\u0641\u0627\u0644.png\",\"width\":1080,\"height\":1080,\"caption\":\"Hamol Babycreme\"},{\"@type\":\"BreadcrumbList\",\"@id\":\"https:\\\/\\\/yasminfood.ch\\\/de\\\/product\\\/hamol-babycreme\\\/#breadcrumb\",\"itemListElement\":[{\"@type\":\"ListItem\",\"position\":1,\"name\":\"\u0627\u0644\u0631\u0626\u064a\u0633\u064a\u0629\",\"item\":\"https:\\\/\\\/yasminfood.ch\\\/de\\\/zuhause\\\/\"},{\"@type\":\"ListItem\",\"position\":2,\"name\":\"Shop\",\"item\":\"https:\\\/\\\/yasminfood.ch\\\/de\\\/shop\\\/\"},{\"@type\":\"ListItem\",\"position\":3,\"name\":\"Hamol Babycreme\"}]},{\"@type\":\"WebSite\",\"@id\":\"https:\\\/\\\/yasminfood.ch\\\/de\\\/#website\",\"url\":\"https:\\\/\\\/yasminfood.ch\\\/de\\\/\",\"name\":\"\u064a\u0627\u0633\u0645\u064a\u0646 \u0645\u0627\u0631\u0643\u062a\",\"description\":\"Alles, was Sie brauchen, an einem Ort\",\"publisher\":{\"@id\":\"https:\\\/\\\/yasminfood.ch\\\/de\\\/#organization\"},\"alternateName\":\"Yasmin Food\",\"potentialAction\":[{\"@type\":\"SearchAction\",\"target\":{\"@type\":\"EntryPoint\",\"urlTemplate\":\"https:\\\/\\\/yasminfood.ch\\\/de\\\/?s={search_term_string}\"},\"query-input\":{\"@type\":\"PropertyValueSpecification\",\"valueRequired\":true,\"valueName\":\"search_term_string\"}}],\"inLanguage\":\"de\"},{\"@type\":\"Organization\",\"@id\":\"https:\\\/\\\/yasminfood.ch\\\/de\\\/#organization\",\"name\":\"\u064a\u0627\u0633\u0645\u064a\u0646 \u0645\u0627\u0631\u0643\u062a\",\"alternateName\":\"Yasmin Food\",\"url\":\"https:\\\/\\\/yasminfood.ch\\\/de\\\/\",\"logo\":{\"@type\":\"ImageObject\",\"inLanguage\":\"de\",\"@id\":\"https:\\\/\\\/yasminfood.ch\\\/de\\\/#\\\/schema\\\/logo\\\/image\\\/\",\"url\":\"https:\\\/\\\/yasminfood.ch\\\/wp-content\\\/uploads\\\/2025\\\/05\\\/yasmin-food-header-logo.png\",\"contentUrl\":\"https:\\\/\\\/yasminfood.ch\\\/wp-content\\\/uploads\\\/2025\\\/05\\\/yasmin-food-header-logo.png\",\"width\":330,\"height\":120,\"caption\":\"\u064a\u0627\u0633\u0645\u064a\u0646 \u0645\u0627\u0631\u0643\u062a\"},\"image\":{\"@id\":\"https:\\\/\\\/yasminfood.ch\\\/de\\\/#\\\/schema\\\/logo\\\/image\\\/\"},\"sameAs\":[\"https:\\\/\\\/www.facebook.com\\\/yasminmarkt1\",\"https:\\\/\\\/www.tiktok.com\\\/@yasminmarkt\",\"https:\\\/\\\/www.instagram.com\\\/yasmin.markt1\\\/\",\"https:\\\/\\\/api.whatsapp.com\\\/send\\\/?phone=41799000104\"],\"publishingPrinciples\":\"https:\\\/\\\/yasminfood.ch\\\/de\\\/shop\\\/\",\"ownershipFundingInfo\":\"https:\\\/\\\/yasminfood.ch\\\/de\\\/shop\\\/\"}]}<\/script>\n<meta property=\"product:price:amount\" content=\"7.95\" \/>\n<meta property=\"product:price:currency\" content=\"CHF\" \/>\n<meta property=\"og:availability\" content=\"instock\" \/>\n<meta property=\"product:availability\" content=\"instock\" \/>\n<meta property=\"product:condition\" content=\"new\" \/>\n<!-- \/ Yoast SEO Premium plugin. -->","yoast_head_json":{"title":"Hamol Babycreme - Yasmin Food","description":"besonders im Windelbereich. Sie zeichnet sich durch ihre sanfte Formel aus, die hilft, Windelausschlag zu verhindern und Reizungen sowie R\u00f6tungen zu lindern.","robots":{"index":"index","follow":"follow","max-snippet":"max-snippet:-1","max-image-preview":"max-image-preview:large","max-video-preview":"max-video-preview:-1"},"canonical":"https:\/\/yasminfood.ch\/de\/product\/hamol-babycreme\/","og_locale":"de_DE","og_type":"article","og_title":"Hamol Babycreme","og_description":"Hamol Babycreme  Es ist ein Produkt, das sich der Pflege der empfindlichen Haut von Kindern widmet,  Vor allem im Windelbereich. Sie zeichnet sich durch ihre sanfte Formel aus, die hilft, Windelausschlag zu verhindern und Reizungen sowie R\u00f6tungen zu lindern.","og_url":"https:\/\/yasminfood.ch\/de\/product\/hamol-babycreme\/","og_site_name":"Yasmin Food","article_publisher":"https:\/\/www.facebook.com\/yasminmarkt1","article_modified_time":"2026-04-20T13:21:50+00:00","og_image":[{"width":1080,"height":1080,"url":"https:\/\/yasminfood.ch\/wp-content\/uploads\/2026\/04\/\u0643\u0631\u064a\u0645-\u0647\u0627\u0645\u0648\u0644-\u0644\u0644\u0627\u0637\u0641\u0627\u0644.png","type":"image\/png"}],"twitter_card":"summary_large_image","twitter_misc":{"Preis":"7.95&nbsp;&#67;&#72;&#70;","Verf\u00fcgbarkeit":"Auf Lager"},"schema":{"@context":"https:\/\/schema.org","@graph":[{"@type":"WebPage","@id":"https:\/\/yasminfood.ch\/de\/product\/hamol-babycreme\/","url":"https:\/\/yasminfood.ch\/de\/product\/hamol-babycreme\/","name":"Hamol Babycreme - Yasmin Food","isPartOf":{"@id":"https:\/\/yasminfood.ch\/de\/#website"},"primaryImageOfPage":{"@id":"https:\/\/yasminfood.ch\/de\/product\/hamol-babycreme\/#primaryimage"},"image":{"@id":"https:\/\/yasminfood.ch\/de\/product\/hamol-babycreme\/#primaryimage"},"thumbnailUrl":"https:\/\/yasminfood.ch\/wp-content\/uploads\/2026\/04\/\u0643\u0631\u064a\u0645-\u0647\u0627\u0645\u0648\u0644-\u0644\u0644\u0627\u0637\u0641\u0627\u0644.png","datePublished":"2026-04-20T13:20:13+00:00","dateModified":"2026-04-20T13:21:50+00:00","description":"besonders im Windelbereich. Sie zeichnet sich durch ihre sanfte Formel aus, die hilft, Windelausschlag zu verhindern und Reizungen sowie R\u00f6tungen zu lindern.","breadcrumb":{"@id":"https:\/\/yasminfood.ch\/de\/product\/hamol-babycreme\/#breadcrumb"},"inLanguage":"de","potentialAction":[{"@type":"ReadAction","target":["https:\/\/yasminfood.ch\/de\/product\/hamol-babycreme\/"]}]},{"@type":"ImageObject","inLanguage":"de","@id":"https:\/\/yasminfood.ch\/de\/product\/hamol-babycreme\/#primaryimage","url":"https:\/\/yasminfood.ch\/wp-content\/uploads\/2026\/04\/\u0643\u0631\u064a\u0645-\u0647\u0627\u0645\u0648\u0644-\u0644\u0644\u0627\u0637\u0641\u0627\u0644.png","contentUrl":"https:\/\/yasminfood.ch\/wp-content\/uploads\/2026\/04\/\u0643\u0631\u064a\u0645-\u0647\u0627\u0645\u0648\u0644-\u0644\u0644\u0627\u0637\u0641\u0627\u0644.png","width":1080,"height":1080,"caption":"Hamol Babycreme"},{"@type":"BreadcrumbList","@id":"https:\/\/yasminfood.ch\/de\/product\/hamol-babycreme\/#breadcrumb","itemListElement":[{"@type":"ListItem","position":1,"name":"\u0627\u0644\u0631\u0626\u064a\u0633\u064a\u0629","item":"https:\/\/yasminfood.ch\/de\/zuhause\/"},{"@type":"ListItem","position":2,"name":"Shop","item":"https:\/\/yasminfood.ch\/de\/shop\/"},{"@type":"ListItem","position":3,"name":"Hamol Babycreme"}]},{"@type":"WebSite","@id":"https:\/\/yasminfood.ch\/de\/#website","url":"https:\/\/yasminfood.ch\/de\/","name":"\u064a\u0627\u0633\u0645\u064a\u0646 \u0645\u0627\u0631\u0643\u062a","description":"Alles, was Sie brauchen, an einem Ort","publisher":{"@id":"https:\/\/yasminfood.ch\/de\/#organization"},"alternateName":"Yasmin Food","potentialAction":[{"@type":"SearchAction","target":{"@type":"EntryPoint","urlTemplate":"https:\/\/yasminfood.ch\/de\/?s={search_term_string}"},"query-input":{"@type":"PropertyValueSpecification","valueRequired":true,"valueName":"search_term_string"}}],"inLanguage":"de"},{"@type":"Organization","@id":"https:\/\/yasminfood.ch\/de\/#organization","name":"\u064a\u0627\u0633\u0645\u064a\u0646 \u0645\u0627\u0631\u0643\u062a","alternateName":"Yasmin Food","url":"https:\/\/yasminfood.ch\/de\/","logo":{"@type":"ImageObject","inLanguage":"de","@id":"https:\/\/yasminfood.ch\/de\/#\/schema\/logo\/image\/","url":"https:\/\/yasminfood.ch\/wp-content\/uploads\/2025\/05\/yasmin-food-header-logo.png","contentUrl":"https:\/\/yasminfood.ch\/wp-content\/uploads\/2025\/05\/yasmin-food-header-logo.png","width":330,"height":120,"caption":"\u064a\u0627\u0633\u0645\u064a\u0646 \u0645\u0627\u0631\u0643\u062a"},"image":{"@id":"https:\/\/yasminfood.ch\/de\/#\/schema\/logo\/image\/"},"sameAs":["https:\/\/www.facebook.com\/yasminmarkt1","https:\/\/www.tiktok.com\/@yasminmarkt","https:\/\/www.instagram.com\/yasmin.markt1\/","https:\/\/api.whatsapp.com\/send\/?phone=41799000104"],"publishingPrinciples":"https:\/\/yasminfood.ch\/de\/shop\/","ownershipFundingInfo":"https:\/\/yasminfood.ch\/de\/shop\/"}]},"product_price_amount":"7.95","product_price_currency":"CHF","og_availability":"instock","product_availability":"instock","product_condition":"new"},"jetpack_sharing_enabled":true,"_links":{"self":[{"href":"https:\/\/yasminfood.ch\/de\/wp-json\/wp\/v2\/product\/122369","targetHints":{"allow":["GET"]}}],"collection":[{"href":"https:\/\/yasminfood.ch\/de\/wp-json\/wp\/v2\/product"}],"about":[{"href":"https:\/\/yasminfood.ch\/de\/wp-json\/wp\/v2\/types\/product"}],"replies":[{"embeddable":true,"href":"https:\/\/yasminfood.ch\/de\/wp-json\/wp\/v2\/comments?post=122369"}],"version-history":[{"count":0,"href":"https:\/\/yasminfood.ch\/de\/wp-json\/wp\/v2\/product\/122369\/revisions"}],"wp:featuredmedia":[{"embeddable":true,"href":"https:\/\/yasminfood.ch\/de\/wp-json\/wp\/v2\/media\/122370"}],"wp:attachment":[{"href":"https:\/\/yasminfood.ch\/de\/wp-json\/wp\/v2\/media?parent=122369"}],"wp:term":[{"taxonomy":"product_brand","embeddable":true,"href":"https:\/\/yasminfood.ch\/de\/wp-json\/wp\/v2\/product_brand?post=122369"},{"taxonomy":"product_cat","embeddable":true,"href":"https:\/\/yasminfood.ch\/de\/wp-json\/wp\/v2\/product_cat?post=122369"},{"taxonomy":"product_tag","embeddable":true,"href":"https:\/\/yasminfood.ch\/de\/wp-json\/wp\/v2\/product_tag?post=122369"}],"curies":[{"name":"wp","href":"https:\/\/api.w.org\/{rel}","templated":true}]}}