{"id":122376,"date":"2026-04-20T16:07:54","date_gmt":"2026-04-20T14:07:54","guid":{"rendered":"https:\/\/yasminfood.ch\/product\/sesam-tahini-800g-dawood\/"},"modified":"2026-04-20T16:09:41","modified_gmt":"2026-04-20T14:09:41","slug":"sesam-tahini-800g-dawood","status":"publish","type":"product","link":"https:\/\/yasminfood.ch\/de\/product\/sesam-tahini-800g-dawood\/","title":{"rendered":"Sesam Tahini 800g-Dawood"},"content":{"rendered":"<p><strong>Sesam Tahini 800g-Dawood<\/strong><\/p>\n<ul>\n<li data-start=\"79\" data-end=\"321\">Hochwertige nat\u00fcrliche Sesamsamen, hergestellt mit sorgf\u00e4ltig ger\u00f6steten Sesamsamen, um einen reichen Geschmack und eine perfekte cremige Textur zu erhalten. <\/li>\n<li data-start=\"79\" data-end=\"321\">Dieses Tahini ist eine ausgezeichnete Wahl f\u00fcr die Zubereitung k\u00f6stlicher Rezepte wie Hummus, Muttabal, Tahiniso\u00dfen und orientalische Desserts.  <\/li>\n<li data-start=\"79\" data-end=\"321\">Wenn Sie nach dem besten Sesam-Tahini f\u00fcr die Alltagsk\u00fcche suchen,<\/li>\n<li data-start=\"79\" data-end=\"321\">Dawood Tahini bietet Ihnen die perfekte Kombination aus Qualit\u00e4t und N\u00e4hrwert.<\/li>\n<li data-start=\"79\" data-end=\"321\">Sie sind reich an Eiwei\u00df, Kalzium und gesunden Fetten und sind damit die perfekte Erg\u00e4nzung zu einer ausgewogenen Ern\u00e4hrung. <\/li>\n<li data-start=\"79\" data-end=\"321\">Daoud Tahini ist einfach zu verwenden und hat eine weiche Textur, die schnell schmilzt.<\/li>\n<li data-start=\"79\" data-end=\"321\">Das macht es sowohl f\u00fcr Hausrezepte als auch f\u00fcr Restaurants geeignet.<\/li>\n<li data-start=\"79\" data-end=\"321\">Das 800-g-Paket bietet eine g\u00fcnstige Menge, die l\u00e4nger h\u00e4lt.<\/li>\n<\/ul>\n","protected":false},"excerpt":{"rendered":"<p><strong>Sesam Tahini 800g-Dawood<\/strong><\/p>\n<ul>\n<li data-start=\"79\" data-end=\"321\">Hochwertige nat\u00fcrliche Sesamsamen, hergestellt mit sorgf\u00e4ltig ger\u00f6steten Sesamsamen, um einen reichen Geschmack und eine perfekte cremige Textur zu erhalten. <\/li>\n<\/ul>\n","protected":false},"featured_media":122377,"comment_status":"open","ping_status":"closed","template":"","meta":[],"product_brand":[],"product_cat":[245,277],"product_tag":[],"class_list":{"0":"post-122376","1":"product","2":"type-product","3":"status-publish","4":"has-post-thumbnail","6":"product_cat-konserven-lebensmittel","7":"product_cat-tahini-de","9":"first","10":"instock","11":"taxable","12":"shipping-taxable","13":"purchasable","14":"product-type-simple"},"yoast_head":"<!-- This site is optimized with the Yoast SEO Premium plugin v26.5 (Yoast SEO v27.4) - https:\/\/yoast.com\/product\/yoast-seo-premium-wordpress\/ -->\n<title>Sesam Tahini 800g-Dawood - Yasmin Food<\/title>\n<meta name=\"description\" content=\"Hochwertiges nat\u00fcrliches Sesam-Tahini, zubereitet mit sorgf\u00e4ltig ger\u00f6steten Sesamsamen, um einen reichen Geschmack und eine perfekte cremige Textur zu erzielen.\" \/>\n<meta name=\"robots\" content=\"index, follow, max-snippet:-1, max-image-preview:large, max-video-preview:-1\" \/>\n<link rel=\"canonical\" href=\"https:\/\/yasminfood.ch\/de\/product\/sesam-tahini-800g-dawood\/\" \/>\n<meta property=\"og:locale\" content=\"de_DE\" \/>\n<meta property=\"og:type\" content=\"article\" \/>\n<meta property=\"og:title\" content=\"Sesam Tahini 800g-Dawood\" \/>\n<meta property=\"og:description\" content=\"Sesam Tahini 800g-Dawood  Hochwertige nat\u00fcrliche Sesamsamen, hergestellt mit sorgf\u00e4ltig ger\u00f6steten Sesamsamen, um einen reichen Geschmack und eine perfekte cremige Textur zu erhalten.\" \/>\n<meta property=\"og:url\" content=\"https:\/\/yasminfood.ch\/de\/product\/sesam-tahini-800g-dawood\/\" \/>\n<meta property=\"og:site_name\" content=\"Yasmin Food\" \/>\n<meta property=\"article:publisher\" content=\"https:\/\/www.facebook.com\/yasminmarkt1\" \/>\n<meta property=\"article:modified_time\" content=\"2026-04-20T14:09:41+00:00\" \/>\n<meta property=\"og:image\" content=\"https:\/\/yasminfood.ch\/wp-content\/uploads\/2026\/04\/\u0637\u062d\u064a\u0646\u0629-\u0627\u0644\u0633\u0645\u0633\u0645-800\u063a-\u062f\u0627\u0648\u0648\u062f.png\" \/>\n\t<meta property=\"og:image:width\" content=\"1080\" \/>\n\t<meta property=\"og:image:height\" content=\"1080\" \/>\n\t<meta property=\"og:image:type\" content=\"image\/png\" \/>\n<meta name=\"twitter:card\" content=\"summary_large_image\" \/>\n<meta name=\"twitter:label1\" content=\"Preis\" \/>\n\t<meta name=\"twitter:data1\" content=\"8.95&nbsp;&#067;&#072;&#070;\" \/>\n\t<meta name=\"twitter:label2\" content=\"Verf\u00fcgbarkeit\" \/>\n\t<meta name=\"twitter:data2\" content=\"Auf Lager\" \/>\n<script type=\"application\/ld+json\" class=\"yoast-schema-graph\">{\"@context\":\"https:\\\/\\\/schema.org\",\"@graph\":[{\"@type\":\"WebPage\",\"@id\":\"https:\\\/\\\/yasminfood.ch\\\/de\\\/product\\\/sesam-tahini-800g-dawood\\\/\",\"url\":\"https:\\\/\\\/yasminfood.ch\\\/de\\\/product\\\/sesam-tahini-800g-dawood\\\/\",\"name\":\"Sesam Tahini 800g-Dawood - Yasmin Food\",\"isPartOf\":{\"@id\":\"https:\\\/\\\/yasminfood.ch\\\/de\\\/#website\"},\"primaryImageOfPage\":{\"@id\":\"https:\\\/\\\/yasminfood.ch\\\/de\\\/product\\\/sesam-tahini-800g-dawood\\\/#primaryimage\"},\"image\":{\"@id\":\"https:\\\/\\\/yasminfood.ch\\\/de\\\/product\\\/sesam-tahini-800g-dawood\\\/#primaryimage\"},\"thumbnailUrl\":\"https:\\\/\\\/yasminfood.ch\\\/wp-content\\\/uploads\\\/2026\\\/04\\\/\u0637\u062d\u064a\u0646\u0629-\u0627\u0644\u0633\u0645\u0633\u0645-800\u063a-\u062f\u0627\u0648\u0648\u062f.png\",\"datePublished\":\"2026-04-20T14:07:54+00:00\",\"dateModified\":\"2026-04-20T14:09:41+00:00\",\"description\":\"Hochwertiges nat\u00fcrliches Sesam-Tahini, zubereitet mit sorgf\u00e4ltig ger\u00f6steten Sesamsamen, um einen reichen Geschmack und eine perfekte cremige Textur zu erzielen.\",\"breadcrumb\":{\"@id\":\"https:\\\/\\\/yasminfood.ch\\\/de\\\/product\\\/sesam-tahini-800g-dawood\\\/#breadcrumb\"},\"inLanguage\":\"de\",\"potentialAction\":[{\"@type\":\"ReadAction\",\"target\":[\"https:\\\/\\\/yasminfood.ch\\\/de\\\/product\\\/sesam-tahini-800g-dawood\\\/\"]}]},{\"@type\":\"ImageObject\",\"inLanguage\":\"de\",\"@id\":\"https:\\\/\\\/yasminfood.ch\\\/de\\\/product\\\/sesam-tahini-800g-dawood\\\/#primaryimage\",\"url\":\"https:\\\/\\\/yasminfood.ch\\\/wp-content\\\/uploads\\\/2026\\\/04\\\/\u0637\u062d\u064a\u0646\u0629-\u0627\u0644\u0633\u0645\u0633\u0645-800\u063a-\u062f\u0627\u0648\u0648\u062f.png\",\"contentUrl\":\"https:\\\/\\\/yasminfood.ch\\\/wp-content\\\/uploads\\\/2026\\\/04\\\/\u0637\u062d\u064a\u0646\u0629-\u0627\u0644\u0633\u0645\u0633\u0645-800\u063a-\u062f\u0627\u0648\u0648\u062f.png\",\"width\":1080,\"height\":1080,\"caption\":\"Sesam Tahini 800g-Dawood\"},{\"@type\":\"BreadcrumbList\",\"@id\":\"https:\\\/\\\/yasminfood.ch\\\/de\\\/product\\\/sesam-tahini-800g-dawood\\\/#breadcrumb\",\"itemListElement\":[{\"@type\":\"ListItem\",\"position\":1,\"name\":\"\u0627\u0644\u0631\u0626\u064a\u0633\u064a\u0629\",\"item\":\"https:\\\/\\\/yasminfood.ch\\\/de\\\/zuhause\\\/\"},{\"@type\":\"ListItem\",\"position\":2,\"name\":\"Shop\",\"item\":\"https:\\\/\\\/yasminfood.ch\\\/de\\\/shop\\\/\"},{\"@type\":\"ListItem\",\"position\":3,\"name\":\"Sesam Tahini 800g-Dawood\"}]},{\"@type\":\"WebSite\",\"@id\":\"https:\\\/\\\/yasminfood.ch\\\/de\\\/#website\",\"url\":\"https:\\\/\\\/yasminfood.ch\\\/de\\\/\",\"name\":\"\u064a\u0627\u0633\u0645\u064a\u0646 \u0645\u0627\u0631\u0643\u062a\",\"description\":\"Alles, was Sie brauchen, an einem Ort\",\"publisher\":{\"@id\":\"https:\\\/\\\/yasminfood.ch\\\/de\\\/#organization\"},\"alternateName\":\"Yasmin Food\",\"potentialAction\":[{\"@type\":\"SearchAction\",\"target\":{\"@type\":\"EntryPoint\",\"urlTemplate\":\"https:\\\/\\\/yasminfood.ch\\\/de\\\/?s={search_term_string}\"},\"query-input\":{\"@type\":\"PropertyValueSpecification\",\"valueRequired\":true,\"valueName\":\"search_term_string\"}}],\"inLanguage\":\"de\"},{\"@type\":\"Organization\",\"@id\":\"https:\\\/\\\/yasminfood.ch\\\/de\\\/#organization\",\"name\":\"\u064a\u0627\u0633\u0645\u064a\u0646 \u0645\u0627\u0631\u0643\u062a\",\"alternateName\":\"Yasmin Food\",\"url\":\"https:\\\/\\\/yasminfood.ch\\\/de\\\/\",\"logo\":{\"@type\":\"ImageObject\",\"inLanguage\":\"de\",\"@id\":\"https:\\\/\\\/yasminfood.ch\\\/de\\\/#\\\/schema\\\/logo\\\/image\\\/\",\"url\":\"https:\\\/\\\/yasminfood.ch\\\/wp-content\\\/uploads\\\/2025\\\/05\\\/yasmin-food-header-logo.png\",\"contentUrl\":\"https:\\\/\\\/yasminfood.ch\\\/wp-content\\\/uploads\\\/2025\\\/05\\\/yasmin-food-header-logo.png\",\"width\":330,\"height\":120,\"caption\":\"\u064a\u0627\u0633\u0645\u064a\u0646 \u0645\u0627\u0631\u0643\u062a\"},\"image\":{\"@id\":\"https:\\\/\\\/yasminfood.ch\\\/de\\\/#\\\/schema\\\/logo\\\/image\\\/\"},\"sameAs\":[\"https:\\\/\\\/www.facebook.com\\\/yasminmarkt1\",\"https:\\\/\\\/www.tiktok.com\\\/@yasminmarkt\",\"https:\\\/\\\/www.instagram.com\\\/yasmin.markt1\\\/\",\"https:\\\/\\\/api.whatsapp.com\\\/send\\\/?phone=41799000104\"],\"publishingPrinciples\":\"https:\\\/\\\/yasminfood.ch\\\/de\\\/shop\\\/\",\"ownershipFundingInfo\":\"https:\\\/\\\/yasminfood.ch\\\/de\\\/shop\\\/\"}]}<\/script>\n<meta property=\"product:price:amount\" content=\"8.95\" \/>\n<meta property=\"product:price:currency\" content=\"CHF\" \/>\n<meta property=\"og:availability\" content=\"instock\" \/>\n<meta property=\"product:availability\" content=\"instock\" \/>\n<meta property=\"product:condition\" content=\"new\" \/>\n<!-- \/ Yoast SEO Premium plugin. -->","yoast_head_json":{"title":"Sesam Tahini 800g-Dawood - Yasmin Food","description":"Hochwertiges nat\u00fcrliches Sesam-Tahini, zubereitet mit sorgf\u00e4ltig ger\u00f6steten Sesamsamen, um einen reichen Geschmack und eine perfekte cremige Textur zu erzielen.","robots":{"index":"index","follow":"follow","max-snippet":"max-snippet:-1","max-image-preview":"max-image-preview:large","max-video-preview":"max-video-preview:-1"},"canonical":"https:\/\/yasminfood.ch\/de\/product\/sesam-tahini-800g-dawood\/","og_locale":"de_DE","og_type":"article","og_title":"Sesam Tahini 800g-Dawood","og_description":"Sesam Tahini 800g-Dawood  Hochwertige nat\u00fcrliche Sesamsamen, hergestellt mit sorgf\u00e4ltig ger\u00f6steten Sesamsamen, um einen reichen Geschmack und eine perfekte cremige Textur zu erhalten.","og_url":"https:\/\/yasminfood.ch\/de\/product\/sesam-tahini-800g-dawood\/","og_site_name":"Yasmin Food","article_publisher":"https:\/\/www.facebook.com\/yasminmarkt1","article_modified_time":"2026-04-20T14:09:41+00:00","og_image":[{"width":1080,"height":1080,"url":"https:\/\/yasminfood.ch\/wp-content\/uploads\/2026\/04\/\u0637\u062d\u064a\u0646\u0629-\u0627\u0644\u0633\u0645\u0633\u0645-800\u063a-\u062f\u0627\u0648\u0648\u062f.png","type":"image\/png"}],"twitter_card":"summary_large_image","twitter_misc":{"Preis":"8.95&nbsp;&#67;&#72;&#70;","Verf\u00fcgbarkeit":"Auf Lager"},"schema":{"@context":"https:\/\/schema.org","@graph":[{"@type":"WebPage","@id":"https:\/\/yasminfood.ch\/de\/product\/sesam-tahini-800g-dawood\/","url":"https:\/\/yasminfood.ch\/de\/product\/sesam-tahini-800g-dawood\/","name":"Sesam Tahini 800g-Dawood - Yasmin Food","isPartOf":{"@id":"https:\/\/yasminfood.ch\/de\/#website"},"primaryImageOfPage":{"@id":"https:\/\/yasminfood.ch\/de\/product\/sesam-tahini-800g-dawood\/#primaryimage"},"image":{"@id":"https:\/\/yasminfood.ch\/de\/product\/sesam-tahini-800g-dawood\/#primaryimage"},"thumbnailUrl":"https:\/\/yasminfood.ch\/wp-content\/uploads\/2026\/04\/\u0637\u062d\u064a\u0646\u0629-\u0627\u0644\u0633\u0645\u0633\u0645-800\u063a-\u062f\u0627\u0648\u0648\u062f.png","datePublished":"2026-04-20T14:07:54+00:00","dateModified":"2026-04-20T14:09:41+00:00","description":"Hochwertiges nat\u00fcrliches Sesam-Tahini, zubereitet mit sorgf\u00e4ltig ger\u00f6steten Sesamsamen, um einen reichen Geschmack und eine perfekte cremige Textur zu erzielen.","breadcrumb":{"@id":"https:\/\/yasminfood.ch\/de\/product\/sesam-tahini-800g-dawood\/#breadcrumb"},"inLanguage":"de","potentialAction":[{"@type":"ReadAction","target":["https:\/\/yasminfood.ch\/de\/product\/sesam-tahini-800g-dawood\/"]}]},{"@type":"ImageObject","inLanguage":"de","@id":"https:\/\/yasminfood.ch\/de\/product\/sesam-tahini-800g-dawood\/#primaryimage","url":"https:\/\/yasminfood.ch\/wp-content\/uploads\/2026\/04\/\u0637\u062d\u064a\u0646\u0629-\u0627\u0644\u0633\u0645\u0633\u0645-800\u063a-\u062f\u0627\u0648\u0648\u062f.png","contentUrl":"https:\/\/yasminfood.ch\/wp-content\/uploads\/2026\/04\/\u0637\u062d\u064a\u0646\u0629-\u0627\u0644\u0633\u0645\u0633\u0645-800\u063a-\u062f\u0627\u0648\u0648\u062f.png","width":1080,"height":1080,"caption":"Sesam Tahini 800g-Dawood"},{"@type":"BreadcrumbList","@id":"https:\/\/yasminfood.ch\/de\/product\/sesam-tahini-800g-dawood\/#breadcrumb","itemListElement":[{"@type":"ListItem","position":1,"name":"\u0627\u0644\u0631\u0626\u064a\u0633\u064a\u0629","item":"https:\/\/yasminfood.ch\/de\/zuhause\/"},{"@type":"ListItem","position":2,"name":"Shop","item":"https:\/\/yasminfood.ch\/de\/shop\/"},{"@type":"ListItem","position":3,"name":"Sesam Tahini 800g-Dawood"}]},{"@type":"WebSite","@id":"https:\/\/yasminfood.ch\/de\/#website","url":"https:\/\/yasminfood.ch\/de\/","name":"\u064a\u0627\u0633\u0645\u064a\u0646 \u0645\u0627\u0631\u0643\u062a","description":"Alles, was Sie brauchen, an einem Ort","publisher":{"@id":"https:\/\/yasminfood.ch\/de\/#organization"},"alternateName":"Yasmin Food","potentialAction":[{"@type":"SearchAction","target":{"@type":"EntryPoint","urlTemplate":"https:\/\/yasminfood.ch\/de\/?s={search_term_string}"},"query-input":{"@type":"PropertyValueSpecification","valueRequired":true,"valueName":"search_term_string"}}],"inLanguage":"de"},{"@type":"Organization","@id":"https:\/\/yasminfood.ch\/de\/#organization","name":"\u064a\u0627\u0633\u0645\u064a\u0646 \u0645\u0627\u0631\u0643\u062a","alternateName":"Yasmin Food","url":"https:\/\/yasminfood.ch\/de\/","logo":{"@type":"ImageObject","inLanguage":"de","@id":"https:\/\/yasminfood.ch\/de\/#\/schema\/logo\/image\/","url":"https:\/\/yasminfood.ch\/wp-content\/uploads\/2025\/05\/yasmin-food-header-logo.png","contentUrl":"https:\/\/yasminfood.ch\/wp-content\/uploads\/2025\/05\/yasmin-food-header-logo.png","width":330,"height":120,"caption":"\u064a\u0627\u0633\u0645\u064a\u0646 \u0645\u0627\u0631\u0643\u062a"},"image":{"@id":"https:\/\/yasminfood.ch\/de\/#\/schema\/logo\/image\/"},"sameAs":["https:\/\/www.facebook.com\/yasminmarkt1","https:\/\/www.tiktok.com\/@yasminmarkt","https:\/\/www.instagram.com\/yasmin.markt1\/","https:\/\/api.whatsapp.com\/send\/?phone=41799000104"],"publishingPrinciples":"https:\/\/yasminfood.ch\/de\/shop\/","ownershipFundingInfo":"https:\/\/yasminfood.ch\/de\/shop\/"}]},"product_price_amount":"8.95","product_price_currency":"CHF","og_availability":"instock","product_availability":"instock","product_condition":"new"},"jetpack_sharing_enabled":true,"_links":{"self":[{"href":"https:\/\/yasminfood.ch\/de\/wp-json\/wp\/v2\/product\/122376","targetHints":{"allow":["GET"]}}],"collection":[{"href":"https:\/\/yasminfood.ch\/de\/wp-json\/wp\/v2\/product"}],"about":[{"href":"https:\/\/yasminfood.ch\/de\/wp-json\/wp\/v2\/types\/product"}],"replies":[{"embeddable":true,"href":"https:\/\/yasminfood.ch\/de\/wp-json\/wp\/v2\/comments?post=122376"}],"version-history":[{"count":0,"href":"https:\/\/yasminfood.ch\/de\/wp-json\/wp\/v2\/product\/122376\/revisions"}],"wp:featuredmedia":[{"embeddable":true,"href":"https:\/\/yasminfood.ch\/de\/wp-json\/wp\/v2\/media\/122377"}],"wp:attachment":[{"href":"https:\/\/yasminfood.ch\/de\/wp-json\/wp\/v2\/media?parent=122376"}],"wp:term":[{"taxonomy":"product_brand","embeddable":true,"href":"https:\/\/yasminfood.ch\/de\/wp-json\/wp\/v2\/product_brand?post=122376"},{"taxonomy":"product_cat","embeddable":true,"href":"https:\/\/yasminfood.ch\/de\/wp-json\/wp\/v2\/product_cat?post=122376"},{"taxonomy":"product_tag","embeddable":true,"href":"https:\/\/yasminfood.ch\/de\/wp-json\/wp\/v2\/product_tag?post=122376"}],"curies":[{"name":"wp","href":"https:\/\/api.w.org\/{rel}","templated":true}]}}