{"id":122445,"date":"2026-04-23T19:30:45","date_gmt":"2026-04-23T17:30:45","guid":{"rendered":"https:\/\/yasminfood.ch\/product\/lara-dosen-okra-400g-fertig-zum-kochen-okra\/"},"modified":"2026-04-23T19:43:58","modified_gmt":"2026-04-23T17:43:58","slug":"lara-dosen-okra-400g-fertig-zum-kochen-okra","status":"publish","type":"product","link":"https:\/\/yasminfood.ch\/de\/product\/lara-dosen-okra-400g-fertig-zum-kochen-okra\/","title":{"rendered":"Lara Dosen-Okra 400g \u2013 Fertig zum Kochen Okra"},"content":{"rendered":"<p><strong>Lara Dosen-Okra 400g \u2013 Fertig zum Kochen Okra<\/strong><\/p>\n<ul>\n<li data-start=\"98\" data-end=\"311\">Es ist eine praktische und schnelle Option, um die leckersten hausgemachten Gerichte zuzubereiten, ohne sauber oder gehackt werden zu m\u00fcssen.<\/li>\n<li data-start=\"98\" data-end=\"311\">Die Okrak\u00f6rner werden sorgf\u00e4ltig ausgew\u00e4hlt, um ihre richtige Gr\u00f6\u00dfe und ihren frischen Geschmack zu erhalten, und dann gesund verpackt, um Qualit\u00e4t und Geschmack zu gew\u00e4hrleisten. <\/li>\n<li data-start=\"98\" data-end=\"311\">Diese Okra eignet sich ideal f\u00fcr die Zubereitung traditioneller Okra-Gerichte mit Fleisch oder Huhn.<\/li>\n<li data-start=\"98\" data-end=\"311\">Sie k\u00f6nnen auch leicht in verschiedenen Rezepten verwendet werden. Es spart Ihnen Zeit und M\u00fche und bewahrt nach dem Kochen den authentischen Geschmack und die Textur. <\/li>\n<\/ul>\n<p data-start=\"506\" data-end=\"603\">Es wird in einer 400-g-Glasflasche geliefert, leicht zu lagern und zu verwenden, und ist eine unverzichtbare Zutat in Ihrer t\u00e4glichen K\u00fcche.  <\/p>\n","protected":false},"excerpt":{"rendered":"<ul>\n<li data-start=\"98\" data-end=\"311\">Es ist eine praktische und schnelle Option, um die leckersten hausgemachten Gerichte zuzubereiten, ohne sauber oder gehackt werden zu m\u00fcssen.<\/li>\n<li data-start=\"98\" data-end=\"311\">Die Okrak\u00f6rner werden sorgf\u00e4ltig ausgew\u00e4hlt, um ihre richtige Gr\u00f6\u00dfe und ihren frischen Geschmack zu erhalten, und dann gesund verpackt, um Qualit\u00e4t und Geschmack zu gew\u00e4hrleisten. <\/li>\n<\/ul>\n","protected":false},"featured_media":122448,"comment_status":"open","ping_status":"closed","template":"","meta":[],"product_brand":[],"product_cat":[278,245],"product_tag":[],"class_list":{"0":"post-122445","1":"product","2":"type-product","3":"status-publish","4":"has-post-thumbnail","6":"product_cat-bohnen","7":"product_cat-konserven-lebensmittel","9":"first","10":"instock","11":"taxable","12":"shipping-taxable","13":"purchasable","14":"product-type-simple"},"yoast_head":"<!-- This site is optimized with the Yoast SEO Premium plugin v26.5 (Yoast SEO v27.5) - https:\/\/yoast.com\/product\/yoast-seo-premium-wordpress\/ -->\n<title>Lara Dosen-Okra 400g \u2013 Fertig zum Kochen Okra - Yasmin Food<\/title>\n<meta name=\"description\" content=\"Lara Dosen-Okra 400g \u2013 Fertig zum Kochen Okra ist eine praktische und schnelle Option, um die leckersten hausgemachten Gerichte zuzubereiten, ohne putzen oder schneiden zu m\u00fcssen.\" \/>\n<meta name=\"robots\" content=\"index, follow, max-snippet:-1, max-image-preview:large, max-video-preview:-1\" \/>\n<link rel=\"canonical\" href=\"https:\/\/yasminfood.ch\/de\/product\/lara-dosen-okra-400g-fertig-zum-kochen-okra\/\" \/>\n<meta property=\"og:locale\" content=\"de_DE\" \/>\n<meta property=\"og:type\" content=\"article\" \/>\n<meta property=\"og:title\" content=\"Lara Dosen-Okra 400g \u2013 Fertig zum Kochen Okra\" \/>\n<meta property=\"og:description\" content=\"Es ist eine praktische und schnelle Option, um die leckersten hausgemachten Gerichte zuzubereiten, ohne sauber oder gehackt werden zu m\u00fcssen.  Die Okrak\u00f6rner werden sorgf\u00e4ltig ausgew\u00e4hlt, um ihre richtige Gr\u00f6\u00dfe und ihren frischen Geschmack zu erhalten, und dann gesund verpackt, um Qualit\u00e4t und Geschmack zu gew\u00e4hrleisten.\" \/>\n<meta property=\"og:url\" content=\"https:\/\/yasminfood.ch\/de\/product\/lara-dosen-okra-400g-fertig-zum-kochen-okra\/\" \/>\n<meta property=\"og:site_name\" content=\"Yasmin Food\" \/>\n<meta property=\"article:publisher\" content=\"https:\/\/www.facebook.com\/yasminmarkt1\" \/>\n<meta property=\"article:modified_time\" content=\"2026-04-23T17:43:58+00:00\" \/>\n<meta property=\"og:image\" content=\"https:\/\/yasminfood.ch\/wp-content\/uploads\/2026\/04\/\u0628\u0627\u0645\u064a\u0629-\u0645\u0639\u0644\u0628\u0629-\u0632\u062c\u0627\u062c-400\u063a-\u0644\u0627\u0631\u0627.1.png\" \/>\n\t<meta property=\"og:image:width\" content=\"1080\" \/>\n\t<meta property=\"og:image:height\" content=\"1080\" \/>\n\t<meta property=\"og:image:type\" content=\"image\/png\" \/>\n<meta name=\"twitter:card\" content=\"summary_large_image\" \/>\n<meta name=\"twitter:label1\" content=\"Preis\" \/>\n\t<meta name=\"twitter:data1\" content=\"6.50&nbsp;&#067;&#072;&#070;\" \/>\n\t<meta name=\"twitter:label2\" content=\"Verf\u00fcgbarkeit\" \/>\n\t<meta name=\"twitter:data2\" content=\"Auf Lager\" \/>\n<script type=\"application\/ld+json\" class=\"yoast-schema-graph\">{\"@context\":\"https:\\\/\\\/schema.org\",\"@graph\":[{\"@type\":\"WebPage\",\"@id\":\"https:\\\/\\\/yasminfood.ch\\\/de\\\/product\\\/lara-dosen-okra-400g-fertig-zum-kochen-okra\\\/\",\"url\":\"https:\\\/\\\/yasminfood.ch\\\/de\\\/product\\\/lara-dosen-okra-400g-fertig-zum-kochen-okra\\\/\",\"name\":\"Lara Dosen-Okra 400g \u2013 Fertig zum Kochen Okra - Yasmin Food\",\"isPartOf\":{\"@id\":\"https:\\\/\\\/yasminfood.ch\\\/de\\\/#website\"},\"primaryImageOfPage\":{\"@id\":\"https:\\\/\\\/yasminfood.ch\\\/de\\\/product\\\/lara-dosen-okra-400g-fertig-zum-kochen-okra\\\/#primaryimage\"},\"image\":{\"@id\":\"https:\\\/\\\/yasminfood.ch\\\/de\\\/product\\\/lara-dosen-okra-400g-fertig-zum-kochen-okra\\\/#primaryimage\"},\"thumbnailUrl\":\"https:\\\/\\\/yasminfood.ch\\\/wp-content\\\/uploads\\\/2026\\\/04\\\/\u0628\u0627\u0645\u064a\u0629-\u0645\u0639\u0644\u0628\u0629-\u0632\u062c\u0627\u062c-400\u063a-\u0644\u0627\u0631\u0627.1.png\",\"datePublished\":\"2026-04-23T17:30:45+00:00\",\"dateModified\":\"2026-04-23T17:43:58+00:00\",\"description\":\"Lara Dosen-Okra 400g \u2013 Fertig zum Kochen Okra ist eine praktische und schnelle Option, um die leckersten hausgemachten Gerichte zuzubereiten, ohne putzen oder schneiden zu m\u00fcssen.\",\"breadcrumb\":{\"@id\":\"https:\\\/\\\/yasminfood.ch\\\/de\\\/product\\\/lara-dosen-okra-400g-fertig-zum-kochen-okra\\\/#breadcrumb\"},\"inLanguage\":\"de\",\"potentialAction\":[{\"@type\":\"ReadAction\",\"target\":[\"https:\\\/\\\/yasminfood.ch\\\/de\\\/product\\\/lara-dosen-okra-400g-fertig-zum-kochen-okra\\\/\"]}]},{\"@type\":\"ImageObject\",\"inLanguage\":\"de\",\"@id\":\"https:\\\/\\\/yasminfood.ch\\\/de\\\/product\\\/lara-dosen-okra-400g-fertig-zum-kochen-okra\\\/#primaryimage\",\"url\":\"https:\\\/\\\/yasminfood.ch\\\/wp-content\\\/uploads\\\/2026\\\/04\\\/\u0628\u0627\u0645\u064a\u0629-\u0645\u0639\u0644\u0628\u0629-\u0632\u062c\u0627\u062c-400\u063a-\u0644\u0627\u0631\u0627.1.png\",\"contentUrl\":\"https:\\\/\\\/yasminfood.ch\\\/wp-content\\\/uploads\\\/2026\\\/04\\\/\u0628\u0627\u0645\u064a\u0629-\u0645\u0639\u0644\u0628\u0629-\u0632\u062c\u0627\u062c-400\u063a-\u0644\u0627\u0631\u0627.1.png\",\"width\":1080,\"height\":1080,\"caption\":\"Lara Dosen-Okra 400g \u2013 Fertig zum Kochen Okra\"},{\"@type\":\"BreadcrumbList\",\"@id\":\"https:\\\/\\\/yasminfood.ch\\\/de\\\/product\\\/lara-dosen-okra-400g-fertig-zum-kochen-okra\\\/#breadcrumb\",\"itemListElement\":[{\"@type\":\"ListItem\",\"position\":1,\"name\":\"\u0627\u0644\u0631\u0626\u064a\u0633\u064a\u0629\",\"item\":\"https:\\\/\\\/yasminfood.ch\\\/de\\\/zuhause\\\/\"},{\"@type\":\"ListItem\",\"position\":2,\"name\":\"Shop\",\"item\":\"https:\\\/\\\/yasminfood.ch\\\/de\\\/shop\\\/\"},{\"@type\":\"ListItem\",\"position\":3,\"name\":\"Konserven - Lebensmittel\",\"item\":\"https:\\\/\\\/yasminfood.ch\\\/de\\\/produkt-kategorie\\\/konserven-lebensmittel\\\/\"},{\"@type\":\"ListItem\",\"position\":4,\"name\":\"Lara Dosen-Okra 400g \u2013 Fertig zum Kochen Okra\"}]},{\"@type\":\"WebSite\",\"@id\":\"https:\\\/\\\/yasminfood.ch\\\/de\\\/#website\",\"url\":\"https:\\\/\\\/yasminfood.ch\\\/de\\\/\",\"name\":\"\u064a\u0627\u0633\u0645\u064a\u0646 \u0645\u0627\u0631\u0643\u062a\",\"description\":\"Alles, was Sie brauchen, an einem Ort\",\"publisher\":{\"@id\":\"https:\\\/\\\/yasminfood.ch\\\/de\\\/#organization\"},\"alternateName\":\"Yasmin Food\",\"potentialAction\":[{\"@type\":\"SearchAction\",\"target\":{\"@type\":\"EntryPoint\",\"urlTemplate\":\"https:\\\/\\\/yasminfood.ch\\\/de\\\/?s={search_term_string}\"},\"query-input\":{\"@type\":\"PropertyValueSpecification\",\"valueRequired\":true,\"valueName\":\"search_term_string\"}}],\"inLanguage\":\"de\"},{\"@type\":\"Organization\",\"@id\":\"https:\\\/\\\/yasminfood.ch\\\/de\\\/#organization\",\"name\":\"\u064a\u0627\u0633\u0645\u064a\u0646 \u0645\u0627\u0631\u0643\u062a\",\"alternateName\":\"Yasmin Food\",\"url\":\"https:\\\/\\\/yasminfood.ch\\\/de\\\/\",\"logo\":{\"@type\":\"ImageObject\",\"inLanguage\":\"de\",\"@id\":\"https:\\\/\\\/yasminfood.ch\\\/de\\\/#\\\/schema\\\/logo\\\/image\\\/\",\"url\":\"https:\\\/\\\/yasminfood.ch\\\/wp-content\\\/uploads\\\/2025\\\/05\\\/yasmin-food-header-logo.png\",\"contentUrl\":\"https:\\\/\\\/yasminfood.ch\\\/wp-content\\\/uploads\\\/2025\\\/05\\\/yasmin-food-header-logo.png\",\"width\":330,\"height\":120,\"caption\":\"\u064a\u0627\u0633\u0645\u064a\u0646 \u0645\u0627\u0631\u0643\u062a\"},\"image\":{\"@id\":\"https:\\\/\\\/yasminfood.ch\\\/de\\\/#\\\/schema\\\/logo\\\/image\\\/\"},\"sameAs\":[\"https:\\\/\\\/www.facebook.com\\\/yasminmarkt1\",\"https:\\\/\\\/www.tiktok.com\\\/@yasminmarkt\",\"https:\\\/\\\/www.instagram.com\\\/yasmin.markt1\\\/\",\"https:\\\/\\\/api.whatsapp.com\\\/send\\\/?phone=41799000104\"],\"publishingPrinciples\":\"https:\\\/\\\/yasminfood.ch\\\/de\\\/shop\\\/\",\"ownershipFundingInfo\":\"https:\\\/\\\/yasminfood.ch\\\/de\\\/shop\\\/\"}]}<\/script>\n<meta property=\"product:price:amount\" content=\"6.50\" \/>\n<meta property=\"product:price:currency\" content=\"CHF\" \/>\n<meta property=\"og:availability\" content=\"instock\" \/>\n<meta property=\"product:availability\" content=\"instock\" \/>\n<meta property=\"product:condition\" content=\"new\" \/>\n<!-- \/ Yoast SEO Premium plugin. -->","yoast_head_json":{"title":"Lara Dosen-Okra 400g \u2013 Fertig zum Kochen Okra - Yasmin Food","description":"Lara Dosen-Okra 400g \u2013 Fertig zum Kochen Okra ist eine praktische und schnelle Option, um die leckersten hausgemachten Gerichte zuzubereiten, ohne putzen oder schneiden zu m\u00fcssen.","robots":{"index":"index","follow":"follow","max-snippet":"max-snippet:-1","max-image-preview":"max-image-preview:large","max-video-preview":"max-video-preview:-1"},"canonical":"https:\/\/yasminfood.ch\/de\/product\/lara-dosen-okra-400g-fertig-zum-kochen-okra\/","og_locale":"de_DE","og_type":"article","og_title":"Lara Dosen-Okra 400g \u2013 Fertig zum Kochen Okra","og_description":"Es ist eine praktische und schnelle Option, um die leckersten hausgemachten Gerichte zuzubereiten, ohne sauber oder gehackt werden zu m\u00fcssen.  Die Okrak\u00f6rner werden sorgf\u00e4ltig ausgew\u00e4hlt, um ihre richtige Gr\u00f6\u00dfe und ihren frischen Geschmack zu erhalten, und dann gesund verpackt, um Qualit\u00e4t und Geschmack zu gew\u00e4hrleisten.","og_url":"https:\/\/yasminfood.ch\/de\/product\/lara-dosen-okra-400g-fertig-zum-kochen-okra\/","og_site_name":"Yasmin Food","article_publisher":"https:\/\/www.facebook.com\/yasminmarkt1","article_modified_time":"2026-04-23T17:43:58+00:00","og_image":[{"width":1080,"height":1080,"url":"https:\/\/yasminfood.ch\/wp-content\/uploads\/2026\/04\/\u0628\u0627\u0645\u064a\u0629-\u0645\u0639\u0644\u0628\u0629-\u0632\u062c\u0627\u062c-400\u063a-\u0644\u0627\u0631\u0627.1.png","type":"image\/png"}],"twitter_card":"summary_large_image","twitter_misc":{"Preis":"6.50&nbsp;&#67;&#72;&#70;","Verf\u00fcgbarkeit":"Auf Lager"},"schema":{"@context":"https:\/\/schema.org","@graph":[{"@type":"WebPage","@id":"https:\/\/yasminfood.ch\/de\/product\/lara-dosen-okra-400g-fertig-zum-kochen-okra\/","url":"https:\/\/yasminfood.ch\/de\/product\/lara-dosen-okra-400g-fertig-zum-kochen-okra\/","name":"Lara Dosen-Okra 400g \u2013 Fertig zum Kochen Okra - Yasmin Food","isPartOf":{"@id":"https:\/\/yasminfood.ch\/de\/#website"},"primaryImageOfPage":{"@id":"https:\/\/yasminfood.ch\/de\/product\/lara-dosen-okra-400g-fertig-zum-kochen-okra\/#primaryimage"},"image":{"@id":"https:\/\/yasminfood.ch\/de\/product\/lara-dosen-okra-400g-fertig-zum-kochen-okra\/#primaryimage"},"thumbnailUrl":"https:\/\/yasminfood.ch\/wp-content\/uploads\/2026\/04\/\u0628\u0627\u0645\u064a\u0629-\u0645\u0639\u0644\u0628\u0629-\u0632\u062c\u0627\u062c-400\u063a-\u0644\u0627\u0631\u0627.1.png","datePublished":"2026-04-23T17:30:45+00:00","dateModified":"2026-04-23T17:43:58+00:00","description":"Lara Dosen-Okra 400g \u2013 Fertig zum Kochen Okra ist eine praktische und schnelle Option, um die leckersten hausgemachten Gerichte zuzubereiten, ohne putzen oder schneiden zu m\u00fcssen.","breadcrumb":{"@id":"https:\/\/yasminfood.ch\/de\/product\/lara-dosen-okra-400g-fertig-zum-kochen-okra\/#breadcrumb"},"inLanguage":"de","potentialAction":[{"@type":"ReadAction","target":["https:\/\/yasminfood.ch\/de\/product\/lara-dosen-okra-400g-fertig-zum-kochen-okra\/"]}]},{"@type":"ImageObject","inLanguage":"de","@id":"https:\/\/yasminfood.ch\/de\/product\/lara-dosen-okra-400g-fertig-zum-kochen-okra\/#primaryimage","url":"https:\/\/yasminfood.ch\/wp-content\/uploads\/2026\/04\/\u0628\u0627\u0645\u064a\u0629-\u0645\u0639\u0644\u0628\u0629-\u0632\u062c\u0627\u062c-400\u063a-\u0644\u0627\u0631\u0627.1.png","contentUrl":"https:\/\/yasminfood.ch\/wp-content\/uploads\/2026\/04\/\u0628\u0627\u0645\u064a\u0629-\u0645\u0639\u0644\u0628\u0629-\u0632\u062c\u0627\u062c-400\u063a-\u0644\u0627\u0631\u0627.1.png","width":1080,"height":1080,"caption":"Lara Dosen-Okra 400g \u2013 Fertig zum Kochen Okra"},{"@type":"BreadcrumbList","@id":"https:\/\/yasminfood.ch\/de\/product\/lara-dosen-okra-400g-fertig-zum-kochen-okra\/#breadcrumb","itemListElement":[{"@type":"ListItem","position":1,"name":"\u0627\u0644\u0631\u0626\u064a\u0633\u064a\u0629","item":"https:\/\/yasminfood.ch\/de\/zuhause\/"},{"@type":"ListItem","position":2,"name":"Shop","item":"https:\/\/yasminfood.ch\/de\/shop\/"},{"@type":"ListItem","position":3,"name":"Konserven - Lebensmittel","item":"https:\/\/yasminfood.ch\/de\/produkt-kategorie\/konserven-lebensmittel\/"},{"@type":"ListItem","position":4,"name":"Lara Dosen-Okra 400g \u2013 Fertig zum Kochen Okra"}]},{"@type":"WebSite","@id":"https:\/\/yasminfood.ch\/de\/#website","url":"https:\/\/yasminfood.ch\/de\/","name":"\u064a\u0627\u0633\u0645\u064a\u0646 \u0645\u0627\u0631\u0643\u062a","description":"Alles, was Sie brauchen, an einem Ort","publisher":{"@id":"https:\/\/yasminfood.ch\/de\/#organization"},"alternateName":"Yasmin Food","potentialAction":[{"@type":"SearchAction","target":{"@type":"EntryPoint","urlTemplate":"https:\/\/yasminfood.ch\/de\/?s={search_term_string}"},"query-input":{"@type":"PropertyValueSpecification","valueRequired":true,"valueName":"search_term_string"}}],"inLanguage":"de"},{"@type":"Organization","@id":"https:\/\/yasminfood.ch\/de\/#organization","name":"\u064a\u0627\u0633\u0645\u064a\u0646 \u0645\u0627\u0631\u0643\u062a","alternateName":"Yasmin Food","url":"https:\/\/yasminfood.ch\/de\/","logo":{"@type":"ImageObject","inLanguage":"de","@id":"https:\/\/yasminfood.ch\/de\/#\/schema\/logo\/image\/","url":"https:\/\/yasminfood.ch\/wp-content\/uploads\/2025\/05\/yasmin-food-header-logo.png","contentUrl":"https:\/\/yasminfood.ch\/wp-content\/uploads\/2025\/05\/yasmin-food-header-logo.png","width":330,"height":120,"caption":"\u064a\u0627\u0633\u0645\u064a\u0646 \u0645\u0627\u0631\u0643\u062a"},"image":{"@id":"https:\/\/yasminfood.ch\/de\/#\/schema\/logo\/image\/"},"sameAs":["https:\/\/www.facebook.com\/yasminmarkt1","https:\/\/www.tiktok.com\/@yasminmarkt","https:\/\/www.instagram.com\/yasmin.markt1\/","https:\/\/api.whatsapp.com\/send\/?phone=41799000104"],"publishingPrinciples":"https:\/\/yasminfood.ch\/de\/shop\/","ownershipFundingInfo":"https:\/\/yasminfood.ch\/de\/shop\/"}]},"product_price_amount":"6.50","product_price_currency":"CHF","og_availability":"instock","product_availability":"instock","product_condition":"new"},"jetpack_sharing_enabled":true,"_links":{"self":[{"href":"https:\/\/yasminfood.ch\/de\/wp-json\/wp\/v2\/product\/122445","targetHints":{"allow":["GET"]}}],"collection":[{"href":"https:\/\/yasminfood.ch\/de\/wp-json\/wp\/v2\/product"}],"about":[{"href":"https:\/\/yasminfood.ch\/de\/wp-json\/wp\/v2\/types\/product"}],"replies":[{"embeddable":true,"href":"https:\/\/yasminfood.ch\/de\/wp-json\/wp\/v2\/comments?post=122445"}],"version-history":[{"count":1,"href":"https:\/\/yasminfood.ch\/de\/wp-json\/wp\/v2\/product\/122445\/revisions"}],"predecessor-version":[{"id":122454,"href":"https:\/\/yasminfood.ch\/de\/wp-json\/wp\/v2\/product\/122445\/revisions\/122454"}],"wp:featuredmedia":[{"embeddable":true,"href":"https:\/\/yasminfood.ch\/de\/wp-json\/wp\/v2\/media\/122448"}],"wp:attachment":[{"href":"https:\/\/yasminfood.ch\/de\/wp-json\/wp\/v2\/media?parent=122445"}],"wp:term":[{"taxonomy":"product_brand","embeddable":true,"href":"https:\/\/yasminfood.ch\/de\/wp-json\/wp\/v2\/product_brand?post=122445"},{"taxonomy":"product_cat","embeddable":true,"href":"https:\/\/yasminfood.ch\/de\/wp-json\/wp\/v2\/product_cat?post=122445"},{"taxonomy":"product_tag","embeddable":true,"href":"https:\/\/yasminfood.ch\/de\/wp-json\/wp\/v2\/product_tag?post=122445"}],"curies":[{"name":"wp","href":"https:\/\/api.w.org\/{rel}","templated":true}]}}