{"id":122462,"date":"2026-04-23T19:16:41","date_gmt":"2026-04-23T17:16:41","guid":{"rendered":"https:\/\/yasminfood.ch\/product\/othman-food-weissessig-500-ml\/"},"modified":"2026-04-23T19:44:08","modified_gmt":"2026-04-23T17:44:08","slug":"othman-food-weissessig-500-ml","status":"publish","type":"product","link":"https:\/\/yasminfood.ch\/de\/product\/othman-food-weissessig-500-ml\/","title":{"rendered":"Othman Food Wei\u00dfessig 500 ml"},"content":{"rendered":"<p><strong>Othman Food Wei\u00dfessig 500 ml<\/strong><\/p>\n<ul>\n<li data-start=\"107\" data-end=\"305\">Es ist ein hochwertiges Produkt, das sich durch seine Reinheit und seinen ausgewogenen Geschmack auszeichnet und somit in jeder K\u00fcche eine unverzichtbare Wahl ist. <\/li>\n<li data-start=\"107\" data-end=\"305\">Es wird bei der Zubereitung von Salaten, beim W\u00fcrzen von Speisen, beim Einlegen und beim Hinzuf\u00fcgen eines unverwechselbaren Geschmacks zu verschiedenen t\u00e4glichen Rezepten verwendet.  <\/li>\n<li data-start=\"107\" data-end=\"305\">Dieser Essig enth\u00e4lt eine reine Formel, die sich perfekt f\u00fcr Lebensmittel eignet, und kann dank der Reinigung auch im Haushalt verwendet werden <\/li>\n<li data-start=\"107\" data-end=\"305\">Seine wirksamen Eigenschaften. Geeignet f\u00fcr die Zubereitung von Essiggurken und das Konservieren von Lebensmitteln, ist es eine praktische und wirtschaftliche Erg\u00e4nzung zum t\u00e4glichen Gebrauch.  <\/li>\n<\/ul>\n<p data-start=\"514\" data-end=\"593\">Die 500-ml-Flasche ist einfach zu verwenden und zu lagern, wodurch die Qualit\u00e4t und Frische des Produkts lange erhalten bleiben. <\/p>\n","protected":false},"excerpt":{"rendered":"<p><strong>Othman Food Wei\u00dfessig 500 ml<\/strong><\/p>\n<ul>\n<li data-start=\"107\" data-end=\"305\">Ein hochwertiges Produkt, das sich durch Reinheit und ausgewogenen Geschmack auszeichnet und es zu einer unverzichtbaren Wahl in jeder K\u00fcche macht. <\/li>\n<li data-start=\"107\" data-end=\"305\">Es wird bei der Zubereitung von Salaten, beim W\u00fcrzen von Speisen, beim Einlegen und beim Hinzuf\u00fcgen eines unverwechselbaren Geschmacks zu verschiedenen t\u00e4glichen Rezepten verwendet.  <\/li>\n<\/ul>\n","protected":false},"featured_media":122463,"comment_status":"open","ping_status":"closed","template":"","meta":[],"product_brand":[],"product_cat":[374,367],"product_tag":[],"class_list":{"0":"post-122462","1":"product","2":"type-product","3":"status-publish","4":"has-post-thumbnail","6":"product_cat-essig","7":"product_cat-getraenke-fluessigkeiten","9":"first","10":"instock","11":"taxable","12":"shipping-taxable","13":"purchasable","14":"product-type-simple"},"yoast_head":"<!-- This site is optimized with the Yoast SEO Premium plugin v26.5 (Yoast SEO v27.5) - https:\/\/yoast.com\/product\/yoast-seo-premium-wordpress\/ -->\n<title>Othman Food Wei\u00dfessig 500 ml - Yasmin Food<\/title>\n<meta name=\"description\" content=\"wird bei der Zubereitung von Salaten, dem W\u00fcrzen von Speisen, dem Einlegen und der Verleihung eines besonderen Geschmacks verschiedener Alltagsrezepte verwendet. -\" \/>\n<meta name=\"robots\" content=\"index, follow, max-snippet:-1, max-image-preview:large, max-video-preview:-1\" \/>\n<link rel=\"canonical\" href=\"https:\/\/yasminfood.ch\/de\/product\/othman-food-weissessig-500-ml\/\" \/>\n<meta property=\"og:locale\" content=\"de_DE\" \/>\n<meta property=\"og:type\" content=\"article\" \/>\n<meta property=\"og:title\" content=\"Othman Food Wei\u00dfessig 500 ml\" \/>\n<meta property=\"og:description\" content=\"Othman Food Wei\u00dfessig 500 ml  Ein hochwertiges Produkt, das sich durch Reinheit und ausgewogenen Geschmack auszeichnet und es zu einer unverzichtbaren Wahl in jeder K\u00fcche macht.  Es wird bei der Zubereitung von Salaten, beim W\u00fcrzen von Speisen, beim Einlegen und beim Hinzuf\u00fcgen eines unverwechselbaren Geschmacks zu verschiedenen t\u00e4glichen Rezepten verwendet.\" \/>\n<meta property=\"og:url\" content=\"https:\/\/yasminfood.ch\/de\/product\/othman-food-weissessig-500-ml\/\" \/>\n<meta property=\"og:site_name\" content=\"Yasmin Food\" \/>\n<meta property=\"article:publisher\" content=\"https:\/\/www.facebook.com\/yasminmarkt1\" \/>\n<meta property=\"article:modified_time\" content=\"2026-04-23T17:44:08+00:00\" \/>\n<meta property=\"og:image\" content=\"https:\/\/yasminfood.ch\/wp-content\/uploads\/2026\/04\/\u062e\u0644-\u0627\u0628\u064a\u0636-500-\u0645\u0644-\u0639\u062b\u0645\u0627\u0646-\u0641\u0648\u062f.2.png\" \/>\n\t<meta property=\"og:image:width\" content=\"1080\" \/>\n\t<meta property=\"og:image:height\" content=\"1080\" \/>\n\t<meta property=\"og:image:type\" content=\"image\/png\" \/>\n<meta name=\"twitter:card\" content=\"summary_large_image\" \/>\n<meta name=\"twitter:label1\" content=\"Preis\" \/>\n\t<meta name=\"twitter:data1\" content=\"3.95&nbsp;&#067;&#072;&#070;\" \/>\n\t<meta name=\"twitter:label2\" content=\"Verf\u00fcgbarkeit\" \/>\n\t<meta name=\"twitter:data2\" content=\"Auf Lager\" \/>\n<script type=\"application\/ld+json\" class=\"yoast-schema-graph\">{\"@context\":\"https:\\\/\\\/schema.org\",\"@graph\":[{\"@type\":\"WebPage\",\"@id\":\"https:\\\/\\\/yasminfood.ch\\\/de\\\/product\\\/othman-food-weissessig-500-ml\\\/\",\"url\":\"https:\\\/\\\/yasminfood.ch\\\/de\\\/product\\\/othman-food-weissessig-500-ml\\\/\",\"name\":\"Othman Food Wei\u00dfessig 500 ml - Yasmin Food\",\"isPartOf\":{\"@id\":\"https:\\\/\\\/yasminfood.ch\\\/de\\\/#website\"},\"primaryImageOfPage\":{\"@id\":\"https:\\\/\\\/yasminfood.ch\\\/de\\\/product\\\/othman-food-weissessig-500-ml\\\/#primaryimage\"},\"image\":{\"@id\":\"https:\\\/\\\/yasminfood.ch\\\/de\\\/product\\\/othman-food-weissessig-500-ml\\\/#primaryimage\"},\"thumbnailUrl\":\"https:\\\/\\\/yasminfood.ch\\\/wp-content\\\/uploads\\\/2026\\\/04\\\/\u062e\u0644-\u0627\u0628\u064a\u0636-500-\u0645\u0644-\u0639\u062b\u0645\u0627\u0646-\u0641\u0648\u062f.2.png\",\"datePublished\":\"2026-04-23T17:16:41+00:00\",\"dateModified\":\"2026-04-23T17:44:08+00:00\",\"description\":\"wird bei der Zubereitung von Salaten, dem W\u00fcrzen von Speisen, dem Einlegen und der Verleihung eines besonderen Geschmacks verschiedener Alltagsrezepte verwendet. -\",\"breadcrumb\":{\"@id\":\"https:\\\/\\\/yasminfood.ch\\\/de\\\/product\\\/othman-food-weissessig-500-ml\\\/#breadcrumb\"},\"inLanguage\":\"de\",\"potentialAction\":[{\"@type\":\"ReadAction\",\"target\":[\"https:\\\/\\\/yasminfood.ch\\\/de\\\/product\\\/othman-food-weissessig-500-ml\\\/\"]}]},{\"@type\":\"ImageObject\",\"inLanguage\":\"de\",\"@id\":\"https:\\\/\\\/yasminfood.ch\\\/de\\\/product\\\/othman-food-weissessig-500-ml\\\/#primaryimage\",\"url\":\"https:\\\/\\\/yasminfood.ch\\\/wp-content\\\/uploads\\\/2026\\\/04\\\/\u062e\u0644-\u0627\u0628\u064a\u0636-500-\u0645\u0644-\u0639\u062b\u0645\u0627\u0646-\u0641\u0648\u062f.2.png\",\"contentUrl\":\"https:\\\/\\\/yasminfood.ch\\\/wp-content\\\/uploads\\\/2026\\\/04\\\/\u062e\u0644-\u0627\u0628\u064a\u0636-500-\u0645\u0644-\u0639\u062b\u0645\u0627\u0646-\u0641\u0648\u062f.2.png\",\"width\":1080,\"height\":1080,\"caption\":\"Othman Food Wei\u00dfessig 500 ml\"},{\"@type\":\"BreadcrumbList\",\"@id\":\"https:\\\/\\\/yasminfood.ch\\\/de\\\/product\\\/othman-food-weissessig-500-ml\\\/#breadcrumb\",\"itemListElement\":[{\"@type\":\"ListItem\",\"position\":1,\"name\":\"\u0627\u0644\u0631\u0626\u064a\u0633\u064a\u0629\",\"item\":\"https:\\\/\\\/yasminfood.ch\\\/de\\\/zuhause\\\/\"},{\"@type\":\"ListItem\",\"position\":2,\"name\":\"Shop\",\"item\":\"https:\\\/\\\/yasminfood.ch\\\/de\\\/shop\\\/\"},{\"@type\":\"ListItem\",\"position\":3,\"name\":\"Othman Food Wei\u00dfessig 500 ml\"}]},{\"@type\":\"WebSite\",\"@id\":\"https:\\\/\\\/yasminfood.ch\\\/de\\\/#website\",\"url\":\"https:\\\/\\\/yasminfood.ch\\\/de\\\/\",\"name\":\"\u064a\u0627\u0633\u0645\u064a\u0646 \u0645\u0627\u0631\u0643\u062a\",\"description\":\"Alles, was Sie brauchen, an einem Ort\",\"publisher\":{\"@id\":\"https:\\\/\\\/yasminfood.ch\\\/de\\\/#organization\"},\"alternateName\":\"Yasmin Food\",\"potentialAction\":[{\"@type\":\"SearchAction\",\"target\":{\"@type\":\"EntryPoint\",\"urlTemplate\":\"https:\\\/\\\/yasminfood.ch\\\/de\\\/?s={search_term_string}\"},\"query-input\":{\"@type\":\"PropertyValueSpecification\",\"valueRequired\":true,\"valueName\":\"search_term_string\"}}],\"inLanguage\":\"de\"},{\"@type\":\"Organization\",\"@id\":\"https:\\\/\\\/yasminfood.ch\\\/de\\\/#organization\",\"name\":\"\u064a\u0627\u0633\u0645\u064a\u0646 \u0645\u0627\u0631\u0643\u062a\",\"alternateName\":\"Yasmin Food\",\"url\":\"https:\\\/\\\/yasminfood.ch\\\/de\\\/\",\"logo\":{\"@type\":\"ImageObject\",\"inLanguage\":\"de\",\"@id\":\"https:\\\/\\\/yasminfood.ch\\\/de\\\/#\\\/schema\\\/logo\\\/image\\\/\",\"url\":\"https:\\\/\\\/yasminfood.ch\\\/wp-content\\\/uploads\\\/2025\\\/05\\\/yasmin-food-header-logo.png\",\"contentUrl\":\"https:\\\/\\\/yasminfood.ch\\\/wp-content\\\/uploads\\\/2025\\\/05\\\/yasmin-food-header-logo.png\",\"width\":330,\"height\":120,\"caption\":\"\u064a\u0627\u0633\u0645\u064a\u0646 \u0645\u0627\u0631\u0643\u062a\"},\"image\":{\"@id\":\"https:\\\/\\\/yasminfood.ch\\\/de\\\/#\\\/schema\\\/logo\\\/image\\\/\"},\"sameAs\":[\"https:\\\/\\\/www.facebook.com\\\/yasminmarkt1\",\"https:\\\/\\\/www.tiktok.com\\\/@yasminmarkt\",\"https:\\\/\\\/www.instagram.com\\\/yasmin.markt1\\\/\",\"https:\\\/\\\/api.whatsapp.com\\\/send\\\/?phone=41799000104\"],\"publishingPrinciples\":\"https:\\\/\\\/yasminfood.ch\\\/de\\\/shop\\\/\",\"ownershipFundingInfo\":\"https:\\\/\\\/yasminfood.ch\\\/de\\\/shop\\\/\"}]}<\/script>\n<meta property=\"product:price:amount\" content=\"3.95\" \/>\n<meta property=\"product:price:currency\" content=\"CHF\" \/>\n<meta property=\"og:availability\" content=\"instock\" \/>\n<meta property=\"product:availability\" content=\"instock\" \/>\n<meta property=\"product:condition\" content=\"new\" \/>\n<!-- \/ Yoast SEO Premium plugin. -->","yoast_head_json":{"title":"Othman Food Wei\u00dfessig 500 ml - Yasmin Food","description":"wird bei der Zubereitung von Salaten, dem W\u00fcrzen von Speisen, dem Einlegen und der Verleihung eines besonderen Geschmacks verschiedener Alltagsrezepte verwendet. -","robots":{"index":"index","follow":"follow","max-snippet":"max-snippet:-1","max-image-preview":"max-image-preview:large","max-video-preview":"max-video-preview:-1"},"canonical":"https:\/\/yasminfood.ch\/de\/product\/othman-food-weissessig-500-ml\/","og_locale":"de_DE","og_type":"article","og_title":"Othman Food Wei\u00dfessig 500 ml","og_description":"Othman Food Wei\u00dfessig 500 ml  Ein hochwertiges Produkt, das sich durch Reinheit und ausgewogenen Geschmack auszeichnet und es zu einer unverzichtbaren Wahl in jeder K\u00fcche macht.  Es wird bei der Zubereitung von Salaten, beim W\u00fcrzen von Speisen, beim Einlegen und beim Hinzuf\u00fcgen eines unverwechselbaren Geschmacks zu verschiedenen t\u00e4glichen Rezepten verwendet.","og_url":"https:\/\/yasminfood.ch\/de\/product\/othman-food-weissessig-500-ml\/","og_site_name":"Yasmin Food","article_publisher":"https:\/\/www.facebook.com\/yasminmarkt1","article_modified_time":"2026-04-23T17:44:08+00:00","og_image":[{"width":1080,"height":1080,"url":"https:\/\/yasminfood.ch\/wp-content\/uploads\/2026\/04\/\u062e\u0644-\u0627\u0628\u064a\u0636-500-\u0645\u0644-\u0639\u062b\u0645\u0627\u0646-\u0641\u0648\u062f.2.png","type":"image\/png"}],"twitter_card":"summary_large_image","twitter_misc":{"Preis":"3.95&nbsp;&#67;&#72;&#70;","Verf\u00fcgbarkeit":"Auf Lager"},"schema":{"@context":"https:\/\/schema.org","@graph":[{"@type":"WebPage","@id":"https:\/\/yasminfood.ch\/de\/product\/othman-food-weissessig-500-ml\/","url":"https:\/\/yasminfood.ch\/de\/product\/othman-food-weissessig-500-ml\/","name":"Othman Food Wei\u00dfessig 500 ml - Yasmin Food","isPartOf":{"@id":"https:\/\/yasminfood.ch\/de\/#website"},"primaryImageOfPage":{"@id":"https:\/\/yasminfood.ch\/de\/product\/othman-food-weissessig-500-ml\/#primaryimage"},"image":{"@id":"https:\/\/yasminfood.ch\/de\/product\/othman-food-weissessig-500-ml\/#primaryimage"},"thumbnailUrl":"https:\/\/yasminfood.ch\/wp-content\/uploads\/2026\/04\/\u062e\u0644-\u0627\u0628\u064a\u0636-500-\u0645\u0644-\u0639\u062b\u0645\u0627\u0646-\u0641\u0648\u062f.2.png","datePublished":"2026-04-23T17:16:41+00:00","dateModified":"2026-04-23T17:44:08+00:00","description":"wird bei der Zubereitung von Salaten, dem W\u00fcrzen von Speisen, dem Einlegen und der Verleihung eines besonderen Geschmacks verschiedener Alltagsrezepte verwendet. -","breadcrumb":{"@id":"https:\/\/yasminfood.ch\/de\/product\/othman-food-weissessig-500-ml\/#breadcrumb"},"inLanguage":"de","potentialAction":[{"@type":"ReadAction","target":["https:\/\/yasminfood.ch\/de\/product\/othman-food-weissessig-500-ml\/"]}]},{"@type":"ImageObject","inLanguage":"de","@id":"https:\/\/yasminfood.ch\/de\/product\/othman-food-weissessig-500-ml\/#primaryimage","url":"https:\/\/yasminfood.ch\/wp-content\/uploads\/2026\/04\/\u062e\u0644-\u0627\u0628\u064a\u0636-500-\u0645\u0644-\u0639\u062b\u0645\u0627\u0646-\u0641\u0648\u062f.2.png","contentUrl":"https:\/\/yasminfood.ch\/wp-content\/uploads\/2026\/04\/\u062e\u0644-\u0627\u0628\u064a\u0636-500-\u0645\u0644-\u0639\u062b\u0645\u0627\u0646-\u0641\u0648\u062f.2.png","width":1080,"height":1080,"caption":"Othman Food Wei\u00dfessig 500 ml"},{"@type":"BreadcrumbList","@id":"https:\/\/yasminfood.ch\/de\/product\/othman-food-weissessig-500-ml\/#breadcrumb","itemListElement":[{"@type":"ListItem","position":1,"name":"\u0627\u0644\u0631\u0626\u064a\u0633\u064a\u0629","item":"https:\/\/yasminfood.ch\/de\/zuhause\/"},{"@type":"ListItem","position":2,"name":"Shop","item":"https:\/\/yasminfood.ch\/de\/shop\/"},{"@type":"ListItem","position":3,"name":"Othman Food Wei\u00dfessig 500 ml"}]},{"@type":"WebSite","@id":"https:\/\/yasminfood.ch\/de\/#website","url":"https:\/\/yasminfood.ch\/de\/","name":"\u064a\u0627\u0633\u0645\u064a\u0646 \u0645\u0627\u0631\u0643\u062a","description":"Alles, was Sie brauchen, an einem Ort","publisher":{"@id":"https:\/\/yasminfood.ch\/de\/#organization"},"alternateName":"Yasmin Food","potentialAction":[{"@type":"SearchAction","target":{"@type":"EntryPoint","urlTemplate":"https:\/\/yasminfood.ch\/de\/?s={search_term_string}"},"query-input":{"@type":"PropertyValueSpecification","valueRequired":true,"valueName":"search_term_string"}}],"inLanguage":"de"},{"@type":"Organization","@id":"https:\/\/yasminfood.ch\/de\/#organization","name":"\u064a\u0627\u0633\u0645\u064a\u0646 \u0645\u0627\u0631\u0643\u062a","alternateName":"Yasmin Food","url":"https:\/\/yasminfood.ch\/de\/","logo":{"@type":"ImageObject","inLanguage":"de","@id":"https:\/\/yasminfood.ch\/de\/#\/schema\/logo\/image\/","url":"https:\/\/yasminfood.ch\/wp-content\/uploads\/2025\/05\/yasmin-food-header-logo.png","contentUrl":"https:\/\/yasminfood.ch\/wp-content\/uploads\/2025\/05\/yasmin-food-header-logo.png","width":330,"height":120,"caption":"\u064a\u0627\u0633\u0645\u064a\u0646 \u0645\u0627\u0631\u0643\u062a"},"image":{"@id":"https:\/\/yasminfood.ch\/de\/#\/schema\/logo\/image\/"},"sameAs":["https:\/\/www.facebook.com\/yasminmarkt1","https:\/\/www.tiktok.com\/@yasminmarkt","https:\/\/www.instagram.com\/yasmin.markt1\/","https:\/\/api.whatsapp.com\/send\/?phone=41799000104"],"publishingPrinciples":"https:\/\/yasminfood.ch\/de\/shop\/","ownershipFundingInfo":"https:\/\/yasminfood.ch\/de\/shop\/"}]},"product_price_amount":"3.95","product_price_currency":"CHF","og_availability":"instock","product_availability":"instock","product_condition":"new"},"jetpack_sharing_enabled":true,"_links":{"self":[{"href":"https:\/\/yasminfood.ch\/de\/wp-json\/wp\/v2\/product\/122462","targetHints":{"allow":["GET"]}}],"collection":[{"href":"https:\/\/yasminfood.ch\/de\/wp-json\/wp\/v2\/product"}],"about":[{"href":"https:\/\/yasminfood.ch\/de\/wp-json\/wp\/v2\/types\/product"}],"replies":[{"embeddable":true,"href":"https:\/\/yasminfood.ch\/de\/wp-json\/wp\/v2\/comments?post=122462"}],"version-history":[{"count":0,"href":"https:\/\/yasminfood.ch\/de\/wp-json\/wp\/v2\/product\/122462\/revisions"}],"wp:featuredmedia":[{"embeddable":true,"href":"https:\/\/yasminfood.ch\/de\/wp-json\/wp\/v2\/media\/122463"}],"wp:attachment":[{"href":"https:\/\/yasminfood.ch\/de\/wp-json\/wp\/v2\/media?parent=122462"}],"wp:term":[{"taxonomy":"product_brand","embeddable":true,"href":"https:\/\/yasminfood.ch\/de\/wp-json\/wp\/v2\/product_brand?post=122462"},{"taxonomy":"product_cat","embeddable":true,"href":"https:\/\/yasminfood.ch\/de\/wp-json\/wp\/v2\/product_cat?post=122462"},{"taxonomy":"product_tag","embeddable":true,"href":"https:\/\/yasminfood.ch\/de\/wp-json\/wp\/v2\/product_tag?post=122462"}],"curies":[{"name":"wp","href":"https:\/\/api.w.org\/{rel}","templated":true}]}}