{"id":122466,"date":"2026-04-23T19:06:56","date_gmt":"2026-04-23T17:06:56","guid":{"rendered":"https:\/\/yasminfood.ch\/product\/puffy-chips-mit-thymian-50g-mr-bilo\/"},"modified":"2026-04-23T19:44:11","modified_gmt":"2026-04-23T17:44:11","slug":"puffy-chips-mit-thymian-50g-mr-bilo","status":"publish","type":"product","link":"https:\/\/yasminfood.ch\/de\/product\/puffy-chips-mit-thymian-50g-mr-bilo\/","title":{"rendered":"Puffy Chips mit Thymian 50g \u2013 Mr. Bilo"},"content":{"rendered":"<p><strong>Puffy Chips mit Thymian 50g \u2013 Mr. Bilo <\/strong><\/p>\n<ul>\n<li data-start=\"23\" data-end=\"374\">Es ist eine ideale Wahl f\u00fcr Liebhaber knuspriger Snacks mit einem unverwechselbaren Geschmack.<\/li>\n<li data-start=\"23\" data-end=\"374\">Dieses Produkt zeichnet sich durch seine leichte Formel aus gepufftem Mais aus,<\/li>\n<li data-start=\"23\" data-end=\"374\">Mit einem reichhaltigen Thymiangeschmack, der Ihnen ein einzigartiges Geschmackserlebnis bietet, das Knusprigkeit mit k\u00f6stlichen orientalischen Gew\u00fcrzen verbindet.<\/li>\n<li data-start=\"23\" data-end=\"374\">Geeignet zum Verzehr zu jeder Zeit, sei es auf Reisen, beim Fernsehen oder als schneller Snack tags\u00fcber. <\/li>\n<\/ul>\n<p data-start=\"376\" data-end=\"535\">Buffy Chips gibt es in einer praktischen Gr\u00f6\u00dfe und sind leicht zu tragen, was sie sowohl f\u00fcr Kinder als auch f\u00fcr Erwachsene geeignet macht. Sie wird von hoher Qualit\u00e4t hergestellt, um jedes Mal einen frischen Geschmack und eine perfekte Textur zu gew\u00e4hrleisten.  <\/p>\n","protected":false},"excerpt":{"rendered":"<p><strong>Puffy Chips mit Thymian 50g \u2013 Mr. Bilo <\/strong><\/p>\n<ul>\n<li data-start=\"23\" data-end=\"374\">Es ist eine ideale Wahl f\u00fcr Liebhaber knuspriger Snacks mit einem unverwechselbaren Geschmack.<\/li>\n<li data-start=\"23\" data-end=\"374\">Dieses Produkt zeichnet sich durch seine leichte Formel aus gepufftem Mais aus,<\/li>\n<\/ul>\n","protected":false},"featured_media":122469,"comment_status":"open","ping_status":"closed","template":"","meta":[],"product_brand":[],"product_cat":[297,302],"product_tag":[2374],"class_list":{"0":"post-122466","1":"product","2":"type-product","3":"status-publish","4":"has-post-thumbnail","6":"product_cat-dessert-chips-2","7":"product_cat-kartoffelchips","8":"product_tag-thymian-chips","10":"first","11":"instock","12":"taxable","13":"shipping-taxable","14":"purchasable","15":"product-type-simple"},"yoast_head":"<!-- This site is optimized with the Yoast SEO Premium plugin v26.5 (Yoast SEO v27.5) - https:\/\/yoast.com\/product\/yoast-seo-premium-wordpress\/ -->\n<title>Puffy Chips mit Thymian 50g \u2013 Mr. Bilo - Yasmin Food<\/title>\n<meta name=\"description\" content=\"Puffy Chips mit Thymian 50g \u2013 Mr. Bilo ist eine ideale Wahl f\u00fcr Liebhaber von knusprigen Snacks mit einem unverwechselbaren Geschmack.\" \/>\n<meta name=\"robots\" content=\"index, follow, max-snippet:-1, max-image-preview:large, max-video-preview:-1\" \/>\n<link rel=\"canonical\" href=\"https:\/\/yasminfood.ch\/de\/product\/puffy-chips-mit-thymian-50g-mr-bilo\/\" \/>\n<meta property=\"og:locale\" content=\"de_DE\" \/>\n<meta property=\"og:type\" content=\"article\" \/>\n<meta property=\"og:title\" content=\"Puffy Chips mit Thymian 50g \u2013 Mr. Bilo\" \/>\n<meta property=\"og:description\" content=\"Puffy Chips mit Thymian 50g \u2013 Mr. Bilo   Es ist eine ideale Wahl f\u00fcr Liebhaber knuspriger Snacks mit einem unverwechselbaren Geschmack.  Dieses Produkt zeichnet sich durch seine leichte Formel aus gepufftem Mais aus,\" \/>\n<meta property=\"og:url\" content=\"https:\/\/yasminfood.ch\/de\/product\/puffy-chips-mit-thymian-50g-mr-bilo\/\" \/>\n<meta property=\"og:site_name\" content=\"Yasmin Food\" \/>\n<meta property=\"article:publisher\" content=\"https:\/\/www.facebook.com\/yasminmarkt1\" \/>\n<meta property=\"article:modified_time\" content=\"2026-04-23T17:44:11+00:00\" \/>\n<meta property=\"og:image\" content=\"https:\/\/yasminfood.ch\/wp-content\/uploads\/2026\/04\/\u0634\u064a\u0628\u0633-\u0628\u0627\u0641\u064a-\u0632\u0639\u062a\u0631-50-\u063a.png\" \/>\n\t<meta property=\"og:image:width\" content=\"1080\" \/>\n\t<meta property=\"og:image:height\" content=\"1080\" \/>\n\t<meta property=\"og:image:type\" content=\"image\/png\" \/>\n<meta name=\"twitter:card\" content=\"summary_large_image\" \/>\n<meta name=\"twitter:label1\" content=\"Preis\" \/>\n\t<meta name=\"twitter:data1\" content=\"1.75&nbsp;&#067;&#072;&#070;\" \/>\n\t<meta name=\"twitter:label2\" content=\"Verf\u00fcgbarkeit\" \/>\n\t<meta name=\"twitter:data2\" content=\"Auf Lager\" \/>\n<script type=\"application\/ld+json\" class=\"yoast-schema-graph\">{\"@context\":\"https:\\\/\\\/schema.org\",\"@graph\":[{\"@type\":\"WebPage\",\"@id\":\"https:\\\/\\\/yasminfood.ch\\\/de\\\/product\\\/puffy-chips-mit-thymian-50g-mr-bilo\\\/\",\"url\":\"https:\\\/\\\/yasminfood.ch\\\/de\\\/product\\\/puffy-chips-mit-thymian-50g-mr-bilo\\\/\",\"name\":\"Puffy Chips mit Thymian 50g \u2013 Mr. Bilo - Yasmin Food\",\"isPartOf\":{\"@id\":\"https:\\\/\\\/yasminfood.ch\\\/de\\\/#website\"},\"primaryImageOfPage\":{\"@id\":\"https:\\\/\\\/yasminfood.ch\\\/de\\\/product\\\/puffy-chips-mit-thymian-50g-mr-bilo\\\/#primaryimage\"},\"image\":{\"@id\":\"https:\\\/\\\/yasminfood.ch\\\/de\\\/product\\\/puffy-chips-mit-thymian-50g-mr-bilo\\\/#primaryimage\"},\"thumbnailUrl\":\"https:\\\/\\\/yasminfood.ch\\\/wp-content\\\/uploads\\\/2026\\\/04\\\/\u0634\u064a\u0628\u0633-\u0628\u0627\u0641\u064a-\u0632\u0639\u062a\u0631-50-\u063a.png\",\"datePublished\":\"2026-04-23T17:06:56+00:00\",\"dateModified\":\"2026-04-23T17:44:11+00:00\",\"description\":\"Puffy Chips mit Thymian 50g \u2013 Mr. Bilo ist eine ideale Wahl f\u00fcr Liebhaber von knusprigen Snacks mit einem unverwechselbaren Geschmack.\",\"breadcrumb\":{\"@id\":\"https:\\\/\\\/yasminfood.ch\\\/de\\\/product\\\/puffy-chips-mit-thymian-50g-mr-bilo\\\/#breadcrumb\"},\"inLanguage\":\"de\",\"potentialAction\":[{\"@type\":\"ReadAction\",\"target\":[\"https:\\\/\\\/yasminfood.ch\\\/de\\\/product\\\/puffy-chips-mit-thymian-50g-mr-bilo\\\/\"]}]},{\"@type\":\"ImageObject\",\"inLanguage\":\"de\",\"@id\":\"https:\\\/\\\/yasminfood.ch\\\/de\\\/product\\\/puffy-chips-mit-thymian-50g-mr-bilo\\\/#primaryimage\",\"url\":\"https:\\\/\\\/yasminfood.ch\\\/wp-content\\\/uploads\\\/2026\\\/04\\\/\u0634\u064a\u0628\u0633-\u0628\u0627\u0641\u064a-\u0632\u0639\u062a\u0631-50-\u063a.png\",\"contentUrl\":\"https:\\\/\\\/yasminfood.ch\\\/wp-content\\\/uploads\\\/2026\\\/04\\\/\u0634\u064a\u0628\u0633-\u0628\u0627\u0641\u064a-\u0632\u0639\u062a\u0631-50-\u063a.png\",\"width\":1080,\"height\":1080,\"caption\":\"Puffy Chips mit Thymian 50g \u2013 Mr. Bilo\"},{\"@type\":\"BreadcrumbList\",\"@id\":\"https:\\\/\\\/yasminfood.ch\\\/de\\\/product\\\/puffy-chips-mit-thymian-50g-mr-bilo\\\/#breadcrumb\",\"itemListElement\":[{\"@type\":\"ListItem\",\"position\":1,\"name\":\"\u0627\u0644\u0631\u0626\u064a\u0633\u064a\u0629\",\"item\":\"https:\\\/\\\/yasminfood.ch\\\/de\\\/zuhause\\\/\"},{\"@type\":\"ListItem\",\"position\":2,\"name\":\"Shop\",\"item\":\"https:\\\/\\\/yasminfood.ch\\\/de\\\/shop\\\/\"},{\"@type\":\"ListItem\",\"position\":3,\"name\":\"Puffy Chips mit Thymian 50g \u2013 Mr. Bilo\"}]},{\"@type\":\"WebSite\",\"@id\":\"https:\\\/\\\/yasminfood.ch\\\/de\\\/#website\",\"url\":\"https:\\\/\\\/yasminfood.ch\\\/de\\\/\",\"name\":\"\u064a\u0627\u0633\u0645\u064a\u0646 \u0645\u0627\u0631\u0643\u062a\",\"description\":\"Alles, was Sie brauchen, an einem Ort\",\"publisher\":{\"@id\":\"https:\\\/\\\/yasminfood.ch\\\/de\\\/#organization\"},\"alternateName\":\"Yasmin Food\",\"potentialAction\":[{\"@type\":\"SearchAction\",\"target\":{\"@type\":\"EntryPoint\",\"urlTemplate\":\"https:\\\/\\\/yasminfood.ch\\\/de\\\/?s={search_term_string}\"},\"query-input\":{\"@type\":\"PropertyValueSpecification\",\"valueRequired\":true,\"valueName\":\"search_term_string\"}}],\"inLanguage\":\"de\"},{\"@type\":\"Organization\",\"@id\":\"https:\\\/\\\/yasminfood.ch\\\/de\\\/#organization\",\"name\":\"\u064a\u0627\u0633\u0645\u064a\u0646 \u0645\u0627\u0631\u0643\u062a\",\"alternateName\":\"Yasmin Food\",\"url\":\"https:\\\/\\\/yasminfood.ch\\\/de\\\/\",\"logo\":{\"@type\":\"ImageObject\",\"inLanguage\":\"de\",\"@id\":\"https:\\\/\\\/yasminfood.ch\\\/de\\\/#\\\/schema\\\/logo\\\/image\\\/\",\"url\":\"https:\\\/\\\/yasminfood.ch\\\/wp-content\\\/uploads\\\/2025\\\/05\\\/yasmin-food-header-logo.png\",\"contentUrl\":\"https:\\\/\\\/yasminfood.ch\\\/wp-content\\\/uploads\\\/2025\\\/05\\\/yasmin-food-header-logo.png\",\"width\":330,\"height\":120,\"caption\":\"\u064a\u0627\u0633\u0645\u064a\u0646 \u0645\u0627\u0631\u0643\u062a\"},\"image\":{\"@id\":\"https:\\\/\\\/yasminfood.ch\\\/de\\\/#\\\/schema\\\/logo\\\/image\\\/\"},\"sameAs\":[\"https:\\\/\\\/www.facebook.com\\\/yasminmarkt1\",\"https:\\\/\\\/www.tiktok.com\\\/@yasminmarkt\",\"https:\\\/\\\/www.instagram.com\\\/yasmin.markt1\\\/\",\"https:\\\/\\\/api.whatsapp.com\\\/send\\\/?phone=41799000104\"],\"publishingPrinciples\":\"https:\\\/\\\/yasminfood.ch\\\/de\\\/shop\\\/\",\"ownershipFundingInfo\":\"https:\\\/\\\/yasminfood.ch\\\/de\\\/shop\\\/\"}]}<\/script>\n<meta property=\"product:price:amount\" content=\"1.75\" \/>\n<meta property=\"product:price:currency\" content=\"CHF\" \/>\n<meta property=\"og:availability\" content=\"instock\" \/>\n<meta property=\"product:availability\" content=\"instock\" \/>\n<meta property=\"product:condition\" content=\"new\" \/>\n<!-- \/ Yoast SEO Premium plugin. -->","yoast_head_json":{"title":"Puffy Chips mit Thymian 50g \u2013 Mr. Bilo - Yasmin Food","description":"Puffy Chips mit Thymian 50g \u2013 Mr. Bilo ist eine ideale Wahl f\u00fcr Liebhaber von knusprigen Snacks mit einem unverwechselbaren Geschmack.","robots":{"index":"index","follow":"follow","max-snippet":"max-snippet:-1","max-image-preview":"max-image-preview:large","max-video-preview":"max-video-preview:-1"},"canonical":"https:\/\/yasminfood.ch\/de\/product\/puffy-chips-mit-thymian-50g-mr-bilo\/","og_locale":"de_DE","og_type":"article","og_title":"Puffy Chips mit Thymian 50g \u2013 Mr. Bilo","og_description":"Puffy Chips mit Thymian 50g \u2013 Mr. Bilo   Es ist eine ideale Wahl f\u00fcr Liebhaber knuspriger Snacks mit einem unverwechselbaren Geschmack.  Dieses Produkt zeichnet sich durch seine leichte Formel aus gepufftem Mais aus,","og_url":"https:\/\/yasminfood.ch\/de\/product\/puffy-chips-mit-thymian-50g-mr-bilo\/","og_site_name":"Yasmin Food","article_publisher":"https:\/\/www.facebook.com\/yasminmarkt1","article_modified_time":"2026-04-23T17:44:11+00:00","og_image":[{"width":1080,"height":1080,"url":"https:\/\/yasminfood.ch\/wp-content\/uploads\/2026\/04\/\u0634\u064a\u0628\u0633-\u0628\u0627\u0641\u064a-\u0632\u0639\u062a\u0631-50-\u063a.png","type":"image\/png"}],"twitter_card":"summary_large_image","twitter_misc":{"Preis":"1.75&nbsp;&#67;&#72;&#70;","Verf\u00fcgbarkeit":"Auf Lager"},"schema":{"@context":"https:\/\/schema.org","@graph":[{"@type":"WebPage","@id":"https:\/\/yasminfood.ch\/de\/product\/puffy-chips-mit-thymian-50g-mr-bilo\/","url":"https:\/\/yasminfood.ch\/de\/product\/puffy-chips-mit-thymian-50g-mr-bilo\/","name":"Puffy Chips mit Thymian 50g \u2013 Mr. Bilo - Yasmin Food","isPartOf":{"@id":"https:\/\/yasminfood.ch\/de\/#website"},"primaryImageOfPage":{"@id":"https:\/\/yasminfood.ch\/de\/product\/puffy-chips-mit-thymian-50g-mr-bilo\/#primaryimage"},"image":{"@id":"https:\/\/yasminfood.ch\/de\/product\/puffy-chips-mit-thymian-50g-mr-bilo\/#primaryimage"},"thumbnailUrl":"https:\/\/yasminfood.ch\/wp-content\/uploads\/2026\/04\/\u0634\u064a\u0628\u0633-\u0628\u0627\u0641\u064a-\u0632\u0639\u062a\u0631-50-\u063a.png","datePublished":"2026-04-23T17:06:56+00:00","dateModified":"2026-04-23T17:44:11+00:00","description":"Puffy Chips mit Thymian 50g \u2013 Mr. Bilo ist eine ideale Wahl f\u00fcr Liebhaber von knusprigen Snacks mit einem unverwechselbaren Geschmack.","breadcrumb":{"@id":"https:\/\/yasminfood.ch\/de\/product\/puffy-chips-mit-thymian-50g-mr-bilo\/#breadcrumb"},"inLanguage":"de","potentialAction":[{"@type":"ReadAction","target":["https:\/\/yasminfood.ch\/de\/product\/puffy-chips-mit-thymian-50g-mr-bilo\/"]}]},{"@type":"ImageObject","inLanguage":"de","@id":"https:\/\/yasminfood.ch\/de\/product\/puffy-chips-mit-thymian-50g-mr-bilo\/#primaryimage","url":"https:\/\/yasminfood.ch\/wp-content\/uploads\/2026\/04\/\u0634\u064a\u0628\u0633-\u0628\u0627\u0641\u064a-\u0632\u0639\u062a\u0631-50-\u063a.png","contentUrl":"https:\/\/yasminfood.ch\/wp-content\/uploads\/2026\/04\/\u0634\u064a\u0628\u0633-\u0628\u0627\u0641\u064a-\u0632\u0639\u062a\u0631-50-\u063a.png","width":1080,"height":1080,"caption":"Puffy Chips mit Thymian 50g \u2013 Mr. Bilo"},{"@type":"BreadcrumbList","@id":"https:\/\/yasminfood.ch\/de\/product\/puffy-chips-mit-thymian-50g-mr-bilo\/#breadcrumb","itemListElement":[{"@type":"ListItem","position":1,"name":"\u0627\u0644\u0631\u0626\u064a\u0633\u064a\u0629","item":"https:\/\/yasminfood.ch\/de\/zuhause\/"},{"@type":"ListItem","position":2,"name":"Shop","item":"https:\/\/yasminfood.ch\/de\/shop\/"},{"@type":"ListItem","position":3,"name":"Puffy Chips mit Thymian 50g \u2013 Mr. Bilo"}]},{"@type":"WebSite","@id":"https:\/\/yasminfood.ch\/de\/#website","url":"https:\/\/yasminfood.ch\/de\/","name":"\u064a\u0627\u0633\u0645\u064a\u0646 \u0645\u0627\u0631\u0643\u062a","description":"Alles, was Sie brauchen, an einem Ort","publisher":{"@id":"https:\/\/yasminfood.ch\/de\/#organization"},"alternateName":"Yasmin Food","potentialAction":[{"@type":"SearchAction","target":{"@type":"EntryPoint","urlTemplate":"https:\/\/yasminfood.ch\/de\/?s={search_term_string}"},"query-input":{"@type":"PropertyValueSpecification","valueRequired":true,"valueName":"search_term_string"}}],"inLanguage":"de"},{"@type":"Organization","@id":"https:\/\/yasminfood.ch\/de\/#organization","name":"\u064a\u0627\u0633\u0645\u064a\u0646 \u0645\u0627\u0631\u0643\u062a","alternateName":"Yasmin Food","url":"https:\/\/yasminfood.ch\/de\/","logo":{"@type":"ImageObject","inLanguage":"de","@id":"https:\/\/yasminfood.ch\/de\/#\/schema\/logo\/image\/","url":"https:\/\/yasminfood.ch\/wp-content\/uploads\/2025\/05\/yasmin-food-header-logo.png","contentUrl":"https:\/\/yasminfood.ch\/wp-content\/uploads\/2025\/05\/yasmin-food-header-logo.png","width":330,"height":120,"caption":"\u064a\u0627\u0633\u0645\u064a\u0646 \u0645\u0627\u0631\u0643\u062a"},"image":{"@id":"https:\/\/yasminfood.ch\/de\/#\/schema\/logo\/image\/"},"sameAs":["https:\/\/www.facebook.com\/yasminmarkt1","https:\/\/www.tiktok.com\/@yasminmarkt","https:\/\/www.instagram.com\/yasmin.markt1\/","https:\/\/api.whatsapp.com\/send\/?phone=41799000104"],"publishingPrinciples":"https:\/\/yasminfood.ch\/de\/shop\/","ownershipFundingInfo":"https:\/\/yasminfood.ch\/de\/shop\/"}]},"product_price_amount":"1.75","product_price_currency":"CHF","og_availability":"instock","product_availability":"instock","product_condition":"new"},"jetpack_sharing_enabled":true,"_links":{"self":[{"href":"https:\/\/yasminfood.ch\/de\/wp-json\/wp\/v2\/product\/122466","targetHints":{"allow":["GET"]}}],"collection":[{"href":"https:\/\/yasminfood.ch\/de\/wp-json\/wp\/v2\/product"}],"about":[{"href":"https:\/\/yasminfood.ch\/de\/wp-json\/wp\/v2\/types\/product"}],"replies":[{"embeddable":true,"href":"https:\/\/yasminfood.ch\/de\/wp-json\/wp\/v2\/comments?post=122466"}],"version-history":[{"count":0,"href":"https:\/\/yasminfood.ch\/de\/wp-json\/wp\/v2\/product\/122466\/revisions"}],"wp:featuredmedia":[{"embeddable":true,"href":"https:\/\/yasminfood.ch\/de\/wp-json\/wp\/v2\/media\/122469"}],"wp:attachment":[{"href":"https:\/\/yasminfood.ch\/de\/wp-json\/wp\/v2\/media?parent=122466"}],"wp:term":[{"taxonomy":"product_brand","embeddable":true,"href":"https:\/\/yasminfood.ch\/de\/wp-json\/wp\/v2\/product_brand?post=122466"},{"taxonomy":"product_cat","embeddable":true,"href":"https:\/\/yasminfood.ch\/de\/wp-json\/wp\/v2\/product_cat?post=122466"},{"taxonomy":"product_tag","embeddable":true,"href":"https:\/\/yasminfood.ch\/de\/wp-json\/wp\/v2\/product_tag?post=122466"}],"curies":[{"name":"wp","href":"https:\/\/api.w.org\/{rel}","templated":true}]}}