{"id":122481,"date":"2026-04-23T19:42:09","date_gmt":"2026-04-23T17:42:09","guid":{"rendered":"https:\/\/yasminfood.ch\/product\/gruene-oliven-1-kg-rosmarin\/"},"modified":"2026-04-23T19:44:19","modified_gmt":"2026-04-23T17:44:19","slug":"gruene-oliven-1-kg-rosmarin","status":"publish","type":"product","link":"https:\/\/yasminfood.ch\/de\/product\/gruene-oliven-1-kg-rosmarin\/","title":{"rendered":"Gr\u00fcne Oliven 1 kg Rosmarin"},"content":{"rendered":"<p><strong>Gr\u00fcne Oliven 1 kg Rosmarin<\/strong><\/p>\n<ul>\n<li data-start=\"107\" data-end=\"338\">Es ist eine ideale Wahl f\u00fcr Liebhaber authentischer Aromen, da die Oliven sorgf\u00e4ltig ausgew\u00e4hlt werden, um die richtige Gr\u00f6\u00dfe und einen ausgewogenen Geschmack zu gew\u00e4hrleisten. <\/li>\n<li data-start=\"107\" data-end=\"338\">Er wird auf traditionelle Weise eingelegt, wodurch sein nat\u00fcrlicher Geschmack und die weiche Textur erhalten bleiben und mit jeder Bohne ein einzigartiges Erlebnis entstehen. <\/li>\n<li data-start=\"107\" data-end=\"338\">Diese Oliven eignen sich hervorragend als Vorspeise am Tisch oder zusammen mit Fr\u00fchst\u00fcck und Abendessen. <\/li>\n<li data-start=\"107\" data-end=\"338\">Es kann auch zu Salaten und Sandwiches hinzugef\u00fcgt werden, um einen reichen und unverwechselbaren Geschmack zu erzeugen. Er hat einen k\u00f6stlichen Geschmack und einen N\u00e4hrwert und ist daher eine beliebte Wahl in der arabischen und mediterranen K\u00fcche.  <\/li>\n<\/ul>\n<p data-start=\"584\" data-end=\"704\">Er wird in einer 1-kg-Glasflasche geliefert, perfekt f\u00fcr Familien- oder Gastgewerbegebrauch, und so verpackt, dass Qualit\u00e4t und Frische lange erhalten bleiben.  <\/p>\n","protected":false},"excerpt":{"rendered":"<p><strong>Gr\u00fcne Oliven 1 kg Rosmarin<\/strong><\/p>\n<ul>\n<li data-start=\"107\" data-end=\"338\">Es ist eine ideale Wahl f\u00fcr Liebhaber authentischer Aromen, da die Oliven sorgf\u00e4ltig ausgew\u00e4hlt werden, um die richtige Gr\u00f6\u00dfe und einen ausgewogenen Geschmack zu gew\u00e4hrleisten. <\/li>\n<li data-start=\"107\" data-end=\"338\">Er wird auf traditionelle Weise eingelegt, wodurch sein nat\u00fcrlicher Geschmack und die weiche Textur erhalten bleiben und mit jeder Bohne ein einzigartiges Erlebnis entstehen. <\/li>\n<\/ul>\n","protected":false},"featured_media":122482,"comment_status":"open","ping_status":"closed","template":"","meta":[],"product_brand":[],"product_cat":[245,253],"product_tag":[],"class_list":{"0":"post-122481","1":"product","2":"type-product","3":"status-publish","4":"has-post-thumbnail","6":"product_cat-konserven-lebensmittel","7":"product_cat-oliven","9":"first","10":"instock","11":"taxable","12":"shipping-taxable","13":"purchasable","14":"product-type-simple"},"yoast_head":"<!-- This site is optimized with the Yoast SEO Premium plugin v26.5 (Yoast SEO v27.5) - https:\/\/yoast.com\/product\/yoast-seo-premium-wordpress\/ -->\n<title>Gr\u00fcne Oliven 1 kg Rosmarin - Yasmin Food<\/title>\n<meta name=\"description\" content=\"Gr\u00fcne Oliven 1 kg Rosmarin wird auf traditionelle Weise eingelegt, wobei ihr nat\u00fcrlicher Geschmack und die weiche Textur erhalten bleiben und mit jedem K\u00f6rnkorn ein einzigartiges Erlebnis erhalten.\" \/>\n<meta name=\"robots\" content=\"index, follow, max-snippet:-1, max-image-preview:large, max-video-preview:-1\" \/>\n<link rel=\"canonical\" href=\"https:\/\/yasminfood.ch\/de\/product\/gruene-oliven-1-kg-rosmarin\/\" \/>\n<meta property=\"og:locale\" content=\"de_DE\" \/>\n<meta property=\"og:type\" content=\"article\" \/>\n<meta property=\"og:title\" content=\"Gr\u00fcne Oliven 1 kg Rosmarin\" \/>\n<meta property=\"og:description\" content=\"Gr\u00fcne Oliven 1 kg Rosmarin  Es ist eine ideale Wahl f\u00fcr Liebhaber authentischer Aromen, da die Oliven sorgf\u00e4ltig ausgew\u00e4hlt werden, um die richtige Gr\u00f6\u00dfe und einen ausgewogenen Geschmack zu gew\u00e4hrleisten.  Er wird auf traditionelle Weise eingelegt, wodurch sein nat\u00fcrlicher Geschmack und die weiche Textur erhalten bleiben und mit jeder Bohne ein einzigartiges Erlebnis entstehen.\" \/>\n<meta property=\"og:url\" content=\"https:\/\/yasminfood.ch\/de\/product\/gruene-oliven-1-kg-rosmarin\/\" \/>\n<meta property=\"og:site_name\" content=\"Yasmin Food\" \/>\n<meta property=\"article:publisher\" content=\"https:\/\/www.facebook.com\/yasminmarkt1\" \/>\n<meta property=\"article:modified_time\" content=\"2026-04-23T17:44:19+00:00\" \/>\n<meta property=\"og:image\" content=\"https:\/\/yasminfood.ch\/wp-content\/uploads\/2026\/04\/\u0632\u064a\u062a\u0648\u0646-\u0627\u062e\u0636\u0631-1-\u0643\u063a-\u0627\u0643\u0644\u064a\u0644-\u0627\u0644\u062c\u0628\u0644.2.png\" \/>\n\t<meta property=\"og:image:width\" content=\"1080\" \/>\n\t<meta property=\"og:image:height\" content=\"1080\" \/>\n\t<meta property=\"og:image:type\" content=\"image\/png\" \/>\n<meta name=\"twitter:card\" content=\"summary_large_image\" \/>\n<meta name=\"twitter:label1\" content=\"Preis\" \/>\n\t<meta name=\"twitter:data1\" content=\"7.95&nbsp;&#067;&#072;&#070;\" \/>\n\t<meta name=\"twitter:label2\" content=\"Verf\u00fcgbarkeit\" \/>\n\t<meta name=\"twitter:data2\" content=\"Auf Lager\" \/>\n<script type=\"application\/ld+json\" class=\"yoast-schema-graph\">{\"@context\":\"https:\\\/\\\/schema.org\",\"@graph\":[{\"@type\":\"WebPage\",\"@id\":\"https:\\\/\\\/yasminfood.ch\\\/de\\\/product\\\/gruene-oliven-1-kg-rosmarin\\\/\",\"url\":\"https:\\\/\\\/yasminfood.ch\\\/de\\\/product\\\/gruene-oliven-1-kg-rosmarin\\\/\",\"name\":\"Gr\u00fcne Oliven 1 kg Rosmarin - Yasmin Food\",\"isPartOf\":{\"@id\":\"https:\\\/\\\/yasminfood.ch\\\/de\\\/#website\"},\"primaryImageOfPage\":{\"@id\":\"https:\\\/\\\/yasminfood.ch\\\/de\\\/product\\\/gruene-oliven-1-kg-rosmarin\\\/#primaryimage\"},\"image\":{\"@id\":\"https:\\\/\\\/yasminfood.ch\\\/de\\\/product\\\/gruene-oliven-1-kg-rosmarin\\\/#primaryimage\"},\"thumbnailUrl\":\"https:\\\/\\\/yasminfood.ch\\\/wp-content\\\/uploads\\\/2026\\\/04\\\/\u0632\u064a\u062a\u0648\u0646-\u0627\u062e\u0636\u0631-1-\u0643\u063a-\u0627\u0643\u0644\u064a\u0644-\u0627\u0644\u062c\u0628\u0644.2.png\",\"datePublished\":\"2026-04-23T17:42:09+00:00\",\"dateModified\":\"2026-04-23T17:44:19+00:00\",\"description\":\"Gr\u00fcne Oliven 1 kg Rosmarin wird auf traditionelle Weise eingelegt, wobei ihr nat\u00fcrlicher Geschmack und die weiche Textur erhalten bleiben und mit jedem K\u00f6rnkorn ein einzigartiges Erlebnis erhalten.\",\"breadcrumb\":{\"@id\":\"https:\\\/\\\/yasminfood.ch\\\/de\\\/product\\\/gruene-oliven-1-kg-rosmarin\\\/#breadcrumb\"},\"inLanguage\":\"de\",\"potentialAction\":[{\"@type\":\"ReadAction\",\"target\":[\"https:\\\/\\\/yasminfood.ch\\\/de\\\/product\\\/gruene-oliven-1-kg-rosmarin\\\/\"]}]},{\"@type\":\"ImageObject\",\"inLanguage\":\"de\",\"@id\":\"https:\\\/\\\/yasminfood.ch\\\/de\\\/product\\\/gruene-oliven-1-kg-rosmarin\\\/#primaryimage\",\"url\":\"https:\\\/\\\/yasminfood.ch\\\/wp-content\\\/uploads\\\/2026\\\/04\\\/\u0632\u064a\u062a\u0648\u0646-\u0627\u062e\u0636\u0631-1-\u0643\u063a-\u0627\u0643\u0644\u064a\u0644-\u0627\u0644\u062c\u0628\u0644.2.png\",\"contentUrl\":\"https:\\\/\\\/yasminfood.ch\\\/wp-content\\\/uploads\\\/2026\\\/04\\\/\u0632\u064a\u062a\u0648\u0646-\u0627\u062e\u0636\u0631-1-\u0643\u063a-\u0627\u0643\u0644\u064a\u0644-\u0627\u0644\u062c\u0628\u0644.2.png\",\"width\":1080,\"height\":1080,\"caption\":\"Gr\u00fcne Oliven 1 kg Rosmarin\"},{\"@type\":\"BreadcrumbList\",\"@id\":\"https:\\\/\\\/yasminfood.ch\\\/de\\\/product\\\/gruene-oliven-1-kg-rosmarin\\\/#breadcrumb\",\"itemListElement\":[{\"@type\":\"ListItem\",\"position\":1,\"name\":\"\u0627\u0644\u0631\u0626\u064a\u0633\u064a\u0629\",\"item\":\"https:\\\/\\\/yasminfood.ch\\\/de\\\/zuhause\\\/\"},{\"@type\":\"ListItem\",\"position\":2,\"name\":\"Shop\",\"item\":\"https:\\\/\\\/yasminfood.ch\\\/de\\\/shop\\\/\"},{\"@type\":\"ListItem\",\"position\":3,\"name\":\"Gr\u00fcne Oliven 1 kg Rosmarin\"}]},{\"@type\":\"WebSite\",\"@id\":\"https:\\\/\\\/yasminfood.ch\\\/de\\\/#website\",\"url\":\"https:\\\/\\\/yasminfood.ch\\\/de\\\/\",\"name\":\"\u064a\u0627\u0633\u0645\u064a\u0646 \u0645\u0627\u0631\u0643\u062a\",\"description\":\"Alles, was Sie brauchen, an einem Ort\",\"publisher\":{\"@id\":\"https:\\\/\\\/yasminfood.ch\\\/de\\\/#organization\"},\"alternateName\":\"Yasmin Food\",\"potentialAction\":[{\"@type\":\"SearchAction\",\"target\":{\"@type\":\"EntryPoint\",\"urlTemplate\":\"https:\\\/\\\/yasminfood.ch\\\/de\\\/?s={search_term_string}\"},\"query-input\":{\"@type\":\"PropertyValueSpecification\",\"valueRequired\":true,\"valueName\":\"search_term_string\"}}],\"inLanguage\":\"de\"},{\"@type\":\"Organization\",\"@id\":\"https:\\\/\\\/yasminfood.ch\\\/de\\\/#organization\",\"name\":\"\u064a\u0627\u0633\u0645\u064a\u0646 \u0645\u0627\u0631\u0643\u062a\",\"alternateName\":\"Yasmin Food\",\"url\":\"https:\\\/\\\/yasminfood.ch\\\/de\\\/\",\"logo\":{\"@type\":\"ImageObject\",\"inLanguage\":\"de\",\"@id\":\"https:\\\/\\\/yasminfood.ch\\\/de\\\/#\\\/schema\\\/logo\\\/image\\\/\",\"url\":\"https:\\\/\\\/yasminfood.ch\\\/wp-content\\\/uploads\\\/2025\\\/05\\\/yasmin-food-header-logo.png\",\"contentUrl\":\"https:\\\/\\\/yasminfood.ch\\\/wp-content\\\/uploads\\\/2025\\\/05\\\/yasmin-food-header-logo.png\",\"width\":330,\"height\":120,\"caption\":\"\u064a\u0627\u0633\u0645\u064a\u0646 \u0645\u0627\u0631\u0643\u062a\"},\"image\":{\"@id\":\"https:\\\/\\\/yasminfood.ch\\\/de\\\/#\\\/schema\\\/logo\\\/image\\\/\"},\"sameAs\":[\"https:\\\/\\\/www.facebook.com\\\/yasminmarkt1\",\"https:\\\/\\\/www.tiktok.com\\\/@yasminmarkt\",\"https:\\\/\\\/www.instagram.com\\\/yasmin.markt1\\\/\",\"https:\\\/\\\/api.whatsapp.com\\\/send\\\/?phone=41799000104\"],\"publishingPrinciples\":\"https:\\\/\\\/yasminfood.ch\\\/de\\\/shop\\\/\",\"ownershipFundingInfo\":\"https:\\\/\\\/yasminfood.ch\\\/de\\\/shop\\\/\"}]}<\/script>\n<meta property=\"product:price:amount\" content=\"7.95\" \/>\n<meta property=\"product:price:currency\" content=\"CHF\" \/>\n<meta property=\"og:availability\" content=\"instock\" \/>\n<meta property=\"product:availability\" content=\"instock\" \/>\n<meta property=\"product:condition\" content=\"new\" \/>\n<!-- \/ Yoast SEO Premium plugin. -->","yoast_head_json":{"title":"Gr\u00fcne Oliven 1 kg Rosmarin - Yasmin Food","description":"Gr\u00fcne Oliven 1 kg Rosmarin wird auf traditionelle Weise eingelegt, wobei ihr nat\u00fcrlicher Geschmack und die weiche Textur erhalten bleiben und mit jedem K\u00f6rnkorn ein einzigartiges Erlebnis erhalten.","robots":{"index":"index","follow":"follow","max-snippet":"max-snippet:-1","max-image-preview":"max-image-preview:large","max-video-preview":"max-video-preview:-1"},"canonical":"https:\/\/yasminfood.ch\/de\/product\/gruene-oliven-1-kg-rosmarin\/","og_locale":"de_DE","og_type":"article","og_title":"Gr\u00fcne Oliven 1 kg Rosmarin","og_description":"Gr\u00fcne Oliven 1 kg Rosmarin  Es ist eine ideale Wahl f\u00fcr Liebhaber authentischer Aromen, da die Oliven sorgf\u00e4ltig ausgew\u00e4hlt werden, um die richtige Gr\u00f6\u00dfe und einen ausgewogenen Geschmack zu gew\u00e4hrleisten.  Er wird auf traditionelle Weise eingelegt, wodurch sein nat\u00fcrlicher Geschmack und die weiche Textur erhalten bleiben und mit jeder Bohne ein einzigartiges Erlebnis entstehen.","og_url":"https:\/\/yasminfood.ch\/de\/product\/gruene-oliven-1-kg-rosmarin\/","og_site_name":"Yasmin Food","article_publisher":"https:\/\/www.facebook.com\/yasminmarkt1","article_modified_time":"2026-04-23T17:44:19+00:00","og_image":[{"width":1080,"height":1080,"url":"https:\/\/yasminfood.ch\/wp-content\/uploads\/2026\/04\/\u0632\u064a\u062a\u0648\u0646-\u0627\u062e\u0636\u0631-1-\u0643\u063a-\u0627\u0643\u0644\u064a\u0644-\u0627\u0644\u062c\u0628\u0644.2.png","type":"image\/png"}],"twitter_card":"summary_large_image","twitter_misc":{"Preis":"7.95&nbsp;&#67;&#72;&#70;","Verf\u00fcgbarkeit":"Auf Lager"},"schema":{"@context":"https:\/\/schema.org","@graph":[{"@type":"WebPage","@id":"https:\/\/yasminfood.ch\/de\/product\/gruene-oliven-1-kg-rosmarin\/","url":"https:\/\/yasminfood.ch\/de\/product\/gruene-oliven-1-kg-rosmarin\/","name":"Gr\u00fcne Oliven 1 kg Rosmarin - Yasmin Food","isPartOf":{"@id":"https:\/\/yasminfood.ch\/de\/#website"},"primaryImageOfPage":{"@id":"https:\/\/yasminfood.ch\/de\/product\/gruene-oliven-1-kg-rosmarin\/#primaryimage"},"image":{"@id":"https:\/\/yasminfood.ch\/de\/product\/gruene-oliven-1-kg-rosmarin\/#primaryimage"},"thumbnailUrl":"https:\/\/yasminfood.ch\/wp-content\/uploads\/2026\/04\/\u0632\u064a\u062a\u0648\u0646-\u0627\u062e\u0636\u0631-1-\u0643\u063a-\u0627\u0643\u0644\u064a\u0644-\u0627\u0644\u062c\u0628\u0644.2.png","datePublished":"2026-04-23T17:42:09+00:00","dateModified":"2026-04-23T17:44:19+00:00","description":"Gr\u00fcne Oliven 1 kg Rosmarin wird auf traditionelle Weise eingelegt, wobei ihr nat\u00fcrlicher Geschmack und die weiche Textur erhalten bleiben und mit jedem K\u00f6rnkorn ein einzigartiges Erlebnis erhalten.","breadcrumb":{"@id":"https:\/\/yasminfood.ch\/de\/product\/gruene-oliven-1-kg-rosmarin\/#breadcrumb"},"inLanguage":"de","potentialAction":[{"@type":"ReadAction","target":["https:\/\/yasminfood.ch\/de\/product\/gruene-oliven-1-kg-rosmarin\/"]}]},{"@type":"ImageObject","inLanguage":"de","@id":"https:\/\/yasminfood.ch\/de\/product\/gruene-oliven-1-kg-rosmarin\/#primaryimage","url":"https:\/\/yasminfood.ch\/wp-content\/uploads\/2026\/04\/\u0632\u064a\u062a\u0648\u0646-\u0627\u062e\u0636\u0631-1-\u0643\u063a-\u0627\u0643\u0644\u064a\u0644-\u0627\u0644\u062c\u0628\u0644.2.png","contentUrl":"https:\/\/yasminfood.ch\/wp-content\/uploads\/2026\/04\/\u0632\u064a\u062a\u0648\u0646-\u0627\u062e\u0636\u0631-1-\u0643\u063a-\u0627\u0643\u0644\u064a\u0644-\u0627\u0644\u062c\u0628\u0644.2.png","width":1080,"height":1080,"caption":"Gr\u00fcne Oliven 1 kg Rosmarin"},{"@type":"BreadcrumbList","@id":"https:\/\/yasminfood.ch\/de\/product\/gruene-oliven-1-kg-rosmarin\/#breadcrumb","itemListElement":[{"@type":"ListItem","position":1,"name":"\u0627\u0644\u0631\u0626\u064a\u0633\u064a\u0629","item":"https:\/\/yasminfood.ch\/de\/zuhause\/"},{"@type":"ListItem","position":2,"name":"Shop","item":"https:\/\/yasminfood.ch\/de\/shop\/"},{"@type":"ListItem","position":3,"name":"Gr\u00fcne Oliven 1 kg Rosmarin"}]},{"@type":"WebSite","@id":"https:\/\/yasminfood.ch\/de\/#website","url":"https:\/\/yasminfood.ch\/de\/","name":"\u064a\u0627\u0633\u0645\u064a\u0646 \u0645\u0627\u0631\u0643\u062a","description":"Alles, was Sie brauchen, an einem Ort","publisher":{"@id":"https:\/\/yasminfood.ch\/de\/#organization"},"alternateName":"Yasmin Food","potentialAction":[{"@type":"SearchAction","target":{"@type":"EntryPoint","urlTemplate":"https:\/\/yasminfood.ch\/de\/?s={search_term_string}"},"query-input":{"@type":"PropertyValueSpecification","valueRequired":true,"valueName":"search_term_string"}}],"inLanguage":"de"},{"@type":"Organization","@id":"https:\/\/yasminfood.ch\/de\/#organization","name":"\u064a\u0627\u0633\u0645\u064a\u0646 \u0645\u0627\u0631\u0643\u062a","alternateName":"Yasmin Food","url":"https:\/\/yasminfood.ch\/de\/","logo":{"@type":"ImageObject","inLanguage":"de","@id":"https:\/\/yasminfood.ch\/de\/#\/schema\/logo\/image\/","url":"https:\/\/yasminfood.ch\/wp-content\/uploads\/2025\/05\/yasmin-food-header-logo.png","contentUrl":"https:\/\/yasminfood.ch\/wp-content\/uploads\/2025\/05\/yasmin-food-header-logo.png","width":330,"height":120,"caption":"\u064a\u0627\u0633\u0645\u064a\u0646 \u0645\u0627\u0631\u0643\u062a"},"image":{"@id":"https:\/\/yasminfood.ch\/de\/#\/schema\/logo\/image\/"},"sameAs":["https:\/\/www.facebook.com\/yasminmarkt1","https:\/\/www.tiktok.com\/@yasminmarkt","https:\/\/www.instagram.com\/yasmin.markt1\/","https:\/\/api.whatsapp.com\/send\/?phone=41799000104"],"publishingPrinciples":"https:\/\/yasminfood.ch\/de\/shop\/","ownershipFundingInfo":"https:\/\/yasminfood.ch\/de\/shop\/"}]},"product_price_amount":"7.95","product_price_currency":"CHF","og_availability":"instock","product_availability":"instock","product_condition":"new"},"jetpack_sharing_enabled":true,"_links":{"self":[{"href":"https:\/\/yasminfood.ch\/de\/wp-json\/wp\/v2\/product\/122481","targetHints":{"allow":["GET"]}}],"collection":[{"href":"https:\/\/yasminfood.ch\/de\/wp-json\/wp\/v2\/product"}],"about":[{"href":"https:\/\/yasminfood.ch\/de\/wp-json\/wp\/v2\/types\/product"}],"replies":[{"embeddable":true,"href":"https:\/\/yasminfood.ch\/de\/wp-json\/wp\/v2\/comments?post=122481"}],"version-history":[{"count":0,"href":"https:\/\/yasminfood.ch\/de\/wp-json\/wp\/v2\/product\/122481\/revisions"}],"wp:featuredmedia":[{"embeddable":true,"href":"https:\/\/yasminfood.ch\/de\/wp-json\/wp\/v2\/media\/122482"}],"wp:attachment":[{"href":"https:\/\/yasminfood.ch\/de\/wp-json\/wp\/v2\/media?parent=122481"}],"wp:term":[{"taxonomy":"product_brand","embeddable":true,"href":"https:\/\/yasminfood.ch\/de\/wp-json\/wp\/v2\/product_brand?post=122481"},{"taxonomy":"product_cat","embeddable":true,"href":"https:\/\/yasminfood.ch\/de\/wp-json\/wp\/v2\/product_cat?post=122481"},{"taxonomy":"product_tag","embeddable":true,"href":"https:\/\/yasminfood.ch\/de\/wp-json\/wp\/v2\/product_tag?post=122481"}],"curies":[{"name":"wp","href":"https:\/\/api.w.org\/{rel}","templated":true}]}}