{"id":122550,"date":"2026-05-05T11:05:23","date_gmt":"2026-05-05T09:05:23","guid":{"rendered":"https:\/\/yasminfood.ch\/product\/durra-orchideenpulver-200g\/"},"modified":"2026-05-05T11:06:33","modified_gmt":"2026-05-05T09:06:33","slug":"durra-orchideenpulver-200g","status":"publish","type":"product","link":"https:\/\/yasminfood.ch\/de\/product\/durra-orchideenpulver-200g\/","title":{"rendered":"Durra Orchideenpulver 200g"},"content":{"rendered":"<p><strong>Durra Orchideenpulver 200g <span class=\"hover:entity-accent entity-underline inline cursor-pointer align-baseline\"><span class=\"whitespace-normal\"><\/span><\/span><\/strong><\/p>\n<ul>\n<li data-start=\"0\" data-end=\"251\">  Ein traditionelles Orchideengetr\u00e4nk mit einem reichen Geschmack und einer charakteristischen cremigen Textur. Er wird sorgf\u00e4ltig hergestellt, um Ihnen einen authentischen Geschmack zu verleihen, der von der orientalischen K\u00fcche inspiriert ist. <\/li>\n<li data-start=\"0\" data-end=\"251\">Es ist eine gro\u00dfartige Option, um im Winter ein warmes Getr\u00e4nk zu genie\u00dfen.<\/li>\n<li data-start=\"0\" data-end=\"251\">Durra-Orchidee ist leicht zuzubereiten, da sie ausreicht, um sie mit Milch zu mischen und zu erhitzen, um eine dicke und k\u00f6stliche Textur zu erhalten. <\/li>\n<li data-start=\"0\" data-end=\"251\">Er kann mit Bel\u00e4gen wie Zimt, Kokosnuss oder Pistazien serviert werden, um einen luxuri\u00f6sen Geschmack zu erzielen.  <\/li>\n<\/ul>\n<p data-start=\"426\" data-end=\"444\"><strong data-start=\"426\" data-end=\"444\">Produktmerkmale:<\/strong><\/p>\n<ul data-start=\"445\" data-end=\"555\">\n<li data-section-id=\"73anps\" data-start=\"445\" data-end=\"477\">Hochwertiger und authentischer traditioneller Geschmack<\/li>\n<li data-section-id=\"1g81qox\" data-start=\"478\" data-end=\"496\">Reichhaltige, cremige Textur<\/li>\n<li data-section-id=\"7ghhns\" data-start=\"497\" data-end=\"518\">Einfach und schnell zuzubereiten<\/li>\n<li data-section-id=\"l1mt0w\" data-start=\"519\" data-end=\"555\">Geeignet f\u00fcr den Heimgebrauch und Caf\u00e9s<\/li>\n<\/ul>\n<p data-start=\"557\" data-end=\"695\"><strong data-start=\"557\" data-end=\"575\">Anleitung:<\/strong><br \/>\nMische eine passende Menge Orchideenpulver mit kalter Milch und erhitze dann mit st\u00e4ndigem R\u00fchren, bis das Siede ist und die gew\u00fcnschte Konsistenz erreicht ist. <\/p>\n","protected":false},"excerpt":{"rendered":"<p><strong>Durra Orchideenpulver 200g <span class=\"hover:entity-accent entity-underline inline cursor-pointer align-baseline\"><span class=\"whitespace-normal\"><\/span><\/span><\/strong><\/p>\n<ul>\n<li data-start=\"0\" data-end=\"251\">  Ein traditionelles Orchideengetr\u00e4nk mit einem reichen Geschmack und einer charakteristischen cremigen Textur. Er wird sorgf\u00e4ltig hergestellt, um Ihnen einen authentischen Geschmack zu verleihen, der von der orientalischen K\u00fcche inspiriert ist. <\/li>\n<li data-start=\"0\" data-end=\"251\">Es ist eine gro\u00dfartige Option, um im Winter ein warmes Getr\u00e4nk zu genie\u00dfen.<\/li>\n<\/ul>\n","protected":false},"featured_media":122552,"comment_status":"open","ping_status":"closed","template":"","meta":[],"product_brand":[],"product_cat":[367,373,385],"product_tag":[2402,2403],"class_list":{"0":"post-122550","1":"product","2":"type-product","3":"status-publish","4":"has-post-thumbnail","6":"product_cat-getraenke-fluessigkeiten","7":"product_cat-milch","8":"product_cat-puddingpulver","9":"product_tag-orchidee","10":"product_tag-warm","12":"first","13":"instock","14":"taxable","15":"shipping-taxable","16":"purchasable","17":"product-type-simple"},"yoast_head":"<!-- This site is optimized with the Yoast SEO Premium plugin v26.5 (Yoast SEO v27.6) - https:\/\/yoast.com\/product\/yoast-seo-premium-wordpress\/ -->\n<title>Durra Orchideenpulver 200g - Yasmin Food<\/title>\n<meta name=\"description\" content=\"Traditionelles Orchideengetr\u00e4nk mit einem reichen Geschmack und einer charakteristischen cremigen Textur. Er wird sorgf\u00e4ltig hergestellt, um Ihnen einen authentischen Geschmack zu verleihen, der von der orientalischen K\u00fcche inspiriert ist.\" \/>\n<meta name=\"robots\" content=\"index, follow, max-snippet:-1, max-image-preview:large, max-video-preview:-1\" \/>\n<link rel=\"canonical\" href=\"https:\/\/yasminfood.ch\/de\/product\/durra-orchideenpulver-200g\/\" \/>\n<meta property=\"og:locale\" content=\"de_DE\" \/>\n<meta property=\"og:type\" content=\"article\" \/>\n<meta property=\"og:title\" content=\"Durra Orchideenpulver 200g\" \/>\n<meta property=\"og:description\" content=\"Durra Orchideenpulver 200g    Ein traditionelles Orchideengetr\u00e4nk mit einem reichen Geschmack und einer charakteristischen cremigen Textur. Er wird sorgf\u00e4ltig hergestellt, um Ihnen einen authentischen Geschmack zu verleihen, der von der orientalischen K\u00fcche inspiriert ist.  Es ist eine gro\u00dfartige Option, um im Winter ein warmes Getr\u00e4nk zu genie\u00dfen.\" \/>\n<meta property=\"og:url\" content=\"https:\/\/yasminfood.ch\/de\/product\/durra-orchideenpulver-200g\/\" \/>\n<meta property=\"og:site_name\" content=\"Yasmin Food\" \/>\n<meta property=\"article:publisher\" content=\"https:\/\/www.facebook.com\/yasminmarkt1\" \/>\n<meta property=\"article:modified_time\" content=\"2026-05-05T09:06:33+00:00\" \/>\n<meta property=\"og:image\" content=\"https:\/\/yasminfood.ch\/wp-content\/uploads\/2026\/05\/\u0645\u0633\u062d\u0648\u0642-\u0627\u0644\u0633\u062d\u0644\u0628-200\u063a-\u062f\u0631\u0629.png\" \/>\n\t<meta property=\"og:image:width\" content=\"1080\" \/>\n\t<meta property=\"og:image:height\" content=\"1080\" \/>\n\t<meta property=\"og:image:type\" content=\"image\/png\" \/>\n<meta name=\"twitter:card\" content=\"summary_large_image\" \/>\n<meta name=\"twitter:label1\" content=\"Preis\" \/>\n\t<meta name=\"twitter:data1\" content=\"5.95&nbsp;&#067;&#072;&#070;\" \/>\n\t<meta name=\"twitter:label2\" content=\"Verf\u00fcgbarkeit\" \/>\n\t<meta name=\"twitter:data2\" content=\"Auf Lager\" \/>\n<script type=\"application\/ld+json\" class=\"yoast-schema-graph\">{\"@context\":\"https:\\\/\\\/schema.org\",\"@graph\":[{\"@type\":\"WebPage\",\"@id\":\"https:\\\/\\\/yasminfood.ch\\\/de\\\/product\\\/durra-orchideenpulver-200g\\\/\",\"url\":\"https:\\\/\\\/yasminfood.ch\\\/de\\\/product\\\/durra-orchideenpulver-200g\\\/\",\"name\":\"Durra Orchideenpulver 200g - Yasmin Food\",\"isPartOf\":{\"@id\":\"https:\\\/\\\/yasminfood.ch\\\/de\\\/#website\"},\"primaryImageOfPage\":{\"@id\":\"https:\\\/\\\/yasminfood.ch\\\/de\\\/product\\\/durra-orchideenpulver-200g\\\/#primaryimage\"},\"image\":{\"@id\":\"https:\\\/\\\/yasminfood.ch\\\/de\\\/product\\\/durra-orchideenpulver-200g\\\/#primaryimage\"},\"thumbnailUrl\":\"https:\\\/\\\/yasminfood.ch\\\/wp-content\\\/uploads\\\/2026\\\/05\\\/\u0645\u0633\u062d\u0648\u0642-\u0627\u0644\u0633\u062d\u0644\u0628-200\u063a-\u062f\u0631\u0629.png\",\"datePublished\":\"2026-05-05T09:05:23+00:00\",\"dateModified\":\"2026-05-05T09:06:33+00:00\",\"description\":\"Traditionelles Orchideengetr\u00e4nk mit einem reichen Geschmack und einer charakteristischen cremigen Textur. Er wird sorgf\u00e4ltig hergestellt, um Ihnen einen authentischen Geschmack zu verleihen, der von der orientalischen K\u00fcche inspiriert ist.\",\"breadcrumb\":{\"@id\":\"https:\\\/\\\/yasminfood.ch\\\/de\\\/product\\\/durra-orchideenpulver-200g\\\/#breadcrumb\"},\"inLanguage\":\"de\",\"potentialAction\":[{\"@type\":\"ReadAction\",\"target\":[\"https:\\\/\\\/yasminfood.ch\\\/de\\\/product\\\/durra-orchideenpulver-200g\\\/\"]}]},{\"@type\":\"ImageObject\",\"inLanguage\":\"de\",\"@id\":\"https:\\\/\\\/yasminfood.ch\\\/de\\\/product\\\/durra-orchideenpulver-200g\\\/#primaryimage\",\"url\":\"https:\\\/\\\/yasminfood.ch\\\/wp-content\\\/uploads\\\/2026\\\/05\\\/\u0645\u0633\u062d\u0648\u0642-\u0627\u0644\u0633\u062d\u0644\u0628-200\u063a-\u062f\u0631\u0629.png\",\"contentUrl\":\"https:\\\/\\\/yasminfood.ch\\\/wp-content\\\/uploads\\\/2026\\\/05\\\/\u0645\u0633\u062d\u0648\u0642-\u0627\u0644\u0633\u062d\u0644\u0628-200\u063a-\u062f\u0631\u0629.png\",\"width\":1080,\"height\":1080,\"caption\":\"Durra Orchideenpulver 200g\"},{\"@type\":\"BreadcrumbList\",\"@id\":\"https:\\\/\\\/yasminfood.ch\\\/de\\\/product\\\/durra-orchideenpulver-200g\\\/#breadcrumb\",\"itemListElement\":[{\"@type\":\"ListItem\",\"position\":1,\"name\":\"\u0627\u0644\u0631\u0626\u064a\u0633\u064a\u0629\",\"item\":\"https:\\\/\\\/yasminfood.ch\\\/de\\\/zuhause\\\/\"},{\"@type\":\"ListItem\",\"position\":2,\"name\":\"Shop\",\"item\":\"https:\\\/\\\/yasminfood.ch\\\/de\\\/shop\\\/\"},{\"@type\":\"ListItem\",\"position\":3,\"name\":\"Getr\u00e4nke &amp; Fl\u00fcssigkeiten\",\"item\":\"https:\\\/\\\/yasminfood.ch\\\/de\\\/produkt-kategorie\\\/getraenke-fluessigkeiten\\\/\"},{\"@type\":\"ListItem\",\"position\":4,\"name\":\"Durra Orchideenpulver 200g\"}]},{\"@type\":\"WebSite\",\"@id\":\"https:\\\/\\\/yasminfood.ch\\\/de\\\/#website\",\"url\":\"https:\\\/\\\/yasminfood.ch\\\/de\\\/\",\"name\":\"\u064a\u0627\u0633\u0645\u064a\u0646 \u0645\u0627\u0631\u0643\u062a\",\"description\":\"Alles, was Sie brauchen, an einem Ort\",\"publisher\":{\"@id\":\"https:\\\/\\\/yasminfood.ch\\\/de\\\/#organization\"},\"alternateName\":\"Yasmin Food\",\"potentialAction\":[{\"@type\":\"SearchAction\",\"target\":{\"@type\":\"EntryPoint\",\"urlTemplate\":\"https:\\\/\\\/yasminfood.ch\\\/de\\\/?s={search_term_string}\"},\"query-input\":{\"@type\":\"PropertyValueSpecification\",\"valueRequired\":true,\"valueName\":\"search_term_string\"}}],\"inLanguage\":\"de\"},{\"@type\":\"Organization\",\"@id\":\"https:\\\/\\\/yasminfood.ch\\\/de\\\/#organization\",\"name\":\"\u064a\u0627\u0633\u0645\u064a\u0646 \u0645\u0627\u0631\u0643\u062a\",\"alternateName\":\"Yasmin Food\",\"url\":\"https:\\\/\\\/yasminfood.ch\\\/de\\\/\",\"logo\":{\"@type\":\"ImageObject\",\"inLanguage\":\"de\",\"@id\":\"https:\\\/\\\/yasminfood.ch\\\/de\\\/#\\\/schema\\\/logo\\\/image\\\/\",\"url\":\"https:\\\/\\\/yasminfood.ch\\\/wp-content\\\/uploads\\\/2025\\\/05\\\/yasmin-food-header-logo.png\",\"contentUrl\":\"https:\\\/\\\/yasminfood.ch\\\/wp-content\\\/uploads\\\/2025\\\/05\\\/yasmin-food-header-logo.png\",\"width\":330,\"height\":120,\"caption\":\"\u064a\u0627\u0633\u0645\u064a\u0646 \u0645\u0627\u0631\u0643\u062a\"},\"image\":{\"@id\":\"https:\\\/\\\/yasminfood.ch\\\/de\\\/#\\\/schema\\\/logo\\\/image\\\/\"},\"sameAs\":[\"https:\\\/\\\/www.facebook.com\\\/yasminmarkt1\",\"https:\\\/\\\/www.tiktok.com\\\/@yasminmarkt\",\"https:\\\/\\\/www.instagram.com\\\/yasmin.markt1\\\/\",\"https:\\\/\\\/api.whatsapp.com\\\/send\\\/?phone=41799000104\"],\"publishingPrinciples\":\"https:\\\/\\\/yasminfood.ch\\\/de\\\/shop\\\/\",\"ownershipFundingInfo\":\"https:\\\/\\\/yasminfood.ch\\\/de\\\/shop\\\/\"}]}<\/script>\n<meta property=\"product:price:amount\" content=\"5.95\" \/>\n<meta property=\"product:price:currency\" content=\"CHF\" \/>\n<meta property=\"og:availability\" content=\"instock\" \/>\n<meta property=\"product:availability\" content=\"instock\" \/>\n<meta property=\"product:condition\" content=\"new\" \/>\n<!-- \/ Yoast SEO Premium plugin. -->","yoast_head_json":{"title":"Durra Orchideenpulver 200g - Yasmin Food","description":"Traditionelles Orchideengetr\u00e4nk mit einem reichen Geschmack und einer charakteristischen cremigen Textur. Er wird sorgf\u00e4ltig hergestellt, um Ihnen einen authentischen Geschmack zu verleihen, der von der orientalischen K\u00fcche inspiriert ist.","robots":{"index":"index","follow":"follow","max-snippet":"max-snippet:-1","max-image-preview":"max-image-preview:large","max-video-preview":"max-video-preview:-1"},"canonical":"https:\/\/yasminfood.ch\/de\/product\/durra-orchideenpulver-200g\/","og_locale":"de_DE","og_type":"article","og_title":"Durra Orchideenpulver 200g","og_description":"Durra Orchideenpulver 200g    Ein traditionelles Orchideengetr\u00e4nk mit einem reichen Geschmack und einer charakteristischen cremigen Textur. Er wird sorgf\u00e4ltig hergestellt, um Ihnen einen authentischen Geschmack zu verleihen, der von der orientalischen K\u00fcche inspiriert ist.  Es ist eine gro\u00dfartige Option, um im Winter ein warmes Getr\u00e4nk zu genie\u00dfen.","og_url":"https:\/\/yasminfood.ch\/de\/product\/durra-orchideenpulver-200g\/","og_site_name":"Yasmin Food","article_publisher":"https:\/\/www.facebook.com\/yasminmarkt1","article_modified_time":"2026-05-05T09:06:33+00:00","og_image":[{"width":1080,"height":1080,"url":"https:\/\/yasminfood.ch\/wp-content\/uploads\/2026\/05\/\u0645\u0633\u062d\u0648\u0642-\u0627\u0644\u0633\u062d\u0644\u0628-200\u063a-\u062f\u0631\u0629.png","type":"image\/png"}],"twitter_card":"summary_large_image","twitter_misc":{"Preis":"5.95&nbsp;&#67;&#72;&#70;","Verf\u00fcgbarkeit":"Auf Lager"},"schema":{"@context":"https:\/\/schema.org","@graph":[{"@type":"WebPage","@id":"https:\/\/yasminfood.ch\/de\/product\/durra-orchideenpulver-200g\/","url":"https:\/\/yasminfood.ch\/de\/product\/durra-orchideenpulver-200g\/","name":"Durra Orchideenpulver 200g - Yasmin Food","isPartOf":{"@id":"https:\/\/yasminfood.ch\/de\/#website"},"primaryImageOfPage":{"@id":"https:\/\/yasminfood.ch\/de\/product\/durra-orchideenpulver-200g\/#primaryimage"},"image":{"@id":"https:\/\/yasminfood.ch\/de\/product\/durra-orchideenpulver-200g\/#primaryimage"},"thumbnailUrl":"https:\/\/yasminfood.ch\/wp-content\/uploads\/2026\/05\/\u0645\u0633\u062d\u0648\u0642-\u0627\u0644\u0633\u062d\u0644\u0628-200\u063a-\u062f\u0631\u0629.png","datePublished":"2026-05-05T09:05:23+00:00","dateModified":"2026-05-05T09:06:33+00:00","description":"Traditionelles Orchideengetr\u00e4nk mit einem reichen Geschmack und einer charakteristischen cremigen Textur. Er wird sorgf\u00e4ltig hergestellt, um Ihnen einen authentischen Geschmack zu verleihen, der von der orientalischen K\u00fcche inspiriert ist.","breadcrumb":{"@id":"https:\/\/yasminfood.ch\/de\/product\/durra-orchideenpulver-200g\/#breadcrumb"},"inLanguage":"de","potentialAction":[{"@type":"ReadAction","target":["https:\/\/yasminfood.ch\/de\/product\/durra-orchideenpulver-200g\/"]}]},{"@type":"ImageObject","inLanguage":"de","@id":"https:\/\/yasminfood.ch\/de\/product\/durra-orchideenpulver-200g\/#primaryimage","url":"https:\/\/yasminfood.ch\/wp-content\/uploads\/2026\/05\/\u0645\u0633\u062d\u0648\u0642-\u0627\u0644\u0633\u062d\u0644\u0628-200\u063a-\u062f\u0631\u0629.png","contentUrl":"https:\/\/yasminfood.ch\/wp-content\/uploads\/2026\/05\/\u0645\u0633\u062d\u0648\u0642-\u0627\u0644\u0633\u062d\u0644\u0628-200\u063a-\u062f\u0631\u0629.png","width":1080,"height":1080,"caption":"Durra Orchideenpulver 200g"},{"@type":"BreadcrumbList","@id":"https:\/\/yasminfood.ch\/de\/product\/durra-orchideenpulver-200g\/#breadcrumb","itemListElement":[{"@type":"ListItem","position":1,"name":"\u0627\u0644\u0631\u0626\u064a\u0633\u064a\u0629","item":"https:\/\/yasminfood.ch\/de\/zuhause\/"},{"@type":"ListItem","position":2,"name":"Shop","item":"https:\/\/yasminfood.ch\/de\/shop\/"},{"@type":"ListItem","position":3,"name":"Getr\u00e4nke &amp; Fl\u00fcssigkeiten","item":"https:\/\/yasminfood.ch\/de\/produkt-kategorie\/getraenke-fluessigkeiten\/"},{"@type":"ListItem","position":4,"name":"Durra Orchideenpulver 200g"}]},{"@type":"WebSite","@id":"https:\/\/yasminfood.ch\/de\/#website","url":"https:\/\/yasminfood.ch\/de\/","name":"\u064a\u0627\u0633\u0645\u064a\u0646 \u0645\u0627\u0631\u0643\u062a","description":"Alles, was Sie brauchen, an einem Ort","publisher":{"@id":"https:\/\/yasminfood.ch\/de\/#organization"},"alternateName":"Yasmin Food","potentialAction":[{"@type":"SearchAction","target":{"@type":"EntryPoint","urlTemplate":"https:\/\/yasminfood.ch\/de\/?s={search_term_string}"},"query-input":{"@type":"PropertyValueSpecification","valueRequired":true,"valueName":"search_term_string"}}],"inLanguage":"de"},{"@type":"Organization","@id":"https:\/\/yasminfood.ch\/de\/#organization","name":"\u064a\u0627\u0633\u0645\u064a\u0646 \u0645\u0627\u0631\u0643\u062a","alternateName":"Yasmin Food","url":"https:\/\/yasminfood.ch\/de\/","logo":{"@type":"ImageObject","inLanguage":"de","@id":"https:\/\/yasminfood.ch\/de\/#\/schema\/logo\/image\/","url":"https:\/\/yasminfood.ch\/wp-content\/uploads\/2025\/05\/yasmin-food-header-logo.png","contentUrl":"https:\/\/yasminfood.ch\/wp-content\/uploads\/2025\/05\/yasmin-food-header-logo.png","width":330,"height":120,"caption":"\u064a\u0627\u0633\u0645\u064a\u0646 \u0645\u0627\u0631\u0643\u062a"},"image":{"@id":"https:\/\/yasminfood.ch\/de\/#\/schema\/logo\/image\/"},"sameAs":["https:\/\/www.facebook.com\/yasminmarkt1","https:\/\/www.tiktok.com\/@yasminmarkt","https:\/\/www.instagram.com\/yasmin.markt1\/","https:\/\/api.whatsapp.com\/send\/?phone=41799000104"],"publishingPrinciples":"https:\/\/yasminfood.ch\/de\/shop\/","ownershipFundingInfo":"https:\/\/yasminfood.ch\/de\/shop\/"}]},"product_price_amount":"5.95","product_price_currency":"CHF","og_availability":"instock","product_availability":"instock","product_condition":"new"},"jetpack_sharing_enabled":true,"_links":{"self":[{"href":"https:\/\/yasminfood.ch\/de\/wp-json\/wp\/v2\/product\/122550","targetHints":{"allow":["GET"]}}],"collection":[{"href":"https:\/\/yasminfood.ch\/de\/wp-json\/wp\/v2\/product"}],"about":[{"href":"https:\/\/yasminfood.ch\/de\/wp-json\/wp\/v2\/types\/product"}],"replies":[{"embeddable":true,"href":"https:\/\/yasminfood.ch\/de\/wp-json\/wp\/v2\/comments?post=122550"}],"version-history":[{"count":1,"href":"https:\/\/yasminfood.ch\/de\/wp-json\/wp\/v2\/product\/122550\/revisions"}],"predecessor-version":[{"id":122555,"href":"https:\/\/yasminfood.ch\/de\/wp-json\/wp\/v2\/product\/122550\/revisions\/122555"}],"wp:featuredmedia":[{"embeddable":true,"href":"https:\/\/yasminfood.ch\/de\/wp-json\/wp\/v2\/media\/122552"}],"wp:attachment":[{"href":"https:\/\/yasminfood.ch\/de\/wp-json\/wp\/v2\/media?parent=122550"}],"wp:term":[{"taxonomy":"product_brand","embeddable":true,"href":"https:\/\/yasminfood.ch\/de\/wp-json\/wp\/v2\/product_brand?post=122550"},{"taxonomy":"product_cat","embeddable":true,"href":"https:\/\/yasminfood.ch\/de\/wp-json\/wp\/v2\/product_cat?post=122550"},{"taxonomy":"product_tag","embeddable":true,"href":"https:\/\/yasminfood.ch\/de\/wp-json\/wp\/v2\/product_tag?post=122550"}],"curies":[{"name":"wp","href":"https:\/\/api.w.org\/{rel}","templated":true}]}}