{"id":122578,"date":"2026-05-08T07:35:29","date_gmt":"2026-05-08T05:35:29","guid":{"rendered":"https:\/\/yasminfood.ch\/product\/marokkanische-800g-geschichten\/"},"modified":"2026-05-08T07:36:45","modified_gmt":"2026-05-08T05:36:45","slug":"marokkanische-800g-geschichten","status":"publish","type":"product","link":"https:\/\/yasminfood.ch\/de\/product\/marokkanische-800g-geschichten\/","title":{"rendered":"Marokkanische 800g-Geschichten"},"content":{"rendered":"<p><strong>Marokkanische 800g-Geschichten<\/strong><\/p>\n<div class=\"z-0 flex min-h-[46px] justify-start\">\n<section class=\"text-token-text-primary w-full focus:outline-none [--shadow-height:45px] has-data-writing-block:pointer-events-none has-data-writing-block:-mt-(--shadow-height) has-data-writing-block:pt-(--shadow-height) [&amp;:has([data-writing-block])&gt;*]:pointer-events-auto [content-visibility:auto] supports-[content-visibility:auto]:[contain-intrinsic-size:auto_100lvh] R6Vx5W_threadScrollVars scroll-mb-[calc(var(--scroll-root-safe-area-inset-bottom,0px)+var(--thread-response-height))] scroll-mt-[calc(var(--header-height)+min(200px,max(70px,20svh)))]\" dir=\"auto\" data-turn-id=\"request-WEB:c58f0c4b-6e39-447b-9b30-ae30ac470888-3\" data-testid=\"conversation-turn-8\" data-scroll-anchor=\"false\" data-turn=\"assistant\">\n<div class=\"text-base my-auto mx-auto pb-10 [--thread-content-margin:var(--thread-content-margin-xs,calc(var(--spacing)*4))] @w-sm\/main:[--thread-content-margin:var(--thread-content-margin-sm,calc(var(--spacing)*6))] @w-lg\/main:[--thread-content-margin:var(--thread-content-margin-lg,calc(var(--spacing)*16))] px-(--thread-content-margin)\">\n<div class=\"[--thread-content-max-width:40rem] @w-lg\/main:[--thread-content-max-width:48rem] mx-auto max-w-(--thread-content-max-width) flex-1 group\/turn-messages focus-visible:outline-hidden relative flex w-full min-w-0 flex-col agent-turn\">\n<div class=\"flex max-w-full flex-col gap-4 grow\">\n<div class=\"min-h-8 text-message relative flex w-full flex-col items-end gap-2 text-start break-words whitespace-normal outline-none keyboard-focused:focus-ring [.text-message+&amp;]:mt-1\" dir=\"auto\" tabindex=\"0\" data-message-author-role=\"assistant\" data-message-id=\"4a8cc6c8-fc55-4317-b33a-699eb9015710\" data-turn-start-message=\"true\" data-message-model-slug=\"gpt-5-5\">\n<div class=\"flex w-full flex-col gap-1 empty:hidden\">\n<div class=\"markdown prose dark:prose-invert wrap-break-word w-full light markdown-new-styling\">\n<ul>\n<li data-start=\"56\" data-end=\"167\">Marokkanisch wird traditionell mit gro\u00dfen, runden K\u00f6rnern zubereitet, die den Gerichten eine reiche Textur und einen authentisch orientalischen Geschmack verleihen.<\/li>\n<li data-start=\"56\" data-end=\"167\">Es ist eine der bekanntesten Zutaten der levantinischen K\u00fcche und wird verwendet, um ein marokkanisches Gericht mit Huhn, Kichererbsen und Zwiebeln mit einer w\u00fcrzigen Br\u00fche mit reichem Geschmack zuzubereiten. <\/li>\n<li data-start=\"56\" data-end=\"167\">Er enth\u00e4lt zusammenh\u00e4ngende Getreidesorten, die Br\u00fche und Gew\u00fcrze perfekt aufnehmen und jedem Bissen einen warmen, s\u00e4ttigenden Geschmack verleihen. <\/li>\n<li data-start=\"56\" data-end=\"167\">Leicht zuzubereiten und f\u00fcr Familienmahlzeiten und -w\u00fcnsche geeignet, kann er auch mit N\u00fcssen oder karamellisierten Zwiebeln serviert werden, um einen reicheren Geschmack zu verleihen. <\/li>\n<li data-start=\"56\" data-end=\"167\">Eine ideale Wahl f\u00fcr Liebhaber traditioneller orientalischer K\u00fcche mit einem heimeligen Flair und zuverl\u00e4ssiger Qualit\u00e4t.<\/li>\n<\/ul>\n<\/div>\n<\/div>\n<\/div>\n<\/div>\n<div class=\"z-0 flex min-h-[46px] justify-start\"><\/div>\n<div class=\"mt-3 w-full empty:hidden\">\n<div class=\"text-center\"><\/div>\n<\/div>\n<\/div>\n<\/div>\n<\/section>\n<div class=\"pointer-events-none -mt-px h-px translate-y-[calc(var(--scroll-root-safe-area-inset-bottom)-14*var(--spacing))]\" aria-hidden=\"true\"><\/div>\n<\/div>\n<div class=\"mt-3 w-full empty:hidden\">\n<div class=\"text-center\">\n<div>\n<div class=\"inline-flex border border-gray-100 dark:border-gray-700 rounded-xl\">\n<div class=\"bg-token-main-surface-tertiary w-px flex-1 self-stretch\"><\/div>\n<\/div>\n<\/div>\n<\/div>\n<\/div>\n","protected":false},"excerpt":{"rendered":"<p><strong>Marokkanische 800g-Geschichten<\/strong><\/p>\n<div class=\"z-0 flex min-h-[46px] justify-start\">\n<section class=\"text-token-text-primary w-full focus:outline-none [--shadow-height:45px] has-data-writing-block:pointer-events-none has-data-writing-block:-mt-(--shadow-height) has-data-writing-block:pt-(--shadow-height) [&amp;:has([data-writing-block])&gt;*]:pointer-events-auto [content-visibility:auto] supports-[content-visibility:auto]:[contain-intrinsic-size:auto_100lvh] R6Vx5W_threadScrollVars scroll-mb-[calc(var(--scroll-root-safe-area-inset-bottom,0px)+var(--thread-response-height))] scroll-mt-[calc(var(--header-height)+min(200px,max(70px,20svh)))]\" dir=\"auto\" data-turn-id=\"request-WEB:c58f0c4b-6e39-447b-9b30-ae30ac470888-3\" data-testid=\"conversation-turn-8\" data-scroll-anchor=\"false\" data-turn=\"assistant\">\n<div class=\"text-base my-auto mx-auto pb-10 [--thread-content-margin:var(--thread-content-margin-xs,calc(var(--spacing)*4))] @w-sm\/main:[--thread-content-margin:var(--thread-content-margin-sm,calc(var(--spacing)*6))] @w-lg\/main:[--thread-content-margin:var(--thread-content-margin-lg,calc(var(--spacing)*16))] px-(--thread-content-margin)\">\n<div class=\"[--thread-content-max-width:40rem] @w-lg\/main:[--thread-content-max-width:48rem] mx-auto max-w-(--thread-content-max-width) flex-1 group\/turn-messages focus-visible:outline-hidden relative flex w-full min-w-0 flex-col agent-turn\">\n<div class=\"flex max-w-full flex-col gap-4 grow\">\n<div class=\"min-h-8 text-message relative flex w-full flex-col items-end gap-2 text-start break-words whitespace-normal outline-none keyboard-focused:focus-ring [.text-message+&amp;]:mt-1\" dir=\"auto\" tabindex=\"0\" data-message-author-role=\"assistant\" data-message-id=\"4a8cc6c8-fc55-4317-b33a-699eb9015710\" data-turn-start-message=\"true\" data-message-model-slug=\"gpt-5-5\">\n<div class=\"flex w-full flex-col gap-1 empty:hidden\">\n<div class=\"markdown prose dark:prose-invert wrap-break-word w-full light markdown-new-styling\">\n<ul>\n<li data-start=\"56\" data-end=\"167\">Marokkanisch wird traditionell mit gro\u00dfen, runden K\u00f6rnern zubereitet, die den Gerichten eine reiche Textur und einen authentisch orientalischen Geschmack verleihen.<\/li>\n<li data-start=\"56\" data-end=\"167\">Es ist eine der bekanntesten Zutaten der levantinischen K\u00fcche und wird verwendet, um ein marokkanisches Gericht mit Huhn, Kichererbsen und Zwiebeln mit einer w\u00fcrzigen Br\u00fche mit reichem Geschmack zuzubereiten. <\/li>\n<\/ul>\n<\/div>\n<\/div>\n<\/div>\n<\/div>\n<\/div>\n<\/div>\n<\/section>\n<\/div>\n","protected":false},"featured_media":122579,"comment_status":"open","ping_status":"closed","template":"","meta":[],"product_brand":[],"product_cat":[323,328,320],"product_tag":[],"class_list":{"0":"post-122578","1":"product","2":"type-product","3":"status-publish","4":"has-post-thumbnail","6":"product_cat-bulgur-de","7":"product_cat-gries","8":"product_cat-reis-getreide","10":"first","11":"instock","12":"taxable","13":"shipping-taxable","14":"purchasable","15":"product-type-simple"},"yoast_head":"<!-- This site is optimized with the Yoast SEO Premium plugin v26.5 (Yoast SEO v27.6) - https:\/\/yoast.com\/product\/yoast-seo-premium-wordpress\/ -->\n<title>Marokkanische 800g-Geschichten - Yasmin Food<\/title>\n<meta name=\"description\" content=\"Marokkanische 800g-Geschichten ist eine der bekanntesten Zutaten der levantinischen K\u00fcche und wird verwendet, um ein marokkanisches Gericht mit Huhn, Kichererbsen und Zwiebeln mit einer w\u00fcrzigen Br\u00fche mit reichem Geschmack zuzubereiten.\" \/>\n<meta name=\"robots\" content=\"index, follow, max-snippet:-1, max-image-preview:large, max-video-preview:-1\" \/>\n<link rel=\"canonical\" href=\"https:\/\/yasminfood.ch\/de\/product\/marokkanische-800g-geschichten\/\" \/>\n<meta property=\"og:locale\" content=\"de_DE\" \/>\n<meta property=\"og:type\" content=\"article\" \/>\n<meta property=\"og:title\" content=\"Marokkanische 800g-Geschichten\" \/>\n<meta property=\"og:description\" content=\"Marokkanische 800g-Geschichten      Marokkanisch wird traditionell mit gro\u00dfen, runden K\u00f6rnern zubereitet, die den Gerichten eine reiche Textur und einen authentisch orientalischen Geschmack verleihen.  Es ist eine der bekanntesten Zutaten der levantinischen K\u00fcche und wird verwendet, um ein marokkanisches Gericht mit Huhn, Kichererbsen und Zwiebeln mit einer w\u00fcrzigen Br\u00fche mit reichem Geschmack zuzubereiten.\" \/>\n<meta property=\"og:url\" content=\"https:\/\/yasminfood.ch\/de\/product\/marokkanische-800g-geschichten\/\" \/>\n<meta property=\"og:site_name\" content=\"Yasmin Food\" \/>\n<meta property=\"article:publisher\" content=\"https:\/\/www.facebook.com\/yasminmarkt1\" \/>\n<meta property=\"article:modified_time\" content=\"2026-05-08T05:36:45+00:00\" \/>\n<meta property=\"og:image\" content=\"https:\/\/yasminfood.ch\/wp-content\/uploads\/2026\/05\/\u0645\u063a\u0631\u0628\u064a\u0629-800\u063a-\u062d\u0643\u0627\u064a\u0627\u062a.png\" \/>\n\t<meta property=\"og:image:width\" content=\"1080\" \/>\n\t<meta property=\"og:image:height\" content=\"1080\" \/>\n\t<meta property=\"og:image:type\" content=\"image\/png\" \/>\n<meta name=\"twitter:card\" content=\"summary_large_image\" \/>\n<meta name=\"twitter:label1\" content=\"Preis\" \/>\n\t<meta name=\"twitter:data1\" content=\"5.95&nbsp;&#067;&#072;&#070;\" \/>\n\t<meta name=\"twitter:label2\" content=\"Verf\u00fcgbarkeit\" \/>\n\t<meta name=\"twitter:data2\" content=\"Auf Lager\" \/>\n<script type=\"application\/ld+json\" class=\"yoast-schema-graph\">{\"@context\":\"https:\\\/\\\/schema.org\",\"@graph\":[{\"@type\":\"WebPage\",\"@id\":\"https:\\\/\\\/yasminfood.ch\\\/de\\\/product\\\/marokkanische-800g-geschichten\\\/\",\"url\":\"https:\\\/\\\/yasminfood.ch\\\/de\\\/product\\\/marokkanische-800g-geschichten\\\/\",\"name\":\"Marokkanische 800g-Geschichten - Yasmin Food\",\"isPartOf\":{\"@id\":\"https:\\\/\\\/yasminfood.ch\\\/de\\\/#website\"},\"primaryImageOfPage\":{\"@id\":\"https:\\\/\\\/yasminfood.ch\\\/de\\\/product\\\/marokkanische-800g-geschichten\\\/#primaryimage\"},\"image\":{\"@id\":\"https:\\\/\\\/yasminfood.ch\\\/de\\\/product\\\/marokkanische-800g-geschichten\\\/#primaryimage\"},\"thumbnailUrl\":\"https:\\\/\\\/yasminfood.ch\\\/wp-content\\\/uploads\\\/2026\\\/05\\\/\u0645\u063a\u0631\u0628\u064a\u0629-800\u063a-\u062d\u0643\u0627\u064a\u0627\u062a.png\",\"datePublished\":\"2026-05-08T05:35:29+00:00\",\"dateModified\":\"2026-05-08T05:36:45+00:00\",\"description\":\"Marokkanische 800g-Geschichten ist eine der bekanntesten Zutaten der levantinischen K\u00fcche und wird verwendet, um ein marokkanisches Gericht mit Huhn, Kichererbsen und Zwiebeln mit einer w\u00fcrzigen Br\u00fche mit reichem Geschmack zuzubereiten.\",\"breadcrumb\":{\"@id\":\"https:\\\/\\\/yasminfood.ch\\\/de\\\/product\\\/marokkanische-800g-geschichten\\\/#breadcrumb\"},\"inLanguage\":\"de\",\"potentialAction\":[{\"@type\":\"ReadAction\",\"target\":[\"https:\\\/\\\/yasminfood.ch\\\/de\\\/product\\\/marokkanische-800g-geschichten\\\/\"]}]},{\"@type\":\"ImageObject\",\"inLanguage\":\"de\",\"@id\":\"https:\\\/\\\/yasminfood.ch\\\/de\\\/product\\\/marokkanische-800g-geschichten\\\/#primaryimage\",\"url\":\"https:\\\/\\\/yasminfood.ch\\\/wp-content\\\/uploads\\\/2026\\\/05\\\/\u0645\u063a\u0631\u0628\u064a\u0629-800\u063a-\u062d\u0643\u0627\u064a\u0627\u062a.png\",\"contentUrl\":\"https:\\\/\\\/yasminfood.ch\\\/wp-content\\\/uploads\\\/2026\\\/05\\\/\u0645\u063a\u0631\u0628\u064a\u0629-800\u063a-\u062d\u0643\u0627\u064a\u0627\u062a.png\",\"width\":1080,\"height\":1080,\"caption\":\"Marokkanische 800g-Geschichten\"},{\"@type\":\"BreadcrumbList\",\"@id\":\"https:\\\/\\\/yasminfood.ch\\\/de\\\/product\\\/marokkanische-800g-geschichten\\\/#breadcrumb\",\"itemListElement\":[{\"@type\":\"ListItem\",\"position\":1,\"name\":\"\u0627\u0644\u0631\u0626\u064a\u0633\u064a\u0629\",\"item\":\"https:\\\/\\\/yasminfood.ch\\\/de\\\/zuhause\\\/\"},{\"@type\":\"ListItem\",\"position\":2,\"name\":\"Shop\",\"item\":\"https:\\\/\\\/yasminfood.ch\\\/de\\\/shop\\\/\"},{\"@type\":\"ListItem\",\"position\":3,\"name\":\"Marokkanische 800g-Geschichten\"}]},{\"@type\":\"WebSite\",\"@id\":\"https:\\\/\\\/yasminfood.ch\\\/de\\\/#website\",\"url\":\"https:\\\/\\\/yasminfood.ch\\\/de\\\/\",\"name\":\"\u064a\u0627\u0633\u0645\u064a\u0646 \u0645\u0627\u0631\u0643\u062a\",\"description\":\"Alles, was Sie brauchen, an einem Ort\",\"publisher\":{\"@id\":\"https:\\\/\\\/yasminfood.ch\\\/de\\\/#organization\"},\"alternateName\":\"Yasmin Food\",\"potentialAction\":[{\"@type\":\"SearchAction\",\"target\":{\"@type\":\"EntryPoint\",\"urlTemplate\":\"https:\\\/\\\/yasminfood.ch\\\/de\\\/?s={search_term_string}\"},\"query-input\":{\"@type\":\"PropertyValueSpecification\",\"valueRequired\":true,\"valueName\":\"search_term_string\"}}],\"inLanguage\":\"de\"},{\"@type\":\"Organization\",\"@id\":\"https:\\\/\\\/yasminfood.ch\\\/de\\\/#organization\",\"name\":\"\u064a\u0627\u0633\u0645\u064a\u0646 \u0645\u0627\u0631\u0643\u062a\",\"alternateName\":\"Yasmin Food\",\"url\":\"https:\\\/\\\/yasminfood.ch\\\/de\\\/\",\"logo\":{\"@type\":\"ImageObject\",\"inLanguage\":\"de\",\"@id\":\"https:\\\/\\\/yasminfood.ch\\\/de\\\/#\\\/schema\\\/logo\\\/image\\\/\",\"url\":\"https:\\\/\\\/yasminfood.ch\\\/wp-content\\\/uploads\\\/2025\\\/05\\\/yasmin-food-header-logo.png\",\"contentUrl\":\"https:\\\/\\\/yasminfood.ch\\\/wp-content\\\/uploads\\\/2025\\\/05\\\/yasmin-food-header-logo.png\",\"width\":330,\"height\":120,\"caption\":\"\u064a\u0627\u0633\u0645\u064a\u0646 \u0645\u0627\u0631\u0643\u062a\"},\"image\":{\"@id\":\"https:\\\/\\\/yasminfood.ch\\\/de\\\/#\\\/schema\\\/logo\\\/image\\\/\"},\"sameAs\":[\"https:\\\/\\\/www.facebook.com\\\/yasminmarkt1\",\"https:\\\/\\\/www.tiktok.com\\\/@yasminmarkt\",\"https:\\\/\\\/www.instagram.com\\\/yasmin.markt1\\\/\",\"https:\\\/\\\/api.whatsapp.com\\\/send\\\/?phone=41799000104\"],\"publishingPrinciples\":\"https:\\\/\\\/yasminfood.ch\\\/de\\\/shop\\\/\",\"ownershipFundingInfo\":\"https:\\\/\\\/yasminfood.ch\\\/de\\\/shop\\\/\"}]}<\/script>\n<meta property=\"product:price:amount\" content=\"5.95\" \/>\n<meta property=\"product:price:currency\" content=\"CHF\" \/>\n<meta property=\"og:availability\" content=\"instock\" \/>\n<meta property=\"product:availability\" content=\"instock\" \/>\n<meta property=\"product:condition\" content=\"new\" \/>\n<!-- \/ Yoast SEO Premium plugin. -->","yoast_head_json":{"title":"Marokkanische 800g-Geschichten - Yasmin Food","description":"Marokkanische 800g-Geschichten ist eine der bekanntesten Zutaten der levantinischen K\u00fcche und wird verwendet, um ein marokkanisches Gericht mit Huhn, Kichererbsen und Zwiebeln mit einer w\u00fcrzigen Br\u00fche mit reichem Geschmack zuzubereiten.","robots":{"index":"index","follow":"follow","max-snippet":"max-snippet:-1","max-image-preview":"max-image-preview:large","max-video-preview":"max-video-preview:-1"},"canonical":"https:\/\/yasminfood.ch\/de\/product\/marokkanische-800g-geschichten\/","og_locale":"de_DE","og_type":"article","og_title":"Marokkanische 800g-Geschichten","og_description":"Marokkanische 800g-Geschichten      Marokkanisch wird traditionell mit gro\u00dfen, runden K\u00f6rnern zubereitet, die den Gerichten eine reiche Textur und einen authentisch orientalischen Geschmack verleihen.  Es ist eine der bekanntesten Zutaten der levantinischen K\u00fcche und wird verwendet, um ein marokkanisches Gericht mit Huhn, Kichererbsen und Zwiebeln mit einer w\u00fcrzigen Br\u00fche mit reichem Geschmack zuzubereiten.","og_url":"https:\/\/yasminfood.ch\/de\/product\/marokkanische-800g-geschichten\/","og_site_name":"Yasmin Food","article_publisher":"https:\/\/www.facebook.com\/yasminmarkt1","article_modified_time":"2026-05-08T05:36:45+00:00","og_image":[{"width":1080,"height":1080,"url":"https:\/\/yasminfood.ch\/wp-content\/uploads\/2026\/05\/\u0645\u063a\u0631\u0628\u064a\u0629-800\u063a-\u062d\u0643\u0627\u064a\u0627\u062a.png","type":"image\/png"}],"twitter_card":"summary_large_image","twitter_misc":{"Preis":"5.95&nbsp;&#67;&#72;&#70;","Verf\u00fcgbarkeit":"Auf Lager"},"schema":{"@context":"https:\/\/schema.org","@graph":[{"@type":"WebPage","@id":"https:\/\/yasminfood.ch\/de\/product\/marokkanische-800g-geschichten\/","url":"https:\/\/yasminfood.ch\/de\/product\/marokkanische-800g-geschichten\/","name":"Marokkanische 800g-Geschichten - Yasmin Food","isPartOf":{"@id":"https:\/\/yasminfood.ch\/de\/#website"},"primaryImageOfPage":{"@id":"https:\/\/yasminfood.ch\/de\/product\/marokkanische-800g-geschichten\/#primaryimage"},"image":{"@id":"https:\/\/yasminfood.ch\/de\/product\/marokkanische-800g-geschichten\/#primaryimage"},"thumbnailUrl":"https:\/\/yasminfood.ch\/wp-content\/uploads\/2026\/05\/\u0645\u063a\u0631\u0628\u064a\u0629-800\u063a-\u062d\u0643\u0627\u064a\u0627\u062a.png","datePublished":"2026-05-08T05:35:29+00:00","dateModified":"2026-05-08T05:36:45+00:00","description":"Marokkanische 800g-Geschichten ist eine der bekanntesten Zutaten der levantinischen K\u00fcche und wird verwendet, um ein marokkanisches Gericht mit Huhn, Kichererbsen und Zwiebeln mit einer w\u00fcrzigen Br\u00fche mit reichem Geschmack zuzubereiten.","breadcrumb":{"@id":"https:\/\/yasminfood.ch\/de\/product\/marokkanische-800g-geschichten\/#breadcrumb"},"inLanguage":"de","potentialAction":[{"@type":"ReadAction","target":["https:\/\/yasminfood.ch\/de\/product\/marokkanische-800g-geschichten\/"]}]},{"@type":"ImageObject","inLanguage":"de","@id":"https:\/\/yasminfood.ch\/de\/product\/marokkanische-800g-geschichten\/#primaryimage","url":"https:\/\/yasminfood.ch\/wp-content\/uploads\/2026\/05\/\u0645\u063a\u0631\u0628\u064a\u0629-800\u063a-\u062d\u0643\u0627\u064a\u0627\u062a.png","contentUrl":"https:\/\/yasminfood.ch\/wp-content\/uploads\/2026\/05\/\u0645\u063a\u0631\u0628\u064a\u0629-800\u063a-\u062d\u0643\u0627\u064a\u0627\u062a.png","width":1080,"height":1080,"caption":"Marokkanische 800g-Geschichten"},{"@type":"BreadcrumbList","@id":"https:\/\/yasminfood.ch\/de\/product\/marokkanische-800g-geschichten\/#breadcrumb","itemListElement":[{"@type":"ListItem","position":1,"name":"\u0627\u0644\u0631\u0626\u064a\u0633\u064a\u0629","item":"https:\/\/yasminfood.ch\/de\/zuhause\/"},{"@type":"ListItem","position":2,"name":"Shop","item":"https:\/\/yasminfood.ch\/de\/shop\/"},{"@type":"ListItem","position":3,"name":"Marokkanische 800g-Geschichten"}]},{"@type":"WebSite","@id":"https:\/\/yasminfood.ch\/de\/#website","url":"https:\/\/yasminfood.ch\/de\/","name":"\u064a\u0627\u0633\u0645\u064a\u0646 \u0645\u0627\u0631\u0643\u062a","description":"Alles, was Sie brauchen, an einem Ort","publisher":{"@id":"https:\/\/yasminfood.ch\/de\/#organization"},"alternateName":"Yasmin Food","potentialAction":[{"@type":"SearchAction","target":{"@type":"EntryPoint","urlTemplate":"https:\/\/yasminfood.ch\/de\/?s={search_term_string}"},"query-input":{"@type":"PropertyValueSpecification","valueRequired":true,"valueName":"search_term_string"}}],"inLanguage":"de"},{"@type":"Organization","@id":"https:\/\/yasminfood.ch\/de\/#organization","name":"\u064a\u0627\u0633\u0645\u064a\u0646 \u0645\u0627\u0631\u0643\u062a","alternateName":"Yasmin Food","url":"https:\/\/yasminfood.ch\/de\/","logo":{"@type":"ImageObject","inLanguage":"de","@id":"https:\/\/yasminfood.ch\/de\/#\/schema\/logo\/image\/","url":"https:\/\/yasminfood.ch\/wp-content\/uploads\/2025\/05\/yasmin-food-header-logo.png","contentUrl":"https:\/\/yasminfood.ch\/wp-content\/uploads\/2025\/05\/yasmin-food-header-logo.png","width":330,"height":120,"caption":"\u064a\u0627\u0633\u0645\u064a\u0646 \u0645\u0627\u0631\u0643\u062a"},"image":{"@id":"https:\/\/yasminfood.ch\/de\/#\/schema\/logo\/image\/"},"sameAs":["https:\/\/www.facebook.com\/yasminmarkt1","https:\/\/www.tiktok.com\/@yasminmarkt","https:\/\/www.instagram.com\/yasmin.markt1\/","https:\/\/api.whatsapp.com\/send\/?phone=41799000104"],"publishingPrinciples":"https:\/\/yasminfood.ch\/de\/shop\/","ownershipFundingInfo":"https:\/\/yasminfood.ch\/de\/shop\/"}]},"product_price_amount":"5.95","product_price_currency":"CHF","og_availability":"instock","product_availability":"instock","product_condition":"new"},"jetpack_sharing_enabled":true,"_links":{"self":[{"href":"https:\/\/yasminfood.ch\/de\/wp-json\/wp\/v2\/product\/122578","targetHints":{"allow":["GET"]}}],"collection":[{"href":"https:\/\/yasminfood.ch\/de\/wp-json\/wp\/v2\/product"}],"about":[{"href":"https:\/\/yasminfood.ch\/de\/wp-json\/wp\/v2\/types\/product"}],"replies":[{"embeddable":true,"href":"https:\/\/yasminfood.ch\/de\/wp-json\/wp\/v2\/comments?post=122578"}],"version-history":[{"count":0,"href":"https:\/\/yasminfood.ch\/de\/wp-json\/wp\/v2\/product\/122578\/revisions"}],"wp:featuredmedia":[{"embeddable":true,"href":"https:\/\/yasminfood.ch\/de\/wp-json\/wp\/v2\/media\/122579"}],"wp:attachment":[{"href":"https:\/\/yasminfood.ch\/de\/wp-json\/wp\/v2\/media?parent=122578"}],"wp:term":[{"taxonomy":"product_brand","embeddable":true,"href":"https:\/\/yasminfood.ch\/de\/wp-json\/wp\/v2\/product_brand?post=122578"},{"taxonomy":"product_cat","embeddable":true,"href":"https:\/\/yasminfood.ch\/de\/wp-json\/wp\/v2\/product_cat?post=122578"},{"taxonomy":"product_tag","embeddable":true,"href":"https:\/\/yasminfood.ch\/de\/wp-json\/wp\/v2\/product_tag?post=122578"}],"curies":[{"name":"wp","href":"https:\/\/api.w.org\/{rel}","templated":true}]}}