{"id":122609,"date":"2026-05-09T16:49:07","date_gmt":"2026-05-09T14:49:07","guid":{"rendered":"https:\/\/yasminfood.ch\/product\/schokoladenhaselnuss-runde-eva-500g\/"},"modified":"2026-05-09T16:55:57","modified_gmt":"2026-05-09T14:55:57","slug":"schokoladenhaselnuss-runde-eva-500g","status":"publish","type":"product","link":"https:\/\/yasminfood.ch\/de\/product\/schokoladenhaselnuss-runde-eva-500g\/","title":{"rendered":"Schokoladenhaselnuss Runde Eva 500g"},"content":{"rendered":"<p><strong>Schokoladenhaselnuss Runde Eva 500g<\/strong><\/p>\n<ul>\n<li data-start=\"0\" data-end=\"281\">Ein luxuri\u00f6ses Erlebnis, das die Weichheit von reichhaltiger Schokolade mit knusprigen ger\u00f6steten Haselnussst\u00fccken kombiniert, um Ihnen einen unvergesslichen Geschmack zu verleihen.<\/li>\n<li data-start=\"0\" data-end=\"281\">Jedes St\u00fcck enth\u00e4lt eine k\u00f6stliche F\u00fcllung aus ganzen Haseln\u00fcssen und wird in einer hochwertigen, cremigen Schokolade zerdr\u00fcckt.<\/li>\n<li data-start=\"0\" data-end=\"281\">Eingeh\u00fcllt in elegante Goldfolie, die Gastfreundschaft und Geschenken einen Hauch von Luxus verleiht.<\/li>\n<li data-start=\"0\" data-end=\"281\">EVA Haselnuss-Schokolade ist eine ideale Wahl f\u00fcr Liebhaber von feiner Schokolade, da sie sich zum Servieren zu Anl\u00e4ssen, Feiertagen und Familientreffen eignet.  <\/li>\n<li data-start=\"0\" data-end=\"281\">T\u00e4gliche Gastfreundschaft mit Kaffee oder Tee.<\/li>\n<\/ul>\n<p data-start=\"520\" data-end=\"540\"><strong data-start=\"520\" data-end=\"538\">Produktmerkmale:<\/strong><\/p>\n<ul data-start=\"541\" data-end=\"711\">\n<li data-section-id=\"iv7xun\" data-start=\"541\" data-end=\"572\">Premium-Schokolade mit Haselnussf\u00fcllung<\/li>\n<li data-section-id=\"15b81p8\" data-start=\"573\" data-end=\"613\">Enth\u00e4lt ganze Haseln\u00fcsse und knusprige Haselnussst\u00fccke<\/li>\n<li data-section-id=\"1n7yjwo\" data-start=\"614\" data-end=\"636\">Glatte Textur und reicher Geschmack<\/li>\n<li data-section-id=\"u4wqym\" data-start=\"637\" data-end=\"662\">Luxuri\u00f6se und elegante goldene Verpackung<\/li>\n<li data-section-id=\"kenyxo\" data-start=\"663\" data-end=\"690\">Ideal f\u00fcr Gastfreundschaft und Geschenke<\/li>\n<\/ul>\n","protected":false},"excerpt":{"rendered":"<p><strong>Schokoladenhaselnuss Runde Eva 500g<\/strong><\/p>\n<ul>\n<li data-start=\"0\" data-end=\"281\">Ein luxuri\u00f6ses Erlebnis, das die Weichheit von reichhaltiger Schokolade mit knusprigen ger\u00f6steten Haselnussst\u00fccken kombiniert, um Ihnen einen unvergesslichen Geschmack zu verleihen.<\/li>\n<li data-start=\"0\" data-end=\"281\">Jedes St\u00fcck enth\u00e4lt eine k\u00f6stliche F\u00fcllung aus ganzen Haseln\u00fcssen und wird in einer hochwertigen, cremigen Schokolade zerdr\u00fcckt.<\/li>\n<\/ul>\n","protected":false},"featured_media":122606,"comment_status":"open","ping_status":"closed","template":"","meta":[],"product_brand":[],"product_cat":[297,310],"product_tag":[],"class_list":{"0":"post-122609","1":"product","2":"type-product","3":"status-publish","4":"has-post-thumbnail","6":"product_cat-dessert-chips-2","7":"product_cat-suessigkeiten-schokolade","9":"first","10":"instock","11":"taxable","12":"shipping-taxable","13":"purchasable","14":"product-type-simple"},"yoast_head":"<!-- This site is optimized with the Yoast SEO Premium plugin v26.5 (Yoast SEO v27.6) - https:\/\/yoast.com\/product\/yoast-seo-premium-wordpress\/ -->\n<title>Schokoladenhaselnuss Runde Eva 500g - Yasmin Food<\/title>\n<meta name=\"description\" content=\"Ein luxuri\u00f6ses Erlebnis, das die Weichheit von reichhaltiger Schokolade mit knusprigen ger\u00f6steten Haselnussst\u00fccken kombiniert, um Ihnen einen unvergesslichen Geschmack zu bieten.\" \/>\n<meta name=\"robots\" content=\"index, follow, max-snippet:-1, max-image-preview:large, max-video-preview:-1\" \/>\n<link rel=\"canonical\" href=\"https:\/\/yasminfood.ch\/de\/product\/schokoladenhaselnuss-runde-eva-500g\/\" \/>\n<meta property=\"og:locale\" content=\"de_DE\" \/>\n<meta property=\"og:type\" content=\"article\" \/>\n<meta property=\"og:title\" content=\"Schokoladenhaselnuss Runde Eva 500g\" \/>\n<meta property=\"og:description\" content=\"Schokoladenhaselnuss Runde Eva 500g  Ein luxuri\u00f6ses Erlebnis, das die Weichheit von reichhaltiger Schokolade mit knusprigen ger\u00f6steten Haselnussst\u00fccken kombiniert, um Ihnen einen unvergesslichen Geschmack zu verleihen.  Jedes St\u00fcck enth\u00e4lt eine k\u00f6stliche F\u00fcllung aus ganzen Haseln\u00fcssen und wird in einer hochwertigen, cremigen Schokolade zerdr\u00fcckt.\" \/>\n<meta property=\"og:url\" content=\"https:\/\/yasminfood.ch\/de\/product\/schokoladenhaselnuss-runde-eva-500g\/\" \/>\n<meta property=\"og:site_name\" content=\"Yasmin Food\" \/>\n<meta property=\"article:publisher\" content=\"https:\/\/www.facebook.com\/yasminmarkt1\" \/>\n<meta property=\"article:modified_time\" content=\"2026-05-09T14:55:57+00:00\" \/>\n<meta property=\"og:image\" content=\"https:\/\/yasminfood.ch\/wp-content\/uploads\/2026\/05\/\u0634\u0648\u0643\u0648\u0644\u0627-\u0628\u0627\u0644\u0628\u0646\u062f\u0642-\u062f\u0627\u0626\u0631\u064a\u0629-\u0627\u064a\u0641\u0627-1-\u0643\u063a.jpg\" \/>\n\t<meta property=\"og:image:width\" content=\"1080\" \/>\n\t<meta property=\"og:image:height\" content=\"1080\" \/>\n\t<meta property=\"og:image:type\" content=\"image\/jpeg\" \/>\n<meta name=\"twitter:card\" content=\"summary_large_image\" \/>\n<meta name=\"twitter:label1\" content=\"Preis\" \/>\n\t<meta name=\"twitter:data1\" content=\"22.00&nbsp;&#067;&#072;&#070;\" \/>\n\t<meta name=\"twitter:label2\" content=\"Verf\u00fcgbarkeit\" \/>\n\t<meta name=\"twitter:data2\" content=\"Auf Lager\" \/>\n<script type=\"application\/ld+json\" class=\"yoast-schema-graph\">{\"@context\":\"https:\\\/\\\/schema.org\",\"@graph\":[{\"@type\":\"WebPage\",\"@id\":\"https:\\\/\\\/yasminfood.ch\\\/de\\\/product\\\/schokoladenhaselnuss-runde-eva-500g\\\/\",\"url\":\"https:\\\/\\\/yasminfood.ch\\\/de\\\/product\\\/schokoladenhaselnuss-runde-eva-500g\\\/\",\"name\":\"Schokoladenhaselnuss Runde Eva 500g - Yasmin Food\",\"isPartOf\":{\"@id\":\"https:\\\/\\\/yasminfood.ch\\\/de\\\/#website\"},\"primaryImageOfPage\":{\"@id\":\"https:\\\/\\\/yasminfood.ch\\\/de\\\/product\\\/schokoladenhaselnuss-runde-eva-500g\\\/#primaryimage\"},\"image\":{\"@id\":\"https:\\\/\\\/yasminfood.ch\\\/de\\\/product\\\/schokoladenhaselnuss-runde-eva-500g\\\/#primaryimage\"},\"thumbnailUrl\":\"https:\\\/\\\/yasminfood.ch\\\/wp-content\\\/uploads\\\/2026\\\/05\\\/\u0634\u0648\u0643\u0648\u0644\u0627-\u0628\u0627\u0644\u0628\u0646\u062f\u0642-\u062f\u0627\u0626\u0631\u064a\u0629-\u0627\u064a\u0641\u0627-1-\u0643\u063a.jpg\",\"datePublished\":\"2026-05-09T14:49:07+00:00\",\"dateModified\":\"2026-05-09T14:55:57+00:00\",\"description\":\"Ein luxuri\u00f6ses Erlebnis, das die Weichheit von reichhaltiger Schokolade mit knusprigen ger\u00f6steten Haselnussst\u00fccken kombiniert, um Ihnen einen unvergesslichen Geschmack zu bieten.\",\"breadcrumb\":{\"@id\":\"https:\\\/\\\/yasminfood.ch\\\/de\\\/product\\\/schokoladenhaselnuss-runde-eva-500g\\\/#breadcrumb\"},\"inLanguage\":\"de\",\"potentialAction\":[{\"@type\":\"ReadAction\",\"target\":[\"https:\\\/\\\/yasminfood.ch\\\/de\\\/product\\\/schokoladenhaselnuss-runde-eva-500g\\\/\"]}]},{\"@type\":\"ImageObject\",\"inLanguage\":\"de\",\"@id\":\"https:\\\/\\\/yasminfood.ch\\\/de\\\/product\\\/schokoladenhaselnuss-runde-eva-500g\\\/#primaryimage\",\"url\":\"https:\\\/\\\/yasminfood.ch\\\/wp-content\\\/uploads\\\/2026\\\/05\\\/\u0634\u0648\u0643\u0648\u0644\u0627-\u0628\u0627\u0644\u0628\u0646\u062f\u0642-\u062f\u0627\u0626\u0631\u064a\u0629-\u0627\u064a\u0641\u0627-1-\u0643\u063a.jpg\",\"contentUrl\":\"https:\\\/\\\/yasminfood.ch\\\/wp-content\\\/uploads\\\/2026\\\/05\\\/\u0634\u0648\u0643\u0648\u0644\u0627-\u0628\u0627\u0644\u0628\u0646\u062f\u0642-\u062f\u0627\u0626\u0631\u064a\u0629-\u0627\u064a\u0641\u0627-1-\u0643\u063a.jpg\",\"width\":1080,\"height\":1080,\"caption\":\"Schokoladenhaselnuss Runde Eva 500g\"},{\"@type\":\"BreadcrumbList\",\"@id\":\"https:\\\/\\\/yasminfood.ch\\\/de\\\/product\\\/schokoladenhaselnuss-runde-eva-500g\\\/#breadcrumb\",\"itemListElement\":[{\"@type\":\"ListItem\",\"position\":1,\"name\":\"\u0627\u0644\u0631\u0626\u064a\u0633\u064a\u0629\",\"item\":\"https:\\\/\\\/yasminfood.ch\\\/de\\\/zuhause\\\/\"},{\"@type\":\"ListItem\",\"position\":2,\"name\":\"Shop\",\"item\":\"https:\\\/\\\/yasminfood.ch\\\/de\\\/shop\\\/\"},{\"@type\":\"ListItem\",\"position\":3,\"name\":\"Schokoladenhaselnuss Runde Eva 500g\"}]},{\"@type\":\"WebSite\",\"@id\":\"https:\\\/\\\/yasminfood.ch\\\/de\\\/#website\",\"url\":\"https:\\\/\\\/yasminfood.ch\\\/de\\\/\",\"name\":\"\u064a\u0627\u0633\u0645\u064a\u0646 \u0645\u0627\u0631\u0643\u062a\",\"description\":\"Alles, was Sie brauchen, an einem Ort\",\"publisher\":{\"@id\":\"https:\\\/\\\/yasminfood.ch\\\/de\\\/#organization\"},\"alternateName\":\"Yasmin Food\",\"potentialAction\":[{\"@type\":\"SearchAction\",\"target\":{\"@type\":\"EntryPoint\",\"urlTemplate\":\"https:\\\/\\\/yasminfood.ch\\\/de\\\/?s={search_term_string}\"},\"query-input\":{\"@type\":\"PropertyValueSpecification\",\"valueRequired\":true,\"valueName\":\"search_term_string\"}}],\"inLanguage\":\"de\"},{\"@type\":\"Organization\",\"@id\":\"https:\\\/\\\/yasminfood.ch\\\/de\\\/#organization\",\"name\":\"\u064a\u0627\u0633\u0645\u064a\u0646 \u0645\u0627\u0631\u0643\u062a\",\"alternateName\":\"Yasmin Food\",\"url\":\"https:\\\/\\\/yasminfood.ch\\\/de\\\/\",\"logo\":{\"@type\":\"ImageObject\",\"inLanguage\":\"de\",\"@id\":\"https:\\\/\\\/yasminfood.ch\\\/de\\\/#\\\/schema\\\/logo\\\/image\\\/\",\"url\":\"https:\\\/\\\/yasminfood.ch\\\/wp-content\\\/uploads\\\/2025\\\/05\\\/yasmin-food-header-logo.png\",\"contentUrl\":\"https:\\\/\\\/yasminfood.ch\\\/wp-content\\\/uploads\\\/2025\\\/05\\\/yasmin-food-header-logo.png\",\"width\":330,\"height\":120,\"caption\":\"\u064a\u0627\u0633\u0645\u064a\u0646 \u0645\u0627\u0631\u0643\u062a\"},\"image\":{\"@id\":\"https:\\\/\\\/yasminfood.ch\\\/de\\\/#\\\/schema\\\/logo\\\/image\\\/\"},\"sameAs\":[\"https:\\\/\\\/www.facebook.com\\\/yasminmarkt1\",\"https:\\\/\\\/www.tiktok.com\\\/@yasminmarkt\",\"https:\\\/\\\/www.instagram.com\\\/yasmin.markt1\\\/\",\"https:\\\/\\\/api.whatsapp.com\\\/send\\\/?phone=41799000104\"],\"publishingPrinciples\":\"https:\\\/\\\/yasminfood.ch\\\/de\\\/shop\\\/\",\"ownershipFundingInfo\":\"https:\\\/\\\/yasminfood.ch\\\/de\\\/shop\\\/\"}]}<\/script>\n<meta property=\"product:price:amount\" content=\"22.00\" \/>\n<meta property=\"product:price:currency\" content=\"CHF\" \/>\n<meta property=\"og:availability\" content=\"instock\" \/>\n<meta property=\"product:availability\" content=\"instock\" \/>\n<meta property=\"product:condition\" content=\"new\" \/>\n<!-- \/ Yoast SEO Premium plugin. -->","yoast_head_json":{"title":"Schokoladenhaselnuss Runde Eva 500g - Yasmin Food","description":"Ein luxuri\u00f6ses Erlebnis, das die Weichheit von reichhaltiger Schokolade mit knusprigen ger\u00f6steten Haselnussst\u00fccken kombiniert, um Ihnen einen unvergesslichen Geschmack zu bieten.","robots":{"index":"index","follow":"follow","max-snippet":"max-snippet:-1","max-image-preview":"max-image-preview:large","max-video-preview":"max-video-preview:-1"},"canonical":"https:\/\/yasminfood.ch\/de\/product\/schokoladenhaselnuss-runde-eva-500g\/","og_locale":"de_DE","og_type":"article","og_title":"Schokoladenhaselnuss Runde Eva 500g","og_description":"Schokoladenhaselnuss Runde Eva 500g  Ein luxuri\u00f6ses Erlebnis, das die Weichheit von reichhaltiger Schokolade mit knusprigen ger\u00f6steten Haselnussst\u00fccken kombiniert, um Ihnen einen unvergesslichen Geschmack zu verleihen.  Jedes St\u00fcck enth\u00e4lt eine k\u00f6stliche F\u00fcllung aus ganzen Haseln\u00fcssen und wird in einer hochwertigen, cremigen Schokolade zerdr\u00fcckt.","og_url":"https:\/\/yasminfood.ch\/de\/product\/schokoladenhaselnuss-runde-eva-500g\/","og_site_name":"Yasmin Food","article_publisher":"https:\/\/www.facebook.com\/yasminmarkt1","article_modified_time":"2026-05-09T14:55:57+00:00","og_image":[{"width":1080,"height":1080,"url":"https:\/\/yasminfood.ch\/wp-content\/uploads\/2026\/05\/\u0634\u0648\u0643\u0648\u0644\u0627-\u0628\u0627\u0644\u0628\u0646\u062f\u0642-\u062f\u0627\u0626\u0631\u064a\u0629-\u0627\u064a\u0641\u0627-1-\u0643\u063a.jpg","type":"image\/jpeg"}],"twitter_card":"summary_large_image","twitter_misc":{"Preis":"22.00&nbsp;&#67;&#72;&#70;","Verf\u00fcgbarkeit":"Auf Lager"},"schema":{"@context":"https:\/\/schema.org","@graph":[{"@type":"WebPage","@id":"https:\/\/yasminfood.ch\/de\/product\/schokoladenhaselnuss-runde-eva-500g\/","url":"https:\/\/yasminfood.ch\/de\/product\/schokoladenhaselnuss-runde-eva-500g\/","name":"Schokoladenhaselnuss Runde Eva 500g - Yasmin Food","isPartOf":{"@id":"https:\/\/yasminfood.ch\/de\/#website"},"primaryImageOfPage":{"@id":"https:\/\/yasminfood.ch\/de\/product\/schokoladenhaselnuss-runde-eva-500g\/#primaryimage"},"image":{"@id":"https:\/\/yasminfood.ch\/de\/product\/schokoladenhaselnuss-runde-eva-500g\/#primaryimage"},"thumbnailUrl":"https:\/\/yasminfood.ch\/wp-content\/uploads\/2026\/05\/\u0634\u0648\u0643\u0648\u0644\u0627-\u0628\u0627\u0644\u0628\u0646\u062f\u0642-\u062f\u0627\u0626\u0631\u064a\u0629-\u0627\u064a\u0641\u0627-1-\u0643\u063a.jpg","datePublished":"2026-05-09T14:49:07+00:00","dateModified":"2026-05-09T14:55:57+00:00","description":"Ein luxuri\u00f6ses Erlebnis, das die Weichheit von reichhaltiger Schokolade mit knusprigen ger\u00f6steten Haselnussst\u00fccken kombiniert, um Ihnen einen unvergesslichen Geschmack zu bieten.","breadcrumb":{"@id":"https:\/\/yasminfood.ch\/de\/product\/schokoladenhaselnuss-runde-eva-500g\/#breadcrumb"},"inLanguage":"de","potentialAction":[{"@type":"ReadAction","target":["https:\/\/yasminfood.ch\/de\/product\/schokoladenhaselnuss-runde-eva-500g\/"]}]},{"@type":"ImageObject","inLanguage":"de","@id":"https:\/\/yasminfood.ch\/de\/product\/schokoladenhaselnuss-runde-eva-500g\/#primaryimage","url":"https:\/\/yasminfood.ch\/wp-content\/uploads\/2026\/05\/\u0634\u0648\u0643\u0648\u0644\u0627-\u0628\u0627\u0644\u0628\u0646\u062f\u0642-\u062f\u0627\u0626\u0631\u064a\u0629-\u0627\u064a\u0641\u0627-1-\u0643\u063a.jpg","contentUrl":"https:\/\/yasminfood.ch\/wp-content\/uploads\/2026\/05\/\u0634\u0648\u0643\u0648\u0644\u0627-\u0628\u0627\u0644\u0628\u0646\u062f\u0642-\u062f\u0627\u0626\u0631\u064a\u0629-\u0627\u064a\u0641\u0627-1-\u0643\u063a.jpg","width":1080,"height":1080,"caption":"Schokoladenhaselnuss Runde Eva 500g"},{"@type":"BreadcrumbList","@id":"https:\/\/yasminfood.ch\/de\/product\/schokoladenhaselnuss-runde-eva-500g\/#breadcrumb","itemListElement":[{"@type":"ListItem","position":1,"name":"\u0627\u0644\u0631\u0626\u064a\u0633\u064a\u0629","item":"https:\/\/yasminfood.ch\/de\/zuhause\/"},{"@type":"ListItem","position":2,"name":"Shop","item":"https:\/\/yasminfood.ch\/de\/shop\/"},{"@type":"ListItem","position":3,"name":"Schokoladenhaselnuss Runde Eva 500g"}]},{"@type":"WebSite","@id":"https:\/\/yasminfood.ch\/de\/#website","url":"https:\/\/yasminfood.ch\/de\/","name":"\u064a\u0627\u0633\u0645\u064a\u0646 \u0645\u0627\u0631\u0643\u062a","description":"Alles, was Sie brauchen, an einem Ort","publisher":{"@id":"https:\/\/yasminfood.ch\/de\/#organization"},"alternateName":"Yasmin Food","potentialAction":[{"@type":"SearchAction","target":{"@type":"EntryPoint","urlTemplate":"https:\/\/yasminfood.ch\/de\/?s={search_term_string}"},"query-input":{"@type":"PropertyValueSpecification","valueRequired":true,"valueName":"search_term_string"}}],"inLanguage":"de"},{"@type":"Organization","@id":"https:\/\/yasminfood.ch\/de\/#organization","name":"\u064a\u0627\u0633\u0645\u064a\u0646 \u0645\u0627\u0631\u0643\u062a","alternateName":"Yasmin Food","url":"https:\/\/yasminfood.ch\/de\/","logo":{"@type":"ImageObject","inLanguage":"de","@id":"https:\/\/yasminfood.ch\/de\/#\/schema\/logo\/image\/","url":"https:\/\/yasminfood.ch\/wp-content\/uploads\/2025\/05\/yasmin-food-header-logo.png","contentUrl":"https:\/\/yasminfood.ch\/wp-content\/uploads\/2025\/05\/yasmin-food-header-logo.png","width":330,"height":120,"caption":"\u064a\u0627\u0633\u0645\u064a\u0646 \u0645\u0627\u0631\u0643\u062a"},"image":{"@id":"https:\/\/yasminfood.ch\/de\/#\/schema\/logo\/image\/"},"sameAs":["https:\/\/www.facebook.com\/yasminmarkt1","https:\/\/www.tiktok.com\/@yasminmarkt","https:\/\/www.instagram.com\/yasmin.markt1\/","https:\/\/api.whatsapp.com\/send\/?phone=41799000104"],"publishingPrinciples":"https:\/\/yasminfood.ch\/de\/shop\/","ownershipFundingInfo":"https:\/\/yasminfood.ch\/de\/shop\/"}]},"product_price_amount":"22.00","product_price_currency":"CHF","og_availability":"instock","product_availability":"instock","product_condition":"new"},"jetpack_sharing_enabled":true,"_links":{"self":[{"href":"https:\/\/yasminfood.ch\/de\/wp-json\/wp\/v2\/product\/122609","targetHints":{"allow":["GET"]}}],"collection":[{"href":"https:\/\/yasminfood.ch\/de\/wp-json\/wp\/v2\/product"}],"about":[{"href":"https:\/\/yasminfood.ch\/de\/wp-json\/wp\/v2\/types\/product"}],"replies":[{"embeddable":true,"href":"https:\/\/yasminfood.ch\/de\/wp-json\/wp\/v2\/comments?post=122609"}],"version-history":[{"count":0,"href":"https:\/\/yasminfood.ch\/de\/wp-json\/wp\/v2\/product\/122609\/revisions"}],"wp:featuredmedia":[{"embeddable":true,"href":"https:\/\/yasminfood.ch\/de\/wp-json\/wp\/v2\/media\/122606"}],"wp:attachment":[{"href":"https:\/\/yasminfood.ch\/de\/wp-json\/wp\/v2\/media?parent=122609"}],"wp:term":[{"taxonomy":"product_brand","embeddable":true,"href":"https:\/\/yasminfood.ch\/de\/wp-json\/wp\/v2\/product_brand?post=122609"},{"taxonomy":"product_cat","embeddable":true,"href":"https:\/\/yasminfood.ch\/de\/wp-json\/wp\/v2\/product_cat?post=122609"},{"taxonomy":"product_tag","embeddable":true,"href":"https:\/\/yasminfood.ch\/de\/wp-json\/wp\/v2\/product_tag?post=122609"}],"curies":[{"name":"wp","href":"https:\/\/api.w.org\/{rel}","templated":true}]}}