{"id":13862,"date":"2021-02-05T22:41:45","date_gmt":"2021-02-05T21:41:45","guid":{"rendered":"https:\/\/yasminfood.ch\/product\/tamarind-durra-500-g\/"},"modified":"2025-10-07T00:55:51","modified_gmt":"2025-10-06T22:55:51","slug":"tamer-hindi-durra-500-g","status":"publish","type":"product","link":"https:\/\/yasminfood.ch\/de\/product\/tamer-hindi-durra-500-g\/","title":{"rendered":"Tamarind Durra -500 g"},"content":{"rendered":"<article class=\"text-token-text-primary w-full focus:outline-none scroll-mt-[calc(var(--header-height)+min(200px,max(70px,20svh)))]\" dir=\"auto\" tabindex=\"-1\" data-turn-id=\"request-WEB:9d6fd385-8bdf-42af-8b6a-aabe262a1c71-37\" data-testid=\"conversation-turn-66\" data-scroll-anchor=\"true\" data-turn=\"assistant\">\n<div class=\"text-base my-auto mx-auto pb-10 [--thread-content-margin:--spacing(4)] thread-sm:[--thread-content-margin:--spacing(6)] thread-lg:[--thread-content-margin:--spacing(16)] px-(--thread-content-margin)\">\n<div class=\"[--thread-content-max-width:40rem] thread-lg:[--thread-content-max-width:48rem] mx-auto max-w-(--thread-content-max-width) flex-1 group\/turn-messages focus-visible:outline-hidden relative flex w-full min-w-0 flex-col agent-turn\" tabindex=\"-1\">\n<div class=\"flex max-w-full flex-col grow\">\n<div class=\"min-h-8 text-message relative flex w-full flex-col items-end gap-2 text-start break-words whitespace-normal [.text-message+&amp;]:mt-5\" dir=\"auto\" data-message-author-role=\"assistant\" data-message-id=\"3393b330-c46b-45f6-a32f-97071479062e\" data-message-model-slug=\"gpt-5\">\n<div class=\"flex w-full flex-col gap-1 empty:hidden first:pt-[1px]\">\n<div class=\"markdown prose dark:prose-invert w-full break-words light markdown-new-styling\">\n<p data-start=\"324\" data-end=\"351\"><strong data-start=\"324\" data-end=\"349\">Tamarinde Durra \u2013 500 g<\/strong><\/p>\n<ul>\n<li data-start=\"353\" data-end=\"612\">Es verleiht Ihnen den nat\u00fcrlichen, scharfen Geschmack, den jeder in traditionellen Getr\u00e4nken liebt.<\/li>\n<li data-start=\"353\" data-end=\"612\">Tamarinde ist als wesentliche Zutat f\u00fcr die Zubereitung erfrischender und wohltuender S\u00e4fte bekannt, insbesondere w\u00e4hrend des heiligen Monats Ramadan. <\/li>\n<li data-start=\"353\" data-end=\"612\">Tamarindensirup ist eines der begehrtesten Getr\u00e4nke auf dem Fr\u00fchst\u00fcckstisch.<\/li>\n<\/ul>\n<p data-start=\"614\" data-end=\"888\">Du kannst ganz einfach einen Smoothie daraus machen, indem du die St\u00fccke einige Zeit in Wasser einweichst und dann f\u00fcr ein reichhaltiges Getr\u00e4nk abseihst. Dieser Saft sorgt f\u00fcr ein Gef\u00fchl der Frische nach einem langen Fastentag und kann kalt mit Eis eingenommen oder mit anderen Zutaten wie Rosenwasser oder Zitrone gemischt werden, um einen vielseitigeren Geschmack zu erzielen.  <\/p>\n<p data-start=\"890\" data-end=\"1155\">Durra Tamarinde zeichnet sich durch ihre hohe Qualit\u00e4t aus und beh\u00e4lt ihren nat\u00fcrlichen Geschmack, wodurch sie sich nicht nur f\u00fcr Getr\u00e4nke, sondern auch f\u00fcr einige orientalische Rezepte eignet, die einen ausgewogenen s\u00e4uerlichen Geschmack erfordern. Die 500-g-Flasche bietet genug, um mehrere Liter Getr\u00e4nk zuzubereiten, was sie praktisch f\u00fcr gro\u00dfe Familien oder Veranstaltungen macht.   <\/p>\n<p data-start=\"1157\" data-end=\"1274\">Dieses Produkt garantiert Ihnen Frische und Qualit\u00e4t und ist die ideale Wahl, wenn Sie nach einer nat\u00fcrlichen Zutat suchen, um einen traditionellen Sirup herzustellen, der reich an Aromen ist. <\/p>\n<p data-start=\"1276\" data-end=\"1378\">\u2705 Nat\u00fcrlicher, scharfer und erfrischender Geschmack<br data-start=\"1298\" data-end=\"1301\">\u2705 Perfekt f\u00fcr Ramadan-Smoothies und Anl\u00e4sse<br data-start=\"1332\" data-end=\"1335\">\u2705 Eine 500g Flasche ist praktisch und erh\u00e4lt die Qualit\u00e4t<\/p>\n<\/div>\n<\/div>\n<\/div>\n<\/div>\n<\/div>\n<\/div>\n<\/article>\n<div class=\"pointer-events-none h-px w-px\" aria-hidden=\"true\" data-edge=\"true\"><\/div>\n","protected":false},"excerpt":{"rendered":"<p data-start=\"324\" data-end=\"351\"><strong data-start=\"324\" data-end=\"349\">Tamarinde Durra \u2013 500 g<\/strong><\/p>\n<ul>\n<li data-start=\"353\" data-end=\"612\">Es verleiht Ihnen den nat\u00fcrlichen, scharfen Geschmack, den jeder in traditionellen Getr\u00e4nken liebt.<\/li>\n<\/ul>\n","protected":false},"featured_media":109762,"comment_status":"open","ping_status":"closed","template":"","meta":[],"product_brand":[2316],"product_cat":[298,297,367,378],"product_tag":[600],"class_list":{"0":"post-13862","1":"product","2":"type-product","3":"status-publish","4":"has-post-thumbnail","6":"product_brand-durra-de","7":"product_cat-datteln","8":"product_cat-dessert-chips-2","9":"product_cat-getraenke-fluessigkeiten","10":"product_cat-safte","11":"product_tag-ausgezeichnete-qualitat","13":"first","14":"instock","15":"taxable","16":"shipping-taxable","17":"purchasable","18":"product-type-simple"},"yoast_head":"<!-- This site is optimized with the Yoast SEO Premium plugin v26.5 (Yoast SEO v27.3) - https:\/\/yoast.com\/product\/yoast-seo-premium-wordpress\/ -->\n<title>Tamarind Durra -500 g - Yasmin Food<\/title>\n<meta name=\"description\" content=\"Genie\u00dfen Sie einen erfrischenden und s\u00e4uerlichen Geschmack mit Tamarinde Durra -500 g. Es ist eine ideale Wahl f\u00fcr Ihre Getr\u00e4nke und wird in die Zubereitung traditioneller S\u00e4fte einflie\u00dfen. Tamarind Durra -500 g Tamarind Durra -500 g\" \/>\n<meta name=\"robots\" content=\"index, follow, max-snippet:-1, max-image-preview:large, max-video-preview:-1\" \/>\n<link rel=\"canonical\" href=\"https:\/\/yasminfood.ch\/de\/product\/tamer-hindi-durra-500-g\/\" \/>\n<meta property=\"og:locale\" content=\"de_DE\" \/>\n<meta property=\"og:type\" content=\"article\" \/>\n<meta property=\"og:title\" content=\"Tamarind Durra -500 g\" \/>\n<meta property=\"og:description\" content=\"Tamarinde Durra \u2013 500 g   Es verleiht Ihnen den nat\u00fcrlichen, scharfen Geschmack, den jeder in traditionellen Getr\u00e4nken liebt.\" \/>\n<meta property=\"og:url\" content=\"https:\/\/yasminfood.ch\/de\/product\/tamer-hindi-durra-500-g\/\" \/>\n<meta property=\"og:site_name\" content=\"Yasmin Food\" \/>\n<meta property=\"article:publisher\" content=\"https:\/\/www.facebook.com\/yasminmarkt1\" \/>\n<meta property=\"article:modified_time\" content=\"2025-10-06T22:55:51+00:00\" \/>\n<meta property=\"og:image\" content=\"https:\/\/yasminfood.ch\/wp-content\/uploads\/2021\/02\/\u062a\u0645\u0631-\u0647\u0646\u062f\u064a-\u0646\u0627\u0634\u0641-\u0627\u0644\u062f\u0631\u0629-500-\u063a.png\" \/>\n\t<meta property=\"og:image:width\" content=\"1080\" \/>\n\t<meta property=\"og:image:height\" content=\"1080\" \/>\n\t<meta property=\"og:image:type\" content=\"image\/png\" \/>\n<meta name=\"twitter:card\" content=\"summary_large_image\" \/>\n<meta name=\"twitter:label1\" content=\"Preis\" \/>\n\t<meta name=\"twitter:data1\" content=\"4.95&nbsp;&#067;&#072;&#070;\" \/>\n\t<meta name=\"twitter:label2\" content=\"Verf\u00fcgbarkeit\" \/>\n\t<meta name=\"twitter:data2\" content=\"Auf Lager\" \/>\n<script type=\"application\/ld+json\" class=\"yoast-schema-graph\">{\"@context\":\"https:\\\/\\\/schema.org\",\"@graph\":[{\"@type\":\"WebPage\",\"@id\":\"https:\\\/\\\/yasminfood.ch\\\/de\\\/product\\\/tamer-hindi-durra-500-g\\\/\",\"url\":\"https:\\\/\\\/yasminfood.ch\\\/de\\\/product\\\/tamer-hindi-durra-500-g\\\/\",\"name\":\"Tamarind Durra -500 g - Yasmin Food\",\"isPartOf\":{\"@id\":\"https:\\\/\\\/yasminfood.ch\\\/de\\\/#website\"},\"primaryImageOfPage\":{\"@id\":\"https:\\\/\\\/yasminfood.ch\\\/de\\\/product\\\/tamer-hindi-durra-500-g\\\/#primaryimage\"},\"image\":{\"@id\":\"https:\\\/\\\/yasminfood.ch\\\/de\\\/product\\\/tamer-hindi-durra-500-g\\\/#primaryimage\"},\"thumbnailUrl\":\"https:\\\/\\\/yasminfood.ch\\\/wp-content\\\/uploads\\\/2021\\\/02\\\/\u062a\u0645\u0631-\u0647\u0646\u062f\u064a-\u0646\u0627\u0634\u0641-\u0627\u0644\u062f\u0631\u0629-500-\u063a.png\",\"datePublished\":\"2021-02-05T21:41:45+00:00\",\"dateModified\":\"2025-10-06T22:55:51+00:00\",\"description\":\"Genie\u00dfen Sie einen erfrischenden und s\u00e4uerlichen Geschmack mit Tamarinde Durra -500 g. Es ist eine ideale Wahl f\u00fcr Ihre Getr\u00e4nke und wird in die Zubereitung traditioneller S\u00e4fte einflie\u00dfen. Tamarind Durra -500 g Tamarind Durra -500 g\",\"breadcrumb\":{\"@id\":\"https:\\\/\\\/yasminfood.ch\\\/de\\\/product\\\/tamer-hindi-durra-500-g\\\/#breadcrumb\"},\"inLanguage\":\"de\",\"potentialAction\":[{\"@type\":\"ReadAction\",\"target\":[\"https:\\\/\\\/yasminfood.ch\\\/de\\\/product\\\/tamer-hindi-durra-500-g\\\/\"]}]},{\"@type\":\"ImageObject\",\"inLanguage\":\"de\",\"@id\":\"https:\\\/\\\/yasminfood.ch\\\/de\\\/product\\\/tamer-hindi-durra-500-g\\\/#primaryimage\",\"url\":\"https:\\\/\\\/yasminfood.ch\\\/wp-content\\\/uploads\\\/2021\\\/02\\\/\u062a\u0645\u0631-\u0647\u0646\u062f\u064a-\u0646\u0627\u0634\u0641-\u0627\u0644\u062f\u0631\u0629-500-\u063a.png\",\"contentUrl\":\"https:\\\/\\\/yasminfood.ch\\\/wp-content\\\/uploads\\\/2021\\\/02\\\/\u062a\u0645\u0631-\u0647\u0646\u062f\u064a-\u0646\u0627\u0634\u0641-\u0627\u0644\u062f\u0631\u0629-500-\u063a.png\",\"width\":1080,\"height\":1080,\"caption\":\"Tamarind Durra -500 g\"},{\"@type\":\"BreadcrumbList\",\"@id\":\"https:\\\/\\\/yasminfood.ch\\\/de\\\/product\\\/tamer-hindi-durra-500-g\\\/#breadcrumb\",\"itemListElement\":[{\"@type\":\"ListItem\",\"position\":1,\"name\":\"\u0627\u0644\u0631\u0626\u064a\u0633\u064a\u0629\",\"item\":\"https:\\\/\\\/yasminfood.ch\\\/de\\\/zuhause\\\/\"},{\"@type\":\"ListItem\",\"position\":2,\"name\":\"Shop\",\"item\":\"https:\\\/\\\/yasminfood.ch\\\/de\\\/shop\\\/\"},{\"@type\":\"ListItem\",\"position\":3,\"name\":\"Dessert &amp; Chips\",\"item\":\"https:\\\/\\\/yasminfood.ch\\\/de\\\/produkt-kategorie\\\/dessert-chips-2\\\/\"},{\"@type\":\"ListItem\",\"position\":4,\"name\":\"Datteln\",\"item\":\"https:\\\/\\\/yasminfood.ch\\\/de\\\/produkt-kategorie\\\/dessert-chips-2\\\/datteln\\\/\"},{\"@type\":\"ListItem\",\"position\":5,\"name\":\"Tamarind Durra -500 g\"}]},{\"@type\":\"WebSite\",\"@id\":\"https:\\\/\\\/yasminfood.ch\\\/de\\\/#website\",\"url\":\"https:\\\/\\\/yasminfood.ch\\\/de\\\/\",\"name\":\"\u064a\u0627\u0633\u0645\u064a\u0646 \u0645\u0627\u0631\u0643\u062a\",\"description\":\"Alles, was Sie brauchen, an einem Ort\",\"publisher\":{\"@id\":\"https:\\\/\\\/yasminfood.ch\\\/de\\\/#organization\"},\"alternateName\":\"Yasmin Food\",\"potentialAction\":[{\"@type\":\"SearchAction\",\"target\":{\"@type\":\"EntryPoint\",\"urlTemplate\":\"https:\\\/\\\/yasminfood.ch\\\/de\\\/?s={search_term_string}\"},\"query-input\":{\"@type\":\"PropertyValueSpecification\",\"valueRequired\":true,\"valueName\":\"search_term_string\"}}],\"inLanguage\":\"de\"},{\"@type\":\"Organization\",\"@id\":\"https:\\\/\\\/yasminfood.ch\\\/de\\\/#organization\",\"name\":\"\u064a\u0627\u0633\u0645\u064a\u0646 \u0645\u0627\u0631\u0643\u062a\",\"alternateName\":\"Yasmin Food\",\"url\":\"https:\\\/\\\/yasminfood.ch\\\/de\\\/\",\"logo\":{\"@type\":\"ImageObject\",\"inLanguage\":\"de\",\"@id\":\"https:\\\/\\\/yasminfood.ch\\\/de\\\/#\\\/schema\\\/logo\\\/image\\\/\",\"url\":\"https:\\\/\\\/yasminfood.ch\\\/wp-content\\\/uploads\\\/2025\\\/05\\\/yasmin-food-header-logo.png\",\"contentUrl\":\"https:\\\/\\\/yasminfood.ch\\\/wp-content\\\/uploads\\\/2025\\\/05\\\/yasmin-food-header-logo.png\",\"width\":330,\"height\":120,\"caption\":\"\u064a\u0627\u0633\u0645\u064a\u0646 \u0645\u0627\u0631\u0643\u062a\"},\"image\":{\"@id\":\"https:\\\/\\\/yasminfood.ch\\\/de\\\/#\\\/schema\\\/logo\\\/image\\\/\"},\"sameAs\":[\"https:\\\/\\\/www.facebook.com\\\/yasminmarkt1\",\"https:\\\/\\\/www.tiktok.com\\\/@yasminmarkt\",\"https:\\\/\\\/www.instagram.com\\\/yasmin.markt1\\\/\",\"https:\\\/\\\/api.whatsapp.com\\\/send\\\/?phone=41799000104\"],\"publishingPrinciples\":\"https:\\\/\\\/yasminfood.ch\\\/de\\\/shop\\\/\",\"ownershipFundingInfo\":\"https:\\\/\\\/yasminfood.ch\\\/de\\\/shop\\\/\"}]}<\/script>\n<meta property=\"product:price:amount\" content=\"4.95\" \/>\n<meta property=\"product:price:currency\" content=\"CHF\" \/>\n<meta property=\"og:availability\" content=\"instock\" \/>\n<meta property=\"product:availability\" content=\"instock\" \/>\n<meta property=\"product:condition\" content=\"new\" \/>\n<!-- \/ Yoast SEO Premium plugin. -->","yoast_head_json":{"title":"Tamarind Durra -500 g - Yasmin Food","description":"Genie\u00dfen Sie einen erfrischenden und s\u00e4uerlichen Geschmack mit Tamarinde Durra -500 g. Es ist eine ideale Wahl f\u00fcr Ihre Getr\u00e4nke und wird in die Zubereitung traditioneller S\u00e4fte einflie\u00dfen. Tamarind Durra -500 g Tamarind Durra -500 g","robots":{"index":"index","follow":"follow","max-snippet":"max-snippet:-1","max-image-preview":"max-image-preview:large","max-video-preview":"max-video-preview:-1"},"canonical":"https:\/\/yasminfood.ch\/de\/product\/tamer-hindi-durra-500-g\/","og_locale":"de_DE","og_type":"article","og_title":"Tamarind Durra -500 g","og_description":"Tamarinde Durra \u2013 500 g   Es verleiht Ihnen den nat\u00fcrlichen, scharfen Geschmack, den jeder in traditionellen Getr\u00e4nken liebt.","og_url":"https:\/\/yasminfood.ch\/de\/product\/tamer-hindi-durra-500-g\/","og_site_name":"Yasmin Food","article_publisher":"https:\/\/www.facebook.com\/yasminmarkt1","article_modified_time":"2025-10-06T22:55:51+00:00","og_image":[{"width":1080,"height":1080,"url":"https:\/\/yasminfood.ch\/wp-content\/uploads\/2021\/02\/\u062a\u0645\u0631-\u0647\u0646\u062f\u064a-\u0646\u0627\u0634\u0641-\u0627\u0644\u062f\u0631\u0629-500-\u063a.png","type":"image\/png"}],"twitter_card":"summary_large_image","twitter_misc":{"Preis":"4.95&nbsp;&#67;&#72;&#70;","Verf\u00fcgbarkeit":"Auf Lager"},"schema":{"@context":"https:\/\/schema.org","@graph":[{"@type":"WebPage","@id":"https:\/\/yasminfood.ch\/de\/product\/tamer-hindi-durra-500-g\/","url":"https:\/\/yasminfood.ch\/de\/product\/tamer-hindi-durra-500-g\/","name":"Tamarind Durra -500 g - Yasmin Food","isPartOf":{"@id":"https:\/\/yasminfood.ch\/de\/#website"},"primaryImageOfPage":{"@id":"https:\/\/yasminfood.ch\/de\/product\/tamer-hindi-durra-500-g\/#primaryimage"},"image":{"@id":"https:\/\/yasminfood.ch\/de\/product\/tamer-hindi-durra-500-g\/#primaryimage"},"thumbnailUrl":"https:\/\/yasminfood.ch\/wp-content\/uploads\/2021\/02\/\u062a\u0645\u0631-\u0647\u0646\u062f\u064a-\u0646\u0627\u0634\u0641-\u0627\u0644\u062f\u0631\u0629-500-\u063a.png","datePublished":"2021-02-05T21:41:45+00:00","dateModified":"2025-10-06T22:55:51+00:00","description":"Genie\u00dfen Sie einen erfrischenden und s\u00e4uerlichen Geschmack mit Tamarinde Durra -500 g. Es ist eine ideale Wahl f\u00fcr Ihre Getr\u00e4nke und wird in die Zubereitung traditioneller S\u00e4fte einflie\u00dfen. Tamarind Durra -500 g Tamarind Durra -500 g","breadcrumb":{"@id":"https:\/\/yasminfood.ch\/de\/product\/tamer-hindi-durra-500-g\/#breadcrumb"},"inLanguage":"de","potentialAction":[{"@type":"ReadAction","target":["https:\/\/yasminfood.ch\/de\/product\/tamer-hindi-durra-500-g\/"]}]},{"@type":"ImageObject","inLanguage":"de","@id":"https:\/\/yasminfood.ch\/de\/product\/tamer-hindi-durra-500-g\/#primaryimage","url":"https:\/\/yasminfood.ch\/wp-content\/uploads\/2021\/02\/\u062a\u0645\u0631-\u0647\u0646\u062f\u064a-\u0646\u0627\u0634\u0641-\u0627\u0644\u062f\u0631\u0629-500-\u063a.png","contentUrl":"https:\/\/yasminfood.ch\/wp-content\/uploads\/2021\/02\/\u062a\u0645\u0631-\u0647\u0646\u062f\u064a-\u0646\u0627\u0634\u0641-\u0627\u0644\u062f\u0631\u0629-500-\u063a.png","width":1080,"height":1080,"caption":"Tamarind Durra -500 g"},{"@type":"BreadcrumbList","@id":"https:\/\/yasminfood.ch\/de\/product\/tamer-hindi-durra-500-g\/#breadcrumb","itemListElement":[{"@type":"ListItem","position":1,"name":"\u0627\u0644\u0631\u0626\u064a\u0633\u064a\u0629","item":"https:\/\/yasminfood.ch\/de\/zuhause\/"},{"@type":"ListItem","position":2,"name":"Shop","item":"https:\/\/yasminfood.ch\/de\/shop\/"},{"@type":"ListItem","position":3,"name":"Dessert &amp; Chips","item":"https:\/\/yasminfood.ch\/de\/produkt-kategorie\/dessert-chips-2\/"},{"@type":"ListItem","position":4,"name":"Datteln","item":"https:\/\/yasminfood.ch\/de\/produkt-kategorie\/dessert-chips-2\/datteln\/"},{"@type":"ListItem","position":5,"name":"Tamarind Durra -500 g"}]},{"@type":"WebSite","@id":"https:\/\/yasminfood.ch\/de\/#website","url":"https:\/\/yasminfood.ch\/de\/","name":"\u064a\u0627\u0633\u0645\u064a\u0646 \u0645\u0627\u0631\u0643\u062a","description":"Alles, was Sie brauchen, an einem Ort","publisher":{"@id":"https:\/\/yasminfood.ch\/de\/#organization"},"alternateName":"Yasmin Food","potentialAction":[{"@type":"SearchAction","target":{"@type":"EntryPoint","urlTemplate":"https:\/\/yasminfood.ch\/de\/?s={search_term_string}"},"query-input":{"@type":"PropertyValueSpecification","valueRequired":true,"valueName":"search_term_string"}}],"inLanguage":"de"},{"@type":"Organization","@id":"https:\/\/yasminfood.ch\/de\/#organization","name":"\u064a\u0627\u0633\u0645\u064a\u0646 \u0645\u0627\u0631\u0643\u062a","alternateName":"Yasmin Food","url":"https:\/\/yasminfood.ch\/de\/","logo":{"@type":"ImageObject","inLanguage":"de","@id":"https:\/\/yasminfood.ch\/de\/#\/schema\/logo\/image\/","url":"https:\/\/yasminfood.ch\/wp-content\/uploads\/2025\/05\/yasmin-food-header-logo.png","contentUrl":"https:\/\/yasminfood.ch\/wp-content\/uploads\/2025\/05\/yasmin-food-header-logo.png","width":330,"height":120,"caption":"\u064a\u0627\u0633\u0645\u064a\u0646 \u0645\u0627\u0631\u0643\u062a"},"image":{"@id":"https:\/\/yasminfood.ch\/de\/#\/schema\/logo\/image\/"},"sameAs":["https:\/\/www.facebook.com\/yasminmarkt1","https:\/\/www.tiktok.com\/@yasminmarkt","https:\/\/www.instagram.com\/yasmin.markt1\/","https:\/\/api.whatsapp.com\/send\/?phone=41799000104"],"publishingPrinciples":"https:\/\/yasminfood.ch\/de\/shop\/","ownershipFundingInfo":"https:\/\/yasminfood.ch\/de\/shop\/"}]},"product_price_amount":"4.95","product_price_currency":"CHF","og_availability":"instock","product_availability":"instock","product_condition":"new"},"jetpack_sharing_enabled":true,"_links":{"self":[{"href":"https:\/\/yasminfood.ch\/de\/wp-json\/wp\/v2\/product\/13862","targetHints":{"allow":["GET"]}}],"collection":[{"href":"https:\/\/yasminfood.ch\/de\/wp-json\/wp\/v2\/product"}],"about":[{"href":"https:\/\/yasminfood.ch\/de\/wp-json\/wp\/v2\/types\/product"}],"replies":[{"embeddable":true,"href":"https:\/\/yasminfood.ch\/de\/wp-json\/wp\/v2\/comments?post=13862"}],"version-history":[{"count":1,"href":"https:\/\/yasminfood.ch\/de\/wp-json\/wp\/v2\/product\/13862\/revisions"}],"predecessor-version":[{"id":120022,"href":"https:\/\/yasminfood.ch\/de\/wp-json\/wp\/v2\/product\/13862\/revisions\/120022"}],"wp:featuredmedia":[{"embeddable":true,"href":"https:\/\/yasminfood.ch\/de\/wp-json\/wp\/v2\/media\/109762"}],"wp:attachment":[{"href":"https:\/\/yasminfood.ch\/de\/wp-json\/wp\/v2\/media?parent=13862"}],"wp:term":[{"taxonomy":"product_brand","embeddable":true,"href":"https:\/\/yasminfood.ch\/de\/wp-json\/wp\/v2\/product_brand?post=13862"},{"taxonomy":"product_cat","embeddable":true,"href":"https:\/\/yasminfood.ch\/de\/wp-json\/wp\/v2\/product_cat?post=13862"},{"taxonomy":"product_tag","embeddable":true,"href":"https:\/\/yasminfood.ch\/de\/wp-json\/wp\/v2\/product_tag?post=13862"}],"curies":[{"name":"wp","href":"https:\/\/api.w.org\/{rel}","templated":true}]}}