{"id":13884,"date":"2021-02-09T22:50:13","date_gmt":"2021-02-09T21:50:13","guid":{"rendered":"https:\/\/yasminfood.ch\/product\/venetien-sirup-zentrum-700ml\/"},"modified":"2025-10-07T00:42:40","modified_gmt":"2025-10-06T22:42:40","slug":"sirup-veneto-center-700ml","status":"publish","type":"product","link":"https:\/\/yasminfood.ch\/de\/product\/sirup-veneto-center-700ml\/","title":{"rendered":"Vimito Center Drink -700ml"},"content":{"rendered":"<article class=\"text-token-text-primary w-full focus:outline-none scroll-mt-[calc(var(--header-height)+min(200px,max(70px,20svh)))]\" dir=\"auto\" tabindex=\"-1\" data-turn-id=\"request-WEB:9d6fd385-8bdf-42af-8b6a-aabe262a1c71-36\" data-testid=\"conversation-turn-64\" data-scroll-anchor=\"true\" data-turn=\"assistant\">\n<div class=\"text-base my-auto mx-auto pb-10 [--thread-content-margin:--spacing(4)] thread-sm:[--thread-content-margin:--spacing(6)] thread-lg:[--thread-content-margin:--spacing(16)] px-(--thread-content-margin)\">\n<div class=\"[--thread-content-max-width:40rem] thread-lg:[--thread-content-max-width:48rem] mx-auto max-w-(--thread-content-max-width) flex-1 group\/turn-messages focus-visible:outline-hidden relative flex w-full min-w-0 flex-col agent-turn\" tabindex=\"-1\">\n<div class=\"flex max-w-full flex-col grow\">\n<div class=\"min-h-8 text-message relative flex w-full flex-col items-end gap-2 text-start break-words whitespace-normal [.text-message+&amp;]:mt-5\" dir=\"auto\" data-message-author-role=\"assistant\" data-message-id=\"a1b6794c-2a6e-4420-abd8-c60208dd6e30\" data-message-model-slug=\"gpt-5\">\n<div class=\"flex w-full flex-col gap-1 empty:hidden first:pt-[1px]\">\n<div class=\"markdown prose dark:prose-invert w-full break-words light markdown-new-styling\">\n<p data-start=\"0\" data-end=\"25\"><strong>Vimto Konzentrierter Sirup \u2013 700ml<\/strong><\/p>\n<ul>\n<li data-start=\"27\" data-end=\"176\">Vimto Konzentratsirup hat einen einzigartigen Geschmack, der nat\u00fcrliche Fruchtaromen kombiniert. Es gilt als eines der beliebtesten Erfrischungsgetr\u00e4nke, die Familiensitzungen und Veranstaltungen begleiten. <\/li>\n<li data-start=\"27\" data-end=\"176\">Sie k\u00f6nnen es mit kaltem Wasser mischen oder Eis hinzuf\u00fcgen, um ein erfrischendes Getr\u00e4nk mit reichhaltigem Geschmack zu erhalten.<\/li>\n<li data-start=\"27\" data-end=\"176\">Sie k\u00f6nnen es auch in einige Dessert- und Eisrezepte aufnehmen, um ihm eine besondere Note zu verleihen.<\/li>\n<li data-start=\"27\" data-end=\"176\">Das Produkt ist in einer 700-ml-Glasflasche erh\u00e4ltlich, die den Geschmack und die Qualit\u00e4t bewahrt.<\/li>\n<\/ul>\n<p data-start=\"388\" data-end=\"479\" data-is-last-node=\"\" data-is-only-node=\"\">\u2705 Reichhaltiger, erfrischender Geschmack mit fruchtigem Geschmack<br data-start=\"416\" data-end=\"419\">\u2705 Geeignet f\u00fcr Sessions und Events<br data-start=\"445\" data-end=\"448\">\u2705 Praktische Glasflasche 700ml<\/p>\n<\/div>\n<\/div>\n<\/div>\n<\/div>\n<div class=\"z-0 flex min-h-[46px] justify-start\"><\/div>\n<\/div>\n<\/div>\n<\/article>\n<div class=\"pointer-events-none h-px w-px\" aria-hidden=\"true\" data-edge=\"true\"><\/div>\n","protected":false},"excerpt":{"rendered":"<p data-start=\"0\" data-end=\"25\"><strong>Vimto Konzentrierter Sirup \u2013 700ml<\/strong><\/p>\n<ul>\n<li data-start=\"27\" data-end=\"176\">Vimto Konzentratsirup hat einen einzigartigen Geschmack, der nat\u00fcrliche Fruchtaromen kombiniert. Es gilt als eines der beliebtesten Erfrischungsgetr\u00e4nke, die Familiensitzungen und Veranstaltungen begleiten. <\/li>\n<\/ul>\n","protected":false},"featured_media":109758,"comment_status":"open","ping_status":"closed","template":"","meta":[],"product_brand":[],"product_cat":[367,378],"product_tag":[1231],"class_list":{"0":"post-13884","1":"product","2":"type-product","3":"status-publish","4":"has-post-thumbnail","6":"product_cat-getraenke-fluessigkeiten","7":"product_cat-safte","8":"product_tag-ursprung-saudi-arabien","10":"first","11":"outofstock","12":"taxable","13":"shipping-taxable","14":"purchasable","15":"product-type-simple"},"yoast_head":"<!-- This site is optimized with the Yoast SEO Premium plugin v26.5 (Yoast SEO v27.4) - https:\/\/yoast.com\/product\/yoast-seo-premium-wordpress\/ -->\n<title>Vimito Center Drink -700ml - Yasmin Food<\/title>\n<meta name=\"description\" content=\"Genie\u00dfen Sie den einzigartigen Geschmack von Vimeto Konzentrat Sirup -700ml mit nat\u00fcrlichen Fruchtaromen! Bereiten Sie es mit kaltem Wasser vor, um eine reibungslose Genesung zu gew\u00e4hrleisten. Vimito Center Drink -700ml\" \/>\n<meta name=\"robots\" content=\"index, follow, max-snippet:-1, max-image-preview:large, max-video-preview:-1\" \/>\n<link rel=\"canonical\" href=\"https:\/\/yasminfood.ch\/de\/product\/sirup-veneto-center-700ml\/\" \/>\n<meta property=\"og:locale\" content=\"de_DE\" \/>\n<meta property=\"og:type\" content=\"article\" \/>\n<meta property=\"og:title\" content=\"Vimito Center Drink -700ml\" \/>\n<meta property=\"og:description\" content=\"Vimto Konzentrierter Sirup \u2013 700ml   Vimto Konzentratsirup hat einen einzigartigen Geschmack, der nat\u00fcrliche Fruchtaromen kombiniert. Es gilt als eines der beliebtesten Erfrischungsgetr\u00e4nke, die Familiensitzungen und Veranstaltungen begleiten.\" \/>\n<meta property=\"og:url\" content=\"https:\/\/yasminfood.ch\/de\/product\/sirup-veneto-center-700ml\/\" \/>\n<meta property=\"og:site_name\" content=\"Yasmin Food\" \/>\n<meta property=\"article:publisher\" content=\"https:\/\/www.facebook.com\/yasminmarkt1\" \/>\n<meta property=\"article:modified_time\" content=\"2025-10-06T22:42:40+00:00\" \/>\n<meta property=\"og:image\" content=\"https:\/\/yasminfood.ch\/wp-content\/uploads\/2021\/02\/\u0641\u064a\u0645\u062a\u0648-710-\u0645\u0644.png\" \/>\n\t<meta property=\"og:image:width\" content=\"1080\" \/>\n\t<meta property=\"og:image:height\" content=\"1080\" \/>\n\t<meta property=\"og:image:type\" content=\"image\/png\" \/>\n<meta name=\"twitter:card\" content=\"summary_large_image\" \/>\n<meta name=\"twitter:label1\" content=\"Preis\" \/>\n\t<meta name=\"twitter:data1\" content=\"6.50&nbsp;&#067;&#072;&#070;\" \/>\n\t<meta name=\"twitter:label2\" content=\"Verf\u00fcgbarkeit\" \/>\n\t<meta name=\"twitter:data2\" content=\"ausverkauft\" \/>\n<script type=\"application\/ld+json\" class=\"yoast-schema-graph\">{\"@context\":\"https:\\\/\\\/schema.org\",\"@graph\":[{\"@type\":\"WebPage\",\"@id\":\"https:\\\/\\\/yasminfood.ch\\\/de\\\/product\\\/sirup-veneto-center-700ml\\\/\",\"url\":\"https:\\\/\\\/yasminfood.ch\\\/de\\\/product\\\/sirup-veneto-center-700ml\\\/\",\"name\":\"Vimito Center Drink -700ml - Yasmin Food\",\"isPartOf\":{\"@id\":\"https:\\\/\\\/yasminfood.ch\\\/de\\\/#website\"},\"primaryImageOfPage\":{\"@id\":\"https:\\\/\\\/yasminfood.ch\\\/de\\\/product\\\/sirup-veneto-center-700ml\\\/#primaryimage\"},\"image\":{\"@id\":\"https:\\\/\\\/yasminfood.ch\\\/de\\\/product\\\/sirup-veneto-center-700ml\\\/#primaryimage\"},\"thumbnailUrl\":\"https:\\\/\\\/yasminfood.ch\\\/wp-content\\\/uploads\\\/2021\\\/02\\\/\u0641\u064a\u0645\u062a\u0648-710-\u0645\u0644.png\",\"datePublished\":\"2021-02-09T21:50:13+00:00\",\"dateModified\":\"2025-10-06T22:42:40+00:00\",\"description\":\"Genie\u00dfen Sie den einzigartigen Geschmack von Vimeto Konzentrat Sirup -700ml mit nat\u00fcrlichen Fruchtaromen! Bereiten Sie es mit kaltem Wasser vor, um eine reibungslose Genesung zu gew\u00e4hrleisten. Vimito Center Drink -700ml\",\"breadcrumb\":{\"@id\":\"https:\\\/\\\/yasminfood.ch\\\/de\\\/product\\\/sirup-veneto-center-700ml\\\/#breadcrumb\"},\"inLanguage\":\"de\",\"potentialAction\":[{\"@type\":\"ReadAction\",\"target\":[\"https:\\\/\\\/yasminfood.ch\\\/de\\\/product\\\/sirup-veneto-center-700ml\\\/\"]}]},{\"@type\":\"ImageObject\",\"inLanguage\":\"de\",\"@id\":\"https:\\\/\\\/yasminfood.ch\\\/de\\\/product\\\/sirup-veneto-center-700ml\\\/#primaryimage\",\"url\":\"https:\\\/\\\/yasminfood.ch\\\/wp-content\\\/uploads\\\/2021\\\/02\\\/\u0641\u064a\u0645\u062a\u0648-710-\u0645\u0644.png\",\"contentUrl\":\"https:\\\/\\\/yasminfood.ch\\\/wp-content\\\/uploads\\\/2021\\\/02\\\/\u0641\u064a\u0645\u062a\u0648-710-\u0645\u0644.png\",\"width\":1080,\"height\":1080,\"caption\":\"Vimito Center Drink -700ml\"},{\"@type\":\"BreadcrumbList\",\"@id\":\"https:\\\/\\\/yasminfood.ch\\\/de\\\/product\\\/sirup-veneto-center-700ml\\\/#breadcrumb\",\"itemListElement\":[{\"@type\":\"ListItem\",\"position\":1,\"name\":\"\u0627\u0644\u0631\u0626\u064a\u0633\u064a\u0629\",\"item\":\"https:\\\/\\\/yasminfood.ch\\\/de\\\/zuhause\\\/\"},{\"@type\":\"ListItem\",\"position\":2,\"name\":\"Shop\",\"item\":\"https:\\\/\\\/yasminfood.ch\\\/de\\\/shop\\\/\"},{\"@type\":\"ListItem\",\"position\":3,\"name\":\"Getr\u00e4nke &amp; Fl\u00fcssigkeiten\",\"item\":\"https:\\\/\\\/yasminfood.ch\\\/de\\\/produkt-kategorie\\\/getraenke-fluessigkeiten\\\/\"},{\"@type\":\"ListItem\",\"position\":4,\"name\":\"S\u00e4fte\",\"item\":\"https:\\\/\\\/yasminfood.ch\\\/de\\\/produkt-kategorie\\\/getraenke-fluessigkeiten\\\/safte\\\/\"},{\"@type\":\"ListItem\",\"position\":5,\"name\":\"Vimito Center Drink -700ml\"}]},{\"@type\":\"WebSite\",\"@id\":\"https:\\\/\\\/yasminfood.ch\\\/de\\\/#website\",\"url\":\"https:\\\/\\\/yasminfood.ch\\\/de\\\/\",\"name\":\"\u064a\u0627\u0633\u0645\u064a\u0646 \u0645\u0627\u0631\u0643\u062a\",\"description\":\"Alles, was Sie brauchen, an einem Ort\",\"publisher\":{\"@id\":\"https:\\\/\\\/yasminfood.ch\\\/de\\\/#organization\"},\"alternateName\":\"Yasmin Food\",\"potentialAction\":[{\"@type\":\"SearchAction\",\"target\":{\"@type\":\"EntryPoint\",\"urlTemplate\":\"https:\\\/\\\/yasminfood.ch\\\/de\\\/?s={search_term_string}\"},\"query-input\":{\"@type\":\"PropertyValueSpecification\",\"valueRequired\":true,\"valueName\":\"search_term_string\"}}],\"inLanguage\":\"de\"},{\"@type\":\"Organization\",\"@id\":\"https:\\\/\\\/yasminfood.ch\\\/de\\\/#organization\",\"name\":\"\u064a\u0627\u0633\u0645\u064a\u0646 \u0645\u0627\u0631\u0643\u062a\",\"alternateName\":\"Yasmin Food\",\"url\":\"https:\\\/\\\/yasminfood.ch\\\/de\\\/\",\"logo\":{\"@type\":\"ImageObject\",\"inLanguage\":\"de\",\"@id\":\"https:\\\/\\\/yasminfood.ch\\\/de\\\/#\\\/schema\\\/logo\\\/image\\\/\",\"url\":\"https:\\\/\\\/yasminfood.ch\\\/wp-content\\\/uploads\\\/2025\\\/05\\\/yasmin-food-header-logo.png\",\"contentUrl\":\"https:\\\/\\\/yasminfood.ch\\\/wp-content\\\/uploads\\\/2025\\\/05\\\/yasmin-food-header-logo.png\",\"width\":330,\"height\":120,\"caption\":\"\u064a\u0627\u0633\u0645\u064a\u0646 \u0645\u0627\u0631\u0643\u062a\"},\"image\":{\"@id\":\"https:\\\/\\\/yasminfood.ch\\\/de\\\/#\\\/schema\\\/logo\\\/image\\\/\"},\"sameAs\":[\"https:\\\/\\\/www.facebook.com\\\/yasminmarkt1\",\"https:\\\/\\\/www.tiktok.com\\\/@yasminmarkt\",\"https:\\\/\\\/www.instagram.com\\\/yasmin.markt1\\\/\",\"https:\\\/\\\/api.whatsapp.com\\\/send\\\/?phone=41799000104\"],\"publishingPrinciples\":\"https:\\\/\\\/yasminfood.ch\\\/de\\\/shop\\\/\",\"ownershipFundingInfo\":\"https:\\\/\\\/yasminfood.ch\\\/de\\\/shop\\\/\"}]}<\/script>\n<meta property=\"product:price:amount\" content=\"6.50\" \/>\n<meta property=\"product:price:currency\" content=\"CHF\" \/>\n<meta property=\"og:availability\" content=\"out of stock\" \/>\n<meta property=\"product:availability\" content=\"out of stock\" \/>\n<meta property=\"product:condition\" content=\"new\" \/>\n<!-- \/ Yoast SEO Premium plugin. -->","yoast_head_json":{"title":"Vimito Center Drink -700ml - Yasmin Food","description":"Genie\u00dfen Sie den einzigartigen Geschmack von Vimeto Konzentrat Sirup -700ml mit nat\u00fcrlichen Fruchtaromen! Bereiten Sie es mit kaltem Wasser vor, um eine reibungslose Genesung zu gew\u00e4hrleisten. Vimito Center Drink -700ml","robots":{"index":"index","follow":"follow","max-snippet":"max-snippet:-1","max-image-preview":"max-image-preview:large","max-video-preview":"max-video-preview:-1"},"canonical":"https:\/\/yasminfood.ch\/de\/product\/sirup-veneto-center-700ml\/","og_locale":"de_DE","og_type":"article","og_title":"Vimito Center Drink -700ml","og_description":"Vimto Konzentrierter Sirup \u2013 700ml   Vimto Konzentratsirup hat einen einzigartigen Geschmack, der nat\u00fcrliche Fruchtaromen kombiniert. Es gilt als eines der beliebtesten Erfrischungsgetr\u00e4nke, die Familiensitzungen und Veranstaltungen begleiten.","og_url":"https:\/\/yasminfood.ch\/de\/product\/sirup-veneto-center-700ml\/","og_site_name":"Yasmin Food","article_publisher":"https:\/\/www.facebook.com\/yasminmarkt1","article_modified_time":"2025-10-06T22:42:40+00:00","og_image":[{"width":1080,"height":1080,"url":"https:\/\/yasminfood.ch\/wp-content\/uploads\/2021\/02\/\u0641\u064a\u0645\u062a\u0648-710-\u0645\u0644.png","type":"image\/png"}],"twitter_card":"summary_large_image","twitter_misc":{"Preis":"6.50&nbsp;&#67;&#72;&#70;","Verf\u00fcgbarkeit":"ausverkauft"},"schema":{"@context":"https:\/\/schema.org","@graph":[{"@type":"WebPage","@id":"https:\/\/yasminfood.ch\/de\/product\/sirup-veneto-center-700ml\/","url":"https:\/\/yasminfood.ch\/de\/product\/sirup-veneto-center-700ml\/","name":"Vimito Center Drink -700ml - Yasmin Food","isPartOf":{"@id":"https:\/\/yasminfood.ch\/de\/#website"},"primaryImageOfPage":{"@id":"https:\/\/yasminfood.ch\/de\/product\/sirup-veneto-center-700ml\/#primaryimage"},"image":{"@id":"https:\/\/yasminfood.ch\/de\/product\/sirup-veneto-center-700ml\/#primaryimage"},"thumbnailUrl":"https:\/\/yasminfood.ch\/wp-content\/uploads\/2021\/02\/\u0641\u064a\u0645\u062a\u0648-710-\u0645\u0644.png","datePublished":"2021-02-09T21:50:13+00:00","dateModified":"2025-10-06T22:42:40+00:00","description":"Genie\u00dfen Sie den einzigartigen Geschmack von Vimeto Konzentrat Sirup -700ml mit nat\u00fcrlichen Fruchtaromen! Bereiten Sie es mit kaltem Wasser vor, um eine reibungslose Genesung zu gew\u00e4hrleisten. Vimito Center Drink -700ml","breadcrumb":{"@id":"https:\/\/yasminfood.ch\/de\/product\/sirup-veneto-center-700ml\/#breadcrumb"},"inLanguage":"de","potentialAction":[{"@type":"ReadAction","target":["https:\/\/yasminfood.ch\/de\/product\/sirup-veneto-center-700ml\/"]}]},{"@type":"ImageObject","inLanguage":"de","@id":"https:\/\/yasminfood.ch\/de\/product\/sirup-veneto-center-700ml\/#primaryimage","url":"https:\/\/yasminfood.ch\/wp-content\/uploads\/2021\/02\/\u0641\u064a\u0645\u062a\u0648-710-\u0645\u0644.png","contentUrl":"https:\/\/yasminfood.ch\/wp-content\/uploads\/2021\/02\/\u0641\u064a\u0645\u062a\u0648-710-\u0645\u0644.png","width":1080,"height":1080,"caption":"Vimito Center Drink -700ml"},{"@type":"BreadcrumbList","@id":"https:\/\/yasminfood.ch\/de\/product\/sirup-veneto-center-700ml\/#breadcrumb","itemListElement":[{"@type":"ListItem","position":1,"name":"\u0627\u0644\u0631\u0626\u064a\u0633\u064a\u0629","item":"https:\/\/yasminfood.ch\/de\/zuhause\/"},{"@type":"ListItem","position":2,"name":"Shop","item":"https:\/\/yasminfood.ch\/de\/shop\/"},{"@type":"ListItem","position":3,"name":"Getr\u00e4nke &amp; Fl\u00fcssigkeiten","item":"https:\/\/yasminfood.ch\/de\/produkt-kategorie\/getraenke-fluessigkeiten\/"},{"@type":"ListItem","position":4,"name":"S\u00e4fte","item":"https:\/\/yasminfood.ch\/de\/produkt-kategorie\/getraenke-fluessigkeiten\/safte\/"},{"@type":"ListItem","position":5,"name":"Vimito Center Drink -700ml"}]},{"@type":"WebSite","@id":"https:\/\/yasminfood.ch\/de\/#website","url":"https:\/\/yasminfood.ch\/de\/","name":"\u064a\u0627\u0633\u0645\u064a\u0646 \u0645\u0627\u0631\u0643\u062a","description":"Alles, was Sie brauchen, an einem Ort","publisher":{"@id":"https:\/\/yasminfood.ch\/de\/#organization"},"alternateName":"Yasmin Food","potentialAction":[{"@type":"SearchAction","target":{"@type":"EntryPoint","urlTemplate":"https:\/\/yasminfood.ch\/de\/?s={search_term_string}"},"query-input":{"@type":"PropertyValueSpecification","valueRequired":true,"valueName":"search_term_string"}}],"inLanguage":"de"},{"@type":"Organization","@id":"https:\/\/yasminfood.ch\/de\/#organization","name":"\u064a\u0627\u0633\u0645\u064a\u0646 \u0645\u0627\u0631\u0643\u062a","alternateName":"Yasmin Food","url":"https:\/\/yasminfood.ch\/de\/","logo":{"@type":"ImageObject","inLanguage":"de","@id":"https:\/\/yasminfood.ch\/de\/#\/schema\/logo\/image\/","url":"https:\/\/yasminfood.ch\/wp-content\/uploads\/2025\/05\/yasmin-food-header-logo.png","contentUrl":"https:\/\/yasminfood.ch\/wp-content\/uploads\/2025\/05\/yasmin-food-header-logo.png","width":330,"height":120,"caption":"\u064a\u0627\u0633\u0645\u064a\u0646 \u0645\u0627\u0631\u0643\u062a"},"image":{"@id":"https:\/\/yasminfood.ch\/de\/#\/schema\/logo\/image\/"},"sameAs":["https:\/\/www.facebook.com\/yasminmarkt1","https:\/\/www.tiktok.com\/@yasminmarkt","https:\/\/www.instagram.com\/yasmin.markt1\/","https:\/\/api.whatsapp.com\/send\/?phone=41799000104"],"publishingPrinciples":"https:\/\/yasminfood.ch\/de\/shop\/","ownershipFundingInfo":"https:\/\/yasminfood.ch\/de\/shop\/"}]},"product_price_amount":"6.50","product_price_currency":"CHF","og_availability":"out of stock","product_availability":"out of stock","product_condition":"new"},"jetpack_sharing_enabled":true,"_links":{"self":[{"href":"https:\/\/yasminfood.ch\/de\/wp-json\/wp\/v2\/product\/13884","targetHints":{"allow":["GET"]}}],"collection":[{"href":"https:\/\/yasminfood.ch\/de\/wp-json\/wp\/v2\/product"}],"about":[{"href":"https:\/\/yasminfood.ch\/de\/wp-json\/wp\/v2\/types\/product"}],"replies":[{"embeddable":true,"href":"https:\/\/yasminfood.ch\/de\/wp-json\/wp\/v2\/comments?post=13884"}],"version-history":[{"count":1,"href":"https:\/\/yasminfood.ch\/de\/wp-json\/wp\/v2\/product\/13884\/revisions"}],"predecessor-version":[{"id":120019,"href":"https:\/\/yasminfood.ch\/de\/wp-json\/wp\/v2\/product\/13884\/revisions\/120019"}],"wp:featuredmedia":[{"embeddable":true,"href":"https:\/\/yasminfood.ch\/de\/wp-json\/wp\/v2\/media\/109758"}],"wp:attachment":[{"href":"https:\/\/yasminfood.ch\/de\/wp-json\/wp\/v2\/media?parent=13884"}],"wp:term":[{"taxonomy":"product_brand","embeddable":true,"href":"https:\/\/yasminfood.ch\/de\/wp-json\/wp\/v2\/product_brand?post=13884"},{"taxonomy":"product_cat","embeddable":true,"href":"https:\/\/yasminfood.ch\/de\/wp-json\/wp\/v2\/product_cat?post=13884"},{"taxonomy":"product_tag","embeddable":true,"href":"https:\/\/yasminfood.ch\/de\/wp-json\/wp\/v2\/product_tag?post=13884"}],"curies":[{"name":"wp","href":"https:\/\/api.w.org\/{rel}","templated":true}]}}