{"id":20202,"date":"2021-04-22T17:07:05","date_gmt":"2021-04-22T15:07:05","guid":{"rendered":"https:\/\/yasminfood.ch\/product\/kirschtee-100-umschlaege\/"},"modified":"2025-06-20T00:50:14","modified_gmt":"2025-06-19T22:50:14","slug":"tee-kirsche-100er","status":"publish","type":"product","link":"https:\/\/yasminfood.ch\/de\/product\/tee-kirsche-100er\/","title":{"rendered":"Kirschtee 100 Beutel"},"content":{"rendered":"<h3 data-start=\"55\" data-end=\"111\">\u2615 <strong data-start=\"61\" data-end=\"111\">Kirschtee 100 Beutel | Authentischer Teekomfort in jeder Tasse<\/strong><\/h3>\n<p data-start=\"113\" data-end=\"253\">Genie\u00dfen Sie die Aromen des traditionellen arabischen Tees mit Leichtigkeit<\/p>\n<p data-start=\"113\" data-end=\"253\">Hohe Qualit\u00e4t in jeder Tasche, f\u00fcr eine schnelle Zubereitung und einen reichhaltigen Geschmack, der alle Geschm\u00e4cker befriedigt. <\/p>\n<h4 data-start=\"255\" data-end=\"271\">\u2705 Funktionen:<\/h4>\n<ul data-start=\"272\" data-end=\"402\">\n<li data-start=\"272\" data-end=\"312\">\n<p data-start=\"274\" data-end=\"312\">Enth\u00e4lt 100 einzeln verpackte Teeumschl\u00e4ge<\/p>\n<\/li>\n<li data-start=\"313\" data-end=\"338\">\n<p data-start=\"315\" data-end=\"338\">Kr\u00e4ftiger und reiner Schwarzteegeschmack<\/p>\n<\/li>\n<li data-start=\"339\" data-end=\"375\">\n<p data-start=\"341\" data-end=\"375\">Geeignet f\u00fcr Zuhause, B\u00fcro und Gastgewerbe <\/p>\n<\/li>\n<li data-start=\"376\" data-end=\"402\">\n<p data-start=\"378\" data-end=\"402\">Schnelle und einfache Zubereitung ohne Unordnung<\/p>\n<\/li>\n<\/ul>\n<p data-start=\"404\" data-end=\"493\">\ud83e\uded6 Genie\u00dfen Sie jederzeit die perfekte Tasse \u2013 jetzt \u00fcber <strong data-start=\"478\" data-end=\"492\">Jasmine Food<\/strong>.<\/p>\n","protected":false},"excerpt":{"rendered":"<h3 class=\"ai-optimize-24\" data-start=\"55\" data-end=\"111\">\u2615 <strong data-start=\"61\" data-end=\"111\">Kirschtee 100 Beutel | Authentischer Teekomfort in jeder Tasse<\/strong><\/h3>\n<ul>\n<li class=\"ai-optimize-25 ai-optimize-introduction\" data-start=\"113\" data-end=\"253\">Genie\u00dfen Sie die Aromen des traditionellen arabischen Tees mit Leichtigkeit<\/li>\n<li class=\"ai-optimize-25 ai-optimize-introduction\" data-start=\"113\" data-end=\"253\">  Hohe Qualit\u00e4t in jeder Tasche, f\u00fcr eine schnelle Zubereitung und einen reichhaltigen Geschmack, der alle Geschm\u00e4cker befriedigt. <\/li>\n<\/ul>\n","protected":false},"featured_media":109829,"comment_status":"open","ping_status":"closed","template":"","meta":[],"product_brand":[],"product_cat":[367,377],"product_tag":[1611,1596],"class_list":{"0":"post-20202","1":"product","2":"type-product","3":"status-publish","4":"has-post-thumbnail","6":"product_cat-getraenke-fluessigkeiten","7":"product_cat-tee","8":"product_tag-die-besten-arten-von-selani-tee","9":"product_tag-silani-pure-de","11":"first","12":"instock","13":"taxable","14":"shipping-taxable","15":"purchasable","16":"product-type-simple"},"yoast_head":"<!-- This site is optimized with the Yoast SEO Premium plugin v26.5 (Yoast SEO v27.3) - https:\/\/yoast.com\/product\/yoast-seo-premium-wordpress\/ -->\n<title>Kirschtee 100 Beutel - Yasmin Food<\/title>\n<meta name=\"description\" content=\"Genie\u00dfen Sie den Geschmack des traditionellen arabischen Tees mit Kirschtee 100 Beutel. Probieren Sie jetzt den reichhaltigen Geschmack f\u00fcr jeden Geschmack! \ud83e\uded6 Yasmin Food Kirschtee 100 Beutel\" \/>\n<meta name=\"robots\" content=\"index, follow, max-snippet:-1, max-image-preview:large, max-video-preview:-1\" \/>\n<link rel=\"canonical\" href=\"https:\/\/yasminfood.ch\/de\/product\/tee-kirsche-100er\/\" \/>\n<meta property=\"og:locale\" content=\"de_DE\" \/>\n<meta property=\"og:type\" content=\"article\" \/>\n<meta property=\"og:title\" content=\"Kirschtee 100 Beutel\" \/>\n<meta property=\"og:description\" content=\"\u2615 Kirschtee 100 Beutel | Authentischer Teekomfort in jeder Tasse  Genie\u00dfen Sie die Aromen des traditionellen arabischen Tees mit Leichtigkeit   Hohe Qualit\u00e4t in jeder Tasche, f\u00fcr eine schnelle Zubereitung und einen reichhaltigen Geschmack, der alle Geschm\u00e4cker befriedigt.\" \/>\n<meta property=\"og:url\" content=\"https:\/\/yasminfood.ch\/de\/product\/tee-kirsche-100er\/\" \/>\n<meta property=\"og:site_name\" content=\"Yasmin Food\" \/>\n<meta property=\"article:publisher\" content=\"https:\/\/www.facebook.com\/yasminmarkt1\" \/>\n<meta property=\"article:modified_time\" content=\"2025-06-19T22:50:14+00:00\" \/>\n<meta property=\"og:image\" content=\"https:\/\/yasminfood.ch\/wp-content\/uploads\/2021\/04\/\u0634\u0627\u064a-\u0643\u0631\u0632\u0629-100-\u0638\u0631\u0641.png\" \/>\n\t<meta property=\"og:image:width\" content=\"1080\" \/>\n\t<meta property=\"og:image:height\" content=\"1080\" \/>\n\t<meta property=\"og:image:type\" content=\"image\/png\" \/>\n<meta name=\"twitter:card\" content=\"summary_large_image\" \/>\n<meta name=\"twitter:label1\" content=\"Preis\" \/>\n\t<meta name=\"twitter:data1\" content=\"13.50&nbsp;&#067;&#072;&#070;\" \/>\n\t<meta name=\"twitter:label2\" content=\"Verf\u00fcgbarkeit\" \/>\n\t<meta name=\"twitter:data2\" content=\"Auf Lager\" \/>\n<script type=\"application\/ld+json\" class=\"yoast-schema-graph\">{\"@context\":\"https:\\\/\\\/schema.org\",\"@graph\":[{\"@type\":\"WebPage\",\"@id\":\"https:\\\/\\\/yasminfood.ch\\\/de\\\/product\\\/tee-kirsche-100er\\\/\",\"url\":\"https:\\\/\\\/yasminfood.ch\\\/de\\\/product\\\/tee-kirsche-100er\\\/\",\"name\":\"Kirschtee 100 Beutel - Yasmin Food\",\"isPartOf\":{\"@id\":\"https:\\\/\\\/yasminfood.ch\\\/de\\\/#website\"},\"primaryImageOfPage\":{\"@id\":\"https:\\\/\\\/yasminfood.ch\\\/de\\\/product\\\/tee-kirsche-100er\\\/#primaryimage\"},\"image\":{\"@id\":\"https:\\\/\\\/yasminfood.ch\\\/de\\\/product\\\/tee-kirsche-100er\\\/#primaryimage\"},\"thumbnailUrl\":\"https:\\\/\\\/yasminfood.ch\\\/wp-content\\\/uploads\\\/2021\\\/04\\\/\u0634\u0627\u064a-\u0643\u0631\u0632\u0629-100-\u0638\u0631\u0641.png\",\"datePublished\":\"2021-04-22T15:07:05+00:00\",\"dateModified\":\"2025-06-19T22:50:14+00:00\",\"description\":\"Genie\u00dfen Sie den Geschmack des traditionellen arabischen Tees mit Kirschtee 100 Beutel. Probieren Sie jetzt den reichhaltigen Geschmack f\u00fcr jeden Geschmack! \ud83e\uded6 Yasmin Food Kirschtee 100 Beutel\",\"breadcrumb\":{\"@id\":\"https:\\\/\\\/yasminfood.ch\\\/de\\\/product\\\/tee-kirsche-100er\\\/#breadcrumb\"},\"inLanguage\":\"de\",\"potentialAction\":[{\"@type\":\"ReadAction\",\"target\":[\"https:\\\/\\\/yasminfood.ch\\\/de\\\/product\\\/tee-kirsche-100er\\\/\"]}]},{\"@type\":\"ImageObject\",\"inLanguage\":\"de\",\"@id\":\"https:\\\/\\\/yasminfood.ch\\\/de\\\/product\\\/tee-kirsche-100er\\\/#primaryimage\",\"url\":\"https:\\\/\\\/yasminfood.ch\\\/wp-content\\\/uploads\\\/2021\\\/04\\\/\u0634\u0627\u064a-\u0643\u0631\u0632\u0629-100-\u0638\u0631\u0641.png\",\"contentUrl\":\"https:\\\/\\\/yasminfood.ch\\\/wp-content\\\/uploads\\\/2021\\\/04\\\/\u0634\u0627\u064a-\u0643\u0631\u0632\u0629-100-\u0638\u0631\u0641.png\",\"width\":1080,\"height\":1080,\"caption\":\"Kirschtee 100 Beutel\"},{\"@type\":\"BreadcrumbList\",\"@id\":\"https:\\\/\\\/yasminfood.ch\\\/de\\\/product\\\/tee-kirsche-100er\\\/#breadcrumb\",\"itemListElement\":[{\"@type\":\"ListItem\",\"position\":1,\"name\":\"\u0627\u0644\u0631\u0626\u064a\u0633\u064a\u0629\",\"item\":\"https:\\\/\\\/yasminfood.ch\\\/de\\\/zuhause\\\/\"},{\"@type\":\"ListItem\",\"position\":2,\"name\":\"Shop\",\"item\":\"https:\\\/\\\/yasminfood.ch\\\/de\\\/shop\\\/\"},{\"@type\":\"ListItem\",\"position\":3,\"name\":\"Getr\u00e4nke &amp; Fl\u00fcssigkeiten\",\"item\":\"https:\\\/\\\/yasminfood.ch\\\/de\\\/produkt-kategorie\\\/getraenke-fluessigkeiten\\\/\"},{\"@type\":\"ListItem\",\"position\":4,\"name\":\"Tee\",\"item\":\"https:\\\/\\\/yasminfood.ch\\\/de\\\/produkt-kategorie\\\/getraenke-fluessigkeiten\\\/tee\\\/\"},{\"@type\":\"ListItem\",\"position\":5,\"name\":\"Kirschtee 100 Beutel\"}]},{\"@type\":\"WebSite\",\"@id\":\"https:\\\/\\\/yasminfood.ch\\\/de\\\/#website\",\"url\":\"https:\\\/\\\/yasminfood.ch\\\/de\\\/\",\"name\":\"\u064a\u0627\u0633\u0645\u064a\u0646 \u0645\u0627\u0631\u0643\u062a\",\"description\":\"Alles, was Sie brauchen, an einem Ort\",\"publisher\":{\"@id\":\"https:\\\/\\\/yasminfood.ch\\\/de\\\/#organization\"},\"alternateName\":\"Yasmin Food\",\"potentialAction\":[{\"@type\":\"SearchAction\",\"target\":{\"@type\":\"EntryPoint\",\"urlTemplate\":\"https:\\\/\\\/yasminfood.ch\\\/de\\\/?s={search_term_string}\"},\"query-input\":{\"@type\":\"PropertyValueSpecification\",\"valueRequired\":true,\"valueName\":\"search_term_string\"}}],\"inLanguage\":\"de\"},{\"@type\":\"Organization\",\"@id\":\"https:\\\/\\\/yasminfood.ch\\\/de\\\/#organization\",\"name\":\"\u064a\u0627\u0633\u0645\u064a\u0646 \u0645\u0627\u0631\u0643\u062a\",\"alternateName\":\"Yasmin Food\",\"url\":\"https:\\\/\\\/yasminfood.ch\\\/de\\\/\",\"logo\":{\"@type\":\"ImageObject\",\"inLanguage\":\"de\",\"@id\":\"https:\\\/\\\/yasminfood.ch\\\/de\\\/#\\\/schema\\\/logo\\\/image\\\/\",\"url\":\"https:\\\/\\\/yasminfood.ch\\\/wp-content\\\/uploads\\\/2025\\\/05\\\/yasmin-food-header-logo.png\",\"contentUrl\":\"https:\\\/\\\/yasminfood.ch\\\/wp-content\\\/uploads\\\/2025\\\/05\\\/yasmin-food-header-logo.png\",\"width\":330,\"height\":120,\"caption\":\"\u064a\u0627\u0633\u0645\u064a\u0646 \u0645\u0627\u0631\u0643\u062a\"},\"image\":{\"@id\":\"https:\\\/\\\/yasminfood.ch\\\/de\\\/#\\\/schema\\\/logo\\\/image\\\/\"},\"sameAs\":[\"https:\\\/\\\/www.facebook.com\\\/yasminmarkt1\",\"https:\\\/\\\/www.tiktok.com\\\/@yasminmarkt\",\"https:\\\/\\\/www.instagram.com\\\/yasmin.markt1\\\/\",\"https:\\\/\\\/api.whatsapp.com\\\/send\\\/?phone=41799000104\"],\"publishingPrinciples\":\"https:\\\/\\\/yasminfood.ch\\\/de\\\/shop\\\/\",\"ownershipFundingInfo\":\"https:\\\/\\\/yasminfood.ch\\\/de\\\/shop\\\/\"}]}<\/script>\n<meta property=\"product:price:amount\" content=\"13.50\" \/>\n<meta property=\"product:price:currency\" content=\"CHF\" \/>\n<meta property=\"og:availability\" content=\"instock\" \/>\n<meta property=\"product:availability\" content=\"instock\" \/>\n<meta property=\"product:condition\" content=\"new\" \/>\n<!-- \/ Yoast SEO Premium plugin. -->","yoast_head_json":{"title":"Kirschtee 100 Beutel - Yasmin Food","description":"Genie\u00dfen Sie den Geschmack des traditionellen arabischen Tees mit Kirschtee 100 Beutel. Probieren Sie jetzt den reichhaltigen Geschmack f\u00fcr jeden Geschmack! \ud83e\uded6 Yasmin Food Kirschtee 100 Beutel","robots":{"index":"index","follow":"follow","max-snippet":"max-snippet:-1","max-image-preview":"max-image-preview:large","max-video-preview":"max-video-preview:-1"},"canonical":"https:\/\/yasminfood.ch\/de\/product\/tee-kirsche-100er\/","og_locale":"de_DE","og_type":"article","og_title":"Kirschtee 100 Beutel","og_description":"\u2615 Kirschtee 100 Beutel | Authentischer Teekomfort in jeder Tasse  Genie\u00dfen Sie die Aromen des traditionellen arabischen Tees mit Leichtigkeit   Hohe Qualit\u00e4t in jeder Tasche, f\u00fcr eine schnelle Zubereitung und einen reichhaltigen Geschmack, der alle Geschm\u00e4cker befriedigt.","og_url":"https:\/\/yasminfood.ch\/de\/product\/tee-kirsche-100er\/","og_site_name":"Yasmin Food","article_publisher":"https:\/\/www.facebook.com\/yasminmarkt1","article_modified_time":"2025-06-19T22:50:14+00:00","og_image":[{"width":1080,"height":1080,"url":"https:\/\/yasminfood.ch\/wp-content\/uploads\/2021\/04\/\u0634\u0627\u064a-\u0643\u0631\u0632\u0629-100-\u0638\u0631\u0641.png","type":"image\/png"}],"twitter_card":"summary_large_image","twitter_misc":{"Preis":"13.50&nbsp;&#67;&#72;&#70;","Verf\u00fcgbarkeit":"Auf Lager"},"schema":{"@context":"https:\/\/schema.org","@graph":[{"@type":"WebPage","@id":"https:\/\/yasminfood.ch\/de\/product\/tee-kirsche-100er\/","url":"https:\/\/yasminfood.ch\/de\/product\/tee-kirsche-100er\/","name":"Kirschtee 100 Beutel - Yasmin Food","isPartOf":{"@id":"https:\/\/yasminfood.ch\/de\/#website"},"primaryImageOfPage":{"@id":"https:\/\/yasminfood.ch\/de\/product\/tee-kirsche-100er\/#primaryimage"},"image":{"@id":"https:\/\/yasminfood.ch\/de\/product\/tee-kirsche-100er\/#primaryimage"},"thumbnailUrl":"https:\/\/yasminfood.ch\/wp-content\/uploads\/2021\/04\/\u0634\u0627\u064a-\u0643\u0631\u0632\u0629-100-\u0638\u0631\u0641.png","datePublished":"2021-04-22T15:07:05+00:00","dateModified":"2025-06-19T22:50:14+00:00","description":"Genie\u00dfen Sie den Geschmack des traditionellen arabischen Tees mit Kirschtee 100 Beutel. Probieren Sie jetzt den reichhaltigen Geschmack f\u00fcr jeden Geschmack! \ud83e\uded6 Yasmin Food Kirschtee 100 Beutel","breadcrumb":{"@id":"https:\/\/yasminfood.ch\/de\/product\/tee-kirsche-100er\/#breadcrumb"},"inLanguage":"de","potentialAction":[{"@type":"ReadAction","target":["https:\/\/yasminfood.ch\/de\/product\/tee-kirsche-100er\/"]}]},{"@type":"ImageObject","inLanguage":"de","@id":"https:\/\/yasminfood.ch\/de\/product\/tee-kirsche-100er\/#primaryimage","url":"https:\/\/yasminfood.ch\/wp-content\/uploads\/2021\/04\/\u0634\u0627\u064a-\u0643\u0631\u0632\u0629-100-\u0638\u0631\u0641.png","contentUrl":"https:\/\/yasminfood.ch\/wp-content\/uploads\/2021\/04\/\u0634\u0627\u064a-\u0643\u0631\u0632\u0629-100-\u0638\u0631\u0641.png","width":1080,"height":1080,"caption":"Kirschtee 100 Beutel"},{"@type":"BreadcrumbList","@id":"https:\/\/yasminfood.ch\/de\/product\/tee-kirsche-100er\/#breadcrumb","itemListElement":[{"@type":"ListItem","position":1,"name":"\u0627\u0644\u0631\u0626\u064a\u0633\u064a\u0629","item":"https:\/\/yasminfood.ch\/de\/zuhause\/"},{"@type":"ListItem","position":2,"name":"Shop","item":"https:\/\/yasminfood.ch\/de\/shop\/"},{"@type":"ListItem","position":3,"name":"Getr\u00e4nke &amp; Fl\u00fcssigkeiten","item":"https:\/\/yasminfood.ch\/de\/produkt-kategorie\/getraenke-fluessigkeiten\/"},{"@type":"ListItem","position":4,"name":"Tee","item":"https:\/\/yasminfood.ch\/de\/produkt-kategorie\/getraenke-fluessigkeiten\/tee\/"},{"@type":"ListItem","position":5,"name":"Kirschtee 100 Beutel"}]},{"@type":"WebSite","@id":"https:\/\/yasminfood.ch\/de\/#website","url":"https:\/\/yasminfood.ch\/de\/","name":"\u064a\u0627\u0633\u0645\u064a\u0646 \u0645\u0627\u0631\u0643\u062a","description":"Alles, was Sie brauchen, an einem Ort","publisher":{"@id":"https:\/\/yasminfood.ch\/de\/#organization"},"alternateName":"Yasmin Food","potentialAction":[{"@type":"SearchAction","target":{"@type":"EntryPoint","urlTemplate":"https:\/\/yasminfood.ch\/de\/?s={search_term_string}"},"query-input":{"@type":"PropertyValueSpecification","valueRequired":true,"valueName":"search_term_string"}}],"inLanguage":"de"},{"@type":"Organization","@id":"https:\/\/yasminfood.ch\/de\/#organization","name":"\u064a\u0627\u0633\u0645\u064a\u0646 \u0645\u0627\u0631\u0643\u062a","alternateName":"Yasmin Food","url":"https:\/\/yasminfood.ch\/de\/","logo":{"@type":"ImageObject","inLanguage":"de","@id":"https:\/\/yasminfood.ch\/de\/#\/schema\/logo\/image\/","url":"https:\/\/yasminfood.ch\/wp-content\/uploads\/2025\/05\/yasmin-food-header-logo.png","contentUrl":"https:\/\/yasminfood.ch\/wp-content\/uploads\/2025\/05\/yasmin-food-header-logo.png","width":330,"height":120,"caption":"\u064a\u0627\u0633\u0645\u064a\u0646 \u0645\u0627\u0631\u0643\u062a"},"image":{"@id":"https:\/\/yasminfood.ch\/de\/#\/schema\/logo\/image\/"},"sameAs":["https:\/\/www.facebook.com\/yasminmarkt1","https:\/\/www.tiktok.com\/@yasminmarkt","https:\/\/www.instagram.com\/yasmin.markt1\/","https:\/\/api.whatsapp.com\/send\/?phone=41799000104"],"publishingPrinciples":"https:\/\/yasminfood.ch\/de\/shop\/","ownershipFundingInfo":"https:\/\/yasminfood.ch\/de\/shop\/"}]},"product_price_amount":"13.50","product_price_currency":"CHF","og_availability":"instock","product_availability":"instock","product_condition":"new"},"jetpack_sharing_enabled":true,"_links":{"self":[{"href":"https:\/\/yasminfood.ch\/de\/wp-json\/wp\/v2\/product\/20202","targetHints":{"allow":["GET"]}}],"collection":[{"href":"https:\/\/yasminfood.ch\/de\/wp-json\/wp\/v2\/product"}],"about":[{"href":"https:\/\/yasminfood.ch\/de\/wp-json\/wp\/v2\/types\/product"}],"replies":[{"embeddable":true,"href":"https:\/\/yasminfood.ch\/de\/wp-json\/wp\/v2\/comments?post=20202"}],"version-history":[{"count":1,"href":"https:\/\/yasminfood.ch\/de\/wp-json\/wp\/v2\/product\/20202\/revisions"}],"predecessor-version":[{"id":117085,"href":"https:\/\/yasminfood.ch\/de\/wp-json\/wp\/v2\/product\/20202\/revisions\/117085"}],"wp:featuredmedia":[{"embeddable":true,"href":"https:\/\/yasminfood.ch\/de\/wp-json\/wp\/v2\/media\/109829"}],"wp:attachment":[{"href":"https:\/\/yasminfood.ch\/de\/wp-json\/wp\/v2\/media?parent=20202"}],"wp:term":[{"taxonomy":"product_brand","embeddable":true,"href":"https:\/\/yasminfood.ch\/de\/wp-json\/wp\/v2\/product_brand?post=20202"},{"taxonomy":"product_cat","embeddable":true,"href":"https:\/\/yasminfood.ch\/de\/wp-json\/wp\/v2\/product_cat?post=20202"},{"taxonomy":"product_tag","embeddable":true,"href":"https:\/\/yasminfood.ch\/de\/wp-json\/wp\/v2\/product_tag?post=20202"}],"curies":[{"name":"wp","href":"https:\/\/api.w.org\/{rel}","templated":true}]}}