{"id":23206,"date":"2021-06-15T11:23:58","date_gmt":"2021-06-15T09:23:58","guid":{"rendered":"https:\/\/yasminfood.ch\/product\/schwarzes-pferd-kopf-tee-100-umschlaege\/"},"modified":"2025-05-15T23:55:03","modified_gmt":"2025-05-15T21:55:03","slug":"tee-schwarz-kopf-pferd-100-umschlag","status":"publish","type":"product","link":"https:\/\/yasminfood.ch\/de\/product\/tee-schwarz-kopf-pferd-100-umschlag\/","title":{"rendered":"Schwarzes Pferd Kopf Tee &#8211; 100 Umschl\u00e4ge"},"content":{"rendered":"<p>Rosskopf-Schwarztee -100 Umschl\u00e4ge mit erfrischendem Geschmack, wo schwarzer Tee auf dem Fr\u00fchst\u00fcckstisch zusammen mit K\u00e4se, Manakish, Falafel, getrunken werden kann,  \u00d6l, Thymian und andere, Er kann auch als luxuri\u00f6se Gastfreundschaft mit k\u00f6stlichen Minzstangen oder kleinen St\u00fcckchen guter Zitrone serviert werden, und der Tee wird aus den besten Teepflanzensorten gewonnen, nachdem er Oxidationsprozesse durchlaufen hat, um wunderbaren Schwarztee zu erhalten, schwarzer Tee aus dem Kopf des Pferdes zeichnet sich durch seine hohe Qualit\u00e4t und seinen k\u00f6stlichen Geschmack aus  <\/p>\n","protected":false},"excerpt":{"rendered":"<p>Rosskopf-Schwarztee -100 Umschl\u00e4ge mit erfrischendem Geschmack, wo schwarzer Tee auf dem Fr\u00fchst\u00fcckstisch zusammen mit K\u00e4se, Manakish, Falafel, getrunken werden kann,<\/p>\n","protected":false},"featured_media":110962,"comment_status":"open","ping_status":"closed","template":"","meta":[],"product_brand":[],"product_cat":[367,385,377],"product_tag":[1611],"class_list":{"0":"post-23206","1":"product","2":"type-product","3":"status-publish","4":"has-post-thumbnail","6":"product_cat-getraenke-fluessigkeiten","7":"product_cat-puddingpulver","8":"product_cat-tee","9":"product_tag-die-besten-arten-von-selani-tee","11":"first","12":"instock","13":"taxable","14":"shipping-taxable","15":"purchasable","16":"product-type-simple"},"yoast_head":"<!-- This site is optimized with the Yoast SEO Premium plugin v26.5 (Yoast SEO v27.5) - https:\/\/yoast.com\/product\/yoast-seo-premium-wordpress\/ -->\n<title>Schwarzes Pferd Kopf Tee - 100 Umschl\u00e4ge - Yasmin Food<\/title>\n<meta name=\"description\" content=\"Rosskopf-Schwarztee -100 Umschl\u00e4ge mit erfrischendem Geschmack, wo schwarzer Tee auf dem Fr\u00fchst\u00fcckstisch zusammen mit K\u00e4se, Manakish, Falafel, getrunken werden kann, \u00d6l, Thymian und andere\" \/>\n<meta name=\"robots\" content=\"index, follow, max-snippet:-1, max-image-preview:large, max-video-preview:-1\" \/>\n<link rel=\"canonical\" href=\"https:\/\/yasminfood.ch\/de\/product\/tee-schwarz-kopf-pferd-100-umschlag\/\" \/>\n<meta property=\"og:locale\" content=\"de_DE\" \/>\n<meta property=\"og:type\" content=\"article\" \/>\n<meta property=\"og:title\" content=\"Schwarzes Pferd Kopf Tee - 100 Umschl\u00e4ge\" \/>\n<meta property=\"og:description\" content=\"Rosskopf-Schwarztee -100 Umschl\u00e4ge mit erfrischendem Geschmack, wo schwarzer Tee auf dem Fr\u00fchst\u00fcckstisch zusammen mit K\u00e4se, Manakish, Falafel, getrunken\" \/>\n<meta property=\"og:url\" content=\"https:\/\/yasminfood.ch\/de\/product\/tee-schwarz-kopf-pferd-100-umschlag\/\" \/>\n<meta property=\"og:site_name\" content=\"Yasmin Food\" \/>\n<meta property=\"article:publisher\" content=\"https:\/\/www.facebook.com\/yasminmarkt1\" \/>\n<meta property=\"article:modified_time\" content=\"2025-05-15T21:55:03+00:00\" \/>\n<meta property=\"og:image\" content=\"https:\/\/yasminfood.ch\/wp-content\/uploads\/2021\/06\/\u0634\u0627\u064a-\u0631\u0627\u0633-\u0627\u0644\u062d\u0635\u0627\u0646-\u0638\u0631\u0648\u0641.png\" \/>\n\t<meta property=\"og:image:width\" content=\"1080\" \/>\n\t<meta property=\"og:image:height\" content=\"1080\" \/>\n\t<meta property=\"og:image:type\" content=\"image\/png\" \/>\n<meta name=\"twitter:card\" content=\"summary_large_image\" \/>\n<meta name=\"twitter:label1\" content=\"Preis\" \/>\n\t<meta name=\"twitter:data1\" content=\"12.50&nbsp;&#067;&#072;&#070;\" \/>\n\t<meta name=\"twitter:label2\" content=\"Verf\u00fcgbarkeit\" \/>\n\t<meta name=\"twitter:data2\" content=\"Auf Lager\" \/>\n<script type=\"application\/ld+json\" class=\"yoast-schema-graph\">{\"@context\":\"https:\\\/\\\/schema.org\",\"@graph\":[{\"@type\":\"WebPage\",\"@id\":\"https:\\\/\\\/yasminfood.ch\\\/de\\\/product\\\/tee-schwarz-kopf-pferd-100-umschlag\\\/\",\"url\":\"https:\\\/\\\/yasminfood.ch\\\/de\\\/product\\\/tee-schwarz-kopf-pferd-100-umschlag\\\/\",\"name\":\"Schwarzes Pferd Kopf Tee - 100 Umschl\u00e4ge - Yasmin Food\",\"isPartOf\":{\"@id\":\"https:\\\/\\\/yasminfood.ch\\\/de\\\/#website\"},\"primaryImageOfPage\":{\"@id\":\"https:\\\/\\\/yasminfood.ch\\\/de\\\/product\\\/tee-schwarz-kopf-pferd-100-umschlag\\\/#primaryimage\"},\"image\":{\"@id\":\"https:\\\/\\\/yasminfood.ch\\\/de\\\/product\\\/tee-schwarz-kopf-pferd-100-umschlag\\\/#primaryimage\"},\"thumbnailUrl\":\"https:\\\/\\\/yasminfood.ch\\\/wp-content\\\/uploads\\\/2021\\\/06\\\/\u0634\u0627\u064a-\u0631\u0627\u0633-\u0627\u0644\u062d\u0635\u0627\u0646-\u0638\u0631\u0648\u0641.png\",\"datePublished\":\"2021-06-15T09:23:58+00:00\",\"dateModified\":\"2025-05-15T21:55:03+00:00\",\"description\":\"Rosskopf-Schwarztee -100 Umschl\u00e4ge mit erfrischendem Geschmack, wo schwarzer Tee auf dem Fr\u00fchst\u00fcckstisch zusammen mit K\u00e4se, Manakish, Falafel, getrunken werden kann, \u00d6l, Thymian und andere\",\"breadcrumb\":{\"@id\":\"https:\\\/\\\/yasminfood.ch\\\/de\\\/product\\\/tee-schwarz-kopf-pferd-100-umschlag\\\/#breadcrumb\"},\"inLanguage\":\"de\",\"potentialAction\":[{\"@type\":\"ReadAction\",\"target\":[\"https:\\\/\\\/yasminfood.ch\\\/de\\\/product\\\/tee-schwarz-kopf-pferd-100-umschlag\\\/\"]}]},{\"@type\":\"ImageObject\",\"inLanguage\":\"de\",\"@id\":\"https:\\\/\\\/yasminfood.ch\\\/de\\\/product\\\/tee-schwarz-kopf-pferd-100-umschlag\\\/#primaryimage\",\"url\":\"https:\\\/\\\/yasminfood.ch\\\/wp-content\\\/uploads\\\/2021\\\/06\\\/\u0634\u0627\u064a-\u0631\u0627\u0633-\u0627\u0644\u062d\u0635\u0627\u0646-\u0638\u0631\u0648\u0641.png\",\"contentUrl\":\"https:\\\/\\\/yasminfood.ch\\\/wp-content\\\/uploads\\\/2021\\\/06\\\/\u0634\u0627\u064a-\u0631\u0627\u0633-\u0627\u0644\u062d\u0635\u0627\u0646-\u0638\u0631\u0648\u0641.png\",\"width\":1080,\"height\":1080},{\"@type\":\"BreadcrumbList\",\"@id\":\"https:\\\/\\\/yasminfood.ch\\\/de\\\/product\\\/tee-schwarz-kopf-pferd-100-umschlag\\\/#breadcrumb\",\"itemListElement\":[{\"@type\":\"ListItem\",\"position\":1,\"name\":\"\u0627\u0644\u0631\u0626\u064a\u0633\u064a\u0629\",\"item\":\"https:\\\/\\\/yasminfood.ch\\\/de\\\/zuhause\\\/\"},{\"@type\":\"ListItem\",\"position\":2,\"name\":\"Shop\",\"item\":\"https:\\\/\\\/yasminfood.ch\\\/de\\\/shop\\\/\"},{\"@type\":\"ListItem\",\"position\":3,\"name\":\"Getr\u00e4nke &amp; Fl\u00fcssigkeiten\",\"item\":\"https:\\\/\\\/yasminfood.ch\\\/de\\\/produkt-kategorie\\\/getraenke-fluessigkeiten\\\/\"},{\"@type\":\"ListItem\",\"position\":4,\"name\":\"Puddingpulver\",\"item\":\"https:\\\/\\\/yasminfood.ch\\\/de\\\/produkt-kategorie\\\/getraenke-fluessigkeiten\\\/puddingpulver\\\/\"},{\"@type\":\"ListItem\",\"position\":5,\"name\":\"Schwarzes Pferd Kopf Tee &#8211; 100 Umschl\u00e4ge\"}]},{\"@type\":\"WebSite\",\"@id\":\"https:\\\/\\\/yasminfood.ch\\\/de\\\/#website\",\"url\":\"https:\\\/\\\/yasminfood.ch\\\/de\\\/\",\"name\":\"\u064a\u0627\u0633\u0645\u064a\u0646 \u0645\u0627\u0631\u0643\u062a\",\"description\":\"Alles, was Sie brauchen, an einem Ort\",\"publisher\":{\"@id\":\"https:\\\/\\\/yasminfood.ch\\\/de\\\/#organization\"},\"alternateName\":\"Yasmin Food\",\"potentialAction\":[{\"@type\":\"SearchAction\",\"target\":{\"@type\":\"EntryPoint\",\"urlTemplate\":\"https:\\\/\\\/yasminfood.ch\\\/de\\\/?s={search_term_string}\"},\"query-input\":{\"@type\":\"PropertyValueSpecification\",\"valueRequired\":true,\"valueName\":\"search_term_string\"}}],\"inLanguage\":\"de\"},{\"@type\":\"Organization\",\"@id\":\"https:\\\/\\\/yasminfood.ch\\\/de\\\/#organization\",\"name\":\"\u064a\u0627\u0633\u0645\u064a\u0646 \u0645\u0627\u0631\u0643\u062a\",\"alternateName\":\"Yasmin Food\",\"url\":\"https:\\\/\\\/yasminfood.ch\\\/de\\\/\",\"logo\":{\"@type\":\"ImageObject\",\"inLanguage\":\"de\",\"@id\":\"https:\\\/\\\/yasminfood.ch\\\/de\\\/#\\\/schema\\\/logo\\\/image\\\/\",\"url\":\"https:\\\/\\\/yasminfood.ch\\\/wp-content\\\/uploads\\\/2025\\\/05\\\/yasmin-food-header-logo.png\",\"contentUrl\":\"https:\\\/\\\/yasminfood.ch\\\/wp-content\\\/uploads\\\/2025\\\/05\\\/yasmin-food-header-logo.png\",\"width\":330,\"height\":120,\"caption\":\"\u064a\u0627\u0633\u0645\u064a\u0646 \u0645\u0627\u0631\u0643\u062a\"},\"image\":{\"@id\":\"https:\\\/\\\/yasminfood.ch\\\/de\\\/#\\\/schema\\\/logo\\\/image\\\/\"},\"sameAs\":[\"https:\\\/\\\/www.facebook.com\\\/yasminmarkt1\",\"https:\\\/\\\/www.tiktok.com\\\/@yasminmarkt\",\"https:\\\/\\\/www.instagram.com\\\/yasmin.markt1\\\/\",\"https:\\\/\\\/api.whatsapp.com\\\/send\\\/?phone=41799000104\"],\"publishingPrinciples\":\"https:\\\/\\\/yasminfood.ch\\\/de\\\/shop\\\/\",\"ownershipFundingInfo\":\"https:\\\/\\\/yasminfood.ch\\\/de\\\/shop\\\/\"}]}<\/script>\n<meta property=\"product:price:amount\" content=\"12.50\" \/>\n<meta property=\"product:price:currency\" content=\"CHF\" \/>\n<meta property=\"og:availability\" content=\"instock\" \/>\n<meta property=\"product:availability\" content=\"instock\" \/>\n<meta property=\"product:condition\" content=\"new\" \/>\n<!-- \/ Yoast SEO Premium plugin. -->","yoast_head_json":{"title":"Schwarzes Pferd Kopf Tee - 100 Umschl\u00e4ge - Yasmin Food","description":"Rosskopf-Schwarztee -100 Umschl\u00e4ge mit erfrischendem Geschmack, wo schwarzer Tee auf dem Fr\u00fchst\u00fcckstisch zusammen mit K\u00e4se, Manakish, Falafel, getrunken werden kann, \u00d6l, Thymian und andere","robots":{"index":"index","follow":"follow","max-snippet":"max-snippet:-1","max-image-preview":"max-image-preview:large","max-video-preview":"max-video-preview:-1"},"canonical":"https:\/\/yasminfood.ch\/de\/product\/tee-schwarz-kopf-pferd-100-umschlag\/","og_locale":"de_DE","og_type":"article","og_title":"Schwarzes Pferd Kopf Tee - 100 Umschl\u00e4ge","og_description":"Rosskopf-Schwarztee -100 Umschl\u00e4ge mit erfrischendem Geschmack, wo schwarzer Tee auf dem Fr\u00fchst\u00fcckstisch zusammen mit K\u00e4se, Manakish, Falafel, getrunken","og_url":"https:\/\/yasminfood.ch\/de\/product\/tee-schwarz-kopf-pferd-100-umschlag\/","og_site_name":"Yasmin Food","article_publisher":"https:\/\/www.facebook.com\/yasminmarkt1","article_modified_time":"2025-05-15T21:55:03+00:00","og_image":[{"width":1080,"height":1080,"url":"https:\/\/yasminfood.ch\/wp-content\/uploads\/2021\/06\/\u0634\u0627\u064a-\u0631\u0627\u0633-\u0627\u0644\u062d\u0635\u0627\u0646-\u0638\u0631\u0648\u0641.png","type":"image\/png"}],"twitter_card":"summary_large_image","twitter_misc":{"Preis":"12.50&nbsp;&#67;&#72;&#70;","Verf\u00fcgbarkeit":"Auf Lager"},"schema":{"@context":"https:\/\/schema.org","@graph":[{"@type":"WebPage","@id":"https:\/\/yasminfood.ch\/de\/product\/tee-schwarz-kopf-pferd-100-umschlag\/","url":"https:\/\/yasminfood.ch\/de\/product\/tee-schwarz-kopf-pferd-100-umschlag\/","name":"Schwarzes Pferd Kopf Tee - 100 Umschl\u00e4ge - Yasmin Food","isPartOf":{"@id":"https:\/\/yasminfood.ch\/de\/#website"},"primaryImageOfPage":{"@id":"https:\/\/yasminfood.ch\/de\/product\/tee-schwarz-kopf-pferd-100-umschlag\/#primaryimage"},"image":{"@id":"https:\/\/yasminfood.ch\/de\/product\/tee-schwarz-kopf-pferd-100-umschlag\/#primaryimage"},"thumbnailUrl":"https:\/\/yasminfood.ch\/wp-content\/uploads\/2021\/06\/\u0634\u0627\u064a-\u0631\u0627\u0633-\u0627\u0644\u062d\u0635\u0627\u0646-\u0638\u0631\u0648\u0641.png","datePublished":"2021-06-15T09:23:58+00:00","dateModified":"2025-05-15T21:55:03+00:00","description":"Rosskopf-Schwarztee -100 Umschl\u00e4ge mit erfrischendem Geschmack, wo schwarzer Tee auf dem Fr\u00fchst\u00fcckstisch zusammen mit K\u00e4se, Manakish, Falafel, getrunken werden kann, \u00d6l, Thymian und andere","breadcrumb":{"@id":"https:\/\/yasminfood.ch\/de\/product\/tee-schwarz-kopf-pferd-100-umschlag\/#breadcrumb"},"inLanguage":"de","potentialAction":[{"@type":"ReadAction","target":["https:\/\/yasminfood.ch\/de\/product\/tee-schwarz-kopf-pferd-100-umschlag\/"]}]},{"@type":"ImageObject","inLanguage":"de","@id":"https:\/\/yasminfood.ch\/de\/product\/tee-schwarz-kopf-pferd-100-umschlag\/#primaryimage","url":"https:\/\/yasminfood.ch\/wp-content\/uploads\/2021\/06\/\u0634\u0627\u064a-\u0631\u0627\u0633-\u0627\u0644\u062d\u0635\u0627\u0646-\u0638\u0631\u0648\u0641.png","contentUrl":"https:\/\/yasminfood.ch\/wp-content\/uploads\/2021\/06\/\u0634\u0627\u064a-\u0631\u0627\u0633-\u0627\u0644\u062d\u0635\u0627\u0646-\u0638\u0631\u0648\u0641.png","width":1080,"height":1080},{"@type":"BreadcrumbList","@id":"https:\/\/yasminfood.ch\/de\/product\/tee-schwarz-kopf-pferd-100-umschlag\/#breadcrumb","itemListElement":[{"@type":"ListItem","position":1,"name":"\u0627\u0644\u0631\u0626\u064a\u0633\u064a\u0629","item":"https:\/\/yasminfood.ch\/de\/zuhause\/"},{"@type":"ListItem","position":2,"name":"Shop","item":"https:\/\/yasminfood.ch\/de\/shop\/"},{"@type":"ListItem","position":3,"name":"Getr\u00e4nke &amp; Fl\u00fcssigkeiten","item":"https:\/\/yasminfood.ch\/de\/produkt-kategorie\/getraenke-fluessigkeiten\/"},{"@type":"ListItem","position":4,"name":"Puddingpulver","item":"https:\/\/yasminfood.ch\/de\/produkt-kategorie\/getraenke-fluessigkeiten\/puddingpulver\/"},{"@type":"ListItem","position":5,"name":"Schwarzes Pferd Kopf Tee &#8211; 100 Umschl\u00e4ge"}]},{"@type":"WebSite","@id":"https:\/\/yasminfood.ch\/de\/#website","url":"https:\/\/yasminfood.ch\/de\/","name":"\u064a\u0627\u0633\u0645\u064a\u0646 \u0645\u0627\u0631\u0643\u062a","description":"Alles, was Sie brauchen, an einem Ort","publisher":{"@id":"https:\/\/yasminfood.ch\/de\/#organization"},"alternateName":"Yasmin Food","potentialAction":[{"@type":"SearchAction","target":{"@type":"EntryPoint","urlTemplate":"https:\/\/yasminfood.ch\/de\/?s={search_term_string}"},"query-input":{"@type":"PropertyValueSpecification","valueRequired":true,"valueName":"search_term_string"}}],"inLanguage":"de"},{"@type":"Organization","@id":"https:\/\/yasminfood.ch\/de\/#organization","name":"\u064a\u0627\u0633\u0645\u064a\u0646 \u0645\u0627\u0631\u0643\u062a","alternateName":"Yasmin Food","url":"https:\/\/yasminfood.ch\/de\/","logo":{"@type":"ImageObject","inLanguage":"de","@id":"https:\/\/yasminfood.ch\/de\/#\/schema\/logo\/image\/","url":"https:\/\/yasminfood.ch\/wp-content\/uploads\/2025\/05\/yasmin-food-header-logo.png","contentUrl":"https:\/\/yasminfood.ch\/wp-content\/uploads\/2025\/05\/yasmin-food-header-logo.png","width":330,"height":120,"caption":"\u064a\u0627\u0633\u0645\u064a\u0646 \u0645\u0627\u0631\u0643\u062a"},"image":{"@id":"https:\/\/yasminfood.ch\/de\/#\/schema\/logo\/image\/"},"sameAs":["https:\/\/www.facebook.com\/yasminmarkt1","https:\/\/www.tiktok.com\/@yasminmarkt","https:\/\/www.instagram.com\/yasmin.markt1\/","https:\/\/api.whatsapp.com\/send\/?phone=41799000104"],"publishingPrinciples":"https:\/\/yasminfood.ch\/de\/shop\/","ownershipFundingInfo":"https:\/\/yasminfood.ch\/de\/shop\/"}]},"product_price_amount":"12.50","product_price_currency":"CHF","og_availability":"instock","product_availability":"instock","product_condition":"new"},"jetpack_sharing_enabled":true,"_links":{"self":[{"href":"https:\/\/yasminfood.ch\/de\/wp-json\/wp\/v2\/product\/23206","targetHints":{"allow":["GET"]}}],"collection":[{"href":"https:\/\/yasminfood.ch\/de\/wp-json\/wp\/v2\/product"}],"about":[{"href":"https:\/\/yasminfood.ch\/de\/wp-json\/wp\/v2\/types\/product"}],"replies":[{"embeddable":true,"href":"https:\/\/yasminfood.ch\/de\/wp-json\/wp\/v2\/comments?post=23206"}],"version-history":[{"count":1,"href":"https:\/\/yasminfood.ch\/de\/wp-json\/wp\/v2\/product\/23206\/revisions"}],"predecessor-version":[{"id":110966,"href":"https:\/\/yasminfood.ch\/de\/wp-json\/wp\/v2\/product\/23206\/revisions\/110966"}],"wp:featuredmedia":[{"embeddable":true,"href":"https:\/\/yasminfood.ch\/de\/wp-json\/wp\/v2\/media\/110962"}],"wp:attachment":[{"href":"https:\/\/yasminfood.ch\/de\/wp-json\/wp\/v2\/media?parent=23206"}],"wp:term":[{"taxonomy":"product_brand","embeddable":true,"href":"https:\/\/yasminfood.ch\/de\/wp-json\/wp\/v2\/product_brand?post=23206"},{"taxonomy":"product_cat","embeddable":true,"href":"https:\/\/yasminfood.ch\/de\/wp-json\/wp\/v2\/product_cat?post=23206"},{"taxonomy":"product_tag","embeddable":true,"href":"https:\/\/yasminfood.ch\/de\/wp-json\/wp\/v2\/product_tag?post=23206"}],"curies":[{"name":"wp","href":"https:\/\/api.w.org\/{rel}","templated":true}]}}