{"id":3773,"date":"2020-10-03T14:22:52","date_gmt":"2020-10-03T12:22:52","guid":{"rendered":"https:\/\/yasminfood.ch\/product\/hummus-tahini-rosenkranz-krueppel-135g\/"},"modified":"2025-10-04T01:22:31","modified_gmt":"2025-10-03T23:22:31","slug":"hummus-tahini-rosba-al-al-kassih-135g","status":"publish","type":"product","link":"https:\/\/yasminfood.ch\/de\/product\/hummus-tahini-rosba-al-al-kassih-135g\/","title":{"rendered":"Hummus mit Tahini (Rosenkranz) Al-Kasih -135g *4"},"content":{"rendered":"<p><strong>Hummus mit Tahini (Rosenkranz) Al-Kasih -135g *4<\/strong><\/p>\n<ul>\n<li>Genie\u00dfen Sie den Geschmack der original Tahini-Kichererbsen aus dem Kisih, die sorgf\u00e4ltig zubereitet werden, um Zartheit und hohen N\u00e4hrwert zu vereinen. <\/li>\n<li>Ein gesunder, verzehrfertiger Snack, reich an pflanzlichen Proteinen und Ballaststoffen, perfekt zum Fr\u00fchst\u00fcck, Abendessen oder als schneller Snack mit frisch gebackenem Brot.   <\/li>\n<\/ul>\n<p data-start=\"323\" data-end=\"338\"><strong data-start=\"323\" data-end=\"336\">Funktionen:<\/strong><\/p>\n<ul data-start=\"339\" data-end=\"546\">\n<li data-start=\"339\" data-end=\"380\">\n<p data-start=\"341\" data-end=\"380\">Authentischer orientalischer Geschmack mit dem Geschmack von Kichererbsen und Tahini.<\/p>\n<\/li>\n<li data-start=\"381\" data-end=\"416\">\n<p data-start=\"383\" data-end=\"416\">Reich an pflanzlichem Eiwei\u00df und Ballaststoffen.<\/p>\n<\/li>\n<li data-start=\"417\" data-end=\"437\">\n<p data-start=\"419\" data-end=\"437\">Geeignet f\u00fcr Vegetarier.<\/p>\n<\/li>\n<li data-start=\"438\" data-end=\"479\">\n<p data-start=\"440\" data-end=\"479\">Kleine Packungen (135 g) sind praktisch und leicht zu transportieren.<\/p>\n<\/li>\n<li data-start=\"480\" data-end=\"546\">\n<p data-start=\"482\" data-end=\"546\">Es wird mit <strong data-start=\"504\" data-end=\"515\">einer Packung mit 4 Packungen<\/strong> geliefert, um den Geschmack jederzeit zu genie\u00dfen.<\/p>\n<\/li>\n<\/ul>\n<p data-start=\"555\" data-end=\"676\" data-is-last-node=\"\" data-is-only-node=\"\">\n","protected":false},"excerpt":{"rendered":"<p><strong>Hummus mit Tahini (Rosenkranz) Al-Kasih -135g *4<\/strong><\/p>\n<ul>\n<li>Genie\u00dfen Sie den Geschmack der original Tahini-Kichererbsen aus dem Kisih, die sorgf\u00e4ltig zubereitet werden, um Zartheit und hohen N\u00e4hrwert zu vereinen. <\/li>\n<\/ul>\n","protected":false},"featured_media":109706,"comment_status":"open","ping_status":"closed","template":"","meta":[],"product_brand":[],"product_cat":[267,245],"product_tag":[446],"class_list":{"0":"post-3773","1":"product","2":"type-product","3":"status-publish","4":"has-post-thumbnail","6":"product_cat-hummus","7":"product_cat-konserven-lebensmittel","8":"product_tag-bereit-zu-essen-gemischt-mit-tahini","10":"first","11":"instock","12":"taxable","13":"shipping-taxable","14":"purchasable","15":"product-type-simple"},"yoast_head":"<!-- This site is optimized with the Yoast SEO Premium plugin v26.5 (Yoast SEO v27.3) - https:\/\/yoast.com\/product\/yoast-seo-premium-wordpress\/ -->\n<title>Hummus mit Tahini (Rosenkranz) Al-Kasih -135g *4 - Yasmin Food<\/title>\n<meta name=\"description\" content=\"Hummus mit Tahini (Rosenkranz) Al-Kasih -135g *4 Jordanian made Eine spezielle Mischung aus hochwertigen Kichererbsen gemischt mit 100% Sesampaste gemischt mit Sesampaste, so dass er direkt gegessen werden kann\" \/>\n<meta name=\"robots\" content=\"index, follow, max-snippet:-1, max-image-preview:large, max-video-preview:-1\" \/>\n<link rel=\"canonical\" href=\"https:\/\/yasminfood.ch\/de\/product\/hummus-tahini-rosba-al-al-kassih-135g\/\" \/>\n<meta property=\"og:locale\" content=\"de_DE\" \/>\n<meta property=\"og:type\" content=\"article\" \/>\n<meta property=\"og:title\" content=\"Hummus mit Tahini (Rosenkranz) Al-Kasih -135g *4\" \/>\n<meta property=\"og:description\" content=\"Hummus mit Tahini (Rosenkranz) Al-Kasih -135g *4  Genie\u00dfen Sie den Geschmack der original Tahini-Kichererbsen aus dem Kisih, die sorgf\u00e4ltig zubereitet werden, um Zartheit und hohen N\u00e4hrwert zu vereinen.\" \/>\n<meta property=\"og:url\" content=\"https:\/\/yasminfood.ch\/de\/product\/hummus-tahini-rosba-al-al-kassih-135g\/\" \/>\n<meta property=\"og:site_name\" content=\"Yasmin Food\" \/>\n<meta property=\"article:publisher\" content=\"https:\/\/www.facebook.com\/yasminmarkt1\" \/>\n<meta property=\"article:modified_time\" content=\"2025-10-03T23:22:31+00:00\" \/>\n<meta property=\"og:image\" content=\"https:\/\/yasminfood.ch\/wp-content\/uploads\/2020\/10\/\u062d\u0645\u0635-\u0627\u0644\u0643\u0633\u064a\u062d-135\u063a.png\" \/>\n\t<meta property=\"og:image:width\" content=\"1080\" \/>\n\t<meta property=\"og:image:height\" content=\"1080\" \/>\n\t<meta property=\"og:image:type\" content=\"image\/png\" \/>\n<meta name=\"twitter:card\" content=\"summary_large_image\" \/>\n<meta name=\"twitter:label1\" content=\"Preis\" \/>\n\t<meta name=\"twitter:data1\" content=\"5.50&nbsp;&#067;&#072;&#070;\" \/>\n\t<meta name=\"twitter:label2\" content=\"Verf\u00fcgbarkeit\" \/>\n\t<meta name=\"twitter:data2\" content=\"Auf Lager\" \/>\n<script type=\"application\/ld+json\" class=\"yoast-schema-graph\">{\"@context\":\"https:\\\/\\\/schema.org\",\"@graph\":[{\"@type\":\"WebPage\",\"@id\":\"https:\\\/\\\/yasminfood.ch\\\/de\\\/product\\\/hummus-tahini-rosba-al-al-kassih-135g\\\/\",\"url\":\"https:\\\/\\\/yasminfood.ch\\\/de\\\/product\\\/hummus-tahini-rosba-al-al-kassih-135g\\\/\",\"name\":\"Hummus mit Tahini (Rosenkranz) Al-Kasih -135g *4 - Yasmin Food\",\"isPartOf\":{\"@id\":\"https:\\\/\\\/yasminfood.ch\\\/de\\\/#website\"},\"primaryImageOfPage\":{\"@id\":\"https:\\\/\\\/yasminfood.ch\\\/de\\\/product\\\/hummus-tahini-rosba-al-al-kassih-135g\\\/#primaryimage\"},\"image\":{\"@id\":\"https:\\\/\\\/yasminfood.ch\\\/de\\\/product\\\/hummus-tahini-rosba-al-al-kassih-135g\\\/#primaryimage\"},\"thumbnailUrl\":\"https:\\\/\\\/yasminfood.ch\\\/wp-content\\\/uploads\\\/2020\\\/10\\\/\u062d\u0645\u0635-\u0627\u0644\u0643\u0633\u064a\u062d-135\u063a.png\",\"datePublished\":\"2020-10-03T12:22:52+00:00\",\"dateModified\":\"2025-10-03T23:22:31+00:00\",\"description\":\"Hummus mit Tahini (Rosenkranz) Al-Kasih -135g *4 Jordanian made Eine spezielle Mischung aus hochwertigen Kichererbsen gemischt mit 100% Sesampaste gemischt mit Sesampaste, so dass er direkt gegessen werden kann\",\"breadcrumb\":{\"@id\":\"https:\\\/\\\/yasminfood.ch\\\/de\\\/product\\\/hummus-tahini-rosba-al-al-kassih-135g\\\/#breadcrumb\"},\"inLanguage\":\"de\",\"potentialAction\":[{\"@type\":\"ReadAction\",\"target\":[\"https:\\\/\\\/yasminfood.ch\\\/de\\\/product\\\/hummus-tahini-rosba-al-al-kassih-135g\\\/\"]}]},{\"@type\":\"ImageObject\",\"inLanguage\":\"de\",\"@id\":\"https:\\\/\\\/yasminfood.ch\\\/de\\\/product\\\/hummus-tahini-rosba-al-al-kassih-135g\\\/#primaryimage\",\"url\":\"https:\\\/\\\/yasminfood.ch\\\/wp-content\\\/uploads\\\/2020\\\/10\\\/\u062d\u0645\u0635-\u0627\u0644\u0643\u0633\u064a\u062d-135\u063a.png\",\"contentUrl\":\"https:\\\/\\\/yasminfood.ch\\\/wp-content\\\/uploads\\\/2020\\\/10\\\/\u062d\u0645\u0635-\u0627\u0644\u0643\u0633\u064a\u062d-135\u063a.png\",\"width\":1080,\"height\":1080},{\"@type\":\"BreadcrumbList\",\"@id\":\"https:\\\/\\\/yasminfood.ch\\\/de\\\/product\\\/hummus-tahini-rosba-al-al-kassih-135g\\\/#breadcrumb\",\"itemListElement\":[{\"@type\":\"ListItem\",\"position\":1,\"name\":\"\u0627\u0644\u0631\u0626\u064a\u0633\u064a\u0629\",\"item\":\"https:\\\/\\\/yasminfood.ch\\\/de\\\/zuhause\\\/\"},{\"@type\":\"ListItem\",\"position\":2,\"name\":\"Shop\",\"item\":\"https:\\\/\\\/yasminfood.ch\\\/de\\\/shop\\\/\"},{\"@type\":\"ListItem\",\"position\":3,\"name\":\"Konserven - Lebensmittel\",\"item\":\"https:\\\/\\\/yasminfood.ch\\\/de\\\/produkt-kategorie\\\/konserven-lebensmittel\\\/\"},{\"@type\":\"ListItem\",\"position\":4,\"name\":\"Hummus\",\"item\":\"https:\\\/\\\/yasminfood.ch\\\/de\\\/produkt-kategorie\\\/konserven-lebensmittel\\\/hummus\\\/\"},{\"@type\":\"ListItem\",\"position\":5,\"name\":\"Hummus mit Tahini (Rosenkranz) Al-Kasih -135g *4\"}]},{\"@type\":\"WebSite\",\"@id\":\"https:\\\/\\\/yasminfood.ch\\\/de\\\/#website\",\"url\":\"https:\\\/\\\/yasminfood.ch\\\/de\\\/\",\"name\":\"\u064a\u0627\u0633\u0645\u064a\u0646 \u0645\u0627\u0631\u0643\u062a\",\"description\":\"Alles, was Sie brauchen, an einem Ort\",\"publisher\":{\"@id\":\"https:\\\/\\\/yasminfood.ch\\\/de\\\/#organization\"},\"alternateName\":\"Yasmin Food\",\"potentialAction\":[{\"@type\":\"SearchAction\",\"target\":{\"@type\":\"EntryPoint\",\"urlTemplate\":\"https:\\\/\\\/yasminfood.ch\\\/de\\\/?s={search_term_string}\"},\"query-input\":{\"@type\":\"PropertyValueSpecification\",\"valueRequired\":true,\"valueName\":\"search_term_string\"}}],\"inLanguage\":\"de\"},{\"@type\":\"Organization\",\"@id\":\"https:\\\/\\\/yasminfood.ch\\\/de\\\/#organization\",\"name\":\"\u064a\u0627\u0633\u0645\u064a\u0646 \u0645\u0627\u0631\u0643\u062a\",\"alternateName\":\"Yasmin Food\",\"url\":\"https:\\\/\\\/yasminfood.ch\\\/de\\\/\",\"logo\":{\"@type\":\"ImageObject\",\"inLanguage\":\"de\",\"@id\":\"https:\\\/\\\/yasminfood.ch\\\/de\\\/#\\\/schema\\\/logo\\\/image\\\/\",\"url\":\"https:\\\/\\\/yasminfood.ch\\\/wp-content\\\/uploads\\\/2025\\\/05\\\/yasmin-food-header-logo.png\",\"contentUrl\":\"https:\\\/\\\/yasminfood.ch\\\/wp-content\\\/uploads\\\/2025\\\/05\\\/yasmin-food-header-logo.png\",\"width\":330,\"height\":120,\"caption\":\"\u064a\u0627\u0633\u0645\u064a\u0646 \u0645\u0627\u0631\u0643\u062a\"},\"image\":{\"@id\":\"https:\\\/\\\/yasminfood.ch\\\/de\\\/#\\\/schema\\\/logo\\\/image\\\/\"},\"sameAs\":[\"https:\\\/\\\/www.facebook.com\\\/yasminmarkt1\",\"https:\\\/\\\/www.tiktok.com\\\/@yasminmarkt\",\"https:\\\/\\\/www.instagram.com\\\/yasmin.markt1\\\/\",\"https:\\\/\\\/api.whatsapp.com\\\/send\\\/?phone=41799000104\"],\"publishingPrinciples\":\"https:\\\/\\\/yasminfood.ch\\\/de\\\/shop\\\/\",\"ownershipFundingInfo\":\"https:\\\/\\\/yasminfood.ch\\\/de\\\/shop\\\/\"}]}<\/script>\n<meta property=\"product:price:amount\" content=\"5.50\" \/>\n<meta property=\"product:price:currency\" content=\"CHF\" \/>\n<meta property=\"og:availability\" content=\"instock\" \/>\n<meta property=\"product:availability\" content=\"instock\" \/>\n<meta property=\"product:condition\" content=\"new\" \/>\n<!-- \/ Yoast SEO Premium plugin. -->","yoast_head_json":{"title":"Hummus mit Tahini (Rosenkranz) Al-Kasih -135g *4 - Yasmin Food","description":"Hummus mit Tahini (Rosenkranz) Al-Kasih -135g *4 Jordanian made Eine spezielle Mischung aus hochwertigen Kichererbsen gemischt mit 100% Sesampaste gemischt mit Sesampaste, so dass er direkt gegessen werden kann","robots":{"index":"index","follow":"follow","max-snippet":"max-snippet:-1","max-image-preview":"max-image-preview:large","max-video-preview":"max-video-preview:-1"},"canonical":"https:\/\/yasminfood.ch\/de\/product\/hummus-tahini-rosba-al-al-kassih-135g\/","og_locale":"de_DE","og_type":"article","og_title":"Hummus mit Tahini (Rosenkranz) Al-Kasih -135g *4","og_description":"Hummus mit Tahini (Rosenkranz) Al-Kasih -135g *4  Genie\u00dfen Sie den Geschmack der original Tahini-Kichererbsen aus dem Kisih, die sorgf\u00e4ltig zubereitet werden, um Zartheit und hohen N\u00e4hrwert zu vereinen.","og_url":"https:\/\/yasminfood.ch\/de\/product\/hummus-tahini-rosba-al-al-kassih-135g\/","og_site_name":"Yasmin Food","article_publisher":"https:\/\/www.facebook.com\/yasminmarkt1","article_modified_time":"2025-10-03T23:22:31+00:00","og_image":[{"width":1080,"height":1080,"url":"https:\/\/yasminfood.ch\/wp-content\/uploads\/2020\/10\/\u062d\u0645\u0635-\u0627\u0644\u0643\u0633\u064a\u062d-135\u063a.png","type":"image\/png"}],"twitter_card":"summary_large_image","twitter_misc":{"Preis":"5.50&nbsp;&#67;&#72;&#70;","Verf\u00fcgbarkeit":"Auf Lager"},"schema":{"@context":"https:\/\/schema.org","@graph":[{"@type":"WebPage","@id":"https:\/\/yasminfood.ch\/de\/product\/hummus-tahini-rosba-al-al-kassih-135g\/","url":"https:\/\/yasminfood.ch\/de\/product\/hummus-tahini-rosba-al-al-kassih-135g\/","name":"Hummus mit Tahini (Rosenkranz) Al-Kasih -135g *4 - Yasmin Food","isPartOf":{"@id":"https:\/\/yasminfood.ch\/de\/#website"},"primaryImageOfPage":{"@id":"https:\/\/yasminfood.ch\/de\/product\/hummus-tahini-rosba-al-al-kassih-135g\/#primaryimage"},"image":{"@id":"https:\/\/yasminfood.ch\/de\/product\/hummus-tahini-rosba-al-al-kassih-135g\/#primaryimage"},"thumbnailUrl":"https:\/\/yasminfood.ch\/wp-content\/uploads\/2020\/10\/\u062d\u0645\u0635-\u0627\u0644\u0643\u0633\u064a\u062d-135\u063a.png","datePublished":"2020-10-03T12:22:52+00:00","dateModified":"2025-10-03T23:22:31+00:00","description":"Hummus mit Tahini (Rosenkranz) Al-Kasih -135g *4 Jordanian made Eine spezielle Mischung aus hochwertigen Kichererbsen gemischt mit 100% Sesampaste gemischt mit Sesampaste, so dass er direkt gegessen werden kann","breadcrumb":{"@id":"https:\/\/yasminfood.ch\/de\/product\/hummus-tahini-rosba-al-al-kassih-135g\/#breadcrumb"},"inLanguage":"de","potentialAction":[{"@type":"ReadAction","target":["https:\/\/yasminfood.ch\/de\/product\/hummus-tahini-rosba-al-al-kassih-135g\/"]}]},{"@type":"ImageObject","inLanguage":"de","@id":"https:\/\/yasminfood.ch\/de\/product\/hummus-tahini-rosba-al-al-kassih-135g\/#primaryimage","url":"https:\/\/yasminfood.ch\/wp-content\/uploads\/2020\/10\/\u062d\u0645\u0635-\u0627\u0644\u0643\u0633\u064a\u062d-135\u063a.png","contentUrl":"https:\/\/yasminfood.ch\/wp-content\/uploads\/2020\/10\/\u062d\u0645\u0635-\u0627\u0644\u0643\u0633\u064a\u062d-135\u063a.png","width":1080,"height":1080},{"@type":"BreadcrumbList","@id":"https:\/\/yasminfood.ch\/de\/product\/hummus-tahini-rosba-al-al-kassih-135g\/#breadcrumb","itemListElement":[{"@type":"ListItem","position":1,"name":"\u0627\u0644\u0631\u0626\u064a\u0633\u064a\u0629","item":"https:\/\/yasminfood.ch\/de\/zuhause\/"},{"@type":"ListItem","position":2,"name":"Shop","item":"https:\/\/yasminfood.ch\/de\/shop\/"},{"@type":"ListItem","position":3,"name":"Konserven - Lebensmittel","item":"https:\/\/yasminfood.ch\/de\/produkt-kategorie\/konserven-lebensmittel\/"},{"@type":"ListItem","position":4,"name":"Hummus","item":"https:\/\/yasminfood.ch\/de\/produkt-kategorie\/konserven-lebensmittel\/hummus\/"},{"@type":"ListItem","position":5,"name":"Hummus mit Tahini (Rosenkranz) Al-Kasih -135g *4"}]},{"@type":"WebSite","@id":"https:\/\/yasminfood.ch\/de\/#website","url":"https:\/\/yasminfood.ch\/de\/","name":"\u064a\u0627\u0633\u0645\u064a\u0646 \u0645\u0627\u0631\u0643\u062a","description":"Alles, was Sie brauchen, an einem Ort","publisher":{"@id":"https:\/\/yasminfood.ch\/de\/#organization"},"alternateName":"Yasmin Food","potentialAction":[{"@type":"SearchAction","target":{"@type":"EntryPoint","urlTemplate":"https:\/\/yasminfood.ch\/de\/?s={search_term_string}"},"query-input":{"@type":"PropertyValueSpecification","valueRequired":true,"valueName":"search_term_string"}}],"inLanguage":"de"},{"@type":"Organization","@id":"https:\/\/yasminfood.ch\/de\/#organization","name":"\u064a\u0627\u0633\u0645\u064a\u0646 \u0645\u0627\u0631\u0643\u062a","alternateName":"Yasmin Food","url":"https:\/\/yasminfood.ch\/de\/","logo":{"@type":"ImageObject","inLanguage":"de","@id":"https:\/\/yasminfood.ch\/de\/#\/schema\/logo\/image\/","url":"https:\/\/yasminfood.ch\/wp-content\/uploads\/2025\/05\/yasmin-food-header-logo.png","contentUrl":"https:\/\/yasminfood.ch\/wp-content\/uploads\/2025\/05\/yasmin-food-header-logo.png","width":330,"height":120,"caption":"\u064a\u0627\u0633\u0645\u064a\u0646 \u0645\u0627\u0631\u0643\u062a"},"image":{"@id":"https:\/\/yasminfood.ch\/de\/#\/schema\/logo\/image\/"},"sameAs":["https:\/\/www.facebook.com\/yasminmarkt1","https:\/\/www.tiktok.com\/@yasminmarkt","https:\/\/www.instagram.com\/yasmin.markt1\/","https:\/\/api.whatsapp.com\/send\/?phone=41799000104"],"publishingPrinciples":"https:\/\/yasminfood.ch\/de\/shop\/","ownershipFundingInfo":"https:\/\/yasminfood.ch\/de\/shop\/"}]},"product_price_amount":"5.50","product_price_currency":"CHF","og_availability":"instock","product_availability":"instock","product_condition":"new"},"jetpack_sharing_enabled":true,"_links":{"self":[{"href":"https:\/\/yasminfood.ch\/de\/wp-json\/wp\/v2\/product\/3773","targetHints":{"allow":["GET"]}}],"collection":[{"href":"https:\/\/yasminfood.ch\/de\/wp-json\/wp\/v2\/product"}],"about":[{"href":"https:\/\/yasminfood.ch\/de\/wp-json\/wp\/v2\/types\/product"}],"replies":[{"embeddable":true,"href":"https:\/\/yasminfood.ch\/de\/wp-json\/wp\/v2\/comments?post=3773"}],"version-history":[{"count":2,"href":"https:\/\/yasminfood.ch\/de\/wp-json\/wp\/v2\/product\/3773\/revisions"}],"predecessor-version":[{"id":119883,"href":"https:\/\/yasminfood.ch\/de\/wp-json\/wp\/v2\/product\/3773\/revisions\/119883"}],"wp:featuredmedia":[{"embeddable":true,"href":"https:\/\/yasminfood.ch\/de\/wp-json\/wp\/v2\/media\/109706"}],"wp:attachment":[{"href":"https:\/\/yasminfood.ch\/de\/wp-json\/wp\/v2\/media?parent=3773"}],"wp:term":[{"taxonomy":"product_brand","embeddable":true,"href":"https:\/\/yasminfood.ch\/de\/wp-json\/wp\/v2\/product_brand?post=3773"},{"taxonomy":"product_cat","embeddable":true,"href":"https:\/\/yasminfood.ch\/de\/wp-json\/wp\/v2\/product_cat?post=3773"},{"taxonomy":"product_tag","embeddable":true,"href":"https:\/\/yasminfood.ch\/de\/wp-json\/wp\/v2\/product_tag?post=3773"}],"curies":[{"name":"wp","href":"https:\/\/api.w.org\/{rel}","templated":true}]}}