{"id":3850,"date":"2020-10-06T14:07:55","date_gmt":"2020-10-06T12:07:55","guid":{"rendered":"https:\/\/yasminfood.ch\/product\/molasse-falfala-durra-430g\/"},"modified":"2025-10-07T00:42:23","modified_gmt":"2025-10-06T22:42:23","slug":"molasse-flavela-durra-430g-2","status":"publish","type":"product","link":"https:\/\/yasminfood.ch\/de\/product\/molasse-flavela-durra-430g-2\/","title":{"rendered":"Durra Pfeffer Melasse -370g"},"content":{"rendered":"<p data-start=\"184\" data-end=\"217\"><strong>\ud83c\udf36\ufe0f Paprikamelasse \u2013 370 g<\/strong><\/p>\n<ul>\n<li data-start=\"218\" data-end=\"335\">Durra Capsicum Melasse verleiht Ihrem Essen eine satte rote Farbe und einen k\u00f6stlichen nat\u00fcrlichen Geschmack. Es hat eine dichte Textur und einen Geschmack, der Rezepte verfeinert. <\/li>\n<li data-start=\"218\" data-end=\"335\">F\u00fcgen Sie Melasse zu Saucen und Eint\u00f6pfen hinzu, um einen ausgewogenen Geschmack zu erzielen. Verwenden Sie es zum Marinieren von Fleisch und H\u00fchnern oder in der orientalischen K\u00fcche, um ihm einen unverwechselbaren Geschmack zu verleihen. <\/li>\n<li data-start=\"218\" data-end=\"335\">Das Produkt ist in einer 370g Glasflasche erh\u00e4ltlich. Die Verpackung bewahrt Frische und Qualit\u00e4t bis zum letzten Gebrauch. <\/li>\n<\/ul>\n<p data-start=\"560\" data-end=\"636\">\u2705 Reichhaltiger nat\u00fcrlicher Geschmack<br data-start=\"578\" data-end=\"581\">\u2705 Perfekt f\u00fcr Dressings und Saucen<br data-start=\"607\" data-end=\"610\">\u2705 Praktische Glasflasche 370g<\/p>\n","protected":false},"excerpt":{"rendered":"<p data-start=\"184\" data-end=\"217\"><strong>\ud83c\udf36\ufe0f Paprikamelasse \u2013 370 g<\/strong><\/p>\n<ul>\n<li data-start=\"218\" data-end=\"335\">Durra Capsicum Melasse verleiht Ihrem Essen eine satte rote Farbe und einen k\u00f6stlichen nat\u00fcrlichen Geschmack. Es hat eine dichte Textur und einen Geschmack, der Rezepte verfeinert. <\/li>\n<\/ul>\n","protected":false},"featured_media":110855,"comment_status":"open","ping_status":"closed","template":"","meta":[],"product_brand":[2316],"product_cat":[245,274],"product_tag":[448],"class_list":{"0":"post-3850","1":"product","2":"type-product","3":"status-publish","4":"has-post-thumbnail","6":"product_brand-durra-de","7":"product_cat-konserven-lebensmittel","8":"product_cat-paprika-sauce","9":"product_tag-100-naturlicher-geschmack","11":"first","12":"outofstock","13":"taxable","14":"shipping-taxable","15":"purchasable","16":"product-type-simple"},"yoast_head":"<!-- This site is optimized with the Yoast SEO Premium plugin v26.5 (Yoast SEO v27.6) - https:\/\/yoast.com\/product\/yoast-seo-premium-wordpress\/ -->\n<title>Durra Pfeffer Melasse -370g - Yasmin Food<\/title>\n<meta name=\"description\" content=\"Verleihen Sie Ihren Mahlzeiten Geschmack und Reichhaltigkeit mit Durra Capsicum Melasse -370g. Genie\u00dfen Sie das W\u00fcrzen von Fleisch mit einem unverwechselbaren Geschmack und hoher Qualit\u00e4t. Probieren Sie es jetzt aus! Durra Pfeffer Melasse -370g\" \/>\n<meta name=\"robots\" content=\"index, follow, max-snippet:-1, max-image-preview:large, max-video-preview:-1\" \/>\n<link rel=\"canonical\" href=\"https:\/\/yasminfood.ch\/de\/product\/molasse-flavela-durra-430g-2\/\" \/>\n<meta property=\"og:locale\" content=\"de_DE\" \/>\n<meta property=\"og:type\" content=\"article\" \/>\n<meta property=\"og:title\" content=\"Durra Pfeffer Melasse -370g\" \/>\n<meta property=\"og:description\" content=\"\ud83c\udf36\ufe0f Paprikamelasse \u2013 370 g   Durra Capsicum Melasse verleiht Ihrem Essen eine satte rote Farbe und einen k\u00f6stlichen nat\u00fcrlichen Geschmack. Es hat eine dichte Textur und einen Geschmack, der Rezepte verfeinert.\" \/>\n<meta property=\"og:url\" content=\"https:\/\/yasminfood.ch\/de\/product\/molasse-flavela-durra-430g-2\/\" \/>\n<meta property=\"og:site_name\" content=\"Yasmin Food\" \/>\n<meta property=\"article:publisher\" content=\"https:\/\/www.facebook.com\/yasminmarkt1\" \/>\n<meta property=\"article:modified_time\" content=\"2025-10-06T22:42:23+00:00\" \/>\n<meta property=\"og:image\" content=\"https:\/\/yasminfood.ch\/wp-content\/uploads\/2020\/10\/\u062f\u0628\u0633-\u0641\u0644\u064a\u0641\u0644\u0629-\u062d\u0645\u0631\u0627\u0621-\u062d\u0627\u0631-\u0627\u0644\u062f\u0631\u0629-370\u063a.png\" \/>\n\t<meta property=\"og:image:width\" content=\"1080\" \/>\n\t<meta property=\"og:image:height\" content=\"1080\" \/>\n\t<meta property=\"og:image:type\" content=\"image\/png\" \/>\n<meta name=\"twitter:card\" content=\"summary_large_image\" \/>\n<meta name=\"twitter:label1\" content=\"Preis\" \/>\n\t<meta name=\"twitter:data1\" content=\"3.50&nbsp;&#067;&#072;&#070;\" \/>\n\t<meta name=\"twitter:label2\" content=\"Verf\u00fcgbarkeit\" \/>\n\t<meta name=\"twitter:data2\" content=\"ausverkauft\" \/>\n<script type=\"application\/ld+json\" class=\"yoast-schema-graph\">{\"@context\":\"https:\\\/\\\/schema.org\",\"@graph\":[{\"@type\":\"WebPage\",\"@id\":\"https:\\\/\\\/yasminfood.ch\\\/de\\\/product\\\/molasse-flavela-durra-430g-2\\\/\",\"url\":\"https:\\\/\\\/yasminfood.ch\\\/de\\\/product\\\/molasse-flavela-durra-430g-2\\\/\",\"name\":\"Durra Pfeffer Melasse -370g - Yasmin Food\",\"isPartOf\":{\"@id\":\"https:\\\/\\\/yasminfood.ch\\\/de\\\/#website\"},\"primaryImageOfPage\":{\"@id\":\"https:\\\/\\\/yasminfood.ch\\\/de\\\/product\\\/molasse-flavela-durra-430g-2\\\/#primaryimage\"},\"image\":{\"@id\":\"https:\\\/\\\/yasminfood.ch\\\/de\\\/product\\\/molasse-flavela-durra-430g-2\\\/#primaryimage\"},\"thumbnailUrl\":\"https:\\\/\\\/yasminfood.ch\\\/wp-content\\\/uploads\\\/2020\\\/10\\\/\u062f\u0628\u0633-\u0641\u0644\u064a\u0641\u0644\u0629-\u062d\u0645\u0631\u0627\u0621-\u062d\u0627\u0631-\u0627\u0644\u062f\u0631\u0629-370\u063a.png\",\"datePublished\":\"2020-10-06T12:07:55+00:00\",\"dateModified\":\"2025-10-06T22:42:23+00:00\",\"description\":\"Verleihen Sie Ihren Mahlzeiten Geschmack und Reichhaltigkeit mit Durra Capsicum Melasse -370g. Genie\u00dfen Sie das W\u00fcrzen von Fleisch mit einem unverwechselbaren Geschmack und hoher Qualit\u00e4t. Probieren Sie es jetzt aus! Durra Pfeffer Melasse -370g\",\"breadcrumb\":{\"@id\":\"https:\\\/\\\/yasminfood.ch\\\/de\\\/product\\\/molasse-flavela-durra-430g-2\\\/#breadcrumb\"},\"inLanguage\":\"de\",\"potentialAction\":[{\"@type\":\"ReadAction\",\"target\":[\"https:\\\/\\\/yasminfood.ch\\\/de\\\/product\\\/molasse-flavela-durra-430g-2\\\/\"]}]},{\"@type\":\"ImageObject\",\"inLanguage\":\"de\",\"@id\":\"https:\\\/\\\/yasminfood.ch\\\/de\\\/product\\\/molasse-flavela-durra-430g-2\\\/#primaryimage\",\"url\":\"https:\\\/\\\/yasminfood.ch\\\/wp-content\\\/uploads\\\/2020\\\/10\\\/\u062f\u0628\u0633-\u0641\u0644\u064a\u0641\u0644\u0629-\u062d\u0645\u0631\u0627\u0621-\u062d\u0627\u0631-\u0627\u0644\u062f\u0631\u0629-370\u063a.png\",\"contentUrl\":\"https:\\\/\\\/yasminfood.ch\\\/wp-content\\\/uploads\\\/2020\\\/10\\\/\u062f\u0628\u0633-\u0641\u0644\u064a\u0641\u0644\u0629-\u062d\u0645\u0631\u0627\u0621-\u062d\u0627\u0631-\u0627\u0644\u062f\u0631\u0629-370\u063a.png\",\"width\":1080,\"height\":1080,\"caption\":\"Durra Pfeffer Melasse -370g\"},{\"@type\":\"BreadcrumbList\",\"@id\":\"https:\\\/\\\/yasminfood.ch\\\/de\\\/product\\\/molasse-flavela-durra-430g-2\\\/#breadcrumb\",\"itemListElement\":[{\"@type\":\"ListItem\",\"position\":1,\"name\":\"\u0627\u0644\u0631\u0626\u064a\u0633\u064a\u0629\",\"item\":\"https:\\\/\\\/yasminfood.ch\\\/de\\\/zuhause\\\/\"},{\"@type\":\"ListItem\",\"position\":2,\"name\":\"Shop\",\"item\":\"https:\\\/\\\/yasminfood.ch\\\/de\\\/shop\\\/\"},{\"@type\":\"ListItem\",\"position\":3,\"name\":\"Konserven - Lebensmittel\",\"item\":\"https:\\\/\\\/yasminfood.ch\\\/de\\\/produkt-kategorie\\\/konserven-lebensmittel\\\/\"},{\"@type\":\"ListItem\",\"position\":4,\"name\":\"Paprika Sauce\",\"item\":\"https:\\\/\\\/yasminfood.ch\\\/de\\\/produkt-kategorie\\\/konserven-lebensmittel\\\/paprika-sauce\\\/\"},{\"@type\":\"ListItem\",\"position\":5,\"name\":\"Durra Pfeffer Melasse -370g\"}]},{\"@type\":\"WebSite\",\"@id\":\"https:\\\/\\\/yasminfood.ch\\\/de\\\/#website\",\"url\":\"https:\\\/\\\/yasminfood.ch\\\/de\\\/\",\"name\":\"\u064a\u0627\u0633\u0645\u064a\u0646 \u0645\u0627\u0631\u0643\u062a\",\"description\":\"Alles, was Sie brauchen, an einem Ort\",\"publisher\":{\"@id\":\"https:\\\/\\\/yasminfood.ch\\\/de\\\/#organization\"},\"alternateName\":\"Yasmin Food\",\"potentialAction\":[{\"@type\":\"SearchAction\",\"target\":{\"@type\":\"EntryPoint\",\"urlTemplate\":\"https:\\\/\\\/yasminfood.ch\\\/de\\\/?s={search_term_string}\"},\"query-input\":{\"@type\":\"PropertyValueSpecification\",\"valueRequired\":true,\"valueName\":\"search_term_string\"}}],\"inLanguage\":\"de\"},{\"@type\":\"Organization\",\"@id\":\"https:\\\/\\\/yasminfood.ch\\\/de\\\/#organization\",\"name\":\"\u064a\u0627\u0633\u0645\u064a\u0646 \u0645\u0627\u0631\u0643\u062a\",\"alternateName\":\"Yasmin Food\",\"url\":\"https:\\\/\\\/yasminfood.ch\\\/de\\\/\",\"logo\":{\"@type\":\"ImageObject\",\"inLanguage\":\"de\",\"@id\":\"https:\\\/\\\/yasminfood.ch\\\/de\\\/#\\\/schema\\\/logo\\\/image\\\/\",\"url\":\"https:\\\/\\\/yasminfood.ch\\\/wp-content\\\/uploads\\\/2025\\\/05\\\/yasmin-food-header-logo.png\",\"contentUrl\":\"https:\\\/\\\/yasminfood.ch\\\/wp-content\\\/uploads\\\/2025\\\/05\\\/yasmin-food-header-logo.png\",\"width\":330,\"height\":120,\"caption\":\"\u064a\u0627\u0633\u0645\u064a\u0646 \u0645\u0627\u0631\u0643\u062a\"},\"image\":{\"@id\":\"https:\\\/\\\/yasminfood.ch\\\/de\\\/#\\\/schema\\\/logo\\\/image\\\/\"},\"sameAs\":[\"https:\\\/\\\/www.facebook.com\\\/yasminmarkt1\",\"https:\\\/\\\/www.tiktok.com\\\/@yasminmarkt\",\"https:\\\/\\\/www.instagram.com\\\/yasmin.markt1\\\/\",\"https:\\\/\\\/api.whatsapp.com\\\/send\\\/?phone=41799000104\"],\"publishingPrinciples\":\"https:\\\/\\\/yasminfood.ch\\\/de\\\/shop\\\/\",\"ownershipFundingInfo\":\"https:\\\/\\\/yasminfood.ch\\\/de\\\/shop\\\/\"}]}<\/script>\n<meta property=\"product:price:amount\" content=\"3.50\" \/>\n<meta property=\"product:price:currency\" content=\"CHF\" \/>\n<meta property=\"og:availability\" content=\"out of stock\" \/>\n<meta property=\"product:availability\" content=\"out of stock\" \/>\n<meta property=\"product:condition\" content=\"new\" \/>\n<!-- \/ Yoast SEO Premium plugin. -->","yoast_head_json":{"title":"Durra Pfeffer Melasse -370g - Yasmin Food","description":"Verleihen Sie Ihren Mahlzeiten Geschmack und Reichhaltigkeit mit Durra Capsicum Melasse -370g. Genie\u00dfen Sie das W\u00fcrzen von Fleisch mit einem unverwechselbaren Geschmack und hoher Qualit\u00e4t. Probieren Sie es jetzt aus! Durra Pfeffer Melasse -370g","robots":{"index":"index","follow":"follow","max-snippet":"max-snippet:-1","max-image-preview":"max-image-preview:large","max-video-preview":"max-video-preview:-1"},"canonical":"https:\/\/yasminfood.ch\/de\/product\/molasse-flavela-durra-430g-2\/","og_locale":"de_DE","og_type":"article","og_title":"Durra Pfeffer Melasse -370g","og_description":"\ud83c\udf36\ufe0f Paprikamelasse \u2013 370 g   Durra Capsicum Melasse verleiht Ihrem Essen eine satte rote Farbe und einen k\u00f6stlichen nat\u00fcrlichen Geschmack. Es hat eine dichte Textur und einen Geschmack, der Rezepte verfeinert.","og_url":"https:\/\/yasminfood.ch\/de\/product\/molasse-flavela-durra-430g-2\/","og_site_name":"Yasmin Food","article_publisher":"https:\/\/www.facebook.com\/yasminmarkt1","article_modified_time":"2025-10-06T22:42:23+00:00","og_image":[{"width":1080,"height":1080,"url":"https:\/\/yasminfood.ch\/wp-content\/uploads\/2020\/10\/\u062f\u0628\u0633-\u0641\u0644\u064a\u0641\u0644\u0629-\u062d\u0645\u0631\u0627\u0621-\u062d\u0627\u0631-\u0627\u0644\u062f\u0631\u0629-370\u063a.png","type":"image\/png"}],"twitter_card":"summary_large_image","twitter_misc":{"Preis":"3.50&nbsp;&#67;&#72;&#70;","Verf\u00fcgbarkeit":"ausverkauft"},"schema":{"@context":"https:\/\/schema.org","@graph":[{"@type":"WebPage","@id":"https:\/\/yasminfood.ch\/de\/product\/molasse-flavela-durra-430g-2\/","url":"https:\/\/yasminfood.ch\/de\/product\/molasse-flavela-durra-430g-2\/","name":"Durra Pfeffer Melasse -370g - Yasmin Food","isPartOf":{"@id":"https:\/\/yasminfood.ch\/de\/#website"},"primaryImageOfPage":{"@id":"https:\/\/yasminfood.ch\/de\/product\/molasse-flavela-durra-430g-2\/#primaryimage"},"image":{"@id":"https:\/\/yasminfood.ch\/de\/product\/molasse-flavela-durra-430g-2\/#primaryimage"},"thumbnailUrl":"https:\/\/yasminfood.ch\/wp-content\/uploads\/2020\/10\/\u062f\u0628\u0633-\u0641\u0644\u064a\u0641\u0644\u0629-\u062d\u0645\u0631\u0627\u0621-\u062d\u0627\u0631-\u0627\u0644\u062f\u0631\u0629-370\u063a.png","datePublished":"2020-10-06T12:07:55+00:00","dateModified":"2025-10-06T22:42:23+00:00","description":"Verleihen Sie Ihren Mahlzeiten Geschmack und Reichhaltigkeit mit Durra Capsicum Melasse -370g. Genie\u00dfen Sie das W\u00fcrzen von Fleisch mit einem unverwechselbaren Geschmack und hoher Qualit\u00e4t. Probieren Sie es jetzt aus! Durra Pfeffer Melasse -370g","breadcrumb":{"@id":"https:\/\/yasminfood.ch\/de\/product\/molasse-flavela-durra-430g-2\/#breadcrumb"},"inLanguage":"de","potentialAction":[{"@type":"ReadAction","target":["https:\/\/yasminfood.ch\/de\/product\/molasse-flavela-durra-430g-2\/"]}]},{"@type":"ImageObject","inLanguage":"de","@id":"https:\/\/yasminfood.ch\/de\/product\/molasse-flavela-durra-430g-2\/#primaryimage","url":"https:\/\/yasminfood.ch\/wp-content\/uploads\/2020\/10\/\u062f\u0628\u0633-\u0641\u0644\u064a\u0641\u0644\u0629-\u062d\u0645\u0631\u0627\u0621-\u062d\u0627\u0631-\u0627\u0644\u062f\u0631\u0629-370\u063a.png","contentUrl":"https:\/\/yasminfood.ch\/wp-content\/uploads\/2020\/10\/\u062f\u0628\u0633-\u0641\u0644\u064a\u0641\u0644\u0629-\u062d\u0645\u0631\u0627\u0621-\u062d\u0627\u0631-\u0627\u0644\u062f\u0631\u0629-370\u063a.png","width":1080,"height":1080,"caption":"Durra Pfeffer Melasse -370g"},{"@type":"BreadcrumbList","@id":"https:\/\/yasminfood.ch\/de\/product\/molasse-flavela-durra-430g-2\/#breadcrumb","itemListElement":[{"@type":"ListItem","position":1,"name":"\u0627\u0644\u0631\u0626\u064a\u0633\u064a\u0629","item":"https:\/\/yasminfood.ch\/de\/zuhause\/"},{"@type":"ListItem","position":2,"name":"Shop","item":"https:\/\/yasminfood.ch\/de\/shop\/"},{"@type":"ListItem","position":3,"name":"Konserven - Lebensmittel","item":"https:\/\/yasminfood.ch\/de\/produkt-kategorie\/konserven-lebensmittel\/"},{"@type":"ListItem","position":4,"name":"Paprika Sauce","item":"https:\/\/yasminfood.ch\/de\/produkt-kategorie\/konserven-lebensmittel\/paprika-sauce\/"},{"@type":"ListItem","position":5,"name":"Durra Pfeffer Melasse -370g"}]},{"@type":"WebSite","@id":"https:\/\/yasminfood.ch\/de\/#website","url":"https:\/\/yasminfood.ch\/de\/","name":"\u064a\u0627\u0633\u0645\u064a\u0646 \u0645\u0627\u0631\u0643\u062a","description":"Alles, was Sie brauchen, an einem Ort","publisher":{"@id":"https:\/\/yasminfood.ch\/de\/#organization"},"alternateName":"Yasmin Food","potentialAction":[{"@type":"SearchAction","target":{"@type":"EntryPoint","urlTemplate":"https:\/\/yasminfood.ch\/de\/?s={search_term_string}"},"query-input":{"@type":"PropertyValueSpecification","valueRequired":true,"valueName":"search_term_string"}}],"inLanguage":"de"},{"@type":"Organization","@id":"https:\/\/yasminfood.ch\/de\/#organization","name":"\u064a\u0627\u0633\u0645\u064a\u0646 \u0645\u0627\u0631\u0643\u062a","alternateName":"Yasmin Food","url":"https:\/\/yasminfood.ch\/de\/","logo":{"@type":"ImageObject","inLanguage":"de","@id":"https:\/\/yasminfood.ch\/de\/#\/schema\/logo\/image\/","url":"https:\/\/yasminfood.ch\/wp-content\/uploads\/2025\/05\/yasmin-food-header-logo.png","contentUrl":"https:\/\/yasminfood.ch\/wp-content\/uploads\/2025\/05\/yasmin-food-header-logo.png","width":330,"height":120,"caption":"\u064a\u0627\u0633\u0645\u064a\u0646 \u0645\u0627\u0631\u0643\u062a"},"image":{"@id":"https:\/\/yasminfood.ch\/de\/#\/schema\/logo\/image\/"},"sameAs":["https:\/\/www.facebook.com\/yasminmarkt1","https:\/\/www.tiktok.com\/@yasminmarkt","https:\/\/www.instagram.com\/yasmin.markt1\/","https:\/\/api.whatsapp.com\/send\/?phone=41799000104"],"publishingPrinciples":"https:\/\/yasminfood.ch\/de\/shop\/","ownershipFundingInfo":"https:\/\/yasminfood.ch\/de\/shop\/"}]},"product_price_amount":"3.50","product_price_currency":"CHF","og_availability":"out of stock","product_availability":"out of stock","product_condition":"new"},"jetpack_sharing_enabled":true,"_links":{"self":[{"href":"https:\/\/yasminfood.ch\/de\/wp-json\/wp\/v2\/product\/3850","targetHints":{"allow":["GET"]}}],"collection":[{"href":"https:\/\/yasminfood.ch\/de\/wp-json\/wp\/v2\/product"}],"about":[{"href":"https:\/\/yasminfood.ch\/de\/wp-json\/wp\/v2\/types\/product"}],"replies":[{"embeddable":true,"href":"https:\/\/yasminfood.ch\/de\/wp-json\/wp\/v2\/comments?post=3850"}],"version-history":[{"count":1,"href":"https:\/\/yasminfood.ch\/de\/wp-json\/wp\/v2\/product\/3850\/revisions"}],"predecessor-version":[{"id":120004,"href":"https:\/\/yasminfood.ch\/de\/wp-json\/wp\/v2\/product\/3850\/revisions\/120004"}],"wp:featuredmedia":[{"embeddable":true,"href":"https:\/\/yasminfood.ch\/de\/wp-json\/wp\/v2\/media\/110855"}],"wp:attachment":[{"href":"https:\/\/yasminfood.ch\/de\/wp-json\/wp\/v2\/media?parent=3850"}],"wp:term":[{"taxonomy":"product_brand","embeddable":true,"href":"https:\/\/yasminfood.ch\/de\/wp-json\/wp\/v2\/product_brand?post=3850"},{"taxonomy":"product_cat","embeddable":true,"href":"https:\/\/yasminfood.ch\/de\/wp-json\/wp\/v2\/product_cat?post=3850"},{"taxonomy":"product_tag","embeddable":true,"href":"https:\/\/yasminfood.ch\/de\/wp-json\/wp\/v2\/product_tag?post=3850"}],"curies":[{"name":"wp","href":"https:\/\/api.w.org\/{rel}","templated":true}]}}