{"id":3931,"date":"2020-10-05T21:29:42","date_gmt":"2020-10-05T19:29:42","guid":{"rendered":"https:\/\/yasminfood.ch\/product\/creme-bok-170g\/"},"modified":"2025-10-07T00:42:06","modified_gmt":"2025-10-06T22:42:06","slug":"cream-bok-170g","status":"publish","type":"product","link":"https:\/\/yasminfood.ch\/de\/product\/cream-bok-170g\/","title":{"rendered":"Creme Bok -170g"},"content":{"rendered":"<div class=\"main-container\">\n<div class=\"page-content\">\n<div class=\"product-page\">\n<div class=\"product-view\">\n<div id=\"product-5416\">\n<div class=\"container\">\n<div class=\"row\">\n<div class=\"col-12 product-content-wrapper order-lg-last\">\n<div class=\"product-more-details\">\n<div class=\"woocommerce-tabs wc-tabs-wrapper\">\n<div id=\"tab-description\" class=\"woocommerce-Tabs-panel woocommerce-Tabs-panel--description panel entry-content wc-tab\" role=\"tabpanel\" aria-labelledby=\"tab-title-description\">\n<p><strong>Sahne &#8211; 170g<\/strong><\/p>\n<ul>\n<li>Pak-Creme bietet einen reichhaltigen, cremigen Geschmack, der zu verschiedenen Gerichten passt. Sahne verleiht Desserts und Backwaren einen herzhaften Geschmack und eine nat\u00fcrliche S\u00fc\u00dfe. <\/li>\n<li>Sie k\u00f6nnen sie mit Obst und Kuchen verwenden oder sie zu orientalischen Gerichten hinzuf\u00fcgen, um ihnen eine unverwechselbare Note zu verleihen. Seine weiche Textur macht es zu einer bequemen Wahl f\u00fcr allt\u00e4gliche Rezepte. <\/li>\n<li>Das Produkt ist in einer praktischen 170g-Packung erh\u00e4ltlich, die Frische und Qualit\u00e4t bewahrt.<\/li>\n<\/ul>\n<p data-start=\"651\" data-end=\"725\">\u2705 Reichhaltige, cremige Textur<br data-start=\"667\" data-end=\"670\">\u2705 Ideal f\u00fcr Desserts und Backwaren<br data-start=\"698\" data-end=\"701\">\u2705 Praktische Packung mit einem Gewicht von 170 g<\/p>\n<\/div>\n<\/div>\n<\/div>\n<\/div>\n<\/div>\n<\/div>\n<\/div>\n<\/div>\n<\/div>\n<\/div>\n<\/div>\n","protected":false},"excerpt":{"rendered":"<p><strong>Sahne &#8211; 170g<\/strong><\/p>\n<ul>\n<li>Pak-Creme bietet einen reichhaltigen, cremigen Geschmack, der zu verschiedenen Gerichten passt. Sahne verleiht Desserts und Backwaren einen herzhaften Geschmack und eine nat\u00fcrliche S\u00fc\u00dfe. <\/li>\n<\/ul>\n","protected":false},"featured_media":109750,"comment_status":"open","ping_status":"closed","template":"","meta":[],"product_brand":[],"product_cat":[295,315],"product_tag":[464],"class_list":{"0":"post-3931","1":"product","2":"type-product","3":"status-publish","4":"has-post-thumbnail","6":"product_cat-milchprodukte-und-eier","7":"product_cat-sahne","8":"product_tag-buch-besonderer-geschmack","10":"first","11":"instock","12":"taxable","13":"shipping-taxable","14":"purchasable","15":"product-type-simple"},"yoast_head":"<!-- This site is optimized with the Yoast SEO Premium plugin v26.5 (Yoast SEO v27.3) - https:\/\/yoast.com\/product\/yoast-seo-premium-wordpress\/ -->\n<title>Creme Bok -170g - Yasmin Food<\/title>\n<meta name=\"description\" content=\"Genie\u00dfen Sie den cremigen Geschmack von Sahne mit Cream Bok - 170g. Es verleiht allen Gerichten und Desserts einen k\u00f6stlichen Geschmack. Probieren Sie es jetzt aus! Yasmin Food Creme Bok -170g\" \/>\n<meta name=\"robots\" content=\"index, follow, max-snippet:-1, max-image-preview:large, max-video-preview:-1\" \/>\n<link rel=\"canonical\" href=\"https:\/\/yasminfood.ch\/de\/product\/cream-bok-170g\/\" \/>\n<meta property=\"og:locale\" content=\"de_DE\" \/>\n<meta property=\"og:type\" content=\"article\" \/>\n<meta property=\"og:title\" content=\"Creme Bok -170g\" \/>\n<meta property=\"og:description\" content=\"Sahne - 170g  Pak-Creme bietet einen reichhaltigen, cremigen Geschmack, der zu verschiedenen Gerichten passt. Sahne verleiht Desserts und Backwaren einen herzhaften Geschmack und eine nat\u00fcrliche S\u00fc\u00dfe.\" \/>\n<meta property=\"og:url\" content=\"https:\/\/yasminfood.ch\/de\/product\/cream-bok-170g\/\" \/>\n<meta property=\"og:site_name\" content=\"Yasmin Food\" \/>\n<meta property=\"article:publisher\" content=\"https:\/\/www.facebook.com\/yasminmarkt1\" \/>\n<meta property=\"article:modified_time\" content=\"2025-10-06T22:42:06+00:00\" \/>\n<meta property=\"og:image\" content=\"https:\/\/yasminfood.ch\/wp-content\/uploads\/2020\/10\/\u0642\u0634\u0637\u0629-\u0643\u0631\u064a\u0645\u064a-\u0628\u0648\u0643-170\u063a.png\" \/>\n\t<meta property=\"og:image:width\" content=\"1080\" \/>\n\t<meta property=\"og:image:height\" content=\"1080\" \/>\n\t<meta property=\"og:image:type\" content=\"image\/png\" \/>\n<meta name=\"twitter:card\" content=\"summary_large_image\" \/>\n<meta name=\"twitter:label1\" content=\"Preis\" \/>\n\t<meta name=\"twitter:data1\" content=\"3.95&nbsp;&#067;&#072;&#070;\" \/>\n\t<meta name=\"twitter:label2\" content=\"Verf\u00fcgbarkeit\" \/>\n\t<meta name=\"twitter:data2\" content=\"Auf Lager\" \/>\n<script type=\"application\/ld+json\" class=\"yoast-schema-graph\">{\"@context\":\"https:\\\/\\\/schema.org\",\"@graph\":[{\"@type\":\"WebPage\",\"@id\":\"https:\\\/\\\/yasminfood.ch\\\/de\\\/product\\\/cream-bok-170g\\\/\",\"url\":\"https:\\\/\\\/yasminfood.ch\\\/de\\\/product\\\/cream-bok-170g\\\/\",\"name\":\"Creme Bok -170g - Yasmin Food\",\"isPartOf\":{\"@id\":\"https:\\\/\\\/yasminfood.ch\\\/de\\\/#website\"},\"primaryImageOfPage\":{\"@id\":\"https:\\\/\\\/yasminfood.ch\\\/de\\\/product\\\/cream-bok-170g\\\/#primaryimage\"},\"image\":{\"@id\":\"https:\\\/\\\/yasminfood.ch\\\/de\\\/product\\\/cream-bok-170g\\\/#primaryimage\"},\"thumbnailUrl\":\"https:\\\/\\\/yasminfood.ch\\\/wp-content\\\/uploads\\\/2020\\\/10\\\/\u0642\u0634\u0637\u0629-\u0643\u0631\u064a\u0645\u064a-\u0628\u0648\u0643-170\u063a.png\",\"datePublished\":\"2020-10-05T19:29:42+00:00\",\"dateModified\":\"2025-10-06T22:42:06+00:00\",\"description\":\"Genie\u00dfen Sie den cremigen Geschmack von Sahne mit Cream Bok - 170g. Es verleiht allen Gerichten und Desserts einen k\u00f6stlichen Geschmack. Probieren Sie es jetzt aus! Yasmin Food Creme Bok -170g\",\"breadcrumb\":{\"@id\":\"https:\\\/\\\/yasminfood.ch\\\/de\\\/product\\\/cream-bok-170g\\\/#breadcrumb\"},\"inLanguage\":\"de\",\"potentialAction\":[{\"@type\":\"ReadAction\",\"target\":[\"https:\\\/\\\/yasminfood.ch\\\/de\\\/product\\\/cream-bok-170g\\\/\"]}]},{\"@type\":\"ImageObject\",\"inLanguage\":\"de\",\"@id\":\"https:\\\/\\\/yasminfood.ch\\\/de\\\/product\\\/cream-bok-170g\\\/#primaryimage\",\"url\":\"https:\\\/\\\/yasminfood.ch\\\/wp-content\\\/uploads\\\/2020\\\/10\\\/\u0642\u0634\u0637\u0629-\u0643\u0631\u064a\u0645\u064a-\u0628\u0648\u0643-170\u063a.png\",\"contentUrl\":\"https:\\\/\\\/yasminfood.ch\\\/wp-content\\\/uploads\\\/2020\\\/10\\\/\u0642\u0634\u0637\u0629-\u0643\u0631\u064a\u0645\u064a-\u0628\u0648\u0643-170\u063a.png\",\"width\":1080,\"height\":1080,\"caption\":\"Creme Bok -170g\"},{\"@type\":\"BreadcrumbList\",\"@id\":\"https:\\\/\\\/yasminfood.ch\\\/de\\\/product\\\/cream-bok-170g\\\/#breadcrumb\",\"itemListElement\":[{\"@type\":\"ListItem\",\"position\":1,\"name\":\"\u0627\u0644\u0631\u0626\u064a\u0633\u064a\u0629\",\"item\":\"https:\\\/\\\/yasminfood.ch\\\/de\\\/zuhause\\\/\"},{\"@type\":\"ListItem\",\"position\":2,\"name\":\"Shop\",\"item\":\"https:\\\/\\\/yasminfood.ch\\\/de\\\/shop\\\/\"},{\"@type\":\"ListItem\",\"position\":3,\"name\":\"Dessert &amp; Chips\",\"item\":\"https:\\\/\\\/yasminfood.ch\\\/de\\\/produkt-kategorie\\\/dessert-chips-2\\\/\"},{\"@type\":\"ListItem\",\"position\":4,\"name\":\"Sahne\",\"item\":\"https:\\\/\\\/yasminfood.ch\\\/de\\\/produkt-kategorie\\\/dessert-chips-2\\\/sahne\\\/\"},{\"@type\":\"ListItem\",\"position\":5,\"name\":\"Creme Bok -170g\"}]},{\"@type\":\"WebSite\",\"@id\":\"https:\\\/\\\/yasminfood.ch\\\/de\\\/#website\",\"url\":\"https:\\\/\\\/yasminfood.ch\\\/de\\\/\",\"name\":\"\u064a\u0627\u0633\u0645\u064a\u0646 \u0645\u0627\u0631\u0643\u062a\",\"description\":\"Alles, was Sie brauchen, an einem Ort\",\"publisher\":{\"@id\":\"https:\\\/\\\/yasminfood.ch\\\/de\\\/#organization\"},\"alternateName\":\"Yasmin Food\",\"potentialAction\":[{\"@type\":\"SearchAction\",\"target\":{\"@type\":\"EntryPoint\",\"urlTemplate\":\"https:\\\/\\\/yasminfood.ch\\\/de\\\/?s={search_term_string}\"},\"query-input\":{\"@type\":\"PropertyValueSpecification\",\"valueRequired\":true,\"valueName\":\"search_term_string\"}}],\"inLanguage\":\"de\"},{\"@type\":\"Organization\",\"@id\":\"https:\\\/\\\/yasminfood.ch\\\/de\\\/#organization\",\"name\":\"\u064a\u0627\u0633\u0645\u064a\u0646 \u0645\u0627\u0631\u0643\u062a\",\"alternateName\":\"Yasmin Food\",\"url\":\"https:\\\/\\\/yasminfood.ch\\\/de\\\/\",\"logo\":{\"@type\":\"ImageObject\",\"inLanguage\":\"de\",\"@id\":\"https:\\\/\\\/yasminfood.ch\\\/de\\\/#\\\/schema\\\/logo\\\/image\\\/\",\"url\":\"https:\\\/\\\/yasminfood.ch\\\/wp-content\\\/uploads\\\/2025\\\/05\\\/yasmin-food-header-logo.png\",\"contentUrl\":\"https:\\\/\\\/yasminfood.ch\\\/wp-content\\\/uploads\\\/2025\\\/05\\\/yasmin-food-header-logo.png\",\"width\":330,\"height\":120,\"caption\":\"\u064a\u0627\u0633\u0645\u064a\u0646 \u0645\u0627\u0631\u0643\u062a\"},\"image\":{\"@id\":\"https:\\\/\\\/yasminfood.ch\\\/de\\\/#\\\/schema\\\/logo\\\/image\\\/\"},\"sameAs\":[\"https:\\\/\\\/www.facebook.com\\\/yasminmarkt1\",\"https:\\\/\\\/www.tiktok.com\\\/@yasminmarkt\",\"https:\\\/\\\/www.instagram.com\\\/yasmin.markt1\\\/\",\"https:\\\/\\\/api.whatsapp.com\\\/send\\\/?phone=41799000104\"],\"publishingPrinciples\":\"https:\\\/\\\/yasminfood.ch\\\/de\\\/shop\\\/\",\"ownershipFundingInfo\":\"https:\\\/\\\/yasminfood.ch\\\/de\\\/shop\\\/\"}]}<\/script>\n<meta property=\"product:price:amount\" content=\"3.95\" \/>\n<meta property=\"product:price:currency\" content=\"CHF\" \/>\n<meta property=\"og:availability\" content=\"instock\" \/>\n<meta property=\"product:availability\" content=\"instock\" \/>\n<meta property=\"product:condition\" content=\"new\" \/>\n<!-- \/ Yoast SEO Premium plugin. -->","yoast_head_json":{"title":"Creme Bok -170g - Yasmin Food","description":"Genie\u00dfen Sie den cremigen Geschmack von Sahne mit Cream Bok - 170g. Es verleiht allen Gerichten und Desserts einen k\u00f6stlichen Geschmack. Probieren Sie es jetzt aus! Yasmin Food Creme Bok -170g","robots":{"index":"index","follow":"follow","max-snippet":"max-snippet:-1","max-image-preview":"max-image-preview:large","max-video-preview":"max-video-preview:-1"},"canonical":"https:\/\/yasminfood.ch\/de\/product\/cream-bok-170g\/","og_locale":"de_DE","og_type":"article","og_title":"Creme Bok -170g","og_description":"Sahne - 170g  Pak-Creme bietet einen reichhaltigen, cremigen Geschmack, der zu verschiedenen Gerichten passt. Sahne verleiht Desserts und Backwaren einen herzhaften Geschmack und eine nat\u00fcrliche S\u00fc\u00dfe.","og_url":"https:\/\/yasminfood.ch\/de\/product\/cream-bok-170g\/","og_site_name":"Yasmin Food","article_publisher":"https:\/\/www.facebook.com\/yasminmarkt1","article_modified_time":"2025-10-06T22:42:06+00:00","og_image":[{"width":1080,"height":1080,"url":"https:\/\/yasminfood.ch\/wp-content\/uploads\/2020\/10\/\u0642\u0634\u0637\u0629-\u0643\u0631\u064a\u0645\u064a-\u0628\u0648\u0643-170\u063a.png","type":"image\/png"}],"twitter_card":"summary_large_image","twitter_misc":{"Preis":"3.95&nbsp;&#67;&#72;&#70;","Verf\u00fcgbarkeit":"Auf Lager"},"schema":{"@context":"https:\/\/schema.org","@graph":[{"@type":"WebPage","@id":"https:\/\/yasminfood.ch\/de\/product\/cream-bok-170g\/","url":"https:\/\/yasminfood.ch\/de\/product\/cream-bok-170g\/","name":"Creme Bok -170g - Yasmin Food","isPartOf":{"@id":"https:\/\/yasminfood.ch\/de\/#website"},"primaryImageOfPage":{"@id":"https:\/\/yasminfood.ch\/de\/product\/cream-bok-170g\/#primaryimage"},"image":{"@id":"https:\/\/yasminfood.ch\/de\/product\/cream-bok-170g\/#primaryimage"},"thumbnailUrl":"https:\/\/yasminfood.ch\/wp-content\/uploads\/2020\/10\/\u0642\u0634\u0637\u0629-\u0643\u0631\u064a\u0645\u064a-\u0628\u0648\u0643-170\u063a.png","datePublished":"2020-10-05T19:29:42+00:00","dateModified":"2025-10-06T22:42:06+00:00","description":"Genie\u00dfen Sie den cremigen Geschmack von Sahne mit Cream Bok - 170g. Es verleiht allen Gerichten und Desserts einen k\u00f6stlichen Geschmack. Probieren Sie es jetzt aus! Yasmin Food Creme Bok -170g","breadcrumb":{"@id":"https:\/\/yasminfood.ch\/de\/product\/cream-bok-170g\/#breadcrumb"},"inLanguage":"de","potentialAction":[{"@type":"ReadAction","target":["https:\/\/yasminfood.ch\/de\/product\/cream-bok-170g\/"]}]},{"@type":"ImageObject","inLanguage":"de","@id":"https:\/\/yasminfood.ch\/de\/product\/cream-bok-170g\/#primaryimage","url":"https:\/\/yasminfood.ch\/wp-content\/uploads\/2020\/10\/\u0642\u0634\u0637\u0629-\u0643\u0631\u064a\u0645\u064a-\u0628\u0648\u0643-170\u063a.png","contentUrl":"https:\/\/yasminfood.ch\/wp-content\/uploads\/2020\/10\/\u0642\u0634\u0637\u0629-\u0643\u0631\u064a\u0645\u064a-\u0628\u0648\u0643-170\u063a.png","width":1080,"height":1080,"caption":"Creme Bok -170g"},{"@type":"BreadcrumbList","@id":"https:\/\/yasminfood.ch\/de\/product\/cream-bok-170g\/#breadcrumb","itemListElement":[{"@type":"ListItem","position":1,"name":"\u0627\u0644\u0631\u0626\u064a\u0633\u064a\u0629","item":"https:\/\/yasminfood.ch\/de\/zuhause\/"},{"@type":"ListItem","position":2,"name":"Shop","item":"https:\/\/yasminfood.ch\/de\/shop\/"},{"@type":"ListItem","position":3,"name":"Dessert &amp; Chips","item":"https:\/\/yasminfood.ch\/de\/produkt-kategorie\/dessert-chips-2\/"},{"@type":"ListItem","position":4,"name":"Sahne","item":"https:\/\/yasminfood.ch\/de\/produkt-kategorie\/dessert-chips-2\/sahne\/"},{"@type":"ListItem","position":5,"name":"Creme Bok -170g"}]},{"@type":"WebSite","@id":"https:\/\/yasminfood.ch\/de\/#website","url":"https:\/\/yasminfood.ch\/de\/","name":"\u064a\u0627\u0633\u0645\u064a\u0646 \u0645\u0627\u0631\u0643\u062a","description":"Alles, was Sie brauchen, an einem Ort","publisher":{"@id":"https:\/\/yasminfood.ch\/de\/#organization"},"alternateName":"Yasmin Food","potentialAction":[{"@type":"SearchAction","target":{"@type":"EntryPoint","urlTemplate":"https:\/\/yasminfood.ch\/de\/?s={search_term_string}"},"query-input":{"@type":"PropertyValueSpecification","valueRequired":true,"valueName":"search_term_string"}}],"inLanguage":"de"},{"@type":"Organization","@id":"https:\/\/yasminfood.ch\/de\/#organization","name":"\u064a\u0627\u0633\u0645\u064a\u0646 \u0645\u0627\u0631\u0643\u062a","alternateName":"Yasmin Food","url":"https:\/\/yasminfood.ch\/de\/","logo":{"@type":"ImageObject","inLanguage":"de","@id":"https:\/\/yasminfood.ch\/de\/#\/schema\/logo\/image\/","url":"https:\/\/yasminfood.ch\/wp-content\/uploads\/2025\/05\/yasmin-food-header-logo.png","contentUrl":"https:\/\/yasminfood.ch\/wp-content\/uploads\/2025\/05\/yasmin-food-header-logo.png","width":330,"height":120,"caption":"\u064a\u0627\u0633\u0645\u064a\u0646 \u0645\u0627\u0631\u0643\u062a"},"image":{"@id":"https:\/\/yasminfood.ch\/de\/#\/schema\/logo\/image\/"},"sameAs":["https:\/\/www.facebook.com\/yasminmarkt1","https:\/\/www.tiktok.com\/@yasminmarkt","https:\/\/www.instagram.com\/yasmin.markt1\/","https:\/\/api.whatsapp.com\/send\/?phone=41799000104"],"publishingPrinciples":"https:\/\/yasminfood.ch\/de\/shop\/","ownershipFundingInfo":"https:\/\/yasminfood.ch\/de\/shop\/"}]},"product_price_amount":"3.95","product_price_currency":"CHF","og_availability":"instock","product_availability":"instock","product_condition":"new"},"jetpack_sharing_enabled":true,"_links":{"self":[{"href":"https:\/\/yasminfood.ch\/de\/wp-json\/wp\/v2\/product\/3931","targetHints":{"allow":["GET"]}}],"collection":[{"href":"https:\/\/yasminfood.ch\/de\/wp-json\/wp\/v2\/product"}],"about":[{"href":"https:\/\/yasminfood.ch\/de\/wp-json\/wp\/v2\/types\/product"}],"replies":[{"embeddable":true,"href":"https:\/\/yasminfood.ch\/de\/wp-json\/wp\/v2\/comments?post=3931"}],"version-history":[{"count":1,"href":"https:\/\/yasminfood.ch\/de\/wp-json\/wp\/v2\/product\/3931\/revisions"}],"predecessor-version":[{"id":119998,"href":"https:\/\/yasminfood.ch\/de\/wp-json\/wp\/v2\/product\/3931\/revisions\/119998"}],"wp:featuredmedia":[{"embeddable":true,"href":"https:\/\/yasminfood.ch\/de\/wp-json\/wp\/v2\/media\/109750"}],"wp:attachment":[{"href":"https:\/\/yasminfood.ch\/de\/wp-json\/wp\/v2\/media?parent=3931"}],"wp:term":[{"taxonomy":"product_brand","embeddable":true,"href":"https:\/\/yasminfood.ch\/de\/wp-json\/wp\/v2\/product_brand?post=3931"},{"taxonomy":"product_cat","embeddable":true,"href":"https:\/\/yasminfood.ch\/de\/wp-json\/wp\/v2\/product_cat?post=3931"},{"taxonomy":"product_tag","embeddable":true,"href":"https:\/\/yasminfood.ch\/de\/wp-json\/wp\/v2\/product_tag?post=3931"}],"curies":[{"name":"wp","href":"https:\/\/api.w.org\/{rel}","templated":true}]}}