{"id":3944,"date":"2020-10-03T15:36:29","date_gmt":"2020-10-03T13:36:29","guid":{"rendered":"https:\/\/yasminfood.ch\/product\/al-durra-tahra-tahini-800g\/"},"modified":"2026-02-14T17:43:08","modified_gmt":"2026-02-14T16:43:08","slug":"tahina-durra-800g","status":"publish","type":"product","link":"https:\/\/yasminfood.ch\/de\/product\/tahina-durra-800g\/","title":{"rendered":"Al-Durra Tahra Tahini -800g"},"content":{"rendered":"<p><strong>Al-Durra Tahra Tahini -800g<\/strong><\/p>\n<ul>\n<li>\n<p data-start=\"42\" data-end=\"316\">Genie\u00dfen Sie den reichhaltigen und authentischen Geschmack mit Durra Tahini aus feinsten, sorgf\u00e4ltig ger\u00f6steten Sesambohnen.<\/p>\n<\/li>\n<li>\n<p data-start=\"42\" data-end=\"316\">Mit seiner dichten Textur und seinem ausgewogenen Geschmack ist Tahini die perfekte Basis f\u00fcr die Zubereitung k\u00f6stlicher Gerichte <\/p>\n<\/li>\n<li>\n<p data-start=\"42\" data-end=\"316\">Wie zum Beispiel Hummus-, Masal- oder Tahini-Saucen, die Ihrem Tisch einen unverwechselbaren orientalischen Geschmack verleihen. <\/p>\n<p data-start=\"318\" data-end=\"333\"><strong data-start=\"318\" data-end=\"331\">Funktionen:<\/strong><\/p>\n<ul data-start=\"334\" data-end=\"480\">\n<li data-start=\"334\" data-end=\"371\">\n<p data-start=\"336\" data-end=\"371\">Hergestellt aus hochwertigem nat\u00fcrlichem Sesam.<\/p>\n<\/li>\n<li data-start=\"372\" data-end=\"393\">\n<p data-start=\"374\" data-end=\"393\">Homogene und glatte Textur.<\/p>\n<\/li>\n<li data-start=\"394\" data-end=\"443\">\n<p data-start=\"396\" data-end=\"443\">Reich an Mineralien, Vitaminen und pflanzlichem Eiwei\u00df.<\/p>\n<\/li>\n<li data-start=\"444\" data-end=\"480\">\n<p data-start=\"446\" data-end=\"480\">Perfekt f\u00fcr orientalische und moderne Rezepte.<\/p>\n<\/li>\n<\/ul>\n<p data-start=\"482\" data-end=\"504\">Paketgewicht: <strong data-start=\"494\" data-end=\"502\">800g<\/strong><\/p>\n<\/li>\n<\/ul>\n","protected":false},"excerpt":{"rendered":"<p><strong>Al-Durra Tahra Tahini -800g<\/strong><\/p>\n<ul>\n<li>\n<p data-start=\"42\" data-end=\"316\">Genie\u00dfen Sie den reichhaltigen und authentischen Geschmack mit Durra Tahini aus feinsten, sorgf\u00e4ltig ger\u00f6steten Sesambohnen.<\/p>\n<\/li>\n<\/ul>\n","protected":false},"featured_media":111092,"comment_status":"open","ping_status":"closed","template":"","meta":[],"product_brand":[],"product_cat":[245,277],"product_tag":[448],"class_list":{"0":"post-3944","1":"product","2":"type-product","3":"status-publish","4":"has-post-thumbnail","6":"product_cat-konserven-lebensmittel","7":"product_cat-tahini-de","8":"product_tag-100-naturlicher-geschmack","10":"first","11":"instock","12":"taxable","13":"shipping-taxable","14":"purchasable","15":"product-type-simple"},"yoast_head":"<!-- This site is optimized with the Yoast SEO Premium plugin v26.5 (Yoast SEO v27.3) - https:\/\/yoast.com\/product\/yoast-seo-premium-wordpress\/ -->\n<title>Al-Durra Tahra Tahini -800g - Yasmin Food<\/title>\n<meta name=\"description\" content=\"Durra Tahini - 800 g wird in vielen orientalischen Lebensmitteln verwendet, Es wird auch zu den &quot;gezogenen&quot; Kichererbsen hinzugef\u00fcgt, Und treten Sie in die Zubereitung anderer Vorspeisen wie Salate, Muttabal und andere ein\" \/>\n<meta name=\"robots\" content=\"index, follow, max-snippet:-1, max-image-preview:large, max-video-preview:-1\" \/>\n<link rel=\"canonical\" href=\"https:\/\/yasminfood.ch\/de\/product\/tahina-durra-800g\/\" \/>\n<meta property=\"og:locale\" content=\"de_DE\" \/>\n<meta property=\"og:type\" content=\"article\" \/>\n<meta property=\"og:title\" content=\"Al-Durra Tahra Tahini -800g\" \/>\n<meta property=\"og:description\" content=\"Al-Durra Tahra Tahini -800g   Genie\u00dfen Sie den reichhaltigen und authentischen Geschmack mit Durra Tahini aus feinsten, sorgf\u00e4ltig ger\u00f6steten Sesambohnen.\" \/>\n<meta property=\"og:url\" content=\"https:\/\/yasminfood.ch\/de\/product\/tahina-durra-800g\/\" \/>\n<meta property=\"og:site_name\" content=\"Yasmin Food\" \/>\n<meta property=\"article:publisher\" content=\"https:\/\/www.facebook.com\/yasminmarkt1\" \/>\n<meta property=\"article:modified_time\" content=\"2026-02-14T16:43:08+00:00\" \/>\n<meta property=\"og:image\" content=\"https:\/\/yasminfood.ch\/wp-content\/uploads\/2020\/10\/\u0637\u062d\u064a\u0646\u0629-\u0627\u0644\u062f\u0631\u0629-800\u063a.png\" \/>\n\t<meta property=\"og:image:width\" content=\"1080\" \/>\n\t<meta property=\"og:image:height\" content=\"1080\" \/>\n\t<meta property=\"og:image:type\" content=\"image\/png\" \/>\n<meta name=\"twitter:card\" content=\"summary_large_image\" \/>\n<meta name=\"twitter:label1\" content=\"Preis\" \/>\n\t<meta name=\"twitter:data1\" content=\"9.95&nbsp;&#067;&#072;&#070;\" \/>\n\t<meta name=\"twitter:label2\" content=\"Verf\u00fcgbarkeit\" \/>\n\t<meta name=\"twitter:data2\" content=\"Auf Lager\" \/>\n<script type=\"application\/ld+json\" class=\"yoast-schema-graph\">{\"@context\":\"https:\\\/\\\/schema.org\",\"@graph\":[{\"@type\":\"WebPage\",\"@id\":\"https:\\\/\\\/yasminfood.ch\\\/de\\\/product\\\/tahina-durra-800g\\\/\",\"url\":\"https:\\\/\\\/yasminfood.ch\\\/de\\\/product\\\/tahina-durra-800g\\\/\",\"name\":\"Al-Durra Tahra Tahini -800g - Yasmin Food\",\"isPartOf\":{\"@id\":\"https:\\\/\\\/yasminfood.ch\\\/de\\\/#website\"},\"primaryImageOfPage\":{\"@id\":\"https:\\\/\\\/yasminfood.ch\\\/de\\\/product\\\/tahina-durra-800g\\\/#primaryimage\"},\"image\":{\"@id\":\"https:\\\/\\\/yasminfood.ch\\\/de\\\/product\\\/tahina-durra-800g\\\/#primaryimage\"},\"thumbnailUrl\":\"https:\\\/\\\/yasminfood.ch\\\/wp-content\\\/uploads\\\/2020\\\/10\\\/\u0637\u062d\u064a\u0646\u0629-\u0627\u0644\u062f\u0631\u0629-800\u063a.png\",\"datePublished\":\"2020-10-03T13:36:29+00:00\",\"dateModified\":\"2026-02-14T16:43:08+00:00\",\"description\":\"Durra Tahini - 800 g wird in vielen orientalischen Lebensmitteln verwendet, Es wird auch zu den \\\"gezogenen\\\" Kichererbsen hinzugef\u00fcgt, Und treten Sie in die Zubereitung anderer Vorspeisen wie Salate, Muttabal und andere ein\",\"breadcrumb\":{\"@id\":\"https:\\\/\\\/yasminfood.ch\\\/de\\\/product\\\/tahina-durra-800g\\\/#breadcrumb\"},\"inLanguage\":\"de\",\"potentialAction\":[{\"@type\":\"ReadAction\",\"target\":[\"https:\\\/\\\/yasminfood.ch\\\/de\\\/product\\\/tahina-durra-800g\\\/\"]}]},{\"@type\":\"ImageObject\",\"inLanguage\":\"de\",\"@id\":\"https:\\\/\\\/yasminfood.ch\\\/de\\\/product\\\/tahina-durra-800g\\\/#primaryimage\",\"url\":\"https:\\\/\\\/yasminfood.ch\\\/wp-content\\\/uploads\\\/2020\\\/10\\\/\u0637\u062d\u064a\u0646\u0629-\u0627\u0644\u062f\u0631\u0629-800\u063a.png\",\"contentUrl\":\"https:\\\/\\\/yasminfood.ch\\\/wp-content\\\/uploads\\\/2020\\\/10\\\/\u0637\u062d\u064a\u0646\u0629-\u0627\u0644\u062f\u0631\u0629-800\u063a.png\",\"width\":1080,\"height\":1080,\"caption\":\"Al-Durra Tahra Tahini -800g\"},{\"@type\":\"BreadcrumbList\",\"@id\":\"https:\\\/\\\/yasminfood.ch\\\/de\\\/product\\\/tahina-durra-800g\\\/#breadcrumb\",\"itemListElement\":[{\"@type\":\"ListItem\",\"position\":1,\"name\":\"\u0627\u0644\u0631\u0626\u064a\u0633\u064a\u0629\",\"item\":\"https:\\\/\\\/yasminfood.ch\\\/de\\\/zuhause\\\/\"},{\"@type\":\"ListItem\",\"position\":2,\"name\":\"Shop\",\"item\":\"https:\\\/\\\/yasminfood.ch\\\/de\\\/shop\\\/\"},{\"@type\":\"ListItem\",\"position\":3,\"name\":\"Konserven - Lebensmittel\",\"item\":\"https:\\\/\\\/yasminfood.ch\\\/de\\\/produkt-kategorie\\\/konserven-lebensmittel\\\/\"},{\"@type\":\"ListItem\",\"position\":4,\"name\":\"Tahini\",\"item\":\"https:\\\/\\\/yasminfood.ch\\\/de\\\/produkt-kategorie\\\/konserven-lebensmittel\\\/tahini-de\\\/\"},{\"@type\":\"ListItem\",\"position\":5,\"name\":\"Al-Durra Tahra Tahini -800g\"}]},{\"@type\":\"WebSite\",\"@id\":\"https:\\\/\\\/yasminfood.ch\\\/de\\\/#website\",\"url\":\"https:\\\/\\\/yasminfood.ch\\\/de\\\/\",\"name\":\"\u064a\u0627\u0633\u0645\u064a\u0646 \u0645\u0627\u0631\u0643\u062a\",\"description\":\"Alles, was Sie brauchen, an einem Ort\",\"publisher\":{\"@id\":\"https:\\\/\\\/yasminfood.ch\\\/de\\\/#organization\"},\"alternateName\":\"Yasmin Food\",\"potentialAction\":[{\"@type\":\"SearchAction\",\"target\":{\"@type\":\"EntryPoint\",\"urlTemplate\":\"https:\\\/\\\/yasminfood.ch\\\/de\\\/?s={search_term_string}\"},\"query-input\":{\"@type\":\"PropertyValueSpecification\",\"valueRequired\":true,\"valueName\":\"search_term_string\"}}],\"inLanguage\":\"de\"},{\"@type\":\"Organization\",\"@id\":\"https:\\\/\\\/yasminfood.ch\\\/de\\\/#organization\",\"name\":\"\u064a\u0627\u0633\u0645\u064a\u0646 \u0645\u0627\u0631\u0643\u062a\",\"alternateName\":\"Yasmin Food\",\"url\":\"https:\\\/\\\/yasminfood.ch\\\/de\\\/\",\"logo\":{\"@type\":\"ImageObject\",\"inLanguage\":\"de\",\"@id\":\"https:\\\/\\\/yasminfood.ch\\\/de\\\/#\\\/schema\\\/logo\\\/image\\\/\",\"url\":\"https:\\\/\\\/yasminfood.ch\\\/wp-content\\\/uploads\\\/2025\\\/05\\\/yasmin-food-header-logo.png\",\"contentUrl\":\"https:\\\/\\\/yasminfood.ch\\\/wp-content\\\/uploads\\\/2025\\\/05\\\/yasmin-food-header-logo.png\",\"width\":330,\"height\":120,\"caption\":\"\u064a\u0627\u0633\u0645\u064a\u0646 \u0645\u0627\u0631\u0643\u062a\"},\"image\":{\"@id\":\"https:\\\/\\\/yasminfood.ch\\\/de\\\/#\\\/schema\\\/logo\\\/image\\\/\"},\"sameAs\":[\"https:\\\/\\\/www.facebook.com\\\/yasminmarkt1\",\"https:\\\/\\\/www.tiktok.com\\\/@yasminmarkt\",\"https:\\\/\\\/www.instagram.com\\\/yasmin.markt1\\\/\",\"https:\\\/\\\/api.whatsapp.com\\\/send\\\/?phone=41799000104\"],\"publishingPrinciples\":\"https:\\\/\\\/yasminfood.ch\\\/de\\\/shop\\\/\",\"ownershipFundingInfo\":\"https:\\\/\\\/yasminfood.ch\\\/de\\\/shop\\\/\"}]}<\/script>\n<meta property=\"product:price:amount\" content=\"9.95\" \/>\n<meta property=\"product:price:currency\" content=\"CHF\" \/>\n<meta property=\"og:availability\" content=\"instock\" \/>\n<meta property=\"product:availability\" content=\"instock\" \/>\n<meta property=\"product:condition\" content=\"new\" \/>\n<!-- \/ Yoast SEO Premium plugin. -->","yoast_head_json":{"title":"Al-Durra Tahra Tahini -800g - Yasmin Food","description":"Durra Tahini - 800 g wird in vielen orientalischen Lebensmitteln verwendet, Es wird auch zu den \"gezogenen\" Kichererbsen hinzugef\u00fcgt, Und treten Sie in die Zubereitung anderer Vorspeisen wie Salate, Muttabal und andere ein","robots":{"index":"index","follow":"follow","max-snippet":"max-snippet:-1","max-image-preview":"max-image-preview:large","max-video-preview":"max-video-preview:-1"},"canonical":"https:\/\/yasminfood.ch\/de\/product\/tahina-durra-800g\/","og_locale":"de_DE","og_type":"article","og_title":"Al-Durra Tahra Tahini -800g","og_description":"Al-Durra Tahra Tahini -800g   Genie\u00dfen Sie den reichhaltigen und authentischen Geschmack mit Durra Tahini aus feinsten, sorgf\u00e4ltig ger\u00f6steten Sesambohnen.","og_url":"https:\/\/yasminfood.ch\/de\/product\/tahina-durra-800g\/","og_site_name":"Yasmin Food","article_publisher":"https:\/\/www.facebook.com\/yasminmarkt1","article_modified_time":"2026-02-14T16:43:08+00:00","og_image":[{"width":1080,"height":1080,"url":"https:\/\/yasminfood.ch\/wp-content\/uploads\/2020\/10\/\u0637\u062d\u064a\u0646\u0629-\u0627\u0644\u062f\u0631\u0629-800\u063a.png","type":"image\/png"}],"twitter_card":"summary_large_image","twitter_misc":{"Preis":"9.95&nbsp;&#67;&#72;&#70;","Verf\u00fcgbarkeit":"Auf Lager"},"schema":{"@context":"https:\/\/schema.org","@graph":[{"@type":"WebPage","@id":"https:\/\/yasminfood.ch\/de\/product\/tahina-durra-800g\/","url":"https:\/\/yasminfood.ch\/de\/product\/tahina-durra-800g\/","name":"Al-Durra Tahra Tahini -800g - Yasmin Food","isPartOf":{"@id":"https:\/\/yasminfood.ch\/de\/#website"},"primaryImageOfPage":{"@id":"https:\/\/yasminfood.ch\/de\/product\/tahina-durra-800g\/#primaryimage"},"image":{"@id":"https:\/\/yasminfood.ch\/de\/product\/tahina-durra-800g\/#primaryimage"},"thumbnailUrl":"https:\/\/yasminfood.ch\/wp-content\/uploads\/2020\/10\/\u0637\u062d\u064a\u0646\u0629-\u0627\u0644\u062f\u0631\u0629-800\u063a.png","datePublished":"2020-10-03T13:36:29+00:00","dateModified":"2026-02-14T16:43:08+00:00","description":"Durra Tahini - 800 g wird in vielen orientalischen Lebensmitteln verwendet, Es wird auch zu den \"gezogenen\" Kichererbsen hinzugef\u00fcgt, Und treten Sie in die Zubereitung anderer Vorspeisen wie Salate, Muttabal und andere ein","breadcrumb":{"@id":"https:\/\/yasminfood.ch\/de\/product\/tahina-durra-800g\/#breadcrumb"},"inLanguage":"de","potentialAction":[{"@type":"ReadAction","target":["https:\/\/yasminfood.ch\/de\/product\/tahina-durra-800g\/"]}]},{"@type":"ImageObject","inLanguage":"de","@id":"https:\/\/yasminfood.ch\/de\/product\/tahina-durra-800g\/#primaryimage","url":"https:\/\/yasminfood.ch\/wp-content\/uploads\/2020\/10\/\u0637\u062d\u064a\u0646\u0629-\u0627\u0644\u062f\u0631\u0629-800\u063a.png","contentUrl":"https:\/\/yasminfood.ch\/wp-content\/uploads\/2020\/10\/\u0637\u062d\u064a\u0646\u0629-\u0627\u0644\u062f\u0631\u0629-800\u063a.png","width":1080,"height":1080,"caption":"Al-Durra Tahra Tahini -800g"},{"@type":"BreadcrumbList","@id":"https:\/\/yasminfood.ch\/de\/product\/tahina-durra-800g\/#breadcrumb","itemListElement":[{"@type":"ListItem","position":1,"name":"\u0627\u0644\u0631\u0626\u064a\u0633\u064a\u0629","item":"https:\/\/yasminfood.ch\/de\/zuhause\/"},{"@type":"ListItem","position":2,"name":"Shop","item":"https:\/\/yasminfood.ch\/de\/shop\/"},{"@type":"ListItem","position":3,"name":"Konserven - Lebensmittel","item":"https:\/\/yasminfood.ch\/de\/produkt-kategorie\/konserven-lebensmittel\/"},{"@type":"ListItem","position":4,"name":"Tahini","item":"https:\/\/yasminfood.ch\/de\/produkt-kategorie\/konserven-lebensmittel\/tahini-de\/"},{"@type":"ListItem","position":5,"name":"Al-Durra Tahra Tahini -800g"}]},{"@type":"WebSite","@id":"https:\/\/yasminfood.ch\/de\/#website","url":"https:\/\/yasminfood.ch\/de\/","name":"\u064a\u0627\u0633\u0645\u064a\u0646 \u0645\u0627\u0631\u0643\u062a","description":"Alles, was Sie brauchen, an einem Ort","publisher":{"@id":"https:\/\/yasminfood.ch\/de\/#organization"},"alternateName":"Yasmin Food","potentialAction":[{"@type":"SearchAction","target":{"@type":"EntryPoint","urlTemplate":"https:\/\/yasminfood.ch\/de\/?s={search_term_string}"},"query-input":{"@type":"PropertyValueSpecification","valueRequired":true,"valueName":"search_term_string"}}],"inLanguage":"de"},{"@type":"Organization","@id":"https:\/\/yasminfood.ch\/de\/#organization","name":"\u064a\u0627\u0633\u0645\u064a\u0646 \u0645\u0627\u0631\u0643\u062a","alternateName":"Yasmin Food","url":"https:\/\/yasminfood.ch\/de\/","logo":{"@type":"ImageObject","inLanguage":"de","@id":"https:\/\/yasminfood.ch\/de\/#\/schema\/logo\/image\/","url":"https:\/\/yasminfood.ch\/wp-content\/uploads\/2025\/05\/yasmin-food-header-logo.png","contentUrl":"https:\/\/yasminfood.ch\/wp-content\/uploads\/2025\/05\/yasmin-food-header-logo.png","width":330,"height":120,"caption":"\u064a\u0627\u0633\u0645\u064a\u0646 \u0645\u0627\u0631\u0643\u062a"},"image":{"@id":"https:\/\/yasminfood.ch\/de\/#\/schema\/logo\/image\/"},"sameAs":["https:\/\/www.facebook.com\/yasminmarkt1","https:\/\/www.tiktok.com\/@yasminmarkt","https:\/\/www.instagram.com\/yasmin.markt1\/","https:\/\/api.whatsapp.com\/send\/?phone=41799000104"],"publishingPrinciples":"https:\/\/yasminfood.ch\/de\/shop\/","ownershipFundingInfo":"https:\/\/yasminfood.ch\/de\/shop\/"}]},"product_price_amount":"9.95","product_price_currency":"CHF","og_availability":"instock","product_availability":"instock","product_condition":"new"},"jetpack_sharing_enabled":true,"_links":{"self":[{"href":"https:\/\/yasminfood.ch\/de\/wp-json\/wp\/v2\/product\/3944","targetHints":{"allow":["GET"]}}],"collection":[{"href":"https:\/\/yasminfood.ch\/de\/wp-json\/wp\/v2\/product"}],"about":[{"href":"https:\/\/yasminfood.ch\/de\/wp-json\/wp\/v2\/types\/product"}],"replies":[{"embeddable":true,"href":"https:\/\/yasminfood.ch\/de\/wp-json\/wp\/v2\/comments?post=3944"}],"version-history":[{"count":1,"href":"https:\/\/yasminfood.ch\/de\/wp-json\/wp\/v2\/product\/3944\/revisions"}],"predecessor-version":[{"id":119872,"href":"https:\/\/yasminfood.ch\/de\/wp-json\/wp\/v2\/product\/3944\/revisions\/119872"}],"wp:featuredmedia":[{"embeddable":true,"href":"https:\/\/yasminfood.ch\/de\/wp-json\/wp\/v2\/media\/111092"}],"wp:attachment":[{"href":"https:\/\/yasminfood.ch\/de\/wp-json\/wp\/v2\/media?parent=3944"}],"wp:term":[{"taxonomy":"product_brand","embeddable":true,"href":"https:\/\/yasminfood.ch\/de\/wp-json\/wp\/v2\/product_brand?post=3944"},{"taxonomy":"product_cat","embeddable":true,"href":"https:\/\/yasminfood.ch\/de\/wp-json\/wp\/v2\/product_cat?post=3944"},{"taxonomy":"product_tag","embeddable":true,"href":"https:\/\/yasminfood.ch\/de\/wp-json\/wp\/v2\/product_tag?post=3944"}],"curies":[{"name":"wp","href":"https:\/\/api.w.org\/{rel}","templated":true}]}}