{"id":4047,"date":"2020-10-03T16:25:38","date_gmt":"2020-10-03T14:25:38","guid":{"rendered":"https:\/\/yasminfood.ch\/product\/mortadella-chicken-shepherd-340g\/"},"modified":"2025-10-04T01:22:55","modified_gmt":"2025-10-03T23:22:55","slug":"mortadella-hirte-huhn-340g","status":"publish","type":"product","link":"https:\/\/yasminfood.ch\/de\/product\/mortadella-hirte-huhn-340g\/","title":{"rendered":"Mortadella Chicken Shepherd 340g"},"content":{"rendered":"<p data-start=\"39\" data-end=\"292\"><strong data-start=\"39\" data-end=\"69\">Hirten-Mortadella Huhn 340g<\/strong><br data-start=\"69\" data-end=\"72\">Genie\u00dfen Sie den k\u00f6stlichen Geschmack der Hirtenmortadella, die aus hochwertigem H\u00fchnchen hergestellt wird, um Ihnen einen unverwechselbaren Geschmack und eine einfache Handhabung zu verleihen. <br data-start=\"183\" data-end=\"186\">Perfekt f\u00fcr schnelle Sandwiches, Fr\u00fchst\u00fcck oder zu Geb\u00e4ck und Pizzen, um einen beliebten Geschmack zu kreieren, den Erwachsene und Kinder lieben. <\/p>\n<p data-start=\"294\" data-end=\"309\"><strong data-start=\"294\" data-end=\"307\">Funktionen:<\/strong><\/p>\n<ul data-start=\"310\" data-end=\"438\">\n<li data-start=\"310\" data-end=\"346\">\n<p data-start=\"312\" data-end=\"346\">Hergestellt aus sorgf\u00e4ltig ausgew\u00e4hltem H\u00fchnerfleisch.<\/p>\n<\/li>\n<li data-start=\"347\" data-end=\"385\">\n<p data-start=\"349\" data-end=\"385\">Ein k\u00f6stlicher Geschmack, der f\u00fcr die ganze Familie geeignet ist.<\/p>\n<\/li>\n<li data-start=\"386\" data-end=\"414\">\n<p data-start=\"388\" data-end=\"414\">Einfach zu schneiden und zu verwenden.<\/p>\n<\/li>\n<li data-start=\"415\" data-end=\"438\">\n<p data-start=\"417\" data-end=\"438\">Praktisches Gewicht: <strong data-start=\"427\" data-end=\"435\">340g<\/strong>.<\/p>\n<\/li>\n<\/ul>\n","protected":false},"excerpt":{"rendered":"<p><strong data-start=\"39\" data-end=\"69\">Hirten-Mortadella Huhn 340g<\/strong><br data-start=\"69\" data-end=\"72\">Genie\u00dfen Sie den k\u00f6stlichen Geschmack der Hirtenmortadella, die aus hochwertigem H\u00fchnchen hergestellt wird, um Ihnen einen unverwechselbaren Geschmack und eine einfache Handhabung zu verleihen. <\/p>\n","protected":false},"featured_media":109689,"comment_status":"open","ping_status":"closed","template":"","meta":[],"product_brand":[],"product_cat":[245,261],"product_tag":[419],"class_list":{"0":"post-4047","1":"product","2":"type-product","3":"status-publish","4":"has-post-thumbnail","6":"product_cat-konserven-lebensmittel","7":"product_cat-mortadella-de","8":"product_tag-100-halalschlachtung","10":"first","11":"instock","12":"taxable","13":"shipping-taxable","14":"purchasable","15":"product-type-simple"},"yoast_head":"<!-- This site is optimized with the Yoast SEO Premium plugin v26.5 (Yoast SEO v27.3) - https:\/\/yoast.com\/product\/yoast-seo-premium-wordpress\/ -->\n<title>Mortadella Chicken Shepherd 340g - Yasmin Food<\/title>\n<meta name=\"description\" content=\"Genie\u00dfen Sie die k\u00f6stliche 340 g Shepherd&#039;s Chicken Mortadella, perfekt f\u00fcr schnelle Sandwiches! Machen Sie es noch heute zu einem Teil Ihrer Mahlzeiten! \ud83c\udf7d\ufe0f Yasmin Food\" \/>\n<meta name=\"robots\" content=\"index, follow, max-snippet:-1, max-image-preview:large, max-video-preview:-1\" \/>\n<link rel=\"canonical\" href=\"https:\/\/yasminfood.ch\/de\/product\/mortadella-hirte-huhn-340g\/\" \/>\n<meta property=\"og:locale\" content=\"de_DE\" \/>\n<meta property=\"og:type\" content=\"article\" \/>\n<meta property=\"og:title\" content=\"Mortadella Chicken Shepherd 340g\" \/>\n<meta property=\"og:description\" content=\"Hirten-Mortadella Huhn 340gGenie\u00dfen Sie den k\u00f6stlichen Geschmack der Hirtenmortadella, die aus hochwertigem H\u00fchnchen hergestellt wird, um Ihnen einen unverwechselbaren Geschmack und eine einfache Handhabung zu verleihen.\" \/>\n<meta property=\"og:url\" content=\"https:\/\/yasminfood.ch\/de\/product\/mortadella-hirte-huhn-340g\/\" \/>\n<meta property=\"og:site_name\" content=\"Yasmin Food\" \/>\n<meta property=\"article:publisher\" content=\"https:\/\/www.facebook.com\/yasminmarkt1\" \/>\n<meta property=\"article:modified_time\" content=\"2025-10-03T23:22:55+00:00\" \/>\n<meta property=\"og:image\" content=\"https:\/\/yasminfood.ch\/wp-content\/uploads\/2020\/10\/\u0645\u0631\u062a\u062f\u064a\u0644\u0627-\u0627\u0644\u0631\u0627\u0639\u064a-\u062f\u062c\u0627\u062c-340\u063a.png\" \/>\n\t<meta property=\"og:image:width\" content=\"1080\" \/>\n\t<meta property=\"og:image:height\" content=\"1080\" \/>\n\t<meta property=\"og:image:type\" content=\"image\/png\" \/>\n<meta name=\"twitter:card\" content=\"summary_large_image\" \/>\n<meta name=\"twitter:label1\" content=\"Preis\" \/>\n\t<meta name=\"twitter:data1\" content=\"4.95&nbsp;&#067;&#072;&#070;\" \/>\n\t<meta name=\"twitter:label2\" content=\"Verf\u00fcgbarkeit\" \/>\n\t<meta name=\"twitter:data2\" content=\"Auf Lager\" \/>\n<script type=\"application\/ld+json\" class=\"yoast-schema-graph\">{\"@context\":\"https:\\\/\\\/schema.org\",\"@graph\":[{\"@type\":\"WebPage\",\"@id\":\"https:\\\/\\\/yasminfood.ch\\\/de\\\/product\\\/mortadella-hirte-huhn-340g\\\/\",\"url\":\"https:\\\/\\\/yasminfood.ch\\\/de\\\/product\\\/mortadella-hirte-huhn-340g\\\/\",\"name\":\"Mortadella Chicken Shepherd 340g - Yasmin Food\",\"isPartOf\":{\"@id\":\"https:\\\/\\\/yasminfood.ch\\\/de\\\/#website\"},\"primaryImageOfPage\":{\"@id\":\"https:\\\/\\\/yasminfood.ch\\\/de\\\/product\\\/mortadella-hirte-huhn-340g\\\/#primaryimage\"},\"image\":{\"@id\":\"https:\\\/\\\/yasminfood.ch\\\/de\\\/product\\\/mortadella-hirte-huhn-340g\\\/#primaryimage\"},\"thumbnailUrl\":\"https:\\\/\\\/yasminfood.ch\\\/wp-content\\\/uploads\\\/2020\\\/10\\\/\u0645\u0631\u062a\u062f\u064a\u0644\u0627-\u0627\u0644\u0631\u0627\u0639\u064a-\u062f\u062c\u0627\u062c-340\u063a.png\",\"datePublished\":\"2020-10-03T14:25:38+00:00\",\"dateModified\":\"2025-10-03T23:22:55+00:00\",\"description\":\"Genie\u00dfen Sie die k\u00f6stliche 340 g Shepherd's Chicken Mortadella, perfekt f\u00fcr schnelle Sandwiches! Machen Sie es noch heute zu einem Teil Ihrer Mahlzeiten! \ud83c\udf7d\ufe0f Yasmin Food\",\"breadcrumb\":{\"@id\":\"https:\\\/\\\/yasminfood.ch\\\/de\\\/product\\\/mortadella-hirte-huhn-340g\\\/#breadcrumb\"},\"inLanguage\":\"de\",\"potentialAction\":[{\"@type\":\"ReadAction\",\"target\":[\"https:\\\/\\\/yasminfood.ch\\\/de\\\/product\\\/mortadella-hirte-huhn-340g\\\/\"]}]},{\"@type\":\"ImageObject\",\"inLanguage\":\"de\",\"@id\":\"https:\\\/\\\/yasminfood.ch\\\/de\\\/product\\\/mortadella-hirte-huhn-340g\\\/#primaryimage\",\"url\":\"https:\\\/\\\/yasminfood.ch\\\/wp-content\\\/uploads\\\/2020\\\/10\\\/\u0645\u0631\u062a\u062f\u064a\u0644\u0627-\u0627\u0644\u0631\u0627\u0639\u064a-\u062f\u062c\u0627\u062c-340\u063a.png\",\"contentUrl\":\"https:\\\/\\\/yasminfood.ch\\\/wp-content\\\/uploads\\\/2020\\\/10\\\/\u0645\u0631\u062a\u062f\u064a\u0644\u0627-\u0627\u0644\u0631\u0627\u0639\u064a-\u062f\u062c\u0627\u062c-340\u063a.png\",\"width\":1080,\"height\":1080,\"caption\":\"Mortadella Chicken Shepherd 340g\"},{\"@type\":\"BreadcrumbList\",\"@id\":\"https:\\\/\\\/yasminfood.ch\\\/de\\\/product\\\/mortadella-hirte-huhn-340g\\\/#breadcrumb\",\"itemListElement\":[{\"@type\":\"ListItem\",\"position\":1,\"name\":\"\u0627\u0644\u0631\u0626\u064a\u0633\u064a\u0629\",\"item\":\"https:\\\/\\\/yasminfood.ch\\\/de\\\/zuhause\\\/\"},{\"@type\":\"ListItem\",\"position\":2,\"name\":\"Shop\",\"item\":\"https:\\\/\\\/yasminfood.ch\\\/de\\\/shop\\\/\"},{\"@type\":\"ListItem\",\"position\":3,\"name\":\"Konserven - Lebensmittel\",\"item\":\"https:\\\/\\\/yasminfood.ch\\\/de\\\/produkt-kategorie\\\/konserven-lebensmittel\\\/\"},{\"@type\":\"ListItem\",\"position\":4,\"name\":\"Mortadella\",\"item\":\"https:\\\/\\\/yasminfood.ch\\\/de\\\/produkt-kategorie\\\/konserven-lebensmittel\\\/mortadella-de\\\/\"},{\"@type\":\"ListItem\",\"position\":5,\"name\":\"Mortadella Chicken Shepherd 340g\"}]},{\"@type\":\"WebSite\",\"@id\":\"https:\\\/\\\/yasminfood.ch\\\/de\\\/#website\",\"url\":\"https:\\\/\\\/yasminfood.ch\\\/de\\\/\",\"name\":\"\u064a\u0627\u0633\u0645\u064a\u0646 \u0645\u0627\u0631\u0643\u062a\",\"description\":\"Alles, was Sie brauchen, an einem Ort\",\"publisher\":{\"@id\":\"https:\\\/\\\/yasminfood.ch\\\/de\\\/#organization\"},\"alternateName\":\"Yasmin Food\",\"potentialAction\":[{\"@type\":\"SearchAction\",\"target\":{\"@type\":\"EntryPoint\",\"urlTemplate\":\"https:\\\/\\\/yasminfood.ch\\\/de\\\/?s={search_term_string}\"},\"query-input\":{\"@type\":\"PropertyValueSpecification\",\"valueRequired\":true,\"valueName\":\"search_term_string\"}}],\"inLanguage\":\"de\"},{\"@type\":\"Organization\",\"@id\":\"https:\\\/\\\/yasminfood.ch\\\/de\\\/#organization\",\"name\":\"\u064a\u0627\u0633\u0645\u064a\u0646 \u0645\u0627\u0631\u0643\u062a\",\"alternateName\":\"Yasmin Food\",\"url\":\"https:\\\/\\\/yasminfood.ch\\\/de\\\/\",\"logo\":{\"@type\":\"ImageObject\",\"inLanguage\":\"de\",\"@id\":\"https:\\\/\\\/yasminfood.ch\\\/de\\\/#\\\/schema\\\/logo\\\/image\\\/\",\"url\":\"https:\\\/\\\/yasminfood.ch\\\/wp-content\\\/uploads\\\/2025\\\/05\\\/yasmin-food-header-logo.png\",\"contentUrl\":\"https:\\\/\\\/yasminfood.ch\\\/wp-content\\\/uploads\\\/2025\\\/05\\\/yasmin-food-header-logo.png\",\"width\":330,\"height\":120,\"caption\":\"\u064a\u0627\u0633\u0645\u064a\u0646 \u0645\u0627\u0631\u0643\u062a\"},\"image\":{\"@id\":\"https:\\\/\\\/yasminfood.ch\\\/de\\\/#\\\/schema\\\/logo\\\/image\\\/\"},\"sameAs\":[\"https:\\\/\\\/www.facebook.com\\\/yasminmarkt1\",\"https:\\\/\\\/www.tiktok.com\\\/@yasminmarkt\",\"https:\\\/\\\/www.instagram.com\\\/yasmin.markt1\\\/\",\"https:\\\/\\\/api.whatsapp.com\\\/send\\\/?phone=41799000104\"],\"publishingPrinciples\":\"https:\\\/\\\/yasminfood.ch\\\/de\\\/shop\\\/\",\"ownershipFundingInfo\":\"https:\\\/\\\/yasminfood.ch\\\/de\\\/shop\\\/\"}]}<\/script>\n<meta property=\"product:price:amount\" content=\"4.95\" \/>\n<meta property=\"product:price:currency\" content=\"CHF\" \/>\n<meta property=\"og:availability\" content=\"instock\" \/>\n<meta property=\"product:availability\" content=\"instock\" \/>\n<meta property=\"product:condition\" content=\"new\" \/>\n<!-- \/ Yoast SEO Premium plugin. -->","yoast_head_json":{"title":"Mortadella Chicken Shepherd 340g - Yasmin Food","description":"Genie\u00dfen Sie die k\u00f6stliche 340 g Shepherd's Chicken Mortadella, perfekt f\u00fcr schnelle Sandwiches! Machen Sie es noch heute zu einem Teil Ihrer Mahlzeiten! \ud83c\udf7d\ufe0f Yasmin Food","robots":{"index":"index","follow":"follow","max-snippet":"max-snippet:-1","max-image-preview":"max-image-preview:large","max-video-preview":"max-video-preview:-1"},"canonical":"https:\/\/yasminfood.ch\/de\/product\/mortadella-hirte-huhn-340g\/","og_locale":"de_DE","og_type":"article","og_title":"Mortadella Chicken Shepherd 340g","og_description":"Hirten-Mortadella Huhn 340gGenie\u00dfen Sie den k\u00f6stlichen Geschmack der Hirtenmortadella, die aus hochwertigem H\u00fchnchen hergestellt wird, um Ihnen einen unverwechselbaren Geschmack und eine einfache Handhabung zu verleihen.","og_url":"https:\/\/yasminfood.ch\/de\/product\/mortadella-hirte-huhn-340g\/","og_site_name":"Yasmin Food","article_publisher":"https:\/\/www.facebook.com\/yasminmarkt1","article_modified_time":"2025-10-03T23:22:55+00:00","og_image":[{"width":1080,"height":1080,"url":"https:\/\/yasminfood.ch\/wp-content\/uploads\/2020\/10\/\u0645\u0631\u062a\u062f\u064a\u0644\u0627-\u0627\u0644\u0631\u0627\u0639\u064a-\u062f\u062c\u0627\u062c-340\u063a.png","type":"image\/png"}],"twitter_card":"summary_large_image","twitter_misc":{"Preis":"4.95&nbsp;&#67;&#72;&#70;","Verf\u00fcgbarkeit":"Auf Lager"},"schema":{"@context":"https:\/\/schema.org","@graph":[{"@type":"WebPage","@id":"https:\/\/yasminfood.ch\/de\/product\/mortadella-hirte-huhn-340g\/","url":"https:\/\/yasminfood.ch\/de\/product\/mortadella-hirte-huhn-340g\/","name":"Mortadella Chicken Shepherd 340g - Yasmin Food","isPartOf":{"@id":"https:\/\/yasminfood.ch\/de\/#website"},"primaryImageOfPage":{"@id":"https:\/\/yasminfood.ch\/de\/product\/mortadella-hirte-huhn-340g\/#primaryimage"},"image":{"@id":"https:\/\/yasminfood.ch\/de\/product\/mortadella-hirte-huhn-340g\/#primaryimage"},"thumbnailUrl":"https:\/\/yasminfood.ch\/wp-content\/uploads\/2020\/10\/\u0645\u0631\u062a\u062f\u064a\u0644\u0627-\u0627\u0644\u0631\u0627\u0639\u064a-\u062f\u062c\u0627\u062c-340\u063a.png","datePublished":"2020-10-03T14:25:38+00:00","dateModified":"2025-10-03T23:22:55+00:00","description":"Genie\u00dfen Sie die k\u00f6stliche 340 g Shepherd's Chicken Mortadella, perfekt f\u00fcr schnelle Sandwiches! Machen Sie es noch heute zu einem Teil Ihrer Mahlzeiten! \ud83c\udf7d\ufe0f Yasmin Food","breadcrumb":{"@id":"https:\/\/yasminfood.ch\/de\/product\/mortadella-hirte-huhn-340g\/#breadcrumb"},"inLanguage":"de","potentialAction":[{"@type":"ReadAction","target":["https:\/\/yasminfood.ch\/de\/product\/mortadella-hirte-huhn-340g\/"]}]},{"@type":"ImageObject","inLanguage":"de","@id":"https:\/\/yasminfood.ch\/de\/product\/mortadella-hirte-huhn-340g\/#primaryimage","url":"https:\/\/yasminfood.ch\/wp-content\/uploads\/2020\/10\/\u0645\u0631\u062a\u062f\u064a\u0644\u0627-\u0627\u0644\u0631\u0627\u0639\u064a-\u062f\u062c\u0627\u062c-340\u063a.png","contentUrl":"https:\/\/yasminfood.ch\/wp-content\/uploads\/2020\/10\/\u0645\u0631\u062a\u062f\u064a\u0644\u0627-\u0627\u0644\u0631\u0627\u0639\u064a-\u062f\u062c\u0627\u062c-340\u063a.png","width":1080,"height":1080,"caption":"Mortadella Chicken Shepherd 340g"},{"@type":"BreadcrumbList","@id":"https:\/\/yasminfood.ch\/de\/product\/mortadella-hirte-huhn-340g\/#breadcrumb","itemListElement":[{"@type":"ListItem","position":1,"name":"\u0627\u0644\u0631\u0626\u064a\u0633\u064a\u0629","item":"https:\/\/yasminfood.ch\/de\/zuhause\/"},{"@type":"ListItem","position":2,"name":"Shop","item":"https:\/\/yasminfood.ch\/de\/shop\/"},{"@type":"ListItem","position":3,"name":"Konserven - Lebensmittel","item":"https:\/\/yasminfood.ch\/de\/produkt-kategorie\/konserven-lebensmittel\/"},{"@type":"ListItem","position":4,"name":"Mortadella","item":"https:\/\/yasminfood.ch\/de\/produkt-kategorie\/konserven-lebensmittel\/mortadella-de\/"},{"@type":"ListItem","position":5,"name":"Mortadella Chicken Shepherd 340g"}]},{"@type":"WebSite","@id":"https:\/\/yasminfood.ch\/de\/#website","url":"https:\/\/yasminfood.ch\/de\/","name":"\u064a\u0627\u0633\u0645\u064a\u0646 \u0645\u0627\u0631\u0643\u062a","description":"Alles, was Sie brauchen, an einem Ort","publisher":{"@id":"https:\/\/yasminfood.ch\/de\/#organization"},"alternateName":"Yasmin Food","potentialAction":[{"@type":"SearchAction","target":{"@type":"EntryPoint","urlTemplate":"https:\/\/yasminfood.ch\/de\/?s={search_term_string}"},"query-input":{"@type":"PropertyValueSpecification","valueRequired":true,"valueName":"search_term_string"}}],"inLanguage":"de"},{"@type":"Organization","@id":"https:\/\/yasminfood.ch\/de\/#organization","name":"\u064a\u0627\u0633\u0645\u064a\u0646 \u0645\u0627\u0631\u0643\u062a","alternateName":"Yasmin Food","url":"https:\/\/yasminfood.ch\/de\/","logo":{"@type":"ImageObject","inLanguage":"de","@id":"https:\/\/yasminfood.ch\/de\/#\/schema\/logo\/image\/","url":"https:\/\/yasminfood.ch\/wp-content\/uploads\/2025\/05\/yasmin-food-header-logo.png","contentUrl":"https:\/\/yasminfood.ch\/wp-content\/uploads\/2025\/05\/yasmin-food-header-logo.png","width":330,"height":120,"caption":"\u064a\u0627\u0633\u0645\u064a\u0646 \u0645\u0627\u0631\u0643\u062a"},"image":{"@id":"https:\/\/yasminfood.ch\/de\/#\/schema\/logo\/image\/"},"sameAs":["https:\/\/www.facebook.com\/yasminmarkt1","https:\/\/www.tiktok.com\/@yasminmarkt","https:\/\/www.instagram.com\/yasmin.markt1\/","https:\/\/api.whatsapp.com\/send\/?phone=41799000104"],"publishingPrinciples":"https:\/\/yasminfood.ch\/de\/shop\/","ownershipFundingInfo":"https:\/\/yasminfood.ch\/de\/shop\/"}]},"product_price_amount":"4.95","product_price_currency":"CHF","og_availability":"instock","product_availability":"instock","product_condition":"new"},"jetpack_sharing_enabled":true,"_links":{"self":[{"href":"https:\/\/yasminfood.ch\/de\/wp-json\/wp\/v2\/product\/4047","targetHints":{"allow":["GET"]}}],"collection":[{"href":"https:\/\/yasminfood.ch\/de\/wp-json\/wp\/v2\/product"}],"about":[{"href":"https:\/\/yasminfood.ch\/de\/wp-json\/wp\/v2\/types\/product"}],"replies":[{"embeddable":true,"href":"https:\/\/yasminfood.ch\/de\/wp-json\/wp\/v2\/comments?post=4047"}],"version-history":[{"count":1,"href":"https:\/\/yasminfood.ch\/de\/wp-json\/wp\/v2\/product\/4047\/revisions"}],"predecessor-version":[{"id":119904,"href":"https:\/\/yasminfood.ch\/de\/wp-json\/wp\/v2\/product\/4047\/revisions\/119904"}],"wp:featuredmedia":[{"embeddable":true,"href":"https:\/\/yasminfood.ch\/de\/wp-json\/wp\/v2\/media\/109689"}],"wp:attachment":[{"href":"https:\/\/yasminfood.ch\/de\/wp-json\/wp\/v2\/media?parent=4047"}],"wp:term":[{"taxonomy":"product_brand","embeddable":true,"href":"https:\/\/yasminfood.ch\/de\/wp-json\/wp\/v2\/product_brand?post=4047"},{"taxonomy":"product_cat","embeddable":true,"href":"https:\/\/yasminfood.ch\/de\/wp-json\/wp\/v2\/product_cat?post=4047"},{"taxonomy":"product_tag","embeddable":true,"href":"https:\/\/yasminfood.ch\/de\/wp-json\/wp\/v2\/product_tag?post=4047"}],"curies":[{"name":"wp","href":"https:\/\/api.w.org\/{rel}","templated":true}]}}