{"id":4168,"date":"2020-10-03T17:08:08","date_gmt":"2020-10-03T15:08:08","guid":{"rendered":"https:\/\/yasminfood.ch\/product\/thunfisch-dora-heiss-160g\/"},"modified":"2025-10-04T01:22:12","modified_gmt":"2025-10-03T23:22:12","slug":"thunfisch-durra-sus-160g-2","status":"publish","type":"product","link":"https:\/\/yasminfood.ch\/de\/product\/thunfisch-durra-sus-160g-2\/","title":{"rendered":"Durra Thunfisch (s\u00fc\u00df) -160g"},"content":{"rendered":"<p><strong>Durra Thunfisch (s\u00fc\u00df) -160g<\/strong><\/p>\n<ul>\n<li>Viele Ern\u00e4hrungswissenschaftler empfehlen, Fisch in ihrer Ern\u00e4hrung zu essen.<\/li>\n<li>Sie sind enorme Quellen f\u00fcr Proteine und Mineralien wie Zink, Selen und Vitamin D.<\/li>\n<li>Sie denken vielleicht, dass frischer oder gefrorener Fisch allein diese ern\u00e4hrungsphysiologischen und gesundheitlichen Vorteile hat.<\/li>\n<li>Aber das stimmt nicht, denn Fischkonserven sind eine garantierte Quelle<\/li>\n<li>Man kann sich darauf verlassen, dass man all diese Vorteile erh\u00e4lt.<\/li>\n<li>Einige von ihnen sind die w\u00fcrzige Sorte, mit der h\u00f6chsten Qualit\u00e4t und ausgezeichneter Qualit\u00e4t, zus\u00e4tzlich zum wunderbaren Geschmack.<\/li>\n<\/ul>\n","protected":false},"excerpt":{"rendered":"<p><strong>Durra Thunfisch (s\u00fc\u00df) -160g<\/strong><\/p>\n<ul>\n<li>Viele Ern\u00e4hrungswissenschaftler empfehlen, Fisch in ihrer Ern\u00e4hrung zu essen.<\/li>\n<li>Sie sind enorme Quellen f\u00fcr Proteine und Mineralien wie Zink, Selen und Vitamin D.<\/li>\n<\/ul>\n","protected":false},"featured_media":109529,"comment_status":"open","ping_status":"closed","template":"","meta":[],"product_brand":[],"product_cat":[245,264],"product_tag":[508],"class_list":{"0":"post-4168","1":"product","2":"type-product","3":"status-publish","4":"has-post-thumbnail","6":"product_cat-konserven-lebensmittel","7":"product_cat-thunfisch-sardine","8":"product_tag-unwiderstehlicher-naturlicher-geschmacknettogewicht-112-g","10":"first","11":"instock","12":"taxable","13":"shipping-taxable","14":"purchasable","15":"product-type-simple"},"yoast_head":"<!-- This site is optimized with the Yoast SEO Premium plugin v26.5 (Yoast SEO v27.3) - https:\/\/yoast.com\/product\/yoast-seo-premium-wordpress\/ -->\n<title>Durra Thunfisch (s\u00fc\u00df) -160g - Yasmin Food<\/title>\n<meta name=\"description\" content=\"Genie\u00dfen Sie unz\u00e4hlige gesundheitliche Vorteile mit Durra Thunfisch (s\u00fc\u00df) -160 g, einer Mahlzeit, die reich an Proteinen und Mineralien ist. F\u00fcgen Sie es jetzt zu Ihrer Ern\u00e4hrung hinzu! Durra Thunfisch (s\u00fc\u00df) -160g\" \/>\n<meta name=\"robots\" content=\"index, follow, max-snippet:-1, max-image-preview:large, max-video-preview:-1\" \/>\n<link rel=\"canonical\" href=\"https:\/\/yasminfood.ch\/de\/product\/thunfisch-durra-sus-160g-2\/\" \/>\n<meta property=\"og:locale\" content=\"de_DE\" \/>\n<meta property=\"og:type\" content=\"article\" \/>\n<meta property=\"og:title\" content=\"Durra Thunfisch (s\u00fc\u00df) -160g\" \/>\n<meta property=\"og:description\" content=\"Durra Thunfisch (s\u00fc\u00df) -160g  Viele Ern\u00e4hrungswissenschaftler empfehlen, Fisch in ihrer Ern\u00e4hrung zu essen.  Sie sind enorme Quellen f\u00fcr Proteine und Mineralien wie Zink, Selen und Vitamin D.\" \/>\n<meta property=\"og:url\" content=\"https:\/\/yasminfood.ch\/de\/product\/thunfisch-durra-sus-160g-2\/\" \/>\n<meta property=\"og:site_name\" content=\"Yasmin Food\" \/>\n<meta property=\"article:publisher\" content=\"https:\/\/www.facebook.com\/yasminmarkt1\" \/>\n<meta property=\"article:modified_time\" content=\"2025-10-03T23:22:12+00:00\" \/>\n<meta property=\"og:image\" content=\"https:\/\/yasminfood.ch\/wp-content\/uploads\/2020\/10\/\u062a\u0648\u0646\u0629-\u0627\u0644\u062f\u0631\u0629-\u0628\u0627\u0631\u062f-160\u063a.png\" \/>\n\t<meta property=\"og:image:width\" content=\"1080\" \/>\n\t<meta property=\"og:image:height\" content=\"1080\" \/>\n\t<meta property=\"og:image:type\" content=\"image\/png\" \/>\n<meta name=\"twitter:card\" content=\"summary_large_image\" \/>\n<meta name=\"twitter:label1\" content=\"Preis\" \/>\n\t<meta name=\"twitter:data1\" content=\"2.50&nbsp;&#067;&#072;&#070;\" \/>\n\t<meta name=\"twitter:label2\" content=\"Verf\u00fcgbarkeit\" \/>\n\t<meta name=\"twitter:data2\" content=\"Auf Lager\" \/>\n<script type=\"application\/ld+json\" class=\"yoast-schema-graph\">{\"@context\":\"https:\\\/\\\/schema.org\",\"@graph\":[{\"@type\":\"WebPage\",\"@id\":\"https:\\\/\\\/yasminfood.ch\\\/de\\\/product\\\/thunfisch-durra-sus-160g-2\\\/\",\"url\":\"https:\\\/\\\/yasminfood.ch\\\/de\\\/product\\\/thunfisch-durra-sus-160g-2\\\/\",\"name\":\"Durra Thunfisch (s\u00fc\u00df) -160g - Yasmin Food\",\"isPartOf\":{\"@id\":\"https:\\\/\\\/yasminfood.ch\\\/de\\\/#website\"},\"primaryImageOfPage\":{\"@id\":\"https:\\\/\\\/yasminfood.ch\\\/de\\\/product\\\/thunfisch-durra-sus-160g-2\\\/#primaryimage\"},\"image\":{\"@id\":\"https:\\\/\\\/yasminfood.ch\\\/de\\\/product\\\/thunfisch-durra-sus-160g-2\\\/#primaryimage\"},\"thumbnailUrl\":\"https:\\\/\\\/yasminfood.ch\\\/wp-content\\\/uploads\\\/2020\\\/10\\\/\u062a\u0648\u0646\u0629-\u0627\u0644\u062f\u0631\u0629-\u0628\u0627\u0631\u062f-160\u063a.png\",\"datePublished\":\"2020-10-03T15:08:08+00:00\",\"dateModified\":\"2025-10-03T23:22:12+00:00\",\"description\":\"Genie\u00dfen Sie unz\u00e4hlige gesundheitliche Vorteile mit Durra Thunfisch (s\u00fc\u00df) -160 g, einer Mahlzeit, die reich an Proteinen und Mineralien ist. F\u00fcgen Sie es jetzt zu Ihrer Ern\u00e4hrung hinzu! Durra Thunfisch (s\u00fc\u00df) -160g\",\"breadcrumb\":{\"@id\":\"https:\\\/\\\/yasminfood.ch\\\/de\\\/product\\\/thunfisch-durra-sus-160g-2\\\/#breadcrumb\"},\"inLanguage\":\"de\",\"potentialAction\":[{\"@type\":\"ReadAction\",\"target\":[\"https:\\\/\\\/yasminfood.ch\\\/de\\\/product\\\/thunfisch-durra-sus-160g-2\\\/\"]}]},{\"@type\":\"ImageObject\",\"inLanguage\":\"de\",\"@id\":\"https:\\\/\\\/yasminfood.ch\\\/de\\\/product\\\/thunfisch-durra-sus-160g-2\\\/#primaryimage\",\"url\":\"https:\\\/\\\/yasminfood.ch\\\/wp-content\\\/uploads\\\/2020\\\/10\\\/\u062a\u0648\u0646\u0629-\u0627\u0644\u062f\u0631\u0629-\u0628\u0627\u0631\u062f-160\u063a.png\",\"contentUrl\":\"https:\\\/\\\/yasminfood.ch\\\/wp-content\\\/uploads\\\/2020\\\/10\\\/\u062a\u0648\u0646\u0629-\u0627\u0644\u062f\u0631\u0629-\u0628\u0627\u0631\u062f-160\u063a.png\",\"width\":1080,\"height\":1080},{\"@type\":\"BreadcrumbList\",\"@id\":\"https:\\\/\\\/yasminfood.ch\\\/de\\\/product\\\/thunfisch-durra-sus-160g-2\\\/#breadcrumb\",\"itemListElement\":[{\"@type\":\"ListItem\",\"position\":1,\"name\":\"\u0627\u0644\u0631\u0626\u064a\u0633\u064a\u0629\",\"item\":\"https:\\\/\\\/yasminfood.ch\\\/de\\\/zuhause\\\/\"},{\"@type\":\"ListItem\",\"position\":2,\"name\":\"Shop\",\"item\":\"https:\\\/\\\/yasminfood.ch\\\/de\\\/shop\\\/\"},{\"@type\":\"ListItem\",\"position\":3,\"name\":\"Konserven - Lebensmittel\",\"item\":\"https:\\\/\\\/yasminfood.ch\\\/de\\\/produkt-kategorie\\\/konserven-lebensmittel\\\/\"},{\"@type\":\"ListItem\",\"position\":4,\"name\":\"Thunfisch &amp; Sardine\",\"item\":\"https:\\\/\\\/yasminfood.ch\\\/de\\\/produkt-kategorie\\\/konserven-lebensmittel\\\/thunfisch-sardine\\\/\"},{\"@type\":\"ListItem\",\"position\":5,\"name\":\"Durra Thunfisch (s\u00fc\u00df) -160g\"}]},{\"@type\":\"WebSite\",\"@id\":\"https:\\\/\\\/yasminfood.ch\\\/de\\\/#website\",\"url\":\"https:\\\/\\\/yasminfood.ch\\\/de\\\/\",\"name\":\"\u064a\u0627\u0633\u0645\u064a\u0646 \u0645\u0627\u0631\u0643\u062a\",\"description\":\"Alles, was Sie brauchen, an einem Ort\",\"publisher\":{\"@id\":\"https:\\\/\\\/yasminfood.ch\\\/de\\\/#organization\"},\"alternateName\":\"Yasmin Food\",\"potentialAction\":[{\"@type\":\"SearchAction\",\"target\":{\"@type\":\"EntryPoint\",\"urlTemplate\":\"https:\\\/\\\/yasminfood.ch\\\/de\\\/?s={search_term_string}\"},\"query-input\":{\"@type\":\"PropertyValueSpecification\",\"valueRequired\":true,\"valueName\":\"search_term_string\"}}],\"inLanguage\":\"de\"},{\"@type\":\"Organization\",\"@id\":\"https:\\\/\\\/yasminfood.ch\\\/de\\\/#organization\",\"name\":\"\u064a\u0627\u0633\u0645\u064a\u0646 \u0645\u0627\u0631\u0643\u062a\",\"alternateName\":\"Yasmin Food\",\"url\":\"https:\\\/\\\/yasminfood.ch\\\/de\\\/\",\"logo\":{\"@type\":\"ImageObject\",\"inLanguage\":\"de\",\"@id\":\"https:\\\/\\\/yasminfood.ch\\\/de\\\/#\\\/schema\\\/logo\\\/image\\\/\",\"url\":\"https:\\\/\\\/yasminfood.ch\\\/wp-content\\\/uploads\\\/2025\\\/05\\\/yasmin-food-header-logo.png\",\"contentUrl\":\"https:\\\/\\\/yasminfood.ch\\\/wp-content\\\/uploads\\\/2025\\\/05\\\/yasmin-food-header-logo.png\",\"width\":330,\"height\":120,\"caption\":\"\u064a\u0627\u0633\u0645\u064a\u0646 \u0645\u0627\u0631\u0643\u062a\"},\"image\":{\"@id\":\"https:\\\/\\\/yasminfood.ch\\\/de\\\/#\\\/schema\\\/logo\\\/image\\\/\"},\"sameAs\":[\"https:\\\/\\\/www.facebook.com\\\/yasminmarkt1\",\"https:\\\/\\\/www.tiktok.com\\\/@yasminmarkt\",\"https:\\\/\\\/www.instagram.com\\\/yasmin.markt1\\\/\",\"https:\\\/\\\/api.whatsapp.com\\\/send\\\/?phone=41799000104\"],\"publishingPrinciples\":\"https:\\\/\\\/yasminfood.ch\\\/de\\\/shop\\\/\",\"ownershipFundingInfo\":\"https:\\\/\\\/yasminfood.ch\\\/de\\\/shop\\\/\"}]}<\/script>\n<meta property=\"product:price:amount\" content=\"2.50\" \/>\n<meta property=\"product:price:currency\" content=\"CHF\" \/>\n<meta property=\"og:availability\" content=\"instock\" \/>\n<meta property=\"product:availability\" content=\"instock\" \/>\n<meta property=\"product:condition\" content=\"new\" \/>\n<!-- \/ Yoast SEO Premium plugin. -->","yoast_head_json":{"title":"Durra Thunfisch (s\u00fc\u00df) -160g - Yasmin Food","description":"Genie\u00dfen Sie unz\u00e4hlige gesundheitliche Vorteile mit Durra Thunfisch (s\u00fc\u00df) -160 g, einer Mahlzeit, die reich an Proteinen und Mineralien ist. F\u00fcgen Sie es jetzt zu Ihrer Ern\u00e4hrung hinzu! Durra Thunfisch (s\u00fc\u00df) -160g","robots":{"index":"index","follow":"follow","max-snippet":"max-snippet:-1","max-image-preview":"max-image-preview:large","max-video-preview":"max-video-preview:-1"},"canonical":"https:\/\/yasminfood.ch\/de\/product\/thunfisch-durra-sus-160g-2\/","og_locale":"de_DE","og_type":"article","og_title":"Durra Thunfisch (s\u00fc\u00df) -160g","og_description":"Durra Thunfisch (s\u00fc\u00df) -160g  Viele Ern\u00e4hrungswissenschaftler empfehlen, Fisch in ihrer Ern\u00e4hrung zu essen.  Sie sind enorme Quellen f\u00fcr Proteine und Mineralien wie Zink, Selen und Vitamin D.","og_url":"https:\/\/yasminfood.ch\/de\/product\/thunfisch-durra-sus-160g-2\/","og_site_name":"Yasmin Food","article_publisher":"https:\/\/www.facebook.com\/yasminmarkt1","article_modified_time":"2025-10-03T23:22:12+00:00","og_image":[{"width":1080,"height":1080,"url":"https:\/\/yasminfood.ch\/wp-content\/uploads\/2020\/10\/\u062a\u0648\u0646\u0629-\u0627\u0644\u062f\u0631\u0629-\u0628\u0627\u0631\u062f-160\u063a.png","type":"image\/png"}],"twitter_card":"summary_large_image","twitter_misc":{"Preis":"2.50&nbsp;&#67;&#72;&#70;","Verf\u00fcgbarkeit":"Auf Lager"},"schema":{"@context":"https:\/\/schema.org","@graph":[{"@type":"WebPage","@id":"https:\/\/yasminfood.ch\/de\/product\/thunfisch-durra-sus-160g-2\/","url":"https:\/\/yasminfood.ch\/de\/product\/thunfisch-durra-sus-160g-2\/","name":"Durra Thunfisch (s\u00fc\u00df) -160g - Yasmin Food","isPartOf":{"@id":"https:\/\/yasminfood.ch\/de\/#website"},"primaryImageOfPage":{"@id":"https:\/\/yasminfood.ch\/de\/product\/thunfisch-durra-sus-160g-2\/#primaryimage"},"image":{"@id":"https:\/\/yasminfood.ch\/de\/product\/thunfisch-durra-sus-160g-2\/#primaryimage"},"thumbnailUrl":"https:\/\/yasminfood.ch\/wp-content\/uploads\/2020\/10\/\u062a\u0648\u0646\u0629-\u0627\u0644\u062f\u0631\u0629-\u0628\u0627\u0631\u062f-160\u063a.png","datePublished":"2020-10-03T15:08:08+00:00","dateModified":"2025-10-03T23:22:12+00:00","description":"Genie\u00dfen Sie unz\u00e4hlige gesundheitliche Vorteile mit Durra Thunfisch (s\u00fc\u00df) -160 g, einer Mahlzeit, die reich an Proteinen und Mineralien ist. F\u00fcgen Sie es jetzt zu Ihrer Ern\u00e4hrung hinzu! Durra Thunfisch (s\u00fc\u00df) -160g","breadcrumb":{"@id":"https:\/\/yasminfood.ch\/de\/product\/thunfisch-durra-sus-160g-2\/#breadcrumb"},"inLanguage":"de","potentialAction":[{"@type":"ReadAction","target":["https:\/\/yasminfood.ch\/de\/product\/thunfisch-durra-sus-160g-2\/"]}]},{"@type":"ImageObject","inLanguage":"de","@id":"https:\/\/yasminfood.ch\/de\/product\/thunfisch-durra-sus-160g-2\/#primaryimage","url":"https:\/\/yasminfood.ch\/wp-content\/uploads\/2020\/10\/\u062a\u0648\u0646\u0629-\u0627\u0644\u062f\u0631\u0629-\u0628\u0627\u0631\u062f-160\u063a.png","contentUrl":"https:\/\/yasminfood.ch\/wp-content\/uploads\/2020\/10\/\u062a\u0648\u0646\u0629-\u0627\u0644\u062f\u0631\u0629-\u0628\u0627\u0631\u062f-160\u063a.png","width":1080,"height":1080},{"@type":"BreadcrumbList","@id":"https:\/\/yasminfood.ch\/de\/product\/thunfisch-durra-sus-160g-2\/#breadcrumb","itemListElement":[{"@type":"ListItem","position":1,"name":"\u0627\u0644\u0631\u0626\u064a\u0633\u064a\u0629","item":"https:\/\/yasminfood.ch\/de\/zuhause\/"},{"@type":"ListItem","position":2,"name":"Shop","item":"https:\/\/yasminfood.ch\/de\/shop\/"},{"@type":"ListItem","position":3,"name":"Konserven - Lebensmittel","item":"https:\/\/yasminfood.ch\/de\/produkt-kategorie\/konserven-lebensmittel\/"},{"@type":"ListItem","position":4,"name":"Thunfisch &amp; Sardine","item":"https:\/\/yasminfood.ch\/de\/produkt-kategorie\/konserven-lebensmittel\/thunfisch-sardine\/"},{"@type":"ListItem","position":5,"name":"Durra Thunfisch (s\u00fc\u00df) -160g"}]},{"@type":"WebSite","@id":"https:\/\/yasminfood.ch\/de\/#website","url":"https:\/\/yasminfood.ch\/de\/","name":"\u064a\u0627\u0633\u0645\u064a\u0646 \u0645\u0627\u0631\u0643\u062a","description":"Alles, was Sie brauchen, an einem Ort","publisher":{"@id":"https:\/\/yasminfood.ch\/de\/#organization"},"alternateName":"Yasmin Food","potentialAction":[{"@type":"SearchAction","target":{"@type":"EntryPoint","urlTemplate":"https:\/\/yasminfood.ch\/de\/?s={search_term_string}"},"query-input":{"@type":"PropertyValueSpecification","valueRequired":true,"valueName":"search_term_string"}}],"inLanguage":"de"},{"@type":"Organization","@id":"https:\/\/yasminfood.ch\/de\/#organization","name":"\u064a\u0627\u0633\u0645\u064a\u0646 \u0645\u0627\u0631\u0643\u062a","alternateName":"Yasmin Food","url":"https:\/\/yasminfood.ch\/de\/","logo":{"@type":"ImageObject","inLanguage":"de","@id":"https:\/\/yasminfood.ch\/de\/#\/schema\/logo\/image\/","url":"https:\/\/yasminfood.ch\/wp-content\/uploads\/2025\/05\/yasmin-food-header-logo.png","contentUrl":"https:\/\/yasminfood.ch\/wp-content\/uploads\/2025\/05\/yasmin-food-header-logo.png","width":330,"height":120,"caption":"\u064a\u0627\u0633\u0645\u064a\u0646 \u0645\u0627\u0631\u0643\u062a"},"image":{"@id":"https:\/\/yasminfood.ch\/de\/#\/schema\/logo\/image\/"},"sameAs":["https:\/\/www.facebook.com\/yasminmarkt1","https:\/\/www.tiktok.com\/@yasminmarkt","https:\/\/www.instagram.com\/yasmin.markt1\/","https:\/\/api.whatsapp.com\/send\/?phone=41799000104"],"publishingPrinciples":"https:\/\/yasminfood.ch\/de\/shop\/","ownershipFundingInfo":"https:\/\/yasminfood.ch\/de\/shop\/"}]},"product_price_amount":"2.50","product_price_currency":"CHF","og_availability":"instock","product_availability":"instock","product_condition":"new"},"jetpack_sharing_enabled":true,"_links":{"self":[{"href":"https:\/\/yasminfood.ch\/de\/wp-json\/wp\/v2\/product\/4168","targetHints":{"allow":["GET"]}}],"collection":[{"href":"https:\/\/yasminfood.ch\/de\/wp-json\/wp\/v2\/product"}],"about":[{"href":"https:\/\/yasminfood.ch\/de\/wp-json\/wp\/v2\/types\/product"}],"replies":[{"embeddable":true,"href":"https:\/\/yasminfood.ch\/de\/wp-json\/wp\/v2\/comments?post=4168"}],"version-history":[{"count":1,"href":"https:\/\/yasminfood.ch\/de\/wp-json\/wp\/v2\/product\/4168\/revisions"}],"predecessor-version":[{"id":119271,"href":"https:\/\/yasminfood.ch\/de\/wp-json\/wp\/v2\/product\/4168\/revisions\/119271"}],"wp:featuredmedia":[{"embeddable":true,"href":"https:\/\/yasminfood.ch\/de\/wp-json\/wp\/v2\/media\/109529"}],"wp:attachment":[{"href":"https:\/\/yasminfood.ch\/de\/wp-json\/wp\/v2\/media?parent=4168"}],"wp:term":[{"taxonomy":"product_brand","embeddable":true,"href":"https:\/\/yasminfood.ch\/de\/wp-json\/wp\/v2\/product_brand?post=4168"},{"taxonomy":"product_cat","embeddable":true,"href":"https:\/\/yasminfood.ch\/de\/wp-json\/wp\/v2\/product_cat?post=4168"},{"taxonomy":"product_tag","embeddable":true,"href":"https:\/\/yasminfood.ch\/de\/wp-json\/wp\/v2\/product_tag?post=4168"}],"curies":[{"name":"wp","href":"https:\/\/api.w.org\/{rel}","templated":true}]}}