{"id":4280,"date":"2020-10-03T17:41:32","date_gmt":"2020-10-03T15:41:32","guid":{"rendered":"https:\/\/yasminfood.ch\/product\/gurken-dora-720g\/"},"modified":"2025-10-04T01:22:53","modified_gmt":"2025-10-03T23:22:53","slug":"pickle-cucumber-durra-720g","status":"publish","type":"product","link":"https:\/\/yasminfood.ch\/de\/product\/pickle-cucumber-durra-720g\/","title":{"rendered":"Gurken dora -720g"},"content":{"rendered":"<h3 data-start=\"84\" data-end=\"112\">Eingelegte Gurke Durra &#8211; 720g<\/h3>\n<p data-start=\"113\" data-end=\"377\">Genie\u00dfen Sie den <strong data-start=\"151\" data-end=\"160\">authentischen Geschmack der eingelegten Gurken von Durra<\/strong>, hergestellt aus feinsten frischen und sorgf\u00e4ltig ausgew\u00e4hlten Gurken, mit einer ausgewogenen Marinade, die salzigen Geschmack mit k\u00f6stlicher S\u00e4ure verbindet.<br data-start=\"272\" data-end=\"275\">Eingelegte Gurken sind die perfekte Wahl als Beilage zu Mahlzeiten oder um Sandwiches und Salaten Geschmack zu verleihen. <\/p>\n<p data-start=\"379\" data-end=\"395\"><strong data-start=\"379\" data-end=\"393\">Leistungsbeschreibung:<\/strong><\/p>\n<ul data-start=\"396\" data-end=\"516\">\n<li data-start=\"396\" data-end=\"419\">\n<p data-start=\"398\" data-end=\"419\">Nettogewicht: 720g <\/p>\n<\/li>\n<li data-start=\"420\" data-end=\"463\">\n<p data-start=\"422\" data-end=\"463\">Hochwertiges Produkt der ber\u00fchmten Marke Durra<\/p>\n<\/li>\n<li data-start=\"464\" data-end=\"499\">\n<p data-start=\"466\" data-end=\"499\">Frei von k\u00fcnstlichen Konservierungsstoffen<\/p>\n<\/li>\n<li data-start=\"500\" data-end=\"516\">\n<p data-start=\"502\" data-end=\"516\">Bereit zum Servieren<\/p>\n<\/li>\n<\/ul>\n<p data-start=\"518\" data-end=\"533\"><strong data-start=\"518\" data-end=\"531\">Funktionen:<\/strong><\/p>\n<ul data-start=\"534\" data-end=\"653\">\n<li data-start=\"534\" data-end=\"564\">\n<p data-start=\"536\" data-end=\"564\">Ein k\u00f6stlicher Geschmack, der alle Geschm\u00e4cker befriedigt<\/p>\n<\/li>\n<li data-start=\"565\" data-end=\"614\">\n<p data-start=\"567\" data-end=\"614\">Sorgf\u00e4ltig verpackt, um den Geschmack und die knusprige Textur zu erhalten<\/p>\n<\/li>\n<li data-start=\"615\" data-end=\"653\">\n<p data-start=\"617\" data-end=\"653\">Perfekt f\u00fcr allt\u00e4gliche Mahlzeiten oder Veranstaltungen<\/p>\n<\/li>\n<\/ul>\n<hr data-start=\"655\" data-end=\"658\">\n<p data-start=\"660\" data-end=\"782\" data-is-last-node=\"\" data-is-only-node=\"\">\n","protected":false},"excerpt":{"rendered":"<h3 data-start=\"84\" data-end=\"112\">Eingelegte Gurke Durra &#8211; 720g<\/h3>\n<p data-start=\"113\" data-end=\"377\">Genie\u00dfen Sie den <strong data-start=\"151\" data-end=\"160\">authentischen Geschmack der eingelegten Gurken von Durra<\/strong>, hergestellt aus feinsten frischen und sorgf\u00e4ltig ausgew\u00e4hlten Gurken, mit einer ausgewogenen Marinade, die salzigen Geschmack mit k\u00f6stlicher S\u00e4ure verbindet.<\/p>\n","protected":false},"featured_media":110592,"comment_status":"open","ping_status":"closed","template":"","meta":[],"product_brand":[],"product_cat":[257,245],"product_tag":[428],"class_list":{"0":"post-4280","1":"product","2":"type-product","3":"status-publish","4":"has-post-thumbnail","6":"product_cat-eingelegtes-gemuse","7":"product_cat-konserven-lebensmittel","8":"product_tag-tabellenverknupfung","10":"first","11":"instock","12":"taxable","13":"shipping-taxable","14":"purchasable","15":"product-type-simple"},"yoast_head":"<!-- This site is optimized with the Yoast SEO Premium plugin v26.5 (Yoast SEO v27.3) - https:\/\/yoast.com\/product\/yoast-seo-premium-wordpress\/ -->\n<title>Gurken dora -720g - Yasmin Food<\/title>\n<meta name=\"description\" content=\"Genie\u00dfen Sie den einzigartigen Geschmack der Durra-720g Gurkengurken mit ihrem ausgewogenen Geschmack, der S\u00e4ure und Salzigkeit verbindet. Machen Sie Ihre Mahlzeiten noch spezieller! Gurken dora -720g\" \/>\n<meta name=\"robots\" content=\"index, follow, max-snippet:-1, max-image-preview:large, max-video-preview:-1\" \/>\n<link rel=\"canonical\" href=\"https:\/\/yasminfood.ch\/de\/product\/pickle-cucumber-durra-720g\/\" \/>\n<meta property=\"og:locale\" content=\"de_DE\" \/>\n<meta property=\"og:type\" content=\"article\" \/>\n<meta property=\"og:title\" content=\"Gurken dora -720g\" \/>\n<meta property=\"og:description\" content=\"Eingelegte Gurke Durra - 720g Genie\u00dfen Sie den authentischen Geschmack der eingelegten Gurken von Durra, hergestellt aus feinsten frischen und sorgf\u00e4ltig ausgew\u00e4hlten Gurken, mit einer ausgewogenen Marinade, die salzigen Geschmack mit k\u00f6stlicher S\u00e4ure verbindet.\" \/>\n<meta property=\"og:url\" content=\"https:\/\/yasminfood.ch\/de\/product\/pickle-cucumber-durra-720g\/\" \/>\n<meta property=\"og:site_name\" content=\"Yasmin Food\" \/>\n<meta property=\"article:publisher\" content=\"https:\/\/www.facebook.com\/yasminmarkt1\" \/>\n<meta property=\"article:modified_time\" content=\"2025-10-03T23:22:53+00:00\" \/>\n<meta property=\"og:image\" content=\"https:\/\/yasminfood.ch\/wp-content\/uploads\/2020\/10\/\u0645\u062e\u0644\u0644-\u062e\u064a\u0627\u0631-\u0627\u0644\u062f\u0631\u0629-720\u063a.png\" \/>\n\t<meta property=\"og:image:width\" content=\"1080\" \/>\n\t<meta property=\"og:image:height\" content=\"1080\" \/>\n\t<meta property=\"og:image:type\" content=\"image\/png\" \/>\n<meta name=\"twitter:card\" content=\"summary_large_image\" \/>\n<meta name=\"twitter:label1\" content=\"Preis\" \/>\n\t<meta name=\"twitter:data1\" content=\"5.50&nbsp;&#067;&#072;&#070;\" \/>\n\t<meta name=\"twitter:label2\" content=\"Verf\u00fcgbarkeit\" \/>\n\t<meta name=\"twitter:data2\" content=\"Auf Lager\" \/>\n<script type=\"application\/ld+json\" class=\"yoast-schema-graph\">{\"@context\":\"https:\\\/\\\/schema.org\",\"@graph\":[{\"@type\":\"WebPage\",\"@id\":\"https:\\\/\\\/yasminfood.ch\\\/de\\\/product\\\/pickle-cucumber-durra-720g\\\/\",\"url\":\"https:\\\/\\\/yasminfood.ch\\\/de\\\/product\\\/pickle-cucumber-durra-720g\\\/\",\"name\":\"Gurken dora -720g - Yasmin Food\",\"isPartOf\":{\"@id\":\"https:\\\/\\\/yasminfood.ch\\\/de\\\/#website\"},\"primaryImageOfPage\":{\"@id\":\"https:\\\/\\\/yasminfood.ch\\\/de\\\/product\\\/pickle-cucumber-durra-720g\\\/#primaryimage\"},\"image\":{\"@id\":\"https:\\\/\\\/yasminfood.ch\\\/de\\\/product\\\/pickle-cucumber-durra-720g\\\/#primaryimage\"},\"thumbnailUrl\":\"https:\\\/\\\/yasminfood.ch\\\/wp-content\\\/uploads\\\/2020\\\/10\\\/\u0645\u062e\u0644\u0644-\u062e\u064a\u0627\u0631-\u0627\u0644\u062f\u0631\u0629-720\u063a.png\",\"datePublished\":\"2020-10-03T15:41:32+00:00\",\"dateModified\":\"2025-10-03T23:22:53+00:00\",\"description\":\"Genie\u00dfen Sie den einzigartigen Geschmack der Durra-720g Gurkengurken mit ihrem ausgewogenen Geschmack, der S\u00e4ure und Salzigkeit verbindet. Machen Sie Ihre Mahlzeiten noch spezieller! Gurken dora -720g\",\"breadcrumb\":{\"@id\":\"https:\\\/\\\/yasminfood.ch\\\/de\\\/product\\\/pickle-cucumber-durra-720g\\\/#breadcrumb\"},\"inLanguage\":\"de\",\"potentialAction\":[{\"@type\":\"ReadAction\",\"target\":[\"https:\\\/\\\/yasminfood.ch\\\/de\\\/product\\\/pickle-cucumber-durra-720g\\\/\"]}]},{\"@type\":\"ImageObject\",\"inLanguage\":\"de\",\"@id\":\"https:\\\/\\\/yasminfood.ch\\\/de\\\/product\\\/pickle-cucumber-durra-720g\\\/#primaryimage\",\"url\":\"https:\\\/\\\/yasminfood.ch\\\/wp-content\\\/uploads\\\/2020\\\/10\\\/\u0645\u062e\u0644\u0644-\u062e\u064a\u0627\u0631-\u0627\u0644\u062f\u0631\u0629-720\u063a.png\",\"contentUrl\":\"https:\\\/\\\/yasminfood.ch\\\/wp-content\\\/uploads\\\/2020\\\/10\\\/\u0645\u062e\u0644\u0644-\u062e\u064a\u0627\u0631-\u0627\u0644\u062f\u0631\u0629-720\u063a.png\",\"width\":1080,\"height\":1080,\"caption\":\"Gurken dora -720g\"},{\"@type\":\"BreadcrumbList\",\"@id\":\"https:\\\/\\\/yasminfood.ch\\\/de\\\/product\\\/pickle-cucumber-durra-720g\\\/#breadcrumb\",\"itemListElement\":[{\"@type\":\"ListItem\",\"position\":1,\"name\":\"\u0627\u0644\u0631\u0626\u064a\u0633\u064a\u0629\",\"item\":\"https:\\\/\\\/yasminfood.ch\\\/de\\\/zuhause\\\/\"},{\"@type\":\"ListItem\",\"position\":2,\"name\":\"Shop\",\"item\":\"https:\\\/\\\/yasminfood.ch\\\/de\\\/shop\\\/\"},{\"@type\":\"ListItem\",\"position\":3,\"name\":\"Konserven - Lebensmittel\",\"item\":\"https:\\\/\\\/yasminfood.ch\\\/de\\\/produkt-kategorie\\\/konserven-lebensmittel\\\/\"},{\"@type\":\"ListItem\",\"position\":4,\"name\":\"Eingelegtes Gem\u00fcse\",\"item\":\"https:\\\/\\\/yasminfood.ch\\\/de\\\/produkt-kategorie\\\/konserven-lebensmittel\\\/eingelegtes-gemuse\\\/\"},{\"@type\":\"ListItem\",\"position\":5,\"name\":\"Gurken dora -720g\"}]},{\"@type\":\"WebSite\",\"@id\":\"https:\\\/\\\/yasminfood.ch\\\/de\\\/#website\",\"url\":\"https:\\\/\\\/yasminfood.ch\\\/de\\\/\",\"name\":\"\u064a\u0627\u0633\u0645\u064a\u0646 \u0645\u0627\u0631\u0643\u062a\",\"description\":\"Alles, was Sie brauchen, an einem Ort\",\"publisher\":{\"@id\":\"https:\\\/\\\/yasminfood.ch\\\/de\\\/#organization\"},\"alternateName\":\"Yasmin Food\",\"potentialAction\":[{\"@type\":\"SearchAction\",\"target\":{\"@type\":\"EntryPoint\",\"urlTemplate\":\"https:\\\/\\\/yasminfood.ch\\\/de\\\/?s={search_term_string}\"},\"query-input\":{\"@type\":\"PropertyValueSpecification\",\"valueRequired\":true,\"valueName\":\"search_term_string\"}}],\"inLanguage\":\"de\"},{\"@type\":\"Organization\",\"@id\":\"https:\\\/\\\/yasminfood.ch\\\/de\\\/#organization\",\"name\":\"\u064a\u0627\u0633\u0645\u064a\u0646 \u0645\u0627\u0631\u0643\u062a\",\"alternateName\":\"Yasmin Food\",\"url\":\"https:\\\/\\\/yasminfood.ch\\\/de\\\/\",\"logo\":{\"@type\":\"ImageObject\",\"inLanguage\":\"de\",\"@id\":\"https:\\\/\\\/yasminfood.ch\\\/de\\\/#\\\/schema\\\/logo\\\/image\\\/\",\"url\":\"https:\\\/\\\/yasminfood.ch\\\/wp-content\\\/uploads\\\/2025\\\/05\\\/yasmin-food-header-logo.png\",\"contentUrl\":\"https:\\\/\\\/yasminfood.ch\\\/wp-content\\\/uploads\\\/2025\\\/05\\\/yasmin-food-header-logo.png\",\"width\":330,\"height\":120,\"caption\":\"\u064a\u0627\u0633\u0645\u064a\u0646 \u0645\u0627\u0631\u0643\u062a\"},\"image\":{\"@id\":\"https:\\\/\\\/yasminfood.ch\\\/de\\\/#\\\/schema\\\/logo\\\/image\\\/\"},\"sameAs\":[\"https:\\\/\\\/www.facebook.com\\\/yasminmarkt1\",\"https:\\\/\\\/www.tiktok.com\\\/@yasminmarkt\",\"https:\\\/\\\/www.instagram.com\\\/yasmin.markt1\\\/\",\"https:\\\/\\\/api.whatsapp.com\\\/send\\\/?phone=41799000104\"],\"publishingPrinciples\":\"https:\\\/\\\/yasminfood.ch\\\/de\\\/shop\\\/\",\"ownershipFundingInfo\":\"https:\\\/\\\/yasminfood.ch\\\/de\\\/shop\\\/\"}]}<\/script>\n<meta property=\"product:price:amount\" content=\"5.50\" \/>\n<meta property=\"product:price:currency\" content=\"CHF\" \/>\n<meta property=\"og:availability\" content=\"instock\" \/>\n<meta property=\"product:availability\" content=\"instock\" \/>\n<meta property=\"product:condition\" content=\"new\" \/>\n<!-- \/ Yoast SEO Premium plugin. -->","yoast_head_json":{"title":"Gurken dora -720g - Yasmin Food","description":"Genie\u00dfen Sie den einzigartigen Geschmack der Durra-720g Gurkengurken mit ihrem ausgewogenen Geschmack, der S\u00e4ure und Salzigkeit verbindet. Machen Sie Ihre Mahlzeiten noch spezieller! Gurken dora -720g","robots":{"index":"index","follow":"follow","max-snippet":"max-snippet:-1","max-image-preview":"max-image-preview:large","max-video-preview":"max-video-preview:-1"},"canonical":"https:\/\/yasminfood.ch\/de\/product\/pickle-cucumber-durra-720g\/","og_locale":"de_DE","og_type":"article","og_title":"Gurken dora -720g","og_description":"Eingelegte Gurke Durra - 720g Genie\u00dfen Sie den authentischen Geschmack der eingelegten Gurken von Durra, hergestellt aus feinsten frischen und sorgf\u00e4ltig ausgew\u00e4hlten Gurken, mit einer ausgewogenen Marinade, die salzigen Geschmack mit k\u00f6stlicher S\u00e4ure verbindet.","og_url":"https:\/\/yasminfood.ch\/de\/product\/pickle-cucumber-durra-720g\/","og_site_name":"Yasmin Food","article_publisher":"https:\/\/www.facebook.com\/yasminmarkt1","article_modified_time":"2025-10-03T23:22:53+00:00","og_image":[{"width":1080,"height":1080,"url":"https:\/\/yasminfood.ch\/wp-content\/uploads\/2020\/10\/\u0645\u062e\u0644\u0644-\u062e\u064a\u0627\u0631-\u0627\u0644\u062f\u0631\u0629-720\u063a.png","type":"image\/png"}],"twitter_card":"summary_large_image","twitter_misc":{"Preis":"5.50&nbsp;&#67;&#72;&#70;","Verf\u00fcgbarkeit":"Auf Lager"},"schema":{"@context":"https:\/\/schema.org","@graph":[{"@type":"WebPage","@id":"https:\/\/yasminfood.ch\/de\/product\/pickle-cucumber-durra-720g\/","url":"https:\/\/yasminfood.ch\/de\/product\/pickle-cucumber-durra-720g\/","name":"Gurken dora -720g - Yasmin Food","isPartOf":{"@id":"https:\/\/yasminfood.ch\/de\/#website"},"primaryImageOfPage":{"@id":"https:\/\/yasminfood.ch\/de\/product\/pickle-cucumber-durra-720g\/#primaryimage"},"image":{"@id":"https:\/\/yasminfood.ch\/de\/product\/pickle-cucumber-durra-720g\/#primaryimage"},"thumbnailUrl":"https:\/\/yasminfood.ch\/wp-content\/uploads\/2020\/10\/\u0645\u062e\u0644\u0644-\u062e\u064a\u0627\u0631-\u0627\u0644\u062f\u0631\u0629-720\u063a.png","datePublished":"2020-10-03T15:41:32+00:00","dateModified":"2025-10-03T23:22:53+00:00","description":"Genie\u00dfen Sie den einzigartigen Geschmack der Durra-720g Gurkengurken mit ihrem ausgewogenen Geschmack, der S\u00e4ure und Salzigkeit verbindet. Machen Sie Ihre Mahlzeiten noch spezieller! Gurken dora -720g","breadcrumb":{"@id":"https:\/\/yasminfood.ch\/de\/product\/pickle-cucumber-durra-720g\/#breadcrumb"},"inLanguage":"de","potentialAction":[{"@type":"ReadAction","target":["https:\/\/yasminfood.ch\/de\/product\/pickle-cucumber-durra-720g\/"]}]},{"@type":"ImageObject","inLanguage":"de","@id":"https:\/\/yasminfood.ch\/de\/product\/pickle-cucumber-durra-720g\/#primaryimage","url":"https:\/\/yasminfood.ch\/wp-content\/uploads\/2020\/10\/\u0645\u062e\u0644\u0644-\u062e\u064a\u0627\u0631-\u0627\u0644\u062f\u0631\u0629-720\u063a.png","contentUrl":"https:\/\/yasminfood.ch\/wp-content\/uploads\/2020\/10\/\u0645\u062e\u0644\u0644-\u062e\u064a\u0627\u0631-\u0627\u0644\u062f\u0631\u0629-720\u063a.png","width":1080,"height":1080,"caption":"Gurken dora -720g"},{"@type":"BreadcrumbList","@id":"https:\/\/yasminfood.ch\/de\/product\/pickle-cucumber-durra-720g\/#breadcrumb","itemListElement":[{"@type":"ListItem","position":1,"name":"\u0627\u0644\u0631\u0626\u064a\u0633\u064a\u0629","item":"https:\/\/yasminfood.ch\/de\/zuhause\/"},{"@type":"ListItem","position":2,"name":"Shop","item":"https:\/\/yasminfood.ch\/de\/shop\/"},{"@type":"ListItem","position":3,"name":"Konserven - Lebensmittel","item":"https:\/\/yasminfood.ch\/de\/produkt-kategorie\/konserven-lebensmittel\/"},{"@type":"ListItem","position":4,"name":"Eingelegtes Gem\u00fcse","item":"https:\/\/yasminfood.ch\/de\/produkt-kategorie\/konserven-lebensmittel\/eingelegtes-gemuse\/"},{"@type":"ListItem","position":5,"name":"Gurken dora -720g"}]},{"@type":"WebSite","@id":"https:\/\/yasminfood.ch\/de\/#website","url":"https:\/\/yasminfood.ch\/de\/","name":"\u064a\u0627\u0633\u0645\u064a\u0646 \u0645\u0627\u0631\u0643\u062a","description":"Alles, was Sie brauchen, an einem Ort","publisher":{"@id":"https:\/\/yasminfood.ch\/de\/#organization"},"alternateName":"Yasmin Food","potentialAction":[{"@type":"SearchAction","target":{"@type":"EntryPoint","urlTemplate":"https:\/\/yasminfood.ch\/de\/?s={search_term_string}"},"query-input":{"@type":"PropertyValueSpecification","valueRequired":true,"valueName":"search_term_string"}}],"inLanguage":"de"},{"@type":"Organization","@id":"https:\/\/yasminfood.ch\/de\/#organization","name":"\u064a\u0627\u0633\u0645\u064a\u0646 \u0645\u0627\u0631\u0643\u062a","alternateName":"Yasmin Food","url":"https:\/\/yasminfood.ch\/de\/","logo":{"@type":"ImageObject","inLanguage":"de","@id":"https:\/\/yasminfood.ch\/de\/#\/schema\/logo\/image\/","url":"https:\/\/yasminfood.ch\/wp-content\/uploads\/2025\/05\/yasmin-food-header-logo.png","contentUrl":"https:\/\/yasminfood.ch\/wp-content\/uploads\/2025\/05\/yasmin-food-header-logo.png","width":330,"height":120,"caption":"\u064a\u0627\u0633\u0645\u064a\u0646 \u0645\u0627\u0631\u0643\u062a"},"image":{"@id":"https:\/\/yasminfood.ch\/de\/#\/schema\/logo\/image\/"},"sameAs":["https:\/\/www.facebook.com\/yasminmarkt1","https:\/\/www.tiktok.com\/@yasminmarkt","https:\/\/www.instagram.com\/yasmin.markt1\/","https:\/\/api.whatsapp.com\/send\/?phone=41799000104"],"publishingPrinciples":"https:\/\/yasminfood.ch\/de\/shop\/","ownershipFundingInfo":"https:\/\/yasminfood.ch\/de\/shop\/"}]},"product_price_amount":"5.50","product_price_currency":"CHF","og_availability":"instock","product_availability":"instock","product_condition":"new"},"jetpack_sharing_enabled":true,"_links":{"self":[{"href":"https:\/\/yasminfood.ch\/de\/wp-json\/wp\/v2\/product\/4280","targetHints":{"allow":["GET"]}}],"collection":[{"href":"https:\/\/yasminfood.ch\/de\/wp-json\/wp\/v2\/product"}],"about":[{"href":"https:\/\/yasminfood.ch\/de\/wp-json\/wp\/v2\/types\/product"}],"replies":[{"embeddable":true,"href":"https:\/\/yasminfood.ch\/de\/wp-json\/wp\/v2\/comments?post=4280"}],"version-history":[{"count":2,"href":"https:\/\/yasminfood.ch\/de\/wp-json\/wp\/v2\/product\/4280\/revisions"}],"predecessor-version":[{"id":119899,"href":"https:\/\/yasminfood.ch\/de\/wp-json\/wp\/v2\/product\/4280\/revisions\/119899"}],"wp:featuredmedia":[{"embeddable":true,"href":"https:\/\/yasminfood.ch\/de\/wp-json\/wp\/v2\/media\/110592"}],"wp:attachment":[{"href":"https:\/\/yasminfood.ch\/de\/wp-json\/wp\/v2\/media?parent=4280"}],"wp:term":[{"taxonomy":"product_brand","embeddable":true,"href":"https:\/\/yasminfood.ch\/de\/wp-json\/wp\/v2\/product_brand?post=4280"},{"taxonomy":"product_cat","embeddable":true,"href":"https:\/\/yasminfood.ch\/de\/wp-json\/wp\/v2\/product_cat?post=4280"},{"taxonomy":"product_tag","embeddable":true,"href":"https:\/\/yasminfood.ch\/de\/wp-json\/wp\/v2\/product_tag?post=4280"}],"curies":[{"name":"wp","href":"https:\/\/api.w.org\/{rel}","templated":true}]}}