{"id":4449,"date":"2020-10-05T18:28:20","date_gmt":"2020-10-05T16:28:20","guid":{"rendered":"https:\/\/yasminfood.ch\/product\/city-cafe-3b1-24-umstaende\/"},"modified":"2025-10-07T00:42:02","modified_gmt":"2025-10-06T22:42:02","slug":"3b1-24-umschlag","status":"publish","type":"product","link":"https:\/\/yasminfood.ch\/de\/product\/3b1-24-umschlag\/","title":{"rendered":"Nescafe Mahmoud 3B1 -24 Beutel"},"content":{"rendered":"<article class=\"text-token-text-primary w-full focus:outline-none scroll-mt-[calc(var(--header-height)+min(200px,max(70px,20svh)))]\" dir=\"auto\" tabindex=\"-1\" data-turn-id=\"request-WEB:9d6fd385-8bdf-42af-8b6a-aabe262a1c71-32\" data-testid=\"conversation-turn-56\" data-scroll-anchor=\"true\" data-turn=\"assistant\">\n<div class=\"text-base my-auto mx-auto pb-10 [--thread-content-margin:--spacing(4)] thread-sm:[--thread-content-margin:--spacing(6)] thread-lg:[--thread-content-margin:--spacing(16)] px-(--thread-content-margin)\">\n<div class=\"[--thread-content-max-width:40rem] thread-lg:[--thread-content-max-width:48rem] mx-auto max-w-(--thread-content-max-width) flex-1 group\/turn-messages focus-visible:outline-hidden relative flex w-full min-w-0 flex-col agent-turn\" tabindex=\"-1\">\n<div class=\"flex max-w-full flex-col grow\">\n<div class=\"min-h-8 text-message relative flex w-full flex-col items-end gap-2 text-start break-words whitespace-normal [.text-message+&amp;]:mt-5\" dir=\"auto\" data-message-author-role=\"assistant\" data-message-id=\"47198a40-f8d5-44d0-918b-9fdc2b644155\" data-message-model-slug=\"gpt-5\">\n<div class=\"flex w-full flex-col gap-1 empty:hidden first:pt-[1px]\">\n<div class=\"markdown prose dark:prose-invert w-full break-words light markdown-new-styling\">\n<p data-start=\"0\" data-end=\"31\"><strong>Nescafe Mahmoud 3 in 1 \u2013 24 Schrauben<\/strong><\/p>\n<ul>\n<li data-start=\"33\" data-end=\"180\">Nescaf\u00e9 Mahmoud 3-in-1 bietet Ihnen eine ausgewogene Mischung aus Kaffee, Zucker und Sahne in einem Umschlag, der sofort zubereitet werden kann. Genie\u00dfen Sie den reichhaltigen Geschmack von Kaffee schnell und einfach zu jeder Zeit. <\/li>\n<li data-start=\"33\" data-end=\"180\">Alles, was Sie tun m\u00fcssen, ist, hei\u00dfes Wasser hinzuzuf\u00fcgen, um eine cremige und k\u00f6stliche Tasse Kaffee zu erhalten, die zu Ihrer Arbeit oder Ihren Pausen passt.<\/li>\n<\/ul>\n<p data-start=\"288\" data-end=\"398\" data-is-last-node=\"\" data-is-only-node=\"\">\u2705 Instantkaffee mit reichhaltigem Geschmack<br data-start=\"317\" data-end=\"320\">\u2705 Enth\u00e4lt Kaffee, Zucker und Sahne<br data-start=\"354\" data-end=\"357\">\u2705 Packung mit 24 praktischen Taschen f\u00fcr den t\u00e4glichen Gebrauch<\/p>\n<\/div>\n<\/div>\n<\/div>\n<\/div>\n<div class=\"z-0 flex min-h-[46px] justify-start\"><\/div>\n<\/div>\n<\/div>\n<\/article>\n<div class=\"pointer-events-none h-px w-px\" aria-hidden=\"true\" data-edge=\"true\"><\/div>\n","protected":false},"excerpt":{"rendered":"<p data-start=\"0\" data-end=\"31\"><strong>Nescafe Mahmoud 3 in 1 \u2013 24 Schrauben<\/strong><\/p>\n<ul>\n<li data-start=\"33\" data-end=\"180\">Nescaf\u00e9 Mahmoud 3-in-1 bietet Ihnen eine ausgewogene Mischung aus Kaffee, Zucker und Sahne in einem Umschlag, der sofort zubereitet werden kann. Genie\u00dfen Sie den reichhaltigen Geschmack von Kaffee schnell und einfach zu jeder Zeit. <\/li>\n<\/ul>\n","protected":false},"featured_media":109730,"comment_status":"open","ping_status":"closed","template":"","meta":[],"product_brand":[],"product_cat":[368,385],"product_tag":[546],"class_list":{"0":"post-4449","1":"product","2":"type-product","3":"status-publish","4":"has-post-thumbnail","6":"product_cat-arabischer-kaffee","7":"product_cat-puddingpulver","8":"product_tag-umschlaggewicht-18-g","10":"first","11":"instock","12":"taxable","13":"shipping-taxable","14":"purchasable","15":"product-type-simple"},"yoast_head":"<!-- This site is optimized with the Yoast SEO Premium plugin v26.5 (Yoast SEO v27.3) - https:\/\/yoast.com\/product\/yoast-seo-premium-wordpress\/ -->\n<title>Nescafe Mahmoud 3B1 -24 Beutel - Yasmin Food<\/title>\n<meta name=\"description\" content=\"Genie\u00dfen Sie einen besonderen Kaffeegeschmack mit Nescaf\u00e9 Mahmoud 3 in 1 - 24 Beuteln, f\u00fcgen Sie einfach hei\u00dfes Wasser hinzu. Versch\u00f6nern Sie Ihre Momente mit einer leckeren Tasse Kaffee! Nescafe Mahmoud 3B1 -24 Beutel\" \/>\n<meta name=\"robots\" content=\"index, follow, max-snippet:-1, max-image-preview:large, max-video-preview:-1\" \/>\n<link rel=\"canonical\" href=\"https:\/\/yasminfood.ch\/de\/product\/3b1-24-umschlag\/\" \/>\n<meta property=\"og:locale\" content=\"de_DE\" \/>\n<meta property=\"og:type\" content=\"article\" \/>\n<meta property=\"og:title\" content=\"Nescafe Mahmoud 3B1 -24 Beutel\" \/>\n<meta property=\"og:description\" content=\"Nescafe Mahmoud 3 in 1 \u2013 24 Schrauben   Nescaf\u00e9 Mahmoud 3-in-1 bietet Ihnen eine ausgewogene Mischung aus Kaffee, Zucker und Sahne in einem Umschlag, der sofort zubereitet werden kann. Genie\u00dfen Sie den reichhaltigen Geschmack von Kaffee schnell und einfach zu jeder Zeit.\" \/>\n<meta property=\"og:url\" content=\"https:\/\/yasminfood.ch\/de\/product\/3b1-24-umschlag\/\" \/>\n<meta property=\"og:site_name\" content=\"Yasmin Food\" \/>\n<meta property=\"article:publisher\" content=\"https:\/\/www.facebook.com\/yasminmarkt1\" \/>\n<meta property=\"article:modified_time\" content=\"2025-10-06T22:42:02+00:00\" \/>\n<meta property=\"og:image\" content=\"https:\/\/yasminfood.ch\/wp-content\/uploads\/2020\/10\/\u0642\u0647\u0648\u0629-3-\u06281-\u0645\u062d\u0645\u0648\u062f.png\" \/>\n\t<meta property=\"og:image:width\" content=\"1080\" \/>\n\t<meta property=\"og:image:height\" content=\"1080\" \/>\n\t<meta property=\"og:image:type\" content=\"image\/png\" \/>\n<meta name=\"twitter:card\" content=\"summary_large_image\" \/>\n<meta name=\"twitter:label1\" content=\"Preis\" \/>\n\t<meta name=\"twitter:data1\" content=\"8.50&nbsp;&#067;&#072;&#070;\" \/>\n\t<meta name=\"twitter:label2\" content=\"Verf\u00fcgbarkeit\" \/>\n\t<meta name=\"twitter:data2\" content=\"Auf Lager\" \/>\n<script type=\"application\/ld+json\" class=\"yoast-schema-graph\">{\"@context\":\"https:\\\/\\\/schema.org\",\"@graph\":[{\"@type\":\"WebPage\",\"@id\":\"https:\\\/\\\/yasminfood.ch\\\/de\\\/product\\\/3b1-24-umschlag\\\/\",\"url\":\"https:\\\/\\\/yasminfood.ch\\\/de\\\/product\\\/3b1-24-umschlag\\\/\",\"name\":\"Nescafe Mahmoud 3B1 -24 Beutel - Yasmin Food\",\"isPartOf\":{\"@id\":\"https:\\\/\\\/yasminfood.ch\\\/de\\\/#website\"},\"primaryImageOfPage\":{\"@id\":\"https:\\\/\\\/yasminfood.ch\\\/de\\\/product\\\/3b1-24-umschlag\\\/#primaryimage\"},\"image\":{\"@id\":\"https:\\\/\\\/yasminfood.ch\\\/de\\\/product\\\/3b1-24-umschlag\\\/#primaryimage\"},\"thumbnailUrl\":\"https:\\\/\\\/yasminfood.ch\\\/wp-content\\\/uploads\\\/2020\\\/10\\\/\u0642\u0647\u0648\u0629-3-\u06281-\u0645\u062d\u0645\u0648\u062f.png\",\"datePublished\":\"2020-10-05T16:28:20+00:00\",\"dateModified\":\"2025-10-06T22:42:02+00:00\",\"description\":\"Genie\u00dfen Sie einen besonderen Kaffeegeschmack mit Nescaf\u00e9 Mahmoud 3 in 1 - 24 Beuteln, f\u00fcgen Sie einfach hei\u00dfes Wasser hinzu. Versch\u00f6nern Sie Ihre Momente mit einer leckeren Tasse Kaffee! Nescafe Mahmoud 3B1 -24 Beutel\",\"breadcrumb\":{\"@id\":\"https:\\\/\\\/yasminfood.ch\\\/de\\\/product\\\/3b1-24-umschlag\\\/#breadcrumb\"},\"inLanguage\":\"de\",\"potentialAction\":[{\"@type\":\"ReadAction\",\"target\":[\"https:\\\/\\\/yasminfood.ch\\\/de\\\/product\\\/3b1-24-umschlag\\\/\"]}]},{\"@type\":\"ImageObject\",\"inLanguage\":\"de\",\"@id\":\"https:\\\/\\\/yasminfood.ch\\\/de\\\/product\\\/3b1-24-umschlag\\\/#primaryimage\",\"url\":\"https:\\\/\\\/yasminfood.ch\\\/wp-content\\\/uploads\\\/2020\\\/10\\\/\u0642\u0647\u0648\u0629-3-\u06281-\u0645\u062d\u0645\u0648\u062f.png\",\"contentUrl\":\"https:\\\/\\\/yasminfood.ch\\\/wp-content\\\/uploads\\\/2020\\\/10\\\/\u0642\u0647\u0648\u0629-3-\u06281-\u0645\u062d\u0645\u0648\u062f.png\",\"width\":1080,\"height\":1080,\"caption\":\"Nescafe Mahmoud 3B1 -24 Beutel\"},{\"@type\":\"BreadcrumbList\",\"@id\":\"https:\\\/\\\/yasminfood.ch\\\/de\\\/product\\\/3b1-24-umschlag\\\/#breadcrumb\",\"itemListElement\":[{\"@type\":\"ListItem\",\"position\":1,\"name\":\"\u0627\u0644\u0631\u0626\u064a\u0633\u064a\u0629\",\"item\":\"https:\\\/\\\/yasminfood.ch\\\/de\\\/zuhause\\\/\"},{\"@type\":\"ListItem\",\"position\":2,\"name\":\"Shop\",\"item\":\"https:\\\/\\\/yasminfood.ch\\\/de\\\/shop\\\/\"},{\"@type\":\"ListItem\",\"position\":3,\"name\":\"Getr\u00e4nke &amp; Fl\u00fcssigkeiten\",\"item\":\"https:\\\/\\\/yasminfood.ch\\\/de\\\/produkt-kategorie\\\/getraenke-fluessigkeiten\\\/\"},{\"@type\":\"ListItem\",\"position\":4,\"name\":\"Arabischer Kaffee\",\"item\":\"https:\\\/\\\/yasminfood.ch\\\/de\\\/produkt-kategorie\\\/getraenke-fluessigkeiten\\\/arabischer-kaffee\\\/\"},{\"@type\":\"ListItem\",\"position\":5,\"name\":\"Nescafe Mahmoud 3B1 -24 Beutel\"}]},{\"@type\":\"WebSite\",\"@id\":\"https:\\\/\\\/yasminfood.ch\\\/de\\\/#website\",\"url\":\"https:\\\/\\\/yasminfood.ch\\\/de\\\/\",\"name\":\"\u064a\u0627\u0633\u0645\u064a\u0646 \u0645\u0627\u0631\u0643\u062a\",\"description\":\"Alles, was Sie brauchen, an einem Ort\",\"publisher\":{\"@id\":\"https:\\\/\\\/yasminfood.ch\\\/de\\\/#organization\"},\"alternateName\":\"Yasmin Food\",\"potentialAction\":[{\"@type\":\"SearchAction\",\"target\":{\"@type\":\"EntryPoint\",\"urlTemplate\":\"https:\\\/\\\/yasminfood.ch\\\/de\\\/?s={search_term_string}\"},\"query-input\":{\"@type\":\"PropertyValueSpecification\",\"valueRequired\":true,\"valueName\":\"search_term_string\"}}],\"inLanguage\":\"de\"},{\"@type\":\"Organization\",\"@id\":\"https:\\\/\\\/yasminfood.ch\\\/de\\\/#organization\",\"name\":\"\u064a\u0627\u0633\u0645\u064a\u0646 \u0645\u0627\u0631\u0643\u062a\",\"alternateName\":\"Yasmin Food\",\"url\":\"https:\\\/\\\/yasminfood.ch\\\/de\\\/\",\"logo\":{\"@type\":\"ImageObject\",\"inLanguage\":\"de\",\"@id\":\"https:\\\/\\\/yasminfood.ch\\\/de\\\/#\\\/schema\\\/logo\\\/image\\\/\",\"url\":\"https:\\\/\\\/yasminfood.ch\\\/wp-content\\\/uploads\\\/2025\\\/05\\\/yasmin-food-header-logo.png\",\"contentUrl\":\"https:\\\/\\\/yasminfood.ch\\\/wp-content\\\/uploads\\\/2025\\\/05\\\/yasmin-food-header-logo.png\",\"width\":330,\"height\":120,\"caption\":\"\u064a\u0627\u0633\u0645\u064a\u0646 \u0645\u0627\u0631\u0643\u062a\"},\"image\":{\"@id\":\"https:\\\/\\\/yasminfood.ch\\\/de\\\/#\\\/schema\\\/logo\\\/image\\\/\"},\"sameAs\":[\"https:\\\/\\\/www.facebook.com\\\/yasminmarkt1\",\"https:\\\/\\\/www.tiktok.com\\\/@yasminmarkt\",\"https:\\\/\\\/www.instagram.com\\\/yasmin.markt1\\\/\",\"https:\\\/\\\/api.whatsapp.com\\\/send\\\/?phone=41799000104\"],\"publishingPrinciples\":\"https:\\\/\\\/yasminfood.ch\\\/de\\\/shop\\\/\",\"ownershipFundingInfo\":\"https:\\\/\\\/yasminfood.ch\\\/de\\\/shop\\\/\"}]}<\/script>\n<meta property=\"product:price:amount\" content=\"8.50\" \/>\n<meta property=\"product:price:currency\" content=\"CHF\" \/>\n<meta property=\"og:availability\" content=\"instock\" \/>\n<meta property=\"product:availability\" content=\"instock\" \/>\n<meta property=\"product:condition\" content=\"new\" \/>\n<!-- \/ Yoast SEO Premium plugin. -->","yoast_head_json":{"title":"Nescafe Mahmoud 3B1 -24 Beutel - Yasmin Food","description":"Genie\u00dfen Sie einen besonderen Kaffeegeschmack mit Nescaf\u00e9 Mahmoud 3 in 1 - 24 Beuteln, f\u00fcgen Sie einfach hei\u00dfes Wasser hinzu. Versch\u00f6nern Sie Ihre Momente mit einer leckeren Tasse Kaffee! Nescafe Mahmoud 3B1 -24 Beutel","robots":{"index":"index","follow":"follow","max-snippet":"max-snippet:-1","max-image-preview":"max-image-preview:large","max-video-preview":"max-video-preview:-1"},"canonical":"https:\/\/yasminfood.ch\/de\/product\/3b1-24-umschlag\/","og_locale":"de_DE","og_type":"article","og_title":"Nescafe Mahmoud 3B1 -24 Beutel","og_description":"Nescafe Mahmoud 3 in 1 \u2013 24 Schrauben   Nescaf\u00e9 Mahmoud 3-in-1 bietet Ihnen eine ausgewogene Mischung aus Kaffee, Zucker und Sahne in einem Umschlag, der sofort zubereitet werden kann. Genie\u00dfen Sie den reichhaltigen Geschmack von Kaffee schnell und einfach zu jeder Zeit.","og_url":"https:\/\/yasminfood.ch\/de\/product\/3b1-24-umschlag\/","og_site_name":"Yasmin Food","article_publisher":"https:\/\/www.facebook.com\/yasminmarkt1","article_modified_time":"2025-10-06T22:42:02+00:00","og_image":[{"width":1080,"height":1080,"url":"https:\/\/yasminfood.ch\/wp-content\/uploads\/2020\/10\/\u0642\u0647\u0648\u0629-3-\u06281-\u0645\u062d\u0645\u0648\u062f.png","type":"image\/png"}],"twitter_card":"summary_large_image","twitter_misc":{"Preis":"8.50&nbsp;&#67;&#72;&#70;","Verf\u00fcgbarkeit":"Auf Lager"},"schema":{"@context":"https:\/\/schema.org","@graph":[{"@type":"WebPage","@id":"https:\/\/yasminfood.ch\/de\/product\/3b1-24-umschlag\/","url":"https:\/\/yasminfood.ch\/de\/product\/3b1-24-umschlag\/","name":"Nescafe Mahmoud 3B1 -24 Beutel - Yasmin Food","isPartOf":{"@id":"https:\/\/yasminfood.ch\/de\/#website"},"primaryImageOfPage":{"@id":"https:\/\/yasminfood.ch\/de\/product\/3b1-24-umschlag\/#primaryimage"},"image":{"@id":"https:\/\/yasminfood.ch\/de\/product\/3b1-24-umschlag\/#primaryimage"},"thumbnailUrl":"https:\/\/yasminfood.ch\/wp-content\/uploads\/2020\/10\/\u0642\u0647\u0648\u0629-3-\u06281-\u0645\u062d\u0645\u0648\u062f.png","datePublished":"2020-10-05T16:28:20+00:00","dateModified":"2025-10-06T22:42:02+00:00","description":"Genie\u00dfen Sie einen besonderen Kaffeegeschmack mit Nescaf\u00e9 Mahmoud 3 in 1 - 24 Beuteln, f\u00fcgen Sie einfach hei\u00dfes Wasser hinzu. Versch\u00f6nern Sie Ihre Momente mit einer leckeren Tasse Kaffee! Nescafe Mahmoud 3B1 -24 Beutel","breadcrumb":{"@id":"https:\/\/yasminfood.ch\/de\/product\/3b1-24-umschlag\/#breadcrumb"},"inLanguage":"de","potentialAction":[{"@type":"ReadAction","target":["https:\/\/yasminfood.ch\/de\/product\/3b1-24-umschlag\/"]}]},{"@type":"ImageObject","inLanguage":"de","@id":"https:\/\/yasminfood.ch\/de\/product\/3b1-24-umschlag\/#primaryimage","url":"https:\/\/yasminfood.ch\/wp-content\/uploads\/2020\/10\/\u0642\u0647\u0648\u0629-3-\u06281-\u0645\u062d\u0645\u0648\u062f.png","contentUrl":"https:\/\/yasminfood.ch\/wp-content\/uploads\/2020\/10\/\u0642\u0647\u0648\u0629-3-\u06281-\u0645\u062d\u0645\u0648\u062f.png","width":1080,"height":1080,"caption":"Nescafe Mahmoud 3B1 -24 Beutel"},{"@type":"BreadcrumbList","@id":"https:\/\/yasminfood.ch\/de\/product\/3b1-24-umschlag\/#breadcrumb","itemListElement":[{"@type":"ListItem","position":1,"name":"\u0627\u0644\u0631\u0626\u064a\u0633\u064a\u0629","item":"https:\/\/yasminfood.ch\/de\/zuhause\/"},{"@type":"ListItem","position":2,"name":"Shop","item":"https:\/\/yasminfood.ch\/de\/shop\/"},{"@type":"ListItem","position":3,"name":"Getr\u00e4nke &amp; Fl\u00fcssigkeiten","item":"https:\/\/yasminfood.ch\/de\/produkt-kategorie\/getraenke-fluessigkeiten\/"},{"@type":"ListItem","position":4,"name":"Arabischer Kaffee","item":"https:\/\/yasminfood.ch\/de\/produkt-kategorie\/getraenke-fluessigkeiten\/arabischer-kaffee\/"},{"@type":"ListItem","position":5,"name":"Nescafe Mahmoud 3B1 -24 Beutel"}]},{"@type":"WebSite","@id":"https:\/\/yasminfood.ch\/de\/#website","url":"https:\/\/yasminfood.ch\/de\/","name":"\u064a\u0627\u0633\u0645\u064a\u0646 \u0645\u0627\u0631\u0643\u062a","description":"Alles, was Sie brauchen, an einem Ort","publisher":{"@id":"https:\/\/yasminfood.ch\/de\/#organization"},"alternateName":"Yasmin Food","potentialAction":[{"@type":"SearchAction","target":{"@type":"EntryPoint","urlTemplate":"https:\/\/yasminfood.ch\/de\/?s={search_term_string}"},"query-input":{"@type":"PropertyValueSpecification","valueRequired":true,"valueName":"search_term_string"}}],"inLanguage":"de"},{"@type":"Organization","@id":"https:\/\/yasminfood.ch\/de\/#organization","name":"\u064a\u0627\u0633\u0645\u064a\u0646 \u0645\u0627\u0631\u0643\u062a","alternateName":"Yasmin Food","url":"https:\/\/yasminfood.ch\/de\/","logo":{"@type":"ImageObject","inLanguage":"de","@id":"https:\/\/yasminfood.ch\/de\/#\/schema\/logo\/image\/","url":"https:\/\/yasminfood.ch\/wp-content\/uploads\/2025\/05\/yasmin-food-header-logo.png","contentUrl":"https:\/\/yasminfood.ch\/wp-content\/uploads\/2025\/05\/yasmin-food-header-logo.png","width":330,"height":120,"caption":"\u064a\u0627\u0633\u0645\u064a\u0646 \u0645\u0627\u0631\u0643\u062a"},"image":{"@id":"https:\/\/yasminfood.ch\/de\/#\/schema\/logo\/image\/"},"sameAs":["https:\/\/www.facebook.com\/yasminmarkt1","https:\/\/www.tiktok.com\/@yasminmarkt","https:\/\/www.instagram.com\/yasmin.markt1\/","https:\/\/api.whatsapp.com\/send\/?phone=41799000104"],"publishingPrinciples":"https:\/\/yasminfood.ch\/de\/shop\/","ownershipFundingInfo":"https:\/\/yasminfood.ch\/de\/shop\/"}]},"product_price_amount":"8.50","product_price_currency":"CHF","og_availability":"instock","product_availability":"instock","product_condition":"new"},"jetpack_sharing_enabled":true,"_links":{"self":[{"href":"https:\/\/yasminfood.ch\/de\/wp-json\/wp\/v2\/product\/4449","targetHints":{"allow":["GET"]}}],"collection":[{"href":"https:\/\/yasminfood.ch\/de\/wp-json\/wp\/v2\/product"}],"about":[{"href":"https:\/\/yasminfood.ch\/de\/wp-json\/wp\/v2\/types\/product"}],"replies":[{"embeddable":true,"href":"https:\/\/yasminfood.ch\/de\/wp-json\/wp\/v2\/comments?post=4449"}],"version-history":[{"count":1,"href":"https:\/\/yasminfood.ch\/de\/wp-json\/wp\/v2\/product\/4449\/revisions"}],"predecessor-version":[{"id":119995,"href":"https:\/\/yasminfood.ch\/de\/wp-json\/wp\/v2\/product\/4449\/revisions\/119995"}],"wp:featuredmedia":[{"embeddable":true,"href":"https:\/\/yasminfood.ch\/de\/wp-json\/wp\/v2\/media\/109730"}],"wp:attachment":[{"href":"https:\/\/yasminfood.ch\/de\/wp-json\/wp\/v2\/media?parent=4449"}],"wp:term":[{"taxonomy":"product_brand","embeddable":true,"href":"https:\/\/yasminfood.ch\/de\/wp-json\/wp\/v2\/product_brand?post=4449"},{"taxonomy":"product_cat","embeddable":true,"href":"https:\/\/yasminfood.ch\/de\/wp-json\/wp\/v2\/product_cat?post=4449"},{"taxonomy":"product_tag","embeddable":true,"href":"https:\/\/yasminfood.ch\/de\/wp-json\/wp\/v2\/product_tag?post=4449"}],"curies":[{"name":"wp","href":"https:\/\/api.w.org\/{rel}","templated":true}]}}