{"id":4491,"date":"2020-10-03T18:32:22","date_gmt":"2020-10-03T16:32:22","guid":{"rendered":"https:\/\/yasminfood.ch\/product\/gruene-oliven-salqini-dora-1500g\/"},"modified":"2025-05-17T22:20:18","modified_gmt":"2025-05-17T20:20:18","slug":"olivgrun-salqini-durra-1500g","status":"publish","type":"product","link":"https:\/\/yasminfood.ch\/de\/product\/olivgrun-salqini-durra-1500g\/","title":{"rendered":"Gr\u00fcne Oliven (Salqini) Durra -1400g"},"content":{"rendered":"<p>Gr\u00fcne Oliven (Salkini) Durra -1400g Diese Olive der Dorra Company zeichnet sich durch ihre \u00f6lig-gr\u00fcne Farbe, ihre glatte Textur und ihren k\u00f6stlichen wunderbaren Geschmack aus und ist neben schwarzen Oliven eines der wichtigsten k\u00f6stlichen Fr\u00fchst\u00fccksgerichte und kann zu einigen Salaten, Pasteten und Pizza hinzugef\u00fcgt werden und kann auch mit gesundem Oliven\u00f6l gegessen werden, und die Olive zeichnet sich durch ihre vielen Vorteile aus, sie ist reich an Kalzium und Magnesium, und es ist erw\u00e4hnenswert, dass der Ursprung des Olivenbaums auf die Region des Mittelmeerraums zur\u00fcckgeht, und er ist einer der mehrj\u00e4hrigen B\u00e4ume, die 10.000 Jahre alt werden k\u00f6nnen, und liefert Yasmine Food Company Die besten Sorten gr\u00fcner Oliven      <\/p>\n","protected":false},"excerpt":{"rendered":"<p>Gr\u00fcne Oliven (Salkini) Durra -1400g Diese Olive der Dorra Company zeichnet sich durch ihre \u00f6lig-gr\u00fcne Farbe, ihre glatte Textur und<\/p>\n","protected":false},"featured_media":110880,"comment_status":"open","ping_status":"closed","template":"","meta":[],"product_brand":[2316],"product_cat":[245,253],"product_tag":[524],"class_list":{"0":"post-4491","1":"product","2":"type-product","3":"status-publish","4":"has-post-thumbnail","6":"product_brand-durra-de","7":"product_cat-konserven-lebensmittel","8":"product_cat-oliven","9":"product_tag-naturlicher-geschmack-und-hohe-qualitat","11":"first","12":"outofstock","13":"taxable","14":"shipping-taxable","15":"purchasable","16":"product-type-simple"},"yoast_head":"<!-- This site is optimized with the Yoast SEO Premium plugin v26.5 (Yoast SEO v27.4) - https:\/\/yoast.com\/product\/yoast-seo-premium-wordpress\/ -->\n<title>Gr\u00fcne Oliven (Salqini) Durra -1400g - Yasmin Food<\/title>\n<meta name=\"description\" content=\"Gr\u00fcne Oliven (Salkini) Durra -1400g Diese Olive der Firma Dorra zeichnet sich durch ihre \u00f6lig-gr\u00fcne Farbe, die glatte Textur und den wunderbaren Geschmack aus und ist eines der leckersten Fr\u00fchst\u00fccksgerichte\" \/>\n<meta name=\"robots\" content=\"index, follow, max-snippet:-1, max-image-preview:large, max-video-preview:-1\" \/>\n<link rel=\"canonical\" href=\"https:\/\/yasminfood.ch\/de\/product\/olivgrun-salqini-durra-1500g\/\" \/>\n<meta property=\"og:locale\" content=\"de_DE\" \/>\n<meta property=\"og:type\" content=\"article\" \/>\n<meta property=\"og:title\" content=\"Gr\u00fcne Oliven (Salqini) Durra -1400g\" \/>\n<meta property=\"og:description\" content=\"Gr\u00fcne Oliven (Salkini) Durra -1400g Diese Olive der Dorra Company zeichnet sich durch ihre \u00f6lig-gr\u00fcne Farbe, ihre glatte Textur und ihren k\u00f6stlichen\" \/>\n<meta property=\"og:url\" content=\"https:\/\/yasminfood.ch\/de\/product\/olivgrun-salqini-durra-1500g\/\" \/>\n<meta property=\"og:site_name\" content=\"Yasmin Food\" \/>\n<meta property=\"article:publisher\" content=\"https:\/\/www.facebook.com\/yasminmarkt1\" \/>\n<meta property=\"article:modified_time\" content=\"2025-05-17T20:20:18+00:00\" \/>\n<meta property=\"og:image\" content=\"https:\/\/yasminfood.ch\/wp-content\/uploads\/2020\/10\/\u0632\u064a\u062a\u0648\u0646-\u0623\u062e\u0636\u0631-\u0633\u0644\u0642\u064a\u0646\u064a-\u0627\u0644\u062f\u0631\u0629-1400\u063a.png\" \/>\n\t<meta property=\"og:image:width\" content=\"1080\" \/>\n\t<meta property=\"og:image:height\" content=\"1080\" \/>\n\t<meta property=\"og:image:type\" content=\"image\/png\" \/>\n<meta name=\"twitter:card\" content=\"summary_large_image\" \/>\n<meta name=\"twitter:label1\" content=\"Preis\" \/>\n\t<meta name=\"twitter:data1\" content=\"8.95&nbsp;&#067;&#072;&#070;\" \/>\n\t<meta name=\"twitter:label2\" content=\"Verf\u00fcgbarkeit\" \/>\n\t<meta name=\"twitter:data2\" content=\"ausverkauft\" \/>\n<script type=\"application\/ld+json\" class=\"yoast-schema-graph\">{\"@context\":\"https:\\\/\\\/schema.org\",\"@graph\":[{\"@type\":\"WebPage\",\"@id\":\"https:\\\/\\\/yasminfood.ch\\\/de\\\/product\\\/olivgrun-salqini-durra-1500g\\\/\",\"url\":\"https:\\\/\\\/yasminfood.ch\\\/de\\\/product\\\/olivgrun-salqini-durra-1500g\\\/\",\"name\":\"Gr\u00fcne Oliven (Salqini) Durra -1400g - Yasmin Food\",\"isPartOf\":{\"@id\":\"https:\\\/\\\/yasminfood.ch\\\/de\\\/#website\"},\"primaryImageOfPage\":{\"@id\":\"https:\\\/\\\/yasminfood.ch\\\/de\\\/product\\\/olivgrun-salqini-durra-1500g\\\/#primaryimage\"},\"image\":{\"@id\":\"https:\\\/\\\/yasminfood.ch\\\/de\\\/product\\\/olivgrun-salqini-durra-1500g\\\/#primaryimage\"},\"thumbnailUrl\":\"https:\\\/\\\/yasminfood.ch\\\/wp-content\\\/uploads\\\/2020\\\/10\\\/\u0632\u064a\u062a\u0648\u0646-\u0623\u062e\u0636\u0631-\u0633\u0644\u0642\u064a\u0646\u064a-\u0627\u0644\u062f\u0631\u0629-1400\u063a.png\",\"datePublished\":\"2020-10-03T16:32:22+00:00\",\"dateModified\":\"2025-05-17T20:20:18+00:00\",\"description\":\"Gr\u00fcne Oliven (Salkini) Durra -1400g Diese Olive der Firma Dorra zeichnet sich durch ihre \u00f6lig-gr\u00fcne Farbe, die glatte Textur und den wunderbaren Geschmack aus und ist eines der leckersten Fr\u00fchst\u00fccksgerichte\",\"breadcrumb\":{\"@id\":\"https:\\\/\\\/yasminfood.ch\\\/de\\\/product\\\/olivgrun-salqini-durra-1500g\\\/#breadcrumb\"},\"inLanguage\":\"de\",\"potentialAction\":[{\"@type\":\"ReadAction\",\"target\":[\"https:\\\/\\\/yasminfood.ch\\\/de\\\/product\\\/olivgrun-salqini-durra-1500g\\\/\"]}]},{\"@type\":\"ImageObject\",\"inLanguage\":\"de\",\"@id\":\"https:\\\/\\\/yasminfood.ch\\\/de\\\/product\\\/olivgrun-salqini-durra-1500g\\\/#primaryimage\",\"url\":\"https:\\\/\\\/yasminfood.ch\\\/wp-content\\\/uploads\\\/2020\\\/10\\\/\u0632\u064a\u062a\u0648\u0646-\u0623\u062e\u0636\u0631-\u0633\u0644\u0642\u064a\u0646\u064a-\u0627\u0644\u062f\u0631\u0629-1400\u063a.png\",\"contentUrl\":\"https:\\\/\\\/yasminfood.ch\\\/wp-content\\\/uploads\\\/2020\\\/10\\\/\u0632\u064a\u062a\u0648\u0646-\u0623\u062e\u0636\u0631-\u0633\u0644\u0642\u064a\u0646\u064a-\u0627\u0644\u062f\u0631\u0629-1400\u063a.png\",\"width\":1080,\"height\":1080},{\"@type\":\"BreadcrumbList\",\"@id\":\"https:\\\/\\\/yasminfood.ch\\\/de\\\/product\\\/olivgrun-salqini-durra-1500g\\\/#breadcrumb\",\"itemListElement\":[{\"@type\":\"ListItem\",\"position\":1,\"name\":\"\u0627\u0644\u0631\u0626\u064a\u0633\u064a\u0629\",\"item\":\"https:\\\/\\\/yasminfood.ch\\\/de\\\/zuhause\\\/\"},{\"@type\":\"ListItem\",\"position\":2,\"name\":\"Shop\",\"item\":\"https:\\\/\\\/yasminfood.ch\\\/de\\\/shop\\\/\"},{\"@type\":\"ListItem\",\"position\":3,\"name\":\"Konserven - Lebensmittel\",\"item\":\"https:\\\/\\\/yasminfood.ch\\\/de\\\/produkt-kategorie\\\/konserven-lebensmittel\\\/\"},{\"@type\":\"ListItem\",\"position\":4,\"name\":\"Oliven\",\"item\":\"https:\\\/\\\/yasminfood.ch\\\/de\\\/produkt-kategorie\\\/konserven-lebensmittel\\\/oliven\\\/\"},{\"@type\":\"ListItem\",\"position\":5,\"name\":\"Gr\u00fcne Oliven (Salqini) Durra -1400g\"}]},{\"@type\":\"WebSite\",\"@id\":\"https:\\\/\\\/yasminfood.ch\\\/de\\\/#website\",\"url\":\"https:\\\/\\\/yasminfood.ch\\\/de\\\/\",\"name\":\"\u064a\u0627\u0633\u0645\u064a\u0646 \u0645\u0627\u0631\u0643\u062a\",\"description\":\"Alles, was Sie brauchen, an einem Ort\",\"publisher\":{\"@id\":\"https:\\\/\\\/yasminfood.ch\\\/de\\\/#organization\"},\"alternateName\":\"Yasmin Food\",\"potentialAction\":[{\"@type\":\"SearchAction\",\"target\":{\"@type\":\"EntryPoint\",\"urlTemplate\":\"https:\\\/\\\/yasminfood.ch\\\/de\\\/?s={search_term_string}\"},\"query-input\":{\"@type\":\"PropertyValueSpecification\",\"valueRequired\":true,\"valueName\":\"search_term_string\"}}],\"inLanguage\":\"de\"},{\"@type\":\"Organization\",\"@id\":\"https:\\\/\\\/yasminfood.ch\\\/de\\\/#organization\",\"name\":\"\u064a\u0627\u0633\u0645\u064a\u0646 \u0645\u0627\u0631\u0643\u062a\",\"alternateName\":\"Yasmin Food\",\"url\":\"https:\\\/\\\/yasminfood.ch\\\/de\\\/\",\"logo\":{\"@type\":\"ImageObject\",\"inLanguage\":\"de\",\"@id\":\"https:\\\/\\\/yasminfood.ch\\\/de\\\/#\\\/schema\\\/logo\\\/image\\\/\",\"url\":\"https:\\\/\\\/yasminfood.ch\\\/wp-content\\\/uploads\\\/2025\\\/05\\\/yasmin-food-header-logo.png\",\"contentUrl\":\"https:\\\/\\\/yasminfood.ch\\\/wp-content\\\/uploads\\\/2025\\\/05\\\/yasmin-food-header-logo.png\",\"width\":330,\"height\":120,\"caption\":\"\u064a\u0627\u0633\u0645\u064a\u0646 \u0645\u0627\u0631\u0643\u062a\"},\"image\":{\"@id\":\"https:\\\/\\\/yasminfood.ch\\\/de\\\/#\\\/schema\\\/logo\\\/image\\\/\"},\"sameAs\":[\"https:\\\/\\\/www.facebook.com\\\/yasminmarkt1\",\"https:\\\/\\\/www.tiktok.com\\\/@yasminmarkt\",\"https:\\\/\\\/www.instagram.com\\\/yasmin.markt1\\\/\",\"https:\\\/\\\/api.whatsapp.com\\\/send\\\/?phone=41799000104\"],\"publishingPrinciples\":\"https:\\\/\\\/yasminfood.ch\\\/de\\\/shop\\\/\",\"ownershipFundingInfo\":\"https:\\\/\\\/yasminfood.ch\\\/de\\\/shop\\\/\"}]}<\/script>\n<meta property=\"product:price:amount\" content=\"8.95\" \/>\n<meta property=\"product:price:currency\" content=\"CHF\" \/>\n<meta property=\"og:availability\" content=\"out of stock\" \/>\n<meta property=\"product:availability\" content=\"out of stock\" \/>\n<meta property=\"product:condition\" content=\"new\" \/>\n<!-- \/ Yoast SEO Premium plugin. -->","yoast_head_json":{"title":"Gr\u00fcne Oliven (Salqini) Durra -1400g - Yasmin Food","description":"Gr\u00fcne Oliven (Salkini) Durra -1400g Diese Olive der Firma Dorra zeichnet sich durch ihre \u00f6lig-gr\u00fcne Farbe, die glatte Textur und den wunderbaren Geschmack aus und ist eines der leckersten Fr\u00fchst\u00fccksgerichte","robots":{"index":"index","follow":"follow","max-snippet":"max-snippet:-1","max-image-preview":"max-image-preview:large","max-video-preview":"max-video-preview:-1"},"canonical":"https:\/\/yasminfood.ch\/de\/product\/olivgrun-salqini-durra-1500g\/","og_locale":"de_DE","og_type":"article","og_title":"Gr\u00fcne Oliven (Salqini) Durra -1400g","og_description":"Gr\u00fcne Oliven (Salkini) Durra -1400g Diese Olive der Dorra Company zeichnet sich durch ihre \u00f6lig-gr\u00fcne Farbe, ihre glatte Textur und ihren k\u00f6stlichen","og_url":"https:\/\/yasminfood.ch\/de\/product\/olivgrun-salqini-durra-1500g\/","og_site_name":"Yasmin Food","article_publisher":"https:\/\/www.facebook.com\/yasminmarkt1","article_modified_time":"2025-05-17T20:20:18+00:00","og_image":[{"width":1080,"height":1080,"url":"https:\/\/yasminfood.ch\/wp-content\/uploads\/2020\/10\/\u0632\u064a\u062a\u0648\u0646-\u0623\u062e\u0636\u0631-\u0633\u0644\u0642\u064a\u0646\u064a-\u0627\u0644\u062f\u0631\u0629-1400\u063a.png","type":"image\/png"}],"twitter_card":"summary_large_image","twitter_misc":{"Preis":"8.95&nbsp;&#67;&#72;&#70;","Verf\u00fcgbarkeit":"ausverkauft"},"schema":{"@context":"https:\/\/schema.org","@graph":[{"@type":"WebPage","@id":"https:\/\/yasminfood.ch\/de\/product\/olivgrun-salqini-durra-1500g\/","url":"https:\/\/yasminfood.ch\/de\/product\/olivgrun-salqini-durra-1500g\/","name":"Gr\u00fcne Oliven (Salqini) Durra -1400g - Yasmin Food","isPartOf":{"@id":"https:\/\/yasminfood.ch\/de\/#website"},"primaryImageOfPage":{"@id":"https:\/\/yasminfood.ch\/de\/product\/olivgrun-salqini-durra-1500g\/#primaryimage"},"image":{"@id":"https:\/\/yasminfood.ch\/de\/product\/olivgrun-salqini-durra-1500g\/#primaryimage"},"thumbnailUrl":"https:\/\/yasminfood.ch\/wp-content\/uploads\/2020\/10\/\u0632\u064a\u062a\u0648\u0646-\u0623\u062e\u0636\u0631-\u0633\u0644\u0642\u064a\u0646\u064a-\u0627\u0644\u062f\u0631\u0629-1400\u063a.png","datePublished":"2020-10-03T16:32:22+00:00","dateModified":"2025-05-17T20:20:18+00:00","description":"Gr\u00fcne Oliven (Salkini) Durra -1400g Diese Olive der Firma Dorra zeichnet sich durch ihre \u00f6lig-gr\u00fcne Farbe, die glatte Textur und den wunderbaren Geschmack aus und ist eines der leckersten Fr\u00fchst\u00fccksgerichte","breadcrumb":{"@id":"https:\/\/yasminfood.ch\/de\/product\/olivgrun-salqini-durra-1500g\/#breadcrumb"},"inLanguage":"de","potentialAction":[{"@type":"ReadAction","target":["https:\/\/yasminfood.ch\/de\/product\/olivgrun-salqini-durra-1500g\/"]}]},{"@type":"ImageObject","inLanguage":"de","@id":"https:\/\/yasminfood.ch\/de\/product\/olivgrun-salqini-durra-1500g\/#primaryimage","url":"https:\/\/yasminfood.ch\/wp-content\/uploads\/2020\/10\/\u0632\u064a\u062a\u0648\u0646-\u0623\u062e\u0636\u0631-\u0633\u0644\u0642\u064a\u0646\u064a-\u0627\u0644\u062f\u0631\u0629-1400\u063a.png","contentUrl":"https:\/\/yasminfood.ch\/wp-content\/uploads\/2020\/10\/\u0632\u064a\u062a\u0648\u0646-\u0623\u062e\u0636\u0631-\u0633\u0644\u0642\u064a\u0646\u064a-\u0627\u0644\u062f\u0631\u0629-1400\u063a.png","width":1080,"height":1080},{"@type":"BreadcrumbList","@id":"https:\/\/yasminfood.ch\/de\/product\/olivgrun-salqini-durra-1500g\/#breadcrumb","itemListElement":[{"@type":"ListItem","position":1,"name":"\u0627\u0644\u0631\u0626\u064a\u0633\u064a\u0629","item":"https:\/\/yasminfood.ch\/de\/zuhause\/"},{"@type":"ListItem","position":2,"name":"Shop","item":"https:\/\/yasminfood.ch\/de\/shop\/"},{"@type":"ListItem","position":3,"name":"Konserven - Lebensmittel","item":"https:\/\/yasminfood.ch\/de\/produkt-kategorie\/konserven-lebensmittel\/"},{"@type":"ListItem","position":4,"name":"Oliven","item":"https:\/\/yasminfood.ch\/de\/produkt-kategorie\/konserven-lebensmittel\/oliven\/"},{"@type":"ListItem","position":5,"name":"Gr\u00fcne Oliven (Salqini) Durra -1400g"}]},{"@type":"WebSite","@id":"https:\/\/yasminfood.ch\/de\/#website","url":"https:\/\/yasminfood.ch\/de\/","name":"\u064a\u0627\u0633\u0645\u064a\u0646 \u0645\u0627\u0631\u0643\u062a","description":"Alles, was Sie brauchen, an einem Ort","publisher":{"@id":"https:\/\/yasminfood.ch\/de\/#organization"},"alternateName":"Yasmin Food","potentialAction":[{"@type":"SearchAction","target":{"@type":"EntryPoint","urlTemplate":"https:\/\/yasminfood.ch\/de\/?s={search_term_string}"},"query-input":{"@type":"PropertyValueSpecification","valueRequired":true,"valueName":"search_term_string"}}],"inLanguage":"de"},{"@type":"Organization","@id":"https:\/\/yasminfood.ch\/de\/#organization","name":"\u064a\u0627\u0633\u0645\u064a\u0646 \u0645\u0627\u0631\u0643\u062a","alternateName":"Yasmin Food","url":"https:\/\/yasminfood.ch\/de\/","logo":{"@type":"ImageObject","inLanguage":"de","@id":"https:\/\/yasminfood.ch\/de\/#\/schema\/logo\/image\/","url":"https:\/\/yasminfood.ch\/wp-content\/uploads\/2025\/05\/yasmin-food-header-logo.png","contentUrl":"https:\/\/yasminfood.ch\/wp-content\/uploads\/2025\/05\/yasmin-food-header-logo.png","width":330,"height":120,"caption":"\u064a\u0627\u0633\u0645\u064a\u0646 \u0645\u0627\u0631\u0643\u062a"},"image":{"@id":"https:\/\/yasminfood.ch\/de\/#\/schema\/logo\/image\/"},"sameAs":["https:\/\/www.facebook.com\/yasminmarkt1","https:\/\/www.tiktok.com\/@yasminmarkt","https:\/\/www.instagram.com\/yasmin.markt1\/","https:\/\/api.whatsapp.com\/send\/?phone=41799000104"],"publishingPrinciples":"https:\/\/yasminfood.ch\/de\/shop\/","ownershipFundingInfo":"https:\/\/yasminfood.ch\/de\/shop\/"}]},"product_price_amount":"8.95","product_price_currency":"CHF","og_availability":"out of stock","product_availability":"out of stock","product_condition":"new"},"jetpack_sharing_enabled":true,"_links":{"self":[{"href":"https:\/\/yasminfood.ch\/de\/wp-json\/wp\/v2\/product\/4491","targetHints":{"allow":["GET"]}}],"collection":[{"href":"https:\/\/yasminfood.ch\/de\/wp-json\/wp\/v2\/product"}],"about":[{"href":"https:\/\/yasminfood.ch\/de\/wp-json\/wp\/v2\/types\/product"}],"replies":[{"embeddable":true,"href":"https:\/\/yasminfood.ch\/de\/wp-json\/wp\/v2\/comments?post=4491"}],"version-history":[{"count":1,"href":"https:\/\/yasminfood.ch\/de\/wp-json\/wp\/v2\/product\/4491\/revisions"}],"predecessor-version":[{"id":110885,"href":"https:\/\/yasminfood.ch\/de\/wp-json\/wp\/v2\/product\/4491\/revisions\/110885"}],"wp:featuredmedia":[{"embeddable":true,"href":"https:\/\/yasminfood.ch\/de\/wp-json\/wp\/v2\/media\/110880"}],"wp:attachment":[{"href":"https:\/\/yasminfood.ch\/de\/wp-json\/wp\/v2\/media?parent=4491"}],"wp:term":[{"taxonomy":"product_brand","embeddable":true,"href":"https:\/\/yasminfood.ch\/de\/wp-json\/wp\/v2\/product_brand?post=4491"},{"taxonomy":"product_cat","embeddable":true,"href":"https:\/\/yasminfood.ch\/de\/wp-json\/wp\/v2\/product_cat?post=4491"},{"taxonomy":"product_tag","embeddable":true,"href":"https:\/\/yasminfood.ch\/de\/wp-json\/wp\/v2\/product_tag?post=4491"}],"curies":[{"name":"wp","href":"https:\/\/api.w.org\/{rel}","templated":true}]}}