{"id":4590,"date":"2020-10-03T19:02:08","date_gmt":"2020-10-03T17:02:08","guid":{"rendered":"https:\/\/yasminfood.ch\/product\/bok-kaese-500g\/"},"modified":"2025-10-04T01:22:32","modified_gmt":"2025-10-03T23:22:32","slug":"kase-bok-500g","status":"publish","type":"product","link":"https:\/\/yasminfood.ch\/de\/product\/kase-bok-500g\/","title":{"rendered":"Bok K\u00e4se -500g"},"content":{"rendered":"<p data-start=\"189\" data-end=\"408\">Genie\u00dfen Sie den Geschmack des cremigen und reichhaltigen <strong data-start=\"202\" data-end=\"221\">Pak-K\u00e4ses &#8211; 500 g<\/strong> , der aus feinster Milch hergestellt wird, um Ihnen einen k\u00f6stlichen Geschmack und eine glatte Textur zu verleihen. <strong data-start=\"310\" data-end=\"322\">Pak-K\u00e4se<\/strong> ist die perfekte Wahl zum Fr\u00fchst\u00fcck und Abendessen und verleiht Sandwiches, Geb\u00e4ck und Salaten einen unverwechselbaren Geschmack.    <\/p>\n<p data-start=\"410\" data-end=\"426\"><strong data-start=\"410\" data-end=\"424\">Leistungsbeschreibung:<\/strong><\/p>\n<ul data-start=\"427\" data-end=\"530\">\n<li data-start=\"427\" data-end=\"466\">\n<p data-start=\"429\" data-end=\"466\">Nettogewicht: 500 g <strong data-start=\"452\" data-end=\"464\">Pak-K\u00e4se<\/strong> <\/p>\n<\/li>\n<li data-start=\"467\" data-end=\"490\">\n<p data-start=\"469\" data-end=\"490\">Cremige Textur und reichhaltiger Geschmack<\/p>\n<\/li>\n<li data-start=\"491\" data-end=\"530\">\n<p data-start=\"493\" data-end=\"530\">Geeignet f\u00fcr den t\u00e4glichen Gebrauch am Tisch<\/p>\n<\/li>\n<\/ul>\n<p data-start=\"532\" data-end=\"547\"><strong data-start=\"532\" data-end=\"545\">Funktionen:<\/strong><\/p>\n<ul data-start=\"548\" data-end=\"669\">\n<li data-start=\"548\" data-end=\"591\">\n<p data-start=\"550\" data-end=\"591\"><strong data-start=\"550\" data-end=\"569\">Bockk\u00e4se &#8211; 500g<\/strong> Einfach zu streichen und zuzubereiten<\/p>\n<\/li>\n<li data-start=\"592\" data-end=\"628\">\n<p data-start=\"594\" data-end=\"628\">Ein k\u00f6stlicher Geschmack f\u00fcr die ganze Familie<\/p>\n<\/li>\n<li data-start=\"629\" data-end=\"669\">\n<p data-start=\"631\" data-end=\"669\">Vielseitig einsetzbar in Ihren t\u00e4glichen Rezepten<\/p>\n<\/li>\n<\/ul>\n<p data-start=\"671\" data-end=\"753\">Machen Sie jede Mahlzeit noch schmackhafter mit <strong data-start=\"691\" data-end=\"710\">Bok-K\u00e4se &#8211; 500 g<\/strong> , der Ihnen die Qualit\u00e4t und den Geschmack bietet, den Sie suchen.<\/p>\n","protected":false},"excerpt":{"rendered":"<p data-start=\"77\" data-end=\"98\">Genie\u00dfen Sie den Geschmack von <strong data-start=\"202\" data-end=\"221\">Pak-K\u00e4se &#8211; 500g<\/strong> cremig und reichhaltig,<\/p>\n<p data-start=\"77\" data-end=\"98\">Hergestellt aus feinster Milch, um Ihnen einen k\u00f6stlichen Geschmack und eine glatte Textur zu verleihen.<\/p>\n","protected":false},"featured_media":110323,"comment_status":"open","ping_status":"closed","template":"","meta":[],"product_brand":[],"product_cat":[295],"product_tag":[1259,552],"class_list":{"0":"post-4590","1":"product","2":"type-product","3":"status-publish","4":"has-post-thumbnail","6":"product_cat-milchprodukte-und-eier","7":"product_tag-bok-cheese-der-perfekte-tischbegleiter","8":"product_tag-fat-sedtiting-de","10":"first","11":"instock","12":"taxable","13":"shipping-taxable","14":"purchasable","15":"product-type-simple"},"yoast_head":"<!-- This site is optimized with the Yoast SEO Premium plugin v26.5 (Yoast SEO v27.3) - https:\/\/yoast.com\/product\/yoast-seo-premium-wordpress\/ -->\n<title>Bok K\u00e4se -500g - Yasmin Food<\/title>\n<meta name=\"description\" content=\"Genie\u00dfen Sie den cremigen Geschmack von Pak K\u00e4se 500g zu jeder Mahlzeit! Die perfekte Wahl f\u00fcr Sandwiches und Geb\u00e4ck, probieren Sie es jetzt aus! Yasmin Food Bok K\u00e4se -500g\" \/>\n<meta name=\"robots\" content=\"index, follow, max-snippet:-1, max-image-preview:large, max-video-preview:-1\" \/>\n<link rel=\"canonical\" href=\"https:\/\/yasminfood.ch\/de\/product\/kase-bok-500g\/\" \/>\n<meta property=\"og:locale\" content=\"de_DE\" \/>\n<meta property=\"og:type\" content=\"article\" \/>\n<meta property=\"og:title\" content=\"Bok K\u00e4se -500g\" \/>\n<meta property=\"og:description\" content=\"Genie\u00dfen Sie den Geschmack von Pak-K\u00e4se - 500g cremig und reichhaltig, Hergestellt aus feinster Milch, um Ihnen einen k\u00f6stlichen Geschmack und eine glatte Textur zu verleihen.\" \/>\n<meta property=\"og:url\" content=\"https:\/\/yasminfood.ch\/de\/product\/kase-bok-500g\/\" \/>\n<meta property=\"og:site_name\" content=\"Yasmin Food\" \/>\n<meta property=\"article:publisher\" content=\"https:\/\/www.facebook.com\/yasminmarkt1\" \/>\n<meta property=\"article:modified_time\" content=\"2025-10-03T23:22:32+00:00\" \/>\n<meta property=\"og:image\" content=\"https:\/\/yasminfood.ch\/wp-content\/uploads\/2020\/10\/\u062c\u0628\u0646\u0629-\u0628\u0648\u0643-500\u063a.png\" \/>\n\t<meta property=\"og:image:width\" content=\"1080\" \/>\n\t<meta property=\"og:image:height\" content=\"1080\" \/>\n\t<meta property=\"og:image:type\" content=\"image\/png\" \/>\n<meta name=\"twitter:card\" content=\"summary_large_image\" \/>\n<meta name=\"twitter:label1\" content=\"Preis\" \/>\n\t<meta name=\"twitter:data1\" content=\"9.50&nbsp;&#067;&#072;&#070;\" \/>\n\t<meta name=\"twitter:label2\" content=\"Verf\u00fcgbarkeit\" \/>\n\t<meta name=\"twitter:data2\" content=\"Auf Lager\" \/>\n<script type=\"application\/ld+json\" class=\"yoast-schema-graph\">{\"@context\":\"https:\\\/\\\/schema.org\",\"@graph\":[{\"@type\":\"WebPage\",\"@id\":\"https:\\\/\\\/yasminfood.ch\\\/de\\\/product\\\/kase-bok-500g\\\/\",\"url\":\"https:\\\/\\\/yasminfood.ch\\\/de\\\/product\\\/kase-bok-500g\\\/\",\"name\":\"Bok K\u00e4se -500g - Yasmin Food\",\"isPartOf\":{\"@id\":\"https:\\\/\\\/yasminfood.ch\\\/de\\\/#website\"},\"primaryImageOfPage\":{\"@id\":\"https:\\\/\\\/yasminfood.ch\\\/de\\\/product\\\/kase-bok-500g\\\/#primaryimage\"},\"image\":{\"@id\":\"https:\\\/\\\/yasminfood.ch\\\/de\\\/product\\\/kase-bok-500g\\\/#primaryimage\"},\"thumbnailUrl\":\"https:\\\/\\\/yasminfood.ch\\\/wp-content\\\/uploads\\\/2020\\\/10\\\/\u062c\u0628\u0646\u0629-\u0628\u0648\u0643-500\u063a.png\",\"datePublished\":\"2020-10-03T17:02:08+00:00\",\"dateModified\":\"2025-10-03T23:22:32+00:00\",\"description\":\"Genie\u00dfen Sie den cremigen Geschmack von Pak K\u00e4se 500g zu jeder Mahlzeit! Die perfekte Wahl f\u00fcr Sandwiches und Geb\u00e4ck, probieren Sie es jetzt aus! Yasmin Food Bok K\u00e4se -500g\",\"breadcrumb\":{\"@id\":\"https:\\\/\\\/yasminfood.ch\\\/de\\\/product\\\/kase-bok-500g\\\/#breadcrumb\"},\"inLanguage\":\"de\",\"potentialAction\":[{\"@type\":\"ReadAction\",\"target\":[\"https:\\\/\\\/yasminfood.ch\\\/de\\\/product\\\/kase-bok-500g\\\/\"]}]},{\"@type\":\"ImageObject\",\"inLanguage\":\"de\",\"@id\":\"https:\\\/\\\/yasminfood.ch\\\/de\\\/product\\\/kase-bok-500g\\\/#primaryimage\",\"url\":\"https:\\\/\\\/yasminfood.ch\\\/wp-content\\\/uploads\\\/2020\\\/10\\\/\u062c\u0628\u0646\u0629-\u0628\u0648\u0643-500\u063a.png\",\"contentUrl\":\"https:\\\/\\\/yasminfood.ch\\\/wp-content\\\/uploads\\\/2020\\\/10\\\/\u062c\u0628\u0646\u0629-\u0628\u0648\u0643-500\u063a.png\",\"width\":1080,\"height\":1080,\"caption\":\"Bok K\u00e4se -500g\"},{\"@type\":\"BreadcrumbList\",\"@id\":\"https:\\\/\\\/yasminfood.ch\\\/de\\\/product\\\/kase-bok-500g\\\/#breadcrumb\",\"itemListElement\":[{\"@type\":\"ListItem\",\"position\":1,\"name\":\"\u0627\u0644\u0631\u0626\u064a\u0633\u064a\u0629\",\"item\":\"https:\\\/\\\/yasminfood.ch\\\/de\\\/zuhause\\\/\"},{\"@type\":\"ListItem\",\"position\":2,\"name\":\"Shop\",\"item\":\"https:\\\/\\\/yasminfood.ch\\\/de\\\/shop\\\/\"},{\"@type\":\"ListItem\",\"position\":3,\"name\":\"Milchprodukte und Eier\",\"item\":\"https:\\\/\\\/yasminfood.ch\\\/de\\\/produkt-kategorie\\\/milchprodukte-und-eier\\\/\"},{\"@type\":\"ListItem\",\"position\":4,\"name\":\"Bok K\u00e4se -500g\"}]},{\"@type\":\"WebSite\",\"@id\":\"https:\\\/\\\/yasminfood.ch\\\/de\\\/#website\",\"url\":\"https:\\\/\\\/yasminfood.ch\\\/de\\\/\",\"name\":\"\u064a\u0627\u0633\u0645\u064a\u0646 \u0645\u0627\u0631\u0643\u062a\",\"description\":\"Alles, was Sie brauchen, an einem Ort\",\"publisher\":{\"@id\":\"https:\\\/\\\/yasminfood.ch\\\/de\\\/#organization\"},\"alternateName\":\"Yasmin Food\",\"potentialAction\":[{\"@type\":\"SearchAction\",\"target\":{\"@type\":\"EntryPoint\",\"urlTemplate\":\"https:\\\/\\\/yasminfood.ch\\\/de\\\/?s={search_term_string}\"},\"query-input\":{\"@type\":\"PropertyValueSpecification\",\"valueRequired\":true,\"valueName\":\"search_term_string\"}}],\"inLanguage\":\"de\"},{\"@type\":\"Organization\",\"@id\":\"https:\\\/\\\/yasminfood.ch\\\/de\\\/#organization\",\"name\":\"\u064a\u0627\u0633\u0645\u064a\u0646 \u0645\u0627\u0631\u0643\u062a\",\"alternateName\":\"Yasmin Food\",\"url\":\"https:\\\/\\\/yasminfood.ch\\\/de\\\/\",\"logo\":{\"@type\":\"ImageObject\",\"inLanguage\":\"de\",\"@id\":\"https:\\\/\\\/yasminfood.ch\\\/de\\\/#\\\/schema\\\/logo\\\/image\\\/\",\"url\":\"https:\\\/\\\/yasminfood.ch\\\/wp-content\\\/uploads\\\/2025\\\/05\\\/yasmin-food-header-logo.png\",\"contentUrl\":\"https:\\\/\\\/yasminfood.ch\\\/wp-content\\\/uploads\\\/2025\\\/05\\\/yasmin-food-header-logo.png\",\"width\":330,\"height\":120,\"caption\":\"\u064a\u0627\u0633\u0645\u064a\u0646 \u0645\u0627\u0631\u0643\u062a\"},\"image\":{\"@id\":\"https:\\\/\\\/yasminfood.ch\\\/de\\\/#\\\/schema\\\/logo\\\/image\\\/\"},\"sameAs\":[\"https:\\\/\\\/www.facebook.com\\\/yasminmarkt1\",\"https:\\\/\\\/www.tiktok.com\\\/@yasminmarkt\",\"https:\\\/\\\/www.instagram.com\\\/yasmin.markt1\\\/\",\"https:\\\/\\\/api.whatsapp.com\\\/send\\\/?phone=41799000104\"],\"publishingPrinciples\":\"https:\\\/\\\/yasminfood.ch\\\/de\\\/shop\\\/\",\"ownershipFundingInfo\":\"https:\\\/\\\/yasminfood.ch\\\/de\\\/shop\\\/\"}]}<\/script>\n<meta property=\"product:price:amount\" content=\"9.50\" \/>\n<meta property=\"product:price:currency\" content=\"CHF\" \/>\n<meta property=\"og:availability\" content=\"instock\" \/>\n<meta property=\"product:availability\" content=\"instock\" \/>\n<meta property=\"product:condition\" content=\"new\" \/>\n<!-- \/ Yoast SEO Premium plugin. -->","yoast_head_json":{"title":"Bok K\u00e4se -500g - Yasmin Food","description":"Genie\u00dfen Sie den cremigen Geschmack von Pak K\u00e4se 500g zu jeder Mahlzeit! Die perfekte Wahl f\u00fcr Sandwiches und Geb\u00e4ck, probieren Sie es jetzt aus! Yasmin Food Bok K\u00e4se -500g","robots":{"index":"index","follow":"follow","max-snippet":"max-snippet:-1","max-image-preview":"max-image-preview:large","max-video-preview":"max-video-preview:-1"},"canonical":"https:\/\/yasminfood.ch\/de\/product\/kase-bok-500g\/","og_locale":"de_DE","og_type":"article","og_title":"Bok K\u00e4se -500g","og_description":"Genie\u00dfen Sie den Geschmack von Pak-K\u00e4se - 500g cremig und reichhaltig, Hergestellt aus feinster Milch, um Ihnen einen k\u00f6stlichen Geschmack und eine glatte Textur zu verleihen.","og_url":"https:\/\/yasminfood.ch\/de\/product\/kase-bok-500g\/","og_site_name":"Yasmin Food","article_publisher":"https:\/\/www.facebook.com\/yasminmarkt1","article_modified_time":"2025-10-03T23:22:32+00:00","og_image":[{"width":1080,"height":1080,"url":"https:\/\/yasminfood.ch\/wp-content\/uploads\/2020\/10\/\u062c\u0628\u0646\u0629-\u0628\u0648\u0643-500\u063a.png","type":"image\/png"}],"twitter_card":"summary_large_image","twitter_misc":{"Preis":"9.50&nbsp;&#67;&#72;&#70;","Verf\u00fcgbarkeit":"Auf Lager"},"schema":{"@context":"https:\/\/schema.org","@graph":[{"@type":"WebPage","@id":"https:\/\/yasminfood.ch\/de\/product\/kase-bok-500g\/","url":"https:\/\/yasminfood.ch\/de\/product\/kase-bok-500g\/","name":"Bok K\u00e4se -500g - Yasmin Food","isPartOf":{"@id":"https:\/\/yasminfood.ch\/de\/#website"},"primaryImageOfPage":{"@id":"https:\/\/yasminfood.ch\/de\/product\/kase-bok-500g\/#primaryimage"},"image":{"@id":"https:\/\/yasminfood.ch\/de\/product\/kase-bok-500g\/#primaryimage"},"thumbnailUrl":"https:\/\/yasminfood.ch\/wp-content\/uploads\/2020\/10\/\u062c\u0628\u0646\u0629-\u0628\u0648\u0643-500\u063a.png","datePublished":"2020-10-03T17:02:08+00:00","dateModified":"2025-10-03T23:22:32+00:00","description":"Genie\u00dfen Sie den cremigen Geschmack von Pak K\u00e4se 500g zu jeder Mahlzeit! Die perfekte Wahl f\u00fcr Sandwiches und Geb\u00e4ck, probieren Sie es jetzt aus! Yasmin Food Bok K\u00e4se -500g","breadcrumb":{"@id":"https:\/\/yasminfood.ch\/de\/product\/kase-bok-500g\/#breadcrumb"},"inLanguage":"de","potentialAction":[{"@type":"ReadAction","target":["https:\/\/yasminfood.ch\/de\/product\/kase-bok-500g\/"]}]},{"@type":"ImageObject","inLanguage":"de","@id":"https:\/\/yasminfood.ch\/de\/product\/kase-bok-500g\/#primaryimage","url":"https:\/\/yasminfood.ch\/wp-content\/uploads\/2020\/10\/\u062c\u0628\u0646\u0629-\u0628\u0648\u0643-500\u063a.png","contentUrl":"https:\/\/yasminfood.ch\/wp-content\/uploads\/2020\/10\/\u062c\u0628\u0646\u0629-\u0628\u0648\u0643-500\u063a.png","width":1080,"height":1080,"caption":"Bok K\u00e4se -500g"},{"@type":"BreadcrumbList","@id":"https:\/\/yasminfood.ch\/de\/product\/kase-bok-500g\/#breadcrumb","itemListElement":[{"@type":"ListItem","position":1,"name":"\u0627\u0644\u0631\u0626\u064a\u0633\u064a\u0629","item":"https:\/\/yasminfood.ch\/de\/zuhause\/"},{"@type":"ListItem","position":2,"name":"Shop","item":"https:\/\/yasminfood.ch\/de\/shop\/"},{"@type":"ListItem","position":3,"name":"Milchprodukte und Eier","item":"https:\/\/yasminfood.ch\/de\/produkt-kategorie\/milchprodukte-und-eier\/"},{"@type":"ListItem","position":4,"name":"Bok K\u00e4se -500g"}]},{"@type":"WebSite","@id":"https:\/\/yasminfood.ch\/de\/#website","url":"https:\/\/yasminfood.ch\/de\/","name":"\u064a\u0627\u0633\u0645\u064a\u0646 \u0645\u0627\u0631\u0643\u062a","description":"Alles, was Sie brauchen, an einem Ort","publisher":{"@id":"https:\/\/yasminfood.ch\/de\/#organization"},"alternateName":"Yasmin Food","potentialAction":[{"@type":"SearchAction","target":{"@type":"EntryPoint","urlTemplate":"https:\/\/yasminfood.ch\/de\/?s={search_term_string}"},"query-input":{"@type":"PropertyValueSpecification","valueRequired":true,"valueName":"search_term_string"}}],"inLanguage":"de"},{"@type":"Organization","@id":"https:\/\/yasminfood.ch\/de\/#organization","name":"\u064a\u0627\u0633\u0645\u064a\u0646 \u0645\u0627\u0631\u0643\u062a","alternateName":"Yasmin Food","url":"https:\/\/yasminfood.ch\/de\/","logo":{"@type":"ImageObject","inLanguage":"de","@id":"https:\/\/yasminfood.ch\/de\/#\/schema\/logo\/image\/","url":"https:\/\/yasminfood.ch\/wp-content\/uploads\/2025\/05\/yasmin-food-header-logo.png","contentUrl":"https:\/\/yasminfood.ch\/wp-content\/uploads\/2025\/05\/yasmin-food-header-logo.png","width":330,"height":120,"caption":"\u064a\u0627\u0633\u0645\u064a\u0646 \u0645\u0627\u0631\u0643\u062a"},"image":{"@id":"https:\/\/yasminfood.ch\/de\/#\/schema\/logo\/image\/"},"sameAs":["https:\/\/www.facebook.com\/yasminmarkt1","https:\/\/www.tiktok.com\/@yasminmarkt","https:\/\/www.instagram.com\/yasmin.markt1\/","https:\/\/api.whatsapp.com\/send\/?phone=41799000104"],"publishingPrinciples":"https:\/\/yasminfood.ch\/de\/shop\/","ownershipFundingInfo":"https:\/\/yasminfood.ch\/de\/shop\/"}]},"product_price_amount":"9.50","product_price_currency":"CHF","og_availability":"instock","product_availability":"instock","product_condition":"new"},"jetpack_sharing_enabled":true,"_links":{"self":[{"href":"https:\/\/yasminfood.ch\/de\/wp-json\/wp\/v2\/product\/4590","targetHints":{"allow":["GET"]}}],"collection":[{"href":"https:\/\/yasminfood.ch\/de\/wp-json\/wp\/v2\/product"}],"about":[{"href":"https:\/\/yasminfood.ch\/de\/wp-json\/wp\/v2\/types\/product"}],"replies":[{"embeddable":true,"href":"https:\/\/yasminfood.ch\/de\/wp-json\/wp\/v2\/comments?post=4590"}],"version-history":[{"count":2,"href":"https:\/\/yasminfood.ch\/de\/wp-json\/wp\/v2\/product\/4590\/revisions"}],"predecessor-version":[{"id":119884,"href":"https:\/\/yasminfood.ch\/de\/wp-json\/wp\/v2\/product\/4590\/revisions\/119884"}],"wp:featuredmedia":[{"embeddable":true,"href":"https:\/\/yasminfood.ch\/de\/wp-json\/wp\/v2\/media\/110323"}],"wp:attachment":[{"href":"https:\/\/yasminfood.ch\/de\/wp-json\/wp\/v2\/media?parent=4590"}],"wp:term":[{"taxonomy":"product_brand","embeddable":true,"href":"https:\/\/yasminfood.ch\/de\/wp-json\/wp\/v2\/product_brand?post=4590"},{"taxonomy":"product_cat","embeddable":true,"href":"https:\/\/yasminfood.ch\/de\/wp-json\/wp\/v2\/product_cat?post=4590"},{"taxonomy":"product_tag","embeddable":true,"href":"https:\/\/yasminfood.ch\/de\/wp-json\/wp\/v2\/product_tag?post=4590"}],"curies":[{"name":"wp","href":"https:\/\/api.w.org\/{rel}","templated":true}]}}