{"id":4610,"date":"2020-10-05T18:17:45","date_gmt":"2020-10-05T16:17:45","guid":{"rendered":"https:\/\/yasminfood.ch\/product\/arabischer-kaffee-liquid-hamwi-1-liter\/"},"modified":"2024-11-23T10:04:14","modified_gmt":"2024-11-23T09:04:14","slug":"kaffee-arab-liquid-hamwi-1-liter","status":"publish","type":"product","link":"https:\/\/yasminfood.ch\/de\/product\/kaffee-arab-liquid-hamwi-1-liter\/","title":{"rendered":"Arabischer Kaffee Liquid Hamwi &#8211; 1 Liter"},"content":{"rendered":"<div class=\"row\">\n<div class=\"col-12 product-content-wrapper order-lg-last\">\n<div class=\"product-more-details\">\n<div class=\"woocommerce-tabs wc-tabs-wrapper\">\n<div id=\"tab-description\" class=\"woocommerce-Tabs-panel woocommerce-Tabs-panel--description panel entry-content wc-tab\" role=\"tabpanel\" aria-labelledby=\"tab-title-description\">\n<p>Arabischer Kaffee ist eine der Grundlagen der Gro\u00dfz\u00fcgigkeit und Gastfreundschaft f\u00fcr Araber, Es ist ein geliebter Brauch und Tradition, wie es bei der Aufnahme von G\u00e4sten ge\u00f6ffnet wird, und ist ein unverzichtbares Symbol und Tradition, Vor allem morgens oder nach dem Mittagessen, arabischer Kaffee Haseeb zeichnet sich durch seinen k\u00f6stlichen Geruch, wo jeder genie\u00dft seinen Geruch zu Hause, die ein Duft mit den Traditionen der Feiertage und die Tage des heiligen Monats Ramadan verbunden ist, zus\u00e4tzlich zu tragen diesen arabischen Kaffee viele gesundheitliche Vorteile, sowie ihren k\u00f6stlichen Geschmack<\/p>\n<\/div>\n<\/div>\n<\/div>\n<\/div>\n<\/div>\n<div class=\"related-upsell-products\"><\/div>\n","protected":false},"excerpt":{"rendered":"<p>Arabischer Kaffee ist eine der Grundlagen der Gro\u00dfz\u00fcgigkeit und Gastfreundschaft f\u00fcr Araber, Es ist ein geliebter Brauch und Tradition, wie<\/p>\n","protected":false},"featured_media":109734,"comment_status":"open","ping_status":"closed","template":"","meta":[],"product_brand":[],"product_cat":[368,367],"product_tag":[429],"class_list":{"0":"post-4610","1":"product","2":"type-product","3":"status-publish","4":"has-post-thumbnail","6":"product_cat-arabischer-kaffee","7":"product_cat-getraenke-fluessigkeiten","8":"product_tag-fertig-arabischer-kaffee","10":"first","11":"instock","12":"taxable","13":"shipping-taxable","14":"purchasable","15":"product-type-simple"},"yoast_head":"<!-- This site is optimized with the Yoast SEO Premium plugin v26.5 (Yoast SEO v27.3) - https:\/\/yoast.com\/product\/yoast-seo-premium-wordpress\/ -->\n<title>Arabischer Kaffee Liquid Hamwi - 1 Liter - Yasmin Food<\/title>\n<meta name=\"robots\" content=\"index, follow, max-snippet:-1, max-image-preview:large, max-video-preview:-1\" \/>\n<link rel=\"canonical\" href=\"https:\/\/yasminfood.ch\/de\/product\/kaffee-arab-liquid-hamwi-1-liter\/\" \/>\n<meta property=\"og:locale\" content=\"de_DE\" \/>\n<meta property=\"og:type\" content=\"article\" \/>\n<meta property=\"og:title\" content=\"Arabischer Kaffee Liquid Hamwi - 1 Liter\" \/>\n<meta property=\"og:description\" content=\"Arabischer Kaffee ist eine der Grundlagen der Gro\u00dfz\u00fcgigkeit und Gastfreundschaft f\u00fcr Araber, Es ist ein geliebter Brauch und Tradition, wie es bei der\" \/>\n<meta property=\"og:url\" content=\"https:\/\/yasminfood.ch\/de\/product\/kaffee-arab-liquid-hamwi-1-liter\/\" \/>\n<meta property=\"og:site_name\" content=\"Yasmin Food\" \/>\n<meta property=\"article:publisher\" content=\"https:\/\/www.facebook.com\/yasminmarkt1\" \/>\n<meta property=\"article:modified_time\" content=\"2024-11-23T09:04:14+00:00\" \/>\n<meta property=\"og:image\" content=\"https:\/\/yasminfood.ch\/wp-content\/uploads\/2020\/10\/\u0642\u0647\u0648\u0629-\u0639\u0631\u0628\u064a\u0629-\u0627\u0644\u062d\u0645\u0648\u064a-1-\u0644\u062a\u0631.png\" \/>\n\t<meta property=\"og:image:width\" content=\"1080\" \/>\n\t<meta property=\"og:image:height\" content=\"1080\" \/>\n\t<meta property=\"og:image:type\" content=\"image\/png\" \/>\n<meta name=\"twitter:card\" content=\"summary_large_image\" \/>\n<meta name=\"twitter:label1\" content=\"Preis\" \/>\n\t<meta name=\"twitter:data1\" content=\"15.95&nbsp;&#067;&#072;&#070;\" \/>\n\t<meta name=\"twitter:label2\" content=\"Verf\u00fcgbarkeit\" \/>\n\t<meta name=\"twitter:data2\" content=\"Auf Lager\" \/>\n<script type=\"application\/ld+json\" class=\"yoast-schema-graph\">{\"@context\":\"https:\\\/\\\/schema.org\",\"@graph\":[{\"@type\":\"WebPage\",\"@id\":\"https:\\\/\\\/yasminfood.ch\\\/de\\\/product\\\/kaffee-arab-liquid-hamwi-1-liter\\\/\",\"url\":\"https:\\\/\\\/yasminfood.ch\\\/de\\\/product\\\/kaffee-arab-liquid-hamwi-1-liter\\\/\",\"name\":\"Arabischer Kaffee Liquid Hamwi - 1 Liter - Yasmin Food\",\"isPartOf\":{\"@id\":\"https:\\\/\\\/yasminfood.ch\\\/de\\\/#website\"},\"primaryImageOfPage\":{\"@id\":\"https:\\\/\\\/yasminfood.ch\\\/de\\\/product\\\/kaffee-arab-liquid-hamwi-1-liter\\\/#primaryimage\"},\"image\":{\"@id\":\"https:\\\/\\\/yasminfood.ch\\\/de\\\/product\\\/kaffee-arab-liquid-hamwi-1-liter\\\/#primaryimage\"},\"thumbnailUrl\":\"https:\\\/\\\/yasminfood.ch\\\/wp-content\\\/uploads\\\/2020\\\/10\\\/\u0642\u0647\u0648\u0629-\u0639\u0631\u0628\u064a\u0629-\u0627\u0644\u062d\u0645\u0648\u064a-1-\u0644\u062a\u0631.png\",\"datePublished\":\"2020-10-05T16:17:45+00:00\",\"dateModified\":\"2024-11-23T09:04:14+00:00\",\"breadcrumb\":{\"@id\":\"https:\\\/\\\/yasminfood.ch\\\/de\\\/product\\\/kaffee-arab-liquid-hamwi-1-liter\\\/#breadcrumb\"},\"inLanguage\":\"de\",\"potentialAction\":[{\"@type\":\"ReadAction\",\"target\":[\"https:\\\/\\\/yasminfood.ch\\\/de\\\/product\\\/kaffee-arab-liquid-hamwi-1-liter\\\/\"]}]},{\"@type\":\"ImageObject\",\"inLanguage\":\"de\",\"@id\":\"https:\\\/\\\/yasminfood.ch\\\/de\\\/product\\\/kaffee-arab-liquid-hamwi-1-liter\\\/#primaryimage\",\"url\":\"https:\\\/\\\/yasminfood.ch\\\/wp-content\\\/uploads\\\/2020\\\/10\\\/\u0642\u0647\u0648\u0629-\u0639\u0631\u0628\u064a\u0629-\u0627\u0644\u062d\u0645\u0648\u064a-1-\u0644\u062a\u0631.png\",\"contentUrl\":\"https:\\\/\\\/yasminfood.ch\\\/wp-content\\\/uploads\\\/2020\\\/10\\\/\u0642\u0647\u0648\u0629-\u0639\u0631\u0628\u064a\u0629-\u0627\u0644\u062d\u0645\u0648\u064a-1-\u0644\u062a\u0631.png\",\"width\":1080,\"height\":1080,\"caption\":\"\u0642\u0647\u0648\u0629 \u0639\u0631\u0628\u064a\u0629 \u0633\u0627\u0626\u0644\u0629 \u0627\u0644\u062d\u0645\u0648\u064a \u2013 1\u0644\u064a\u062a\u0631\"},{\"@type\":\"BreadcrumbList\",\"@id\":\"https:\\\/\\\/yasminfood.ch\\\/de\\\/product\\\/kaffee-arab-liquid-hamwi-1-liter\\\/#breadcrumb\",\"itemListElement\":[{\"@type\":\"ListItem\",\"position\":1,\"name\":\"\u0627\u0644\u0631\u0626\u064a\u0633\u064a\u0629\",\"item\":\"https:\\\/\\\/yasminfood.ch\\\/de\\\/zuhause\\\/\"},{\"@type\":\"ListItem\",\"position\":2,\"name\":\"Shop\",\"item\":\"https:\\\/\\\/yasminfood.ch\\\/de\\\/shop\\\/\"},{\"@type\":\"ListItem\",\"position\":3,\"name\":\"Getr\u00e4nke &amp; Fl\u00fcssigkeiten\",\"item\":\"https:\\\/\\\/yasminfood.ch\\\/de\\\/produkt-kategorie\\\/getraenke-fluessigkeiten\\\/\"},{\"@type\":\"ListItem\",\"position\":4,\"name\":\"Arabischer Kaffee\",\"item\":\"https:\\\/\\\/yasminfood.ch\\\/de\\\/produkt-kategorie\\\/getraenke-fluessigkeiten\\\/arabischer-kaffee\\\/\"},{\"@type\":\"ListItem\",\"position\":5,\"name\":\"Arabischer Kaffee Liquid Hamwi &#8211; 1 Liter\"}]},{\"@type\":\"WebSite\",\"@id\":\"https:\\\/\\\/yasminfood.ch\\\/de\\\/#website\",\"url\":\"https:\\\/\\\/yasminfood.ch\\\/de\\\/\",\"name\":\"\u064a\u0627\u0633\u0645\u064a\u0646 \u0645\u0627\u0631\u0643\u062a\",\"description\":\"Alles, was Sie brauchen, an einem Ort\",\"publisher\":{\"@id\":\"https:\\\/\\\/yasminfood.ch\\\/de\\\/#organization\"},\"alternateName\":\"Yasmin Food\",\"potentialAction\":[{\"@type\":\"SearchAction\",\"target\":{\"@type\":\"EntryPoint\",\"urlTemplate\":\"https:\\\/\\\/yasminfood.ch\\\/de\\\/?s={search_term_string}\"},\"query-input\":{\"@type\":\"PropertyValueSpecification\",\"valueRequired\":true,\"valueName\":\"search_term_string\"}}],\"inLanguage\":\"de\"},{\"@type\":\"Organization\",\"@id\":\"https:\\\/\\\/yasminfood.ch\\\/de\\\/#organization\",\"name\":\"\u064a\u0627\u0633\u0645\u064a\u0646 \u0645\u0627\u0631\u0643\u062a\",\"alternateName\":\"Yasmin Food\",\"url\":\"https:\\\/\\\/yasminfood.ch\\\/de\\\/\",\"logo\":{\"@type\":\"ImageObject\",\"inLanguage\":\"de\",\"@id\":\"https:\\\/\\\/yasminfood.ch\\\/de\\\/#\\\/schema\\\/logo\\\/image\\\/\",\"url\":\"https:\\\/\\\/yasminfood.ch\\\/wp-content\\\/uploads\\\/2025\\\/05\\\/yasmin-food-header-logo.png\",\"contentUrl\":\"https:\\\/\\\/yasminfood.ch\\\/wp-content\\\/uploads\\\/2025\\\/05\\\/yasmin-food-header-logo.png\",\"width\":330,\"height\":120,\"caption\":\"\u064a\u0627\u0633\u0645\u064a\u0646 \u0645\u0627\u0631\u0643\u062a\"},\"image\":{\"@id\":\"https:\\\/\\\/yasminfood.ch\\\/de\\\/#\\\/schema\\\/logo\\\/image\\\/\"},\"sameAs\":[\"https:\\\/\\\/www.facebook.com\\\/yasminmarkt1\",\"https:\\\/\\\/www.tiktok.com\\\/@yasminmarkt\",\"https:\\\/\\\/www.instagram.com\\\/yasmin.markt1\\\/\",\"https:\\\/\\\/api.whatsapp.com\\\/send\\\/?phone=41799000104\"],\"publishingPrinciples\":\"https:\\\/\\\/yasminfood.ch\\\/de\\\/shop\\\/\",\"ownershipFundingInfo\":\"https:\\\/\\\/yasminfood.ch\\\/de\\\/shop\\\/\"}]}<\/script>\n<meta property=\"product:price:amount\" content=\"15.95\" \/>\n<meta property=\"product:price:currency\" content=\"CHF\" \/>\n<meta property=\"og:availability\" content=\"instock\" \/>\n<meta property=\"product:availability\" content=\"instock\" \/>\n<meta property=\"product:condition\" content=\"new\" \/>\n<!-- \/ Yoast SEO Premium plugin. -->","yoast_head_json":{"title":"Arabischer Kaffee Liquid Hamwi - 1 Liter - Yasmin Food","robots":{"index":"index","follow":"follow","max-snippet":"max-snippet:-1","max-image-preview":"max-image-preview:large","max-video-preview":"max-video-preview:-1"},"canonical":"https:\/\/yasminfood.ch\/de\/product\/kaffee-arab-liquid-hamwi-1-liter\/","og_locale":"de_DE","og_type":"article","og_title":"Arabischer Kaffee Liquid Hamwi - 1 Liter","og_description":"Arabischer Kaffee ist eine der Grundlagen der Gro\u00dfz\u00fcgigkeit und Gastfreundschaft f\u00fcr Araber, Es ist ein geliebter Brauch und Tradition, wie es bei der","og_url":"https:\/\/yasminfood.ch\/de\/product\/kaffee-arab-liquid-hamwi-1-liter\/","og_site_name":"Yasmin Food","article_publisher":"https:\/\/www.facebook.com\/yasminmarkt1","article_modified_time":"2024-11-23T09:04:14+00:00","og_image":[{"width":1080,"height":1080,"url":"https:\/\/yasminfood.ch\/wp-content\/uploads\/2020\/10\/\u0642\u0647\u0648\u0629-\u0639\u0631\u0628\u064a\u0629-\u0627\u0644\u062d\u0645\u0648\u064a-1-\u0644\u062a\u0631.png","type":"image\/png"}],"twitter_card":"summary_large_image","twitter_misc":{"Preis":"15.95&nbsp;&#67;&#72;&#70;","Verf\u00fcgbarkeit":"Auf Lager"},"schema":{"@context":"https:\/\/schema.org","@graph":[{"@type":"WebPage","@id":"https:\/\/yasminfood.ch\/de\/product\/kaffee-arab-liquid-hamwi-1-liter\/","url":"https:\/\/yasminfood.ch\/de\/product\/kaffee-arab-liquid-hamwi-1-liter\/","name":"Arabischer Kaffee Liquid Hamwi - 1 Liter - Yasmin Food","isPartOf":{"@id":"https:\/\/yasminfood.ch\/de\/#website"},"primaryImageOfPage":{"@id":"https:\/\/yasminfood.ch\/de\/product\/kaffee-arab-liquid-hamwi-1-liter\/#primaryimage"},"image":{"@id":"https:\/\/yasminfood.ch\/de\/product\/kaffee-arab-liquid-hamwi-1-liter\/#primaryimage"},"thumbnailUrl":"https:\/\/yasminfood.ch\/wp-content\/uploads\/2020\/10\/\u0642\u0647\u0648\u0629-\u0639\u0631\u0628\u064a\u0629-\u0627\u0644\u062d\u0645\u0648\u064a-1-\u0644\u062a\u0631.png","datePublished":"2020-10-05T16:17:45+00:00","dateModified":"2024-11-23T09:04:14+00:00","breadcrumb":{"@id":"https:\/\/yasminfood.ch\/de\/product\/kaffee-arab-liquid-hamwi-1-liter\/#breadcrumb"},"inLanguage":"de","potentialAction":[{"@type":"ReadAction","target":["https:\/\/yasminfood.ch\/de\/product\/kaffee-arab-liquid-hamwi-1-liter\/"]}]},{"@type":"ImageObject","inLanguage":"de","@id":"https:\/\/yasminfood.ch\/de\/product\/kaffee-arab-liquid-hamwi-1-liter\/#primaryimage","url":"https:\/\/yasminfood.ch\/wp-content\/uploads\/2020\/10\/\u0642\u0647\u0648\u0629-\u0639\u0631\u0628\u064a\u0629-\u0627\u0644\u062d\u0645\u0648\u064a-1-\u0644\u062a\u0631.png","contentUrl":"https:\/\/yasminfood.ch\/wp-content\/uploads\/2020\/10\/\u0642\u0647\u0648\u0629-\u0639\u0631\u0628\u064a\u0629-\u0627\u0644\u062d\u0645\u0648\u064a-1-\u0644\u062a\u0631.png","width":1080,"height":1080,"caption":"\u0642\u0647\u0648\u0629 \u0639\u0631\u0628\u064a\u0629 \u0633\u0627\u0626\u0644\u0629 \u0627\u0644\u062d\u0645\u0648\u064a \u2013 1\u0644\u064a\u062a\u0631"},{"@type":"BreadcrumbList","@id":"https:\/\/yasminfood.ch\/de\/product\/kaffee-arab-liquid-hamwi-1-liter\/#breadcrumb","itemListElement":[{"@type":"ListItem","position":1,"name":"\u0627\u0644\u0631\u0626\u064a\u0633\u064a\u0629","item":"https:\/\/yasminfood.ch\/de\/zuhause\/"},{"@type":"ListItem","position":2,"name":"Shop","item":"https:\/\/yasminfood.ch\/de\/shop\/"},{"@type":"ListItem","position":3,"name":"Getr\u00e4nke &amp; Fl\u00fcssigkeiten","item":"https:\/\/yasminfood.ch\/de\/produkt-kategorie\/getraenke-fluessigkeiten\/"},{"@type":"ListItem","position":4,"name":"Arabischer Kaffee","item":"https:\/\/yasminfood.ch\/de\/produkt-kategorie\/getraenke-fluessigkeiten\/arabischer-kaffee\/"},{"@type":"ListItem","position":5,"name":"Arabischer Kaffee Liquid Hamwi &#8211; 1 Liter"}]},{"@type":"WebSite","@id":"https:\/\/yasminfood.ch\/de\/#website","url":"https:\/\/yasminfood.ch\/de\/","name":"\u064a\u0627\u0633\u0645\u064a\u0646 \u0645\u0627\u0631\u0643\u062a","description":"Alles, was Sie brauchen, an einem Ort","publisher":{"@id":"https:\/\/yasminfood.ch\/de\/#organization"},"alternateName":"Yasmin Food","potentialAction":[{"@type":"SearchAction","target":{"@type":"EntryPoint","urlTemplate":"https:\/\/yasminfood.ch\/de\/?s={search_term_string}"},"query-input":{"@type":"PropertyValueSpecification","valueRequired":true,"valueName":"search_term_string"}}],"inLanguage":"de"},{"@type":"Organization","@id":"https:\/\/yasminfood.ch\/de\/#organization","name":"\u064a\u0627\u0633\u0645\u064a\u0646 \u0645\u0627\u0631\u0643\u062a","alternateName":"Yasmin Food","url":"https:\/\/yasminfood.ch\/de\/","logo":{"@type":"ImageObject","inLanguage":"de","@id":"https:\/\/yasminfood.ch\/de\/#\/schema\/logo\/image\/","url":"https:\/\/yasminfood.ch\/wp-content\/uploads\/2025\/05\/yasmin-food-header-logo.png","contentUrl":"https:\/\/yasminfood.ch\/wp-content\/uploads\/2025\/05\/yasmin-food-header-logo.png","width":330,"height":120,"caption":"\u064a\u0627\u0633\u0645\u064a\u0646 \u0645\u0627\u0631\u0643\u062a"},"image":{"@id":"https:\/\/yasminfood.ch\/de\/#\/schema\/logo\/image\/"},"sameAs":["https:\/\/www.facebook.com\/yasminmarkt1","https:\/\/www.tiktok.com\/@yasminmarkt","https:\/\/www.instagram.com\/yasmin.markt1\/","https:\/\/api.whatsapp.com\/send\/?phone=41799000104"],"publishingPrinciples":"https:\/\/yasminfood.ch\/de\/shop\/","ownershipFundingInfo":"https:\/\/yasminfood.ch\/de\/shop\/"}]},"product_price_amount":"15.95","product_price_currency":"CHF","og_availability":"instock","product_availability":"instock","product_condition":"new"},"jetpack_sharing_enabled":true,"_links":{"self":[{"href":"https:\/\/yasminfood.ch\/de\/wp-json\/wp\/v2\/product\/4610","targetHints":{"allow":["GET"]}}],"collection":[{"href":"https:\/\/yasminfood.ch\/de\/wp-json\/wp\/v2\/product"}],"about":[{"href":"https:\/\/yasminfood.ch\/de\/wp-json\/wp\/v2\/types\/product"}],"replies":[{"embeddable":true,"href":"https:\/\/yasminfood.ch\/de\/wp-json\/wp\/v2\/comments?post=4610"}],"version-history":[{"count":0,"href":"https:\/\/yasminfood.ch\/de\/wp-json\/wp\/v2\/product\/4610\/revisions"}],"wp:featuredmedia":[{"embeddable":true,"href":"https:\/\/yasminfood.ch\/de\/wp-json\/wp\/v2\/media\/109734"}],"wp:attachment":[{"href":"https:\/\/yasminfood.ch\/de\/wp-json\/wp\/v2\/media?parent=4610"}],"wp:term":[{"taxonomy":"product_brand","embeddable":true,"href":"https:\/\/yasminfood.ch\/de\/wp-json\/wp\/v2\/product_brand?post=4610"},{"taxonomy":"product_cat","embeddable":true,"href":"https:\/\/yasminfood.ch\/de\/wp-json\/wp\/v2\/product_cat?post=4610"},{"taxonomy":"product_tag","embeddable":true,"href":"https:\/\/yasminfood.ch\/de\/wp-json\/wp\/v2\/product_tag?post=4610"}],"curies":[{"name":"wp","href":"https:\/\/api.w.org\/{rel}","templated":true}]}}