{"id":4654,"date":"2020-10-05T18:01:45","date_gmt":"2020-10-05T16:01:45","guid":{"rendered":"https:\/\/yasminfood.ch\/product\/ben-hassib-gold-500g\/"},"modified":"2025-10-07T00:42:05","modified_gmt":"2025-10-06T22:42:05","slug":"ben-hasib-gold-500g","status":"publish","type":"product","link":"https:\/\/yasminfood.ch\/de\/product\/ben-hasib-gold-500g\/","title":{"rendered":"M\u00fclleimer Hassib Goldener Kardamom 500g"},"content":{"rendered":"<div id=\"product-description-short-65172\" class=\"product-description-short sm-bottom\">\n<article class=\"text-token-text-primary w-full focus:outline-none scroll-mt-[calc(var(--header-height)+min(200px,max(70px,20svh)))]\" dir=\"auto\" tabindex=\"-1\" data-turn-id=\"request-WEB:9d6fd385-8bdf-42af-8b6a-aabe262a1c71-33\" data-testid=\"conversation-turn-58\" data-scroll-anchor=\"true\" data-turn=\"assistant\">\n<div class=\"text-base my-auto mx-auto pb-10 [--thread-content-margin:--spacing(4)] thread-sm:[--thread-content-margin:--spacing(6)] thread-lg:[--thread-content-margin:--spacing(16)] px-(--thread-content-margin)\">\n<div class=\"[--thread-content-max-width:40rem] thread-lg:[--thread-content-max-width:48rem] mx-auto max-w-(--thread-content-max-width) flex-1 group\/turn-messages focus-visible:outline-hidden relative flex w-full min-w-0 flex-col agent-turn\" tabindex=\"-1\">\n<div class=\"flex max-w-full flex-col grow\">\n<div class=\"min-h-8 text-message relative flex w-full flex-col items-end gap-2 text-start break-words whitespace-normal [.text-message+&amp;]:mt-5\" dir=\"auto\" data-message-author-role=\"assistant\" data-message-id=\"418b34a1-f9b6-4923-80f3-e25827670146\" data-message-model-slug=\"gpt-5\">\n<div class=\"flex w-full flex-col gap-1 empty:hidden first:pt-[1px]\">\n<div class=\"markdown prose dark:prose-invert w-full break-words light markdown-new-styling\">\n<p data-start=\"0\" data-end=\"30\"><strong>M\u00fclleimer Hassib Goldener Kardamom \u2013 500g<\/strong><\/p>\n<ul>\n<li data-start=\"32\" data-end=\"163\">Bin Hassib Golden Cardamom kombiniert den reichen Geschmack des arabischen Kaffees mit dem unverwechselbaren Aroma von Kardamom. Es bietet Ihnen einen authentischen Geschmack, der die Traditionen der arabischen Gastfreundschaft widerspiegelt. <\/li>\n<li data-start=\"32\" data-end=\"163\">Sie k\u00f6nnen es leicht f\u00fcr eine ausgewogene Tasse arabischen Kaffee zubereiten, der den Raum mit dem duftenden Duft von Kardamom erf\u00fcllt.<\/li>\n<li data-start=\"32\" data-end=\"163\">Die 500-g-Packung reicht aus, um eine gro\u00dfe Anzahl von Tassen zuzubereiten und ist auf die Bed\u00fcrfnisse von Familie und Gastgewerbe zugeschnitten.<\/li>\n<\/ul>\n<p data-start=\"330\" data-end=\"445\" data-is-last-node=\"\" data-is-only-node=\"\">\u2705 Authentischer arabischer Kaffeegeschmack gemischt mit Kardamom<br data-start=\"367\" data-end=\"370\">\u2705 Ideal f\u00fcr Gastfreundschaft und Veranstaltungen<br data-start=\"396\" data-end=\"399\">\u2705 Eine 500g-Packung reicht f\u00fcr eine gro\u00dfe Anzahl von Tassen<\/p>\n<\/div>\n<\/div>\n<\/div>\n<\/div>\n<div class=\"z-0 flex min-h-[46px] justify-start\"><\/div>\n<\/div>\n<\/div>\n<\/article>\n<div class=\"pointer-events-none h-px w-px\" aria-hidden=\"true\" data-edge=\"true\"><\/div>\n<\/div>\n","protected":false},"excerpt":{"rendered":"<p data-start=\"0\" data-end=\"30\"><strong>M\u00fclleimer Hassib Goldener Kardamom \u2013 500g<\/strong><\/p>\n<ul>\n<li data-start=\"32\" data-end=\"163\">Bin Hassib Golden Cardamom kombiniert den reichen Geschmack des arabischen Kaffees mit dem unverwechselbaren Aroma von Kardamom. Es bietet Ihnen einen authentischen Geschmack, der die Traditionen der arabischen Gastfreundschaft widerspiegelt. <\/li>\n<\/ul>\n","protected":false},"featured_media":109738,"comment_status":"open","ping_status":"closed","template":"","meta":[],"product_brand":[],"product_cat":[368,367],"product_tag":[568],"class_list":{"0":"post-4654","1":"product","2":"type-product","3":"status-publish","4":"has-post-thumbnail","6":"product_cat-arabischer-kaffee","7":"product_cat-getraenke-fluessigkeiten","8":"product_tag-hill-special-de","10":"first","11":"instock","12":"taxable","13":"shipping-taxable","14":"purchasable","15":"product-type-simple"},"yoast_head":"<!-- This site is optimized with the Yoast SEO Premium plugin v26.5 (Yoast SEO v27.3) - https:\/\/yoast.com\/product\/yoast-seo-premium-wordpress\/ -->\n<title>M\u00fclleimer Hassib Goldener Kardamom 500g - Yasmin Food<\/title>\n<meta name=\"description\" content=\"Genie\u00dfen Sie den reichen Geschmack des arabischen Kaffees mit Bin Hassib Golden Cardamom 500g. Holen Sie sich jetzt die perfekte Verpackung f\u00fcr Ihre Gastfreundschaft und Veranstaltungen! M\u00fclleimer Hassib Goldener Kardamom 500g\" \/>\n<meta name=\"robots\" content=\"index, follow, max-snippet:-1, max-image-preview:large, max-video-preview:-1\" \/>\n<link rel=\"canonical\" href=\"https:\/\/yasminfood.ch\/de\/product\/ben-hasib-gold-500g\/\" \/>\n<meta property=\"og:locale\" content=\"de_DE\" \/>\n<meta property=\"og:type\" content=\"article\" \/>\n<meta property=\"og:title\" content=\"M\u00fclleimer Hassib Goldener Kardamom 500g\" \/>\n<meta property=\"og:description\" content=\"M\u00fclleimer Hassib Goldener Kardamom \u2013 500g   Bin Hassib Golden Cardamom kombiniert den reichen Geschmack des arabischen Kaffees mit dem unverwechselbaren Aroma von Kardamom. Es bietet Ihnen einen authentischen Geschmack, der die Traditionen der arabischen Gastfreundschaft widerspiegelt.\" \/>\n<meta property=\"og:url\" content=\"https:\/\/yasminfood.ch\/de\/product\/ben-hasib-gold-500g\/\" \/>\n<meta property=\"og:site_name\" content=\"Yasmin Food\" \/>\n<meta property=\"article:publisher\" content=\"https:\/\/www.facebook.com\/yasminmarkt1\" \/>\n<meta property=\"article:modified_time\" content=\"2025-10-06T22:42:05+00:00\" \/>\n<meta property=\"og:image\" content=\"https:\/\/yasminfood.ch\/wp-content\/uploads\/2020\/10\/\u0628\u0646-\u062d\u0633\u064a\u0628-\u0627\u0644\u0630\u0647\u0628\u064a-500\u063a.png\" \/>\n\t<meta property=\"og:image:width\" content=\"1080\" \/>\n\t<meta property=\"og:image:height\" content=\"1080\" \/>\n\t<meta property=\"og:image:type\" content=\"image\/png\" \/>\n<meta name=\"twitter:card\" content=\"summary_large_image\" \/>\n<meta name=\"twitter:label1\" content=\"Preis\" \/>\n\t<meta name=\"twitter:data1\" content=\"15.00&nbsp;&#067;&#072;&#070;\" \/>\n\t<meta name=\"twitter:label2\" content=\"Verf\u00fcgbarkeit\" \/>\n\t<meta name=\"twitter:data2\" content=\"Auf Lager\" \/>\n<script type=\"application\/ld+json\" class=\"yoast-schema-graph\">{\"@context\":\"https:\\\/\\\/schema.org\",\"@graph\":[{\"@type\":\"WebPage\",\"@id\":\"https:\\\/\\\/yasminfood.ch\\\/de\\\/product\\\/ben-hasib-gold-500g\\\/\",\"url\":\"https:\\\/\\\/yasminfood.ch\\\/de\\\/product\\\/ben-hasib-gold-500g\\\/\",\"name\":\"M\u00fclleimer Hassib Goldener Kardamom 500g - Yasmin Food\",\"isPartOf\":{\"@id\":\"https:\\\/\\\/yasminfood.ch\\\/de\\\/#website\"},\"primaryImageOfPage\":{\"@id\":\"https:\\\/\\\/yasminfood.ch\\\/de\\\/product\\\/ben-hasib-gold-500g\\\/#primaryimage\"},\"image\":{\"@id\":\"https:\\\/\\\/yasminfood.ch\\\/de\\\/product\\\/ben-hasib-gold-500g\\\/#primaryimage\"},\"thumbnailUrl\":\"https:\\\/\\\/yasminfood.ch\\\/wp-content\\\/uploads\\\/2020\\\/10\\\/\u0628\u0646-\u062d\u0633\u064a\u0628-\u0627\u0644\u0630\u0647\u0628\u064a-500\u063a.png\",\"datePublished\":\"2020-10-05T16:01:45+00:00\",\"dateModified\":\"2025-10-06T22:42:05+00:00\",\"description\":\"Genie\u00dfen Sie den reichen Geschmack des arabischen Kaffees mit Bin Hassib Golden Cardamom 500g. Holen Sie sich jetzt die perfekte Verpackung f\u00fcr Ihre Gastfreundschaft und Veranstaltungen! M\u00fclleimer Hassib Goldener Kardamom 500g\",\"breadcrumb\":{\"@id\":\"https:\\\/\\\/yasminfood.ch\\\/de\\\/product\\\/ben-hasib-gold-500g\\\/#breadcrumb\"},\"inLanguage\":\"de\",\"potentialAction\":[{\"@type\":\"ReadAction\",\"target\":[\"https:\\\/\\\/yasminfood.ch\\\/de\\\/product\\\/ben-hasib-gold-500g\\\/\"]}]},{\"@type\":\"ImageObject\",\"inLanguage\":\"de\",\"@id\":\"https:\\\/\\\/yasminfood.ch\\\/de\\\/product\\\/ben-hasib-gold-500g\\\/#primaryimage\",\"url\":\"https:\\\/\\\/yasminfood.ch\\\/wp-content\\\/uploads\\\/2020\\\/10\\\/\u0628\u0646-\u062d\u0633\u064a\u0628-\u0627\u0644\u0630\u0647\u0628\u064a-500\u063a.png\",\"contentUrl\":\"https:\\\/\\\/yasminfood.ch\\\/wp-content\\\/uploads\\\/2020\\\/10\\\/\u0628\u0646-\u062d\u0633\u064a\u0628-\u0627\u0644\u0630\u0647\u0628\u064a-500\u063a.png\",\"width\":1080,\"height\":1080,\"caption\":\"M\u00fclleimer Hassib Goldener Kardamom 500g\"},{\"@type\":\"BreadcrumbList\",\"@id\":\"https:\\\/\\\/yasminfood.ch\\\/de\\\/product\\\/ben-hasib-gold-500g\\\/#breadcrumb\",\"itemListElement\":[{\"@type\":\"ListItem\",\"position\":1,\"name\":\"\u0627\u0644\u0631\u0626\u064a\u0633\u064a\u0629\",\"item\":\"https:\\\/\\\/yasminfood.ch\\\/de\\\/zuhause\\\/\"},{\"@type\":\"ListItem\",\"position\":2,\"name\":\"Shop\",\"item\":\"https:\\\/\\\/yasminfood.ch\\\/de\\\/shop\\\/\"},{\"@type\":\"ListItem\",\"position\":3,\"name\":\"Getr\u00e4nke &amp; Fl\u00fcssigkeiten\",\"item\":\"https:\\\/\\\/yasminfood.ch\\\/de\\\/produkt-kategorie\\\/getraenke-fluessigkeiten\\\/\"},{\"@type\":\"ListItem\",\"position\":4,\"name\":\"Arabischer Kaffee\",\"item\":\"https:\\\/\\\/yasminfood.ch\\\/de\\\/produkt-kategorie\\\/getraenke-fluessigkeiten\\\/arabischer-kaffee\\\/\"},{\"@type\":\"ListItem\",\"position\":5,\"name\":\"M\u00fclleimer Hassib Goldener Kardamom 500g\"}]},{\"@type\":\"WebSite\",\"@id\":\"https:\\\/\\\/yasminfood.ch\\\/de\\\/#website\",\"url\":\"https:\\\/\\\/yasminfood.ch\\\/de\\\/\",\"name\":\"\u064a\u0627\u0633\u0645\u064a\u0646 \u0645\u0627\u0631\u0643\u062a\",\"description\":\"Alles, was Sie brauchen, an einem Ort\",\"publisher\":{\"@id\":\"https:\\\/\\\/yasminfood.ch\\\/de\\\/#organization\"},\"alternateName\":\"Yasmin Food\",\"potentialAction\":[{\"@type\":\"SearchAction\",\"target\":{\"@type\":\"EntryPoint\",\"urlTemplate\":\"https:\\\/\\\/yasminfood.ch\\\/de\\\/?s={search_term_string}\"},\"query-input\":{\"@type\":\"PropertyValueSpecification\",\"valueRequired\":true,\"valueName\":\"search_term_string\"}}],\"inLanguage\":\"de\"},{\"@type\":\"Organization\",\"@id\":\"https:\\\/\\\/yasminfood.ch\\\/de\\\/#organization\",\"name\":\"\u064a\u0627\u0633\u0645\u064a\u0646 \u0645\u0627\u0631\u0643\u062a\",\"alternateName\":\"Yasmin Food\",\"url\":\"https:\\\/\\\/yasminfood.ch\\\/de\\\/\",\"logo\":{\"@type\":\"ImageObject\",\"inLanguage\":\"de\",\"@id\":\"https:\\\/\\\/yasminfood.ch\\\/de\\\/#\\\/schema\\\/logo\\\/image\\\/\",\"url\":\"https:\\\/\\\/yasminfood.ch\\\/wp-content\\\/uploads\\\/2025\\\/05\\\/yasmin-food-header-logo.png\",\"contentUrl\":\"https:\\\/\\\/yasminfood.ch\\\/wp-content\\\/uploads\\\/2025\\\/05\\\/yasmin-food-header-logo.png\",\"width\":330,\"height\":120,\"caption\":\"\u064a\u0627\u0633\u0645\u064a\u0646 \u0645\u0627\u0631\u0643\u062a\"},\"image\":{\"@id\":\"https:\\\/\\\/yasminfood.ch\\\/de\\\/#\\\/schema\\\/logo\\\/image\\\/\"},\"sameAs\":[\"https:\\\/\\\/www.facebook.com\\\/yasminmarkt1\",\"https:\\\/\\\/www.tiktok.com\\\/@yasminmarkt\",\"https:\\\/\\\/www.instagram.com\\\/yasmin.markt1\\\/\",\"https:\\\/\\\/api.whatsapp.com\\\/send\\\/?phone=41799000104\"],\"publishingPrinciples\":\"https:\\\/\\\/yasminfood.ch\\\/de\\\/shop\\\/\",\"ownershipFundingInfo\":\"https:\\\/\\\/yasminfood.ch\\\/de\\\/shop\\\/\"}]}<\/script>\n<meta property=\"product:price:amount\" content=\"15.00\" \/>\n<meta property=\"product:price:currency\" content=\"CHF\" \/>\n<meta property=\"og:availability\" content=\"instock\" \/>\n<meta property=\"product:availability\" content=\"instock\" \/>\n<meta property=\"product:condition\" content=\"new\" \/>\n<!-- \/ Yoast SEO Premium plugin. -->","yoast_head_json":{"title":"M\u00fclleimer Hassib Goldener Kardamom 500g - Yasmin Food","description":"Genie\u00dfen Sie den reichen Geschmack des arabischen Kaffees mit Bin Hassib Golden Cardamom 500g. Holen Sie sich jetzt die perfekte Verpackung f\u00fcr Ihre Gastfreundschaft und Veranstaltungen! M\u00fclleimer Hassib Goldener Kardamom 500g","robots":{"index":"index","follow":"follow","max-snippet":"max-snippet:-1","max-image-preview":"max-image-preview:large","max-video-preview":"max-video-preview:-1"},"canonical":"https:\/\/yasminfood.ch\/de\/product\/ben-hasib-gold-500g\/","og_locale":"de_DE","og_type":"article","og_title":"M\u00fclleimer Hassib Goldener Kardamom 500g","og_description":"M\u00fclleimer Hassib Goldener Kardamom \u2013 500g   Bin Hassib Golden Cardamom kombiniert den reichen Geschmack des arabischen Kaffees mit dem unverwechselbaren Aroma von Kardamom. Es bietet Ihnen einen authentischen Geschmack, der die Traditionen der arabischen Gastfreundschaft widerspiegelt.","og_url":"https:\/\/yasminfood.ch\/de\/product\/ben-hasib-gold-500g\/","og_site_name":"Yasmin Food","article_publisher":"https:\/\/www.facebook.com\/yasminmarkt1","article_modified_time":"2025-10-06T22:42:05+00:00","og_image":[{"width":1080,"height":1080,"url":"https:\/\/yasminfood.ch\/wp-content\/uploads\/2020\/10\/\u0628\u0646-\u062d\u0633\u064a\u0628-\u0627\u0644\u0630\u0647\u0628\u064a-500\u063a.png","type":"image\/png"}],"twitter_card":"summary_large_image","twitter_misc":{"Preis":"15.00&nbsp;&#67;&#72;&#70;","Verf\u00fcgbarkeit":"Auf Lager"},"schema":{"@context":"https:\/\/schema.org","@graph":[{"@type":"WebPage","@id":"https:\/\/yasminfood.ch\/de\/product\/ben-hasib-gold-500g\/","url":"https:\/\/yasminfood.ch\/de\/product\/ben-hasib-gold-500g\/","name":"M\u00fclleimer Hassib Goldener Kardamom 500g - Yasmin Food","isPartOf":{"@id":"https:\/\/yasminfood.ch\/de\/#website"},"primaryImageOfPage":{"@id":"https:\/\/yasminfood.ch\/de\/product\/ben-hasib-gold-500g\/#primaryimage"},"image":{"@id":"https:\/\/yasminfood.ch\/de\/product\/ben-hasib-gold-500g\/#primaryimage"},"thumbnailUrl":"https:\/\/yasminfood.ch\/wp-content\/uploads\/2020\/10\/\u0628\u0646-\u062d\u0633\u064a\u0628-\u0627\u0644\u0630\u0647\u0628\u064a-500\u063a.png","datePublished":"2020-10-05T16:01:45+00:00","dateModified":"2025-10-06T22:42:05+00:00","description":"Genie\u00dfen Sie den reichen Geschmack des arabischen Kaffees mit Bin Hassib Golden Cardamom 500g. Holen Sie sich jetzt die perfekte Verpackung f\u00fcr Ihre Gastfreundschaft und Veranstaltungen! M\u00fclleimer Hassib Goldener Kardamom 500g","breadcrumb":{"@id":"https:\/\/yasminfood.ch\/de\/product\/ben-hasib-gold-500g\/#breadcrumb"},"inLanguage":"de","potentialAction":[{"@type":"ReadAction","target":["https:\/\/yasminfood.ch\/de\/product\/ben-hasib-gold-500g\/"]}]},{"@type":"ImageObject","inLanguage":"de","@id":"https:\/\/yasminfood.ch\/de\/product\/ben-hasib-gold-500g\/#primaryimage","url":"https:\/\/yasminfood.ch\/wp-content\/uploads\/2020\/10\/\u0628\u0646-\u062d\u0633\u064a\u0628-\u0627\u0644\u0630\u0647\u0628\u064a-500\u063a.png","contentUrl":"https:\/\/yasminfood.ch\/wp-content\/uploads\/2020\/10\/\u0628\u0646-\u062d\u0633\u064a\u0628-\u0627\u0644\u0630\u0647\u0628\u064a-500\u063a.png","width":1080,"height":1080,"caption":"M\u00fclleimer Hassib Goldener Kardamom 500g"},{"@type":"BreadcrumbList","@id":"https:\/\/yasminfood.ch\/de\/product\/ben-hasib-gold-500g\/#breadcrumb","itemListElement":[{"@type":"ListItem","position":1,"name":"\u0627\u0644\u0631\u0626\u064a\u0633\u064a\u0629","item":"https:\/\/yasminfood.ch\/de\/zuhause\/"},{"@type":"ListItem","position":2,"name":"Shop","item":"https:\/\/yasminfood.ch\/de\/shop\/"},{"@type":"ListItem","position":3,"name":"Getr\u00e4nke &amp; Fl\u00fcssigkeiten","item":"https:\/\/yasminfood.ch\/de\/produkt-kategorie\/getraenke-fluessigkeiten\/"},{"@type":"ListItem","position":4,"name":"Arabischer Kaffee","item":"https:\/\/yasminfood.ch\/de\/produkt-kategorie\/getraenke-fluessigkeiten\/arabischer-kaffee\/"},{"@type":"ListItem","position":5,"name":"M\u00fclleimer Hassib Goldener Kardamom 500g"}]},{"@type":"WebSite","@id":"https:\/\/yasminfood.ch\/de\/#website","url":"https:\/\/yasminfood.ch\/de\/","name":"\u064a\u0627\u0633\u0645\u064a\u0646 \u0645\u0627\u0631\u0643\u062a","description":"Alles, was Sie brauchen, an einem Ort","publisher":{"@id":"https:\/\/yasminfood.ch\/de\/#organization"},"alternateName":"Yasmin Food","potentialAction":[{"@type":"SearchAction","target":{"@type":"EntryPoint","urlTemplate":"https:\/\/yasminfood.ch\/de\/?s={search_term_string}"},"query-input":{"@type":"PropertyValueSpecification","valueRequired":true,"valueName":"search_term_string"}}],"inLanguage":"de"},{"@type":"Organization","@id":"https:\/\/yasminfood.ch\/de\/#organization","name":"\u064a\u0627\u0633\u0645\u064a\u0646 \u0645\u0627\u0631\u0643\u062a","alternateName":"Yasmin Food","url":"https:\/\/yasminfood.ch\/de\/","logo":{"@type":"ImageObject","inLanguage":"de","@id":"https:\/\/yasminfood.ch\/de\/#\/schema\/logo\/image\/","url":"https:\/\/yasminfood.ch\/wp-content\/uploads\/2025\/05\/yasmin-food-header-logo.png","contentUrl":"https:\/\/yasminfood.ch\/wp-content\/uploads\/2025\/05\/yasmin-food-header-logo.png","width":330,"height":120,"caption":"\u064a\u0627\u0633\u0645\u064a\u0646 \u0645\u0627\u0631\u0643\u062a"},"image":{"@id":"https:\/\/yasminfood.ch\/de\/#\/schema\/logo\/image\/"},"sameAs":["https:\/\/www.facebook.com\/yasminmarkt1","https:\/\/www.tiktok.com\/@yasminmarkt","https:\/\/www.instagram.com\/yasmin.markt1\/","https:\/\/api.whatsapp.com\/send\/?phone=41799000104"],"publishingPrinciples":"https:\/\/yasminfood.ch\/de\/shop\/","ownershipFundingInfo":"https:\/\/yasminfood.ch\/de\/shop\/"}]},"product_price_amount":"15.00","product_price_currency":"CHF","og_availability":"instock","product_availability":"instock","product_condition":"new"},"jetpack_sharing_enabled":true,"_links":{"self":[{"href":"https:\/\/yasminfood.ch\/de\/wp-json\/wp\/v2\/product\/4654","targetHints":{"allow":["GET"]}}],"collection":[{"href":"https:\/\/yasminfood.ch\/de\/wp-json\/wp\/v2\/product"}],"about":[{"href":"https:\/\/yasminfood.ch\/de\/wp-json\/wp\/v2\/types\/product"}],"replies":[{"embeddable":true,"href":"https:\/\/yasminfood.ch\/de\/wp-json\/wp\/v2\/comments?post=4654"}],"version-history":[{"count":2,"href":"https:\/\/yasminfood.ch\/de\/wp-json\/wp\/v2\/product\/4654\/revisions"}],"predecessor-version":[{"id":119996,"href":"https:\/\/yasminfood.ch\/de\/wp-json\/wp\/v2\/product\/4654\/revisions\/119996"}],"wp:featuredmedia":[{"embeddable":true,"href":"https:\/\/yasminfood.ch\/de\/wp-json\/wp\/v2\/media\/109738"}],"wp:attachment":[{"href":"https:\/\/yasminfood.ch\/de\/wp-json\/wp\/v2\/media?parent=4654"}],"wp:term":[{"taxonomy":"product_brand","embeddable":true,"href":"https:\/\/yasminfood.ch\/de\/wp-json\/wp\/v2\/product_brand?post=4654"},{"taxonomy":"product_cat","embeddable":true,"href":"https:\/\/yasminfood.ch\/de\/wp-json\/wp\/v2\/product_cat?post=4654"},{"taxonomy":"product_tag","embeddable":true,"href":"https:\/\/yasminfood.ch\/de\/wp-json\/wp\/v2\/product_tag?post=4654"}],"curies":[{"name":"wp","href":"https:\/\/api.w.org\/{rel}","templated":true}]}}