{"id":4667,"date":"2020-10-05T17:48:53","date_gmt":"2020-10-05T15:48:53","guid":{"rendered":"https:\/\/yasminfood.ch\/product\/mahmoud-tea-100-umstaende-mit-einer-glastasse-kostenlos\/"},"modified":"2025-10-07T00:41:54","modified_gmt":"2025-10-06T22:41:54","slug":"tee-mahmoud-schwarz-100-umschlag","status":"publish","type":"product","link":"https:\/\/yasminfood.ch\/de\/product\/tee-mahmoud-schwarz-100-umschlag\/","title":{"rendered":"Mahmoud Schwarzer Tee 100 Beutel"},"content":{"rendered":"<div class=\"row\">\n<div class=\"col-12 product-content-wrapper order-lg-last\">\n<div class=\"product-more-details\">\n<div class=\"woocommerce-tabs wc-tabs-wrapper\">\n<div id=\"tab-description\" class=\"woocommerce-Tabs-panel woocommerce-Tabs-panel--description panel entry-content wc-tab\" role=\"tabpanel\" aria-labelledby=\"tab-title-description\">\n<h3 data-start=\"71\" data-end=\"134\">\u2615 <strong data-start=\"77\" data-end=\"134\">Mahmoud Schwarztee 100 Beutel<\/strong><\/h3>\n<p data-start=\"136\" data-end=\"279\">Machen Sie allt\u00e4gliche Teemomente angenehmer<\/p>\n<p data-start=\"136\" data-end=\"279\">Ein sorgf\u00e4ltig ausgew\u00e4hlter Tee, der einen starken Geschmack und eine satte Farbe bietet, die traditionelle Teeliebhaber zufriedenstellen wird. <\/p>\n<h4 data-start=\"281\" data-end=\"297\">\u2705 Funktionen:<\/h4>\n<ul data-start=\"298\" data-end=\"441\">\n<li data-start=\"298\" data-end=\"333\">\n<p data-start=\"300\" data-end=\"333\">Enth\u00e4lt 100 Premium-Schwarztee-Beutel<\/p>\n<\/li>\n<li data-start=\"334\" data-end=\"359\">\n<p data-start=\"336\" data-end=\"359\">Konzentrierter Geschmack und einzigartiges Aroma<\/p>\n<\/li>\n<li data-start=\"360\" data-end=\"406\">\n<p data-start=\"362\" data-end=\"406\">Individuell verkapselt, um Geschmack und Frische zu bewahren<\/p>\n<\/li>\n<li data-start=\"407\" data-end=\"441\">\n<p data-start=\"409\" data-end=\"441\">Geeignet f\u00fcr Zuhause, B\u00fcro und Gastgewerbe <\/p>\n<\/li>\n<\/ul>\n<p data-start=\"443\" data-end=\"534\">\ud83e\uded6 Genie\u00dfen Sie einen warmen Moment Jetzt bei <strong data-start=\"506\" data-end=\"520\">Yasmine Food<\/strong> in garantierter Qualit\u00e4t erh\u00e4ltlich.<\/p>\n<\/div>\n<\/div>\n<\/div>\n<\/div>\n<\/div>\n","protected":false},"excerpt":{"rendered":"<h3 class=\"ai-optimize-24\" data-start=\"71\" data-end=\"134\">\u2615 <strong data-start=\"77\" data-end=\"134\">Mahmoud Schwarztee 100 Beutel<\/strong><\/h3>\n<p class=\"ai-optimize-25 ai-optimize-introduction\" data-start=\"136\" data-end=\"279\">Machen Sie allt\u00e4gliche Teemomente angenehmer<\/p>\n<p class=\"ai-optimize-25 ai-optimize-introduction\" data-start=\"136\" data-end=\"279\">Ein sorgf\u00e4ltig ausgew\u00e4hlter Tee, der einen starken Geschmack und eine satte Farbe bietet, die traditionelle Teeliebhaber zufriedenstellen wird. <\/p>\n","protected":false},"featured_media":109742,"comment_status":"open","ping_status":"closed","template":"","meta":[],"product_brand":[],"product_cat":[367,385,377],"product_tag":[574],"class_list":{"0":"post-4667","1":"product","2":"type-product","3":"status-publish","4":"has-post-thumbnail","6":"product_cat-getraenke-fluessigkeiten","7":"product_cat-puddingpulver","8":"product_cat-tee","9":"product_tag-schwarze-selani-mit-einem-einzigartigen-geschmack","11":"first","12":"instock","13":"taxable","14":"shipping-taxable","15":"purchasable","16":"product-type-simple"},"yoast_head":"<!-- This site is optimized with the Yoast SEO Premium plugin v26.5 (Yoast SEO v27.3) - https:\/\/yoast.com\/product\/yoast-seo-premium-wordpress\/ -->\n<title>Mahmoud Schwarzer Tee 100 Beutel - Yasmin Food<\/title>\n<meta name=\"description\" content=\"Genie\u00dfen Sie Mahmoud Schwarztee 100 Beutel, der Ihnen einen reichen und wunderbaren Geschmack bietet. Gestalten Sie Ihre allt\u00e4glichen Momente mit jeder Tasse angenehmer! \ud83e\uded6 Yasmin Food Mahmoud Schwarzer Tee 100 Beutel\" \/>\n<meta name=\"robots\" content=\"index, follow, max-snippet:-1, max-image-preview:large, max-video-preview:-1\" \/>\n<link rel=\"canonical\" href=\"https:\/\/yasminfood.ch\/de\/product\/tee-mahmoud-schwarz-100-umschlag\/\" \/>\n<meta property=\"og:locale\" content=\"de_DE\" \/>\n<meta property=\"og:type\" content=\"article\" \/>\n<meta property=\"og:title\" content=\"Mahmoud Schwarzer Tee 100 Beutel\" \/>\n<meta property=\"og:description\" content=\"\u2615 Mahmoud Schwarztee 100 Beutel Machen Sie allt\u00e4gliche Teemomente angenehmer Ein sorgf\u00e4ltig ausgew\u00e4hlter Tee, der einen starken Geschmack und eine satte Farbe bietet, die traditionelle Teeliebhaber zufriedenstellen wird.\" \/>\n<meta property=\"og:url\" content=\"https:\/\/yasminfood.ch\/de\/product\/tee-mahmoud-schwarz-100-umschlag\/\" \/>\n<meta property=\"og:site_name\" content=\"Yasmin Food\" \/>\n<meta property=\"article:publisher\" content=\"https:\/\/www.facebook.com\/yasminmarkt1\" \/>\n<meta property=\"article:modified_time\" content=\"2025-10-06T22:41:54+00:00\" \/>\n<meta property=\"og:image\" content=\"https:\/\/yasminfood.ch\/wp-content\/uploads\/2020\/10\/\u0634\u0627\u064a-\u0645\u062d\u0645\u0648\u062f-100\u0638\u0631\u0641.png\" \/>\n\t<meta property=\"og:image:width\" content=\"1080\" \/>\n\t<meta property=\"og:image:height\" content=\"1080\" \/>\n\t<meta property=\"og:image:type\" content=\"image\/png\" \/>\n<meta name=\"twitter:card\" content=\"summary_large_image\" \/>\n<meta name=\"twitter:label1\" content=\"Preis\" \/>\n\t<meta name=\"twitter:data1\" content=\"12.50&nbsp;&#067;&#072;&#070;\" \/>\n\t<meta name=\"twitter:label2\" content=\"Verf\u00fcgbarkeit\" \/>\n\t<meta name=\"twitter:data2\" content=\"Auf Lager\" \/>\n<script type=\"application\/ld+json\" class=\"yoast-schema-graph\">{\"@context\":\"https:\\\/\\\/schema.org\",\"@graph\":[{\"@type\":\"WebPage\",\"@id\":\"https:\\\/\\\/yasminfood.ch\\\/de\\\/product\\\/tee-mahmoud-schwarz-100-umschlag\\\/\",\"url\":\"https:\\\/\\\/yasminfood.ch\\\/de\\\/product\\\/tee-mahmoud-schwarz-100-umschlag\\\/\",\"name\":\"Mahmoud Schwarzer Tee 100 Beutel - Yasmin Food\",\"isPartOf\":{\"@id\":\"https:\\\/\\\/yasminfood.ch\\\/de\\\/#website\"},\"primaryImageOfPage\":{\"@id\":\"https:\\\/\\\/yasminfood.ch\\\/de\\\/product\\\/tee-mahmoud-schwarz-100-umschlag\\\/#primaryimage\"},\"image\":{\"@id\":\"https:\\\/\\\/yasminfood.ch\\\/de\\\/product\\\/tee-mahmoud-schwarz-100-umschlag\\\/#primaryimage\"},\"thumbnailUrl\":\"https:\\\/\\\/yasminfood.ch\\\/wp-content\\\/uploads\\\/2020\\\/10\\\/\u0634\u0627\u064a-\u0645\u062d\u0645\u0648\u062f-100\u0638\u0631\u0641.png\",\"datePublished\":\"2020-10-05T15:48:53+00:00\",\"dateModified\":\"2025-10-06T22:41:54+00:00\",\"description\":\"Genie\u00dfen Sie Mahmoud Schwarztee 100 Beutel, der Ihnen einen reichen und wunderbaren Geschmack bietet. Gestalten Sie Ihre allt\u00e4glichen Momente mit jeder Tasse angenehmer! \ud83e\uded6 Yasmin Food Mahmoud Schwarzer Tee 100 Beutel\",\"breadcrumb\":{\"@id\":\"https:\\\/\\\/yasminfood.ch\\\/de\\\/product\\\/tee-mahmoud-schwarz-100-umschlag\\\/#breadcrumb\"},\"inLanguage\":\"de\",\"potentialAction\":[{\"@type\":\"ReadAction\",\"target\":[\"https:\\\/\\\/yasminfood.ch\\\/de\\\/product\\\/tee-mahmoud-schwarz-100-umschlag\\\/\"]}]},{\"@type\":\"ImageObject\",\"inLanguage\":\"de\",\"@id\":\"https:\\\/\\\/yasminfood.ch\\\/de\\\/product\\\/tee-mahmoud-schwarz-100-umschlag\\\/#primaryimage\",\"url\":\"https:\\\/\\\/yasminfood.ch\\\/wp-content\\\/uploads\\\/2020\\\/10\\\/\u0634\u0627\u064a-\u0645\u062d\u0645\u0648\u062f-100\u0638\u0631\u0641.png\",\"contentUrl\":\"https:\\\/\\\/yasminfood.ch\\\/wp-content\\\/uploads\\\/2020\\\/10\\\/\u0634\u0627\u064a-\u0645\u062d\u0645\u0648\u062f-100\u0638\u0631\u0641.png\",\"width\":1080,\"height\":1080,\"caption\":\"Mahmoud Schwarzer Tee 100 Beutel\"},{\"@type\":\"BreadcrumbList\",\"@id\":\"https:\\\/\\\/yasminfood.ch\\\/de\\\/product\\\/tee-mahmoud-schwarz-100-umschlag\\\/#breadcrumb\",\"itemListElement\":[{\"@type\":\"ListItem\",\"position\":1,\"name\":\"\u0627\u0644\u0631\u0626\u064a\u0633\u064a\u0629\",\"item\":\"https:\\\/\\\/yasminfood.ch\\\/de\\\/zuhause\\\/\"},{\"@type\":\"ListItem\",\"position\":2,\"name\":\"Shop\",\"item\":\"https:\\\/\\\/yasminfood.ch\\\/de\\\/shop\\\/\"},{\"@type\":\"ListItem\",\"position\":3,\"name\":\"Getr\u00e4nke &amp; Fl\u00fcssigkeiten\",\"item\":\"https:\\\/\\\/yasminfood.ch\\\/de\\\/produkt-kategorie\\\/getraenke-fluessigkeiten\\\/\"},{\"@type\":\"ListItem\",\"position\":4,\"name\":\"Puddingpulver\",\"item\":\"https:\\\/\\\/yasminfood.ch\\\/de\\\/produkt-kategorie\\\/getraenke-fluessigkeiten\\\/puddingpulver\\\/\"},{\"@type\":\"ListItem\",\"position\":5,\"name\":\"Mahmoud Schwarzer Tee 100 Beutel\"}]},{\"@type\":\"WebSite\",\"@id\":\"https:\\\/\\\/yasminfood.ch\\\/de\\\/#website\",\"url\":\"https:\\\/\\\/yasminfood.ch\\\/de\\\/\",\"name\":\"\u064a\u0627\u0633\u0645\u064a\u0646 \u0645\u0627\u0631\u0643\u062a\",\"description\":\"Alles, was Sie brauchen, an einem Ort\",\"publisher\":{\"@id\":\"https:\\\/\\\/yasminfood.ch\\\/de\\\/#organization\"},\"alternateName\":\"Yasmin Food\",\"potentialAction\":[{\"@type\":\"SearchAction\",\"target\":{\"@type\":\"EntryPoint\",\"urlTemplate\":\"https:\\\/\\\/yasminfood.ch\\\/de\\\/?s={search_term_string}\"},\"query-input\":{\"@type\":\"PropertyValueSpecification\",\"valueRequired\":true,\"valueName\":\"search_term_string\"}}],\"inLanguage\":\"de\"},{\"@type\":\"Organization\",\"@id\":\"https:\\\/\\\/yasminfood.ch\\\/de\\\/#organization\",\"name\":\"\u064a\u0627\u0633\u0645\u064a\u0646 \u0645\u0627\u0631\u0643\u062a\",\"alternateName\":\"Yasmin Food\",\"url\":\"https:\\\/\\\/yasminfood.ch\\\/de\\\/\",\"logo\":{\"@type\":\"ImageObject\",\"inLanguage\":\"de\",\"@id\":\"https:\\\/\\\/yasminfood.ch\\\/de\\\/#\\\/schema\\\/logo\\\/image\\\/\",\"url\":\"https:\\\/\\\/yasminfood.ch\\\/wp-content\\\/uploads\\\/2025\\\/05\\\/yasmin-food-header-logo.png\",\"contentUrl\":\"https:\\\/\\\/yasminfood.ch\\\/wp-content\\\/uploads\\\/2025\\\/05\\\/yasmin-food-header-logo.png\",\"width\":330,\"height\":120,\"caption\":\"\u064a\u0627\u0633\u0645\u064a\u0646 \u0645\u0627\u0631\u0643\u062a\"},\"image\":{\"@id\":\"https:\\\/\\\/yasminfood.ch\\\/de\\\/#\\\/schema\\\/logo\\\/image\\\/\"},\"sameAs\":[\"https:\\\/\\\/www.facebook.com\\\/yasminmarkt1\",\"https:\\\/\\\/www.tiktok.com\\\/@yasminmarkt\",\"https:\\\/\\\/www.instagram.com\\\/yasmin.markt1\\\/\",\"https:\\\/\\\/api.whatsapp.com\\\/send\\\/?phone=41799000104\"],\"publishingPrinciples\":\"https:\\\/\\\/yasminfood.ch\\\/de\\\/shop\\\/\",\"ownershipFundingInfo\":\"https:\\\/\\\/yasminfood.ch\\\/de\\\/shop\\\/\"}]}<\/script>\n<meta property=\"product:price:amount\" content=\"12.50\" \/>\n<meta property=\"product:price:currency\" content=\"CHF\" \/>\n<meta property=\"og:availability\" content=\"instock\" \/>\n<meta property=\"product:availability\" content=\"instock\" \/>\n<meta property=\"product:condition\" content=\"new\" \/>\n<!-- \/ Yoast SEO Premium plugin. -->","yoast_head_json":{"title":"Mahmoud Schwarzer Tee 100 Beutel - Yasmin Food","description":"Genie\u00dfen Sie Mahmoud Schwarztee 100 Beutel, der Ihnen einen reichen und wunderbaren Geschmack bietet. Gestalten Sie Ihre allt\u00e4glichen Momente mit jeder Tasse angenehmer! \ud83e\uded6 Yasmin Food Mahmoud Schwarzer Tee 100 Beutel","robots":{"index":"index","follow":"follow","max-snippet":"max-snippet:-1","max-image-preview":"max-image-preview:large","max-video-preview":"max-video-preview:-1"},"canonical":"https:\/\/yasminfood.ch\/de\/product\/tee-mahmoud-schwarz-100-umschlag\/","og_locale":"de_DE","og_type":"article","og_title":"Mahmoud Schwarzer Tee 100 Beutel","og_description":"\u2615 Mahmoud Schwarztee 100 Beutel Machen Sie allt\u00e4gliche Teemomente angenehmer Ein sorgf\u00e4ltig ausgew\u00e4hlter Tee, der einen starken Geschmack und eine satte Farbe bietet, die traditionelle Teeliebhaber zufriedenstellen wird.","og_url":"https:\/\/yasminfood.ch\/de\/product\/tee-mahmoud-schwarz-100-umschlag\/","og_site_name":"Yasmin Food","article_publisher":"https:\/\/www.facebook.com\/yasminmarkt1","article_modified_time":"2025-10-06T22:41:54+00:00","og_image":[{"width":1080,"height":1080,"url":"https:\/\/yasminfood.ch\/wp-content\/uploads\/2020\/10\/\u0634\u0627\u064a-\u0645\u062d\u0645\u0648\u062f-100\u0638\u0631\u0641.png","type":"image\/png"}],"twitter_card":"summary_large_image","twitter_misc":{"Preis":"12.50&nbsp;&#67;&#72;&#70;","Verf\u00fcgbarkeit":"Auf Lager"},"schema":{"@context":"https:\/\/schema.org","@graph":[{"@type":"WebPage","@id":"https:\/\/yasminfood.ch\/de\/product\/tee-mahmoud-schwarz-100-umschlag\/","url":"https:\/\/yasminfood.ch\/de\/product\/tee-mahmoud-schwarz-100-umschlag\/","name":"Mahmoud Schwarzer Tee 100 Beutel - Yasmin Food","isPartOf":{"@id":"https:\/\/yasminfood.ch\/de\/#website"},"primaryImageOfPage":{"@id":"https:\/\/yasminfood.ch\/de\/product\/tee-mahmoud-schwarz-100-umschlag\/#primaryimage"},"image":{"@id":"https:\/\/yasminfood.ch\/de\/product\/tee-mahmoud-schwarz-100-umschlag\/#primaryimage"},"thumbnailUrl":"https:\/\/yasminfood.ch\/wp-content\/uploads\/2020\/10\/\u0634\u0627\u064a-\u0645\u062d\u0645\u0648\u062f-100\u0638\u0631\u0641.png","datePublished":"2020-10-05T15:48:53+00:00","dateModified":"2025-10-06T22:41:54+00:00","description":"Genie\u00dfen Sie Mahmoud Schwarztee 100 Beutel, der Ihnen einen reichen und wunderbaren Geschmack bietet. Gestalten Sie Ihre allt\u00e4glichen Momente mit jeder Tasse angenehmer! \ud83e\uded6 Yasmin Food Mahmoud Schwarzer Tee 100 Beutel","breadcrumb":{"@id":"https:\/\/yasminfood.ch\/de\/product\/tee-mahmoud-schwarz-100-umschlag\/#breadcrumb"},"inLanguage":"de","potentialAction":[{"@type":"ReadAction","target":["https:\/\/yasminfood.ch\/de\/product\/tee-mahmoud-schwarz-100-umschlag\/"]}]},{"@type":"ImageObject","inLanguage":"de","@id":"https:\/\/yasminfood.ch\/de\/product\/tee-mahmoud-schwarz-100-umschlag\/#primaryimage","url":"https:\/\/yasminfood.ch\/wp-content\/uploads\/2020\/10\/\u0634\u0627\u064a-\u0645\u062d\u0645\u0648\u062f-100\u0638\u0631\u0641.png","contentUrl":"https:\/\/yasminfood.ch\/wp-content\/uploads\/2020\/10\/\u0634\u0627\u064a-\u0645\u062d\u0645\u0648\u062f-100\u0638\u0631\u0641.png","width":1080,"height":1080,"caption":"Mahmoud Schwarzer Tee 100 Beutel"},{"@type":"BreadcrumbList","@id":"https:\/\/yasminfood.ch\/de\/product\/tee-mahmoud-schwarz-100-umschlag\/#breadcrumb","itemListElement":[{"@type":"ListItem","position":1,"name":"\u0627\u0644\u0631\u0626\u064a\u0633\u064a\u0629","item":"https:\/\/yasminfood.ch\/de\/zuhause\/"},{"@type":"ListItem","position":2,"name":"Shop","item":"https:\/\/yasminfood.ch\/de\/shop\/"},{"@type":"ListItem","position":3,"name":"Getr\u00e4nke &amp; Fl\u00fcssigkeiten","item":"https:\/\/yasminfood.ch\/de\/produkt-kategorie\/getraenke-fluessigkeiten\/"},{"@type":"ListItem","position":4,"name":"Puddingpulver","item":"https:\/\/yasminfood.ch\/de\/produkt-kategorie\/getraenke-fluessigkeiten\/puddingpulver\/"},{"@type":"ListItem","position":5,"name":"Mahmoud Schwarzer Tee 100 Beutel"}]},{"@type":"WebSite","@id":"https:\/\/yasminfood.ch\/de\/#website","url":"https:\/\/yasminfood.ch\/de\/","name":"\u064a\u0627\u0633\u0645\u064a\u0646 \u0645\u0627\u0631\u0643\u062a","description":"Alles, was Sie brauchen, an einem Ort","publisher":{"@id":"https:\/\/yasminfood.ch\/de\/#organization"},"alternateName":"Yasmin Food","potentialAction":[{"@type":"SearchAction","target":{"@type":"EntryPoint","urlTemplate":"https:\/\/yasminfood.ch\/de\/?s={search_term_string}"},"query-input":{"@type":"PropertyValueSpecification","valueRequired":true,"valueName":"search_term_string"}}],"inLanguage":"de"},{"@type":"Organization","@id":"https:\/\/yasminfood.ch\/de\/#organization","name":"\u064a\u0627\u0633\u0645\u064a\u0646 \u0645\u0627\u0631\u0643\u062a","alternateName":"Yasmin Food","url":"https:\/\/yasminfood.ch\/de\/","logo":{"@type":"ImageObject","inLanguage":"de","@id":"https:\/\/yasminfood.ch\/de\/#\/schema\/logo\/image\/","url":"https:\/\/yasminfood.ch\/wp-content\/uploads\/2025\/05\/yasmin-food-header-logo.png","contentUrl":"https:\/\/yasminfood.ch\/wp-content\/uploads\/2025\/05\/yasmin-food-header-logo.png","width":330,"height":120,"caption":"\u064a\u0627\u0633\u0645\u064a\u0646 \u0645\u0627\u0631\u0643\u062a"},"image":{"@id":"https:\/\/yasminfood.ch\/de\/#\/schema\/logo\/image\/"},"sameAs":["https:\/\/www.facebook.com\/yasminmarkt1","https:\/\/www.tiktok.com\/@yasminmarkt","https:\/\/www.instagram.com\/yasmin.markt1\/","https:\/\/api.whatsapp.com\/send\/?phone=41799000104"],"publishingPrinciples":"https:\/\/yasminfood.ch\/de\/shop\/","ownershipFundingInfo":"https:\/\/yasminfood.ch\/de\/shop\/"}]},"product_price_amount":"12.50","product_price_currency":"CHF","og_availability":"instock","product_availability":"instock","product_condition":"new"},"jetpack_sharing_enabled":true,"_links":{"self":[{"href":"https:\/\/yasminfood.ch\/de\/wp-json\/wp\/v2\/product\/4667","targetHints":{"allow":["GET"]}}],"collection":[{"href":"https:\/\/yasminfood.ch\/de\/wp-json\/wp\/v2\/product"}],"about":[{"href":"https:\/\/yasminfood.ch\/de\/wp-json\/wp\/v2\/types\/product"}],"replies":[{"embeddable":true,"href":"https:\/\/yasminfood.ch\/de\/wp-json\/wp\/v2\/comments?post=4667"}],"version-history":[{"count":2,"href":"https:\/\/yasminfood.ch\/de\/wp-json\/wp\/v2\/product\/4667\/revisions"}],"predecessor-version":[{"id":119989,"href":"https:\/\/yasminfood.ch\/de\/wp-json\/wp\/v2\/product\/4667\/revisions\/119989"}],"wp:featuredmedia":[{"embeddable":true,"href":"https:\/\/yasminfood.ch\/de\/wp-json\/wp\/v2\/media\/109742"}],"wp:attachment":[{"href":"https:\/\/yasminfood.ch\/de\/wp-json\/wp\/v2\/media?parent=4667"}],"wp:term":[{"taxonomy":"product_brand","embeddable":true,"href":"https:\/\/yasminfood.ch\/de\/wp-json\/wp\/v2\/product_brand?post=4667"},{"taxonomy":"product_cat","embeddable":true,"href":"https:\/\/yasminfood.ch\/de\/wp-json\/wp\/v2\/product_cat?post=4667"},{"taxonomy":"product_tag","embeddable":true,"href":"https:\/\/yasminfood.ch\/de\/wp-json\/wp\/v2\/product_tag?post=4667"}],"curies":[{"name":"wp","href":"https:\/\/api.w.org\/{rel}","templated":true}]}}