{"id":4679,"date":"2020-10-03T21:53:33","date_gmt":"2020-10-03T19:53:33","guid":{"rendered":"https:\/\/yasminfood.ch\/product\/reis-mahmoud-kurze-pille-900g\/"},"modified":"2025-10-04T01:22:31","modified_gmt":"2025-10-03T23:22:31","slug":"raz-mahmoud-bea-kurz-900g","status":"publish","type":"product","link":"https:\/\/yasminfood.ch\/de\/product\/raz-mahmoud-bea-kurz-900g\/","title":{"rendered":"\u00c4gyptischer Reis Mahmoud-900g"},"content":{"rendered":"<h3 data-start=\"364\" data-end=\"390\">Mahmoud \u00c4gyptischer Reis &#8211; 900g<\/h3>\n<p data-start=\"391\" data-end=\"604\"><strong data-start=\"396\" data-end=\"420\">Mahmoud \u00c4gyptischer Reis &#8211; 900g<\/strong> ist eine der besten Arten von \u00e4gyptischem Rundkornreis, der f\u00fcr seine weiche Textur und seinen unverwechselbaren Geschmack ber\u00fchmt ist. Er ist einfach zu kochen und eignet sich f\u00fcr eine breite Palette traditioneller orientalischer Gerichte sowie moderner internationaler Gerichte. <\/p>\n<p data-start=\"606\" data-end=\"880\">Dieser Reis kommt mit einer hohen Qualit\u00e4t, die Ihnen mit verschiedenen Rezepten einen homogenen Geschmack garantiert. Sie k\u00f6nnen es verwenden, um Mahashi, wei\u00dfen Reis, Kabsa, Bukhari und sogar Milchreis und orientalische Desserts zuzubereiten. Es ist auch reich an N\u00e4hrwerten und gilt als gesunde Option, um Kohlenhydrate zu Ihren t\u00e4glichen Mahlzeiten hinzuzuf\u00fcgen.     <\/p>\n<p data-start=\"882\" data-end=\"1124\">Mit einer Packung von 900 g ist dieses Produkt f\u00fcr den t\u00e4glichen Gebrauch in der Familie geeignet und reicht aus, um mehrere komplette Mahlzeiten zuzubereiten. Wenn Sie sich f\u00fcr Mahmoud-Produkte entscheiden, steht die Qualit\u00e4t auf Ihrem Tisch an erster Stelle, da die Reisk\u00f6rner sorgf\u00e4ltig ausgew\u00e4hlt werden, um frisch und sorgf\u00e4ltig konserviert zu werden, um das bestm\u00f6gliche Kocherlebnis zu gew\u00e4hrleisten.   <\/p>\n<p data-start=\"1126\" data-end=\"1142\"><strong data-start=\"1126\" data-end=\"1140\">Leistungsbeschreibung:<\/strong><\/p>\n<ul data-start=\"1143\" data-end=\"1259\">\n<li data-start=\"1143\" data-end=\"1166\">\n<p data-start=\"1145\" data-end=\"1166\">Nettogewicht: 900 g <\/p>\n<\/li>\n<li data-start=\"1167\" data-end=\"1194\">\n<p data-start=\"1169\" data-end=\"1194\">Kornart: Kurz und weich <\/p>\n<\/li>\n<li data-start=\"1195\" data-end=\"1222\">\n<p data-start=\"1197\" data-end=\"1222\">Schnell reifend und leicht zu kochen<\/p>\n<\/li>\n<li data-start=\"1223\" data-end=\"1259\">\n<p data-start=\"1225\" data-end=\"1259\">Geeignet f\u00fcr herzhafte Gerichte und Desserts<\/p>\n<\/li>\n<\/ul>\n<p data-start=\"1261\" data-end=\"1276\"><strong data-start=\"1261\" data-end=\"1274\">Funktionen:<\/strong><\/p>\n<ul data-start=\"1277\" data-end=\"1391\">\n<li data-start=\"1277\" data-end=\"1315\">\n<p data-start=\"1279\" data-end=\"1315\">Garantierte Qualit\u00e4t von der Marke Mahmoud<\/p>\n<\/li>\n<li data-start=\"1316\" data-end=\"1359\">\n<p data-start=\"1318\" data-end=\"1359\">Ideal f\u00fcr den Alltag und besondere Anl\u00e4sse<\/p>\n<\/li>\n<li data-start=\"1360\" data-end=\"1391\">\n<p data-start=\"1362\" data-end=\"1391\">Ein authentischer Geschmack, der die orientalische K\u00fcche widerspiegelt<\/p>\n<\/li>\n<\/ul>\n<h2 data-start=\"1488\" data-end=\"1526\"><\/h2>\n","protected":false},"excerpt":{"rendered":"<p>Genie\u00dfen Sie die Qualit\u00e4t von <strong data-start=\"152\" data-end=\"176\">Mahmoud Egyptian Rice &#8211; 900g<\/strong> , der f\u00fcr seine kurzen K\u00f6rner und seine weiche Textur bekannt ist, die ihn perfekt f\u00fcr verschiedene orientalische und internationale Gerichte macht.<\/p>\n","protected":false},"featured_media":112001,"comment_status":"open","ping_status":"closed","template":"","meta":[],"product_brand":[],"product_cat":[327,320],"product_tag":[570],"class_list":{"0":"post-4679","1":"product","2":"type-product","3":"status-publish","4":"has-post-thumbnail","6":"product_cat-reis","7":"product_cat-reis-getreide","8":"product_tag-ein-unvergesslicher-geschmack","10":"first","11":"instock","12":"taxable","13":"shipping-taxable","14":"purchasable","15":"product-type-simple"},"yoast_head":"<!-- This site is optimized with the Yoast SEO Premium plugin v26.5 (Yoast SEO v27.3) - https:\/\/yoast.com\/product\/yoast-seo-premium-wordpress\/ -->\n<title>\u00c4gyptischer Reis Mahmoud-900g - Yasmin Food<\/title>\n<meta name=\"description\" content=\"Genie\u00dfen Sie die Qualit\u00e4t des \u00e4gyptischen Mahmoud-Reis - 900 g mit seinen kurzen K\u00f6rnern und seiner weichen Textur, perfekt f\u00fcr alle Gerichte. Holen Sie es sich jetzt, um die leckersten Rezepte zuzubereiten! \u00c4gyptischer Reis Mahmoud-900g\" \/>\n<meta name=\"robots\" content=\"index, follow, max-snippet:-1, max-image-preview:large, max-video-preview:-1\" \/>\n<link rel=\"canonical\" href=\"https:\/\/yasminfood.ch\/de\/product\/raz-mahmoud-bea-kurz-900g\/\" \/>\n<meta property=\"og:locale\" content=\"de_DE\" \/>\n<meta property=\"og:type\" content=\"article\" \/>\n<meta property=\"og:title\" content=\"\u00c4gyptischer Reis Mahmoud-900g\" \/>\n<meta property=\"og:description\" content=\"Genie\u00dfen Sie die Qualit\u00e4t von Mahmoud Egyptian Rice - 900g , der f\u00fcr seine kurzen K\u00f6rner und seine weiche Textur bekannt ist, die ihn perfekt f\u00fcr verschiedene orientalische und internationale Gerichte macht.\" \/>\n<meta property=\"og:url\" content=\"https:\/\/yasminfood.ch\/de\/product\/raz-mahmoud-bea-kurz-900g\/\" \/>\n<meta property=\"og:site_name\" content=\"Yasmin Food\" \/>\n<meta property=\"article:publisher\" content=\"https:\/\/www.facebook.com\/yasminmarkt1\" \/>\n<meta property=\"article:modified_time\" content=\"2025-10-03T23:22:31+00:00\" \/>\n<meta property=\"og:image\" content=\"https:\/\/yasminfood.ch\/wp-content\/uploads\/2020\/10\/\u0631\u0632-\u0645\u0635\u0631\u064a-\u0645\u062d\u0645\u0648\u062f-1-\u0643\u064a\u0644\u0648.png\" \/>\n\t<meta property=\"og:image:width\" content=\"1080\" \/>\n\t<meta property=\"og:image:height\" content=\"1080\" \/>\n\t<meta property=\"og:image:type\" content=\"image\/png\" \/>\n<meta name=\"twitter:card\" content=\"summary_large_image\" \/>\n<meta name=\"twitter:label1\" content=\"Preis\" \/>\n\t<meta name=\"twitter:data1\" content=\"4.50&nbsp;&#067;&#072;&#070;\" \/>\n\t<meta name=\"twitter:label2\" content=\"Verf\u00fcgbarkeit\" \/>\n\t<meta name=\"twitter:data2\" content=\"Auf Lager\" \/>\n<script type=\"application\/ld+json\" class=\"yoast-schema-graph\">{\"@context\":\"https:\\\/\\\/schema.org\",\"@graph\":[{\"@type\":\"WebPage\",\"@id\":\"https:\\\/\\\/yasminfood.ch\\\/de\\\/product\\\/raz-mahmoud-bea-kurz-900g\\\/\",\"url\":\"https:\\\/\\\/yasminfood.ch\\\/de\\\/product\\\/raz-mahmoud-bea-kurz-900g\\\/\",\"name\":\"\u00c4gyptischer Reis Mahmoud-900g - Yasmin Food\",\"isPartOf\":{\"@id\":\"https:\\\/\\\/yasminfood.ch\\\/de\\\/#website\"},\"primaryImageOfPage\":{\"@id\":\"https:\\\/\\\/yasminfood.ch\\\/de\\\/product\\\/raz-mahmoud-bea-kurz-900g\\\/#primaryimage\"},\"image\":{\"@id\":\"https:\\\/\\\/yasminfood.ch\\\/de\\\/product\\\/raz-mahmoud-bea-kurz-900g\\\/#primaryimage\"},\"thumbnailUrl\":\"https:\\\/\\\/yasminfood.ch\\\/wp-content\\\/uploads\\\/2020\\\/10\\\/\u0631\u0632-\u0645\u0635\u0631\u064a-\u0645\u062d\u0645\u0648\u062f-1-\u0643\u064a\u0644\u0648.png\",\"datePublished\":\"2020-10-03T19:53:33+00:00\",\"dateModified\":\"2025-10-03T23:22:31+00:00\",\"description\":\"Genie\u00dfen Sie die Qualit\u00e4t des \u00e4gyptischen Mahmoud-Reis - 900 g mit seinen kurzen K\u00f6rnern und seiner weichen Textur, perfekt f\u00fcr alle Gerichte. Holen Sie es sich jetzt, um die leckersten Rezepte zuzubereiten! \u00c4gyptischer Reis Mahmoud-900g\",\"breadcrumb\":{\"@id\":\"https:\\\/\\\/yasminfood.ch\\\/de\\\/product\\\/raz-mahmoud-bea-kurz-900g\\\/#breadcrumb\"},\"inLanguage\":\"de\",\"potentialAction\":[{\"@type\":\"ReadAction\",\"target\":[\"https:\\\/\\\/yasminfood.ch\\\/de\\\/product\\\/raz-mahmoud-bea-kurz-900g\\\/\"]}]},{\"@type\":\"ImageObject\",\"inLanguage\":\"de\",\"@id\":\"https:\\\/\\\/yasminfood.ch\\\/de\\\/product\\\/raz-mahmoud-bea-kurz-900g\\\/#primaryimage\",\"url\":\"https:\\\/\\\/yasminfood.ch\\\/wp-content\\\/uploads\\\/2020\\\/10\\\/\u0631\u0632-\u0645\u0635\u0631\u064a-\u0645\u062d\u0645\u0648\u062f-1-\u0643\u064a\u0644\u0648.png\",\"contentUrl\":\"https:\\\/\\\/yasminfood.ch\\\/wp-content\\\/uploads\\\/2020\\\/10\\\/\u0631\u0632-\u0645\u0635\u0631\u064a-\u0645\u062d\u0645\u0648\u062f-1-\u0643\u064a\u0644\u0648.png\",\"width\":1080,\"height\":1080,\"caption\":\"\u00c4gyptischer Reis Mahmoud-900g\"},{\"@type\":\"BreadcrumbList\",\"@id\":\"https:\\\/\\\/yasminfood.ch\\\/de\\\/product\\\/raz-mahmoud-bea-kurz-900g\\\/#breadcrumb\",\"itemListElement\":[{\"@type\":\"ListItem\",\"position\":1,\"name\":\"\u0627\u0644\u0631\u0626\u064a\u0633\u064a\u0629\",\"item\":\"https:\\\/\\\/yasminfood.ch\\\/de\\\/zuhause\\\/\"},{\"@type\":\"ListItem\",\"position\":2,\"name\":\"Shop\",\"item\":\"https:\\\/\\\/yasminfood.ch\\\/de\\\/shop\\\/\"},{\"@type\":\"ListItem\",\"position\":3,\"name\":\"Reis &amp; Getreide\",\"item\":\"https:\\\/\\\/yasminfood.ch\\\/de\\\/produkt-kategorie\\\/reis-getreide\\\/\"},{\"@type\":\"ListItem\",\"position\":4,\"name\":\"Reis\",\"item\":\"https:\\\/\\\/yasminfood.ch\\\/de\\\/produkt-kategorie\\\/reis-getreide\\\/reis\\\/\"},{\"@type\":\"ListItem\",\"position\":5,\"name\":\"\u00c4gyptischer Reis Mahmoud-900g\"}]},{\"@type\":\"WebSite\",\"@id\":\"https:\\\/\\\/yasminfood.ch\\\/de\\\/#website\",\"url\":\"https:\\\/\\\/yasminfood.ch\\\/de\\\/\",\"name\":\"\u064a\u0627\u0633\u0645\u064a\u0646 \u0645\u0627\u0631\u0643\u062a\",\"description\":\"Alles, was Sie brauchen, an einem Ort\",\"publisher\":{\"@id\":\"https:\\\/\\\/yasminfood.ch\\\/de\\\/#organization\"},\"alternateName\":\"Yasmin Food\",\"potentialAction\":[{\"@type\":\"SearchAction\",\"target\":{\"@type\":\"EntryPoint\",\"urlTemplate\":\"https:\\\/\\\/yasminfood.ch\\\/de\\\/?s={search_term_string}\"},\"query-input\":{\"@type\":\"PropertyValueSpecification\",\"valueRequired\":true,\"valueName\":\"search_term_string\"}}],\"inLanguage\":\"de\"},{\"@type\":\"Organization\",\"@id\":\"https:\\\/\\\/yasminfood.ch\\\/de\\\/#organization\",\"name\":\"\u064a\u0627\u0633\u0645\u064a\u0646 \u0645\u0627\u0631\u0643\u062a\",\"alternateName\":\"Yasmin Food\",\"url\":\"https:\\\/\\\/yasminfood.ch\\\/de\\\/\",\"logo\":{\"@type\":\"ImageObject\",\"inLanguage\":\"de\",\"@id\":\"https:\\\/\\\/yasminfood.ch\\\/de\\\/#\\\/schema\\\/logo\\\/image\\\/\",\"url\":\"https:\\\/\\\/yasminfood.ch\\\/wp-content\\\/uploads\\\/2025\\\/05\\\/yasmin-food-header-logo.png\",\"contentUrl\":\"https:\\\/\\\/yasminfood.ch\\\/wp-content\\\/uploads\\\/2025\\\/05\\\/yasmin-food-header-logo.png\",\"width\":330,\"height\":120,\"caption\":\"\u064a\u0627\u0633\u0645\u064a\u0646 \u0645\u0627\u0631\u0643\u062a\"},\"image\":{\"@id\":\"https:\\\/\\\/yasminfood.ch\\\/de\\\/#\\\/schema\\\/logo\\\/image\\\/\"},\"sameAs\":[\"https:\\\/\\\/www.facebook.com\\\/yasminmarkt1\",\"https:\\\/\\\/www.tiktok.com\\\/@yasminmarkt\",\"https:\\\/\\\/www.instagram.com\\\/yasmin.markt1\\\/\",\"https:\\\/\\\/api.whatsapp.com\\\/send\\\/?phone=41799000104\"],\"publishingPrinciples\":\"https:\\\/\\\/yasminfood.ch\\\/de\\\/shop\\\/\",\"ownershipFundingInfo\":\"https:\\\/\\\/yasminfood.ch\\\/de\\\/shop\\\/\"}]}<\/script>\n<meta property=\"product:price:amount\" content=\"4.50\" \/>\n<meta property=\"product:price:currency\" content=\"CHF\" \/>\n<meta property=\"og:availability\" content=\"instock\" \/>\n<meta property=\"product:availability\" content=\"instock\" \/>\n<meta property=\"product:condition\" content=\"new\" \/>\n<!-- \/ Yoast SEO Premium plugin. -->","yoast_head_json":{"title":"\u00c4gyptischer Reis Mahmoud-900g - Yasmin Food","description":"Genie\u00dfen Sie die Qualit\u00e4t des \u00e4gyptischen Mahmoud-Reis - 900 g mit seinen kurzen K\u00f6rnern und seiner weichen Textur, perfekt f\u00fcr alle Gerichte. Holen Sie es sich jetzt, um die leckersten Rezepte zuzubereiten! \u00c4gyptischer Reis Mahmoud-900g","robots":{"index":"index","follow":"follow","max-snippet":"max-snippet:-1","max-image-preview":"max-image-preview:large","max-video-preview":"max-video-preview:-1"},"canonical":"https:\/\/yasminfood.ch\/de\/product\/raz-mahmoud-bea-kurz-900g\/","og_locale":"de_DE","og_type":"article","og_title":"\u00c4gyptischer Reis Mahmoud-900g","og_description":"Genie\u00dfen Sie die Qualit\u00e4t von Mahmoud Egyptian Rice - 900g , der f\u00fcr seine kurzen K\u00f6rner und seine weiche Textur bekannt ist, die ihn perfekt f\u00fcr verschiedene orientalische und internationale Gerichte macht.","og_url":"https:\/\/yasminfood.ch\/de\/product\/raz-mahmoud-bea-kurz-900g\/","og_site_name":"Yasmin Food","article_publisher":"https:\/\/www.facebook.com\/yasminmarkt1","article_modified_time":"2025-10-03T23:22:31+00:00","og_image":[{"width":1080,"height":1080,"url":"https:\/\/yasminfood.ch\/wp-content\/uploads\/2020\/10\/\u0631\u0632-\u0645\u0635\u0631\u064a-\u0645\u062d\u0645\u0648\u062f-1-\u0643\u064a\u0644\u0648.png","type":"image\/png"}],"twitter_card":"summary_large_image","twitter_misc":{"Preis":"4.50&nbsp;&#67;&#72;&#70;","Verf\u00fcgbarkeit":"Auf Lager"},"schema":{"@context":"https:\/\/schema.org","@graph":[{"@type":"WebPage","@id":"https:\/\/yasminfood.ch\/de\/product\/raz-mahmoud-bea-kurz-900g\/","url":"https:\/\/yasminfood.ch\/de\/product\/raz-mahmoud-bea-kurz-900g\/","name":"\u00c4gyptischer Reis Mahmoud-900g - Yasmin Food","isPartOf":{"@id":"https:\/\/yasminfood.ch\/de\/#website"},"primaryImageOfPage":{"@id":"https:\/\/yasminfood.ch\/de\/product\/raz-mahmoud-bea-kurz-900g\/#primaryimage"},"image":{"@id":"https:\/\/yasminfood.ch\/de\/product\/raz-mahmoud-bea-kurz-900g\/#primaryimage"},"thumbnailUrl":"https:\/\/yasminfood.ch\/wp-content\/uploads\/2020\/10\/\u0631\u0632-\u0645\u0635\u0631\u064a-\u0645\u062d\u0645\u0648\u062f-1-\u0643\u064a\u0644\u0648.png","datePublished":"2020-10-03T19:53:33+00:00","dateModified":"2025-10-03T23:22:31+00:00","description":"Genie\u00dfen Sie die Qualit\u00e4t des \u00e4gyptischen Mahmoud-Reis - 900 g mit seinen kurzen K\u00f6rnern und seiner weichen Textur, perfekt f\u00fcr alle Gerichte. Holen Sie es sich jetzt, um die leckersten Rezepte zuzubereiten! \u00c4gyptischer Reis Mahmoud-900g","breadcrumb":{"@id":"https:\/\/yasminfood.ch\/de\/product\/raz-mahmoud-bea-kurz-900g\/#breadcrumb"},"inLanguage":"de","potentialAction":[{"@type":"ReadAction","target":["https:\/\/yasminfood.ch\/de\/product\/raz-mahmoud-bea-kurz-900g\/"]}]},{"@type":"ImageObject","inLanguage":"de","@id":"https:\/\/yasminfood.ch\/de\/product\/raz-mahmoud-bea-kurz-900g\/#primaryimage","url":"https:\/\/yasminfood.ch\/wp-content\/uploads\/2020\/10\/\u0631\u0632-\u0645\u0635\u0631\u064a-\u0645\u062d\u0645\u0648\u062f-1-\u0643\u064a\u0644\u0648.png","contentUrl":"https:\/\/yasminfood.ch\/wp-content\/uploads\/2020\/10\/\u0631\u0632-\u0645\u0635\u0631\u064a-\u0645\u062d\u0645\u0648\u062f-1-\u0643\u064a\u0644\u0648.png","width":1080,"height":1080,"caption":"\u00c4gyptischer Reis Mahmoud-900g"},{"@type":"BreadcrumbList","@id":"https:\/\/yasminfood.ch\/de\/product\/raz-mahmoud-bea-kurz-900g\/#breadcrumb","itemListElement":[{"@type":"ListItem","position":1,"name":"\u0627\u0644\u0631\u0626\u064a\u0633\u064a\u0629","item":"https:\/\/yasminfood.ch\/de\/zuhause\/"},{"@type":"ListItem","position":2,"name":"Shop","item":"https:\/\/yasminfood.ch\/de\/shop\/"},{"@type":"ListItem","position":3,"name":"Reis &amp; Getreide","item":"https:\/\/yasminfood.ch\/de\/produkt-kategorie\/reis-getreide\/"},{"@type":"ListItem","position":4,"name":"Reis","item":"https:\/\/yasminfood.ch\/de\/produkt-kategorie\/reis-getreide\/reis\/"},{"@type":"ListItem","position":5,"name":"\u00c4gyptischer Reis Mahmoud-900g"}]},{"@type":"WebSite","@id":"https:\/\/yasminfood.ch\/de\/#website","url":"https:\/\/yasminfood.ch\/de\/","name":"\u064a\u0627\u0633\u0645\u064a\u0646 \u0645\u0627\u0631\u0643\u062a","description":"Alles, was Sie brauchen, an einem Ort","publisher":{"@id":"https:\/\/yasminfood.ch\/de\/#organization"},"alternateName":"Yasmin Food","potentialAction":[{"@type":"SearchAction","target":{"@type":"EntryPoint","urlTemplate":"https:\/\/yasminfood.ch\/de\/?s={search_term_string}"},"query-input":{"@type":"PropertyValueSpecification","valueRequired":true,"valueName":"search_term_string"}}],"inLanguage":"de"},{"@type":"Organization","@id":"https:\/\/yasminfood.ch\/de\/#organization","name":"\u064a\u0627\u0633\u0645\u064a\u0646 \u0645\u0627\u0631\u0643\u062a","alternateName":"Yasmin Food","url":"https:\/\/yasminfood.ch\/de\/","logo":{"@type":"ImageObject","inLanguage":"de","@id":"https:\/\/yasminfood.ch\/de\/#\/schema\/logo\/image\/","url":"https:\/\/yasminfood.ch\/wp-content\/uploads\/2025\/05\/yasmin-food-header-logo.png","contentUrl":"https:\/\/yasminfood.ch\/wp-content\/uploads\/2025\/05\/yasmin-food-header-logo.png","width":330,"height":120,"caption":"\u064a\u0627\u0633\u0645\u064a\u0646 \u0645\u0627\u0631\u0643\u062a"},"image":{"@id":"https:\/\/yasminfood.ch\/de\/#\/schema\/logo\/image\/"},"sameAs":["https:\/\/www.facebook.com\/yasminmarkt1","https:\/\/www.tiktok.com\/@yasminmarkt","https:\/\/www.instagram.com\/yasmin.markt1\/","https:\/\/api.whatsapp.com\/send\/?phone=41799000104"],"publishingPrinciples":"https:\/\/yasminfood.ch\/de\/shop\/","ownershipFundingInfo":"https:\/\/yasminfood.ch\/de\/shop\/"}]},"product_price_amount":"4.50","product_price_currency":"CHF","og_availability":"instock","product_availability":"instock","product_condition":"new"},"jetpack_sharing_enabled":true,"_links":{"self":[{"href":"https:\/\/yasminfood.ch\/de\/wp-json\/wp\/v2\/product\/4679","targetHints":{"allow":["GET"]}}],"collection":[{"href":"https:\/\/yasminfood.ch\/de\/wp-json\/wp\/v2\/product"}],"about":[{"href":"https:\/\/yasminfood.ch\/de\/wp-json\/wp\/v2\/types\/product"}],"replies":[{"embeddable":true,"href":"https:\/\/yasminfood.ch\/de\/wp-json\/wp\/v2\/comments?post=4679"}],"version-history":[{"count":1,"href":"https:\/\/yasminfood.ch\/de\/wp-json\/wp\/v2\/product\/4679\/revisions"}],"predecessor-version":[{"id":119880,"href":"https:\/\/yasminfood.ch\/de\/wp-json\/wp\/v2\/product\/4679\/revisions\/119880"}],"wp:featuredmedia":[{"embeddable":true,"href":"https:\/\/yasminfood.ch\/de\/wp-json\/wp\/v2\/media\/112001"}],"wp:attachment":[{"href":"https:\/\/yasminfood.ch\/de\/wp-json\/wp\/v2\/media?parent=4679"}],"wp:term":[{"taxonomy":"product_brand","embeddable":true,"href":"https:\/\/yasminfood.ch\/de\/wp-json\/wp\/v2\/product_brand?post=4679"},{"taxonomy":"product_cat","embeddable":true,"href":"https:\/\/yasminfood.ch\/de\/wp-json\/wp\/v2\/product_cat?post=4679"},{"taxonomy":"product_tag","embeddable":true,"href":"https:\/\/yasminfood.ch\/de\/wp-json\/wp\/v2\/product_tag?post=4679"}],"curies":[{"name":"wp","href":"https:\/\/api.w.org\/{rel}","templated":true}]}}