{"id":4781,"date":"2020-10-03T22:32:56","date_gmt":"2020-10-03T20:32:56","guid":{"rendered":"https:\/\/yasminfood.ch\/product\/gemuese-andome-75-g-5-stueck\/"},"modified":"2025-10-04T01:22:12","modified_gmt":"2025-10-03T23:22:12","slug":"andumi-gemuse-75-g-5-schnitt","status":"publish","type":"product","link":"https:\/\/yasminfood.ch\/de\/product\/andumi-gemuse-75-g-5-schnitt\/","title":{"rendered":"Gem\u00fcse Indomie 75g 5 St\u00fcck"},"content":{"rendered":"<p data-start=\"69\" data-end=\"140\"><strong>Indomie Gem\u00fcse 75g 5 St\u00fcck Fast Food Mit reichhaltigem und leckerem Geschmack<\/strong><\/p>\n<p data-start=\"142\" data-end=\"325\">Genie\u00dfen Sie den k\u00f6stlichen Geschmack von Gem\u00fcse Die perfekte Wahl f\u00fcr eine schnelle, s\u00e4ttigende und einfach zuzubereitende Mahlzeit. Jede Packung enth\u00e4lt 5 St\u00fcck Instant-Fadennudeln mit einem k\u00f6stlichen nat\u00fcrlichen Geschmack, der die ganze Familie zufrieden stellt.  <\/p>\n<h4 data-start=\"327\" data-end=\"343\">\u2705 Funktionen:<\/h4>\n<ul data-start=\"344\" data-end=\"490\">\n<li data-start=\"344\" data-end=\"383\">\n<p data-start=\"346\" data-end=\"383\">5 Dosen \u00d7 75 g Indomie Gem\u00fcsegeschmack<\/p>\n<\/li>\n<li data-start=\"384\" data-end=\"420\">\n<p data-start=\"386\" data-end=\"420\">Reichhaltiger Geschmack von Gew\u00fcrzen und getrocknetem Gem\u00fcse<\/p>\n<\/li>\n<li data-start=\"421\" data-end=\"466\">\n<p data-start=\"423\" data-end=\"466\">In wenigen Minuten fertig \u2013 perfekt f\u00fcr Snacks<\/p>\n<\/li>\n<li data-start=\"467\" data-end=\"490\">\n<p data-start=\"469\" data-end=\"490\">Geeignet f\u00fcr Erwachsene und Kinder<\/p>\n<\/li>\n<\/ul>\n<p data-start=\"492\" data-end=\"596\">\ud83d\uded2 Jetzt auf <strong data-start=\"511\" data-end=\"525\">Jasmine Food<\/strong> erh\u00e4ltlich \u2013 <strong data-start=\"534\" data-end=\"557\">Bestellen Sie Indomie Gem\u00fcse 5 \u00d7 75g<\/strong> und genie\u00dfen Sie jederzeit eine schnelle und leckere Mahlzeit!<\/p>\n","protected":false},"excerpt":{"rendered":"<p class=\"ai-optimize-25 ai-optimize-introduction\" data-start=\"69\" data-end=\"140\"><strong>Indomie Gem\u00fcse 75g 5 St\u00fcck Fast Food <\/strong>Mit reichhaltigem und leckerem Geschmack<\/p>\n<p class=\"ai-optimize-26 ai-optimize-introduction\" data-start=\"142\" data-end=\"325\">Genie\u00dfen Sie den k\u00f6stlichen Geschmack von Gem\u00fcse Die perfekte Wahl f\u00fcr eine schnelle Mahlzeit,<\/p>\n<p class=\"ai-optimize-26 ai-optimize-introduction\" data-start=\"142\" data-end=\"325\">Ges\u00e4ttigt, einfach zuzubereiten. Jede Packung enth\u00e4lt 5 St\u00fcck Instant-Fadennudeln  <\/p>\n","protected":false},"featured_media":117314,"comment_status":"open","ping_status":"closed","template":"","meta":[],"product_brand":[],"product_cat":[319,317],"product_tag":[],"class_list":{"0":"post-4781","1":"product","2":"type-product","3":"status-publish","4":"has-post-thumbnail","6":"product_cat-indomie-de","7":"product_cat-nudeln-instant-fadennudeln","9":"first","10":"instock","11":"sale","12":"taxable","13":"shipping-taxable","14":"purchasable","15":"product-type-simple"},"yoast_head":"<!-- This site is optimized with the Yoast SEO Premium plugin v26.5 (Yoast SEO v27.3) - https:\/\/yoast.com\/product\/yoast-seo-premium-wordpress\/ -->\n<title>Gem\u00fcse Indomie 75g 5 St\u00fcck - Yasmin Food<\/title>\n<meta name=\"description\" content=\"Genie\u00dfen Sie eine k\u00f6stliche schnelle Mahlzeit mit Indomie Gem\u00fcse 75g 5 St\u00fcck, eine ideale Wahl f\u00fcr eine Familie voller Geschmack und Geschmack. Jetzt bestellen! Yasmin Food\" \/>\n<meta name=\"robots\" content=\"index, follow, max-snippet:-1, max-image-preview:large, max-video-preview:-1\" \/>\n<link rel=\"canonical\" href=\"https:\/\/yasminfood.ch\/de\/product\/andumi-gemuse-75-g-5-schnitt\/\" \/>\n<meta property=\"og:locale\" content=\"de_DE\" \/>\n<meta property=\"og:type\" content=\"article\" \/>\n<meta property=\"og:title\" content=\"Gem\u00fcse Indomie 75g 5 St\u00fcck\" \/>\n<meta property=\"og:description\" content=\"Indomie Gem\u00fcse 75g 5 St\u00fcck Fast Food Mit reichhaltigem und leckerem Geschmack Genie\u00dfen Sie den k\u00f6stlichen Geschmack von Gem\u00fcse Die perfekte Wahl f\u00fcr eine schnelle Mahlzeit, Ges\u00e4ttigt, einfach zuzubereiten. Jede Packung enth\u00e4lt 5 St\u00fcck Instant-Fadennudeln\" \/>\n<meta property=\"og:url\" content=\"https:\/\/yasminfood.ch\/de\/product\/andumi-gemuse-75-g-5-schnitt\/\" \/>\n<meta property=\"og:site_name\" content=\"Yasmin Food\" \/>\n<meta property=\"article:publisher\" content=\"https:\/\/www.facebook.com\/yasminmarkt1\" \/>\n<meta property=\"article:modified_time\" content=\"2025-10-03T23:22:12+00:00\" \/>\n<meta property=\"og:image\" content=\"https:\/\/yasminfood.ch\/wp-content\/uploads\/2020\/10\/\u0623\u0646\u062f\u0648\u0645\u064a-\u062e\u0636\u0627\u0631-75\u063a-5-\u0642\u0637\u0639.png\" \/>\n\t<meta property=\"og:image:width\" content=\"1080\" \/>\n\t<meta property=\"og:image:height\" content=\"1080\" \/>\n\t<meta property=\"og:image:type\" content=\"image\/png\" \/>\n<meta name=\"twitter:card\" content=\"summary_large_image\" \/>\n<meta name=\"twitter:label1\" content=\"Preis\" \/>\n\t<meta name=\"twitter:data1\" content=\"0.99&nbsp;&#067;&#072;&#070;\" \/>\n\t<meta name=\"twitter:label2\" content=\"Verf\u00fcgbarkeit\" \/>\n\t<meta name=\"twitter:data2\" content=\"Auf Lager\" \/>\n<script type=\"application\/ld+json\" class=\"yoast-schema-graph\">{\"@context\":\"https:\\\/\\\/schema.org\",\"@graph\":[{\"@type\":\"WebPage\",\"@id\":\"https:\\\/\\\/yasminfood.ch\\\/de\\\/product\\\/andumi-gemuse-75-g-5-schnitt\\\/\",\"url\":\"https:\\\/\\\/yasminfood.ch\\\/de\\\/product\\\/andumi-gemuse-75-g-5-schnitt\\\/\",\"name\":\"Gem\u00fcse Indomie 75g 5 St\u00fcck - Yasmin Food\",\"isPartOf\":{\"@id\":\"https:\\\/\\\/yasminfood.ch\\\/de\\\/#website\"},\"primaryImageOfPage\":{\"@id\":\"https:\\\/\\\/yasminfood.ch\\\/de\\\/product\\\/andumi-gemuse-75-g-5-schnitt\\\/#primaryimage\"},\"image\":{\"@id\":\"https:\\\/\\\/yasminfood.ch\\\/de\\\/product\\\/andumi-gemuse-75-g-5-schnitt\\\/#primaryimage\"},\"thumbnailUrl\":\"https:\\\/\\\/yasminfood.ch\\\/wp-content\\\/uploads\\\/2020\\\/10\\\/\u0623\u0646\u062f\u0648\u0645\u064a-\u062e\u0636\u0627\u0631-75\u063a-5-\u0642\u0637\u0639.png\",\"datePublished\":\"2020-10-03T20:32:56+00:00\",\"dateModified\":\"2025-10-03T23:22:12+00:00\",\"description\":\"Genie\u00dfen Sie eine k\u00f6stliche schnelle Mahlzeit mit Indomie Gem\u00fcse 75g 5 St\u00fcck, eine ideale Wahl f\u00fcr eine Familie voller Geschmack und Geschmack. Jetzt bestellen! Yasmin Food\",\"breadcrumb\":{\"@id\":\"https:\\\/\\\/yasminfood.ch\\\/de\\\/product\\\/andumi-gemuse-75-g-5-schnitt\\\/#breadcrumb\"},\"inLanguage\":\"de\",\"potentialAction\":[{\"@type\":\"ReadAction\",\"target\":[\"https:\\\/\\\/yasminfood.ch\\\/de\\\/product\\\/andumi-gemuse-75-g-5-schnitt\\\/\"]}]},{\"@type\":\"ImageObject\",\"inLanguage\":\"de\",\"@id\":\"https:\\\/\\\/yasminfood.ch\\\/de\\\/product\\\/andumi-gemuse-75-g-5-schnitt\\\/#primaryimage\",\"url\":\"https:\\\/\\\/yasminfood.ch\\\/wp-content\\\/uploads\\\/2020\\\/10\\\/\u0623\u0646\u062f\u0648\u0645\u064a-\u062e\u0636\u0627\u0631-75\u063a-5-\u0642\u0637\u0639.png\",\"contentUrl\":\"https:\\\/\\\/yasminfood.ch\\\/wp-content\\\/uploads\\\/2020\\\/10\\\/\u0623\u0646\u062f\u0648\u0645\u064a-\u062e\u0636\u0627\u0631-75\u063a-5-\u0642\u0637\u0639.png\",\"width\":1080,\"height\":1080,\"caption\":\"Gem\u00fcse Indomie 75g 5 St\u00fcck\"},{\"@type\":\"BreadcrumbList\",\"@id\":\"https:\\\/\\\/yasminfood.ch\\\/de\\\/product\\\/andumi-gemuse-75-g-5-schnitt\\\/#breadcrumb\",\"itemListElement\":[{\"@type\":\"ListItem\",\"position\":1,\"name\":\"\u0627\u0644\u0631\u0626\u064a\u0633\u064a\u0629\",\"item\":\"https:\\\/\\\/yasminfood.ch\\\/de\\\/zuhause\\\/\"},{\"@type\":\"ListItem\",\"position\":2,\"name\":\"Shop\",\"item\":\"https:\\\/\\\/yasminfood.ch\\\/de\\\/shop\\\/\"},{\"@type\":\"ListItem\",\"position\":3,\"name\":\"Nudeln &amp; Instant-Fadennudeln\",\"item\":\"https:\\\/\\\/yasminfood.ch\\\/de\\\/produkt-kategorie\\\/nudeln-instant-fadennudeln\\\/\"},{\"@type\":\"ListItem\",\"position\":4,\"name\":\"Gem\u00fcse Indomie 75g 5 St\u00fcck\"}]},{\"@type\":\"WebSite\",\"@id\":\"https:\\\/\\\/yasminfood.ch\\\/de\\\/#website\",\"url\":\"https:\\\/\\\/yasminfood.ch\\\/de\\\/\",\"name\":\"\u064a\u0627\u0633\u0645\u064a\u0646 \u0645\u0627\u0631\u0643\u062a\",\"description\":\"Alles, was Sie brauchen, an einem Ort\",\"publisher\":{\"@id\":\"https:\\\/\\\/yasminfood.ch\\\/de\\\/#organization\"},\"alternateName\":\"Yasmin Food\",\"potentialAction\":[{\"@type\":\"SearchAction\",\"target\":{\"@type\":\"EntryPoint\",\"urlTemplate\":\"https:\\\/\\\/yasminfood.ch\\\/de\\\/?s={search_term_string}\"},\"query-input\":{\"@type\":\"PropertyValueSpecification\",\"valueRequired\":true,\"valueName\":\"search_term_string\"}}],\"inLanguage\":\"de\"},{\"@type\":\"Organization\",\"@id\":\"https:\\\/\\\/yasminfood.ch\\\/de\\\/#organization\",\"name\":\"\u064a\u0627\u0633\u0645\u064a\u0646 \u0645\u0627\u0631\u0643\u062a\",\"alternateName\":\"Yasmin Food\",\"url\":\"https:\\\/\\\/yasminfood.ch\\\/de\\\/\",\"logo\":{\"@type\":\"ImageObject\",\"inLanguage\":\"de\",\"@id\":\"https:\\\/\\\/yasminfood.ch\\\/de\\\/#\\\/schema\\\/logo\\\/image\\\/\",\"url\":\"https:\\\/\\\/yasminfood.ch\\\/wp-content\\\/uploads\\\/2025\\\/05\\\/yasmin-food-header-logo.png\",\"contentUrl\":\"https:\\\/\\\/yasminfood.ch\\\/wp-content\\\/uploads\\\/2025\\\/05\\\/yasmin-food-header-logo.png\",\"width\":330,\"height\":120,\"caption\":\"\u064a\u0627\u0633\u0645\u064a\u0646 \u0645\u0627\u0631\u0643\u062a\"},\"image\":{\"@id\":\"https:\\\/\\\/yasminfood.ch\\\/de\\\/#\\\/schema\\\/logo\\\/image\\\/\"},\"sameAs\":[\"https:\\\/\\\/www.facebook.com\\\/yasminmarkt1\",\"https:\\\/\\\/www.tiktok.com\\\/@yasminmarkt\",\"https:\\\/\\\/www.instagram.com\\\/yasmin.markt1\\\/\",\"https:\\\/\\\/api.whatsapp.com\\\/send\\\/?phone=41799000104\"],\"publishingPrinciples\":\"https:\\\/\\\/yasminfood.ch\\\/de\\\/shop\\\/\",\"ownershipFundingInfo\":\"https:\\\/\\\/yasminfood.ch\\\/de\\\/shop\\\/\"}]}<\/script>\n<meta property=\"product:price:amount\" content=\"0.99\" \/>\n<meta property=\"product:price:currency\" content=\"CHF\" \/>\n<meta property=\"og:availability\" content=\"instock\" \/>\n<meta property=\"product:availability\" content=\"instock\" \/>\n<meta property=\"product:condition\" content=\"new\" \/>\n<!-- \/ Yoast SEO Premium plugin. -->","yoast_head_json":{"title":"Gem\u00fcse Indomie 75g 5 St\u00fcck - Yasmin Food","description":"Genie\u00dfen Sie eine k\u00f6stliche schnelle Mahlzeit mit Indomie Gem\u00fcse 75g 5 St\u00fcck, eine ideale Wahl f\u00fcr eine Familie voller Geschmack und Geschmack. Jetzt bestellen! Yasmin Food","robots":{"index":"index","follow":"follow","max-snippet":"max-snippet:-1","max-image-preview":"max-image-preview:large","max-video-preview":"max-video-preview:-1"},"canonical":"https:\/\/yasminfood.ch\/de\/product\/andumi-gemuse-75-g-5-schnitt\/","og_locale":"de_DE","og_type":"article","og_title":"Gem\u00fcse Indomie 75g 5 St\u00fcck","og_description":"Indomie Gem\u00fcse 75g 5 St\u00fcck Fast Food Mit reichhaltigem und leckerem Geschmack Genie\u00dfen Sie den k\u00f6stlichen Geschmack von Gem\u00fcse Die perfekte Wahl f\u00fcr eine schnelle Mahlzeit, Ges\u00e4ttigt, einfach zuzubereiten. Jede Packung enth\u00e4lt 5 St\u00fcck Instant-Fadennudeln","og_url":"https:\/\/yasminfood.ch\/de\/product\/andumi-gemuse-75-g-5-schnitt\/","og_site_name":"Yasmin Food","article_publisher":"https:\/\/www.facebook.com\/yasminmarkt1","article_modified_time":"2025-10-03T23:22:12+00:00","og_image":[{"width":1080,"height":1080,"url":"https:\/\/yasminfood.ch\/wp-content\/uploads\/2020\/10\/\u0623\u0646\u062f\u0648\u0645\u064a-\u062e\u0636\u0627\u0631-75\u063a-5-\u0642\u0637\u0639.png","type":"image\/png"}],"twitter_card":"summary_large_image","twitter_misc":{"Preis":"0.99&nbsp;&#67;&#72;&#70;","Verf\u00fcgbarkeit":"Auf Lager"},"schema":{"@context":"https:\/\/schema.org","@graph":[{"@type":"WebPage","@id":"https:\/\/yasminfood.ch\/de\/product\/andumi-gemuse-75-g-5-schnitt\/","url":"https:\/\/yasminfood.ch\/de\/product\/andumi-gemuse-75-g-5-schnitt\/","name":"Gem\u00fcse Indomie 75g 5 St\u00fcck - Yasmin Food","isPartOf":{"@id":"https:\/\/yasminfood.ch\/de\/#website"},"primaryImageOfPage":{"@id":"https:\/\/yasminfood.ch\/de\/product\/andumi-gemuse-75-g-5-schnitt\/#primaryimage"},"image":{"@id":"https:\/\/yasminfood.ch\/de\/product\/andumi-gemuse-75-g-5-schnitt\/#primaryimage"},"thumbnailUrl":"https:\/\/yasminfood.ch\/wp-content\/uploads\/2020\/10\/\u0623\u0646\u062f\u0648\u0645\u064a-\u062e\u0636\u0627\u0631-75\u063a-5-\u0642\u0637\u0639.png","datePublished":"2020-10-03T20:32:56+00:00","dateModified":"2025-10-03T23:22:12+00:00","description":"Genie\u00dfen Sie eine k\u00f6stliche schnelle Mahlzeit mit Indomie Gem\u00fcse 75g 5 St\u00fcck, eine ideale Wahl f\u00fcr eine Familie voller Geschmack und Geschmack. Jetzt bestellen! Yasmin Food","breadcrumb":{"@id":"https:\/\/yasminfood.ch\/de\/product\/andumi-gemuse-75-g-5-schnitt\/#breadcrumb"},"inLanguage":"de","potentialAction":[{"@type":"ReadAction","target":["https:\/\/yasminfood.ch\/de\/product\/andumi-gemuse-75-g-5-schnitt\/"]}]},{"@type":"ImageObject","inLanguage":"de","@id":"https:\/\/yasminfood.ch\/de\/product\/andumi-gemuse-75-g-5-schnitt\/#primaryimage","url":"https:\/\/yasminfood.ch\/wp-content\/uploads\/2020\/10\/\u0623\u0646\u062f\u0648\u0645\u064a-\u062e\u0636\u0627\u0631-75\u063a-5-\u0642\u0637\u0639.png","contentUrl":"https:\/\/yasminfood.ch\/wp-content\/uploads\/2020\/10\/\u0623\u0646\u062f\u0648\u0645\u064a-\u062e\u0636\u0627\u0631-75\u063a-5-\u0642\u0637\u0639.png","width":1080,"height":1080,"caption":"Gem\u00fcse Indomie 75g 5 St\u00fcck"},{"@type":"BreadcrumbList","@id":"https:\/\/yasminfood.ch\/de\/product\/andumi-gemuse-75-g-5-schnitt\/#breadcrumb","itemListElement":[{"@type":"ListItem","position":1,"name":"\u0627\u0644\u0631\u0626\u064a\u0633\u064a\u0629","item":"https:\/\/yasminfood.ch\/de\/zuhause\/"},{"@type":"ListItem","position":2,"name":"Shop","item":"https:\/\/yasminfood.ch\/de\/shop\/"},{"@type":"ListItem","position":3,"name":"Nudeln &amp; Instant-Fadennudeln","item":"https:\/\/yasminfood.ch\/de\/produkt-kategorie\/nudeln-instant-fadennudeln\/"},{"@type":"ListItem","position":4,"name":"Gem\u00fcse Indomie 75g 5 St\u00fcck"}]},{"@type":"WebSite","@id":"https:\/\/yasminfood.ch\/de\/#website","url":"https:\/\/yasminfood.ch\/de\/","name":"\u064a\u0627\u0633\u0645\u064a\u0646 \u0645\u0627\u0631\u0643\u062a","description":"Alles, was Sie brauchen, an einem Ort","publisher":{"@id":"https:\/\/yasminfood.ch\/de\/#organization"},"alternateName":"Yasmin Food","potentialAction":[{"@type":"SearchAction","target":{"@type":"EntryPoint","urlTemplate":"https:\/\/yasminfood.ch\/de\/?s={search_term_string}"},"query-input":{"@type":"PropertyValueSpecification","valueRequired":true,"valueName":"search_term_string"}}],"inLanguage":"de"},{"@type":"Organization","@id":"https:\/\/yasminfood.ch\/de\/#organization","name":"\u064a\u0627\u0633\u0645\u064a\u0646 \u0645\u0627\u0631\u0643\u062a","alternateName":"Yasmin Food","url":"https:\/\/yasminfood.ch\/de\/","logo":{"@type":"ImageObject","inLanguage":"de","@id":"https:\/\/yasminfood.ch\/de\/#\/schema\/logo\/image\/","url":"https:\/\/yasminfood.ch\/wp-content\/uploads\/2025\/05\/yasmin-food-header-logo.png","contentUrl":"https:\/\/yasminfood.ch\/wp-content\/uploads\/2025\/05\/yasmin-food-header-logo.png","width":330,"height":120,"caption":"\u064a\u0627\u0633\u0645\u064a\u0646 \u0645\u0627\u0631\u0643\u062a"},"image":{"@id":"https:\/\/yasminfood.ch\/de\/#\/schema\/logo\/image\/"},"sameAs":["https:\/\/www.facebook.com\/yasminmarkt1","https:\/\/www.tiktok.com\/@yasminmarkt","https:\/\/www.instagram.com\/yasmin.markt1\/","https:\/\/api.whatsapp.com\/send\/?phone=41799000104"],"publishingPrinciples":"https:\/\/yasminfood.ch\/de\/shop\/","ownershipFundingInfo":"https:\/\/yasminfood.ch\/de\/shop\/"}]},"product_price_amount":"0.99","product_price_currency":"CHF","og_availability":"instock","product_availability":"instock","product_condition":"new"},"jetpack_sharing_enabled":true,"_links":{"self":[{"href":"https:\/\/yasminfood.ch\/de\/wp-json\/wp\/v2\/product\/4781","targetHints":{"allow":["GET"]}}],"collection":[{"href":"https:\/\/yasminfood.ch\/de\/wp-json\/wp\/v2\/product"}],"about":[{"href":"https:\/\/yasminfood.ch\/de\/wp-json\/wp\/v2\/types\/product"}],"replies":[{"embeddable":true,"href":"https:\/\/yasminfood.ch\/de\/wp-json\/wp\/v2\/comments?post=4781"}],"version-history":[{"count":2,"href":"https:\/\/yasminfood.ch\/de\/wp-json\/wp\/v2\/product\/4781\/revisions"}],"predecessor-version":[{"id":119877,"href":"https:\/\/yasminfood.ch\/de\/wp-json\/wp\/v2\/product\/4781\/revisions\/119877"}],"wp:featuredmedia":[{"embeddable":true,"href":"https:\/\/yasminfood.ch\/de\/wp-json\/wp\/v2\/media\/117314"}],"wp:attachment":[{"href":"https:\/\/yasminfood.ch\/de\/wp-json\/wp\/v2\/media?parent=4781"}],"wp:term":[{"taxonomy":"product_brand","embeddable":true,"href":"https:\/\/yasminfood.ch\/de\/wp-json\/wp\/v2\/product_brand?post=4781"},{"taxonomy":"product_cat","embeddable":true,"href":"https:\/\/yasminfood.ch\/de\/wp-json\/wp\/v2\/product_cat?post=4781"},{"taxonomy":"product_tag","embeddable":true,"href":"https:\/\/yasminfood.ch\/de\/wp-json\/wp\/v2\/product_tag?post=4781"}],"curies":[{"name":"wp","href":"https:\/\/api.w.org\/{rel}","templated":true}]}}