{"id":4827,"date":"2020-10-04T19:05:47","date_gmt":"2020-10-04T17:05:47","guid":{"rendered":"https:\/\/yasminfood.ch\/product\/heissrot-weich-obaidu-50g\/"},"modified":"2025-10-07T00:39:17","modified_gmt":"2025-10-06T22:39:17","slug":"hot-red-soft-obaidu-50g","status":"publish","type":"product","link":"https:\/\/yasminfood.ch\/de\/product\/hot-red-soft-obaidu-50g\/","title":{"rendered":"Hei\u00dfrot weich Obaidu -50g"},"content":{"rendered":"<p data-start=\"300\" data-end=\"335\"><strong>\ud83c\udf36\ufe0f Spicy Red Soft Obeido \u2013 50g<\/strong><\/p>\n<ul>\n<li data-start=\"336\" data-end=\"464\">Genie\u00dfen Sie den w\u00fcrzigen Geschmack und die attraktive rote Farbe mit <em data-start=\"382\" data-end=\"403\">einem weichen, roten, w\u00fcrzigen Obedi.<\/em> Dieses Gew\u00fcrz verleiht Ihren verschiedenen Gerichten einen starken Geschmack und eine unverwechselbare Note.<\/li>\n<li data-start=\"336\" data-end=\"464\">Sie k\u00f6nnen es zum Marinieren von Fleisch und H\u00fchnchen, zum Zubereiten von Suppen, Saucen, Gem\u00fcsegerichten und Eint\u00f6pfen verwenden, f\u00fcr einen reichhaltigen Geschmack und authentischen Geschmack.   <\/li>\n<li data-start=\"336\" data-end=\"464\">Das Produkt von <strong data-start=\"604\" data-end=\"613\">Obeido<\/strong> kommt in einer praktischen 50g-Packung, die Frische und Qualit\u00e4t bewahrt. <\/li>\n<\/ul>\n<p data-start=\"669\" data-end=\"769\">\u2705 Verleiht den Gerichten einen ausgepr\u00e4gten w\u00fcrzigen Geschmack<br data-start=\"702\" data-end=\"705\">\u2705 Perfekt f\u00fcr Grillgerichte, Saucen und Eint\u00f6pfe<br data-start=\"738\" data-end=\"741\">\u2705 100% nat\u00fcrliches Produkt von Obeido <\/p>\n","protected":false},"excerpt":{"rendered":"<p data-start=\"300\" data-end=\"335\"><strong>\ud83c\udf36\ufe0f Spicy Red Soft Obeido \u2013 50g<\/strong><\/p>\n<p data-start=\"336\" data-end=\"464\">Genie\u00dfen Sie den w\u00fcrzigen Geschmack und die attraktive rote Farbe mit <em data-start=\"382\" data-end=\"403\">einem weichen, roten, w\u00fcrzigen Obedi.<\/em> Dieses Gew\u00fcrz verleiht Ihren verschiedenen Gerichten einen starken Geschmack und eine unverwechselbare Note.<\/p>\n","protected":false},"featured_media":111565,"comment_status":"open","ping_status":"closed","template":"","meta":[],"product_brand":[],"product_cat":[360,356],"product_tag":[598],"class_list":{"0":"post-4827","1":"product","2":"type-product","3":"status-publish","4":"has-post-thumbnail","6":"product_cat-gewurze","7":"product_cat-gewuerze-nuesse","8":"product_tag-100-qualitat","10":"first","11":"instock","12":"taxable","13":"shipping-taxable","14":"purchasable","15":"product-type-simple"},"yoast_head":"<!-- This site is optimized with the Yoast SEO Premium plugin v26.5 (Yoast SEO v27.3) - https:\/\/yoast.com\/product\/yoast-seo-premium-wordpress\/ -->\n<title>Hei\u00dfrot weich Obaidu -50g - Yasmin Food<\/title>\n<meta name=\"description\" content=\"Genie\u00dfen Sie den Spicy Red Soft Ubeido Flavor -50g zu jeder Mahlzeit! Es verleiht Ihren deftigen Gerichten einen besonderen Geschmack, holen Sie es sich jetzt! \ud83c\udf36\ufe0f Hei\u00dfrot weich Obaidu -50g\" \/>\n<meta name=\"robots\" content=\"index, follow, max-snippet:-1, max-image-preview:large, max-video-preview:-1\" \/>\n<link rel=\"canonical\" href=\"https:\/\/yasminfood.ch\/de\/product\/hot-red-soft-obaidu-50g\/\" \/>\n<meta property=\"og:locale\" content=\"de_DE\" \/>\n<meta property=\"og:type\" content=\"article\" \/>\n<meta property=\"og:title\" content=\"Hei\u00dfrot weich Obaidu -50g\" \/>\n<meta property=\"og:description\" content=\"\ud83c\udf36\ufe0f Spicy Red Soft Obeido \u2013 50g Genie\u00dfen Sie den w\u00fcrzigen Geschmack und die attraktive rote Farbe mit einem weichen, roten, w\u00fcrzigen Obedi. Dieses Gew\u00fcrz verleiht Ihren verschiedenen Gerichten einen starken Geschmack und eine unverwechselbare Note.\" \/>\n<meta property=\"og:url\" content=\"https:\/\/yasminfood.ch\/de\/product\/hot-red-soft-obaidu-50g\/\" \/>\n<meta property=\"og:site_name\" content=\"Yasmin Food\" \/>\n<meta property=\"article:publisher\" content=\"https:\/\/www.facebook.com\/yasminmarkt1\" \/>\n<meta property=\"article:modified_time\" content=\"2025-10-06T22:39:17+00:00\" \/>\n<meta property=\"og:image\" content=\"https:\/\/yasminfood.ch\/wp-content\/uploads\/2020\/10\/\u062d\u0627\u0631-\u0627\u062d\u0645\u0631-\u0646\u0627\u0639\u0645-\u0639\u0628\u064a\u062f\u0648-50\u063a.png\" \/>\n\t<meta property=\"og:image:width\" content=\"1080\" \/>\n\t<meta property=\"og:image:height\" content=\"1080\" \/>\n\t<meta property=\"og:image:type\" content=\"image\/png\" \/>\n<meta name=\"twitter:card\" content=\"summary_large_image\" \/>\n<meta name=\"twitter:label1\" content=\"Preis\" \/>\n\t<meta name=\"twitter:data1\" content=\"2.50&nbsp;&#067;&#072;&#070;\" \/>\n\t<meta name=\"twitter:label2\" content=\"Verf\u00fcgbarkeit\" \/>\n\t<meta name=\"twitter:data2\" content=\"Auf Lager\" \/>\n<script type=\"application\/ld+json\" class=\"yoast-schema-graph\">{\"@context\":\"https:\\\/\\\/schema.org\",\"@graph\":[{\"@type\":\"WebPage\",\"@id\":\"https:\\\/\\\/yasminfood.ch\\\/de\\\/product\\\/hot-red-soft-obaidu-50g\\\/\",\"url\":\"https:\\\/\\\/yasminfood.ch\\\/de\\\/product\\\/hot-red-soft-obaidu-50g\\\/\",\"name\":\"Hei\u00dfrot weich Obaidu -50g - Yasmin Food\",\"isPartOf\":{\"@id\":\"https:\\\/\\\/yasminfood.ch\\\/de\\\/#website\"},\"primaryImageOfPage\":{\"@id\":\"https:\\\/\\\/yasminfood.ch\\\/de\\\/product\\\/hot-red-soft-obaidu-50g\\\/#primaryimage\"},\"image\":{\"@id\":\"https:\\\/\\\/yasminfood.ch\\\/de\\\/product\\\/hot-red-soft-obaidu-50g\\\/#primaryimage\"},\"thumbnailUrl\":\"https:\\\/\\\/yasminfood.ch\\\/wp-content\\\/uploads\\\/2020\\\/10\\\/\u062d\u0627\u0631-\u0627\u062d\u0645\u0631-\u0646\u0627\u0639\u0645-\u0639\u0628\u064a\u062f\u0648-50\u063a.png\",\"datePublished\":\"2020-10-04T17:05:47+00:00\",\"dateModified\":\"2025-10-06T22:39:17+00:00\",\"description\":\"Genie\u00dfen Sie den Spicy Red Soft Ubeido Flavor -50g zu jeder Mahlzeit! Es verleiht Ihren deftigen Gerichten einen besonderen Geschmack, holen Sie es sich jetzt! \ud83c\udf36\ufe0f Hei\u00dfrot weich Obaidu -50g\",\"breadcrumb\":{\"@id\":\"https:\\\/\\\/yasminfood.ch\\\/de\\\/product\\\/hot-red-soft-obaidu-50g\\\/#breadcrumb\"},\"inLanguage\":\"de\",\"potentialAction\":[{\"@type\":\"ReadAction\",\"target\":[\"https:\\\/\\\/yasminfood.ch\\\/de\\\/product\\\/hot-red-soft-obaidu-50g\\\/\"]}]},{\"@type\":\"ImageObject\",\"inLanguage\":\"de\",\"@id\":\"https:\\\/\\\/yasminfood.ch\\\/de\\\/product\\\/hot-red-soft-obaidu-50g\\\/#primaryimage\",\"url\":\"https:\\\/\\\/yasminfood.ch\\\/wp-content\\\/uploads\\\/2020\\\/10\\\/\u062d\u0627\u0631-\u0627\u062d\u0645\u0631-\u0646\u0627\u0639\u0645-\u0639\u0628\u064a\u062f\u0648-50\u063a.png\",\"contentUrl\":\"https:\\\/\\\/yasminfood.ch\\\/wp-content\\\/uploads\\\/2020\\\/10\\\/\u062d\u0627\u0631-\u0627\u062d\u0645\u0631-\u0646\u0627\u0639\u0645-\u0639\u0628\u064a\u062f\u0648-50\u063a.png\",\"width\":1080,\"height\":1080,\"caption\":\"Hei\u00dfrot weich Obaidu -50g\"},{\"@type\":\"BreadcrumbList\",\"@id\":\"https:\\\/\\\/yasminfood.ch\\\/de\\\/product\\\/hot-red-soft-obaidu-50g\\\/#breadcrumb\",\"itemListElement\":[{\"@type\":\"ListItem\",\"position\":1,\"name\":\"\u0627\u0644\u0631\u0626\u064a\u0633\u064a\u0629\",\"item\":\"https:\\\/\\\/yasminfood.ch\\\/de\\\/zuhause\\\/\"},{\"@type\":\"ListItem\",\"position\":2,\"name\":\"Shop\",\"item\":\"https:\\\/\\\/yasminfood.ch\\\/de\\\/shop\\\/\"},{\"@type\":\"ListItem\",\"position\":3,\"name\":\"Gew\u00fcrze &amp; N\u00fcsse\",\"item\":\"https:\\\/\\\/yasminfood.ch\\\/de\\\/produkt-kategorie\\\/gewuerze-nuesse\\\/\"},{\"@type\":\"ListItem\",\"position\":4,\"name\":\"Gew\u00fcrze\",\"item\":\"https:\\\/\\\/yasminfood.ch\\\/de\\\/produkt-kategorie\\\/gewuerze-nuesse\\\/gewurze\\\/\"},{\"@type\":\"ListItem\",\"position\":5,\"name\":\"Hei\u00dfrot weich Obaidu -50g\"}]},{\"@type\":\"WebSite\",\"@id\":\"https:\\\/\\\/yasminfood.ch\\\/de\\\/#website\",\"url\":\"https:\\\/\\\/yasminfood.ch\\\/de\\\/\",\"name\":\"\u064a\u0627\u0633\u0645\u064a\u0646 \u0645\u0627\u0631\u0643\u062a\",\"description\":\"Alles, was Sie brauchen, an einem Ort\",\"publisher\":{\"@id\":\"https:\\\/\\\/yasminfood.ch\\\/de\\\/#organization\"},\"alternateName\":\"Yasmin Food\",\"potentialAction\":[{\"@type\":\"SearchAction\",\"target\":{\"@type\":\"EntryPoint\",\"urlTemplate\":\"https:\\\/\\\/yasminfood.ch\\\/de\\\/?s={search_term_string}\"},\"query-input\":{\"@type\":\"PropertyValueSpecification\",\"valueRequired\":true,\"valueName\":\"search_term_string\"}}],\"inLanguage\":\"de\"},{\"@type\":\"Organization\",\"@id\":\"https:\\\/\\\/yasminfood.ch\\\/de\\\/#organization\",\"name\":\"\u064a\u0627\u0633\u0645\u064a\u0646 \u0645\u0627\u0631\u0643\u062a\",\"alternateName\":\"Yasmin Food\",\"url\":\"https:\\\/\\\/yasminfood.ch\\\/de\\\/\",\"logo\":{\"@type\":\"ImageObject\",\"inLanguage\":\"de\",\"@id\":\"https:\\\/\\\/yasminfood.ch\\\/de\\\/#\\\/schema\\\/logo\\\/image\\\/\",\"url\":\"https:\\\/\\\/yasminfood.ch\\\/wp-content\\\/uploads\\\/2025\\\/05\\\/yasmin-food-header-logo.png\",\"contentUrl\":\"https:\\\/\\\/yasminfood.ch\\\/wp-content\\\/uploads\\\/2025\\\/05\\\/yasmin-food-header-logo.png\",\"width\":330,\"height\":120,\"caption\":\"\u064a\u0627\u0633\u0645\u064a\u0646 \u0645\u0627\u0631\u0643\u062a\"},\"image\":{\"@id\":\"https:\\\/\\\/yasminfood.ch\\\/de\\\/#\\\/schema\\\/logo\\\/image\\\/\"},\"sameAs\":[\"https:\\\/\\\/www.facebook.com\\\/yasminmarkt1\",\"https:\\\/\\\/www.tiktok.com\\\/@yasminmarkt\",\"https:\\\/\\\/www.instagram.com\\\/yasmin.markt1\\\/\",\"https:\\\/\\\/api.whatsapp.com\\\/send\\\/?phone=41799000104\"],\"publishingPrinciples\":\"https:\\\/\\\/yasminfood.ch\\\/de\\\/shop\\\/\",\"ownershipFundingInfo\":\"https:\\\/\\\/yasminfood.ch\\\/de\\\/shop\\\/\"}]}<\/script>\n<meta property=\"product:price:amount\" content=\"2.50\" \/>\n<meta property=\"product:price:currency\" content=\"CHF\" \/>\n<meta property=\"og:availability\" content=\"instock\" \/>\n<meta property=\"product:availability\" content=\"instock\" \/>\n<meta property=\"product:condition\" content=\"new\" \/>\n<!-- \/ Yoast SEO Premium plugin. -->","yoast_head_json":{"title":"Hei\u00dfrot weich Obaidu -50g - Yasmin Food","description":"Genie\u00dfen Sie den Spicy Red Soft Ubeido Flavor -50g zu jeder Mahlzeit! Es verleiht Ihren deftigen Gerichten einen besonderen Geschmack, holen Sie es sich jetzt! \ud83c\udf36\ufe0f Hei\u00dfrot weich Obaidu -50g","robots":{"index":"index","follow":"follow","max-snippet":"max-snippet:-1","max-image-preview":"max-image-preview:large","max-video-preview":"max-video-preview:-1"},"canonical":"https:\/\/yasminfood.ch\/de\/product\/hot-red-soft-obaidu-50g\/","og_locale":"de_DE","og_type":"article","og_title":"Hei\u00dfrot weich Obaidu -50g","og_description":"\ud83c\udf36\ufe0f Spicy Red Soft Obeido \u2013 50g Genie\u00dfen Sie den w\u00fcrzigen Geschmack und die attraktive rote Farbe mit einem weichen, roten, w\u00fcrzigen Obedi. Dieses Gew\u00fcrz verleiht Ihren verschiedenen Gerichten einen starken Geschmack und eine unverwechselbare Note.","og_url":"https:\/\/yasminfood.ch\/de\/product\/hot-red-soft-obaidu-50g\/","og_site_name":"Yasmin Food","article_publisher":"https:\/\/www.facebook.com\/yasminmarkt1","article_modified_time":"2025-10-06T22:39:17+00:00","og_image":[{"width":1080,"height":1080,"url":"https:\/\/yasminfood.ch\/wp-content\/uploads\/2020\/10\/\u062d\u0627\u0631-\u0627\u062d\u0645\u0631-\u0646\u0627\u0639\u0645-\u0639\u0628\u064a\u062f\u0648-50\u063a.png","type":"image\/png"}],"twitter_card":"summary_large_image","twitter_misc":{"Preis":"2.50&nbsp;&#67;&#72;&#70;","Verf\u00fcgbarkeit":"Auf Lager"},"schema":{"@context":"https:\/\/schema.org","@graph":[{"@type":"WebPage","@id":"https:\/\/yasminfood.ch\/de\/product\/hot-red-soft-obaidu-50g\/","url":"https:\/\/yasminfood.ch\/de\/product\/hot-red-soft-obaidu-50g\/","name":"Hei\u00dfrot weich Obaidu -50g - Yasmin Food","isPartOf":{"@id":"https:\/\/yasminfood.ch\/de\/#website"},"primaryImageOfPage":{"@id":"https:\/\/yasminfood.ch\/de\/product\/hot-red-soft-obaidu-50g\/#primaryimage"},"image":{"@id":"https:\/\/yasminfood.ch\/de\/product\/hot-red-soft-obaidu-50g\/#primaryimage"},"thumbnailUrl":"https:\/\/yasminfood.ch\/wp-content\/uploads\/2020\/10\/\u062d\u0627\u0631-\u0627\u062d\u0645\u0631-\u0646\u0627\u0639\u0645-\u0639\u0628\u064a\u062f\u0648-50\u063a.png","datePublished":"2020-10-04T17:05:47+00:00","dateModified":"2025-10-06T22:39:17+00:00","description":"Genie\u00dfen Sie den Spicy Red Soft Ubeido Flavor -50g zu jeder Mahlzeit! Es verleiht Ihren deftigen Gerichten einen besonderen Geschmack, holen Sie es sich jetzt! \ud83c\udf36\ufe0f Hei\u00dfrot weich Obaidu -50g","breadcrumb":{"@id":"https:\/\/yasminfood.ch\/de\/product\/hot-red-soft-obaidu-50g\/#breadcrumb"},"inLanguage":"de","potentialAction":[{"@type":"ReadAction","target":["https:\/\/yasminfood.ch\/de\/product\/hot-red-soft-obaidu-50g\/"]}]},{"@type":"ImageObject","inLanguage":"de","@id":"https:\/\/yasminfood.ch\/de\/product\/hot-red-soft-obaidu-50g\/#primaryimage","url":"https:\/\/yasminfood.ch\/wp-content\/uploads\/2020\/10\/\u062d\u0627\u0631-\u0627\u062d\u0645\u0631-\u0646\u0627\u0639\u0645-\u0639\u0628\u064a\u062f\u0648-50\u063a.png","contentUrl":"https:\/\/yasminfood.ch\/wp-content\/uploads\/2020\/10\/\u062d\u0627\u0631-\u0627\u062d\u0645\u0631-\u0646\u0627\u0639\u0645-\u0639\u0628\u064a\u062f\u0648-50\u063a.png","width":1080,"height":1080,"caption":"Hei\u00dfrot weich Obaidu -50g"},{"@type":"BreadcrumbList","@id":"https:\/\/yasminfood.ch\/de\/product\/hot-red-soft-obaidu-50g\/#breadcrumb","itemListElement":[{"@type":"ListItem","position":1,"name":"\u0627\u0644\u0631\u0626\u064a\u0633\u064a\u0629","item":"https:\/\/yasminfood.ch\/de\/zuhause\/"},{"@type":"ListItem","position":2,"name":"Shop","item":"https:\/\/yasminfood.ch\/de\/shop\/"},{"@type":"ListItem","position":3,"name":"Gew\u00fcrze &amp; N\u00fcsse","item":"https:\/\/yasminfood.ch\/de\/produkt-kategorie\/gewuerze-nuesse\/"},{"@type":"ListItem","position":4,"name":"Gew\u00fcrze","item":"https:\/\/yasminfood.ch\/de\/produkt-kategorie\/gewuerze-nuesse\/gewurze\/"},{"@type":"ListItem","position":5,"name":"Hei\u00dfrot weich Obaidu -50g"}]},{"@type":"WebSite","@id":"https:\/\/yasminfood.ch\/de\/#website","url":"https:\/\/yasminfood.ch\/de\/","name":"\u064a\u0627\u0633\u0645\u064a\u0646 \u0645\u0627\u0631\u0643\u062a","description":"Alles, was Sie brauchen, an einem Ort","publisher":{"@id":"https:\/\/yasminfood.ch\/de\/#organization"},"alternateName":"Yasmin Food","potentialAction":[{"@type":"SearchAction","target":{"@type":"EntryPoint","urlTemplate":"https:\/\/yasminfood.ch\/de\/?s={search_term_string}"},"query-input":{"@type":"PropertyValueSpecification","valueRequired":true,"valueName":"search_term_string"}}],"inLanguage":"de"},{"@type":"Organization","@id":"https:\/\/yasminfood.ch\/de\/#organization","name":"\u064a\u0627\u0633\u0645\u064a\u0646 \u0645\u0627\u0631\u0643\u062a","alternateName":"Yasmin Food","url":"https:\/\/yasminfood.ch\/de\/","logo":{"@type":"ImageObject","inLanguage":"de","@id":"https:\/\/yasminfood.ch\/de\/#\/schema\/logo\/image\/","url":"https:\/\/yasminfood.ch\/wp-content\/uploads\/2025\/05\/yasmin-food-header-logo.png","contentUrl":"https:\/\/yasminfood.ch\/wp-content\/uploads\/2025\/05\/yasmin-food-header-logo.png","width":330,"height":120,"caption":"\u064a\u0627\u0633\u0645\u064a\u0646 \u0645\u0627\u0631\u0643\u062a"},"image":{"@id":"https:\/\/yasminfood.ch\/de\/#\/schema\/logo\/image\/"},"sameAs":["https:\/\/www.facebook.com\/yasminmarkt1","https:\/\/www.tiktok.com\/@yasminmarkt","https:\/\/www.instagram.com\/yasmin.markt1\/","https:\/\/api.whatsapp.com\/send\/?phone=41799000104"],"publishingPrinciples":"https:\/\/yasminfood.ch\/de\/shop\/","ownershipFundingInfo":"https:\/\/yasminfood.ch\/de\/shop\/"}]},"product_price_amount":"2.50","product_price_currency":"CHF","og_availability":"instock","product_availability":"instock","product_condition":"new"},"jetpack_sharing_enabled":true,"_links":{"self":[{"href":"https:\/\/yasminfood.ch\/de\/wp-json\/wp\/v2\/product\/4827","targetHints":{"allow":["GET"]}}],"collection":[{"href":"https:\/\/yasminfood.ch\/de\/wp-json\/wp\/v2\/product"}],"about":[{"href":"https:\/\/yasminfood.ch\/de\/wp-json\/wp\/v2\/types\/product"}],"replies":[{"embeddable":true,"href":"https:\/\/yasminfood.ch\/de\/wp-json\/wp\/v2\/comments?post=4827"}],"version-history":[{"count":1,"href":"https:\/\/yasminfood.ch\/de\/wp-json\/wp\/v2\/product\/4827\/revisions"}],"predecessor-version":[{"id":119976,"href":"https:\/\/yasminfood.ch\/de\/wp-json\/wp\/v2\/product\/4827\/revisions\/119976"}],"wp:featuredmedia":[{"embeddable":true,"href":"https:\/\/yasminfood.ch\/de\/wp-json\/wp\/v2\/media\/111565"}],"wp:attachment":[{"href":"https:\/\/yasminfood.ch\/de\/wp-json\/wp\/v2\/media?parent=4827"}],"wp:term":[{"taxonomy":"product_brand","embeddable":true,"href":"https:\/\/yasminfood.ch\/de\/wp-json\/wp\/v2\/product_brand?post=4827"},{"taxonomy":"product_cat","embeddable":true,"href":"https:\/\/yasminfood.ch\/de\/wp-json\/wp\/v2\/product_cat?post=4827"},{"taxonomy":"product_tag","embeddable":true,"href":"https:\/\/yasminfood.ch\/de\/wp-json\/wp\/v2\/product_tag?post=4827"}],"curies":[{"name":"wp","href":"https:\/\/api.w.org\/{rel}","templated":true}]}}