{"id":4846,"date":"2020-10-04T19:00:44","date_gmt":"2020-10-04T17:00:44","guid":{"rendered":"https:\/\/yasminfood.ch\/product\/marokkanische-gewuerze-obeidou-50g\/"},"modified":"2025-10-04T01:22:46","modified_gmt":"2025-10-03T23:22:46","slug":"bharat-marokkanisch-obeidou-50g","status":"publish","type":"product","link":"https:\/\/yasminfood.ch\/de\/product\/bharat-marokkanisch-obeidou-50g\/","title":{"rendered":"Marokkanische Gew\u00fcrze Obeidou -50g"},"content":{"rendered":"<p data-start=\"202\" data-end=\"408\"><strong data-start=\"202\" data-end=\"231\">Abidou Marokkanische Gew\u00fcrze &#8211; 50g<\/strong> verleihen Ihren Gerichten eine unverwechselbare Note, inspiriert von der authentischen marokkanischen K\u00fcche. Diese Mischung aus ausgew\u00e4hlten nat\u00fcrlichen Gew\u00fcrzen <\/p>\n<p data-start=\"202\" data-end=\"408\">Es kombiniert w\u00fcrzige, s\u00e4uerliche und aromatische Aromen, um den Speisen einen ausgewogenen und reichhaltigen Geschmack zu verleihen.<\/p>\n<p data-start=\"410\" data-end=\"426\"><strong data-start=\"410\" data-end=\"424\">Leistungsbeschreibung:<\/strong><\/p>\n<ul data-start=\"427\" data-end=\"533\">\n<li data-start=\"427\" data-end=\"449\">\n<p data-start=\"429\" data-end=\"449\">Nettogewicht: 50 g <\/p>\n<\/li>\n<li data-start=\"450\" data-end=\"484\">\n<p data-start=\"452\" data-end=\"484\">Vielf\u00e4ltige Mischung aus nat\u00fcrlichen Gew\u00fcrzen<\/p>\n<\/li>\n<li data-start=\"485\" data-end=\"533\">\n<p data-start=\"487\" data-end=\"533\">Geeignet f\u00fcr Fleisch, H\u00fchnchen, Gem\u00fcse und Saucen <\/p>\n<\/li>\n<\/ul>\n<p data-start=\"535\" data-end=\"550\"><strong data-start=\"535\" data-end=\"548\">Funktionen:<\/strong><\/p>\n<ul data-start=\"551\" data-end=\"686\">\n<li data-start=\"551\" data-end=\"598\">\n<p data-start=\"553\" data-end=\"598\">Verleiht der marokkanischen und arabischen K\u00fcche einen authentischen Geschmack<\/p>\n<\/li>\n<li data-start=\"599\" data-end=\"645\">\n<p data-start=\"601\" data-end=\"645\">Einfach zu bedienen f\u00fcr das t\u00e4gliche Kochen oder Anl\u00e4sse<\/p>\n<\/li>\n<li data-start=\"646\" data-end=\"686\">\n<p data-start=\"648\" data-end=\"686\">Dichte Verpackung, um den Geschmack frisch zu halten<\/p>\n<\/li>\n<\/ul>\n<p data-start=\"688\" data-end=\"853\">Egal, ob Sie marokkanische Tajine oder andere orientalische Gerichte zubereiten, diese Mischung verleiht Ihrem Rezept einen einzigartigen Geschmack, der Ihr Rezept noch spezieller macht <\/p>\n","protected":false},"excerpt":{"rendered":"<p data-start=\"202\" data-end=\"408\"><strong data-start=\"202\" data-end=\"231\">Abidou Marokkanische Gew\u00fcrze &#8211; 50g<\/strong> verleihen Ihren Gerichten eine unverwechselbare Note, inspiriert von der authentischen marokkanischen K\u00fcche. Diese Mischung aus ausgew\u00e4hlten nat\u00fcrlichen Gew\u00fcrzen <\/p>\n<p data-start=\"202\" data-end=\"408\">Es kombiniert w\u00fcrzige, s\u00e4uerliche und aromatische Aromen, um den Speisen einen ausgewogenen und reichhaltigen Geschmack zu verleihen.<\/p>\n<p data-start=\"410\" data-end=\"426\">\n","protected":false},"featured_media":111591,"comment_status":"open","ping_status":"closed","template":"","meta":[],"product_brand":[],"product_cat":[360,356],"product_tag":[598],"class_list":{"0":"post-4846","1":"product","2":"type-product","3":"status-publish","4":"has-post-thumbnail","6":"product_cat-gewurze","7":"product_cat-gewuerze-nuesse","8":"product_tag-100-qualitat","10":"first","11":"instock","12":"taxable","13":"shipping-taxable","14":"purchasable","15":"product-type-simple"},"yoast_head":"<!-- This site is optimized with the Yoast SEO Premium plugin v26.5 (Yoast SEO v27.3) - https:\/\/yoast.com\/product\/yoast-seo-premium-wordpress\/ -->\n<title>Marokkanische Gew\u00fcrze Obeidou -50g - Yasmin Food<\/title>\n<meta name=\"description\" content=\"Verleihen Sie Ihren Gerichten eine besondere Note mit Abidou Marokkanisches Gew\u00fcrz -50g. Eine wunderbare Kombination aus w\u00fcrzigen und aromatischen Aromen macht Ihr Essen unwiderstehlich! Marokkanische Gew\u00fcrze Obeidou -50g\" \/>\n<meta name=\"robots\" content=\"index, follow, max-snippet:-1, max-image-preview:large, max-video-preview:-1\" \/>\n<link rel=\"canonical\" href=\"https:\/\/yasminfood.ch\/de\/product\/bharat-marokkanisch-obeidou-50g\/\" \/>\n<meta property=\"og:locale\" content=\"de_DE\" \/>\n<meta property=\"og:type\" content=\"article\" \/>\n<meta property=\"og:title\" content=\"Marokkanische Gew\u00fcrze Obeidou -50g\" \/>\n<meta property=\"og:description\" content=\"Abidou Marokkanische Gew\u00fcrze - 50g verleihen Ihren Gerichten eine unverwechselbare Note, inspiriert von der authentischen marokkanischen K\u00fcche. Diese Mischung aus ausgew\u00e4hlten nat\u00fcrlichen Gew\u00fcrzen Es kombiniert w\u00fcrzige, s\u00e4uerliche und aromatische Aromen, um den Speisen einen ausgewogenen und reichhaltigen Geschmack zu verleihen.\" \/>\n<meta property=\"og:url\" content=\"https:\/\/yasminfood.ch\/de\/product\/bharat-marokkanisch-obeidou-50g\/\" \/>\n<meta property=\"og:site_name\" content=\"Yasmin Food\" \/>\n<meta property=\"article:publisher\" content=\"https:\/\/www.facebook.com\/yasminmarkt1\" \/>\n<meta property=\"article:modified_time\" content=\"2025-10-03T23:22:46+00:00\" \/>\n<meta property=\"og:image\" content=\"https:\/\/yasminfood.ch\/wp-content\/uploads\/2020\/10\/\u0628\u0647\u0627\u0631\u0627\u062a-\u0645\u063a\u0631\u0628\u064a\u0629-\u0639\u0628\u064a\u062f\u0648-50\u063a.png\" \/>\n\t<meta property=\"og:image:width\" content=\"1080\" \/>\n\t<meta property=\"og:image:height\" content=\"1080\" \/>\n\t<meta property=\"og:image:type\" content=\"image\/png\" \/>\n<meta name=\"twitter:card\" content=\"summary_large_image\" \/>\n<meta name=\"twitter:label1\" content=\"Preis\" \/>\n\t<meta name=\"twitter:data1\" content=\"2.50&nbsp;&#067;&#072;&#070;\" \/>\n\t<meta name=\"twitter:label2\" content=\"Verf\u00fcgbarkeit\" \/>\n\t<meta name=\"twitter:data2\" content=\"Auf Lager\" \/>\n<script type=\"application\/ld+json\" class=\"yoast-schema-graph\">{\"@context\":\"https:\\\/\\\/schema.org\",\"@graph\":[{\"@type\":\"WebPage\",\"@id\":\"https:\\\/\\\/yasminfood.ch\\\/de\\\/product\\\/bharat-marokkanisch-obeidou-50g\\\/\",\"url\":\"https:\\\/\\\/yasminfood.ch\\\/de\\\/product\\\/bharat-marokkanisch-obeidou-50g\\\/\",\"name\":\"Marokkanische Gew\u00fcrze Obeidou -50g - Yasmin Food\",\"isPartOf\":{\"@id\":\"https:\\\/\\\/yasminfood.ch\\\/de\\\/#website\"},\"primaryImageOfPage\":{\"@id\":\"https:\\\/\\\/yasminfood.ch\\\/de\\\/product\\\/bharat-marokkanisch-obeidou-50g\\\/#primaryimage\"},\"image\":{\"@id\":\"https:\\\/\\\/yasminfood.ch\\\/de\\\/product\\\/bharat-marokkanisch-obeidou-50g\\\/#primaryimage\"},\"thumbnailUrl\":\"https:\\\/\\\/yasminfood.ch\\\/wp-content\\\/uploads\\\/2020\\\/10\\\/\u0628\u0647\u0627\u0631\u0627\u062a-\u0645\u063a\u0631\u0628\u064a\u0629-\u0639\u0628\u064a\u062f\u0648-50\u063a.png\",\"datePublished\":\"2020-10-04T17:00:44+00:00\",\"dateModified\":\"2025-10-03T23:22:46+00:00\",\"description\":\"Verleihen Sie Ihren Gerichten eine besondere Note mit Abidou Marokkanisches Gew\u00fcrz -50g. Eine wunderbare Kombination aus w\u00fcrzigen und aromatischen Aromen macht Ihr Essen unwiderstehlich! Marokkanische Gew\u00fcrze Obeidou -50g\",\"breadcrumb\":{\"@id\":\"https:\\\/\\\/yasminfood.ch\\\/de\\\/product\\\/bharat-marokkanisch-obeidou-50g\\\/#breadcrumb\"},\"inLanguage\":\"de\",\"potentialAction\":[{\"@type\":\"ReadAction\",\"target\":[\"https:\\\/\\\/yasminfood.ch\\\/de\\\/product\\\/bharat-marokkanisch-obeidou-50g\\\/\"]}]},{\"@type\":\"ImageObject\",\"inLanguage\":\"de\",\"@id\":\"https:\\\/\\\/yasminfood.ch\\\/de\\\/product\\\/bharat-marokkanisch-obeidou-50g\\\/#primaryimage\",\"url\":\"https:\\\/\\\/yasminfood.ch\\\/wp-content\\\/uploads\\\/2020\\\/10\\\/\u0628\u0647\u0627\u0631\u0627\u062a-\u0645\u063a\u0631\u0628\u064a\u0629-\u0639\u0628\u064a\u062f\u0648-50\u063a.png\",\"contentUrl\":\"https:\\\/\\\/yasminfood.ch\\\/wp-content\\\/uploads\\\/2020\\\/10\\\/\u0628\u0647\u0627\u0631\u0627\u062a-\u0645\u063a\u0631\u0628\u064a\u0629-\u0639\u0628\u064a\u062f\u0648-50\u063a.png\",\"width\":1080,\"height\":1080,\"caption\":\"Marokkanische Gew\u00fcrze Obeidou -50g\"},{\"@type\":\"BreadcrumbList\",\"@id\":\"https:\\\/\\\/yasminfood.ch\\\/de\\\/product\\\/bharat-marokkanisch-obeidou-50g\\\/#breadcrumb\",\"itemListElement\":[{\"@type\":\"ListItem\",\"position\":1,\"name\":\"\u0627\u0644\u0631\u0626\u064a\u0633\u064a\u0629\",\"item\":\"https:\\\/\\\/yasminfood.ch\\\/de\\\/zuhause\\\/\"},{\"@type\":\"ListItem\",\"position\":2,\"name\":\"Shop\",\"item\":\"https:\\\/\\\/yasminfood.ch\\\/de\\\/shop\\\/\"},{\"@type\":\"ListItem\",\"position\":3,\"name\":\"Gew\u00fcrze &amp; N\u00fcsse\",\"item\":\"https:\\\/\\\/yasminfood.ch\\\/de\\\/produkt-kategorie\\\/gewuerze-nuesse\\\/\"},{\"@type\":\"ListItem\",\"position\":4,\"name\":\"Gew\u00fcrze\",\"item\":\"https:\\\/\\\/yasminfood.ch\\\/de\\\/produkt-kategorie\\\/gewuerze-nuesse\\\/gewurze\\\/\"},{\"@type\":\"ListItem\",\"position\":5,\"name\":\"Marokkanische Gew\u00fcrze Obeidou -50g\"}]},{\"@type\":\"WebSite\",\"@id\":\"https:\\\/\\\/yasminfood.ch\\\/de\\\/#website\",\"url\":\"https:\\\/\\\/yasminfood.ch\\\/de\\\/\",\"name\":\"\u064a\u0627\u0633\u0645\u064a\u0646 \u0645\u0627\u0631\u0643\u062a\",\"description\":\"Alles, was Sie brauchen, an einem Ort\",\"publisher\":{\"@id\":\"https:\\\/\\\/yasminfood.ch\\\/de\\\/#organization\"},\"alternateName\":\"Yasmin Food\",\"potentialAction\":[{\"@type\":\"SearchAction\",\"target\":{\"@type\":\"EntryPoint\",\"urlTemplate\":\"https:\\\/\\\/yasminfood.ch\\\/de\\\/?s={search_term_string}\"},\"query-input\":{\"@type\":\"PropertyValueSpecification\",\"valueRequired\":true,\"valueName\":\"search_term_string\"}}],\"inLanguage\":\"de\"},{\"@type\":\"Organization\",\"@id\":\"https:\\\/\\\/yasminfood.ch\\\/de\\\/#organization\",\"name\":\"\u064a\u0627\u0633\u0645\u064a\u0646 \u0645\u0627\u0631\u0643\u062a\",\"alternateName\":\"Yasmin Food\",\"url\":\"https:\\\/\\\/yasminfood.ch\\\/de\\\/\",\"logo\":{\"@type\":\"ImageObject\",\"inLanguage\":\"de\",\"@id\":\"https:\\\/\\\/yasminfood.ch\\\/de\\\/#\\\/schema\\\/logo\\\/image\\\/\",\"url\":\"https:\\\/\\\/yasminfood.ch\\\/wp-content\\\/uploads\\\/2025\\\/05\\\/yasmin-food-header-logo.png\",\"contentUrl\":\"https:\\\/\\\/yasminfood.ch\\\/wp-content\\\/uploads\\\/2025\\\/05\\\/yasmin-food-header-logo.png\",\"width\":330,\"height\":120,\"caption\":\"\u064a\u0627\u0633\u0645\u064a\u0646 \u0645\u0627\u0631\u0643\u062a\"},\"image\":{\"@id\":\"https:\\\/\\\/yasminfood.ch\\\/de\\\/#\\\/schema\\\/logo\\\/image\\\/\"},\"sameAs\":[\"https:\\\/\\\/www.facebook.com\\\/yasminmarkt1\",\"https:\\\/\\\/www.tiktok.com\\\/@yasminmarkt\",\"https:\\\/\\\/www.instagram.com\\\/yasmin.markt1\\\/\",\"https:\\\/\\\/api.whatsapp.com\\\/send\\\/?phone=41799000104\"],\"publishingPrinciples\":\"https:\\\/\\\/yasminfood.ch\\\/de\\\/shop\\\/\",\"ownershipFundingInfo\":\"https:\\\/\\\/yasminfood.ch\\\/de\\\/shop\\\/\"}]}<\/script>\n<meta property=\"product:price:amount\" content=\"2.50\" \/>\n<meta property=\"product:price:currency\" content=\"CHF\" \/>\n<meta property=\"og:availability\" content=\"instock\" \/>\n<meta property=\"product:availability\" content=\"instock\" \/>\n<meta property=\"product:condition\" content=\"new\" \/>\n<!-- \/ Yoast SEO Premium plugin. -->","yoast_head_json":{"title":"Marokkanische Gew\u00fcrze Obeidou -50g - Yasmin Food","description":"Verleihen Sie Ihren Gerichten eine besondere Note mit Abidou Marokkanisches Gew\u00fcrz -50g. Eine wunderbare Kombination aus w\u00fcrzigen und aromatischen Aromen macht Ihr Essen unwiderstehlich! Marokkanische Gew\u00fcrze Obeidou -50g","robots":{"index":"index","follow":"follow","max-snippet":"max-snippet:-1","max-image-preview":"max-image-preview:large","max-video-preview":"max-video-preview:-1"},"canonical":"https:\/\/yasminfood.ch\/de\/product\/bharat-marokkanisch-obeidou-50g\/","og_locale":"de_DE","og_type":"article","og_title":"Marokkanische Gew\u00fcrze Obeidou -50g","og_description":"Abidou Marokkanische Gew\u00fcrze - 50g verleihen Ihren Gerichten eine unverwechselbare Note, inspiriert von der authentischen marokkanischen K\u00fcche. Diese Mischung aus ausgew\u00e4hlten nat\u00fcrlichen Gew\u00fcrzen Es kombiniert w\u00fcrzige, s\u00e4uerliche und aromatische Aromen, um den Speisen einen ausgewogenen und reichhaltigen Geschmack zu verleihen.","og_url":"https:\/\/yasminfood.ch\/de\/product\/bharat-marokkanisch-obeidou-50g\/","og_site_name":"Yasmin Food","article_publisher":"https:\/\/www.facebook.com\/yasminmarkt1","article_modified_time":"2025-10-03T23:22:46+00:00","og_image":[{"width":1080,"height":1080,"url":"https:\/\/yasminfood.ch\/wp-content\/uploads\/2020\/10\/\u0628\u0647\u0627\u0631\u0627\u062a-\u0645\u063a\u0631\u0628\u064a\u0629-\u0639\u0628\u064a\u062f\u0648-50\u063a.png","type":"image\/png"}],"twitter_card":"summary_large_image","twitter_misc":{"Preis":"2.50&nbsp;&#67;&#72;&#70;","Verf\u00fcgbarkeit":"Auf Lager"},"schema":{"@context":"https:\/\/schema.org","@graph":[{"@type":"WebPage","@id":"https:\/\/yasminfood.ch\/de\/product\/bharat-marokkanisch-obeidou-50g\/","url":"https:\/\/yasminfood.ch\/de\/product\/bharat-marokkanisch-obeidou-50g\/","name":"Marokkanische Gew\u00fcrze Obeidou -50g - Yasmin Food","isPartOf":{"@id":"https:\/\/yasminfood.ch\/de\/#website"},"primaryImageOfPage":{"@id":"https:\/\/yasminfood.ch\/de\/product\/bharat-marokkanisch-obeidou-50g\/#primaryimage"},"image":{"@id":"https:\/\/yasminfood.ch\/de\/product\/bharat-marokkanisch-obeidou-50g\/#primaryimage"},"thumbnailUrl":"https:\/\/yasminfood.ch\/wp-content\/uploads\/2020\/10\/\u0628\u0647\u0627\u0631\u0627\u062a-\u0645\u063a\u0631\u0628\u064a\u0629-\u0639\u0628\u064a\u062f\u0648-50\u063a.png","datePublished":"2020-10-04T17:00:44+00:00","dateModified":"2025-10-03T23:22:46+00:00","description":"Verleihen Sie Ihren Gerichten eine besondere Note mit Abidou Marokkanisches Gew\u00fcrz -50g. Eine wunderbare Kombination aus w\u00fcrzigen und aromatischen Aromen macht Ihr Essen unwiderstehlich! Marokkanische Gew\u00fcrze Obeidou -50g","breadcrumb":{"@id":"https:\/\/yasminfood.ch\/de\/product\/bharat-marokkanisch-obeidou-50g\/#breadcrumb"},"inLanguage":"de","potentialAction":[{"@type":"ReadAction","target":["https:\/\/yasminfood.ch\/de\/product\/bharat-marokkanisch-obeidou-50g\/"]}]},{"@type":"ImageObject","inLanguage":"de","@id":"https:\/\/yasminfood.ch\/de\/product\/bharat-marokkanisch-obeidou-50g\/#primaryimage","url":"https:\/\/yasminfood.ch\/wp-content\/uploads\/2020\/10\/\u0628\u0647\u0627\u0631\u0627\u062a-\u0645\u063a\u0631\u0628\u064a\u0629-\u0639\u0628\u064a\u062f\u0648-50\u063a.png","contentUrl":"https:\/\/yasminfood.ch\/wp-content\/uploads\/2020\/10\/\u0628\u0647\u0627\u0631\u0627\u062a-\u0645\u063a\u0631\u0628\u064a\u0629-\u0639\u0628\u064a\u062f\u0648-50\u063a.png","width":1080,"height":1080,"caption":"Marokkanische Gew\u00fcrze Obeidou -50g"},{"@type":"BreadcrumbList","@id":"https:\/\/yasminfood.ch\/de\/product\/bharat-marokkanisch-obeidou-50g\/#breadcrumb","itemListElement":[{"@type":"ListItem","position":1,"name":"\u0627\u0644\u0631\u0626\u064a\u0633\u064a\u0629","item":"https:\/\/yasminfood.ch\/de\/zuhause\/"},{"@type":"ListItem","position":2,"name":"Shop","item":"https:\/\/yasminfood.ch\/de\/shop\/"},{"@type":"ListItem","position":3,"name":"Gew\u00fcrze &amp; N\u00fcsse","item":"https:\/\/yasminfood.ch\/de\/produkt-kategorie\/gewuerze-nuesse\/"},{"@type":"ListItem","position":4,"name":"Gew\u00fcrze","item":"https:\/\/yasminfood.ch\/de\/produkt-kategorie\/gewuerze-nuesse\/gewurze\/"},{"@type":"ListItem","position":5,"name":"Marokkanische Gew\u00fcrze Obeidou -50g"}]},{"@type":"WebSite","@id":"https:\/\/yasminfood.ch\/de\/#website","url":"https:\/\/yasminfood.ch\/de\/","name":"\u064a\u0627\u0633\u0645\u064a\u0646 \u0645\u0627\u0631\u0643\u062a","description":"Alles, was Sie brauchen, an einem Ort","publisher":{"@id":"https:\/\/yasminfood.ch\/de\/#organization"},"alternateName":"Yasmin Food","potentialAction":[{"@type":"SearchAction","target":{"@type":"EntryPoint","urlTemplate":"https:\/\/yasminfood.ch\/de\/?s={search_term_string}"},"query-input":{"@type":"PropertyValueSpecification","valueRequired":true,"valueName":"search_term_string"}}],"inLanguage":"de"},{"@type":"Organization","@id":"https:\/\/yasminfood.ch\/de\/#organization","name":"\u064a\u0627\u0633\u0645\u064a\u0646 \u0645\u0627\u0631\u0643\u062a","alternateName":"Yasmin Food","url":"https:\/\/yasminfood.ch\/de\/","logo":{"@type":"ImageObject","inLanguage":"de","@id":"https:\/\/yasminfood.ch\/de\/#\/schema\/logo\/image\/","url":"https:\/\/yasminfood.ch\/wp-content\/uploads\/2025\/05\/yasmin-food-header-logo.png","contentUrl":"https:\/\/yasminfood.ch\/wp-content\/uploads\/2025\/05\/yasmin-food-header-logo.png","width":330,"height":120,"caption":"\u064a\u0627\u0633\u0645\u064a\u0646 \u0645\u0627\u0631\u0643\u062a"},"image":{"@id":"https:\/\/yasminfood.ch\/de\/#\/schema\/logo\/image\/"},"sameAs":["https:\/\/www.facebook.com\/yasminmarkt1","https:\/\/www.tiktok.com\/@yasminmarkt","https:\/\/www.instagram.com\/yasmin.markt1\/","https:\/\/api.whatsapp.com\/send\/?phone=41799000104"],"publishingPrinciples":"https:\/\/yasminfood.ch\/de\/shop\/","ownershipFundingInfo":"https:\/\/yasminfood.ch\/de\/shop\/"}]},"product_price_amount":"2.50","product_price_currency":"CHF","og_availability":"instock","product_availability":"instock","product_condition":"new"},"jetpack_sharing_enabled":true,"_links":{"self":[{"href":"https:\/\/yasminfood.ch\/de\/wp-json\/wp\/v2\/product\/4846","targetHints":{"allow":["GET"]}}],"collection":[{"href":"https:\/\/yasminfood.ch\/de\/wp-json\/wp\/v2\/product"}],"about":[{"href":"https:\/\/yasminfood.ch\/de\/wp-json\/wp\/v2\/types\/product"}],"replies":[{"embeddable":true,"href":"https:\/\/yasminfood.ch\/de\/wp-json\/wp\/v2\/comments?post=4846"}],"version-history":[{"count":1,"href":"https:\/\/yasminfood.ch\/de\/wp-json\/wp\/v2\/product\/4846\/revisions"}],"predecessor-version":[{"id":119888,"href":"https:\/\/yasminfood.ch\/de\/wp-json\/wp\/v2\/product\/4846\/revisions\/119888"}],"wp:featuredmedia":[{"embeddable":true,"href":"https:\/\/yasminfood.ch\/de\/wp-json\/wp\/v2\/media\/111591"}],"wp:attachment":[{"href":"https:\/\/yasminfood.ch\/de\/wp-json\/wp\/v2\/media?parent=4846"}],"wp:term":[{"taxonomy":"product_brand","embeddable":true,"href":"https:\/\/yasminfood.ch\/de\/wp-json\/wp\/v2\/product_brand?post=4846"},{"taxonomy":"product_cat","embeddable":true,"href":"https:\/\/yasminfood.ch\/de\/wp-json\/wp\/v2\/product_cat?post=4846"},{"taxonomy":"product_tag","embeddable":true,"href":"https:\/\/yasminfood.ch\/de\/wp-json\/wp\/v2\/product_tag?post=4846"}],"curies":[{"name":"wp","href":"https:\/\/api.w.org\/{rel}","templated":true}]}}