{"id":4888,"date":"2020-10-04T18:46:02","date_gmt":"2020-10-04T16:46:02","guid":{"rendered":"https:\/\/yasminfood.ch\/product\/shish-tawouk-obaidu-50g\/"},"modified":"2025-10-04T01:22:50","modified_gmt":"2025-10-03T23:22:50","slug":"bhar-shish-tawouk-obaidu-50g","status":"publish","type":"product","link":"https:\/\/yasminfood.ch\/de\/product\/bhar-shish-tawouk-obaidu-50g\/","title":{"rendered":"Shish Tawouk Obaidu (50g)"},"content":{"rendered":"<div class=\"row\">\n<div class=\"col-12 product-content-wrapper order-lg-last\">\n<div class=\"product-more-details\">\n<div class=\"woocommerce-tabs wc-tabs-wrapper\">\n<div id=\"tab-description\" class=\"woocommerce-Tabs-panel woocommerce-Tabs-panel--description panel entry-content wc-tab\" role=\"tabpanel\" aria-labelledby=\"tab-title-description\">\n<p data-start=\"150\" data-end=\"393\"><strong data-start=\"150\" data-end=\"182\">Shish Tawook Abido Spice &#8211; 50g<\/strong> ist die perfekte Mischung aus nat\u00fcrlichen Gew\u00fcrzen, die H\u00fchnergerichten einen unverwechselbaren Geschmack und ein k\u00f6stliches Aroma verleihen.<\/p>\n<p data-start=\"150\" data-end=\"393\">Dieses Gew\u00fcrz enth\u00e4lt sorgf\u00e4ltig ausgew\u00e4hlte Zutaten, die einen ausgewogenen Geschmack von S\u00e4ure und Gew\u00fcrzen verleihen und Schaschlik Tawook Tawook schmackhafter und einfacher zuzubereiten machen. <\/p>\n<p data-start=\"395\" data-end=\"411\"><strong data-start=\"395\" data-end=\"409\">Leistungsbeschreibung:<\/strong><\/p>\n<ul data-start=\"412\" data-end=\"503\">\n<li data-start=\"412\" data-end=\"434\">\n<p data-start=\"414\" data-end=\"434\">Nettogewicht: 50 g <\/p>\n<\/li>\n<li data-start=\"435\" data-end=\"464\">\n<p data-start=\"437\" data-end=\"464\">Hochwertige nat\u00fcrliche Gew\u00fcrze<\/p>\n<\/li>\n<li data-start=\"465\" data-end=\"503\">\n<p data-start=\"467\" data-end=\"503\">Geeignet zum Marinieren von gegrilltem und gebratenem H\u00e4hnchen<\/p>\n<\/li>\n<\/ul>\n<p data-start=\"505\" data-end=\"520\"><strong data-start=\"505\" data-end=\"518\">Funktionen:<\/strong><\/p>\n<ul data-start=\"521\" data-end=\"635\">\n<li data-start=\"521\" data-end=\"561\">\n<p data-start=\"523\" data-end=\"561\">Verleiht den authentischen Geschmack von Schaschlik-Tawook-Rezepten<\/p>\n<\/li>\n<li data-start=\"562\" data-end=\"593\">\n<p data-start=\"564\" data-end=\"593\">Einfach zu bedienen und schnell zubereitet<\/p>\n<\/li>\n<li data-start=\"594\" data-end=\"635\">\n<p data-start=\"596\" data-end=\"635\">Praktische Verpackung, die Geschmack und Frische bewahrt<\/p>\n<\/li>\n<\/ul>\n<p data-start=\"637\" data-end=\"791\">Mit diesem Fr\u00fchling erhalten Sie eine fertige und erfolgreiche Marinade, die Ihre Gerichte bei der ganzen Familie beliebt macht. <\/p>\n<\/div>\n<\/div>\n<\/div>\n<\/div>\n<\/div>\n","protected":false},"excerpt":{"rendered":"<p><strong data-start=\"150\" data-end=\"182\">Shish Tawook Abido Spice &#8211; 50g<\/strong> ist die perfekte Mischung aus nat\u00fcrlichen Gew\u00fcrzen, die H\u00fchnergerichten einen unverwechselbaren Geschmack und ein k\u00f6stliches Aroma verleihen.<\/p>\n","protected":false},"featured_media":111602,"comment_status":"open","ping_status":"closed","template":"","meta":[],"product_brand":[],"product_cat":[360,356],"product_tag":[598],"class_list":{"0":"post-4888","1":"product","2":"type-product","3":"status-publish","4":"has-post-thumbnail","6":"product_cat-gewurze","7":"product_cat-gewuerze-nuesse","8":"product_tag-100-qualitat","10":"first","11":"instock","12":"taxable","13":"shipping-taxable","14":"purchasable","15":"product-type-simple"},"yoast_head":"<!-- This site is optimized with the Yoast SEO Premium plugin v26.5 (Yoast SEO v27.3) - https:\/\/yoast.com\/product\/yoast-seo-premium-wordpress\/ -->\n<title>Shish Tawouk Obaidu (50g) - Yasmin Food<\/title>\n<meta name=\"description\" content=\"Genie\u00dfen Sie einen unverwechselbaren Geschmack mit Shish Tawook Obeido 50g, da es den H\u00fchnchengerichten einen k\u00f6stlichen und einfach zuzubereitenden Touch verleiht. Holen Sie sich jetzt Ihr Paket! Shish Tawouk Obaidu (50g)\" \/>\n<meta name=\"robots\" content=\"index, follow, max-snippet:-1, max-image-preview:large, max-video-preview:-1\" \/>\n<link rel=\"canonical\" href=\"https:\/\/yasminfood.ch\/de\/product\/bhar-shish-tawouk-obaidu-50g\/\" \/>\n<meta property=\"og:locale\" content=\"de_DE\" \/>\n<meta property=\"og:type\" content=\"article\" \/>\n<meta property=\"og:title\" content=\"Shish Tawouk Obaidu (50g)\" \/>\n<meta property=\"og:description\" content=\"Shish Tawook Abido Spice - 50g ist die perfekte Mischung aus nat\u00fcrlichen Gew\u00fcrzen, die H\u00fchnergerichten einen unverwechselbaren Geschmack und ein k\u00f6stliches Aroma verleihen.\" \/>\n<meta property=\"og:url\" content=\"https:\/\/yasminfood.ch\/de\/product\/bhar-shish-tawouk-obaidu-50g\/\" \/>\n<meta property=\"og:site_name\" content=\"Yasmin Food\" \/>\n<meta property=\"article:publisher\" content=\"https:\/\/www.facebook.com\/yasminmarkt1\" \/>\n<meta property=\"article:modified_time\" content=\"2025-10-03T23:22:50+00:00\" \/>\n<meta property=\"og:image\" content=\"https:\/\/yasminfood.ch\/wp-content\/uploads\/2020\/10\/\u0628\u0647\u0627\u0631-\u0627\u0644\u0634\u064a\u0634-\u0637\u0627\u0648\u0648\u0642-\u0639\u0628\u064a\u062f\u0648-50\u063a.png\" \/>\n\t<meta property=\"og:image:width\" content=\"1080\" \/>\n\t<meta property=\"og:image:height\" content=\"1080\" \/>\n\t<meta property=\"og:image:type\" content=\"image\/png\" \/>\n<meta name=\"twitter:card\" content=\"summary_large_image\" \/>\n<meta name=\"twitter:label1\" content=\"Preis\" \/>\n\t<meta name=\"twitter:data1\" content=\"2.50&nbsp;&#067;&#072;&#070;\" \/>\n\t<meta name=\"twitter:label2\" content=\"Verf\u00fcgbarkeit\" \/>\n\t<meta name=\"twitter:data2\" content=\"Auf Lager\" \/>\n<script type=\"application\/ld+json\" class=\"yoast-schema-graph\">{\"@context\":\"https:\\\/\\\/schema.org\",\"@graph\":[{\"@type\":\"WebPage\",\"@id\":\"https:\\\/\\\/yasminfood.ch\\\/de\\\/product\\\/bhar-shish-tawouk-obaidu-50g\\\/\",\"url\":\"https:\\\/\\\/yasminfood.ch\\\/de\\\/product\\\/bhar-shish-tawouk-obaidu-50g\\\/\",\"name\":\"Shish Tawouk Obaidu (50g) - Yasmin Food\",\"isPartOf\":{\"@id\":\"https:\\\/\\\/yasminfood.ch\\\/de\\\/#website\"},\"primaryImageOfPage\":{\"@id\":\"https:\\\/\\\/yasminfood.ch\\\/de\\\/product\\\/bhar-shish-tawouk-obaidu-50g\\\/#primaryimage\"},\"image\":{\"@id\":\"https:\\\/\\\/yasminfood.ch\\\/de\\\/product\\\/bhar-shish-tawouk-obaidu-50g\\\/#primaryimage\"},\"thumbnailUrl\":\"https:\\\/\\\/yasminfood.ch\\\/wp-content\\\/uploads\\\/2020\\\/10\\\/\u0628\u0647\u0627\u0631-\u0627\u0644\u0634\u064a\u0634-\u0637\u0627\u0648\u0648\u0642-\u0639\u0628\u064a\u062f\u0648-50\u063a.png\",\"datePublished\":\"2020-10-04T16:46:02+00:00\",\"dateModified\":\"2025-10-03T23:22:50+00:00\",\"description\":\"Genie\u00dfen Sie einen unverwechselbaren Geschmack mit Shish Tawook Obeido 50g, da es den H\u00fchnchengerichten einen k\u00f6stlichen und einfach zuzubereitenden Touch verleiht. Holen Sie sich jetzt Ihr Paket! Shish Tawouk Obaidu (50g)\",\"breadcrumb\":{\"@id\":\"https:\\\/\\\/yasminfood.ch\\\/de\\\/product\\\/bhar-shish-tawouk-obaidu-50g\\\/#breadcrumb\"},\"inLanguage\":\"de\",\"potentialAction\":[{\"@type\":\"ReadAction\",\"target\":[\"https:\\\/\\\/yasminfood.ch\\\/de\\\/product\\\/bhar-shish-tawouk-obaidu-50g\\\/\"]}]},{\"@type\":\"ImageObject\",\"inLanguage\":\"de\",\"@id\":\"https:\\\/\\\/yasminfood.ch\\\/de\\\/product\\\/bhar-shish-tawouk-obaidu-50g\\\/#primaryimage\",\"url\":\"https:\\\/\\\/yasminfood.ch\\\/wp-content\\\/uploads\\\/2020\\\/10\\\/\u0628\u0647\u0627\u0631-\u0627\u0644\u0634\u064a\u0634-\u0637\u0627\u0648\u0648\u0642-\u0639\u0628\u064a\u062f\u0648-50\u063a.png\",\"contentUrl\":\"https:\\\/\\\/yasminfood.ch\\\/wp-content\\\/uploads\\\/2020\\\/10\\\/\u0628\u0647\u0627\u0631-\u0627\u0644\u0634\u064a\u0634-\u0637\u0627\u0648\u0648\u0642-\u0639\u0628\u064a\u062f\u0648-50\u063a.png\",\"width\":1080,\"height\":1080,\"caption\":\"Shish Tawouk Obaidu (50g)\"},{\"@type\":\"BreadcrumbList\",\"@id\":\"https:\\\/\\\/yasminfood.ch\\\/de\\\/product\\\/bhar-shish-tawouk-obaidu-50g\\\/#breadcrumb\",\"itemListElement\":[{\"@type\":\"ListItem\",\"position\":1,\"name\":\"\u0627\u0644\u0631\u0626\u064a\u0633\u064a\u0629\",\"item\":\"https:\\\/\\\/yasminfood.ch\\\/de\\\/zuhause\\\/\"},{\"@type\":\"ListItem\",\"position\":2,\"name\":\"Shop\",\"item\":\"https:\\\/\\\/yasminfood.ch\\\/de\\\/shop\\\/\"},{\"@type\":\"ListItem\",\"position\":3,\"name\":\"Gew\u00fcrze &amp; N\u00fcsse\",\"item\":\"https:\\\/\\\/yasminfood.ch\\\/de\\\/produkt-kategorie\\\/gewuerze-nuesse\\\/\"},{\"@type\":\"ListItem\",\"position\":4,\"name\":\"Gew\u00fcrze\",\"item\":\"https:\\\/\\\/yasminfood.ch\\\/de\\\/produkt-kategorie\\\/gewuerze-nuesse\\\/gewurze\\\/\"},{\"@type\":\"ListItem\",\"position\":5,\"name\":\"Shish Tawouk Obaidu (50g)\"}]},{\"@type\":\"WebSite\",\"@id\":\"https:\\\/\\\/yasminfood.ch\\\/de\\\/#website\",\"url\":\"https:\\\/\\\/yasminfood.ch\\\/de\\\/\",\"name\":\"\u064a\u0627\u0633\u0645\u064a\u0646 \u0645\u0627\u0631\u0643\u062a\",\"description\":\"Alles, was Sie brauchen, an einem Ort\",\"publisher\":{\"@id\":\"https:\\\/\\\/yasminfood.ch\\\/de\\\/#organization\"},\"alternateName\":\"Yasmin Food\",\"potentialAction\":[{\"@type\":\"SearchAction\",\"target\":{\"@type\":\"EntryPoint\",\"urlTemplate\":\"https:\\\/\\\/yasminfood.ch\\\/de\\\/?s={search_term_string}\"},\"query-input\":{\"@type\":\"PropertyValueSpecification\",\"valueRequired\":true,\"valueName\":\"search_term_string\"}}],\"inLanguage\":\"de\"},{\"@type\":\"Organization\",\"@id\":\"https:\\\/\\\/yasminfood.ch\\\/de\\\/#organization\",\"name\":\"\u064a\u0627\u0633\u0645\u064a\u0646 \u0645\u0627\u0631\u0643\u062a\",\"alternateName\":\"Yasmin Food\",\"url\":\"https:\\\/\\\/yasminfood.ch\\\/de\\\/\",\"logo\":{\"@type\":\"ImageObject\",\"inLanguage\":\"de\",\"@id\":\"https:\\\/\\\/yasminfood.ch\\\/de\\\/#\\\/schema\\\/logo\\\/image\\\/\",\"url\":\"https:\\\/\\\/yasminfood.ch\\\/wp-content\\\/uploads\\\/2025\\\/05\\\/yasmin-food-header-logo.png\",\"contentUrl\":\"https:\\\/\\\/yasminfood.ch\\\/wp-content\\\/uploads\\\/2025\\\/05\\\/yasmin-food-header-logo.png\",\"width\":330,\"height\":120,\"caption\":\"\u064a\u0627\u0633\u0645\u064a\u0646 \u0645\u0627\u0631\u0643\u062a\"},\"image\":{\"@id\":\"https:\\\/\\\/yasminfood.ch\\\/de\\\/#\\\/schema\\\/logo\\\/image\\\/\"},\"sameAs\":[\"https:\\\/\\\/www.facebook.com\\\/yasminmarkt1\",\"https:\\\/\\\/www.tiktok.com\\\/@yasminmarkt\",\"https:\\\/\\\/www.instagram.com\\\/yasmin.markt1\\\/\",\"https:\\\/\\\/api.whatsapp.com\\\/send\\\/?phone=41799000104\"],\"publishingPrinciples\":\"https:\\\/\\\/yasminfood.ch\\\/de\\\/shop\\\/\",\"ownershipFundingInfo\":\"https:\\\/\\\/yasminfood.ch\\\/de\\\/shop\\\/\"}]}<\/script>\n<meta property=\"product:price:amount\" content=\"2.50\" \/>\n<meta property=\"product:price:currency\" content=\"CHF\" \/>\n<meta property=\"og:availability\" content=\"instock\" \/>\n<meta property=\"product:availability\" content=\"instock\" \/>\n<meta property=\"product:condition\" content=\"new\" \/>\n<!-- \/ Yoast SEO Premium plugin. -->","yoast_head_json":{"title":"Shish Tawouk Obaidu (50g) - Yasmin Food","description":"Genie\u00dfen Sie einen unverwechselbaren Geschmack mit Shish Tawook Obeido 50g, da es den H\u00fchnchengerichten einen k\u00f6stlichen und einfach zuzubereitenden Touch verleiht. Holen Sie sich jetzt Ihr Paket! Shish Tawouk Obaidu (50g)","robots":{"index":"index","follow":"follow","max-snippet":"max-snippet:-1","max-image-preview":"max-image-preview:large","max-video-preview":"max-video-preview:-1"},"canonical":"https:\/\/yasminfood.ch\/de\/product\/bhar-shish-tawouk-obaidu-50g\/","og_locale":"de_DE","og_type":"article","og_title":"Shish Tawouk Obaidu (50g)","og_description":"Shish Tawook Abido Spice - 50g ist die perfekte Mischung aus nat\u00fcrlichen Gew\u00fcrzen, die H\u00fchnergerichten einen unverwechselbaren Geschmack und ein k\u00f6stliches Aroma verleihen.","og_url":"https:\/\/yasminfood.ch\/de\/product\/bhar-shish-tawouk-obaidu-50g\/","og_site_name":"Yasmin Food","article_publisher":"https:\/\/www.facebook.com\/yasminmarkt1","article_modified_time":"2025-10-03T23:22:50+00:00","og_image":[{"width":1080,"height":1080,"url":"https:\/\/yasminfood.ch\/wp-content\/uploads\/2020\/10\/\u0628\u0647\u0627\u0631-\u0627\u0644\u0634\u064a\u0634-\u0637\u0627\u0648\u0648\u0642-\u0639\u0628\u064a\u062f\u0648-50\u063a.png","type":"image\/png"}],"twitter_card":"summary_large_image","twitter_misc":{"Preis":"2.50&nbsp;&#67;&#72;&#70;","Verf\u00fcgbarkeit":"Auf Lager"},"schema":{"@context":"https:\/\/schema.org","@graph":[{"@type":"WebPage","@id":"https:\/\/yasminfood.ch\/de\/product\/bhar-shish-tawouk-obaidu-50g\/","url":"https:\/\/yasminfood.ch\/de\/product\/bhar-shish-tawouk-obaidu-50g\/","name":"Shish Tawouk Obaidu (50g) - Yasmin Food","isPartOf":{"@id":"https:\/\/yasminfood.ch\/de\/#website"},"primaryImageOfPage":{"@id":"https:\/\/yasminfood.ch\/de\/product\/bhar-shish-tawouk-obaidu-50g\/#primaryimage"},"image":{"@id":"https:\/\/yasminfood.ch\/de\/product\/bhar-shish-tawouk-obaidu-50g\/#primaryimage"},"thumbnailUrl":"https:\/\/yasminfood.ch\/wp-content\/uploads\/2020\/10\/\u0628\u0647\u0627\u0631-\u0627\u0644\u0634\u064a\u0634-\u0637\u0627\u0648\u0648\u0642-\u0639\u0628\u064a\u062f\u0648-50\u063a.png","datePublished":"2020-10-04T16:46:02+00:00","dateModified":"2025-10-03T23:22:50+00:00","description":"Genie\u00dfen Sie einen unverwechselbaren Geschmack mit Shish Tawook Obeido 50g, da es den H\u00fchnchengerichten einen k\u00f6stlichen und einfach zuzubereitenden Touch verleiht. Holen Sie sich jetzt Ihr Paket! Shish Tawouk Obaidu (50g)","breadcrumb":{"@id":"https:\/\/yasminfood.ch\/de\/product\/bhar-shish-tawouk-obaidu-50g\/#breadcrumb"},"inLanguage":"de","potentialAction":[{"@type":"ReadAction","target":["https:\/\/yasminfood.ch\/de\/product\/bhar-shish-tawouk-obaidu-50g\/"]}]},{"@type":"ImageObject","inLanguage":"de","@id":"https:\/\/yasminfood.ch\/de\/product\/bhar-shish-tawouk-obaidu-50g\/#primaryimage","url":"https:\/\/yasminfood.ch\/wp-content\/uploads\/2020\/10\/\u0628\u0647\u0627\u0631-\u0627\u0644\u0634\u064a\u0634-\u0637\u0627\u0648\u0648\u0642-\u0639\u0628\u064a\u062f\u0648-50\u063a.png","contentUrl":"https:\/\/yasminfood.ch\/wp-content\/uploads\/2020\/10\/\u0628\u0647\u0627\u0631-\u0627\u0644\u0634\u064a\u0634-\u0637\u0627\u0648\u0648\u0642-\u0639\u0628\u064a\u062f\u0648-50\u063a.png","width":1080,"height":1080,"caption":"Shish Tawouk Obaidu (50g)"},{"@type":"BreadcrumbList","@id":"https:\/\/yasminfood.ch\/de\/product\/bhar-shish-tawouk-obaidu-50g\/#breadcrumb","itemListElement":[{"@type":"ListItem","position":1,"name":"\u0627\u0644\u0631\u0626\u064a\u0633\u064a\u0629","item":"https:\/\/yasminfood.ch\/de\/zuhause\/"},{"@type":"ListItem","position":2,"name":"Shop","item":"https:\/\/yasminfood.ch\/de\/shop\/"},{"@type":"ListItem","position":3,"name":"Gew\u00fcrze &amp; N\u00fcsse","item":"https:\/\/yasminfood.ch\/de\/produkt-kategorie\/gewuerze-nuesse\/"},{"@type":"ListItem","position":4,"name":"Gew\u00fcrze","item":"https:\/\/yasminfood.ch\/de\/produkt-kategorie\/gewuerze-nuesse\/gewurze\/"},{"@type":"ListItem","position":5,"name":"Shish Tawouk Obaidu (50g)"}]},{"@type":"WebSite","@id":"https:\/\/yasminfood.ch\/de\/#website","url":"https:\/\/yasminfood.ch\/de\/","name":"\u064a\u0627\u0633\u0645\u064a\u0646 \u0645\u0627\u0631\u0643\u062a","description":"Alles, was Sie brauchen, an einem Ort","publisher":{"@id":"https:\/\/yasminfood.ch\/de\/#organization"},"alternateName":"Yasmin Food","potentialAction":[{"@type":"SearchAction","target":{"@type":"EntryPoint","urlTemplate":"https:\/\/yasminfood.ch\/de\/?s={search_term_string}"},"query-input":{"@type":"PropertyValueSpecification","valueRequired":true,"valueName":"search_term_string"}}],"inLanguage":"de"},{"@type":"Organization","@id":"https:\/\/yasminfood.ch\/de\/#organization","name":"\u064a\u0627\u0633\u0645\u064a\u0646 \u0645\u0627\u0631\u0643\u062a","alternateName":"Yasmin Food","url":"https:\/\/yasminfood.ch\/de\/","logo":{"@type":"ImageObject","inLanguage":"de","@id":"https:\/\/yasminfood.ch\/de\/#\/schema\/logo\/image\/","url":"https:\/\/yasminfood.ch\/wp-content\/uploads\/2025\/05\/yasmin-food-header-logo.png","contentUrl":"https:\/\/yasminfood.ch\/wp-content\/uploads\/2025\/05\/yasmin-food-header-logo.png","width":330,"height":120,"caption":"\u064a\u0627\u0633\u0645\u064a\u0646 \u0645\u0627\u0631\u0643\u062a"},"image":{"@id":"https:\/\/yasminfood.ch\/de\/#\/schema\/logo\/image\/"},"sameAs":["https:\/\/www.facebook.com\/yasminmarkt1","https:\/\/www.tiktok.com\/@yasminmarkt","https:\/\/www.instagram.com\/yasmin.markt1\/","https:\/\/api.whatsapp.com\/send\/?phone=41799000104"],"publishingPrinciples":"https:\/\/yasminfood.ch\/de\/shop\/","ownershipFundingInfo":"https:\/\/yasminfood.ch\/de\/shop\/"}]},"product_price_amount":"2.50","product_price_currency":"CHF","og_availability":"instock","product_availability":"instock","product_condition":"new"},"jetpack_sharing_enabled":true,"_links":{"self":[{"href":"https:\/\/yasminfood.ch\/de\/wp-json\/wp\/v2\/product\/4888","targetHints":{"allow":["GET"]}}],"collection":[{"href":"https:\/\/yasminfood.ch\/de\/wp-json\/wp\/v2\/product"}],"about":[{"href":"https:\/\/yasminfood.ch\/de\/wp-json\/wp\/v2\/types\/product"}],"replies":[{"embeddable":true,"href":"https:\/\/yasminfood.ch\/de\/wp-json\/wp\/v2\/comments?post=4888"}],"version-history":[{"count":1,"href":"https:\/\/yasminfood.ch\/de\/wp-json\/wp\/v2\/product\/4888\/revisions"}],"predecessor-version":[{"id":119896,"href":"https:\/\/yasminfood.ch\/de\/wp-json\/wp\/v2\/product\/4888\/revisions\/119896"}],"wp:featuredmedia":[{"embeddable":true,"href":"https:\/\/yasminfood.ch\/de\/wp-json\/wp\/v2\/media\/111602"}],"wp:attachment":[{"href":"https:\/\/yasminfood.ch\/de\/wp-json\/wp\/v2\/media?parent=4888"}],"wp:term":[{"taxonomy":"product_brand","embeddable":true,"href":"https:\/\/yasminfood.ch\/de\/wp-json\/wp\/v2\/product_brand?post=4888"},{"taxonomy":"product_cat","embeddable":true,"href":"https:\/\/yasminfood.ch\/de\/wp-json\/wp\/v2\/product_cat?post=4888"},{"taxonomy":"product_tag","embeddable":true,"href":"https:\/\/yasminfood.ch\/de\/wp-json\/wp\/v2\/product_tag?post=4888"}],"curies":[{"name":"wp","href":"https:\/\/api.w.org\/{rel}","templated":true}]}}