{"id":4892,"date":"2020-10-04T12:42:55","date_gmt":"2020-10-04T10:42:55","guid":{"rendered":"https:\/\/yasminfood.ch\/product\/mahmoud-schwarztee-hyperkarton-450-g\/"},"modified":"2025-10-04T01:22:47","modified_gmt":"2025-10-03T23:22:47","slug":"tee-mahmoud-aswad-hyper-carton-450-g","status":"publish","type":"product","link":"https:\/\/yasminfood.ch\/de\/product\/tee-mahmoud-aswad-hyper-carton-450-g\/","title":{"rendered":"Mahmoud Schwarztee Hyper 450g"},"content":{"rendered":"<p data-start=\"70\" data-end=\"137\">\ud83c\udf43 <strong data-start=\"77\" data-end=\"137\">Mahmoud Schwarztee \u00dcberlauf 450g original orientalischer Geschmack pro Tasse<\/strong><\/p>\n<p data-start=\"139\" data-end=\"280\">Genie\u00dfen Sie den authentischen Geschmack von Tee<\/p>\n<p data-start=\"139\" data-end=\"280\">Eine luxuri\u00f6se Mischung aus ganzen Teebl\u00e4ttern,<\/p>\n<p data-start=\"139\" data-end=\"280\">Mit einem kr\u00e4ftigen Geschmack und einer satten Farbe spiegelt er die Traditionen des arabischen Tees par excellence wider. <\/p>\n<h4 data-start=\"282\" data-end=\"298\">\u2705 Funktionen:<\/h4>\n<ul data-start=\"299\" data-end=\"467\">\n<li data-start=\"299\" data-end=\"339\">\n<p data-start=\"301\" data-end=\"339\">Packung mit 450 Gramm Premium-Schwarztee<\/p>\n<\/li>\n<li data-start=\"340\" data-end=\"394\">\n<p data-start=\"342\" data-end=\"394\">Unbeschichtete ganze Teebl\u00e4tter (Overload) f\u00fcr vollst\u00e4ndige Geschmackskontrolle<\/p>\n<\/li>\n<li data-start=\"395\" data-end=\"433\">\n<p data-start=\"397\" data-end=\"433\">Konzentrierter Geschmack, ideal f\u00fcr schwere Teeliebhaber <\/p>\n<\/li>\n<li data-start=\"434\" data-end=\"467\">\n<p data-start=\"436\" data-end=\"467\">Geeignet f\u00fcr die Gastronomie und den t\u00e4glichen Gebrauch<\/p>\n<\/li>\n<\/ul>\n<p data-start=\"469\" data-end=\"561\">\ud83e\uded6 Bereiten Sie Ihre Lieblingstasse mit <strong data-start=\"494\" data-end=\"516\">Mahmoud Hyper Tee 450g<\/strong> zu \u2013 jetzt bei <strong data-start=\"533\" data-end=\"547\">Yasmine Food<\/strong> mit garantierter Qualit\u00e4t erh\u00e4ltlich.<\/p>\n","protected":false},"excerpt":{"rendered":"<p class=\"ai-optimize-26\" data-start=\"70\" data-end=\"137\">\ud83c\udf43 <strong data-start=\"77\" data-end=\"137\">Mahmoud Schwarzer Tee \u2013 450g | <\/strong>Authentischer orientalischer Geschmack in jeder Tasse<\/p>\n<p class=\"ai-optimize-27 ai-optimize-introduction\" data-start=\"139\" data-end=\"280\">Genie\u00dfen Sie den authentischen Geschmack von Tee<\/p>\n<p class=\"ai-optimize-27 ai-optimize-introduction\" data-start=\"139\" data-end=\"280\">Eine luxuri\u00f6se Mischung aus ganzen Teebl\u00e4ttern,<\/p>\n<p class=\"ai-optimize-27 ai-optimize-introduction\" data-start=\"139\" data-end=\"280\">Mit einem kr\u00e4ftigen Geschmack und einer satten Farbe spiegelt er die Traditionen des arabischen Tees par excellence wider. <\/p>\n","protected":false},"featured_media":109710,"comment_status":"open","ping_status":"closed","template":"","meta":[],"product_brand":[],"product_cat":[367,377],"product_tag":[574],"class_list":{"0":"post-4892","1":"product","2":"type-product","3":"status-publish","4":"has-post-thumbnail","6":"product_cat-getraenke-fluessigkeiten","7":"product_cat-tee","8":"product_tag-schwarze-selani-mit-einem-einzigartigen-geschmack","10":"first","11":"instock","12":"taxable","13":"shipping-taxable","14":"purchasable","15":"product-type-simple"},"yoast_head":"<!-- This site is optimized with the Yoast SEO Premium plugin v26.5 (Yoast SEO v27.3) - https:\/\/yoast.com\/product\/yoast-seo-premium-wordpress\/ -->\n<title>Mahmoud Schwarztee Hyper 450g - Yasmin Food<\/title>\n<meta name=\"robots\" content=\"index, follow, max-snippet:-1, max-image-preview:large, max-video-preview:-1\" \/>\n<link rel=\"canonical\" href=\"https:\/\/yasminfood.ch\/de\/product\/tee-mahmoud-aswad-hyper-carton-450-g\/\" \/>\n<meta property=\"og:locale\" content=\"de_DE\" \/>\n<meta property=\"og:type\" content=\"article\" \/>\n<meta property=\"og:title\" content=\"Mahmoud Schwarztee Hyper 450g\" \/>\n<meta property=\"og:description\" content=\"\ud83c\udf43 Mahmoud Schwarzer Tee \u2013 450g | Authentischer orientalischer Geschmack in jeder Tasse Genie\u00dfen Sie den authentischen Geschmack von Tee Eine luxuri\u00f6se Mischung aus ganzen Teebl\u00e4ttern, Mit einem kr\u00e4ftigen Geschmack und einer satten Farbe spiegelt er die Traditionen des arabischen Tees par excellence wider.\" \/>\n<meta property=\"og:url\" content=\"https:\/\/yasminfood.ch\/de\/product\/tee-mahmoud-aswad-hyper-carton-450-g\/\" \/>\n<meta property=\"og:site_name\" content=\"Yasmin Food\" \/>\n<meta property=\"article:publisher\" content=\"https:\/\/www.facebook.com\/yasminmarkt1\" \/>\n<meta property=\"article:modified_time\" content=\"2025-10-03T23:22:47+00:00\" \/>\n<meta property=\"og:image\" content=\"https:\/\/yasminfood.ch\/wp-content\/uploads\/2020\/10\/\u0634\u0627\u064a-\u0645\u062d\u0645\u0648\u062f-\u0627\u0633\u0648\u062f-\u0641\u0631\u0637-450-\u063a.png\" \/>\n\t<meta property=\"og:image:width\" content=\"1080\" \/>\n\t<meta property=\"og:image:height\" content=\"1080\" \/>\n\t<meta property=\"og:image:type\" content=\"image\/png\" \/>\n<meta name=\"twitter:card\" content=\"summary_large_image\" \/>\n<meta name=\"twitter:label1\" content=\"Preis\" \/>\n\t<meta name=\"twitter:data1\" content=\"11.95&nbsp;&#067;&#072;&#070;\" \/>\n\t<meta name=\"twitter:label2\" content=\"Verf\u00fcgbarkeit\" \/>\n\t<meta name=\"twitter:data2\" content=\"Auf Lager\" \/>\n<script type=\"application\/ld+json\" class=\"yoast-schema-graph\">{\"@context\":\"https:\\\/\\\/schema.org\",\"@graph\":[{\"@type\":\"WebPage\",\"@id\":\"https:\\\/\\\/yasminfood.ch\\\/de\\\/product\\\/tee-mahmoud-aswad-hyper-carton-450-g\\\/\",\"url\":\"https:\\\/\\\/yasminfood.ch\\\/de\\\/product\\\/tee-mahmoud-aswad-hyper-carton-450-g\\\/\",\"name\":\"Mahmoud Schwarztee Hyper 450g - Yasmin Food\",\"isPartOf\":{\"@id\":\"https:\\\/\\\/yasminfood.ch\\\/de\\\/#website\"},\"primaryImageOfPage\":{\"@id\":\"https:\\\/\\\/yasminfood.ch\\\/de\\\/product\\\/tee-mahmoud-aswad-hyper-carton-450-g\\\/#primaryimage\"},\"image\":{\"@id\":\"https:\\\/\\\/yasminfood.ch\\\/de\\\/product\\\/tee-mahmoud-aswad-hyper-carton-450-g\\\/#primaryimage\"},\"thumbnailUrl\":\"https:\\\/\\\/yasminfood.ch\\\/wp-content\\\/uploads\\\/2020\\\/10\\\/\u0634\u0627\u064a-\u0645\u062d\u0645\u0648\u062f-\u0627\u0633\u0648\u062f-\u0641\u0631\u0637-450-\u063a.png\",\"datePublished\":\"2020-10-04T10:42:55+00:00\",\"dateModified\":\"2025-10-03T23:22:47+00:00\",\"breadcrumb\":{\"@id\":\"https:\\\/\\\/yasminfood.ch\\\/de\\\/product\\\/tee-mahmoud-aswad-hyper-carton-450-g\\\/#breadcrumb\"},\"inLanguage\":\"de\",\"potentialAction\":[{\"@type\":\"ReadAction\",\"target\":[\"https:\\\/\\\/yasminfood.ch\\\/de\\\/product\\\/tee-mahmoud-aswad-hyper-carton-450-g\\\/\"]}]},{\"@type\":\"ImageObject\",\"inLanguage\":\"de\",\"@id\":\"https:\\\/\\\/yasminfood.ch\\\/de\\\/product\\\/tee-mahmoud-aswad-hyper-carton-450-g\\\/#primaryimage\",\"url\":\"https:\\\/\\\/yasminfood.ch\\\/wp-content\\\/uploads\\\/2020\\\/10\\\/\u0634\u0627\u064a-\u0645\u062d\u0645\u0648\u062f-\u0627\u0633\u0648\u062f-\u0641\u0631\u0637-450-\u063a.png\",\"contentUrl\":\"https:\\\/\\\/yasminfood.ch\\\/wp-content\\\/uploads\\\/2020\\\/10\\\/\u0634\u0627\u064a-\u0645\u062d\u0645\u0648\u062f-\u0627\u0633\u0648\u062f-\u0641\u0631\u0637-450-\u063a.png\",\"width\":1080,\"height\":1080,\"caption\":\"Mahmoud Schwarztee Hyper 450g\"},{\"@type\":\"BreadcrumbList\",\"@id\":\"https:\\\/\\\/yasminfood.ch\\\/de\\\/product\\\/tee-mahmoud-aswad-hyper-carton-450-g\\\/#breadcrumb\",\"itemListElement\":[{\"@type\":\"ListItem\",\"position\":1,\"name\":\"\u0627\u0644\u0631\u0626\u064a\u0633\u064a\u0629\",\"item\":\"https:\\\/\\\/yasminfood.ch\\\/de\\\/zuhause\\\/\"},{\"@type\":\"ListItem\",\"position\":2,\"name\":\"Shop\",\"item\":\"https:\\\/\\\/yasminfood.ch\\\/de\\\/shop\\\/\"},{\"@type\":\"ListItem\",\"position\":3,\"name\":\"Getr\u00e4nke &amp; Fl\u00fcssigkeiten\",\"item\":\"https:\\\/\\\/yasminfood.ch\\\/de\\\/produkt-kategorie\\\/getraenke-fluessigkeiten\\\/\"},{\"@type\":\"ListItem\",\"position\":4,\"name\":\"Tee\",\"item\":\"https:\\\/\\\/yasminfood.ch\\\/de\\\/produkt-kategorie\\\/getraenke-fluessigkeiten\\\/tee\\\/\"},{\"@type\":\"ListItem\",\"position\":5,\"name\":\"Mahmoud Schwarztee Hyper 450g\"}]},{\"@type\":\"WebSite\",\"@id\":\"https:\\\/\\\/yasminfood.ch\\\/de\\\/#website\",\"url\":\"https:\\\/\\\/yasminfood.ch\\\/de\\\/\",\"name\":\"\u064a\u0627\u0633\u0645\u064a\u0646 \u0645\u0627\u0631\u0643\u062a\",\"description\":\"Alles, was Sie brauchen, an einem Ort\",\"publisher\":{\"@id\":\"https:\\\/\\\/yasminfood.ch\\\/de\\\/#organization\"},\"alternateName\":\"Yasmin Food\",\"potentialAction\":[{\"@type\":\"SearchAction\",\"target\":{\"@type\":\"EntryPoint\",\"urlTemplate\":\"https:\\\/\\\/yasminfood.ch\\\/de\\\/?s={search_term_string}\"},\"query-input\":{\"@type\":\"PropertyValueSpecification\",\"valueRequired\":true,\"valueName\":\"search_term_string\"}}],\"inLanguage\":\"de\"},{\"@type\":\"Organization\",\"@id\":\"https:\\\/\\\/yasminfood.ch\\\/de\\\/#organization\",\"name\":\"\u064a\u0627\u0633\u0645\u064a\u0646 \u0645\u0627\u0631\u0643\u062a\",\"alternateName\":\"Yasmin Food\",\"url\":\"https:\\\/\\\/yasminfood.ch\\\/de\\\/\",\"logo\":{\"@type\":\"ImageObject\",\"inLanguage\":\"de\",\"@id\":\"https:\\\/\\\/yasminfood.ch\\\/de\\\/#\\\/schema\\\/logo\\\/image\\\/\",\"url\":\"https:\\\/\\\/yasminfood.ch\\\/wp-content\\\/uploads\\\/2025\\\/05\\\/yasmin-food-header-logo.png\",\"contentUrl\":\"https:\\\/\\\/yasminfood.ch\\\/wp-content\\\/uploads\\\/2025\\\/05\\\/yasmin-food-header-logo.png\",\"width\":330,\"height\":120,\"caption\":\"\u064a\u0627\u0633\u0645\u064a\u0646 \u0645\u0627\u0631\u0643\u062a\"},\"image\":{\"@id\":\"https:\\\/\\\/yasminfood.ch\\\/de\\\/#\\\/schema\\\/logo\\\/image\\\/\"},\"sameAs\":[\"https:\\\/\\\/www.facebook.com\\\/yasminmarkt1\",\"https:\\\/\\\/www.tiktok.com\\\/@yasminmarkt\",\"https:\\\/\\\/www.instagram.com\\\/yasmin.markt1\\\/\",\"https:\\\/\\\/api.whatsapp.com\\\/send\\\/?phone=41799000104\"],\"publishingPrinciples\":\"https:\\\/\\\/yasminfood.ch\\\/de\\\/shop\\\/\",\"ownershipFundingInfo\":\"https:\\\/\\\/yasminfood.ch\\\/de\\\/shop\\\/\"}]}<\/script>\n<meta property=\"product:price:amount\" content=\"11.95\" \/>\n<meta property=\"product:price:currency\" content=\"CHF\" \/>\n<meta property=\"og:availability\" content=\"instock\" \/>\n<meta property=\"product:availability\" content=\"instock\" \/>\n<meta property=\"product:condition\" content=\"new\" \/>\n<!-- \/ Yoast SEO Premium plugin. -->","yoast_head_json":{"title":"Mahmoud Schwarztee Hyper 450g - Yasmin Food","robots":{"index":"index","follow":"follow","max-snippet":"max-snippet:-1","max-image-preview":"max-image-preview:large","max-video-preview":"max-video-preview:-1"},"canonical":"https:\/\/yasminfood.ch\/de\/product\/tee-mahmoud-aswad-hyper-carton-450-g\/","og_locale":"de_DE","og_type":"article","og_title":"Mahmoud Schwarztee Hyper 450g","og_description":"\ud83c\udf43 Mahmoud Schwarzer Tee \u2013 450g | Authentischer orientalischer Geschmack in jeder Tasse Genie\u00dfen Sie den authentischen Geschmack von Tee Eine luxuri\u00f6se Mischung aus ganzen Teebl\u00e4ttern, Mit einem kr\u00e4ftigen Geschmack und einer satten Farbe spiegelt er die Traditionen des arabischen Tees par excellence wider.","og_url":"https:\/\/yasminfood.ch\/de\/product\/tee-mahmoud-aswad-hyper-carton-450-g\/","og_site_name":"Yasmin Food","article_publisher":"https:\/\/www.facebook.com\/yasminmarkt1","article_modified_time":"2025-10-03T23:22:47+00:00","og_image":[{"width":1080,"height":1080,"url":"https:\/\/yasminfood.ch\/wp-content\/uploads\/2020\/10\/\u0634\u0627\u064a-\u0645\u062d\u0645\u0648\u062f-\u0627\u0633\u0648\u062f-\u0641\u0631\u0637-450-\u063a.png","type":"image\/png"}],"twitter_card":"summary_large_image","twitter_misc":{"Preis":"11.95&nbsp;&#67;&#72;&#70;","Verf\u00fcgbarkeit":"Auf Lager"},"schema":{"@context":"https:\/\/schema.org","@graph":[{"@type":"WebPage","@id":"https:\/\/yasminfood.ch\/de\/product\/tee-mahmoud-aswad-hyper-carton-450-g\/","url":"https:\/\/yasminfood.ch\/de\/product\/tee-mahmoud-aswad-hyper-carton-450-g\/","name":"Mahmoud Schwarztee Hyper 450g - Yasmin Food","isPartOf":{"@id":"https:\/\/yasminfood.ch\/de\/#website"},"primaryImageOfPage":{"@id":"https:\/\/yasminfood.ch\/de\/product\/tee-mahmoud-aswad-hyper-carton-450-g\/#primaryimage"},"image":{"@id":"https:\/\/yasminfood.ch\/de\/product\/tee-mahmoud-aswad-hyper-carton-450-g\/#primaryimage"},"thumbnailUrl":"https:\/\/yasminfood.ch\/wp-content\/uploads\/2020\/10\/\u0634\u0627\u064a-\u0645\u062d\u0645\u0648\u062f-\u0627\u0633\u0648\u062f-\u0641\u0631\u0637-450-\u063a.png","datePublished":"2020-10-04T10:42:55+00:00","dateModified":"2025-10-03T23:22:47+00:00","breadcrumb":{"@id":"https:\/\/yasminfood.ch\/de\/product\/tee-mahmoud-aswad-hyper-carton-450-g\/#breadcrumb"},"inLanguage":"de","potentialAction":[{"@type":"ReadAction","target":["https:\/\/yasminfood.ch\/de\/product\/tee-mahmoud-aswad-hyper-carton-450-g\/"]}]},{"@type":"ImageObject","inLanguage":"de","@id":"https:\/\/yasminfood.ch\/de\/product\/tee-mahmoud-aswad-hyper-carton-450-g\/#primaryimage","url":"https:\/\/yasminfood.ch\/wp-content\/uploads\/2020\/10\/\u0634\u0627\u064a-\u0645\u062d\u0645\u0648\u062f-\u0627\u0633\u0648\u062f-\u0641\u0631\u0637-450-\u063a.png","contentUrl":"https:\/\/yasminfood.ch\/wp-content\/uploads\/2020\/10\/\u0634\u0627\u064a-\u0645\u062d\u0645\u0648\u062f-\u0627\u0633\u0648\u062f-\u0641\u0631\u0637-450-\u063a.png","width":1080,"height":1080,"caption":"Mahmoud Schwarztee Hyper 450g"},{"@type":"BreadcrumbList","@id":"https:\/\/yasminfood.ch\/de\/product\/tee-mahmoud-aswad-hyper-carton-450-g\/#breadcrumb","itemListElement":[{"@type":"ListItem","position":1,"name":"\u0627\u0644\u0631\u0626\u064a\u0633\u064a\u0629","item":"https:\/\/yasminfood.ch\/de\/zuhause\/"},{"@type":"ListItem","position":2,"name":"Shop","item":"https:\/\/yasminfood.ch\/de\/shop\/"},{"@type":"ListItem","position":3,"name":"Getr\u00e4nke &amp; Fl\u00fcssigkeiten","item":"https:\/\/yasminfood.ch\/de\/produkt-kategorie\/getraenke-fluessigkeiten\/"},{"@type":"ListItem","position":4,"name":"Tee","item":"https:\/\/yasminfood.ch\/de\/produkt-kategorie\/getraenke-fluessigkeiten\/tee\/"},{"@type":"ListItem","position":5,"name":"Mahmoud Schwarztee Hyper 450g"}]},{"@type":"WebSite","@id":"https:\/\/yasminfood.ch\/de\/#website","url":"https:\/\/yasminfood.ch\/de\/","name":"\u064a\u0627\u0633\u0645\u064a\u0646 \u0645\u0627\u0631\u0643\u062a","description":"Alles, was Sie brauchen, an einem Ort","publisher":{"@id":"https:\/\/yasminfood.ch\/de\/#organization"},"alternateName":"Yasmin Food","potentialAction":[{"@type":"SearchAction","target":{"@type":"EntryPoint","urlTemplate":"https:\/\/yasminfood.ch\/de\/?s={search_term_string}"},"query-input":{"@type":"PropertyValueSpecification","valueRequired":true,"valueName":"search_term_string"}}],"inLanguage":"de"},{"@type":"Organization","@id":"https:\/\/yasminfood.ch\/de\/#organization","name":"\u064a\u0627\u0633\u0645\u064a\u0646 \u0645\u0627\u0631\u0643\u062a","alternateName":"Yasmin Food","url":"https:\/\/yasminfood.ch\/de\/","logo":{"@type":"ImageObject","inLanguage":"de","@id":"https:\/\/yasminfood.ch\/de\/#\/schema\/logo\/image\/","url":"https:\/\/yasminfood.ch\/wp-content\/uploads\/2025\/05\/yasmin-food-header-logo.png","contentUrl":"https:\/\/yasminfood.ch\/wp-content\/uploads\/2025\/05\/yasmin-food-header-logo.png","width":330,"height":120,"caption":"\u064a\u0627\u0633\u0645\u064a\u0646 \u0645\u0627\u0631\u0643\u062a"},"image":{"@id":"https:\/\/yasminfood.ch\/de\/#\/schema\/logo\/image\/"},"sameAs":["https:\/\/www.facebook.com\/yasminmarkt1","https:\/\/www.tiktok.com\/@yasminmarkt","https:\/\/www.instagram.com\/yasmin.markt1\/","https:\/\/api.whatsapp.com\/send\/?phone=41799000104"],"publishingPrinciples":"https:\/\/yasminfood.ch\/de\/shop\/","ownershipFundingInfo":"https:\/\/yasminfood.ch\/de\/shop\/"}]},"product_price_amount":"11.95","product_price_currency":"CHF","og_availability":"instock","product_availability":"instock","product_condition":"new"},"jetpack_sharing_enabled":true,"_links":{"self":[{"href":"https:\/\/yasminfood.ch\/de\/wp-json\/wp\/v2\/product\/4892","targetHints":{"allow":["GET"]}}],"collection":[{"href":"https:\/\/yasminfood.ch\/de\/wp-json\/wp\/v2\/product"}],"about":[{"href":"https:\/\/yasminfood.ch\/de\/wp-json\/wp\/v2\/types\/product"}],"replies":[{"embeddable":true,"href":"https:\/\/yasminfood.ch\/de\/wp-json\/wp\/v2\/comments?post=4892"}],"version-history":[{"count":2,"href":"https:\/\/yasminfood.ch\/de\/wp-json\/wp\/v2\/product\/4892\/revisions"}],"predecessor-version":[{"id":119891,"href":"https:\/\/yasminfood.ch\/de\/wp-json\/wp\/v2\/product\/4892\/revisions\/119891"}],"wp:featuredmedia":[{"embeddable":true,"href":"https:\/\/yasminfood.ch\/de\/wp-json\/wp\/v2\/media\/109710"}],"wp:attachment":[{"href":"https:\/\/yasminfood.ch\/de\/wp-json\/wp\/v2\/media?parent=4892"}],"wp:term":[{"taxonomy":"product_brand","embeddable":true,"href":"https:\/\/yasminfood.ch\/de\/wp-json\/wp\/v2\/product_brand?post=4892"},{"taxonomy":"product_cat","embeddable":true,"href":"https:\/\/yasminfood.ch\/de\/wp-json\/wp\/v2\/product_cat?post=4892"},{"taxonomy":"product_tag","embeddable":true,"href":"https:\/\/yasminfood.ch\/de\/wp-json\/wp\/v2\/product_tag?post=4892"}],"curies":[{"name":"wp","href":"https:\/\/api.w.org\/{rel}","templated":true}]}}