{"id":5521,"date":"2020-10-17T17:55:39","date_gmt":"2020-10-17T15:55:39","guid":{"rendered":"https:\/\/yasminfood.ch\/product\/margarine-ist-vegetarier-nach-europaeischen-spezifikationen-1kg\/"},"modified":"2025-10-07T00:42:36","modified_gmt":"2025-10-06T22:42:36","slug":"margarine-original-vegetarisch-spezifikationen-europaisch-3","status":"publish","type":"product","link":"https:\/\/yasminfood.ch\/de\/product\/margarine-original-vegetarisch-spezifikationen-europaisch-3\/","title":{"rendered":"Vegetarisches authentisches Ghee 1kg"},"content":{"rendered":"<h3 data-start=\"122\" data-end=\"154\">\ud83e\uddc8 Vegetarisches authentisches Ghee \u2013 1 kg<\/h3>\n<p data-start=\"155\" data-end=\"288\"><em data-start=\"155\" data-end=\"175\">Die vegane Margarine von Aseel<\/em> verleiht Ihren Gerichten einen reichhaltigen Geschmack und eine glatte Textur. Es verleiht dem Kochen einen ausgepr\u00e4gten Geschmack und hilft Ihnen, Backwaren und Desserts mit Leichtigkeit zuzubereiten. <\/p>\n<p data-start=\"290\" data-end=\"407\">Verwende es in deinen t\u00e4glichen Rezepten als praktische vegane Option, die gut zu verschiedenen Gerichten passt. Die 1 kg-Packung h\u00e4lt die Frische und entspricht den Bed\u00fcrfnissen der K\u00fcche. <\/p>\n<p data-start=\"409\" data-end=\"500\">\u2705 Eine vegetarische Alternative, die sich zum Kochen und Backen eignet<br data-start=\"440\" data-end=\"443\">\u2705 Verleiht Gerichten einen unverwechselbaren Geschmack<br data-start=\"468\" data-end=\"471\">\u2705 Erh\u00e4ltlich in der 1 kg Packung<\/p>\n","protected":false},"excerpt":{"rendered":"<p data-start=\"95\" data-end=\"127\"><strong>\ud83e\uddc8 Vegetarisches authentisches Ghee \u2013 1 kg<\/strong><\/p>\n<ul>\n<li data-start=\"128\" data-end=\"285\">Genie\u00dfen Sie den k\u00f6stlichen Geschmack, der sich durch seine weiche Textur und seinen reichen Geschmack auszeichnet und eine ideale Wahl zum Kochen, Backen und Zubereiten verschiedener orientalischer Gerichte und Desserts ist. <\/li>\n<\/ul>\n","protected":false},"featured_media":112017,"comment_status":"open","ping_status":"closed","template":"","meta":[],"product_brand":[],"product_cat":[351,347],"product_tag":[610],"class_list":{"0":"post-5521","1":"product","2":"type-product","3":"status-publish","4":"has-post-thumbnail","6":"product_cat-margarine","7":"product_cat-oele-margarine","8":"product_tag-europaische-rezepte","10":"first","11":"instock","12":"taxable","13":"shipping-taxable","14":"purchasable","15":"product-type-simple"},"yoast_head":"<!-- This site is optimized with the Yoast SEO Premium plugin v26.5 (Yoast SEO v27.3) - https:\/\/yoast.com\/product\/yoast-seo-premium-wordpress\/ -->\n<title>Vegetarisches authentisches Ghee 1kg - Yasmin Food<\/title>\n<meta name=\"description\" content=\"Genie\u00dfen Sie den Geschmack von 1 kg veganer authentischer Margarine, die perfekte Wahl zum Kochen und Backen. F\u00fcgen Sie sie zu Ihren Rezepten hinzu, um einen reichhaltigen Geschmack und eine hohe Qualit\u00e4t zu erzielen! Vegetarisches authentisches Ghee 1kg\" \/>\n<meta name=\"robots\" content=\"index, follow, max-snippet:-1, max-image-preview:large, max-video-preview:-1\" \/>\n<link rel=\"canonical\" href=\"https:\/\/yasminfood.ch\/de\/product\/margarine-original-vegetarisch-spezifikationen-europaisch-3\/\" \/>\n<meta property=\"og:locale\" content=\"de_DE\" \/>\n<meta property=\"og:type\" content=\"article\" \/>\n<meta property=\"og:title\" content=\"Vegetarisches authentisches Ghee 1kg\" \/>\n<meta property=\"og:description\" content=\"\ud83e\uddc8 Vegetarisches authentisches Ghee \u2013 1 kg   Genie\u00dfen Sie den k\u00f6stlichen Geschmack, der sich durch seine weiche Textur und seinen reichen Geschmack auszeichnet und eine ideale Wahl zum Kochen, Backen und Zubereiten verschiedener orientalischer Gerichte und Desserts ist.\" \/>\n<meta property=\"og:url\" content=\"https:\/\/yasminfood.ch\/de\/product\/margarine-original-vegetarisch-spezifikationen-europaisch-3\/\" \/>\n<meta property=\"og:site_name\" content=\"Yasmin Food\" \/>\n<meta property=\"article:publisher\" content=\"https:\/\/www.facebook.com\/yasminmarkt1\" \/>\n<meta property=\"article:modified_time\" content=\"2025-10-06T22:42:36+00:00\" \/>\n<meta property=\"og:image\" content=\"https:\/\/yasminfood.ch\/wp-content\/uploads\/2020\/10\/\u0633\u0645\u0646\u0629-\u0627\u0644\u0627\u0635\u064a\u0644-1-\u0643\u064a\u0644\u0648.png\" \/>\n\t<meta property=\"og:image:width\" content=\"1080\" \/>\n\t<meta property=\"og:image:height\" content=\"1080\" \/>\n\t<meta property=\"og:image:type\" content=\"image\/png\" \/>\n<meta name=\"twitter:card\" content=\"summary_large_image\" \/>\n<meta name=\"twitter:label1\" content=\"Preis\" \/>\n\t<meta name=\"twitter:data1\" content=\"15.50&nbsp;&#067;&#072;&#070;\" \/>\n\t<meta name=\"twitter:label2\" content=\"Verf\u00fcgbarkeit\" \/>\n\t<meta name=\"twitter:data2\" content=\"Auf Lager\" \/>\n<script type=\"application\/ld+json\" class=\"yoast-schema-graph\">{\"@context\":\"https:\\\/\\\/schema.org\",\"@graph\":[{\"@type\":\"WebPage\",\"@id\":\"https:\\\/\\\/yasminfood.ch\\\/de\\\/product\\\/margarine-original-vegetarisch-spezifikationen-europaisch-3\\\/\",\"url\":\"https:\\\/\\\/yasminfood.ch\\\/de\\\/product\\\/margarine-original-vegetarisch-spezifikationen-europaisch-3\\\/\",\"name\":\"Vegetarisches authentisches Ghee 1kg - Yasmin Food\",\"isPartOf\":{\"@id\":\"https:\\\/\\\/yasminfood.ch\\\/de\\\/#website\"},\"primaryImageOfPage\":{\"@id\":\"https:\\\/\\\/yasminfood.ch\\\/de\\\/product\\\/margarine-original-vegetarisch-spezifikationen-europaisch-3\\\/#primaryimage\"},\"image\":{\"@id\":\"https:\\\/\\\/yasminfood.ch\\\/de\\\/product\\\/margarine-original-vegetarisch-spezifikationen-europaisch-3\\\/#primaryimage\"},\"thumbnailUrl\":\"https:\\\/\\\/yasminfood.ch\\\/wp-content\\\/uploads\\\/2020\\\/10\\\/\u0633\u0645\u0646\u0629-\u0627\u0644\u0627\u0635\u064a\u0644-1-\u0643\u064a\u0644\u0648.png\",\"datePublished\":\"2020-10-17T15:55:39+00:00\",\"dateModified\":\"2025-10-06T22:42:36+00:00\",\"description\":\"Genie\u00dfen Sie den Geschmack von 1 kg veganer authentischer Margarine, die perfekte Wahl zum Kochen und Backen. F\u00fcgen Sie sie zu Ihren Rezepten hinzu, um einen reichhaltigen Geschmack und eine hohe Qualit\u00e4t zu erzielen! Vegetarisches authentisches Ghee 1kg\",\"breadcrumb\":{\"@id\":\"https:\\\/\\\/yasminfood.ch\\\/de\\\/product\\\/margarine-original-vegetarisch-spezifikationen-europaisch-3\\\/#breadcrumb\"},\"inLanguage\":\"de\",\"potentialAction\":[{\"@type\":\"ReadAction\",\"target\":[\"https:\\\/\\\/yasminfood.ch\\\/de\\\/product\\\/margarine-original-vegetarisch-spezifikationen-europaisch-3\\\/\"]}]},{\"@type\":\"ImageObject\",\"inLanguage\":\"de\",\"@id\":\"https:\\\/\\\/yasminfood.ch\\\/de\\\/product\\\/margarine-original-vegetarisch-spezifikationen-europaisch-3\\\/#primaryimage\",\"url\":\"https:\\\/\\\/yasminfood.ch\\\/wp-content\\\/uploads\\\/2020\\\/10\\\/\u0633\u0645\u0646\u0629-\u0627\u0644\u0627\u0635\u064a\u0644-1-\u0643\u064a\u0644\u0648.png\",\"contentUrl\":\"https:\\\/\\\/yasminfood.ch\\\/wp-content\\\/uploads\\\/2020\\\/10\\\/\u0633\u0645\u0646\u0629-\u0627\u0644\u0627\u0635\u064a\u0644-1-\u0643\u064a\u0644\u0648.png\",\"width\":1080,\"height\":1080,\"caption\":\"Vegetarisches authentisches Ghee 1kg\"},{\"@type\":\"BreadcrumbList\",\"@id\":\"https:\\\/\\\/yasminfood.ch\\\/de\\\/product\\\/margarine-original-vegetarisch-spezifikationen-europaisch-3\\\/#breadcrumb\",\"itemListElement\":[{\"@type\":\"ListItem\",\"position\":1,\"name\":\"\u0627\u0644\u0631\u0626\u064a\u0633\u064a\u0629\",\"item\":\"https:\\\/\\\/yasminfood.ch\\\/de\\\/zuhause\\\/\"},{\"@type\":\"ListItem\",\"position\":2,\"name\":\"Shop\",\"item\":\"https:\\\/\\\/yasminfood.ch\\\/de\\\/shop\\\/\"},{\"@type\":\"ListItem\",\"position\":3,\"name\":\"\u00d6le &amp; Margarine\",\"item\":\"https:\\\/\\\/yasminfood.ch\\\/de\\\/produkt-kategorie\\\/oele-margarine\\\/\"},{\"@type\":\"ListItem\",\"position\":4,\"name\":\"Margarine\",\"item\":\"https:\\\/\\\/yasminfood.ch\\\/de\\\/produkt-kategorie\\\/oele-margarine\\\/margarine\\\/\"},{\"@type\":\"ListItem\",\"position\":5,\"name\":\"Vegetarisches authentisches Ghee 1kg\"}]},{\"@type\":\"WebSite\",\"@id\":\"https:\\\/\\\/yasminfood.ch\\\/de\\\/#website\",\"url\":\"https:\\\/\\\/yasminfood.ch\\\/de\\\/\",\"name\":\"\u064a\u0627\u0633\u0645\u064a\u0646 \u0645\u0627\u0631\u0643\u062a\",\"description\":\"Alles, was Sie brauchen, an einem Ort\",\"publisher\":{\"@id\":\"https:\\\/\\\/yasminfood.ch\\\/de\\\/#organization\"},\"alternateName\":\"Yasmin Food\",\"potentialAction\":[{\"@type\":\"SearchAction\",\"target\":{\"@type\":\"EntryPoint\",\"urlTemplate\":\"https:\\\/\\\/yasminfood.ch\\\/de\\\/?s={search_term_string}\"},\"query-input\":{\"@type\":\"PropertyValueSpecification\",\"valueRequired\":true,\"valueName\":\"search_term_string\"}}],\"inLanguage\":\"de\"},{\"@type\":\"Organization\",\"@id\":\"https:\\\/\\\/yasminfood.ch\\\/de\\\/#organization\",\"name\":\"\u064a\u0627\u0633\u0645\u064a\u0646 \u0645\u0627\u0631\u0643\u062a\",\"alternateName\":\"Yasmin Food\",\"url\":\"https:\\\/\\\/yasminfood.ch\\\/de\\\/\",\"logo\":{\"@type\":\"ImageObject\",\"inLanguage\":\"de\",\"@id\":\"https:\\\/\\\/yasminfood.ch\\\/de\\\/#\\\/schema\\\/logo\\\/image\\\/\",\"url\":\"https:\\\/\\\/yasminfood.ch\\\/wp-content\\\/uploads\\\/2025\\\/05\\\/yasmin-food-header-logo.png\",\"contentUrl\":\"https:\\\/\\\/yasminfood.ch\\\/wp-content\\\/uploads\\\/2025\\\/05\\\/yasmin-food-header-logo.png\",\"width\":330,\"height\":120,\"caption\":\"\u064a\u0627\u0633\u0645\u064a\u0646 \u0645\u0627\u0631\u0643\u062a\"},\"image\":{\"@id\":\"https:\\\/\\\/yasminfood.ch\\\/de\\\/#\\\/schema\\\/logo\\\/image\\\/\"},\"sameAs\":[\"https:\\\/\\\/www.facebook.com\\\/yasminmarkt1\",\"https:\\\/\\\/www.tiktok.com\\\/@yasminmarkt\",\"https:\\\/\\\/www.instagram.com\\\/yasmin.markt1\\\/\",\"https:\\\/\\\/api.whatsapp.com\\\/send\\\/?phone=41799000104\"],\"publishingPrinciples\":\"https:\\\/\\\/yasminfood.ch\\\/de\\\/shop\\\/\",\"ownershipFundingInfo\":\"https:\\\/\\\/yasminfood.ch\\\/de\\\/shop\\\/\"}]}<\/script>\n<meta property=\"product:price:amount\" content=\"15.50\" \/>\n<meta property=\"product:price:currency\" content=\"CHF\" \/>\n<meta property=\"og:availability\" content=\"instock\" \/>\n<meta property=\"product:availability\" content=\"instock\" \/>\n<meta property=\"product:condition\" content=\"new\" \/>\n<!-- \/ Yoast SEO Premium plugin. -->","yoast_head_json":{"title":"Vegetarisches authentisches Ghee 1kg - Yasmin Food","description":"Genie\u00dfen Sie den Geschmack von 1 kg veganer authentischer Margarine, die perfekte Wahl zum Kochen und Backen. F\u00fcgen Sie sie zu Ihren Rezepten hinzu, um einen reichhaltigen Geschmack und eine hohe Qualit\u00e4t zu erzielen! Vegetarisches authentisches Ghee 1kg","robots":{"index":"index","follow":"follow","max-snippet":"max-snippet:-1","max-image-preview":"max-image-preview:large","max-video-preview":"max-video-preview:-1"},"canonical":"https:\/\/yasminfood.ch\/de\/product\/margarine-original-vegetarisch-spezifikationen-europaisch-3\/","og_locale":"de_DE","og_type":"article","og_title":"Vegetarisches authentisches Ghee 1kg","og_description":"\ud83e\uddc8 Vegetarisches authentisches Ghee \u2013 1 kg   Genie\u00dfen Sie den k\u00f6stlichen Geschmack, der sich durch seine weiche Textur und seinen reichen Geschmack auszeichnet und eine ideale Wahl zum Kochen, Backen und Zubereiten verschiedener orientalischer Gerichte und Desserts ist.","og_url":"https:\/\/yasminfood.ch\/de\/product\/margarine-original-vegetarisch-spezifikationen-europaisch-3\/","og_site_name":"Yasmin Food","article_publisher":"https:\/\/www.facebook.com\/yasminmarkt1","article_modified_time":"2025-10-06T22:42:36+00:00","og_image":[{"width":1080,"height":1080,"url":"https:\/\/yasminfood.ch\/wp-content\/uploads\/2020\/10\/\u0633\u0645\u0646\u0629-\u0627\u0644\u0627\u0635\u064a\u0644-1-\u0643\u064a\u0644\u0648.png","type":"image\/png"}],"twitter_card":"summary_large_image","twitter_misc":{"Preis":"15.50&nbsp;&#67;&#72;&#70;","Verf\u00fcgbarkeit":"Auf Lager"},"schema":{"@context":"https:\/\/schema.org","@graph":[{"@type":"WebPage","@id":"https:\/\/yasminfood.ch\/de\/product\/margarine-original-vegetarisch-spezifikationen-europaisch-3\/","url":"https:\/\/yasminfood.ch\/de\/product\/margarine-original-vegetarisch-spezifikationen-europaisch-3\/","name":"Vegetarisches authentisches Ghee 1kg - Yasmin Food","isPartOf":{"@id":"https:\/\/yasminfood.ch\/de\/#website"},"primaryImageOfPage":{"@id":"https:\/\/yasminfood.ch\/de\/product\/margarine-original-vegetarisch-spezifikationen-europaisch-3\/#primaryimage"},"image":{"@id":"https:\/\/yasminfood.ch\/de\/product\/margarine-original-vegetarisch-spezifikationen-europaisch-3\/#primaryimage"},"thumbnailUrl":"https:\/\/yasminfood.ch\/wp-content\/uploads\/2020\/10\/\u0633\u0645\u0646\u0629-\u0627\u0644\u0627\u0635\u064a\u0644-1-\u0643\u064a\u0644\u0648.png","datePublished":"2020-10-17T15:55:39+00:00","dateModified":"2025-10-06T22:42:36+00:00","description":"Genie\u00dfen Sie den Geschmack von 1 kg veganer authentischer Margarine, die perfekte Wahl zum Kochen und Backen. F\u00fcgen Sie sie zu Ihren Rezepten hinzu, um einen reichhaltigen Geschmack und eine hohe Qualit\u00e4t zu erzielen! Vegetarisches authentisches Ghee 1kg","breadcrumb":{"@id":"https:\/\/yasminfood.ch\/de\/product\/margarine-original-vegetarisch-spezifikationen-europaisch-3\/#breadcrumb"},"inLanguage":"de","potentialAction":[{"@type":"ReadAction","target":["https:\/\/yasminfood.ch\/de\/product\/margarine-original-vegetarisch-spezifikationen-europaisch-3\/"]}]},{"@type":"ImageObject","inLanguage":"de","@id":"https:\/\/yasminfood.ch\/de\/product\/margarine-original-vegetarisch-spezifikationen-europaisch-3\/#primaryimage","url":"https:\/\/yasminfood.ch\/wp-content\/uploads\/2020\/10\/\u0633\u0645\u0646\u0629-\u0627\u0644\u0627\u0635\u064a\u0644-1-\u0643\u064a\u0644\u0648.png","contentUrl":"https:\/\/yasminfood.ch\/wp-content\/uploads\/2020\/10\/\u0633\u0645\u0646\u0629-\u0627\u0644\u0627\u0635\u064a\u0644-1-\u0643\u064a\u0644\u0648.png","width":1080,"height":1080,"caption":"Vegetarisches authentisches Ghee 1kg"},{"@type":"BreadcrumbList","@id":"https:\/\/yasminfood.ch\/de\/product\/margarine-original-vegetarisch-spezifikationen-europaisch-3\/#breadcrumb","itemListElement":[{"@type":"ListItem","position":1,"name":"\u0627\u0644\u0631\u0626\u064a\u0633\u064a\u0629","item":"https:\/\/yasminfood.ch\/de\/zuhause\/"},{"@type":"ListItem","position":2,"name":"Shop","item":"https:\/\/yasminfood.ch\/de\/shop\/"},{"@type":"ListItem","position":3,"name":"\u00d6le &amp; Margarine","item":"https:\/\/yasminfood.ch\/de\/produkt-kategorie\/oele-margarine\/"},{"@type":"ListItem","position":4,"name":"Margarine","item":"https:\/\/yasminfood.ch\/de\/produkt-kategorie\/oele-margarine\/margarine\/"},{"@type":"ListItem","position":5,"name":"Vegetarisches authentisches Ghee 1kg"}]},{"@type":"WebSite","@id":"https:\/\/yasminfood.ch\/de\/#website","url":"https:\/\/yasminfood.ch\/de\/","name":"\u064a\u0627\u0633\u0645\u064a\u0646 \u0645\u0627\u0631\u0643\u062a","description":"Alles, was Sie brauchen, an einem Ort","publisher":{"@id":"https:\/\/yasminfood.ch\/de\/#organization"},"alternateName":"Yasmin Food","potentialAction":[{"@type":"SearchAction","target":{"@type":"EntryPoint","urlTemplate":"https:\/\/yasminfood.ch\/de\/?s={search_term_string}"},"query-input":{"@type":"PropertyValueSpecification","valueRequired":true,"valueName":"search_term_string"}}],"inLanguage":"de"},{"@type":"Organization","@id":"https:\/\/yasminfood.ch\/de\/#organization","name":"\u064a\u0627\u0633\u0645\u064a\u0646 \u0645\u0627\u0631\u0643\u062a","alternateName":"Yasmin Food","url":"https:\/\/yasminfood.ch\/de\/","logo":{"@type":"ImageObject","inLanguage":"de","@id":"https:\/\/yasminfood.ch\/de\/#\/schema\/logo\/image\/","url":"https:\/\/yasminfood.ch\/wp-content\/uploads\/2025\/05\/yasmin-food-header-logo.png","contentUrl":"https:\/\/yasminfood.ch\/wp-content\/uploads\/2025\/05\/yasmin-food-header-logo.png","width":330,"height":120,"caption":"\u064a\u0627\u0633\u0645\u064a\u0646 \u0645\u0627\u0631\u0643\u062a"},"image":{"@id":"https:\/\/yasminfood.ch\/de\/#\/schema\/logo\/image\/"},"sameAs":["https:\/\/www.facebook.com\/yasminmarkt1","https:\/\/www.tiktok.com\/@yasminmarkt","https:\/\/www.instagram.com\/yasmin.markt1\/","https:\/\/api.whatsapp.com\/send\/?phone=41799000104"],"publishingPrinciples":"https:\/\/yasminfood.ch\/de\/shop\/","ownershipFundingInfo":"https:\/\/yasminfood.ch\/de\/shop\/"}]},"product_price_amount":"15.50","product_price_currency":"CHF","og_availability":"instock","product_availability":"instock","product_condition":"new"},"jetpack_sharing_enabled":true,"_links":{"self":[{"href":"https:\/\/yasminfood.ch\/de\/wp-json\/wp\/v2\/product\/5521","targetHints":{"allow":["GET"]}}],"collection":[{"href":"https:\/\/yasminfood.ch\/de\/wp-json\/wp\/v2\/product"}],"about":[{"href":"https:\/\/yasminfood.ch\/de\/wp-json\/wp\/v2\/types\/product"}],"replies":[{"embeddable":true,"href":"https:\/\/yasminfood.ch\/de\/wp-json\/wp\/v2\/comments?post=5521"}],"version-history":[{"count":1,"href":"https:\/\/yasminfood.ch\/de\/wp-json\/wp\/v2\/product\/5521\/revisions"}],"predecessor-version":[{"id":120016,"href":"https:\/\/yasminfood.ch\/de\/wp-json\/wp\/v2\/product\/5521\/revisions\/120016"}],"wp:featuredmedia":[{"embeddable":true,"href":"https:\/\/yasminfood.ch\/de\/wp-json\/wp\/v2\/media\/112017"}],"wp:attachment":[{"href":"https:\/\/yasminfood.ch\/de\/wp-json\/wp\/v2\/media?parent=5521"}],"wp:term":[{"taxonomy":"product_brand","embeddable":true,"href":"https:\/\/yasminfood.ch\/de\/wp-json\/wp\/v2\/product_brand?post=5521"},{"taxonomy":"product_cat","embeddable":true,"href":"https:\/\/yasminfood.ch\/de\/wp-json\/wp\/v2\/product_cat?post=5521"},{"taxonomy":"product_tag","embeddable":true,"href":"https:\/\/yasminfood.ch\/de\/wp-json\/wp\/v2\/product_tag?post=5521"}],"curies":[{"name":"wp","href":"https:\/\/api.w.org\/{rel}","templated":true}]}}