{"id":67439,"date":"2021-07-02T20:57:55","date_gmt":"2021-07-02T18:57:55","guid":{"rendered":"https:\/\/yasminfood.ch\/product\/bulgur-mit-bashan-fadennudeln-1kg\/"},"modified":"2025-08-24T18:28:00","modified_gmt":"2025-08-24T16:28:00","slug":"bulgur-mit-fadennudeln-bashan-1kg","status":"publish","type":"product","link":"https:\/\/yasminfood.ch\/de\/product\/bulgur-mit-fadennudeln-bashan-1kg\/","title":{"rendered":"Grober Bulgur mit Bashan-Fadennudeln -1 kg"},"content":{"rendered":"<p><strong>Grober Bulgur mit Bashan-Fadennudeln -1 kg<\/strong><\/p>\n<ul>\n<li>Bulgur ist weit verbreitet in der orientalischen K\u00fcche und hat eine k\u00f6stliche chewy Textur,<\/li>\n<li>Es f\u00fcgt einen wunderbaren Geschmack hinzu, Sie sind nicht nur reich an Ballaststoffen und Proteinen, sondern auch<\/li>\n<li>Es gilt als gute Ern\u00e4hrung f\u00fcr Vegetarier oder diejenigen, die versuchen, sich gesund zu ern\u00e4hren<\/li>\n<li>Es hilft sehr dabei, den Magen in kurzer Zeit zu f\u00fcllen.<\/li>\n<li>Und erh\u00f6hen Sie das Gef\u00fchl der S\u00e4ttigung, kann es in jedem Lebensmittelgesch\u00e4ft das ganze Jahr \u00fcber gefunden werden und es ist von hoher Qualit\u00e4t und Geschmack wunderbar und unwiderstehlich<\/li>\n<\/ul>\n<p>&nbsp;<\/p>\n","protected":false},"excerpt":{"rendered":"<p><strong>Grober Bulgur mit Bashan-Fadennudeln -1 kg<\/strong><\/p>\n<ul>\n<li>Bulgur ist weit verbreitet in der orientalischen K\u00fcche und hat eine k\u00f6stliche chewy Textur,<\/li>\n<li>Es f\u00fcgt einen wunderbaren Geschmack hinzu, Sie sind nicht nur reich an Ballaststoffen und Proteinen, sondern auch<\/li>\n<\/ul>\n","protected":false},"featured_media":109793,"comment_status":"open","ping_status":"closed","template":"","meta":[],"product_brand":[],"product_cat":[323,320],"product_tag":[995],"class_list":{"0":"post-67439","1":"product","2":"type-product","3":"status-publish","4":"has-post-thumbnail","6":"product_cat-bulgur-de","7":"product_cat-reis-getreide","8":"product_tag----de","10":"first","11":"outofstock","12":"taxable","13":"shipping-taxable","14":"purchasable","15":"product-type-simple"},"yoast_head":"<!-- This site is optimized with the Yoast SEO Premium plugin v26.5 (Yoast SEO v27.4) - https:\/\/yoast.com\/product\/yoast-seo-premium-wordpress\/ -->\n<title>Grober Bulgur mit Bashan-Fadennudeln -1 kg - Yasmin Food<\/title>\n<meta name=\"description\" content=\"Genie\u00dfen Sie den groben Geschmack von Bulgur mit Bashan-Nudeln -1 kg, die ideale Wahl f\u00fcr Vegetarier und Liebhaber gesunder Lebensmittel. Holen Sie sich jetzt leckeres Essen! Grober Bulgur mit Bashan-Fadennudeln -1 kg\" \/>\n<meta name=\"robots\" content=\"index, follow, max-snippet:-1, max-image-preview:large, max-video-preview:-1\" \/>\n<link rel=\"canonical\" href=\"https:\/\/yasminfood.ch\/de\/product\/bulgur-mit-fadennudeln-bashan-1kg\/\" \/>\n<meta property=\"og:locale\" content=\"de_DE\" \/>\n<meta property=\"og:type\" content=\"article\" \/>\n<meta property=\"og:title\" content=\"Grober Bulgur mit Bashan-Fadennudeln -1 kg\" \/>\n<meta property=\"og:description\" content=\"Grober Bulgur mit Bashan-Fadennudeln -1 kg  Bulgur ist weit verbreitet in der orientalischen K\u00fcche und hat eine k\u00f6stliche chewy Textur,  Es f\u00fcgt einen wunderbaren Geschmack hinzu, Sie sind nicht nur reich an Ballaststoffen und Proteinen, sondern auch\" \/>\n<meta property=\"og:url\" content=\"https:\/\/yasminfood.ch\/de\/product\/bulgur-mit-fadennudeln-bashan-1kg\/\" \/>\n<meta property=\"og:site_name\" content=\"Yasmin Food\" \/>\n<meta property=\"article:publisher\" content=\"https:\/\/www.facebook.com\/yasminmarkt1\" \/>\n<meta property=\"article:modified_time\" content=\"2025-08-24T16:28:00+00:00\" \/>\n<meta property=\"og:image\" content=\"https:\/\/yasminfood.ch\/wp-content\/uploads\/2021\/07\/\u0628\u0631\u063a\u0644-\u0628\u0634\u0639\u064a\u0631\u064a\u0629-1-\u0643\u064a\u0644\u0648-\u0628\u0627\u0634\u0627\u0646.png\" \/>\n\t<meta property=\"og:image:width\" content=\"1080\" \/>\n\t<meta property=\"og:image:height\" content=\"1080\" \/>\n\t<meta property=\"og:image:type\" content=\"image\/png\" \/>\n<meta name=\"twitter:card\" content=\"summary_large_image\" \/>\n<meta name=\"twitter:label1\" content=\"Preis\" \/>\n\t<meta name=\"twitter:data1\" content=\"3.50&nbsp;&#067;&#072;&#070;\" \/>\n\t<meta name=\"twitter:label2\" content=\"Verf\u00fcgbarkeit\" \/>\n\t<meta name=\"twitter:data2\" content=\"ausverkauft\" \/>\n<script type=\"application\/ld+json\" class=\"yoast-schema-graph\">{\"@context\":\"https:\\\/\\\/schema.org\",\"@graph\":[{\"@type\":\"WebPage\",\"@id\":\"https:\\\/\\\/yasminfood.ch\\\/de\\\/product\\\/bulgur-mit-fadennudeln-bashan-1kg\\\/\",\"url\":\"https:\\\/\\\/yasminfood.ch\\\/de\\\/product\\\/bulgur-mit-fadennudeln-bashan-1kg\\\/\",\"name\":\"Grober Bulgur mit Bashan-Fadennudeln -1 kg - Yasmin Food\",\"isPartOf\":{\"@id\":\"https:\\\/\\\/yasminfood.ch\\\/de\\\/#website\"},\"primaryImageOfPage\":{\"@id\":\"https:\\\/\\\/yasminfood.ch\\\/de\\\/product\\\/bulgur-mit-fadennudeln-bashan-1kg\\\/#primaryimage\"},\"image\":{\"@id\":\"https:\\\/\\\/yasminfood.ch\\\/de\\\/product\\\/bulgur-mit-fadennudeln-bashan-1kg\\\/#primaryimage\"},\"thumbnailUrl\":\"https:\\\/\\\/yasminfood.ch\\\/wp-content\\\/uploads\\\/2021\\\/07\\\/\u0628\u0631\u063a\u0644-\u0628\u0634\u0639\u064a\u0631\u064a\u0629-1-\u0643\u064a\u0644\u0648-\u0628\u0627\u0634\u0627\u0646.png\",\"datePublished\":\"2021-07-02T18:57:55+00:00\",\"dateModified\":\"2025-08-24T16:28:00+00:00\",\"description\":\"Genie\u00dfen Sie den groben Geschmack von Bulgur mit Bashan-Nudeln -1 kg, die ideale Wahl f\u00fcr Vegetarier und Liebhaber gesunder Lebensmittel. Holen Sie sich jetzt leckeres Essen! Grober Bulgur mit Bashan-Fadennudeln -1 kg\",\"breadcrumb\":{\"@id\":\"https:\\\/\\\/yasminfood.ch\\\/de\\\/product\\\/bulgur-mit-fadennudeln-bashan-1kg\\\/#breadcrumb\"},\"inLanguage\":\"de\",\"potentialAction\":[{\"@type\":\"ReadAction\",\"target\":[\"https:\\\/\\\/yasminfood.ch\\\/de\\\/product\\\/bulgur-mit-fadennudeln-bashan-1kg\\\/\"]}]},{\"@type\":\"ImageObject\",\"inLanguage\":\"de\",\"@id\":\"https:\\\/\\\/yasminfood.ch\\\/de\\\/product\\\/bulgur-mit-fadennudeln-bashan-1kg\\\/#primaryimage\",\"url\":\"https:\\\/\\\/yasminfood.ch\\\/wp-content\\\/uploads\\\/2021\\\/07\\\/\u0628\u0631\u063a\u0644-\u0628\u0634\u0639\u064a\u0631\u064a\u0629-1-\u0643\u064a\u0644\u0648-\u0628\u0627\u0634\u0627\u0646.png\",\"contentUrl\":\"https:\\\/\\\/yasminfood.ch\\\/wp-content\\\/uploads\\\/2021\\\/07\\\/\u0628\u0631\u063a\u0644-\u0628\u0634\u0639\u064a\u0631\u064a\u0629-1-\u0643\u064a\u0644\u0648-\u0628\u0627\u0634\u0627\u0646.png\",\"width\":1080,\"height\":1080},{\"@type\":\"BreadcrumbList\",\"@id\":\"https:\\\/\\\/yasminfood.ch\\\/de\\\/product\\\/bulgur-mit-fadennudeln-bashan-1kg\\\/#breadcrumb\",\"itemListElement\":[{\"@type\":\"ListItem\",\"position\":1,\"name\":\"\u0627\u0644\u0631\u0626\u064a\u0633\u064a\u0629\",\"item\":\"https:\\\/\\\/yasminfood.ch\\\/de\\\/zuhause\\\/\"},{\"@type\":\"ListItem\",\"position\":2,\"name\":\"Shop\",\"item\":\"https:\\\/\\\/yasminfood.ch\\\/de\\\/shop\\\/\"},{\"@type\":\"ListItem\",\"position\":3,\"name\":\"Reis &amp; Getreide\",\"item\":\"https:\\\/\\\/yasminfood.ch\\\/de\\\/produkt-kategorie\\\/reis-getreide\\\/\"},{\"@type\":\"ListItem\",\"position\":4,\"name\":\"Bulgur\",\"item\":\"https:\\\/\\\/yasminfood.ch\\\/de\\\/produkt-kategorie\\\/reis-getreide\\\/bulgur-de\\\/\"},{\"@type\":\"ListItem\",\"position\":5,\"name\":\"Grober Bulgur mit Bashan-Fadennudeln -1 kg\"}]},{\"@type\":\"WebSite\",\"@id\":\"https:\\\/\\\/yasminfood.ch\\\/de\\\/#website\",\"url\":\"https:\\\/\\\/yasminfood.ch\\\/de\\\/\",\"name\":\"\u064a\u0627\u0633\u0645\u064a\u0646 \u0645\u0627\u0631\u0643\u062a\",\"description\":\"Alles, was Sie brauchen, an einem Ort\",\"publisher\":{\"@id\":\"https:\\\/\\\/yasminfood.ch\\\/de\\\/#organization\"},\"alternateName\":\"Yasmin Food\",\"potentialAction\":[{\"@type\":\"SearchAction\",\"target\":{\"@type\":\"EntryPoint\",\"urlTemplate\":\"https:\\\/\\\/yasminfood.ch\\\/de\\\/?s={search_term_string}\"},\"query-input\":{\"@type\":\"PropertyValueSpecification\",\"valueRequired\":true,\"valueName\":\"search_term_string\"}}],\"inLanguage\":\"de\"},{\"@type\":\"Organization\",\"@id\":\"https:\\\/\\\/yasminfood.ch\\\/de\\\/#organization\",\"name\":\"\u064a\u0627\u0633\u0645\u064a\u0646 \u0645\u0627\u0631\u0643\u062a\",\"alternateName\":\"Yasmin Food\",\"url\":\"https:\\\/\\\/yasminfood.ch\\\/de\\\/\",\"logo\":{\"@type\":\"ImageObject\",\"inLanguage\":\"de\",\"@id\":\"https:\\\/\\\/yasminfood.ch\\\/de\\\/#\\\/schema\\\/logo\\\/image\\\/\",\"url\":\"https:\\\/\\\/yasminfood.ch\\\/wp-content\\\/uploads\\\/2025\\\/05\\\/yasmin-food-header-logo.png\",\"contentUrl\":\"https:\\\/\\\/yasminfood.ch\\\/wp-content\\\/uploads\\\/2025\\\/05\\\/yasmin-food-header-logo.png\",\"width\":330,\"height\":120,\"caption\":\"\u064a\u0627\u0633\u0645\u064a\u0646 \u0645\u0627\u0631\u0643\u062a\"},\"image\":{\"@id\":\"https:\\\/\\\/yasminfood.ch\\\/de\\\/#\\\/schema\\\/logo\\\/image\\\/\"},\"sameAs\":[\"https:\\\/\\\/www.facebook.com\\\/yasminmarkt1\",\"https:\\\/\\\/www.tiktok.com\\\/@yasminmarkt\",\"https:\\\/\\\/www.instagram.com\\\/yasmin.markt1\\\/\",\"https:\\\/\\\/api.whatsapp.com\\\/send\\\/?phone=41799000104\"],\"publishingPrinciples\":\"https:\\\/\\\/yasminfood.ch\\\/de\\\/shop\\\/\",\"ownershipFundingInfo\":\"https:\\\/\\\/yasminfood.ch\\\/de\\\/shop\\\/\"}]}<\/script>\n<meta property=\"product:price:amount\" content=\"3.50\" \/>\n<meta property=\"product:price:currency\" content=\"CHF\" \/>\n<meta property=\"og:availability\" content=\"out of stock\" \/>\n<meta property=\"product:availability\" content=\"out of stock\" \/>\n<meta property=\"product:condition\" content=\"new\" \/>\n<!-- \/ Yoast SEO Premium plugin. -->","yoast_head_json":{"title":"Grober Bulgur mit Bashan-Fadennudeln -1 kg - Yasmin Food","description":"Genie\u00dfen Sie den groben Geschmack von Bulgur mit Bashan-Nudeln -1 kg, die ideale Wahl f\u00fcr Vegetarier und Liebhaber gesunder Lebensmittel. Holen Sie sich jetzt leckeres Essen! Grober Bulgur mit Bashan-Fadennudeln -1 kg","robots":{"index":"index","follow":"follow","max-snippet":"max-snippet:-1","max-image-preview":"max-image-preview:large","max-video-preview":"max-video-preview:-1"},"canonical":"https:\/\/yasminfood.ch\/de\/product\/bulgur-mit-fadennudeln-bashan-1kg\/","og_locale":"de_DE","og_type":"article","og_title":"Grober Bulgur mit Bashan-Fadennudeln -1 kg","og_description":"Grober Bulgur mit Bashan-Fadennudeln -1 kg  Bulgur ist weit verbreitet in der orientalischen K\u00fcche und hat eine k\u00f6stliche chewy Textur,  Es f\u00fcgt einen wunderbaren Geschmack hinzu, Sie sind nicht nur reich an Ballaststoffen und Proteinen, sondern auch","og_url":"https:\/\/yasminfood.ch\/de\/product\/bulgur-mit-fadennudeln-bashan-1kg\/","og_site_name":"Yasmin Food","article_publisher":"https:\/\/www.facebook.com\/yasminmarkt1","article_modified_time":"2025-08-24T16:28:00+00:00","og_image":[{"width":1080,"height":1080,"url":"https:\/\/yasminfood.ch\/wp-content\/uploads\/2021\/07\/\u0628\u0631\u063a\u0644-\u0628\u0634\u0639\u064a\u0631\u064a\u0629-1-\u0643\u064a\u0644\u0648-\u0628\u0627\u0634\u0627\u0646.png","type":"image\/png"}],"twitter_card":"summary_large_image","twitter_misc":{"Preis":"3.50&nbsp;&#67;&#72;&#70;","Verf\u00fcgbarkeit":"ausverkauft"},"schema":{"@context":"https:\/\/schema.org","@graph":[{"@type":"WebPage","@id":"https:\/\/yasminfood.ch\/de\/product\/bulgur-mit-fadennudeln-bashan-1kg\/","url":"https:\/\/yasminfood.ch\/de\/product\/bulgur-mit-fadennudeln-bashan-1kg\/","name":"Grober Bulgur mit Bashan-Fadennudeln -1 kg - Yasmin Food","isPartOf":{"@id":"https:\/\/yasminfood.ch\/de\/#website"},"primaryImageOfPage":{"@id":"https:\/\/yasminfood.ch\/de\/product\/bulgur-mit-fadennudeln-bashan-1kg\/#primaryimage"},"image":{"@id":"https:\/\/yasminfood.ch\/de\/product\/bulgur-mit-fadennudeln-bashan-1kg\/#primaryimage"},"thumbnailUrl":"https:\/\/yasminfood.ch\/wp-content\/uploads\/2021\/07\/\u0628\u0631\u063a\u0644-\u0628\u0634\u0639\u064a\u0631\u064a\u0629-1-\u0643\u064a\u0644\u0648-\u0628\u0627\u0634\u0627\u0646.png","datePublished":"2021-07-02T18:57:55+00:00","dateModified":"2025-08-24T16:28:00+00:00","description":"Genie\u00dfen Sie den groben Geschmack von Bulgur mit Bashan-Nudeln -1 kg, die ideale Wahl f\u00fcr Vegetarier und Liebhaber gesunder Lebensmittel. Holen Sie sich jetzt leckeres Essen! Grober Bulgur mit Bashan-Fadennudeln -1 kg","breadcrumb":{"@id":"https:\/\/yasminfood.ch\/de\/product\/bulgur-mit-fadennudeln-bashan-1kg\/#breadcrumb"},"inLanguage":"de","potentialAction":[{"@type":"ReadAction","target":["https:\/\/yasminfood.ch\/de\/product\/bulgur-mit-fadennudeln-bashan-1kg\/"]}]},{"@type":"ImageObject","inLanguage":"de","@id":"https:\/\/yasminfood.ch\/de\/product\/bulgur-mit-fadennudeln-bashan-1kg\/#primaryimage","url":"https:\/\/yasminfood.ch\/wp-content\/uploads\/2021\/07\/\u0628\u0631\u063a\u0644-\u0628\u0634\u0639\u064a\u0631\u064a\u0629-1-\u0643\u064a\u0644\u0648-\u0628\u0627\u0634\u0627\u0646.png","contentUrl":"https:\/\/yasminfood.ch\/wp-content\/uploads\/2021\/07\/\u0628\u0631\u063a\u0644-\u0628\u0634\u0639\u064a\u0631\u064a\u0629-1-\u0643\u064a\u0644\u0648-\u0628\u0627\u0634\u0627\u0646.png","width":1080,"height":1080},{"@type":"BreadcrumbList","@id":"https:\/\/yasminfood.ch\/de\/product\/bulgur-mit-fadennudeln-bashan-1kg\/#breadcrumb","itemListElement":[{"@type":"ListItem","position":1,"name":"\u0627\u0644\u0631\u0626\u064a\u0633\u064a\u0629","item":"https:\/\/yasminfood.ch\/de\/zuhause\/"},{"@type":"ListItem","position":2,"name":"Shop","item":"https:\/\/yasminfood.ch\/de\/shop\/"},{"@type":"ListItem","position":3,"name":"Reis &amp; Getreide","item":"https:\/\/yasminfood.ch\/de\/produkt-kategorie\/reis-getreide\/"},{"@type":"ListItem","position":4,"name":"Bulgur","item":"https:\/\/yasminfood.ch\/de\/produkt-kategorie\/reis-getreide\/bulgur-de\/"},{"@type":"ListItem","position":5,"name":"Grober Bulgur mit Bashan-Fadennudeln -1 kg"}]},{"@type":"WebSite","@id":"https:\/\/yasminfood.ch\/de\/#website","url":"https:\/\/yasminfood.ch\/de\/","name":"\u064a\u0627\u0633\u0645\u064a\u0646 \u0645\u0627\u0631\u0643\u062a","description":"Alles, was Sie brauchen, an einem Ort","publisher":{"@id":"https:\/\/yasminfood.ch\/de\/#organization"},"alternateName":"Yasmin Food","potentialAction":[{"@type":"SearchAction","target":{"@type":"EntryPoint","urlTemplate":"https:\/\/yasminfood.ch\/de\/?s={search_term_string}"},"query-input":{"@type":"PropertyValueSpecification","valueRequired":true,"valueName":"search_term_string"}}],"inLanguage":"de"},{"@type":"Organization","@id":"https:\/\/yasminfood.ch\/de\/#organization","name":"\u064a\u0627\u0633\u0645\u064a\u0646 \u0645\u0627\u0631\u0643\u062a","alternateName":"Yasmin Food","url":"https:\/\/yasminfood.ch\/de\/","logo":{"@type":"ImageObject","inLanguage":"de","@id":"https:\/\/yasminfood.ch\/de\/#\/schema\/logo\/image\/","url":"https:\/\/yasminfood.ch\/wp-content\/uploads\/2025\/05\/yasmin-food-header-logo.png","contentUrl":"https:\/\/yasminfood.ch\/wp-content\/uploads\/2025\/05\/yasmin-food-header-logo.png","width":330,"height":120,"caption":"\u064a\u0627\u0633\u0645\u064a\u0646 \u0645\u0627\u0631\u0643\u062a"},"image":{"@id":"https:\/\/yasminfood.ch\/de\/#\/schema\/logo\/image\/"},"sameAs":["https:\/\/www.facebook.com\/yasminmarkt1","https:\/\/www.tiktok.com\/@yasminmarkt","https:\/\/www.instagram.com\/yasmin.markt1\/","https:\/\/api.whatsapp.com\/send\/?phone=41799000104"],"publishingPrinciples":"https:\/\/yasminfood.ch\/de\/shop\/","ownershipFundingInfo":"https:\/\/yasminfood.ch\/de\/shop\/"}]},"product_price_amount":"3.50","product_price_currency":"CHF","og_availability":"out of stock","product_availability":"out of stock","product_condition":"new"},"jetpack_sharing_enabled":true,"_links":{"self":[{"href":"https:\/\/yasminfood.ch\/de\/wp-json\/wp\/v2\/product\/67439","targetHints":{"allow":["GET"]}}],"collection":[{"href":"https:\/\/yasminfood.ch\/de\/wp-json\/wp\/v2\/product"}],"about":[{"href":"https:\/\/yasminfood.ch\/de\/wp-json\/wp\/v2\/types\/product"}],"replies":[{"embeddable":true,"href":"https:\/\/yasminfood.ch\/de\/wp-json\/wp\/v2\/comments?post=67439"}],"version-history":[{"count":1,"href":"https:\/\/yasminfood.ch\/de\/wp-json\/wp\/v2\/product\/67439\/revisions"}],"predecessor-version":[{"id":118998,"href":"https:\/\/yasminfood.ch\/de\/wp-json\/wp\/v2\/product\/67439\/revisions\/118998"}],"wp:featuredmedia":[{"embeddable":true,"href":"https:\/\/yasminfood.ch\/de\/wp-json\/wp\/v2\/media\/109793"}],"wp:attachment":[{"href":"https:\/\/yasminfood.ch\/de\/wp-json\/wp\/v2\/media?parent=67439"}],"wp:term":[{"taxonomy":"product_brand","embeddable":true,"href":"https:\/\/yasminfood.ch\/de\/wp-json\/wp\/v2\/product_brand?post=67439"},{"taxonomy":"product_cat","embeddable":true,"href":"https:\/\/yasminfood.ch\/de\/wp-json\/wp\/v2\/product_cat?post=67439"},{"taxonomy":"product_tag","embeddable":true,"href":"https:\/\/yasminfood.ch\/de\/wp-json\/wp\/v2\/product_tag?post=67439"}],"curies":[{"name":"wp","href":"https:\/\/api.w.org\/{rel}","templated":true}]}}