{"id":67522,"date":"2021-08-18T11:28:56","date_gmt":"2021-08-18T09:28:56","guid":{"rendered":"https:\/\/yasminfood.ch\/product\/osman-food-gemischte-blumen-100g\/"},"modified":"2025-11-20T09:10:33","modified_gmt":"2025-11-20T08:10:33","slug":"blumen-mix-othman-food-100g","status":"publish","type":"product","link":"https:\/\/yasminfood.ch\/de\/product\/blumen-mix-othman-food-100g\/","title":{"rendered":"Gemischte Blumen -100g Osman Food"},"content":{"rendered":"<p>Gemischte Bl\u00fcten -100g Osman Food Eine Gruppe von Wildkr\u00e4utern, die sich in Bezug auf die allgemeinen gesundheitlichen Vorteile \u00e4hneln, sich aber durch eine gewisse Privatsph\u00e4re in der Behandlung auszeichnen Eines der besten gesunden Getr\u00e4nke, die viele Menschen aus verschiedenen Teilen der arabischen Welt zum Essen akzeptieren<\/p>\n","protected":false},"excerpt":{"rendered":"<p>Gemischte Bl\u00fcten -100g Osman Food Eine Gruppe von Wildkr\u00e4utern, die sich in Bezug auf die allgemeinen gesundheitlichen Vorteile \u00e4hneln, sich<\/p>\n","protected":false},"featured_media":110867,"comment_status":"open","ping_status":"closed","template":"","meta":[],"product_brand":[],"product_cat":[367,385],"product_tag":[999],"class_list":{"0":"post-67522","1":"product","2":"type-product","3":"status-publish","4":"has-post-thumbnail","6":"product_cat-getraenke-fluessigkeiten","7":"product_cat-puddingpulver","8":"product_tag-100--de","10":"first","11":"instock","12":"taxable","13":"shipping-taxable","14":"purchasable","15":"product-type-simple"},"yoast_head":"<!-- This site is optimized with the Yoast SEO Premium plugin v26.5 (Yoast SEO v27.3) - https:\/\/yoast.com\/product\/yoast-seo-premium-wordpress\/ -->\n<title>Gemischte Blumen -100g Osman Food - Yasmin Food<\/title>\n<meta name=\"description\" content=\"Gemischte Bl\u00fcten -100g Osman Food Eine Gruppe von Wildkr\u00e4utern, die in Bezug auf die allgemeinen gesundheitlichen Vorteile \u00e4hnlich sind, aber eine gewisse Spezifit\u00e4t bei der Behandlung der besten Getr\u00e4nke haben\" \/>\n<meta name=\"robots\" content=\"index, follow, max-snippet:-1, max-image-preview:large, max-video-preview:-1\" \/>\n<link rel=\"canonical\" href=\"https:\/\/yasminfood.ch\/de\/product\/blumen-mix-othman-food-100g\/\" \/>\n<meta property=\"og:locale\" content=\"de_DE\" \/>\n<meta property=\"og:type\" content=\"article\" \/>\n<meta property=\"og:title\" content=\"Gemischte Blumen -100g Osman Food\" \/>\n<meta property=\"og:description\" content=\"Gemischte Bl\u00fcten -100g Osman Food Eine Gruppe von Wildkr\u00e4utern, die sich in Bezug auf die allgemeinen gesundheitlichen Vorteile \u00e4hneln, sich aber durch\" \/>\n<meta property=\"og:url\" content=\"https:\/\/yasminfood.ch\/de\/product\/blumen-mix-othman-food-100g\/\" \/>\n<meta property=\"og:site_name\" content=\"Yasmin Food\" \/>\n<meta property=\"article:publisher\" content=\"https:\/\/www.facebook.com\/yasminmarkt1\" \/>\n<meta property=\"article:modified_time\" content=\"2025-11-20T08:10:33+00:00\" \/>\n<meta property=\"og:image\" content=\"https:\/\/yasminfood.ch\/wp-content\/uploads\/2021\/08\/\u0632\u0647\u0648\u0631\u0627\u062a-\u0639\u062b\u0645\u0627\u0646-\u0641\u0648\u062f100\u063a.png\" \/>\n\t<meta property=\"og:image:width\" content=\"1080\" \/>\n\t<meta property=\"og:image:height\" content=\"1080\" \/>\n\t<meta property=\"og:image:type\" content=\"image\/png\" \/>\n<meta name=\"twitter:card\" content=\"summary_large_image\" \/>\n<meta name=\"twitter:label1\" content=\"Preis\" \/>\n\t<meta name=\"twitter:data1\" content=\"4.50&nbsp;&#067;&#072;&#070;\" \/>\n\t<meta name=\"twitter:label2\" content=\"Verf\u00fcgbarkeit\" \/>\n\t<meta name=\"twitter:data2\" content=\"Auf Lager\" \/>\n<script type=\"application\/ld+json\" class=\"yoast-schema-graph\">{\"@context\":\"https:\\\/\\\/schema.org\",\"@graph\":[{\"@type\":\"WebPage\",\"@id\":\"https:\\\/\\\/yasminfood.ch\\\/de\\\/product\\\/blumen-mix-othman-food-100g\\\/\",\"url\":\"https:\\\/\\\/yasminfood.ch\\\/de\\\/product\\\/blumen-mix-othman-food-100g\\\/\",\"name\":\"Gemischte Blumen -100g Osman Food - Yasmin Food\",\"isPartOf\":{\"@id\":\"https:\\\/\\\/yasminfood.ch\\\/de\\\/#website\"},\"primaryImageOfPage\":{\"@id\":\"https:\\\/\\\/yasminfood.ch\\\/de\\\/product\\\/blumen-mix-othman-food-100g\\\/#primaryimage\"},\"image\":{\"@id\":\"https:\\\/\\\/yasminfood.ch\\\/de\\\/product\\\/blumen-mix-othman-food-100g\\\/#primaryimage\"},\"thumbnailUrl\":\"https:\\\/\\\/yasminfood.ch\\\/wp-content\\\/uploads\\\/2021\\\/08\\\/\u0632\u0647\u0648\u0631\u0627\u062a-\u0639\u062b\u0645\u0627\u0646-\u0641\u0648\u062f100\u063a.png\",\"datePublished\":\"2021-08-18T09:28:56+00:00\",\"dateModified\":\"2025-11-20T08:10:33+00:00\",\"description\":\"Gemischte Bl\u00fcten -100g Osman Food Eine Gruppe von Wildkr\u00e4utern, die in Bezug auf die allgemeinen gesundheitlichen Vorteile \u00e4hnlich sind, aber eine gewisse Spezifit\u00e4t bei der Behandlung der besten Getr\u00e4nke haben\",\"breadcrumb\":{\"@id\":\"https:\\\/\\\/yasminfood.ch\\\/de\\\/product\\\/blumen-mix-othman-food-100g\\\/#breadcrumb\"},\"inLanguage\":\"de\",\"potentialAction\":[{\"@type\":\"ReadAction\",\"target\":[\"https:\\\/\\\/yasminfood.ch\\\/de\\\/product\\\/blumen-mix-othman-food-100g\\\/\"]}]},{\"@type\":\"ImageObject\",\"inLanguage\":\"de\",\"@id\":\"https:\\\/\\\/yasminfood.ch\\\/de\\\/product\\\/blumen-mix-othman-food-100g\\\/#primaryimage\",\"url\":\"https:\\\/\\\/yasminfood.ch\\\/wp-content\\\/uploads\\\/2021\\\/08\\\/\u0632\u0647\u0648\u0631\u0627\u062a-\u0639\u062b\u0645\u0627\u0646-\u0641\u0648\u062f100\u063a.png\",\"contentUrl\":\"https:\\\/\\\/yasminfood.ch\\\/wp-content\\\/uploads\\\/2021\\\/08\\\/\u0632\u0647\u0648\u0631\u0627\u062a-\u0639\u062b\u0645\u0627\u0646-\u0641\u0648\u062f100\u063a.png\",\"width\":1080,\"height\":1080},{\"@type\":\"BreadcrumbList\",\"@id\":\"https:\\\/\\\/yasminfood.ch\\\/de\\\/product\\\/blumen-mix-othman-food-100g\\\/#breadcrumb\",\"itemListElement\":[{\"@type\":\"ListItem\",\"position\":1,\"name\":\"\u0627\u0644\u0631\u0626\u064a\u0633\u064a\u0629\",\"item\":\"https:\\\/\\\/yasminfood.ch\\\/de\\\/zuhause\\\/\"},{\"@type\":\"ListItem\",\"position\":2,\"name\":\"Shop\",\"item\":\"https:\\\/\\\/yasminfood.ch\\\/de\\\/shop\\\/\"},{\"@type\":\"ListItem\",\"position\":3,\"name\":\"Getr\u00e4nke &amp; Fl\u00fcssigkeiten\",\"item\":\"https:\\\/\\\/yasminfood.ch\\\/de\\\/produkt-kategorie\\\/getraenke-fluessigkeiten\\\/\"},{\"@type\":\"ListItem\",\"position\":4,\"name\":\"Puddingpulver\",\"item\":\"https:\\\/\\\/yasminfood.ch\\\/de\\\/produkt-kategorie\\\/getraenke-fluessigkeiten\\\/puddingpulver\\\/\"},{\"@type\":\"ListItem\",\"position\":5,\"name\":\"Gemischte Blumen -100g Osman Food\"}]},{\"@type\":\"WebSite\",\"@id\":\"https:\\\/\\\/yasminfood.ch\\\/de\\\/#website\",\"url\":\"https:\\\/\\\/yasminfood.ch\\\/de\\\/\",\"name\":\"\u064a\u0627\u0633\u0645\u064a\u0646 \u0645\u0627\u0631\u0643\u062a\",\"description\":\"Alles, was Sie brauchen, an einem Ort\",\"publisher\":{\"@id\":\"https:\\\/\\\/yasminfood.ch\\\/de\\\/#organization\"},\"alternateName\":\"Yasmin Food\",\"potentialAction\":[{\"@type\":\"SearchAction\",\"target\":{\"@type\":\"EntryPoint\",\"urlTemplate\":\"https:\\\/\\\/yasminfood.ch\\\/de\\\/?s={search_term_string}\"},\"query-input\":{\"@type\":\"PropertyValueSpecification\",\"valueRequired\":true,\"valueName\":\"search_term_string\"}}],\"inLanguage\":\"de\"},{\"@type\":\"Organization\",\"@id\":\"https:\\\/\\\/yasminfood.ch\\\/de\\\/#organization\",\"name\":\"\u064a\u0627\u0633\u0645\u064a\u0646 \u0645\u0627\u0631\u0643\u062a\",\"alternateName\":\"Yasmin Food\",\"url\":\"https:\\\/\\\/yasminfood.ch\\\/de\\\/\",\"logo\":{\"@type\":\"ImageObject\",\"inLanguage\":\"de\",\"@id\":\"https:\\\/\\\/yasminfood.ch\\\/de\\\/#\\\/schema\\\/logo\\\/image\\\/\",\"url\":\"https:\\\/\\\/yasminfood.ch\\\/wp-content\\\/uploads\\\/2025\\\/05\\\/yasmin-food-header-logo.png\",\"contentUrl\":\"https:\\\/\\\/yasminfood.ch\\\/wp-content\\\/uploads\\\/2025\\\/05\\\/yasmin-food-header-logo.png\",\"width\":330,\"height\":120,\"caption\":\"\u064a\u0627\u0633\u0645\u064a\u0646 \u0645\u0627\u0631\u0643\u062a\"},\"image\":{\"@id\":\"https:\\\/\\\/yasminfood.ch\\\/de\\\/#\\\/schema\\\/logo\\\/image\\\/\"},\"sameAs\":[\"https:\\\/\\\/www.facebook.com\\\/yasminmarkt1\",\"https:\\\/\\\/www.tiktok.com\\\/@yasminmarkt\",\"https:\\\/\\\/www.instagram.com\\\/yasmin.markt1\\\/\",\"https:\\\/\\\/api.whatsapp.com\\\/send\\\/?phone=41799000104\"],\"publishingPrinciples\":\"https:\\\/\\\/yasminfood.ch\\\/de\\\/shop\\\/\",\"ownershipFundingInfo\":\"https:\\\/\\\/yasminfood.ch\\\/de\\\/shop\\\/\"}]}<\/script>\n<meta property=\"product:price:amount\" content=\"4.50\" \/>\n<meta property=\"product:price:currency\" content=\"CHF\" \/>\n<meta property=\"og:availability\" content=\"instock\" \/>\n<meta property=\"product:availability\" content=\"instock\" \/>\n<meta property=\"product:condition\" content=\"new\" \/>\n<!-- \/ Yoast SEO Premium plugin. -->","yoast_head_json":{"title":"Gemischte Blumen -100g Osman Food - Yasmin Food","description":"Gemischte Bl\u00fcten -100g Osman Food Eine Gruppe von Wildkr\u00e4utern, die in Bezug auf die allgemeinen gesundheitlichen Vorteile \u00e4hnlich sind, aber eine gewisse Spezifit\u00e4t bei der Behandlung der besten Getr\u00e4nke haben","robots":{"index":"index","follow":"follow","max-snippet":"max-snippet:-1","max-image-preview":"max-image-preview:large","max-video-preview":"max-video-preview:-1"},"canonical":"https:\/\/yasminfood.ch\/de\/product\/blumen-mix-othman-food-100g\/","og_locale":"de_DE","og_type":"article","og_title":"Gemischte Blumen -100g Osman Food","og_description":"Gemischte Bl\u00fcten -100g Osman Food Eine Gruppe von Wildkr\u00e4utern, die sich in Bezug auf die allgemeinen gesundheitlichen Vorteile \u00e4hneln, sich aber durch","og_url":"https:\/\/yasminfood.ch\/de\/product\/blumen-mix-othman-food-100g\/","og_site_name":"Yasmin Food","article_publisher":"https:\/\/www.facebook.com\/yasminmarkt1","article_modified_time":"2025-11-20T08:10:33+00:00","og_image":[{"width":1080,"height":1080,"url":"https:\/\/yasminfood.ch\/wp-content\/uploads\/2021\/08\/\u0632\u0647\u0648\u0631\u0627\u062a-\u0639\u062b\u0645\u0627\u0646-\u0641\u0648\u062f100\u063a.png","type":"image\/png"}],"twitter_card":"summary_large_image","twitter_misc":{"Preis":"4.50&nbsp;&#67;&#72;&#70;","Verf\u00fcgbarkeit":"Auf Lager"},"schema":{"@context":"https:\/\/schema.org","@graph":[{"@type":"WebPage","@id":"https:\/\/yasminfood.ch\/de\/product\/blumen-mix-othman-food-100g\/","url":"https:\/\/yasminfood.ch\/de\/product\/blumen-mix-othman-food-100g\/","name":"Gemischte Blumen -100g Osman Food - Yasmin Food","isPartOf":{"@id":"https:\/\/yasminfood.ch\/de\/#website"},"primaryImageOfPage":{"@id":"https:\/\/yasminfood.ch\/de\/product\/blumen-mix-othman-food-100g\/#primaryimage"},"image":{"@id":"https:\/\/yasminfood.ch\/de\/product\/blumen-mix-othman-food-100g\/#primaryimage"},"thumbnailUrl":"https:\/\/yasminfood.ch\/wp-content\/uploads\/2021\/08\/\u0632\u0647\u0648\u0631\u0627\u062a-\u0639\u062b\u0645\u0627\u0646-\u0641\u0648\u062f100\u063a.png","datePublished":"2021-08-18T09:28:56+00:00","dateModified":"2025-11-20T08:10:33+00:00","description":"Gemischte Bl\u00fcten -100g Osman Food Eine Gruppe von Wildkr\u00e4utern, die in Bezug auf die allgemeinen gesundheitlichen Vorteile \u00e4hnlich sind, aber eine gewisse Spezifit\u00e4t bei der Behandlung der besten Getr\u00e4nke haben","breadcrumb":{"@id":"https:\/\/yasminfood.ch\/de\/product\/blumen-mix-othman-food-100g\/#breadcrumb"},"inLanguage":"de","potentialAction":[{"@type":"ReadAction","target":["https:\/\/yasminfood.ch\/de\/product\/blumen-mix-othman-food-100g\/"]}]},{"@type":"ImageObject","inLanguage":"de","@id":"https:\/\/yasminfood.ch\/de\/product\/blumen-mix-othman-food-100g\/#primaryimage","url":"https:\/\/yasminfood.ch\/wp-content\/uploads\/2021\/08\/\u0632\u0647\u0648\u0631\u0627\u062a-\u0639\u062b\u0645\u0627\u0646-\u0641\u0648\u062f100\u063a.png","contentUrl":"https:\/\/yasminfood.ch\/wp-content\/uploads\/2021\/08\/\u0632\u0647\u0648\u0631\u0627\u062a-\u0639\u062b\u0645\u0627\u0646-\u0641\u0648\u062f100\u063a.png","width":1080,"height":1080},{"@type":"BreadcrumbList","@id":"https:\/\/yasminfood.ch\/de\/product\/blumen-mix-othman-food-100g\/#breadcrumb","itemListElement":[{"@type":"ListItem","position":1,"name":"\u0627\u0644\u0631\u0626\u064a\u0633\u064a\u0629","item":"https:\/\/yasminfood.ch\/de\/zuhause\/"},{"@type":"ListItem","position":2,"name":"Shop","item":"https:\/\/yasminfood.ch\/de\/shop\/"},{"@type":"ListItem","position":3,"name":"Getr\u00e4nke &amp; Fl\u00fcssigkeiten","item":"https:\/\/yasminfood.ch\/de\/produkt-kategorie\/getraenke-fluessigkeiten\/"},{"@type":"ListItem","position":4,"name":"Puddingpulver","item":"https:\/\/yasminfood.ch\/de\/produkt-kategorie\/getraenke-fluessigkeiten\/puddingpulver\/"},{"@type":"ListItem","position":5,"name":"Gemischte Blumen -100g Osman Food"}]},{"@type":"WebSite","@id":"https:\/\/yasminfood.ch\/de\/#website","url":"https:\/\/yasminfood.ch\/de\/","name":"\u064a\u0627\u0633\u0645\u064a\u0646 \u0645\u0627\u0631\u0643\u062a","description":"Alles, was Sie brauchen, an einem Ort","publisher":{"@id":"https:\/\/yasminfood.ch\/de\/#organization"},"alternateName":"Yasmin Food","potentialAction":[{"@type":"SearchAction","target":{"@type":"EntryPoint","urlTemplate":"https:\/\/yasminfood.ch\/de\/?s={search_term_string}"},"query-input":{"@type":"PropertyValueSpecification","valueRequired":true,"valueName":"search_term_string"}}],"inLanguage":"de"},{"@type":"Organization","@id":"https:\/\/yasminfood.ch\/de\/#organization","name":"\u064a\u0627\u0633\u0645\u064a\u0646 \u0645\u0627\u0631\u0643\u062a","alternateName":"Yasmin Food","url":"https:\/\/yasminfood.ch\/de\/","logo":{"@type":"ImageObject","inLanguage":"de","@id":"https:\/\/yasminfood.ch\/de\/#\/schema\/logo\/image\/","url":"https:\/\/yasminfood.ch\/wp-content\/uploads\/2025\/05\/yasmin-food-header-logo.png","contentUrl":"https:\/\/yasminfood.ch\/wp-content\/uploads\/2025\/05\/yasmin-food-header-logo.png","width":330,"height":120,"caption":"\u064a\u0627\u0633\u0645\u064a\u0646 \u0645\u0627\u0631\u0643\u062a"},"image":{"@id":"https:\/\/yasminfood.ch\/de\/#\/schema\/logo\/image\/"},"sameAs":["https:\/\/www.facebook.com\/yasminmarkt1","https:\/\/www.tiktok.com\/@yasminmarkt","https:\/\/www.instagram.com\/yasmin.markt1\/","https:\/\/api.whatsapp.com\/send\/?phone=41799000104"],"publishingPrinciples":"https:\/\/yasminfood.ch\/de\/shop\/","ownershipFundingInfo":"https:\/\/yasminfood.ch\/de\/shop\/"}]},"product_price_amount":"4.50","product_price_currency":"CHF","og_availability":"instock","product_availability":"instock","product_condition":"new"},"jetpack_sharing_enabled":true,"_links":{"self":[{"href":"https:\/\/yasminfood.ch\/de\/wp-json\/wp\/v2\/product\/67522","targetHints":{"allow":["GET"]}}],"collection":[{"href":"https:\/\/yasminfood.ch\/de\/wp-json\/wp\/v2\/product"}],"about":[{"href":"https:\/\/yasminfood.ch\/de\/wp-json\/wp\/v2\/types\/product"}],"replies":[{"embeddable":true,"href":"https:\/\/yasminfood.ch\/de\/wp-json\/wp\/v2\/comments?post=67522"}],"version-history":[{"count":1,"href":"https:\/\/yasminfood.ch\/de\/wp-json\/wp\/v2\/product\/67522\/revisions"}],"predecessor-version":[{"id":110872,"href":"https:\/\/yasminfood.ch\/de\/wp-json\/wp\/v2\/product\/67522\/revisions\/110872"}],"wp:featuredmedia":[{"embeddable":true,"href":"https:\/\/yasminfood.ch\/de\/wp-json\/wp\/v2\/media\/110867"}],"wp:attachment":[{"href":"https:\/\/yasminfood.ch\/de\/wp-json\/wp\/v2\/media?parent=67522"}],"wp:term":[{"taxonomy":"product_brand","embeddable":true,"href":"https:\/\/yasminfood.ch\/de\/wp-json\/wp\/v2\/product_brand?post=67522"},{"taxonomy":"product_cat","embeddable":true,"href":"https:\/\/yasminfood.ch\/de\/wp-json\/wp\/v2\/product_cat?post=67522"},{"taxonomy":"product_tag","embeddable":true,"href":"https:\/\/yasminfood.ch\/de\/wp-json\/wp\/v2\/product_tag?post=67522"}],"curies":[{"name":"wp","href":"https:\/\/api.w.org\/{rel}","templated":true}]}}